{"id":19886,"date":"2023-07-18T11:13:56","date_gmt":"2023-07-18T11:13:56","guid":{"rendered":"https:\/\/twinpol.com\/?post_type=product&#038;p=19886"},"modified":"2023-12-12T10:56:18","modified_gmt":"2023-12-12T10:56:18","slug":"refrigerator-cleaning-wipes-80-pcs","status":"publish","type":"product","link":"https:\/\/twinpol.com\/de\/produkt\/kuhlschrank-reinigungstucher-80-stuck\/","title":{"rendered":"Reinigungst\u00fccher f\u00fcr den K\u00fchlschrank, 80 St\u00fcck"},"content":{"rendered":"<p><html><br \/>\n<head><br \/>\n    <title>Reinigungst\u00fccher f\u00fcr K\u00fchlschr\u00e4nke<\/title><br \/>\n<\/head><\/p>\n<p><body><\/p>\n<h1>Reinigungst\u00fccher f\u00fcr K\u00fchlschr\u00e4nke<\/h1>\n<div class=\"breadcrumbs\">\n  <a href=\"\/de\/\">Startseite<\/a> > <a href=\"https:\/\/twinpol.com\/de\/products\/\">Produkte<\/a> > <a href=\"\/de\/product-category\/fridge-and-freezer\/\">Pflege von K\u00fchl- und Gefrierschr\u00e4nken<\/a><br \/>\n<a href=\"https:\/\/twinpol.com\/de\/home\/wipes\/\">Reinigungst\u00fccher<\/a> >\n<\/div>\n<h2>Wirksame Reinigungsl\u00f6sung<\/h2>\n<p>Unsere K\u00fchlschrank-Reinigungst\u00fccher wurden entwickelt, um eine bequeme und effiziente L\u00f6sung f\u00fcr die Reinigung Ihres K\u00fchlschranks zu bieten.<br \/>\n        K\u00fchlschrank. Mit ihrer fortschrittlichen Formel bieten diese T\u00fccher eine au\u00dfergew\u00f6hnliche Reinigungskraft und entfernen effektiv<br \/>\n        Schmutz, Flecken und Lebensmittelreste von den Innen- und Au\u00dfenfl\u00e4chen Ihres K\u00fchlschranks.<\/p>\n<h2>Bequem und hygienisch<\/h2>\n<p>Mit einer Packung von 80 St\u00fcck bieten Ihnen unsere K\u00fchlschrank-Reinigungst\u00fccher einen lang anhaltenden Vorrat, um Ihren K\u00fchlschrank<br \/>\n        K\u00fchlschrank sauber und frisch. Jedes Tuch ist mit einer speziell formulierten L\u00f6sung vorbefeuchtet, so dass es<br \/>\n        m\u00fchelos Versch\u00fcttetes, Fingerabdr\u00fccke und Ger\u00fcche wegzuwischen. Diese T\u00fccher sind auch hygienisch und gew\u00e4hrleisten, dass Ihr<br \/>\n        Der K\u00fchlschrank bleibt frei von Bakterien und Keimen.<\/p>\n<h2>Vorteile<\/h2>\n<ul>\n<li>Entfernt wirksam Schmutz, Flecken und Lebensmittelr\u00fcckst\u00e4nde<\/li>\n<li>Vorbefeuchtete T\u00fccher f\u00fcr eine einfache Reinigung<\/li>\n<li>H\u00e4lt Ihren K\u00fchlschrank sauber und frisch<\/li>\n<li>Hygienische Formel zur Beseitigung von Bakterien und Keimen<\/li>\n<li>Praktische Packungsgr\u00f6\u00dfe mit 80 St\u00fcck<\/li>\n<\/ul>\n<p><\/body><br \/>\n<\/html><\/p>","protected":false},"excerpt":{"rendered":"<p>Reinigungst\u00fccher f\u00fcr den K\u00fchlschrank Reinigungst\u00fccher f\u00fcr den K\u00fchlschrank Home &gt; Produkte &gt; K\u00fchl- und Gefrierger\u00e4tepflege Reinigungst\u00fccher &gt; Effektive Reinigungsl\u00f6sung<\/p>","protected":false},"featured_media":20161,"template":"","meta":[],"product_brand":[],"product_cat":[339,330],"product_tag":[],"class_list":{"0":"post-19886","1":"product","2":"type-product","3":"status-publish","4":"has-post-thumbnail","6":"product_cat-wipes","7":"product_cat-fridge-and-freezer","9":"first","10":"instock","11":"shipping-taxable","12":"product-type-simple"},"yoast_head":"<!-- This site is optimized with the Yoast SEO plugin v27.3 - https:\/\/yoast.com\/product\/yoast-seo-wordpress\/ -->\n<title>Refrigerator cleaning wipes, 80 pcs - TwinPol<\/title>\n<meta name=\"robots\" content=\"index, follow, max-snippet:-1, max-image-preview:large, max-video-preview:-1\" \/>\n<link rel=\"canonical\" href=\"https:\/\/twinpol.com\/de\/produkt\/kuhlschrank-reinigungstucher-80-stuck\/\" \/>\n<meta property=\"og:locale\" content=\"de_DE\" \/>\n<meta property=\"og:type\" content=\"article\" \/>\n<meta property=\"og:title\" content=\"Refrigerator cleaning wipes, 80 pcs - TwinPol\" \/>\n<meta property=\"og:description\" content=\"Refrigerator Cleaning Wipes Refrigerator Cleaning Wipes Home &gt; Products &gt; Fridge and freezer care Cleaning wipes &gt; Effective Cleaning Solution\" \/>\n<meta property=\"og:url\" content=\"https:\/\/twinpol.com\/de\/produkt\/kuhlschrank-reinigungstucher-80-stuck\/\" \/>\n<meta property=\"og:site_name\" content=\"TwinPol\" \/>\n<meta property=\"article:modified_time\" content=\"2023-12-12T10:56:18+00:00\" \/>\n<meta property=\"og:image\" content=\"https:\/\/twinpol.com\/wp-content\/uploads\/2023\/07\/FR00024_80_Wizualizacja_www.png\" \/>\n\t<meta property=\"og:image:width\" content=\"800\" \/>\n\t<meta property=\"og:image:height\" content=\"800\" \/>\n\t<meta property=\"og:image:type\" content=\"image\/png\" \/>\n<meta name=\"twitter:card\" content=\"summary_large_image\" \/>\n<meta name=\"twitter:label1\" content=\"Gesch\u00e4tzte Lesezeit\" \/>\n\t<meta name=\"twitter:data1\" content=\"1\u00a0Minute\" \/>\n<script type=\"application\/ld+json\" class=\"yoast-schema-graph\">{\"@context\":\"https:\\\/\\\/schema.org\",\"@graph\":[{\"@type\":\"WebPage\",\"@id\":\"https:\\\/\\\/twinpol.com\\\/product\\\/refrigerator-cleaning-wipes-80-pcs\\\/\",\"url\":\"https:\\\/\\\/twinpol.com\\\/product\\\/refrigerator-cleaning-wipes-80-pcs\\\/\",\"name\":\"Refrigerator cleaning wipes, 80 pcs - TwinPol\",\"isPartOf\":{\"@id\":\"https:\\\/\\\/twinpol.com\\\/#website\"},\"primaryImageOfPage\":{\"@id\":\"https:\\\/\\\/twinpol.com\\\/product\\\/refrigerator-cleaning-wipes-80-pcs\\\/#primaryimage\"},\"image\":{\"@id\":\"https:\\\/\\\/twinpol.com\\\/product\\\/refrigerator-cleaning-wipes-80-pcs\\\/#primaryimage\"},\"thumbnailUrl\":\"https:\\\/\\\/twinpol.com\\\/wp-content\\\/uploads\\\/2023\\\/07\\\/FR00024_80_Wizualizacja_www.png\",\"datePublished\":\"2023-07-18T11:13:56+00:00\",\"dateModified\":\"2023-12-12T10:56:18+00:00\",\"breadcrumb\":{\"@id\":\"https:\\\/\\\/twinpol.com\\\/product\\\/refrigerator-cleaning-wipes-80-pcs\\\/#breadcrumb\"},\"inLanguage\":\"de\",\"potentialAction\":[{\"@type\":\"ReadAction\",\"target\":[\"https:\\\/\\\/twinpol.com\\\/product\\\/refrigerator-cleaning-wipes-80-pcs\\\/\"]}]},{\"@type\":\"ImageObject\",\"inLanguage\":\"de\",\"@id\":\"https:\\\/\\\/twinpol.com\\\/product\\\/refrigerator-cleaning-wipes-80-pcs\\\/#primaryimage\",\"url\":\"https:\\\/\\\/twinpol.com\\\/wp-content\\\/uploads\\\/2023\\\/07\\\/FR00024_80_Wizualizacja_www.png\",\"contentUrl\":\"https:\\\/\\\/twinpol.com\\\/wp-content\\\/uploads\\\/2023\\\/07\\\/FR00024_80_Wizualizacja_www.png\",\"width\":800,\"height\":800},{\"@type\":\"BreadcrumbList\",\"@id\":\"https:\\\/\\\/twinpol.com\\\/product\\\/refrigerator-cleaning-wipes-80-pcs\\\/#breadcrumb\",\"itemListElement\":[{\"@type\":\"ListItem\",\"position\":1,\"name\":\"Home\",\"item\":\"https:\\\/\\\/twinpol.com\\\/\"},{\"@type\":\"ListItem\",\"position\":2,\"name\":\"Products\",\"item\":\"https:\\\/\\\/twinpol.com\\\/products\\\/\"},{\"@type\":\"ListItem\",\"position\":3,\"name\":\"Refrigerator cleaning wipes, 80 pcs\"}]},{\"@type\":\"WebSite\",\"@id\":\"https:\\\/\\\/twinpol.com\\\/#website\",\"url\":\"https:\\\/\\\/twinpol.com\\\/\",\"name\":\"Twinpol\",\"description\":\"Cleaning Supplies\",\"publisher\":{\"@id\":\"https:\\\/\\\/twinpol.com\\\/#organization\"},\"potentialAction\":[{\"@type\":\"SearchAction\",\"target\":{\"@type\":\"EntryPoint\",\"urlTemplate\":\"https:\\\/\\\/twinpol.com\\\/?s={search_term_string}\"},\"query-input\":{\"@type\":\"PropertyValueSpecification\",\"valueRequired\":true,\"valueName\":\"search_term_string\"}}],\"inLanguage\":\"de\"},{\"@type\":\"Organization\",\"@id\":\"https:\\\/\\\/twinpol.com\\\/#organization\",\"name\":\"Twinpol\",\"url\":\"https:\\\/\\\/twinpol.com\\\/\",\"logo\":{\"@type\":\"ImageObject\",\"inLanguage\":\"de\",\"@id\":\"https:\\\/\\\/twinpol.com\\\/#\\\/schema\\\/logo\\\/image\\\/\",\"url\":\"https:\\\/\\\/twinpol.com\\\/wp-content\\\/uploads\\\/2022\\\/10\\\/cropped-favicon.png\",\"contentUrl\":\"https:\\\/\\\/twinpol.com\\\/wp-content\\\/uploads\\\/2022\\\/10\\\/cropped-favicon.png\",\"width\":512,\"height\":512,\"caption\":\"Twinpol\"},\"image\":{\"@id\":\"https:\\\/\\\/twinpol.com\\\/#\\\/schema\\\/logo\\\/image\\\/\"}}]}<\/script>\n<!-- \/ Yoast SEO plugin. -->","yoast_head_json":{"title":"Reinigungst\u00fccher f\u00fcr K\u00fchlschr\u00e4nke, 80 St\u00fcck - TwinPol","robots":{"index":"index","follow":"follow","max-snippet":"max-snippet:-1","max-image-preview":"max-image-preview:large","max-video-preview":"max-video-preview:-1"},"canonical":"https:\/\/twinpol.com\/de\/produkt\/kuhlschrank-reinigungstucher-80-stuck\/","og_locale":"de_DE","og_type":"article","og_title":"Refrigerator cleaning wipes, 80 pcs - TwinPol","og_description":"Refrigerator Cleaning Wipes Refrigerator Cleaning Wipes Home > Products > Fridge and freezer care Cleaning wipes > Effective Cleaning Solution","og_url":"https:\/\/twinpol.com\/de\/produkt\/kuhlschrank-reinigungstucher-80-stuck\/","og_site_name":"TwinPol","article_modified_time":"2023-12-12T10:56:18+00:00","og_image":[{"width":800,"height":800,"url":"https:\/\/twinpol.com\/wp-content\/uploads\/2023\/07\/FR00024_80_Wizualizacja_www.png","type":"image\/png"}],"twitter_card":"summary_large_image","twitter_misc":{"Gesch\u00e4tzte Lesezeit":"1\u00a0Minute"},"schema":{"@context":"https:\/\/schema.org","@graph":[{"@type":"WebPage","@id":"https:\/\/twinpol.com\/product\/refrigerator-cleaning-wipes-80-pcs\/","url":"https:\/\/twinpol.com\/product\/refrigerator-cleaning-wipes-80-pcs\/","name":"Reinigungst\u00fccher f\u00fcr K\u00fchlschr\u00e4nke, 80 St\u00fcck - TwinPol","isPartOf":{"@id":"https:\/\/twinpol.com\/#website"},"primaryImageOfPage":{"@id":"https:\/\/twinpol.com\/product\/refrigerator-cleaning-wipes-80-pcs\/#primaryimage"},"image":{"@id":"https:\/\/twinpol.com\/product\/refrigerator-cleaning-wipes-80-pcs\/#primaryimage"},"thumbnailUrl":"https:\/\/twinpol.com\/wp-content\/uploads\/2023\/07\/FR00024_80_Wizualizacja_www.png","datePublished":"2023-07-18T11:13:56+00:00","dateModified":"2023-12-12T10:56:18+00:00","breadcrumb":{"@id":"https:\/\/twinpol.com\/product\/refrigerator-cleaning-wipes-80-pcs\/#breadcrumb"},"inLanguage":"de","potentialAction":[{"@type":"ReadAction","target":["https:\/\/twinpol.com\/product\/refrigerator-cleaning-wipes-80-pcs\/"]}]},{"@type":"ImageObject","inLanguage":"de","@id":"https:\/\/twinpol.com\/product\/refrigerator-cleaning-wipes-80-pcs\/#primaryimage","url":"https:\/\/twinpol.com\/wp-content\/uploads\/2023\/07\/FR00024_80_Wizualizacja_www.png","contentUrl":"https:\/\/twinpol.com\/wp-content\/uploads\/2023\/07\/FR00024_80_Wizualizacja_www.png","width":800,"height":800},{"@type":"BreadcrumbList","@id":"https:\/\/twinpol.com\/product\/refrigerator-cleaning-wipes-80-pcs\/#breadcrumb","itemListElement":[{"@type":"ListItem","position":1,"name":"Home","item":"https:\/\/twinpol.com\/"},{"@type":"ListItem","position":2,"name":"Products","item":"https:\/\/twinpol.com\/products\/"},{"@type":"ListItem","position":3,"name":"Refrigerator cleaning wipes, 80 pcs"}]},{"@type":"WebSite","@id":"https:\/\/twinpol.com\/#website","url":"https:\/\/twinpol.com\/","name":"Twinpol","description":"Reinigungsmittel","publisher":{"@id":"https:\/\/twinpol.com\/#organization"},"potentialAction":[{"@type":"SearchAction","target":{"@type":"EntryPoint","urlTemplate":"https:\/\/twinpol.com\/?s={search_term_string}"},"query-input":{"@type":"PropertyValueSpecification","valueRequired":true,"valueName":"search_term_string"}}],"inLanguage":"de"},{"@type":"Organization","@id":"https:\/\/twinpol.com\/#organization","name":"Twinpol","url":"https:\/\/twinpol.com\/","logo":{"@type":"ImageObject","inLanguage":"de","@id":"https:\/\/twinpol.com\/#\/schema\/logo\/image\/","url":"https:\/\/twinpol.com\/wp-content\/uploads\/2022\/10\/cropped-favicon.png","contentUrl":"https:\/\/twinpol.com\/wp-content\/uploads\/2022\/10\/cropped-favicon.png","width":512,"height":512,"caption":"Twinpol"},"image":{"@id":"https:\/\/twinpol.com\/#\/schema\/logo\/image\/"}}]}},"_links":{"self":[{"href":"https:\/\/twinpol.com\/de\/wp-json\/wp\/v2\/product\/19886","targetHints":{"allow":["GET"]}}],"collection":[{"href":"https:\/\/twinpol.com\/de\/wp-json\/wp\/v2\/product"}],"about":[{"href":"https:\/\/twinpol.com\/de\/wp-json\/wp\/v2\/types\/product"}],"wp:featuredmedia":[{"embeddable":true,"href":"https:\/\/twinpol.com\/de\/wp-json\/wp\/v2\/media\/20161"}],"wp:attachment":[{"href":"https:\/\/twinpol.com\/de\/wp-json\/wp\/v2\/media?parent=19886"}],"wp:term":[{"taxonomy":"product_brand","embeddable":true,"href":"https:\/\/twinpol.com\/de\/wp-json\/wp\/v2\/product_brand?post=19886"},{"taxonomy":"product_cat","embeddable":true,"href":"https:\/\/twinpol.com\/de\/wp-json\/wp\/v2\/product_cat?post=19886"},{"taxonomy":"product_tag","embeddable":true,"href":"https:\/\/twinpol.com\/de\/wp-json\/wp\/v2\/product_tag?post=19886"}],"curies":[{"name":"wp","href":"https:\/\/api.w.org\/{rel}","templated":true}]}}