{"id":19889,"date":"2023-07-18T11:23:39","date_gmt":"2023-07-18T11:23:39","guid":{"rendered":"https:\/\/twinpol.com\/?post_type=product&#038;p=19889"},"modified":"2023-12-11T14:04:18","modified_gmt":"2023-12-11T14:04:18","slug":"hob-cleaning-wipes-80-pcs","status":"publish","type":"product","link":"https:\/\/twinpol.com\/de\/produkt\/kochfeld-reinigungstucher-80-stuck\/","title":{"rendered":"Kochfeldreinigungst\u00fccher, 80 St\u00fcck"},"content":{"rendered":"<p><html><br \/>\n<head><br \/>\n  <title>Kochfeldreinigungst\u00fccher - 80 St\u00fcck | Produktbeschreibung<\/title><br \/>\n<\/head><br \/>\n<body><\/p>\n<h1>Reinigungst\u00fccher f\u00fcr Kochfelder<\/h1>\n<div class=\"breadcrumbs\">\n  <a href=\"\/de\/\">Startseite<\/a> > <a href=\"\/de\/products\/\">Produkte<\/a> > <a href=\"\/de\/product-category\/kitchen\/\">K\u00fcche<\/a> > <a href=\"https:\/\/twinpol.com\/de\/home\/wipes\/\">Reinigungst\u00fccher<\/a>\n<\/div>\n<h2>Wirksame Reinigungsl\u00f6sung<\/h2>\n<p>Unsere Kochfeld-Reinigungst\u00fccher sind die perfekte Wahl, um die Oberfl\u00e4che des Kochfeldes sauber und gl\u00e4nzend zu halten. Mit einer Packung von 80 T\u00fcchern haben Sie eine Menge Reinigungskraft zur Verf\u00fcgung.<\/p>\n<h2>Bequem und einfach zu bedienen<\/h2>\n<p>Die Reinigung Ihres Kochfeldes war noch nie so einfach. Diese Wischt\u00fccher sind intuitiv bedienbar und erm\u00f6glichen eine m\u00fchelose Reinigung ohne gro\u00dfen Aufwand. Nehmen Sie einfach ein Tuch in die Hand, streichen Sie \u00fcber die Kochfeldoberfl\u00e4che und beobachten Sie, wie es m\u00fchelos Fett, Schmutz und Flecken entfernt.<\/p>\n<h2>Vorteile<\/h2>\n<ul>\n<li>Entfernt wirkungsvoll Fett, Schmutz und Flecken<\/li>\n<li>Bequem und einfach zu bedienen<\/li>\n<li>In einer Packung mit 80 T\u00fcchern f\u00fcr lang anhaltenden Gebrauch<\/li>\n<li>Hinterl\u00e4sst eine blitzsaubere Oberfl\u00e4che auf Ihrem Kochfeld<\/li>\n<li>Sorgt f\u00fcr eine hygienische Kochumgebung<\/li>\n<\/ul>\n<p><\/body><br \/>\n<\/html><\/p>","protected":false},"excerpt":{"rendered":"<p>Reinigungst\u00fccher f\u00fcr Kochfelder - 80 St\u00fcck | Produktbeschreibung Reinigungst\u00fccher f\u00fcr Kochfelder Home &gt; Produkte &gt; K\u00fcche &gt; Reinigungst\u00fccher<\/p>","protected":false},"featured_media":20160,"template":"","meta":[],"product_brand":[],"product_cat":[339,327],"product_tag":[],"class_list":{"0":"post-19889","1":"product","2":"type-product","3":"status-publish","4":"has-post-thumbnail","6":"product_cat-wipes","7":"product_cat-kitchen","9":"first","10":"instock","11":"shipping-taxable","12":"product-type-simple"},"yoast_head":"<!-- This site is optimized with the Yoast SEO plugin v27.4 - https:\/\/yoast.com\/product\/yoast-seo-wordpress\/ -->\n<title>Hob cleaning wipes, 80 pcs - TwinPol<\/title>\n<meta name=\"robots\" content=\"index, follow, max-snippet:-1, max-image-preview:large, max-video-preview:-1\" \/>\n<link rel=\"canonical\" href=\"https:\/\/twinpol.com\/de\/produkt\/kochfeld-reinigungstucher-80-stuck\/\" \/>\n<meta property=\"og:locale\" content=\"de_DE\" \/>\n<meta property=\"og:type\" content=\"article\" \/>\n<meta property=\"og:title\" content=\"Hob cleaning wipes, 80 pcs - TwinPol\" \/>\n<meta property=\"og:description\" content=\"Hob Cleaning Wipes &#8211; 80 pcs | Product Description Hob Cleaning Wipes Home &gt; Products &gt; Kitchen &gt; Cleaning wipes\" \/>\n<meta property=\"og:url\" content=\"https:\/\/twinpol.com\/de\/produkt\/kochfeld-reinigungstucher-80-stuck\/\" \/>\n<meta property=\"og:site_name\" content=\"TwinPol\" \/>\n<meta property=\"article:modified_time\" content=\"2023-12-11T14:04:18+00:00\" \/>\n<meta property=\"og:image\" content=\"https:\/\/twinpol.com\/wp-content\/uploads\/2023\/07\/FR00027_Wizualizacja_www-2.png\" \/>\n\t<meta property=\"og:image:width\" content=\"800\" \/>\n\t<meta property=\"og:image:height\" content=\"800\" \/>\n\t<meta property=\"og:image:type\" content=\"image\/png\" \/>\n<meta name=\"twitter:card\" content=\"summary_large_image\" \/>\n<meta name=\"twitter:label1\" content=\"Gesch\u00e4tzte Lesezeit\" \/>\n\t<meta name=\"twitter:data1\" content=\"1\u00a0Minute\" \/>\n<script type=\"application\/ld+json\" class=\"yoast-schema-graph\">{\"@context\":\"https:\\\/\\\/schema.org\",\"@graph\":[{\"@type\":\"WebPage\",\"@id\":\"https:\\\/\\\/twinpol.com\\\/product\\\/hob-cleaning-wipes-80-pcs\\\/\",\"url\":\"https:\\\/\\\/twinpol.com\\\/product\\\/hob-cleaning-wipes-80-pcs\\\/\",\"name\":\"Hob cleaning wipes, 80 pcs - TwinPol\",\"isPartOf\":{\"@id\":\"https:\\\/\\\/twinpol.com\\\/#website\"},\"primaryImageOfPage\":{\"@id\":\"https:\\\/\\\/twinpol.com\\\/product\\\/hob-cleaning-wipes-80-pcs\\\/#primaryimage\"},\"image\":{\"@id\":\"https:\\\/\\\/twinpol.com\\\/product\\\/hob-cleaning-wipes-80-pcs\\\/#primaryimage\"},\"thumbnailUrl\":\"https:\\\/\\\/twinpol.com\\\/wp-content\\\/uploads\\\/2023\\\/07\\\/FR00027_Wizualizacja_www-2.png\",\"datePublished\":\"2023-07-18T11:23:39+00:00\",\"dateModified\":\"2023-12-11T14:04:18+00:00\",\"breadcrumb\":{\"@id\":\"https:\\\/\\\/twinpol.com\\\/product\\\/hob-cleaning-wipes-80-pcs\\\/#breadcrumb\"},\"inLanguage\":\"de\",\"potentialAction\":[{\"@type\":\"ReadAction\",\"target\":[\"https:\\\/\\\/twinpol.com\\\/product\\\/hob-cleaning-wipes-80-pcs\\\/\"]}]},{\"@type\":\"ImageObject\",\"inLanguage\":\"de\",\"@id\":\"https:\\\/\\\/twinpol.com\\\/product\\\/hob-cleaning-wipes-80-pcs\\\/#primaryimage\",\"url\":\"https:\\\/\\\/twinpol.com\\\/wp-content\\\/uploads\\\/2023\\\/07\\\/FR00027_Wizualizacja_www-2.png\",\"contentUrl\":\"https:\\\/\\\/twinpol.com\\\/wp-content\\\/uploads\\\/2023\\\/07\\\/FR00027_Wizualizacja_www-2.png\",\"width\":800,\"height\":800},{\"@type\":\"BreadcrumbList\",\"@id\":\"https:\\\/\\\/twinpol.com\\\/product\\\/hob-cleaning-wipes-80-pcs\\\/#breadcrumb\",\"itemListElement\":[{\"@type\":\"ListItem\",\"position\":1,\"name\":\"Home\",\"item\":\"https:\\\/\\\/twinpol.com\\\/\"},{\"@type\":\"ListItem\",\"position\":2,\"name\":\"Products\",\"item\":\"https:\\\/\\\/twinpol.com\\\/products\\\/\"},{\"@type\":\"ListItem\",\"position\":3,\"name\":\"Hob cleaning wipes, 80 pcs\"}]},{\"@type\":\"WebSite\",\"@id\":\"https:\\\/\\\/twinpol.com\\\/#website\",\"url\":\"https:\\\/\\\/twinpol.com\\\/\",\"name\":\"Twinpol\",\"description\":\"Cleaning Supplies\",\"publisher\":{\"@id\":\"https:\\\/\\\/twinpol.com\\\/#organization\"},\"potentialAction\":[{\"@type\":\"SearchAction\",\"target\":{\"@type\":\"EntryPoint\",\"urlTemplate\":\"https:\\\/\\\/twinpol.com\\\/?s={search_term_string}\"},\"query-input\":{\"@type\":\"PropertyValueSpecification\",\"valueRequired\":true,\"valueName\":\"search_term_string\"}}],\"inLanguage\":\"de\"},{\"@type\":\"Organization\",\"@id\":\"https:\\\/\\\/twinpol.com\\\/#organization\",\"name\":\"Twinpol\",\"url\":\"https:\\\/\\\/twinpol.com\\\/\",\"logo\":{\"@type\":\"ImageObject\",\"inLanguage\":\"de\",\"@id\":\"https:\\\/\\\/twinpol.com\\\/#\\\/schema\\\/logo\\\/image\\\/\",\"url\":\"https:\\\/\\\/twinpol.com\\\/wp-content\\\/uploads\\\/2022\\\/10\\\/cropped-favicon.png\",\"contentUrl\":\"https:\\\/\\\/twinpol.com\\\/wp-content\\\/uploads\\\/2022\\\/10\\\/cropped-favicon.png\",\"width\":512,\"height\":512,\"caption\":\"Twinpol\"},\"image\":{\"@id\":\"https:\\\/\\\/twinpol.com\\\/#\\\/schema\\\/logo\\\/image\\\/\"}}]}<\/script>\n<!-- \/ Yoast SEO plugin. -->","yoast_head_json":{"title":"Reinigungst\u00fccher f\u00fcr Kochfelder, 80 St\u00fcck - TwinPol","robots":{"index":"index","follow":"follow","max-snippet":"max-snippet:-1","max-image-preview":"max-image-preview:large","max-video-preview":"max-video-preview:-1"},"canonical":"https:\/\/twinpol.com\/de\/produkt\/kochfeld-reinigungstucher-80-stuck\/","og_locale":"de_DE","og_type":"article","og_title":"Hob cleaning wipes, 80 pcs - TwinPol","og_description":"Hob Cleaning Wipes &#8211; 80 pcs | Product Description Hob Cleaning Wipes Home > Products > Kitchen > Cleaning wipes","og_url":"https:\/\/twinpol.com\/de\/produkt\/kochfeld-reinigungstucher-80-stuck\/","og_site_name":"TwinPol","article_modified_time":"2023-12-11T14:04:18+00:00","og_image":[{"width":800,"height":800,"url":"https:\/\/twinpol.com\/wp-content\/uploads\/2023\/07\/FR00027_Wizualizacja_www-2.png","type":"image\/png"}],"twitter_card":"summary_large_image","twitter_misc":{"Gesch\u00e4tzte Lesezeit":"1\u00a0Minute"},"schema":{"@context":"https:\/\/schema.org","@graph":[{"@type":"WebPage","@id":"https:\/\/twinpol.com\/product\/hob-cleaning-wipes-80-pcs\/","url":"https:\/\/twinpol.com\/product\/hob-cleaning-wipes-80-pcs\/","name":"Reinigungst\u00fccher f\u00fcr Kochfelder, 80 St\u00fcck - TwinPol","isPartOf":{"@id":"https:\/\/twinpol.com\/#website"},"primaryImageOfPage":{"@id":"https:\/\/twinpol.com\/product\/hob-cleaning-wipes-80-pcs\/#primaryimage"},"image":{"@id":"https:\/\/twinpol.com\/product\/hob-cleaning-wipes-80-pcs\/#primaryimage"},"thumbnailUrl":"https:\/\/twinpol.com\/wp-content\/uploads\/2023\/07\/FR00027_Wizualizacja_www-2.png","datePublished":"2023-07-18T11:23:39+00:00","dateModified":"2023-12-11T14:04:18+00:00","breadcrumb":{"@id":"https:\/\/twinpol.com\/product\/hob-cleaning-wipes-80-pcs\/#breadcrumb"},"inLanguage":"de","potentialAction":[{"@type":"ReadAction","target":["https:\/\/twinpol.com\/product\/hob-cleaning-wipes-80-pcs\/"]}]},{"@type":"ImageObject","inLanguage":"de","@id":"https:\/\/twinpol.com\/product\/hob-cleaning-wipes-80-pcs\/#primaryimage","url":"https:\/\/twinpol.com\/wp-content\/uploads\/2023\/07\/FR00027_Wizualizacja_www-2.png","contentUrl":"https:\/\/twinpol.com\/wp-content\/uploads\/2023\/07\/FR00027_Wizualizacja_www-2.png","width":800,"height":800},{"@type":"BreadcrumbList","@id":"https:\/\/twinpol.com\/product\/hob-cleaning-wipes-80-pcs\/#breadcrumb","itemListElement":[{"@type":"ListItem","position":1,"name":"Home","item":"https:\/\/twinpol.com\/"},{"@type":"ListItem","position":2,"name":"Products","item":"https:\/\/twinpol.com\/products\/"},{"@type":"ListItem","position":3,"name":"Hob cleaning wipes, 80 pcs"}]},{"@type":"WebSite","@id":"https:\/\/twinpol.com\/#website","url":"https:\/\/twinpol.com\/","name":"Twinpol","description":"Reinigungsmittel","publisher":{"@id":"https:\/\/twinpol.com\/#organization"},"potentialAction":[{"@type":"SearchAction","target":{"@type":"EntryPoint","urlTemplate":"https:\/\/twinpol.com\/?s={search_term_string}"},"query-input":{"@type":"PropertyValueSpecification","valueRequired":true,"valueName":"search_term_string"}}],"inLanguage":"de"},{"@type":"Organization","@id":"https:\/\/twinpol.com\/#organization","name":"Twinpol","url":"https:\/\/twinpol.com\/","logo":{"@type":"ImageObject","inLanguage":"de","@id":"https:\/\/twinpol.com\/#\/schema\/logo\/image\/","url":"https:\/\/twinpol.com\/wp-content\/uploads\/2022\/10\/cropped-favicon.png","contentUrl":"https:\/\/twinpol.com\/wp-content\/uploads\/2022\/10\/cropped-favicon.png","width":512,"height":512,"caption":"Twinpol"},"image":{"@id":"https:\/\/twinpol.com\/#\/schema\/logo\/image\/"}}]}},"_links":{"self":[{"href":"https:\/\/twinpol.com\/de\/wp-json\/wp\/v2\/product\/19889","targetHints":{"allow":["GET"]}}],"collection":[{"href":"https:\/\/twinpol.com\/de\/wp-json\/wp\/v2\/product"}],"about":[{"href":"https:\/\/twinpol.com\/de\/wp-json\/wp\/v2\/types\/product"}],"wp:featuredmedia":[{"embeddable":true,"href":"https:\/\/twinpol.com\/de\/wp-json\/wp\/v2\/media\/20160"}],"wp:attachment":[{"href":"https:\/\/twinpol.com\/de\/wp-json\/wp\/v2\/media?parent=19889"}],"wp:term":[{"taxonomy":"product_brand","embeddable":true,"href":"https:\/\/twinpol.com\/de\/wp-json\/wp\/v2\/product_brand?post=19889"},{"taxonomy":"product_cat","embeddable":true,"href":"https:\/\/twinpol.com\/de\/wp-json\/wp\/v2\/product_cat?post=19889"},{"taxonomy":"product_tag","embeddable":true,"href":"https:\/\/twinpol.com\/de\/wp-json\/wp\/v2\/product_tag?post=19889"}],"curies":[{"name":"wp","href":"https:\/\/api.w.org\/{rel}","templated":true}]}}