{"id":19894,"date":"2023-07-18T12:00:52","date_gmt":"2023-07-18T12:00:52","guid":{"rendered":"https:\/\/twinpol.com\/?post_type=product&#038;p=19894"},"modified":"2023-12-11T14:03:09","modified_gmt":"2023-12-11T14:03:09","slug":"heavy-duty-cleaning-wipes-80-pcs","status":"publish","type":"product","link":"https:\/\/twinpol.com\/de\/produkt\/heavy-duty-reinigungstucher-80-stuck\/","title":{"rendered":"Hochbelastbare Reinigungst\u00fccher, 80 St\u00fcck"},"content":{"rendered":"<p><html><br \/>\n<head><br \/>\n    <title>Hochbelastbare Reinigungst\u00fccher, 80 St\u00fcck<\/title><br \/>\n<\/head><br \/>\n<body><\/p>\n<h1>Hochbelastbare Reinigungst\u00fccher<\/h1>\n<div class=\"breadcrumbs\">\n  <a href=\"\/de\/\">Startseite<\/a> > <a href=\"\/de\/products\/\">Produkte<\/a> > <a href=\"https:\/\/twinpol.com\/de\/home\/wipes\/\">Reinigungst\u00fccher<\/a> >\n<\/div>\n<h2>Kraftvolle Reinigung f\u00fcr hartn\u00e4ckige Flecken<\/h2>\n<p>Wir stellen unsere strapazierf\u00e4higen Reinigungst\u00fccher vor - die ultimative L\u00f6sung zur Beseitigung von hartn\u00e4ckigen Flecken und Schmutz. Mit diesen qualitativ hochwertigen T\u00fcchern k\u00f6nnen Sie m\u00fchelos die Sauberkeit und den Glanz jeder Oberfl\u00e4che wiederherstellen.<\/p>\n<p>Diese T\u00fccher wurden f\u00fcr maximale Reinigungskraft entwickelt und eignen sich perfekt f\u00fcr den Einsatz in verschiedenen Umgebungen, von zu Hause bis hin zu industriellen Umgebungen.<\/p>\n<h2>Entfesseln Sie die Reinigungskraft<\/h2>\n<p>Mit unseren strapazierf\u00e4higen Reinigungst\u00fcchern k\u00f6nnen Sie hartn\u00e4ckigen Flecken Lebewohl sagen und eine makellose Umgebung genie\u00dfen. Ganz gleich, ob Sie es mit hartn\u00e4ckigem K\u00fcchenfett oder schwierigen Verschmutzungen im Freien zu tun haben, diese T\u00fccher sind der Aufgabe gewachsen.<\/p>\n<p>Dank ihres starken und saugf\u00e4higen Materials fangen die T\u00fccher Schmutzpartikel effektiv ein und halten sie fest, sodass eine gr\u00fcndliche Reinigung gew\u00e4hrleistet ist. Von Arbeitsplatten bis hin zu Ger\u00e4ten sehen die Oberfl\u00e4chen frisch und gl\u00e4nzend aus.<\/p>\n<p>\u00dcberzeugen Sie sich noch heute von der Bequemlichkeit und Wirksamkeit unserer Reinigungst\u00fccher f\u00fcr den harten Einsatz. Nehmen Sie sie in Ihr Reinigungsarsenal auf und erzielen Sie jedes Mal beeindruckende Ergebnisse.<\/p>\n<h2>Vorteile<\/h2>\n<ul>\n<li>Entfernt wirkungsvoll Fett, Schmutz und Dreck<\/li>\n<li>Beseitigt m\u00fchelos hartn\u00e4ckige Flecken und Versch\u00fcttungen<\/li>\n<li>Langlebig und stark f\u00fcr schwere Reinigungsaufgaben<\/li>\n<li>Schonend f\u00fcr Oberfl\u00e4chen, hinterl\u00e4sst keine Kratzer oder R\u00fcckst\u00e4nde<\/li>\n<li>Bequem und gebrauchsfertig; keine zus\u00e4tzlichen Reinigungsl\u00f6sungen erforderlich<\/li>\n<\/ul>\n<p><\/body><br \/>\n<\/html><\/p>","protected":false},"excerpt":{"rendered":"<p>Starke Reinigungst\u00fccher, 80 St\u00fcck Starke Reinigungst\u00fccher Home &gt; Produkte &gt; Reinigungst\u00fccher &gt; Starke Reinigung bei hartn\u00e4ckigen Flecken<\/p>","protected":false},"featured_media":20152,"template":"","meta":[],"product_brand":[],"product_cat":[339],"product_tag":[],"class_list":{"0":"post-19894","1":"product","2":"type-product","3":"status-publish","4":"has-post-thumbnail","6":"product_cat-wipes","8":"first","9":"instock","10":"shipping-taxable","11":"product-type-simple"},"yoast_head":"<!-- This site is optimized with the Yoast SEO plugin v27.4 - https:\/\/yoast.com\/product\/yoast-seo-wordpress\/ -->\n<title>Heavy-duty cleaning wipes, 80 pcs - TwinPol<\/title>\n<meta name=\"robots\" content=\"index, follow, max-snippet:-1, max-image-preview:large, max-video-preview:-1\" \/>\n<link rel=\"canonical\" href=\"https:\/\/twinpol.com\/de\/produkt\/heavy-duty-reinigungstucher-80-stuck\/\" \/>\n<meta property=\"og:locale\" content=\"de_DE\" \/>\n<meta property=\"og:type\" content=\"article\" \/>\n<meta property=\"og:title\" content=\"Heavy-duty cleaning wipes, 80 pcs - TwinPol\" \/>\n<meta property=\"og:description\" content=\"Heavy-duty cleaning wipes, 80 pcs Heavy-duty Cleaning Wipes Home &gt; Products &gt; Cleaning wipes &gt; Powerful Cleaning for Tough Stains\" \/>\n<meta property=\"og:url\" content=\"https:\/\/twinpol.com\/de\/produkt\/heavy-duty-reinigungstucher-80-stuck\/\" \/>\n<meta property=\"og:site_name\" content=\"TwinPol\" \/>\n<meta property=\"article:modified_time\" content=\"2023-12-11T14:03:09+00:00\" \/>\n<meta property=\"og:image\" content=\"https:\/\/twinpol.com\/wp-content\/uploads\/2023\/07\/FR00041_80_Wizualizacja_www.png\" \/>\n\t<meta property=\"og:image:width\" content=\"800\" \/>\n\t<meta property=\"og:image:height\" content=\"800\" \/>\n\t<meta property=\"og:image:type\" content=\"image\/png\" \/>\n<meta name=\"twitter:card\" content=\"summary_large_image\" \/>\n<meta name=\"twitter:label1\" content=\"Gesch\u00e4tzte Lesezeit\" \/>\n\t<meta name=\"twitter:data1\" content=\"1\u00a0Minute\" \/>\n<script type=\"application\/ld+json\" class=\"yoast-schema-graph\">{\"@context\":\"https:\\\/\\\/schema.org\",\"@graph\":[{\"@type\":\"WebPage\",\"@id\":\"https:\\\/\\\/twinpol.com\\\/product\\\/heavy-duty-cleaning-wipes-80-pcs\\\/\",\"url\":\"https:\\\/\\\/twinpol.com\\\/product\\\/heavy-duty-cleaning-wipes-80-pcs\\\/\",\"name\":\"Heavy-duty cleaning wipes, 80 pcs - TwinPol\",\"isPartOf\":{\"@id\":\"https:\\\/\\\/twinpol.com\\\/#website\"},\"primaryImageOfPage\":{\"@id\":\"https:\\\/\\\/twinpol.com\\\/product\\\/heavy-duty-cleaning-wipes-80-pcs\\\/#primaryimage\"},\"image\":{\"@id\":\"https:\\\/\\\/twinpol.com\\\/product\\\/heavy-duty-cleaning-wipes-80-pcs\\\/#primaryimage\"},\"thumbnailUrl\":\"https:\\\/\\\/twinpol.com\\\/wp-content\\\/uploads\\\/2023\\\/07\\\/FR00041_80_Wizualizacja_www.png\",\"datePublished\":\"2023-07-18T12:00:52+00:00\",\"dateModified\":\"2023-12-11T14:03:09+00:00\",\"breadcrumb\":{\"@id\":\"https:\\\/\\\/twinpol.com\\\/product\\\/heavy-duty-cleaning-wipes-80-pcs\\\/#breadcrumb\"},\"inLanguage\":\"de\",\"potentialAction\":[{\"@type\":\"ReadAction\",\"target\":[\"https:\\\/\\\/twinpol.com\\\/product\\\/heavy-duty-cleaning-wipes-80-pcs\\\/\"]}]},{\"@type\":\"ImageObject\",\"inLanguage\":\"de\",\"@id\":\"https:\\\/\\\/twinpol.com\\\/product\\\/heavy-duty-cleaning-wipes-80-pcs\\\/#primaryimage\",\"url\":\"https:\\\/\\\/twinpol.com\\\/wp-content\\\/uploads\\\/2023\\\/07\\\/FR00041_80_Wizualizacja_www.png\",\"contentUrl\":\"https:\\\/\\\/twinpol.com\\\/wp-content\\\/uploads\\\/2023\\\/07\\\/FR00041_80_Wizualizacja_www.png\",\"width\":800,\"height\":800},{\"@type\":\"BreadcrumbList\",\"@id\":\"https:\\\/\\\/twinpol.com\\\/product\\\/heavy-duty-cleaning-wipes-80-pcs\\\/#breadcrumb\",\"itemListElement\":[{\"@type\":\"ListItem\",\"position\":1,\"name\":\"Home\",\"item\":\"https:\\\/\\\/twinpol.com\\\/\"},{\"@type\":\"ListItem\",\"position\":2,\"name\":\"Products\",\"item\":\"https:\\\/\\\/twinpol.com\\\/products\\\/\"},{\"@type\":\"ListItem\",\"position\":3,\"name\":\"Heavy-duty cleaning wipes, 80 pcs\"}]},{\"@type\":\"WebSite\",\"@id\":\"https:\\\/\\\/twinpol.com\\\/#website\",\"url\":\"https:\\\/\\\/twinpol.com\\\/\",\"name\":\"Twinpol\",\"description\":\"Cleaning Supplies\",\"publisher\":{\"@id\":\"https:\\\/\\\/twinpol.com\\\/#organization\"},\"potentialAction\":[{\"@type\":\"SearchAction\",\"target\":{\"@type\":\"EntryPoint\",\"urlTemplate\":\"https:\\\/\\\/twinpol.com\\\/?s={search_term_string}\"},\"query-input\":{\"@type\":\"PropertyValueSpecification\",\"valueRequired\":true,\"valueName\":\"search_term_string\"}}],\"inLanguage\":\"de\"},{\"@type\":\"Organization\",\"@id\":\"https:\\\/\\\/twinpol.com\\\/#organization\",\"name\":\"Twinpol\",\"url\":\"https:\\\/\\\/twinpol.com\\\/\",\"logo\":{\"@type\":\"ImageObject\",\"inLanguage\":\"de\",\"@id\":\"https:\\\/\\\/twinpol.com\\\/#\\\/schema\\\/logo\\\/image\\\/\",\"url\":\"https:\\\/\\\/twinpol.com\\\/wp-content\\\/uploads\\\/2022\\\/10\\\/cropped-favicon.png\",\"contentUrl\":\"https:\\\/\\\/twinpol.com\\\/wp-content\\\/uploads\\\/2022\\\/10\\\/cropped-favicon.png\",\"width\":512,\"height\":512,\"caption\":\"Twinpol\"},\"image\":{\"@id\":\"https:\\\/\\\/twinpol.com\\\/#\\\/schema\\\/logo\\\/image\\\/\"}}]}<\/script>\n<!-- \/ Yoast SEO plugin. -->","yoast_head_json":{"title":"Hochbelastbare Reinigungst\u00fccher, 80 St\u00fcck - TwinPol","robots":{"index":"index","follow":"follow","max-snippet":"max-snippet:-1","max-image-preview":"max-image-preview:large","max-video-preview":"max-video-preview:-1"},"canonical":"https:\/\/twinpol.com\/de\/produkt\/heavy-duty-reinigungstucher-80-stuck\/","og_locale":"de_DE","og_type":"article","og_title":"Heavy-duty cleaning wipes, 80 pcs - TwinPol","og_description":"Heavy-duty cleaning wipes, 80 pcs Heavy-duty Cleaning Wipes Home > Products > Cleaning wipes > Powerful Cleaning for Tough Stains","og_url":"https:\/\/twinpol.com\/de\/produkt\/heavy-duty-reinigungstucher-80-stuck\/","og_site_name":"TwinPol","article_modified_time":"2023-12-11T14:03:09+00:00","og_image":[{"width":800,"height":800,"url":"https:\/\/twinpol.com\/wp-content\/uploads\/2023\/07\/FR00041_80_Wizualizacja_www.png","type":"image\/png"}],"twitter_card":"summary_large_image","twitter_misc":{"Gesch\u00e4tzte Lesezeit":"1\u00a0Minute"},"schema":{"@context":"https:\/\/schema.org","@graph":[{"@type":"WebPage","@id":"https:\/\/twinpol.com\/product\/heavy-duty-cleaning-wipes-80-pcs\/","url":"https:\/\/twinpol.com\/product\/heavy-duty-cleaning-wipes-80-pcs\/","name":"Hochbelastbare Reinigungst\u00fccher, 80 St\u00fcck - TwinPol","isPartOf":{"@id":"https:\/\/twinpol.com\/#website"},"primaryImageOfPage":{"@id":"https:\/\/twinpol.com\/product\/heavy-duty-cleaning-wipes-80-pcs\/#primaryimage"},"image":{"@id":"https:\/\/twinpol.com\/product\/heavy-duty-cleaning-wipes-80-pcs\/#primaryimage"},"thumbnailUrl":"https:\/\/twinpol.com\/wp-content\/uploads\/2023\/07\/FR00041_80_Wizualizacja_www.png","datePublished":"2023-07-18T12:00:52+00:00","dateModified":"2023-12-11T14:03:09+00:00","breadcrumb":{"@id":"https:\/\/twinpol.com\/product\/heavy-duty-cleaning-wipes-80-pcs\/#breadcrumb"},"inLanguage":"de","potentialAction":[{"@type":"ReadAction","target":["https:\/\/twinpol.com\/product\/heavy-duty-cleaning-wipes-80-pcs\/"]}]},{"@type":"ImageObject","inLanguage":"de","@id":"https:\/\/twinpol.com\/product\/heavy-duty-cleaning-wipes-80-pcs\/#primaryimage","url":"https:\/\/twinpol.com\/wp-content\/uploads\/2023\/07\/FR00041_80_Wizualizacja_www.png","contentUrl":"https:\/\/twinpol.com\/wp-content\/uploads\/2023\/07\/FR00041_80_Wizualizacja_www.png","width":800,"height":800},{"@type":"BreadcrumbList","@id":"https:\/\/twinpol.com\/product\/heavy-duty-cleaning-wipes-80-pcs\/#breadcrumb","itemListElement":[{"@type":"ListItem","position":1,"name":"Home","item":"https:\/\/twinpol.com\/"},{"@type":"ListItem","position":2,"name":"Products","item":"https:\/\/twinpol.com\/products\/"},{"@type":"ListItem","position":3,"name":"Heavy-duty cleaning wipes, 80 pcs"}]},{"@type":"WebSite","@id":"https:\/\/twinpol.com\/#website","url":"https:\/\/twinpol.com\/","name":"Twinpol","description":"Reinigungsmittel","publisher":{"@id":"https:\/\/twinpol.com\/#organization"},"potentialAction":[{"@type":"SearchAction","target":{"@type":"EntryPoint","urlTemplate":"https:\/\/twinpol.com\/?s={search_term_string}"},"query-input":{"@type":"PropertyValueSpecification","valueRequired":true,"valueName":"search_term_string"}}],"inLanguage":"de"},{"@type":"Organization","@id":"https:\/\/twinpol.com\/#organization","name":"Twinpol","url":"https:\/\/twinpol.com\/","logo":{"@type":"ImageObject","inLanguage":"de","@id":"https:\/\/twinpol.com\/#\/schema\/logo\/image\/","url":"https:\/\/twinpol.com\/wp-content\/uploads\/2022\/10\/cropped-favicon.png","contentUrl":"https:\/\/twinpol.com\/wp-content\/uploads\/2022\/10\/cropped-favicon.png","width":512,"height":512,"caption":"Twinpol"},"image":{"@id":"https:\/\/twinpol.com\/#\/schema\/logo\/image\/"}}]}},"_links":{"self":[{"href":"https:\/\/twinpol.com\/de\/wp-json\/wp\/v2\/product\/19894","targetHints":{"allow":["GET"]}}],"collection":[{"href":"https:\/\/twinpol.com\/de\/wp-json\/wp\/v2\/product"}],"about":[{"href":"https:\/\/twinpol.com\/de\/wp-json\/wp\/v2\/types\/product"}],"wp:featuredmedia":[{"embeddable":true,"href":"https:\/\/twinpol.com\/de\/wp-json\/wp\/v2\/media\/20152"}],"wp:attachment":[{"href":"https:\/\/twinpol.com\/de\/wp-json\/wp\/v2\/media?parent=19894"}],"wp:term":[{"taxonomy":"product_brand","embeddable":true,"href":"https:\/\/twinpol.com\/de\/wp-json\/wp\/v2\/product_brand?post=19894"},{"taxonomy":"product_cat","embeddable":true,"href":"https:\/\/twinpol.com\/de\/wp-json\/wp\/v2\/product_cat?post=19894"},{"taxonomy":"product_tag","embeddable":true,"href":"https:\/\/twinpol.com\/de\/wp-json\/wp\/v2\/product_tag?post=19894"}],"curies":[{"name":"wp","href":"https:\/\/api.w.org\/{rel}","templated":true}]}}