{"id":19906,"date":"2023-07-18T13:18:44","date_gmt":"2023-07-18T13:18:44","guid":{"rendered":"https:\/\/twinpol.com\/?post_type=product&#038;p=19906"},"modified":"2023-12-01T15:02:35","modified_gmt":"2023-12-01T15:02:35","slug":"air-conditioning-cleaning-liquid-500-ml","status":"publish","type":"product","link":"https:\/\/twinpol.com\/de\/produkt\/klimaanlagen-reinigungs-flussigkeit-500-ml\/","title":{"rendered":"Reinigungsfl\u00fcssigkeit f\u00fcr Klimaanlagen, 500 ml"},"content":{"rendered":"<p><!DOCTYPE html><br \/>\n<html><\/p>\n<p><head><br \/>\n  <title>Reinigungsfl\u00fcssigkeit f\u00fcr Klimaanlagen - 500 ml<\/title><br \/>\n  <meta name=\"description\" content=\"Reinigen und pflegen Sie Ihre Klimaanlage effektiv mit unserer Reinigungsfl\u00fcssigkeit f\u00fcr Klimaanlagen. Sorgen Sie f\u00fcr einen reibungslosen Betrieb Ihrer Klimaanlage und verbessern Sie die Luftqualit\u00e4t in Innenr\u00e4umen.\"><br \/>\n<\/head><\/p>\n<p><body><\/p>\n<h1>Reinigungsfl\u00fcssigkeit f\u00fcr Klimaanlagen<\/h1>\n<div class=\"breadcrumbs\">\n  <a href=\"\/de\/\">Startseite<\/a> > <a href=\"\/de\/products\/\">Produkte<\/a> > <a href=\"\/de\/product-category\/air-conditioning-cleaning-and-care\/\">Pflege von Klimaanlagen<\/a> >\n<\/div>\n<h2>Halten Sie Ihr AC sauber und effizient<\/h2>\n<p>Regelm\u00e4\u00dfige Wartung ist wichtig, um die optimale Leistung Ihrer Klimaanlage zu gew\u00e4hrleisten. Unsere Reinigungsfl\u00fcssigkeit f\u00fcr Klimaanlagen wurde speziell entwickelt, um Ihre Klimaanlage sauber und effizient zu halten.<\/p>\n<h2>Verbessern Sie die Luftqualit\u00e4t in Innenr\u00e4umen<\/h2>\n<p>Eine verschmutzte Klimaanlage kann Staub, Allergene und andere Schadstoffe beherbergen, die sich negativ auf die Luftqualit\u00e4t in Innenr\u00e4umen auswirken k\u00f6nnen. Mit unserer Reinigungsfl\u00fcssigkeit k\u00f6nnen Sie Ihre Klimaanlage effektiv von Schmutz, Staub und Dreck befreien und so eine sauberere und ges\u00fcndere Luft f\u00fcr Sie und Ihre Familie schaffen.<\/p>\n<h2>Vorteile<\/h2>\n<ul>\n<li>Reinigt und entfernt wirksam Schmutz aus Klimaanlagen<\/li>\n<li>Reduziert unangenehme Ger\u00fcche, die durch Schimmel und Bakterien verursacht werden<\/li>\n<li>Verl\u00e4ngert die Lebensdauer Ihres Klimager\u00e4ts<\/li>\n<li>Einfache Handhabung mit klaren Anweisungen<\/li>\n<li>Sicher f\u00fcr den Einsatz in verschiedenen Arten von Klimaanlagen<\/li>\n<\/ul>\n<p><\/body><\/p>\n<p><\/html><\/p>","protected":false},"excerpt":{"rendered":"<p>Klimaanlagen-Reinigungsfl\u00fcssigkeit - 500 ml Klimaanlagen-Reinigungsfl\u00fcssigkeit Home &gt; Produkte &gt; Klimaanlagenpflege &gt; Aufbewahrung<\/p>","protected":false},"featured_media":19907,"template":"","meta":[],"product_brand":[],"product_cat":[349],"product_tag":[],"class_list":{"0":"post-19906","1":"product","2":"type-product","3":"status-publish","4":"has-post-thumbnail","6":"product_cat-air-conditioning-cleaning-and-care","8":"first","9":"instock","10":"shipping-taxable","11":"product-type-simple"},"yoast_head":"<!-- This site is optimized with the Yoast SEO plugin v27.3 - https:\/\/yoast.com\/product\/yoast-seo-wordpress\/ -->\n<title>Air conditioning cleaning liquid, 500 ml - TwinPol<\/title>\n<meta name=\"robots\" content=\"index, follow, max-snippet:-1, max-image-preview:large, max-video-preview:-1\" \/>\n<link rel=\"canonical\" href=\"https:\/\/twinpol.com\/de\/produkt\/klimaanlagen-reinigungs-flussigkeit-500-ml\/\" \/>\n<meta property=\"og:locale\" content=\"de_DE\" \/>\n<meta property=\"og:type\" content=\"article\" \/>\n<meta property=\"og:title\" content=\"Air conditioning cleaning liquid, 500 ml - TwinPol\" \/>\n<meta property=\"og:description\" content=\"Air Conditioning Cleaning Liquid &#8211; 500 ml Air Conditioning Cleaning Liquid Home &gt; Products &gt; Air conditioning care &gt; Keep\" \/>\n<meta property=\"og:url\" content=\"https:\/\/twinpol.com\/de\/produkt\/klimaanlagen-reinigungs-flussigkeit-500-ml\/\" \/>\n<meta property=\"og:site_name\" content=\"TwinPol\" \/>\n<meta property=\"article:modified_time\" content=\"2023-12-01T15:02:35+00:00\" \/>\n<meta property=\"og:image\" content=\"https:\/\/twinpol.com\/wp-content\/uploads\/2023\/07\/FR00096_500_Wizualizacja_www.png\" \/>\n\t<meta property=\"og:image:width\" content=\"800\" \/>\n\t<meta property=\"og:image:height\" content=\"800\" \/>\n\t<meta property=\"og:image:type\" content=\"image\/png\" \/>\n<meta name=\"twitter:card\" content=\"summary_large_image\" \/>\n<meta name=\"twitter:label1\" content=\"Gesch\u00e4tzte Lesezeit\" \/>\n\t<meta name=\"twitter:data1\" content=\"1\u00a0Minute\" \/>\n<script type=\"application\/ld+json\" class=\"yoast-schema-graph\">{\"@context\":\"https:\\\/\\\/schema.org\",\"@graph\":[{\"@type\":\"WebPage\",\"@id\":\"https:\\\/\\\/twinpol.com\\\/product\\\/air-conditioning-cleaning-liquid-500-ml\\\/\",\"url\":\"https:\\\/\\\/twinpol.com\\\/product\\\/air-conditioning-cleaning-liquid-500-ml\\\/\",\"name\":\"Air conditioning cleaning liquid, 500 ml - TwinPol\",\"isPartOf\":{\"@id\":\"https:\\\/\\\/twinpol.com\\\/#website\"},\"primaryImageOfPage\":{\"@id\":\"https:\\\/\\\/twinpol.com\\\/product\\\/air-conditioning-cleaning-liquid-500-ml\\\/#primaryimage\"},\"image\":{\"@id\":\"https:\\\/\\\/twinpol.com\\\/product\\\/air-conditioning-cleaning-liquid-500-ml\\\/#primaryimage\"},\"thumbnailUrl\":\"https:\\\/\\\/twinpol.com\\\/wp-content\\\/uploads\\\/2023\\\/07\\\/FR00096_500_Wizualizacja_www.png\",\"datePublished\":\"2023-07-18T13:18:44+00:00\",\"dateModified\":\"2023-12-01T15:02:35+00:00\",\"breadcrumb\":{\"@id\":\"https:\\\/\\\/twinpol.com\\\/product\\\/air-conditioning-cleaning-liquid-500-ml\\\/#breadcrumb\"},\"inLanguage\":\"de\",\"potentialAction\":[{\"@type\":\"ReadAction\",\"target\":[\"https:\\\/\\\/twinpol.com\\\/product\\\/air-conditioning-cleaning-liquid-500-ml\\\/\"]}]},{\"@type\":\"ImageObject\",\"inLanguage\":\"de\",\"@id\":\"https:\\\/\\\/twinpol.com\\\/product\\\/air-conditioning-cleaning-liquid-500-ml\\\/#primaryimage\",\"url\":\"https:\\\/\\\/twinpol.com\\\/wp-content\\\/uploads\\\/2023\\\/07\\\/FR00096_500_Wizualizacja_www.png\",\"contentUrl\":\"https:\\\/\\\/twinpol.com\\\/wp-content\\\/uploads\\\/2023\\\/07\\\/FR00096_500_Wizualizacja_www.png\",\"width\":800,\"height\":800},{\"@type\":\"BreadcrumbList\",\"@id\":\"https:\\\/\\\/twinpol.com\\\/product\\\/air-conditioning-cleaning-liquid-500-ml\\\/#breadcrumb\",\"itemListElement\":[{\"@type\":\"ListItem\",\"position\":1,\"name\":\"Home\",\"item\":\"https:\\\/\\\/twinpol.com\\\/\"},{\"@type\":\"ListItem\",\"position\":2,\"name\":\"Products\",\"item\":\"https:\\\/\\\/twinpol.com\\\/products\\\/\"},{\"@type\":\"ListItem\",\"position\":3,\"name\":\"Air conditioning cleaning liquid, 500 ml\"}]},{\"@type\":\"WebSite\",\"@id\":\"https:\\\/\\\/twinpol.com\\\/#website\",\"url\":\"https:\\\/\\\/twinpol.com\\\/\",\"name\":\"Twinpol\",\"description\":\"Cleaning Supplies\",\"publisher\":{\"@id\":\"https:\\\/\\\/twinpol.com\\\/#organization\"},\"potentialAction\":[{\"@type\":\"SearchAction\",\"target\":{\"@type\":\"EntryPoint\",\"urlTemplate\":\"https:\\\/\\\/twinpol.com\\\/?s={search_term_string}\"},\"query-input\":{\"@type\":\"PropertyValueSpecification\",\"valueRequired\":true,\"valueName\":\"search_term_string\"}}],\"inLanguage\":\"de\"},{\"@type\":\"Organization\",\"@id\":\"https:\\\/\\\/twinpol.com\\\/#organization\",\"name\":\"Twinpol\",\"url\":\"https:\\\/\\\/twinpol.com\\\/\",\"logo\":{\"@type\":\"ImageObject\",\"inLanguage\":\"de\",\"@id\":\"https:\\\/\\\/twinpol.com\\\/#\\\/schema\\\/logo\\\/image\\\/\",\"url\":\"https:\\\/\\\/twinpol.com\\\/wp-content\\\/uploads\\\/2022\\\/10\\\/cropped-favicon.png\",\"contentUrl\":\"https:\\\/\\\/twinpol.com\\\/wp-content\\\/uploads\\\/2022\\\/10\\\/cropped-favicon.png\",\"width\":512,\"height\":512,\"caption\":\"Twinpol\"},\"image\":{\"@id\":\"https:\\\/\\\/twinpol.com\\\/#\\\/schema\\\/logo\\\/image\\\/\"}}]}<\/script>\n<!-- \/ Yoast SEO plugin. -->","yoast_head_json":{"title":"Reinigungsfl\u00fcssigkeit f\u00fcr Klimaanlagen, 500 ml - TwinPol","robots":{"index":"index","follow":"follow","max-snippet":"max-snippet:-1","max-image-preview":"max-image-preview:large","max-video-preview":"max-video-preview:-1"},"canonical":"https:\/\/twinpol.com\/de\/produkt\/klimaanlagen-reinigungs-flussigkeit-500-ml\/","og_locale":"de_DE","og_type":"article","og_title":"Air conditioning cleaning liquid, 500 ml - TwinPol","og_description":"Air Conditioning Cleaning Liquid &#8211; 500 ml Air Conditioning Cleaning Liquid Home > Products > Air conditioning care > Keep","og_url":"https:\/\/twinpol.com\/de\/produkt\/klimaanlagen-reinigungs-flussigkeit-500-ml\/","og_site_name":"TwinPol","article_modified_time":"2023-12-01T15:02:35+00:00","og_image":[{"width":800,"height":800,"url":"https:\/\/twinpol.com\/wp-content\/uploads\/2023\/07\/FR00096_500_Wizualizacja_www.png","type":"image\/png"}],"twitter_card":"summary_large_image","twitter_misc":{"Gesch\u00e4tzte Lesezeit":"1\u00a0Minute"},"schema":{"@context":"https:\/\/schema.org","@graph":[{"@type":"WebPage","@id":"https:\/\/twinpol.com\/product\/air-conditioning-cleaning-liquid-500-ml\/","url":"https:\/\/twinpol.com\/product\/air-conditioning-cleaning-liquid-500-ml\/","name":"Reinigungsfl\u00fcssigkeit f\u00fcr Klimaanlagen, 500 ml - TwinPol","isPartOf":{"@id":"https:\/\/twinpol.com\/#website"},"primaryImageOfPage":{"@id":"https:\/\/twinpol.com\/product\/air-conditioning-cleaning-liquid-500-ml\/#primaryimage"},"image":{"@id":"https:\/\/twinpol.com\/product\/air-conditioning-cleaning-liquid-500-ml\/#primaryimage"},"thumbnailUrl":"https:\/\/twinpol.com\/wp-content\/uploads\/2023\/07\/FR00096_500_Wizualizacja_www.png","datePublished":"2023-07-18T13:18:44+00:00","dateModified":"2023-12-01T15:02:35+00:00","breadcrumb":{"@id":"https:\/\/twinpol.com\/product\/air-conditioning-cleaning-liquid-500-ml\/#breadcrumb"},"inLanguage":"de","potentialAction":[{"@type":"ReadAction","target":["https:\/\/twinpol.com\/product\/air-conditioning-cleaning-liquid-500-ml\/"]}]},{"@type":"ImageObject","inLanguage":"de","@id":"https:\/\/twinpol.com\/product\/air-conditioning-cleaning-liquid-500-ml\/#primaryimage","url":"https:\/\/twinpol.com\/wp-content\/uploads\/2023\/07\/FR00096_500_Wizualizacja_www.png","contentUrl":"https:\/\/twinpol.com\/wp-content\/uploads\/2023\/07\/FR00096_500_Wizualizacja_www.png","width":800,"height":800},{"@type":"BreadcrumbList","@id":"https:\/\/twinpol.com\/product\/air-conditioning-cleaning-liquid-500-ml\/#breadcrumb","itemListElement":[{"@type":"ListItem","position":1,"name":"Home","item":"https:\/\/twinpol.com\/"},{"@type":"ListItem","position":2,"name":"Products","item":"https:\/\/twinpol.com\/products\/"},{"@type":"ListItem","position":3,"name":"Air conditioning cleaning liquid, 500 ml"}]},{"@type":"WebSite","@id":"https:\/\/twinpol.com\/#website","url":"https:\/\/twinpol.com\/","name":"Twinpol","description":"Reinigungsmittel","publisher":{"@id":"https:\/\/twinpol.com\/#organization"},"potentialAction":[{"@type":"SearchAction","target":{"@type":"EntryPoint","urlTemplate":"https:\/\/twinpol.com\/?s={search_term_string}"},"query-input":{"@type":"PropertyValueSpecification","valueRequired":true,"valueName":"search_term_string"}}],"inLanguage":"de"},{"@type":"Organization","@id":"https:\/\/twinpol.com\/#organization","name":"Twinpol","url":"https:\/\/twinpol.com\/","logo":{"@type":"ImageObject","inLanguage":"de","@id":"https:\/\/twinpol.com\/#\/schema\/logo\/image\/","url":"https:\/\/twinpol.com\/wp-content\/uploads\/2022\/10\/cropped-favicon.png","contentUrl":"https:\/\/twinpol.com\/wp-content\/uploads\/2022\/10\/cropped-favicon.png","width":512,"height":512,"caption":"Twinpol"},"image":{"@id":"https:\/\/twinpol.com\/#\/schema\/logo\/image\/"}}]}},"_links":{"self":[{"href":"https:\/\/twinpol.com\/de\/wp-json\/wp\/v2\/product\/19906","targetHints":{"allow":["GET"]}}],"collection":[{"href":"https:\/\/twinpol.com\/de\/wp-json\/wp\/v2\/product"}],"about":[{"href":"https:\/\/twinpol.com\/de\/wp-json\/wp\/v2\/types\/product"}],"wp:featuredmedia":[{"embeddable":true,"href":"https:\/\/twinpol.com\/de\/wp-json\/wp\/v2\/media\/19907"}],"wp:attachment":[{"href":"https:\/\/twinpol.com\/de\/wp-json\/wp\/v2\/media?parent=19906"}],"wp:term":[{"taxonomy":"product_brand","embeddable":true,"href":"https:\/\/twinpol.com\/de\/wp-json\/wp\/v2\/product_brand?post=19906"},{"taxonomy":"product_cat","embeddable":true,"href":"https:\/\/twinpol.com\/de\/wp-json\/wp\/v2\/product_cat?post=19906"},{"taxonomy":"product_tag","embeddable":true,"href":"https:\/\/twinpol.com\/de\/wp-json\/wp\/v2\/product_tag?post=19906"}],"curies":[{"name":"wp","href":"https:\/\/api.w.org\/{rel}","templated":true}]}}