{"id":19911,"date":"2023-07-18T13:34:32","date_gmt":"2023-07-18T13:34:32","guid":{"rendered":"https:\/\/twinpol.com\/?post_type=product&#038;p=19911"},"modified":"2023-12-11T14:06:05","modified_gmt":"2023-12-11T14:06:05","slug":"ironing-water-500-ml-flower-scent","status":"publish","type":"product","link":"https:\/\/twinpol.com\/de\/produkt\/bugelwasser-500-ml-blumen-duft\/","title":{"rendered":"B\u00fcgelwasser, 500 ml, Blumenduft"},"content":{"rendered":"<p><html><br \/>\n<head><br \/>\n  <title>B\u00fcgelwasser - Blumenduft | Parf\u00fcmierte Produkte<\/title><br \/>\n  <meta name=\"description\" content=\"Verbessern Sie Ihr B\u00fcgelerlebnis mit unserem duftenden B\u00fcgelwasser. Der Blumenduft verleiht Ihrer Kleidung ein erfrischendes Aroma und l\u00e4sst sie herrlich duften. Erh\u00e4ltlich in einer praktischen 500-ml-Flasche.\"><br \/>\n<\/head><br \/>\n<body><\/p>\n<h1>B\u00fcgelwasser - Bl\u00fctenduft<\/h1>\n<div class=\"breadcrumbs\">\n  <a href=\"\/de\/\">Startseite<\/a> > <a href=\"\/de\/products\/\">Produkte<\/a> > <a href=\"\/de\/product-category\/iron-cleaner-and-care\/\">Pflege von B\u00fcgeleisen<\/a> >\n<\/div>\n<h2>Verbessern Sie Ihr B\u00fcgelerlebnis<\/h2>\n<p>Unser duftendes B\u00fcgelwasser soll Ihre B\u00fcgelroutine auf ein ganz neues Niveau heben. Verabschieden Sie sich von der allt\u00e4glichen Arbeit und begr\u00fc\u00dfen Sie eine angenehme Erfahrung. Mit dem beruhigenden Duft frischer Blumen wird Ihre Kleidung nicht nur makellos aussehen, sondern auch wunderbar duften.<\/p>\n<h2>Erfrischend duftend<\/h2>\n<p>Der Blumenduft, der unserem B\u00fcgelwasser beigemischt ist, wird Ihre Wahrnehmung des B\u00fcgelns ver\u00e4ndern. W\u00e4hrend Sie Ihr B\u00fcgeleisen \u00fcber Ihre Kleidung gleiten lassen, weht der sanfte Duft durch die Luft und schafft eine angenehme und beruhigende Umgebung. Bei jedem Druck auf das B\u00fcgeleisen wird ein Hauch von Blumenduft freigesetzt, der das B\u00fcgeln zu einer angenehmen Aufgabe macht.<\/p>\n<h2>Vorteile<\/h2>\n<ul>\n<li>Zarter Blumenduft verleiht der Kleidung ein erfrischendes Aroma<\/li>\n<li>Schafft eine angenehme und beruhigende Umgebung<\/li>\n<li>Macht das B\u00fcgeln zu einer angenehmen Aufgabe<\/li>\n<li>Verbessert die Frische Ihrer Kleidung<\/li>\n<li>Bequem und einfach zu bedienen<\/li>\n<\/ul>\n<p><\/body><br \/>\n<\/html><\/p>","protected":false},"excerpt":{"rendered":"<p>B\u00fcgelwasser - Blumenduft | Parf\u00fcmierte Produkte B\u00fcgelwasser - Blumenduft Home &gt; Produkte &gt; B\u00fcgelpflege &gt;<\/p>","protected":false},"featured_media":19912,"template":"","meta":[],"product_brand":[],"product_cat":[332],"product_tag":[],"class_list":{"0":"post-19911","1":"product","2":"type-product","3":"status-publish","4":"has-post-thumbnail","6":"product_cat-iron-cleaner-and-care","8":"first","9":"instock","10":"shipping-taxable","11":"product-type-simple"},"yoast_head":"<!-- This site is optimized with the Yoast SEO plugin v27.4 - https:\/\/yoast.com\/product\/yoast-seo-wordpress\/ -->\n<title>Ironing water, 500 ml, flower scent - TwinPol<\/title>\n<meta name=\"robots\" content=\"index, follow, max-snippet:-1, max-image-preview:large, max-video-preview:-1\" \/>\n<link rel=\"canonical\" href=\"https:\/\/twinpol.com\/de\/produkt\/bugelwasser-500-ml-blumen-duft\/\" \/>\n<meta property=\"og:locale\" content=\"de_DE\" \/>\n<meta property=\"og:type\" content=\"article\" \/>\n<meta property=\"og:title\" content=\"Ironing water, 500 ml, flower scent - TwinPol\" \/>\n<meta property=\"og:description\" content=\"Ironing Water &#8211; Flower Scent | Scented Products Ironing Water &#8211; Flower Scent Home &gt; Products &gt; Iron care &gt;\" \/>\n<meta property=\"og:url\" content=\"https:\/\/twinpol.com\/de\/produkt\/bugelwasser-500-ml-blumen-duft\/\" \/>\n<meta property=\"og:site_name\" content=\"TwinPol\" \/>\n<meta property=\"article:modified_time\" content=\"2023-12-11T14:06:05+00:00\" \/>\n<meta property=\"og:image\" content=\"https:\/\/twinpol.com\/wp-content\/uploads\/2023\/07\/FR00099_500_Wizualizacja_www.png\" \/>\n\t<meta property=\"og:image:width\" content=\"800\" \/>\n\t<meta property=\"og:image:height\" content=\"800\" \/>\n\t<meta property=\"og:image:type\" content=\"image\/png\" \/>\n<meta name=\"twitter:card\" content=\"summary_large_image\" \/>\n<meta name=\"twitter:label1\" content=\"Gesch\u00e4tzte Lesezeit\" \/>\n\t<meta name=\"twitter:data1\" content=\"1\u00a0Minute\" \/>\n<script type=\"application\/ld+json\" class=\"yoast-schema-graph\">{\"@context\":\"https:\\\/\\\/schema.org\",\"@graph\":[{\"@type\":\"WebPage\",\"@id\":\"https:\\\/\\\/twinpol.com\\\/product\\\/ironing-water-500-ml-flower-scent\\\/\",\"url\":\"https:\\\/\\\/twinpol.com\\\/product\\\/ironing-water-500-ml-flower-scent\\\/\",\"name\":\"Ironing water, 500 ml, flower scent - TwinPol\",\"isPartOf\":{\"@id\":\"https:\\\/\\\/twinpol.com\\\/#website\"},\"primaryImageOfPage\":{\"@id\":\"https:\\\/\\\/twinpol.com\\\/product\\\/ironing-water-500-ml-flower-scent\\\/#primaryimage\"},\"image\":{\"@id\":\"https:\\\/\\\/twinpol.com\\\/product\\\/ironing-water-500-ml-flower-scent\\\/#primaryimage\"},\"thumbnailUrl\":\"https:\\\/\\\/twinpol.com\\\/wp-content\\\/uploads\\\/2023\\\/07\\\/FR00099_500_Wizualizacja_www.png\",\"datePublished\":\"2023-07-18T13:34:32+00:00\",\"dateModified\":\"2023-12-11T14:06:05+00:00\",\"breadcrumb\":{\"@id\":\"https:\\\/\\\/twinpol.com\\\/product\\\/ironing-water-500-ml-flower-scent\\\/#breadcrumb\"},\"inLanguage\":\"de\",\"potentialAction\":[{\"@type\":\"ReadAction\",\"target\":[\"https:\\\/\\\/twinpol.com\\\/product\\\/ironing-water-500-ml-flower-scent\\\/\"]}]},{\"@type\":\"ImageObject\",\"inLanguage\":\"de\",\"@id\":\"https:\\\/\\\/twinpol.com\\\/product\\\/ironing-water-500-ml-flower-scent\\\/#primaryimage\",\"url\":\"https:\\\/\\\/twinpol.com\\\/wp-content\\\/uploads\\\/2023\\\/07\\\/FR00099_500_Wizualizacja_www.png\",\"contentUrl\":\"https:\\\/\\\/twinpol.com\\\/wp-content\\\/uploads\\\/2023\\\/07\\\/FR00099_500_Wizualizacja_www.png\",\"width\":800,\"height\":800},{\"@type\":\"BreadcrumbList\",\"@id\":\"https:\\\/\\\/twinpol.com\\\/product\\\/ironing-water-500-ml-flower-scent\\\/#breadcrumb\",\"itemListElement\":[{\"@type\":\"ListItem\",\"position\":1,\"name\":\"Home\",\"item\":\"https:\\\/\\\/twinpol.com\\\/\"},{\"@type\":\"ListItem\",\"position\":2,\"name\":\"Products\",\"item\":\"https:\\\/\\\/twinpol.com\\\/products\\\/\"},{\"@type\":\"ListItem\",\"position\":3,\"name\":\"Ironing water, 500 ml, flower scent\"}]},{\"@type\":\"WebSite\",\"@id\":\"https:\\\/\\\/twinpol.com\\\/#website\",\"url\":\"https:\\\/\\\/twinpol.com\\\/\",\"name\":\"Twinpol\",\"description\":\"Cleaning Supplies\",\"publisher\":{\"@id\":\"https:\\\/\\\/twinpol.com\\\/#organization\"},\"potentialAction\":[{\"@type\":\"SearchAction\",\"target\":{\"@type\":\"EntryPoint\",\"urlTemplate\":\"https:\\\/\\\/twinpol.com\\\/?s={search_term_string}\"},\"query-input\":{\"@type\":\"PropertyValueSpecification\",\"valueRequired\":true,\"valueName\":\"search_term_string\"}}],\"inLanguage\":\"de\"},{\"@type\":\"Organization\",\"@id\":\"https:\\\/\\\/twinpol.com\\\/#organization\",\"name\":\"Twinpol\",\"url\":\"https:\\\/\\\/twinpol.com\\\/\",\"logo\":{\"@type\":\"ImageObject\",\"inLanguage\":\"de\",\"@id\":\"https:\\\/\\\/twinpol.com\\\/#\\\/schema\\\/logo\\\/image\\\/\",\"url\":\"https:\\\/\\\/twinpol.com\\\/wp-content\\\/uploads\\\/2022\\\/10\\\/cropped-favicon.png\",\"contentUrl\":\"https:\\\/\\\/twinpol.com\\\/wp-content\\\/uploads\\\/2022\\\/10\\\/cropped-favicon.png\",\"width\":512,\"height\":512,\"caption\":\"Twinpol\"},\"image\":{\"@id\":\"https:\\\/\\\/twinpol.com\\\/#\\\/schema\\\/logo\\\/image\\\/\"}}]}<\/script>\n<!-- \/ Yoast SEO plugin. -->","yoast_head_json":{"title":"B\u00fcgelwasser, 500 ml, Blumenduft - TwinPol","robots":{"index":"index","follow":"follow","max-snippet":"max-snippet:-1","max-image-preview":"max-image-preview:large","max-video-preview":"max-video-preview:-1"},"canonical":"https:\/\/twinpol.com\/de\/produkt\/bugelwasser-500-ml-blumen-duft\/","og_locale":"de_DE","og_type":"article","og_title":"Ironing water, 500 ml, flower scent - TwinPol","og_description":"Ironing Water &#8211; Flower Scent | Scented Products Ironing Water &#8211; Flower Scent Home > Products > Iron care >","og_url":"https:\/\/twinpol.com\/de\/produkt\/bugelwasser-500-ml-blumen-duft\/","og_site_name":"TwinPol","article_modified_time":"2023-12-11T14:06:05+00:00","og_image":[{"width":800,"height":800,"url":"https:\/\/twinpol.com\/wp-content\/uploads\/2023\/07\/FR00099_500_Wizualizacja_www.png","type":"image\/png"}],"twitter_card":"summary_large_image","twitter_misc":{"Gesch\u00e4tzte Lesezeit":"1\u00a0Minute"},"schema":{"@context":"https:\/\/schema.org","@graph":[{"@type":"WebPage","@id":"https:\/\/twinpol.com\/product\/ironing-water-500-ml-flower-scent\/","url":"https:\/\/twinpol.com\/product\/ironing-water-500-ml-flower-scent\/","name":"B\u00fcgelwasser, 500 ml, Blumenduft - TwinPol","isPartOf":{"@id":"https:\/\/twinpol.com\/#website"},"primaryImageOfPage":{"@id":"https:\/\/twinpol.com\/product\/ironing-water-500-ml-flower-scent\/#primaryimage"},"image":{"@id":"https:\/\/twinpol.com\/product\/ironing-water-500-ml-flower-scent\/#primaryimage"},"thumbnailUrl":"https:\/\/twinpol.com\/wp-content\/uploads\/2023\/07\/FR00099_500_Wizualizacja_www.png","datePublished":"2023-07-18T13:34:32+00:00","dateModified":"2023-12-11T14:06:05+00:00","breadcrumb":{"@id":"https:\/\/twinpol.com\/product\/ironing-water-500-ml-flower-scent\/#breadcrumb"},"inLanguage":"de","potentialAction":[{"@type":"ReadAction","target":["https:\/\/twinpol.com\/product\/ironing-water-500-ml-flower-scent\/"]}]},{"@type":"ImageObject","inLanguage":"de","@id":"https:\/\/twinpol.com\/product\/ironing-water-500-ml-flower-scent\/#primaryimage","url":"https:\/\/twinpol.com\/wp-content\/uploads\/2023\/07\/FR00099_500_Wizualizacja_www.png","contentUrl":"https:\/\/twinpol.com\/wp-content\/uploads\/2023\/07\/FR00099_500_Wizualizacja_www.png","width":800,"height":800},{"@type":"BreadcrumbList","@id":"https:\/\/twinpol.com\/product\/ironing-water-500-ml-flower-scent\/#breadcrumb","itemListElement":[{"@type":"ListItem","position":1,"name":"Home","item":"https:\/\/twinpol.com\/"},{"@type":"ListItem","position":2,"name":"Products","item":"https:\/\/twinpol.com\/products\/"},{"@type":"ListItem","position":3,"name":"Ironing water, 500 ml, flower scent"}]},{"@type":"WebSite","@id":"https:\/\/twinpol.com\/#website","url":"https:\/\/twinpol.com\/","name":"Twinpol","description":"Reinigungsmittel","publisher":{"@id":"https:\/\/twinpol.com\/#organization"},"potentialAction":[{"@type":"SearchAction","target":{"@type":"EntryPoint","urlTemplate":"https:\/\/twinpol.com\/?s={search_term_string}"},"query-input":{"@type":"PropertyValueSpecification","valueRequired":true,"valueName":"search_term_string"}}],"inLanguage":"de"},{"@type":"Organization","@id":"https:\/\/twinpol.com\/#organization","name":"Twinpol","url":"https:\/\/twinpol.com\/","logo":{"@type":"ImageObject","inLanguage":"de","@id":"https:\/\/twinpol.com\/#\/schema\/logo\/image\/","url":"https:\/\/twinpol.com\/wp-content\/uploads\/2022\/10\/cropped-favicon.png","contentUrl":"https:\/\/twinpol.com\/wp-content\/uploads\/2022\/10\/cropped-favicon.png","width":512,"height":512,"caption":"Twinpol"},"image":{"@id":"https:\/\/twinpol.com\/#\/schema\/logo\/image\/"}}]}},"_links":{"self":[{"href":"https:\/\/twinpol.com\/de\/wp-json\/wp\/v2\/product\/19911","targetHints":{"allow":["GET"]}}],"collection":[{"href":"https:\/\/twinpol.com\/de\/wp-json\/wp\/v2\/product"}],"about":[{"href":"https:\/\/twinpol.com\/de\/wp-json\/wp\/v2\/types\/product"}],"wp:featuredmedia":[{"embeddable":true,"href":"https:\/\/twinpol.com\/de\/wp-json\/wp\/v2\/media\/19912"}],"wp:attachment":[{"href":"https:\/\/twinpol.com\/de\/wp-json\/wp\/v2\/media?parent=19911"}],"wp:term":[{"taxonomy":"product_brand","embeddable":true,"href":"https:\/\/twinpol.com\/de\/wp-json\/wp\/v2\/product_brand?post=19911"},{"taxonomy":"product_cat","embeddable":true,"href":"https:\/\/twinpol.com\/de\/wp-json\/wp\/v2\/product_cat?post=19911"},{"taxonomy":"product_tag","embeddable":true,"href":"https:\/\/twinpol.com\/de\/wp-json\/wp\/v2\/product_tag?post=19911"}],"curies":[{"name":"wp","href":"https:\/\/api.w.org\/{rel}","templated":true}]}}