{"id":19920,"date":"2023-07-25T07:45:47","date_gmt":"2023-07-25T07:45:47","guid":{"rendered":"https:\/\/twinpol.com\/?post_type=product&#038;p=19920"},"modified":"2023-12-01T15:06:08","modified_gmt":"2023-12-01T15:06:08","slug":"bathroom-cleaning-tablets-6-pcs","status":"publish","type":"product","link":"https:\/\/twinpol.com\/de\/produkt\/bad-reinigungs-tabletten-6-stuck\/","title":{"rendered":"Bad-Reinigungstabletten, 6 St\u00fcck"},"content":{"rendered":"<p><html><br \/>\n<head><br \/>\n  <meta charset=\"UTF-8\"><br \/>\n  <title>Badezimmer Reinigungstabletten - 6 St\u00fcck | Home Cleaning Supplies<\/title><br \/>\n  <meta name=\"description\" content=\"Halten Sie Ihr Badezimmer mit unseren Badezimmer-Reinigungstabletten makellos sauber. Reinigen und desinfizieren Sie m\u00fchelos die Oberfl\u00e4chen Ihres Badezimmers.\"><br \/>\n<\/head><br \/>\n<body><\/p>\n<h1>Tabletten zur Reinigung des Badezimmers<\/h1>\n<div class=\"breadcrumbs\">\n  <a href=\"\/de\/\">Startseite<\/a> > <a href=\"\/de\/products\/\">Produkte<\/a> > <a href=\"\/de\/product-category\/bathroom\/\">Badezimmer-Reiniger<\/a> ><a href=\"\/de\/product-category\/tablets\/\">Reinigungstabletten<\/a> >\n<\/div>\n<h2>Ein frisches und sauberes Badezimmer pflegen<\/h2>\n<p>\n      Wir stellen unsere Badezimmer-Reinigungstabletten vor - die perfekte L\u00f6sung f\u00fcr ein makelloses Badezimmer. Mit dieser fortschrittlichen<br \/>\n      Reinigungsformel k\u00f6nnen Sie m\u00fchelos eine frische und hygienische Umgebung erhalten. Verabschieden Sie sich von hartn\u00e4ckigen Flecken,<br \/>\n      Seifenreste und unangenehme Ger\u00fcche.\n    <\/p>\n<h2>M\u00fchelose Reinigung mit kraftvollen Ergebnissen<\/h2>\n<p>\n      Unsere Bad-Reinigungstabletten wurden entwickelt, um Ihnen eine m\u00fchelose Reinigung zu erm\u00f6glichen. Jede Tablette<br \/>\n      hat eine starke Wirkung und entfernt effektiv Schmutz und Bakterien von verschiedenen Oberfl\u00e4chen im Badezimmer. Von Waschbecken und<br \/>\n      Arbeitsplatten, Duschfliesen und Toiletten - unsere Tabletten hinterlassen nichts als strahlende Sauberkeit.\n    <\/p>\n<h2>Vorteile<\/h2>\n<ul>\n<li>Einfach zu bedienen<\/li>\n<li>Starke Reinigungs- und Desinfektionswirkung<\/li>\n<li>Beseitigt Seifenschaum, Flecken und Bakterien<\/li>\n<li>Jede Packung enth\u00e4lt 6 Tabletten f\u00fcr eine lang anhaltende Anwendung<\/li>\n<li>Geeignet f\u00fcr alle Oberfl\u00e4chen im Bad<\/li>\n<\/ul>\n<p><\/body><br \/>\n<\/html><\/p>","protected":false},"excerpt":{"rendered":"<p>Badezimmer-Reinigungstabletten - 6 St\u00fcck | Home Cleaning Supplies Badezimmer-Reinigungstabletten Home &gt; Produkte &gt; Badezimmer-Reiniger &gt;Reinigung<\/p>","protected":false},"featured_media":19921,"template":"","meta":[],"product_brand":[],"product_cat":[320,338],"product_tag":[],"class_list":{"0":"post-19920","1":"product","2":"type-product","3":"status-publish","4":"has-post-thumbnail","6":"product_cat-bathroom","7":"product_cat-tablets","9":"first","10":"instock","11":"shipping-taxable","12":"product-type-simple"},"yoast_head":"<!-- This site is optimized with the Yoast SEO plugin v27.3 - https:\/\/yoast.com\/product\/yoast-seo-wordpress\/ -->\n<title>Bathroom cleaning tablets, 6 pcs - TwinPol<\/title>\n<meta name=\"robots\" content=\"index, follow, max-snippet:-1, max-image-preview:large, max-video-preview:-1\" \/>\n<link rel=\"canonical\" href=\"https:\/\/twinpol.com\/de\/produkt\/bad-reinigungs-tabletten-6-stuck\/\" \/>\n<meta property=\"og:locale\" content=\"de_DE\" \/>\n<meta property=\"og:type\" content=\"article\" \/>\n<meta property=\"og:title\" content=\"Bathroom cleaning tablets, 6 pcs - TwinPol\" \/>\n<meta property=\"og:description\" content=\"Bathroom Cleaning Tablets &#8211; 6 pcs | Home Cleaning Supplies Bathroom Cleaning Tablets Home &gt; Products &gt; Bathroom cleaners &gt;Cleaning\" \/>\n<meta property=\"og:url\" content=\"https:\/\/twinpol.com\/de\/produkt\/bad-reinigungs-tabletten-6-stuck\/\" \/>\n<meta property=\"og:site_name\" content=\"TwinPol\" \/>\n<meta property=\"article:modified_time\" content=\"2023-12-01T15:06:08+00:00\" \/>\n<meta property=\"og:image\" content=\"https:\/\/twinpol.com\/wp-content\/uploads\/2023\/07\/FR00176_6_Wizualizacja_www.png\" \/>\n\t<meta property=\"og:image:width\" content=\"800\" \/>\n\t<meta property=\"og:image:height\" content=\"800\" \/>\n\t<meta property=\"og:image:type\" content=\"image\/png\" \/>\n<meta name=\"twitter:card\" content=\"summary_large_image\" \/>\n<meta name=\"twitter:label1\" content=\"Gesch\u00e4tzte Lesezeit\" \/>\n\t<meta name=\"twitter:data1\" content=\"1\u00a0Minute\" \/>\n<script type=\"application\/ld+json\" class=\"yoast-schema-graph\">{\"@context\":\"https:\\\/\\\/schema.org\",\"@graph\":[{\"@type\":\"WebPage\",\"@id\":\"https:\\\/\\\/twinpol.com\\\/product\\\/bathroom-cleaning-tablets-6-pcs\\\/\",\"url\":\"https:\\\/\\\/twinpol.com\\\/product\\\/bathroom-cleaning-tablets-6-pcs\\\/\",\"name\":\"Bathroom cleaning tablets, 6 pcs - TwinPol\",\"isPartOf\":{\"@id\":\"https:\\\/\\\/twinpol.com\\\/#website\"},\"primaryImageOfPage\":{\"@id\":\"https:\\\/\\\/twinpol.com\\\/product\\\/bathroom-cleaning-tablets-6-pcs\\\/#primaryimage\"},\"image\":{\"@id\":\"https:\\\/\\\/twinpol.com\\\/product\\\/bathroom-cleaning-tablets-6-pcs\\\/#primaryimage\"},\"thumbnailUrl\":\"https:\\\/\\\/twinpol.com\\\/wp-content\\\/uploads\\\/2023\\\/07\\\/FR00176_6_Wizualizacja_www.png\",\"datePublished\":\"2023-07-25T07:45:47+00:00\",\"dateModified\":\"2023-12-01T15:06:08+00:00\",\"breadcrumb\":{\"@id\":\"https:\\\/\\\/twinpol.com\\\/product\\\/bathroom-cleaning-tablets-6-pcs\\\/#breadcrumb\"},\"inLanguage\":\"de\",\"potentialAction\":[{\"@type\":\"ReadAction\",\"target\":[\"https:\\\/\\\/twinpol.com\\\/product\\\/bathroom-cleaning-tablets-6-pcs\\\/\"]}]},{\"@type\":\"ImageObject\",\"inLanguage\":\"de\",\"@id\":\"https:\\\/\\\/twinpol.com\\\/product\\\/bathroom-cleaning-tablets-6-pcs\\\/#primaryimage\",\"url\":\"https:\\\/\\\/twinpol.com\\\/wp-content\\\/uploads\\\/2023\\\/07\\\/FR00176_6_Wizualizacja_www.png\",\"contentUrl\":\"https:\\\/\\\/twinpol.com\\\/wp-content\\\/uploads\\\/2023\\\/07\\\/FR00176_6_Wizualizacja_www.png\",\"width\":800,\"height\":800},{\"@type\":\"BreadcrumbList\",\"@id\":\"https:\\\/\\\/twinpol.com\\\/product\\\/bathroom-cleaning-tablets-6-pcs\\\/#breadcrumb\",\"itemListElement\":[{\"@type\":\"ListItem\",\"position\":1,\"name\":\"Home\",\"item\":\"https:\\\/\\\/twinpol.com\\\/\"},{\"@type\":\"ListItem\",\"position\":2,\"name\":\"Products\",\"item\":\"https:\\\/\\\/twinpol.com\\\/products\\\/\"},{\"@type\":\"ListItem\",\"position\":3,\"name\":\"Bathroom cleaning tablets, 6 pcs\"}]},{\"@type\":\"WebSite\",\"@id\":\"https:\\\/\\\/twinpol.com\\\/#website\",\"url\":\"https:\\\/\\\/twinpol.com\\\/\",\"name\":\"Twinpol\",\"description\":\"Cleaning Supplies\",\"publisher\":{\"@id\":\"https:\\\/\\\/twinpol.com\\\/#organization\"},\"potentialAction\":[{\"@type\":\"SearchAction\",\"target\":{\"@type\":\"EntryPoint\",\"urlTemplate\":\"https:\\\/\\\/twinpol.com\\\/?s={search_term_string}\"},\"query-input\":{\"@type\":\"PropertyValueSpecification\",\"valueRequired\":true,\"valueName\":\"search_term_string\"}}],\"inLanguage\":\"de\"},{\"@type\":\"Organization\",\"@id\":\"https:\\\/\\\/twinpol.com\\\/#organization\",\"name\":\"Twinpol\",\"url\":\"https:\\\/\\\/twinpol.com\\\/\",\"logo\":{\"@type\":\"ImageObject\",\"inLanguage\":\"de\",\"@id\":\"https:\\\/\\\/twinpol.com\\\/#\\\/schema\\\/logo\\\/image\\\/\",\"url\":\"https:\\\/\\\/twinpol.com\\\/wp-content\\\/uploads\\\/2022\\\/10\\\/cropped-favicon.png\",\"contentUrl\":\"https:\\\/\\\/twinpol.com\\\/wp-content\\\/uploads\\\/2022\\\/10\\\/cropped-favicon.png\",\"width\":512,\"height\":512,\"caption\":\"Twinpol\"},\"image\":{\"@id\":\"https:\\\/\\\/twinpol.com\\\/#\\\/schema\\\/logo\\\/image\\\/\"}}]}<\/script>\n<!-- \/ Yoast SEO plugin. -->","yoast_head_json":{"title":"Bad-Reinigungstabletten, 6 St\u00fcck - TwinPol","robots":{"index":"index","follow":"follow","max-snippet":"max-snippet:-1","max-image-preview":"max-image-preview:large","max-video-preview":"max-video-preview:-1"},"canonical":"https:\/\/twinpol.com\/de\/produkt\/bad-reinigungs-tabletten-6-stuck\/","og_locale":"de_DE","og_type":"article","og_title":"Bathroom cleaning tablets, 6 pcs - TwinPol","og_description":"Bathroom Cleaning Tablets &#8211; 6 pcs | Home Cleaning Supplies Bathroom Cleaning Tablets Home > Products > Bathroom cleaners >Cleaning","og_url":"https:\/\/twinpol.com\/de\/produkt\/bad-reinigungs-tabletten-6-stuck\/","og_site_name":"TwinPol","article_modified_time":"2023-12-01T15:06:08+00:00","og_image":[{"width":800,"height":800,"url":"https:\/\/twinpol.com\/wp-content\/uploads\/2023\/07\/FR00176_6_Wizualizacja_www.png","type":"image\/png"}],"twitter_card":"summary_large_image","twitter_misc":{"Gesch\u00e4tzte Lesezeit":"1\u00a0Minute"},"schema":{"@context":"https:\/\/schema.org","@graph":[{"@type":"WebPage","@id":"https:\/\/twinpol.com\/product\/bathroom-cleaning-tablets-6-pcs\/","url":"https:\/\/twinpol.com\/product\/bathroom-cleaning-tablets-6-pcs\/","name":"Bad-Reinigungstabletten, 6 St\u00fcck - TwinPol","isPartOf":{"@id":"https:\/\/twinpol.com\/#website"},"primaryImageOfPage":{"@id":"https:\/\/twinpol.com\/product\/bathroom-cleaning-tablets-6-pcs\/#primaryimage"},"image":{"@id":"https:\/\/twinpol.com\/product\/bathroom-cleaning-tablets-6-pcs\/#primaryimage"},"thumbnailUrl":"https:\/\/twinpol.com\/wp-content\/uploads\/2023\/07\/FR00176_6_Wizualizacja_www.png","datePublished":"2023-07-25T07:45:47+00:00","dateModified":"2023-12-01T15:06:08+00:00","breadcrumb":{"@id":"https:\/\/twinpol.com\/product\/bathroom-cleaning-tablets-6-pcs\/#breadcrumb"},"inLanguage":"de","potentialAction":[{"@type":"ReadAction","target":["https:\/\/twinpol.com\/product\/bathroom-cleaning-tablets-6-pcs\/"]}]},{"@type":"ImageObject","inLanguage":"de","@id":"https:\/\/twinpol.com\/product\/bathroom-cleaning-tablets-6-pcs\/#primaryimage","url":"https:\/\/twinpol.com\/wp-content\/uploads\/2023\/07\/FR00176_6_Wizualizacja_www.png","contentUrl":"https:\/\/twinpol.com\/wp-content\/uploads\/2023\/07\/FR00176_6_Wizualizacja_www.png","width":800,"height":800},{"@type":"BreadcrumbList","@id":"https:\/\/twinpol.com\/product\/bathroom-cleaning-tablets-6-pcs\/#breadcrumb","itemListElement":[{"@type":"ListItem","position":1,"name":"Home","item":"https:\/\/twinpol.com\/"},{"@type":"ListItem","position":2,"name":"Products","item":"https:\/\/twinpol.com\/products\/"},{"@type":"ListItem","position":3,"name":"Bathroom cleaning tablets, 6 pcs"}]},{"@type":"WebSite","@id":"https:\/\/twinpol.com\/#website","url":"https:\/\/twinpol.com\/","name":"Twinpol","description":"Reinigungsmittel","publisher":{"@id":"https:\/\/twinpol.com\/#organization"},"potentialAction":[{"@type":"SearchAction","target":{"@type":"EntryPoint","urlTemplate":"https:\/\/twinpol.com\/?s={search_term_string}"},"query-input":{"@type":"PropertyValueSpecification","valueRequired":true,"valueName":"search_term_string"}}],"inLanguage":"de"},{"@type":"Organization","@id":"https:\/\/twinpol.com\/#organization","name":"Twinpol","url":"https:\/\/twinpol.com\/","logo":{"@type":"ImageObject","inLanguage":"de","@id":"https:\/\/twinpol.com\/#\/schema\/logo\/image\/","url":"https:\/\/twinpol.com\/wp-content\/uploads\/2022\/10\/cropped-favicon.png","contentUrl":"https:\/\/twinpol.com\/wp-content\/uploads\/2022\/10\/cropped-favicon.png","width":512,"height":512,"caption":"Twinpol"},"image":{"@id":"https:\/\/twinpol.com\/#\/schema\/logo\/image\/"}}]}},"_links":{"self":[{"href":"https:\/\/twinpol.com\/de\/wp-json\/wp\/v2\/product\/19920","targetHints":{"allow":["GET"]}}],"collection":[{"href":"https:\/\/twinpol.com\/de\/wp-json\/wp\/v2\/product"}],"about":[{"href":"https:\/\/twinpol.com\/de\/wp-json\/wp\/v2\/types\/product"}],"wp:featuredmedia":[{"embeddable":true,"href":"https:\/\/twinpol.com\/de\/wp-json\/wp\/v2\/media\/19921"}],"wp:attachment":[{"href":"https:\/\/twinpol.com\/de\/wp-json\/wp\/v2\/media?parent=19920"}],"wp:term":[{"taxonomy":"product_brand","embeddable":true,"href":"https:\/\/twinpol.com\/de\/wp-json\/wp\/v2\/product_brand?post=19920"},{"taxonomy":"product_cat","embeddable":true,"href":"https:\/\/twinpol.com\/de\/wp-json\/wp\/v2\/product_cat?post=19920"},{"taxonomy":"product_tag","embeddable":true,"href":"https:\/\/twinpol.com\/de\/wp-json\/wp\/v2\/product_tag?post=19920"}],"curies":[{"name":"wp","href":"https:\/\/api.w.org\/{rel}","templated":true}]}}