{"id":20158,"date":"2023-10-13T08:08:30","date_gmt":"2023-10-13T08:08:30","guid":{"rendered":"https:\/\/twinpol.com\/?post_type=product&#038;p=20158"},"modified":"2023-10-26T12:30:43","modified_gmt":"2023-10-26T12:30:43","slug":"screen-cleaning-kit-2in1","status":"publish","type":"product","link":"https:\/\/twinpol.com\/de\/produkt\/bildschirm-reinigungs-kit-2in1\/","title":{"rendered":"Bildschirmreinigungsset, 2in1"},"content":{"rendered":"<p><html><br \/>\n<head><br \/>\n    <title>Bildschirmreinigungsset 2in1 - LCD-Reinigungsset<\/title><br \/>\n    <meta name=\"description\" content=\"Halten Sie Ihre Bildschirme kristallklar mit unserem Screen Cleaning Kit 2in1, das eine 250 ml Reinigungsfl\u00fcssigkeit und ein Mikrofasertuch enth\u00e4lt. Entdecken Sie jetzt seine Vorteile.\"><br \/>\n<\/head><br \/>\n<body><\/p>\n<h1>Bildschirm-Reinigungsset<\/h1>\n<div class=\"breadcrumbs\">\n  <a href=\"\/de\/\">Startseite<\/a> > <a href=\"\/de\/products\/\">Produkte<\/a> > <a href=\"\/de\/product-category\/screen\/\">Bildschirmreiniger<\/a> >\n<\/div>\n<h2>Erleben Sie kristallklare Bildschirme<\/h2>\n<p>        Halten Sie Ihre Bildschirme mit unserem Bildschirmreinigungsset makellos. Ganz gleich, ob es sich um Ihren Computermonitor, Ihr Smartphone oder Ihren Fernseher handelt, dieses Kit sorgt f\u00fcr eine makellose, kristallklare Anzeige. Verabschieden Sie sich von Flecken, Fingerabdr\u00fccken und Staub, die Ihr Sehvergn\u00fcgen schm\u00e4lern k\u00f6nnen.\n    <\/p>\n<h2>Un\u00fcbertroffene Bildschirmpflege<\/h2>\n<p>        Unser Screen Cleaning Kit 2in1 wurde entwickelt, um Ihre Bildschirme auf unvergleichliche Weise zu pflegen. Es verhilft Ihnen zu einem gestochen scharfen, lebendigen Display, das Arbeit und Unterhaltung noch angenehmer macht.<\/p>\n<p><h2>Vorteile<\/h2>\n<ul>\n<li>Entfernt Schmutz und Verunreinigungen, ohne die empfindliche Bildschirmoberfl\u00e4che zu besch\u00e4digen<\/li>\n<li>Verdr\u00e4ngt Staub und h\u00e4lt den Bildschirm l\u00e4nger sauber<\/li>\n<li> Geeignet f\u00fcr eine breite Palette von Bildschirmen, einschlie\u00dflich LCD, LED, OLED und PLASMA<\/li>\n<li>Einfach zu benutzen<\/li>\n<\/ul>\n<h2>Das Kit enth\u00e4lt:<\/h2>\n<ul>\n<li>250 ml Reinigungsfl\u00fcssigkeit<\/li>\n<li>Mikrofasertuch 20 x 20 cm<\/li>\n<\/ul>\n<p><\/body><br \/>\n<\/html><\/p>","protected":false},"excerpt":{"rendered":"<p>Bildschirmreinigungsset 2in1 - LCD-Reinigungsset Bildschirmreinigungsset Home &gt; Produkte &gt; Bildschirmreiniger &gt; Experience Crystal<\/p>","protected":false},"featured_media":20237,"template":"","meta":[],"product_brand":[],"product_cat":[197],"product_tag":[],"class_list":{"0":"post-20158","1":"product","2":"type-product","3":"status-publish","4":"has-post-thumbnail","6":"product_cat-screen","8":"first","9":"instock","10":"shipping-taxable","11":"purchasable","12":"product-type-simple"},"yoast_head":"<!-- This site is optimized with the Yoast SEO plugin v27.3 - https:\/\/yoast.com\/product\/yoast-seo-wordpress\/ -->\n<title>Screen cleaning kit, 2in1 - TwinPol<\/title>\n<meta name=\"robots\" content=\"index, follow, max-snippet:-1, max-image-preview:large, max-video-preview:-1\" \/>\n<link rel=\"canonical\" href=\"https:\/\/twinpol.com\/de\/produkt\/bildschirm-reinigungs-kit-2in1\/\" \/>\n<meta property=\"og:locale\" content=\"de_DE\" \/>\n<meta property=\"og:type\" content=\"article\" \/>\n<meta property=\"og:title\" content=\"Screen cleaning kit, 2in1 - TwinPol\" \/>\n<meta property=\"og:description\" content=\"Screen Cleaning Kit 2in1 &#8211; LCD Cleaning Set Screen Cleaning Kit Home &gt; Products &gt; Screen cleaner &gt; Experience Crystal\" \/>\n<meta property=\"og:url\" content=\"https:\/\/twinpol.com\/de\/produkt\/bildschirm-reinigungs-kit-2in1\/\" \/>\n<meta property=\"og:site_name\" content=\"TwinPol\" \/>\n<meta property=\"article:modified_time\" content=\"2023-10-26T12:30:43+00:00\" \/>\n<meta property=\"og:image\" content=\"https:\/\/twinpol.com\/wp-content\/uploads\/2023\/10\/RE02269_Wizualizacja.png\" \/>\n\t<meta property=\"og:image:width\" content=\"908\" \/>\n\t<meta property=\"og:image:height\" content=\"910\" \/>\n\t<meta property=\"og:image:type\" content=\"image\/png\" \/>\n<meta name=\"twitter:card\" content=\"summary_large_image\" \/>\n<meta name=\"twitter:label1\" content=\"Gesch\u00e4tzte Lesezeit\" \/>\n\t<meta name=\"twitter:data1\" content=\"1\u00a0Minute\" \/>\n<script type=\"application\/ld+json\" class=\"yoast-schema-graph\">{\"@context\":\"https:\\\/\\\/schema.org\",\"@graph\":[{\"@type\":\"WebPage\",\"@id\":\"https:\\\/\\\/twinpol.com\\\/product\\\/screen-cleaning-kit-2in1\\\/\",\"url\":\"https:\\\/\\\/twinpol.com\\\/product\\\/screen-cleaning-kit-2in1\\\/\",\"name\":\"Screen cleaning kit, 2in1 - TwinPol\",\"isPartOf\":{\"@id\":\"https:\\\/\\\/twinpol.com\\\/#website\"},\"primaryImageOfPage\":{\"@id\":\"https:\\\/\\\/twinpol.com\\\/product\\\/screen-cleaning-kit-2in1\\\/#primaryimage\"},\"image\":{\"@id\":\"https:\\\/\\\/twinpol.com\\\/product\\\/screen-cleaning-kit-2in1\\\/#primaryimage\"},\"thumbnailUrl\":\"https:\\\/\\\/twinpol.com\\\/wp-content\\\/uploads\\\/2023\\\/10\\\/RE02269_Wizualizacja.png\",\"datePublished\":\"2023-10-13T08:08:30+00:00\",\"dateModified\":\"2023-10-26T12:30:43+00:00\",\"breadcrumb\":{\"@id\":\"https:\\\/\\\/twinpol.com\\\/product\\\/screen-cleaning-kit-2in1\\\/#breadcrumb\"},\"inLanguage\":\"de\",\"potentialAction\":[{\"@type\":\"ReadAction\",\"target\":[\"https:\\\/\\\/twinpol.com\\\/product\\\/screen-cleaning-kit-2in1\\\/\"]}]},{\"@type\":\"ImageObject\",\"inLanguage\":\"de\",\"@id\":\"https:\\\/\\\/twinpol.com\\\/product\\\/screen-cleaning-kit-2in1\\\/#primaryimage\",\"url\":\"https:\\\/\\\/twinpol.com\\\/wp-content\\\/uploads\\\/2023\\\/10\\\/RE02269_Wizualizacja.png\",\"contentUrl\":\"https:\\\/\\\/twinpol.com\\\/wp-content\\\/uploads\\\/2023\\\/10\\\/RE02269_Wizualizacja.png\",\"width\":908,\"height\":910},{\"@type\":\"BreadcrumbList\",\"@id\":\"https:\\\/\\\/twinpol.com\\\/product\\\/screen-cleaning-kit-2in1\\\/#breadcrumb\",\"itemListElement\":[{\"@type\":\"ListItem\",\"position\":1,\"name\":\"Home\",\"item\":\"https:\\\/\\\/twinpol.com\\\/\"},{\"@type\":\"ListItem\",\"position\":2,\"name\":\"Products\",\"item\":\"https:\\\/\\\/twinpol.com\\\/products\\\/\"},{\"@type\":\"ListItem\",\"position\":3,\"name\":\"Screen cleaning kit, 2in1\"}]},{\"@type\":\"WebSite\",\"@id\":\"https:\\\/\\\/twinpol.com\\\/#website\",\"url\":\"https:\\\/\\\/twinpol.com\\\/\",\"name\":\"Twinpol\",\"description\":\"Cleaning Supplies\",\"publisher\":{\"@id\":\"https:\\\/\\\/twinpol.com\\\/#organization\"},\"potentialAction\":[{\"@type\":\"SearchAction\",\"target\":{\"@type\":\"EntryPoint\",\"urlTemplate\":\"https:\\\/\\\/twinpol.com\\\/?s={search_term_string}\"},\"query-input\":{\"@type\":\"PropertyValueSpecification\",\"valueRequired\":true,\"valueName\":\"search_term_string\"}}],\"inLanguage\":\"de\"},{\"@type\":\"Organization\",\"@id\":\"https:\\\/\\\/twinpol.com\\\/#organization\",\"name\":\"Twinpol\",\"url\":\"https:\\\/\\\/twinpol.com\\\/\",\"logo\":{\"@type\":\"ImageObject\",\"inLanguage\":\"de\",\"@id\":\"https:\\\/\\\/twinpol.com\\\/#\\\/schema\\\/logo\\\/image\\\/\",\"url\":\"https:\\\/\\\/twinpol.com\\\/wp-content\\\/uploads\\\/2022\\\/10\\\/cropped-favicon.png\",\"contentUrl\":\"https:\\\/\\\/twinpol.com\\\/wp-content\\\/uploads\\\/2022\\\/10\\\/cropped-favicon.png\",\"width\":512,\"height\":512,\"caption\":\"Twinpol\"},\"image\":{\"@id\":\"https:\\\/\\\/twinpol.com\\\/#\\\/schema\\\/logo\\\/image\\\/\"}}]}<\/script>\n<!-- \/ Yoast SEO plugin. -->","yoast_head_json":{"title":"Bildschirmreinigungsset, 2in1 - TwinPol","robots":{"index":"index","follow":"follow","max-snippet":"max-snippet:-1","max-image-preview":"max-image-preview:large","max-video-preview":"max-video-preview:-1"},"canonical":"https:\/\/twinpol.com\/de\/produkt\/bildschirm-reinigungs-kit-2in1\/","og_locale":"de_DE","og_type":"article","og_title":"Screen cleaning kit, 2in1 - TwinPol","og_description":"Screen Cleaning Kit 2in1 &#8211; LCD Cleaning Set Screen Cleaning Kit Home > Products > Screen cleaner > Experience Crystal","og_url":"https:\/\/twinpol.com\/de\/produkt\/bildschirm-reinigungs-kit-2in1\/","og_site_name":"TwinPol","article_modified_time":"2023-10-26T12:30:43+00:00","og_image":[{"width":908,"height":910,"url":"https:\/\/twinpol.com\/wp-content\/uploads\/2023\/10\/RE02269_Wizualizacja.png","type":"image\/png"}],"twitter_card":"summary_large_image","twitter_misc":{"Gesch\u00e4tzte Lesezeit":"1\u00a0Minute"},"schema":{"@context":"https:\/\/schema.org","@graph":[{"@type":"WebPage","@id":"https:\/\/twinpol.com\/product\/screen-cleaning-kit-2in1\/","url":"https:\/\/twinpol.com\/product\/screen-cleaning-kit-2in1\/","name":"Bildschirmreinigungsset, 2in1 - TwinPol","isPartOf":{"@id":"https:\/\/twinpol.com\/#website"},"primaryImageOfPage":{"@id":"https:\/\/twinpol.com\/product\/screen-cleaning-kit-2in1\/#primaryimage"},"image":{"@id":"https:\/\/twinpol.com\/product\/screen-cleaning-kit-2in1\/#primaryimage"},"thumbnailUrl":"https:\/\/twinpol.com\/wp-content\/uploads\/2023\/10\/RE02269_Wizualizacja.png","datePublished":"2023-10-13T08:08:30+00:00","dateModified":"2023-10-26T12:30:43+00:00","breadcrumb":{"@id":"https:\/\/twinpol.com\/product\/screen-cleaning-kit-2in1\/#breadcrumb"},"inLanguage":"de","potentialAction":[{"@type":"ReadAction","target":["https:\/\/twinpol.com\/product\/screen-cleaning-kit-2in1\/"]}]},{"@type":"ImageObject","inLanguage":"de","@id":"https:\/\/twinpol.com\/product\/screen-cleaning-kit-2in1\/#primaryimage","url":"https:\/\/twinpol.com\/wp-content\/uploads\/2023\/10\/RE02269_Wizualizacja.png","contentUrl":"https:\/\/twinpol.com\/wp-content\/uploads\/2023\/10\/RE02269_Wizualizacja.png","width":908,"height":910},{"@type":"BreadcrumbList","@id":"https:\/\/twinpol.com\/product\/screen-cleaning-kit-2in1\/#breadcrumb","itemListElement":[{"@type":"ListItem","position":1,"name":"Home","item":"https:\/\/twinpol.com\/"},{"@type":"ListItem","position":2,"name":"Products","item":"https:\/\/twinpol.com\/products\/"},{"@type":"ListItem","position":3,"name":"Screen cleaning kit, 2in1"}]},{"@type":"WebSite","@id":"https:\/\/twinpol.com\/#website","url":"https:\/\/twinpol.com\/","name":"Twinpol","description":"Reinigungsmittel","publisher":{"@id":"https:\/\/twinpol.com\/#organization"},"potentialAction":[{"@type":"SearchAction","target":{"@type":"EntryPoint","urlTemplate":"https:\/\/twinpol.com\/?s={search_term_string}"},"query-input":{"@type":"PropertyValueSpecification","valueRequired":true,"valueName":"search_term_string"}}],"inLanguage":"de"},{"@type":"Organization","@id":"https:\/\/twinpol.com\/#organization","name":"Twinpol","url":"https:\/\/twinpol.com\/","logo":{"@type":"ImageObject","inLanguage":"de","@id":"https:\/\/twinpol.com\/#\/schema\/logo\/image\/","url":"https:\/\/twinpol.com\/wp-content\/uploads\/2022\/10\/cropped-favicon.png","contentUrl":"https:\/\/twinpol.com\/wp-content\/uploads\/2022\/10\/cropped-favicon.png","width":512,"height":512,"caption":"Twinpol"},"image":{"@id":"https:\/\/twinpol.com\/#\/schema\/logo\/image\/"}}]}},"_links":{"self":[{"href":"https:\/\/twinpol.com\/de\/wp-json\/wp\/v2\/product\/20158","targetHints":{"allow":["GET"]}}],"collection":[{"href":"https:\/\/twinpol.com\/de\/wp-json\/wp\/v2\/product"}],"about":[{"href":"https:\/\/twinpol.com\/de\/wp-json\/wp\/v2\/types\/product"}],"wp:featuredmedia":[{"embeddable":true,"href":"https:\/\/twinpol.com\/de\/wp-json\/wp\/v2\/media\/20237"}],"wp:attachment":[{"href":"https:\/\/twinpol.com\/de\/wp-json\/wp\/v2\/media?parent=20158"}],"wp:term":[{"taxonomy":"product_brand","embeddable":true,"href":"https:\/\/twinpol.com\/de\/wp-json\/wp\/v2\/product_brand?post=20158"},{"taxonomy":"product_cat","embeddable":true,"href":"https:\/\/twinpol.com\/de\/wp-json\/wp\/v2\/product_cat?post=20158"},{"taxonomy":"product_tag","embeddable":true,"href":"https:\/\/twinpol.com\/de\/wp-json\/wp\/v2\/product_tag?post=20158"}],"curies":[{"name":"wp","href":"https:\/\/api.w.org\/{rel}","templated":true}]}}