{"id":20183,"date":"2023-09-13T08:00:51","date_gmt":"2023-09-13T08:00:51","guid":{"rendered":"https:\/\/twinpol.com\/?post_type=product&#038;p=20183"},"modified":"2023-09-19T07:43:57","modified_gmt":"2023-09-19T07:43:57","slug":"kitchen-cleaner-500-ml","status":"publish","type":"product","link":"https:\/\/twinpol.com\/de\/produkt\/kuchenreiniger-500-ml\/","title":{"rendered":"K\u00fcchenreiniger, 500 ml"},"content":{"rendered":"<p><html><br \/>\n<head><br \/>\n    <meta charset=\"UTF-8\"><br \/>\n    <meta name=\"viewport\" content=\"width=device-width, initial-scale=1.0\"><br \/>\n    <title>K\u00fcchenreiniger - 500 ml<\/title><br \/>\n    <meta name=\"description\" content=\"Halten Sie Ihre K\u00fcche blitzsauber mit unserem 500 ml K\u00fcchenreiniger. Verabschieden Sie sich m\u00fchelos von Fett und Flecken.\"><br \/>\n<\/head><br \/>\n<body><\/p>\n<h1>K\u00fcchenreiniger<\/h1>\n<div class=\"breadcrumbs\">\n  <a href=\"\/de\/\">Startseite<\/a> > <a href=\"\/de\/products\/\">Produkte<\/a> > <a href=\"\/de\/product-category\/kitchen\/\">K\u00fcchenreiniger<\/a>\n<\/div>\n<article>\n<h2>Effektive K\u00fcchenreinigung<\/h2>\n<p>Unser K\u00fcchenreiniger ist die ultimative L\u00f6sung f\u00fcr eine makellose K\u00fcche. Verabschieden Sie sich von hartn\u00e4ckigem Fett, Dreck und Essensflecken. Mit unserer kraftvollen Formel war die Reinigung noch nie so einfach.<\/p>\n<h2>Perfekt f\u00fcr Ihre K\u00fcche<\/h2>\n<p>Unser K\u00fcchenreiniger ist speziell f\u00fcr den Einsatz in K\u00fcchen konzipiert. Er eignet sich f\u00fcr Arbeitsplatten, Herdplatten, Sp\u00fclen und mehr. Halten Sie Ihren Kochbereich mit Leichtigkeit sauber und einladend.<\/p>\n<h2>Vorteile<\/h2>\n<ul>\n<li>Entfernt m\u00fchelos Fett und Flecken<\/li>\n<li>Hinterl\u00e4sst blitzsaubere und r\u00fcckstandsfreie Oberfl\u00e4chen<\/li>\n<li>Sicher f\u00fcr die Verwendung auf verschiedenen K\u00fcchenoberfl\u00e4chen<\/li>\n<li>Verbessert die Hygiene in Ihrer K\u00fcche<\/li>\n<\/ul>\n<p><\/body><br \/>\n<\/html><\/p>","protected":false},"excerpt":{"rendered":"<p>K\u00fcchenreiniger - 500 ml K\u00fcchenreiniger Home &gt; Produkte &gt; K\u00fcchenreiniger Effektive K\u00fcchenreinigung Unser K\u00fcchenreiniger ist<\/p>","protected":false},"featured_media":20186,"template":"","meta":[],"product_brand":[],"product_cat":[327],"product_tag":[],"class_list":{"0":"post-20183","1":"product","2":"type-product","3":"status-publish","4":"has-post-thumbnail","6":"product_cat-kitchen","8":"first","9":"instock","10":"shipping-taxable","11":"product-type-simple"},"yoast_head":"<!-- This site is optimized with the Yoast SEO plugin v27.4 - https:\/\/yoast.com\/product\/yoast-seo-wordpress\/ -->\n<title>Kitchen cleaner, 500 ml - TwinPol<\/title>\n<meta name=\"robots\" content=\"index, follow, max-snippet:-1, max-image-preview:large, max-video-preview:-1\" \/>\n<link rel=\"canonical\" href=\"https:\/\/twinpol.com\/de\/produkt\/kuchenreiniger-500-ml\/\" \/>\n<meta property=\"og:locale\" content=\"de_DE\" \/>\n<meta property=\"og:type\" content=\"article\" \/>\n<meta property=\"og:title\" content=\"Kitchen cleaner, 500 ml - TwinPol\" \/>\n<meta property=\"og:description\" content=\"Kitchen Cleaner &#8211; 500 ml Kitchen Cleaner Home &gt; Products &gt; Kitchen cleaners Effective Kitchen Cleaning Our Kitchen Cleaner is\" \/>\n<meta property=\"og:url\" content=\"https:\/\/twinpol.com\/de\/produkt\/kuchenreiniger-500-ml\/\" \/>\n<meta property=\"og:site_name\" content=\"TwinPol\" \/>\n<meta property=\"article:modified_time\" content=\"2023-09-19T07:43:57+00:00\" \/>\n<meta property=\"og:image\" content=\"https:\/\/twinpol.com\/wp-content\/uploads\/2023\/09\/FR00125_500_Wizualizacja_www.png\" \/>\n\t<meta property=\"og:image:width\" content=\"800\" \/>\n\t<meta property=\"og:image:height\" content=\"800\" \/>\n\t<meta property=\"og:image:type\" content=\"image\/png\" \/>\n<meta name=\"twitter:card\" content=\"summary_large_image\" \/>\n<meta name=\"twitter:label1\" content=\"Gesch\u00e4tzte Lesezeit\" \/>\n\t<meta name=\"twitter:data1\" content=\"1\u00a0Minute\" \/>\n<script type=\"application\/ld+json\" class=\"yoast-schema-graph\">{\"@context\":\"https:\\\/\\\/schema.org\",\"@graph\":[{\"@type\":\"WebPage\",\"@id\":\"https:\\\/\\\/twinpol.com\\\/product\\\/kitchen-cleaner-500-ml\\\/\",\"url\":\"https:\\\/\\\/twinpol.com\\\/product\\\/kitchen-cleaner-500-ml\\\/\",\"name\":\"Kitchen cleaner, 500 ml - TwinPol\",\"isPartOf\":{\"@id\":\"https:\\\/\\\/twinpol.com\\\/#website\"},\"primaryImageOfPage\":{\"@id\":\"https:\\\/\\\/twinpol.com\\\/product\\\/kitchen-cleaner-500-ml\\\/#primaryimage\"},\"image\":{\"@id\":\"https:\\\/\\\/twinpol.com\\\/product\\\/kitchen-cleaner-500-ml\\\/#primaryimage\"},\"thumbnailUrl\":\"https:\\\/\\\/twinpol.com\\\/wp-content\\\/uploads\\\/2023\\\/09\\\/FR00125_500_Wizualizacja_www.png\",\"datePublished\":\"2023-09-13T08:00:51+00:00\",\"dateModified\":\"2023-09-19T07:43:57+00:00\",\"breadcrumb\":{\"@id\":\"https:\\\/\\\/twinpol.com\\\/product\\\/kitchen-cleaner-500-ml\\\/#breadcrumb\"},\"inLanguage\":\"de\",\"potentialAction\":[{\"@type\":\"ReadAction\",\"target\":[\"https:\\\/\\\/twinpol.com\\\/product\\\/kitchen-cleaner-500-ml\\\/\"]}]},{\"@type\":\"ImageObject\",\"inLanguage\":\"de\",\"@id\":\"https:\\\/\\\/twinpol.com\\\/product\\\/kitchen-cleaner-500-ml\\\/#primaryimage\",\"url\":\"https:\\\/\\\/twinpol.com\\\/wp-content\\\/uploads\\\/2023\\\/09\\\/FR00125_500_Wizualizacja_www.png\",\"contentUrl\":\"https:\\\/\\\/twinpol.com\\\/wp-content\\\/uploads\\\/2023\\\/09\\\/FR00125_500_Wizualizacja_www.png\",\"width\":800,\"height\":800},{\"@type\":\"BreadcrumbList\",\"@id\":\"https:\\\/\\\/twinpol.com\\\/product\\\/kitchen-cleaner-500-ml\\\/#breadcrumb\",\"itemListElement\":[{\"@type\":\"ListItem\",\"position\":1,\"name\":\"Home\",\"item\":\"https:\\\/\\\/twinpol.com\\\/\"},{\"@type\":\"ListItem\",\"position\":2,\"name\":\"Products\",\"item\":\"https:\\\/\\\/twinpol.com\\\/products\\\/\"},{\"@type\":\"ListItem\",\"position\":3,\"name\":\"Kitchen cleaner, 500 ml\"}]},{\"@type\":\"WebSite\",\"@id\":\"https:\\\/\\\/twinpol.com\\\/#website\",\"url\":\"https:\\\/\\\/twinpol.com\\\/\",\"name\":\"Twinpol\",\"description\":\"Cleaning Supplies\",\"publisher\":{\"@id\":\"https:\\\/\\\/twinpol.com\\\/#organization\"},\"potentialAction\":[{\"@type\":\"SearchAction\",\"target\":{\"@type\":\"EntryPoint\",\"urlTemplate\":\"https:\\\/\\\/twinpol.com\\\/?s={search_term_string}\"},\"query-input\":{\"@type\":\"PropertyValueSpecification\",\"valueRequired\":true,\"valueName\":\"search_term_string\"}}],\"inLanguage\":\"de\"},{\"@type\":\"Organization\",\"@id\":\"https:\\\/\\\/twinpol.com\\\/#organization\",\"name\":\"Twinpol\",\"url\":\"https:\\\/\\\/twinpol.com\\\/\",\"logo\":{\"@type\":\"ImageObject\",\"inLanguage\":\"de\",\"@id\":\"https:\\\/\\\/twinpol.com\\\/#\\\/schema\\\/logo\\\/image\\\/\",\"url\":\"https:\\\/\\\/twinpol.com\\\/wp-content\\\/uploads\\\/2022\\\/10\\\/cropped-favicon.png\",\"contentUrl\":\"https:\\\/\\\/twinpol.com\\\/wp-content\\\/uploads\\\/2022\\\/10\\\/cropped-favicon.png\",\"width\":512,\"height\":512,\"caption\":\"Twinpol\"},\"image\":{\"@id\":\"https:\\\/\\\/twinpol.com\\\/#\\\/schema\\\/logo\\\/image\\\/\"}}]}<\/script>\n<!-- \/ Yoast SEO plugin. -->","yoast_head_json":{"title":"K\u00fcchenreiniger, 500 ml - TwinPol","robots":{"index":"index","follow":"follow","max-snippet":"max-snippet:-1","max-image-preview":"max-image-preview:large","max-video-preview":"max-video-preview:-1"},"canonical":"https:\/\/twinpol.com\/de\/produkt\/kuchenreiniger-500-ml\/","og_locale":"de_DE","og_type":"article","og_title":"Kitchen cleaner, 500 ml - TwinPol","og_description":"Kitchen Cleaner &#8211; 500 ml Kitchen Cleaner Home > Products > Kitchen cleaners Effective Kitchen Cleaning Our Kitchen Cleaner is","og_url":"https:\/\/twinpol.com\/de\/produkt\/kuchenreiniger-500-ml\/","og_site_name":"TwinPol","article_modified_time":"2023-09-19T07:43:57+00:00","og_image":[{"width":800,"height":800,"url":"https:\/\/twinpol.com\/wp-content\/uploads\/2023\/09\/FR00125_500_Wizualizacja_www.png","type":"image\/png"}],"twitter_card":"summary_large_image","twitter_misc":{"Gesch\u00e4tzte Lesezeit":"1\u00a0Minute"},"schema":{"@context":"https:\/\/schema.org","@graph":[{"@type":"WebPage","@id":"https:\/\/twinpol.com\/product\/kitchen-cleaner-500-ml\/","url":"https:\/\/twinpol.com\/product\/kitchen-cleaner-500-ml\/","name":"K\u00fcchenreiniger, 500 ml - TwinPol","isPartOf":{"@id":"https:\/\/twinpol.com\/#website"},"primaryImageOfPage":{"@id":"https:\/\/twinpol.com\/product\/kitchen-cleaner-500-ml\/#primaryimage"},"image":{"@id":"https:\/\/twinpol.com\/product\/kitchen-cleaner-500-ml\/#primaryimage"},"thumbnailUrl":"https:\/\/twinpol.com\/wp-content\/uploads\/2023\/09\/FR00125_500_Wizualizacja_www.png","datePublished":"2023-09-13T08:00:51+00:00","dateModified":"2023-09-19T07:43:57+00:00","breadcrumb":{"@id":"https:\/\/twinpol.com\/product\/kitchen-cleaner-500-ml\/#breadcrumb"},"inLanguage":"de","potentialAction":[{"@type":"ReadAction","target":["https:\/\/twinpol.com\/product\/kitchen-cleaner-500-ml\/"]}]},{"@type":"ImageObject","inLanguage":"de","@id":"https:\/\/twinpol.com\/product\/kitchen-cleaner-500-ml\/#primaryimage","url":"https:\/\/twinpol.com\/wp-content\/uploads\/2023\/09\/FR00125_500_Wizualizacja_www.png","contentUrl":"https:\/\/twinpol.com\/wp-content\/uploads\/2023\/09\/FR00125_500_Wizualizacja_www.png","width":800,"height":800},{"@type":"BreadcrumbList","@id":"https:\/\/twinpol.com\/product\/kitchen-cleaner-500-ml\/#breadcrumb","itemListElement":[{"@type":"ListItem","position":1,"name":"Home","item":"https:\/\/twinpol.com\/"},{"@type":"ListItem","position":2,"name":"Products","item":"https:\/\/twinpol.com\/products\/"},{"@type":"ListItem","position":3,"name":"Kitchen cleaner, 500 ml"}]},{"@type":"WebSite","@id":"https:\/\/twinpol.com\/#website","url":"https:\/\/twinpol.com\/","name":"Twinpol","description":"Reinigungsmittel","publisher":{"@id":"https:\/\/twinpol.com\/#organization"},"potentialAction":[{"@type":"SearchAction","target":{"@type":"EntryPoint","urlTemplate":"https:\/\/twinpol.com\/?s={search_term_string}"},"query-input":{"@type":"PropertyValueSpecification","valueRequired":true,"valueName":"search_term_string"}}],"inLanguage":"de"},{"@type":"Organization","@id":"https:\/\/twinpol.com\/#organization","name":"Twinpol","url":"https:\/\/twinpol.com\/","logo":{"@type":"ImageObject","inLanguage":"de","@id":"https:\/\/twinpol.com\/#\/schema\/logo\/image\/","url":"https:\/\/twinpol.com\/wp-content\/uploads\/2022\/10\/cropped-favicon.png","contentUrl":"https:\/\/twinpol.com\/wp-content\/uploads\/2022\/10\/cropped-favicon.png","width":512,"height":512,"caption":"Twinpol"},"image":{"@id":"https:\/\/twinpol.com\/#\/schema\/logo\/image\/"}}]}},"_links":{"self":[{"href":"https:\/\/twinpol.com\/de\/wp-json\/wp\/v2\/product\/20183","targetHints":{"allow":["GET"]}}],"collection":[{"href":"https:\/\/twinpol.com\/de\/wp-json\/wp\/v2\/product"}],"about":[{"href":"https:\/\/twinpol.com\/de\/wp-json\/wp\/v2\/types\/product"}],"wp:featuredmedia":[{"embeddable":true,"href":"https:\/\/twinpol.com\/de\/wp-json\/wp\/v2\/media\/20186"}],"wp:attachment":[{"href":"https:\/\/twinpol.com\/de\/wp-json\/wp\/v2\/media?parent=20183"}],"wp:term":[{"taxonomy":"product_brand","embeddable":true,"href":"https:\/\/twinpol.com\/de\/wp-json\/wp\/v2\/product_brand?post=20183"},{"taxonomy":"product_cat","embeddable":true,"href":"https:\/\/twinpol.com\/de\/wp-json\/wp\/v2\/product_cat?post=20183"},{"taxonomy":"product_tag","embeddable":true,"href":"https:\/\/twinpol.com\/de\/wp-json\/wp\/v2\/product_tag?post=20183"}],"curies":[{"name":"wp","href":"https:\/\/api.w.org\/{rel}","templated":true}]}}