{"id":20187,"date":"2023-09-19T07:51:04","date_gmt":"2023-09-19T07:51:04","guid":{"rendered":"https:\/\/twinpol.com\/?post_type=product&#038;p=20187"},"modified":"2023-12-12T11:04:32","modified_gmt":"2023-12-12T11:04:32","slug":"windows-cleaner-500-ml","status":"publish","type":"product","link":"https:\/\/twinpol.com\/de\/produkt\/fenster-reiniger-500-ml\/","title":{"rendered":"Fensterreiniger, 500 ml"},"content":{"rendered":"<p><html><br \/>\n<head><br \/>\n    <title>Fensterreiniger - Glasreinigungsfl\u00fcssigkeit<\/title><br \/>\n    <meta name=\"description\" content=\"Halten Sie Ihre Fenster mit unserer hochwertigen Glasreinigungsfl\u00fcssigkeit makellos. Entfernt m\u00fchelos Schmutz und Flecken.\"><br \/>\n<\/head><br \/>\n<body><\/p>\n<h1>Windows-Reiniger<\/h1>\n<div class=\"breadcrumbs\">\n  <a href=\"\/de\/\">Startseite<\/a> > <a href=\"\/de\/products\/\">Produkte<\/a> > <a href=\"\/de\/product-category\/glass\/\">Glasreiniger<\/a>\n<\/div>\n<h2>Kristallklarer Glanz<\/h2>\n<p>Erleben Sie die Klarheit, die Sie verdienen, mit unserem Fensterreiniger. Verabschieden Sie sich von Schlieren, Streifen und Flecken, die Ihre Sicht behindern. Unsere fortschrittliche Formel garantiert einen kristallklaren Glanz auf Ihren Fenstern und Glasfl\u00e4chen.<\/p>\n<h2>Starke Reinigungswirkung<\/h2>\n<p>Unser Fensterreiniger ist ein Kraftpaket gegen Schmutz und Dreck. Er l\u00f6st m\u00fchelos Fett, Fingerabdr\u00fccke und hartn\u00e4ckige Flecken und l\u00e4sst Ihre Fenster makellos aussehen. Sie werden von den schnellen und effektiven Reinigungsergebnissen begeistert sein.<\/p>\n<h2>Vorteile<\/h2>\n<ul>\n<li>Schlierenfreier Glanz<\/li>\n<li>Einfache Anwendung<\/li>\n<li>Langlebig<\/li>\n<li>Geeignet f\u00fcr verschiedene Arten von Glasoberfl\u00e4chen<\/li>\n<\/ul>\n<p><\/body><br \/>\n<\/html><\/p>","protected":false},"excerpt":{"rendered":"<p>Fensterreiniger - Glasreinigungsfl\u00fcssigkeit Fensterreiniger Home &gt; Produkte &gt; Glasreiniger Crystal Clear Shine Erleben Sie die Klarheit<\/p>","protected":false},"featured_media":20188,"template":"","meta":[],"product_brand":[],"product_cat":[325],"product_tag":[],"class_list":{"0":"post-20187","1":"product","2":"type-product","3":"status-publish","4":"has-post-thumbnail","6":"product_cat-glass","8":"first","9":"instock","10":"shipping-taxable","11":"product-type-simple"},"yoast_head":"<!-- This site is optimized with the Yoast SEO plugin v27.4 - https:\/\/yoast.com\/product\/yoast-seo-wordpress\/ -->\n<title>Windows cleaner, 500 ml - TwinPol<\/title>\n<meta name=\"robots\" content=\"index, follow, max-snippet:-1, max-image-preview:large, max-video-preview:-1\" \/>\n<link rel=\"canonical\" href=\"https:\/\/twinpol.com\/de\/produkt\/fenster-reiniger-500-ml\/\" \/>\n<meta property=\"og:locale\" content=\"de_DE\" \/>\n<meta property=\"og:type\" content=\"article\" \/>\n<meta property=\"og:title\" content=\"Windows cleaner, 500 ml - TwinPol\" \/>\n<meta property=\"og:description\" content=\"Windows Cleaner &#8211; Glass Cleaning Liquid Windows Cleaner Home &gt; Products &gt; Glass cleaners Crystal Clear Shine Experience the clarity\" \/>\n<meta property=\"og:url\" content=\"https:\/\/twinpol.com\/de\/produkt\/fenster-reiniger-500-ml\/\" \/>\n<meta property=\"og:site_name\" content=\"TwinPol\" \/>\n<meta property=\"article:modified_time\" content=\"2023-12-12T11:04:32+00:00\" \/>\n<meta property=\"og:image\" content=\"https:\/\/twinpol.com\/wp-content\/uploads\/2023\/09\/FR00131_500_Wizualizacja_www.png\" \/>\n\t<meta property=\"og:image:width\" content=\"800\" \/>\n\t<meta property=\"og:image:height\" content=\"800\" \/>\n\t<meta property=\"og:image:type\" content=\"image\/png\" \/>\n<meta name=\"twitter:card\" content=\"summary_large_image\" \/>\n<meta name=\"twitter:label1\" content=\"Gesch\u00e4tzte Lesezeit\" \/>\n\t<meta name=\"twitter:data1\" content=\"1\u00a0Minute\" \/>\n<script type=\"application\/ld+json\" class=\"yoast-schema-graph\">{\"@context\":\"https:\\\/\\\/schema.org\",\"@graph\":[{\"@type\":\"WebPage\",\"@id\":\"https:\\\/\\\/twinpol.com\\\/product\\\/windows-cleaner-500-ml\\\/\",\"url\":\"https:\\\/\\\/twinpol.com\\\/product\\\/windows-cleaner-500-ml\\\/\",\"name\":\"Windows cleaner, 500 ml - TwinPol\",\"isPartOf\":{\"@id\":\"https:\\\/\\\/twinpol.com\\\/#website\"},\"primaryImageOfPage\":{\"@id\":\"https:\\\/\\\/twinpol.com\\\/product\\\/windows-cleaner-500-ml\\\/#primaryimage\"},\"image\":{\"@id\":\"https:\\\/\\\/twinpol.com\\\/product\\\/windows-cleaner-500-ml\\\/#primaryimage\"},\"thumbnailUrl\":\"https:\\\/\\\/twinpol.com\\\/wp-content\\\/uploads\\\/2023\\\/09\\\/FR00131_500_Wizualizacja_www.png\",\"datePublished\":\"2023-09-19T07:51:04+00:00\",\"dateModified\":\"2023-12-12T11:04:32+00:00\",\"breadcrumb\":{\"@id\":\"https:\\\/\\\/twinpol.com\\\/product\\\/windows-cleaner-500-ml\\\/#breadcrumb\"},\"inLanguage\":\"de\",\"potentialAction\":[{\"@type\":\"ReadAction\",\"target\":[\"https:\\\/\\\/twinpol.com\\\/product\\\/windows-cleaner-500-ml\\\/\"]}]},{\"@type\":\"ImageObject\",\"inLanguage\":\"de\",\"@id\":\"https:\\\/\\\/twinpol.com\\\/product\\\/windows-cleaner-500-ml\\\/#primaryimage\",\"url\":\"https:\\\/\\\/twinpol.com\\\/wp-content\\\/uploads\\\/2023\\\/09\\\/FR00131_500_Wizualizacja_www.png\",\"contentUrl\":\"https:\\\/\\\/twinpol.com\\\/wp-content\\\/uploads\\\/2023\\\/09\\\/FR00131_500_Wizualizacja_www.png\",\"width\":800,\"height\":800},{\"@type\":\"BreadcrumbList\",\"@id\":\"https:\\\/\\\/twinpol.com\\\/product\\\/windows-cleaner-500-ml\\\/#breadcrumb\",\"itemListElement\":[{\"@type\":\"ListItem\",\"position\":1,\"name\":\"Home\",\"item\":\"https:\\\/\\\/twinpol.com\\\/\"},{\"@type\":\"ListItem\",\"position\":2,\"name\":\"Products\",\"item\":\"https:\\\/\\\/twinpol.com\\\/products\\\/\"},{\"@type\":\"ListItem\",\"position\":3,\"name\":\"Windows cleaner, 500 ml\"}]},{\"@type\":\"WebSite\",\"@id\":\"https:\\\/\\\/twinpol.com\\\/#website\",\"url\":\"https:\\\/\\\/twinpol.com\\\/\",\"name\":\"Twinpol\",\"description\":\"Cleaning Supplies\",\"publisher\":{\"@id\":\"https:\\\/\\\/twinpol.com\\\/#organization\"},\"potentialAction\":[{\"@type\":\"SearchAction\",\"target\":{\"@type\":\"EntryPoint\",\"urlTemplate\":\"https:\\\/\\\/twinpol.com\\\/?s={search_term_string}\"},\"query-input\":{\"@type\":\"PropertyValueSpecification\",\"valueRequired\":true,\"valueName\":\"search_term_string\"}}],\"inLanguage\":\"de\"},{\"@type\":\"Organization\",\"@id\":\"https:\\\/\\\/twinpol.com\\\/#organization\",\"name\":\"Twinpol\",\"url\":\"https:\\\/\\\/twinpol.com\\\/\",\"logo\":{\"@type\":\"ImageObject\",\"inLanguage\":\"de\",\"@id\":\"https:\\\/\\\/twinpol.com\\\/#\\\/schema\\\/logo\\\/image\\\/\",\"url\":\"https:\\\/\\\/twinpol.com\\\/wp-content\\\/uploads\\\/2022\\\/10\\\/cropped-favicon.png\",\"contentUrl\":\"https:\\\/\\\/twinpol.com\\\/wp-content\\\/uploads\\\/2022\\\/10\\\/cropped-favicon.png\",\"width\":512,\"height\":512,\"caption\":\"Twinpol\"},\"image\":{\"@id\":\"https:\\\/\\\/twinpol.com\\\/#\\\/schema\\\/logo\\\/image\\\/\"}}]}<\/script>\n<!-- \/ Yoast SEO plugin. -->","yoast_head_json":{"title":"Fensterreiniger, 500 ml - TwinPol","robots":{"index":"index","follow":"follow","max-snippet":"max-snippet:-1","max-image-preview":"max-image-preview:large","max-video-preview":"max-video-preview:-1"},"canonical":"https:\/\/twinpol.com\/de\/produkt\/fenster-reiniger-500-ml\/","og_locale":"de_DE","og_type":"article","og_title":"Windows cleaner, 500 ml - TwinPol","og_description":"Windows Cleaner &#8211; Glass Cleaning Liquid Windows Cleaner Home > Products > Glass cleaners Crystal Clear Shine Experience the clarity","og_url":"https:\/\/twinpol.com\/de\/produkt\/fenster-reiniger-500-ml\/","og_site_name":"TwinPol","article_modified_time":"2023-12-12T11:04:32+00:00","og_image":[{"width":800,"height":800,"url":"https:\/\/twinpol.com\/wp-content\/uploads\/2023\/09\/FR00131_500_Wizualizacja_www.png","type":"image\/png"}],"twitter_card":"summary_large_image","twitter_misc":{"Gesch\u00e4tzte Lesezeit":"1\u00a0Minute"},"schema":{"@context":"https:\/\/schema.org","@graph":[{"@type":"WebPage","@id":"https:\/\/twinpol.com\/product\/windows-cleaner-500-ml\/","url":"https:\/\/twinpol.com\/product\/windows-cleaner-500-ml\/","name":"Fensterreiniger, 500 ml - TwinPol","isPartOf":{"@id":"https:\/\/twinpol.com\/#website"},"primaryImageOfPage":{"@id":"https:\/\/twinpol.com\/product\/windows-cleaner-500-ml\/#primaryimage"},"image":{"@id":"https:\/\/twinpol.com\/product\/windows-cleaner-500-ml\/#primaryimage"},"thumbnailUrl":"https:\/\/twinpol.com\/wp-content\/uploads\/2023\/09\/FR00131_500_Wizualizacja_www.png","datePublished":"2023-09-19T07:51:04+00:00","dateModified":"2023-12-12T11:04:32+00:00","breadcrumb":{"@id":"https:\/\/twinpol.com\/product\/windows-cleaner-500-ml\/#breadcrumb"},"inLanguage":"de","potentialAction":[{"@type":"ReadAction","target":["https:\/\/twinpol.com\/product\/windows-cleaner-500-ml\/"]}]},{"@type":"ImageObject","inLanguage":"de","@id":"https:\/\/twinpol.com\/product\/windows-cleaner-500-ml\/#primaryimage","url":"https:\/\/twinpol.com\/wp-content\/uploads\/2023\/09\/FR00131_500_Wizualizacja_www.png","contentUrl":"https:\/\/twinpol.com\/wp-content\/uploads\/2023\/09\/FR00131_500_Wizualizacja_www.png","width":800,"height":800},{"@type":"BreadcrumbList","@id":"https:\/\/twinpol.com\/product\/windows-cleaner-500-ml\/#breadcrumb","itemListElement":[{"@type":"ListItem","position":1,"name":"Home","item":"https:\/\/twinpol.com\/"},{"@type":"ListItem","position":2,"name":"Products","item":"https:\/\/twinpol.com\/products\/"},{"@type":"ListItem","position":3,"name":"Windows cleaner, 500 ml"}]},{"@type":"WebSite","@id":"https:\/\/twinpol.com\/#website","url":"https:\/\/twinpol.com\/","name":"Twinpol","description":"Reinigungsmittel","publisher":{"@id":"https:\/\/twinpol.com\/#organization"},"potentialAction":[{"@type":"SearchAction","target":{"@type":"EntryPoint","urlTemplate":"https:\/\/twinpol.com\/?s={search_term_string}"},"query-input":{"@type":"PropertyValueSpecification","valueRequired":true,"valueName":"search_term_string"}}],"inLanguage":"de"},{"@type":"Organization","@id":"https:\/\/twinpol.com\/#organization","name":"Twinpol","url":"https:\/\/twinpol.com\/","logo":{"@type":"ImageObject","inLanguage":"de","@id":"https:\/\/twinpol.com\/#\/schema\/logo\/image\/","url":"https:\/\/twinpol.com\/wp-content\/uploads\/2022\/10\/cropped-favicon.png","contentUrl":"https:\/\/twinpol.com\/wp-content\/uploads\/2022\/10\/cropped-favicon.png","width":512,"height":512,"caption":"Twinpol"},"image":{"@id":"https:\/\/twinpol.com\/#\/schema\/logo\/image\/"}}]}},"_links":{"self":[{"href":"https:\/\/twinpol.com\/de\/wp-json\/wp\/v2\/product\/20187","targetHints":{"allow":["GET"]}}],"collection":[{"href":"https:\/\/twinpol.com\/de\/wp-json\/wp\/v2\/product"}],"about":[{"href":"https:\/\/twinpol.com\/de\/wp-json\/wp\/v2\/types\/product"}],"wp:featuredmedia":[{"embeddable":true,"href":"https:\/\/twinpol.com\/de\/wp-json\/wp\/v2\/media\/20188"}],"wp:attachment":[{"href":"https:\/\/twinpol.com\/de\/wp-json\/wp\/v2\/media?parent=20187"}],"wp:term":[{"taxonomy":"product_brand","embeddable":true,"href":"https:\/\/twinpol.com\/de\/wp-json\/wp\/v2\/product_brand?post=20187"},{"taxonomy":"product_cat","embeddable":true,"href":"https:\/\/twinpol.com\/de\/wp-json\/wp\/v2\/product_cat?post=20187"},{"taxonomy":"product_tag","embeddable":true,"href":"https:\/\/twinpol.com\/de\/wp-json\/wp\/v2\/product_tag?post=20187"}],"curies":[{"name":"wp","href":"https:\/\/api.w.org\/{rel}","templated":true}]}}