{"id":20194,"date":"2023-09-19T09:34:19","date_gmt":"2023-09-19T09:34:19","guid":{"rendered":"https:\/\/twinpol.com\/?post_type=product&#038;p=20194"},"modified":"2023-12-12T10:53:11","modified_gmt":"2023-12-12T10:53:11","slug":"plastic-cleaner-500-ml","status":"publish","type":"product","link":"https:\/\/twinpol.com\/de\/produkt\/kunststoff-reiniger-500-ml\/","title":{"rendered":"Kunststoffreiniger, 500 ml"},"content":{"rendered":"<p><!DOCTYPE html><br \/>\n<html><\/p>\n<p><head><br \/>\n    <title>Kunststoffreiniger, 500 ml - Damit Ihre Kunststoffe gl\u00e4nzen<\/title><br \/>\n    <meta name=\"description\" content=\"Stellen Sie den Glanz Ihrer Kunststoffe mit unserem Kunststoffreiniger, 500 ml, wieder her. Entfernt m\u00fchelos Flecken und Verschmutzungen.\"><br \/>\n<\/head><\/p>\n<p><body><\/p>\n<h1>Kunststoff-Reiniger, 500 ml<\/h1>\n<div class=\"breadcrumbs\">\n  <a href=\"\/de\/\">Startseite<\/a> > <a href=\"\/de\/products\/\">Produkte<\/a> > <a href=\"\/de\/product-category\/outdoor-garden-cleaners\/\">Au\u00dfen-\/Gartenreiniger<\/a> >\n<\/div>\n<h2>M\u00fchelose Kunststoffreinigung<\/h2>\n<p>Wir stellen unseren Kunststoffreiniger vor. Verabschieden Sie sich von hartn\u00e4ckigen Flecken und Verschmutzungen auf Ihren Kunststoffoberfl\u00e4chen. Dieser kraftvolle Reiniger wurde entwickelt, um Ihre Reinigungsaufgaben zu einem Kinderspiel zu machen.<\/p>\n<h2>Revitalisieren Sie Ihre Kunststoffe<\/h2>\n<p>Unser Plastic Cleaner eignet sich perfekt f\u00fcr verschiedene Kunststoffgegenst\u00e4nde, von Haushaltsger\u00e4ten bis hin zu Gartenm\u00f6beln. Egal, ob Sie verblasste Plastikst\u00fchle, fleckige Beh\u00e4lter oder abgenutzte Oberfl\u00e4chen haben, unser Plastic Cleaner wird sie wiederbeleben und sie wie neu aussehen lassen.<\/p>\n<\/section>\n<h2>Vorteile<\/h2>\n<ul>\n<li>Entfernt m\u00fchelos hartn\u00e4ckige Flecken und Verschmutzungen<\/li>\n<li>Sicher f\u00fcr eine breite Palette von Kunststoffoberfl\u00e4chen<\/li>\n<li>Langlebig.<\/li>\n<\/ul>\n<p><\/body><\/p>\n<p><\/html><\/p>","protected":false},"excerpt":{"rendered":"<p>Kunststoffreiniger, 500 ml - Damit Ihre Kunststoffe gl\u00e4nzen Kunststoffreiniger, 500 ml Home &gt; Produkte &gt; Au\u00dfen-\/Gartenreiniger &gt;<\/p>","protected":false},"featured_media":20195,"template":"","meta":[],"product_brand":[],"product_cat":[342],"product_tag":[],"class_list":{"0":"post-20194","1":"product","2":"type-product","3":"status-publish","4":"has-post-thumbnail","6":"product_cat-outdoor-garden-cleaners","8":"first","9":"instock","10":"shipping-taxable","11":"product-type-simple"},"yoast_head":"<!-- This site is optimized with the Yoast SEO plugin v27.4 - https:\/\/yoast.com\/product\/yoast-seo-wordpress\/ -->\n<title>Plastic cleaner, 500 ml - TwinPol<\/title>\n<meta name=\"robots\" content=\"index, follow, max-snippet:-1, max-image-preview:large, max-video-preview:-1\" \/>\n<link rel=\"canonical\" href=\"https:\/\/twinpol.com\/de\/produkt\/kunststoff-reiniger-500-ml\/\" \/>\n<meta property=\"og:locale\" content=\"de_DE\" \/>\n<meta property=\"og:type\" content=\"article\" \/>\n<meta property=\"og:title\" content=\"Plastic cleaner, 500 ml - TwinPol\" \/>\n<meta property=\"og:description\" content=\"Plastic Cleaner, 500 ml &#8211; Keep Your Plastics Shining Plastic Cleaner, 500 ml Home &gt; Products &gt; Outdoor\/Garden cleaners &gt;\" \/>\n<meta property=\"og:url\" content=\"https:\/\/twinpol.com\/de\/produkt\/kunststoff-reiniger-500-ml\/\" \/>\n<meta property=\"og:site_name\" content=\"TwinPol\" \/>\n<meta property=\"article:modified_time\" content=\"2023-12-12T10:53:11+00:00\" \/>\n<meta property=\"og:image\" content=\"https:\/\/twinpol.com\/wp-content\/uploads\/2023\/09\/FR00136_500_Wizualizacja_www.png\" \/>\n\t<meta property=\"og:image:width\" content=\"800\" \/>\n\t<meta property=\"og:image:height\" content=\"800\" \/>\n\t<meta property=\"og:image:type\" content=\"image\/png\" \/>\n<meta name=\"twitter:card\" content=\"summary_large_image\" \/>\n<meta name=\"twitter:label1\" content=\"Gesch\u00e4tzte Lesezeit\" \/>\n\t<meta name=\"twitter:data1\" content=\"1\u00a0Minute\" \/>\n<script type=\"application\/ld+json\" class=\"yoast-schema-graph\">{\"@context\":\"https:\\\/\\\/schema.org\",\"@graph\":[{\"@type\":\"WebPage\",\"@id\":\"https:\\\/\\\/twinpol.com\\\/product\\\/plastic-cleaner-500-ml\\\/\",\"url\":\"https:\\\/\\\/twinpol.com\\\/product\\\/plastic-cleaner-500-ml\\\/\",\"name\":\"Plastic cleaner, 500 ml - TwinPol\",\"isPartOf\":{\"@id\":\"https:\\\/\\\/twinpol.com\\\/#website\"},\"primaryImageOfPage\":{\"@id\":\"https:\\\/\\\/twinpol.com\\\/product\\\/plastic-cleaner-500-ml\\\/#primaryimage\"},\"image\":{\"@id\":\"https:\\\/\\\/twinpol.com\\\/product\\\/plastic-cleaner-500-ml\\\/#primaryimage\"},\"thumbnailUrl\":\"https:\\\/\\\/twinpol.com\\\/wp-content\\\/uploads\\\/2023\\\/09\\\/FR00136_500_Wizualizacja_www.png\",\"datePublished\":\"2023-09-19T09:34:19+00:00\",\"dateModified\":\"2023-12-12T10:53:11+00:00\",\"breadcrumb\":{\"@id\":\"https:\\\/\\\/twinpol.com\\\/product\\\/plastic-cleaner-500-ml\\\/#breadcrumb\"},\"inLanguage\":\"de\",\"potentialAction\":[{\"@type\":\"ReadAction\",\"target\":[\"https:\\\/\\\/twinpol.com\\\/product\\\/plastic-cleaner-500-ml\\\/\"]}]},{\"@type\":\"ImageObject\",\"inLanguage\":\"de\",\"@id\":\"https:\\\/\\\/twinpol.com\\\/product\\\/plastic-cleaner-500-ml\\\/#primaryimage\",\"url\":\"https:\\\/\\\/twinpol.com\\\/wp-content\\\/uploads\\\/2023\\\/09\\\/FR00136_500_Wizualizacja_www.png\",\"contentUrl\":\"https:\\\/\\\/twinpol.com\\\/wp-content\\\/uploads\\\/2023\\\/09\\\/FR00136_500_Wizualizacja_www.png\",\"width\":800,\"height\":800},{\"@type\":\"BreadcrumbList\",\"@id\":\"https:\\\/\\\/twinpol.com\\\/product\\\/plastic-cleaner-500-ml\\\/#breadcrumb\",\"itemListElement\":[{\"@type\":\"ListItem\",\"position\":1,\"name\":\"Home\",\"item\":\"https:\\\/\\\/twinpol.com\\\/\"},{\"@type\":\"ListItem\",\"position\":2,\"name\":\"Products\",\"item\":\"https:\\\/\\\/twinpol.com\\\/products\\\/\"},{\"@type\":\"ListItem\",\"position\":3,\"name\":\"Plastic cleaner, 500 ml\"}]},{\"@type\":\"WebSite\",\"@id\":\"https:\\\/\\\/twinpol.com\\\/#website\",\"url\":\"https:\\\/\\\/twinpol.com\\\/\",\"name\":\"Twinpol\",\"description\":\"Cleaning Supplies\",\"publisher\":{\"@id\":\"https:\\\/\\\/twinpol.com\\\/#organization\"},\"potentialAction\":[{\"@type\":\"SearchAction\",\"target\":{\"@type\":\"EntryPoint\",\"urlTemplate\":\"https:\\\/\\\/twinpol.com\\\/?s={search_term_string}\"},\"query-input\":{\"@type\":\"PropertyValueSpecification\",\"valueRequired\":true,\"valueName\":\"search_term_string\"}}],\"inLanguage\":\"de\"},{\"@type\":\"Organization\",\"@id\":\"https:\\\/\\\/twinpol.com\\\/#organization\",\"name\":\"Twinpol\",\"url\":\"https:\\\/\\\/twinpol.com\\\/\",\"logo\":{\"@type\":\"ImageObject\",\"inLanguage\":\"de\",\"@id\":\"https:\\\/\\\/twinpol.com\\\/#\\\/schema\\\/logo\\\/image\\\/\",\"url\":\"https:\\\/\\\/twinpol.com\\\/wp-content\\\/uploads\\\/2022\\\/10\\\/cropped-favicon.png\",\"contentUrl\":\"https:\\\/\\\/twinpol.com\\\/wp-content\\\/uploads\\\/2022\\\/10\\\/cropped-favicon.png\",\"width\":512,\"height\":512,\"caption\":\"Twinpol\"},\"image\":{\"@id\":\"https:\\\/\\\/twinpol.com\\\/#\\\/schema\\\/logo\\\/image\\\/\"}}]}<\/script>\n<!-- \/ Yoast SEO plugin. -->","yoast_head_json":{"title":"Kunststoffreiniger, 500 ml - TwinPol","robots":{"index":"index","follow":"follow","max-snippet":"max-snippet:-1","max-image-preview":"max-image-preview:large","max-video-preview":"max-video-preview:-1"},"canonical":"https:\/\/twinpol.com\/de\/produkt\/kunststoff-reiniger-500-ml\/","og_locale":"de_DE","og_type":"article","og_title":"Plastic cleaner, 500 ml - TwinPol","og_description":"Plastic Cleaner, 500 ml &#8211; Keep Your Plastics Shining Plastic Cleaner, 500 ml Home > Products > Outdoor\/Garden cleaners >","og_url":"https:\/\/twinpol.com\/de\/produkt\/kunststoff-reiniger-500-ml\/","og_site_name":"TwinPol","article_modified_time":"2023-12-12T10:53:11+00:00","og_image":[{"width":800,"height":800,"url":"https:\/\/twinpol.com\/wp-content\/uploads\/2023\/09\/FR00136_500_Wizualizacja_www.png","type":"image\/png"}],"twitter_card":"summary_large_image","twitter_misc":{"Gesch\u00e4tzte Lesezeit":"1\u00a0Minute"},"schema":{"@context":"https:\/\/schema.org","@graph":[{"@type":"WebPage","@id":"https:\/\/twinpol.com\/product\/plastic-cleaner-500-ml\/","url":"https:\/\/twinpol.com\/product\/plastic-cleaner-500-ml\/","name":"Kunststoffreiniger, 500 ml - TwinPol","isPartOf":{"@id":"https:\/\/twinpol.com\/#website"},"primaryImageOfPage":{"@id":"https:\/\/twinpol.com\/product\/plastic-cleaner-500-ml\/#primaryimage"},"image":{"@id":"https:\/\/twinpol.com\/product\/plastic-cleaner-500-ml\/#primaryimage"},"thumbnailUrl":"https:\/\/twinpol.com\/wp-content\/uploads\/2023\/09\/FR00136_500_Wizualizacja_www.png","datePublished":"2023-09-19T09:34:19+00:00","dateModified":"2023-12-12T10:53:11+00:00","breadcrumb":{"@id":"https:\/\/twinpol.com\/product\/plastic-cleaner-500-ml\/#breadcrumb"},"inLanguage":"de","potentialAction":[{"@type":"ReadAction","target":["https:\/\/twinpol.com\/product\/plastic-cleaner-500-ml\/"]}]},{"@type":"ImageObject","inLanguage":"de","@id":"https:\/\/twinpol.com\/product\/plastic-cleaner-500-ml\/#primaryimage","url":"https:\/\/twinpol.com\/wp-content\/uploads\/2023\/09\/FR00136_500_Wizualizacja_www.png","contentUrl":"https:\/\/twinpol.com\/wp-content\/uploads\/2023\/09\/FR00136_500_Wizualizacja_www.png","width":800,"height":800},{"@type":"BreadcrumbList","@id":"https:\/\/twinpol.com\/product\/plastic-cleaner-500-ml\/#breadcrumb","itemListElement":[{"@type":"ListItem","position":1,"name":"Home","item":"https:\/\/twinpol.com\/"},{"@type":"ListItem","position":2,"name":"Products","item":"https:\/\/twinpol.com\/products\/"},{"@type":"ListItem","position":3,"name":"Plastic cleaner, 500 ml"}]},{"@type":"WebSite","@id":"https:\/\/twinpol.com\/#website","url":"https:\/\/twinpol.com\/","name":"Twinpol","description":"Reinigungsmittel","publisher":{"@id":"https:\/\/twinpol.com\/#organization"},"potentialAction":[{"@type":"SearchAction","target":{"@type":"EntryPoint","urlTemplate":"https:\/\/twinpol.com\/?s={search_term_string}"},"query-input":{"@type":"PropertyValueSpecification","valueRequired":true,"valueName":"search_term_string"}}],"inLanguage":"de"},{"@type":"Organization","@id":"https:\/\/twinpol.com\/#organization","name":"Twinpol","url":"https:\/\/twinpol.com\/","logo":{"@type":"ImageObject","inLanguage":"de","@id":"https:\/\/twinpol.com\/#\/schema\/logo\/image\/","url":"https:\/\/twinpol.com\/wp-content\/uploads\/2022\/10\/cropped-favicon.png","contentUrl":"https:\/\/twinpol.com\/wp-content\/uploads\/2022\/10\/cropped-favicon.png","width":512,"height":512,"caption":"Twinpol"},"image":{"@id":"https:\/\/twinpol.com\/#\/schema\/logo\/image\/"}}]}},"_links":{"self":[{"href":"https:\/\/twinpol.com\/de\/wp-json\/wp\/v2\/product\/20194","targetHints":{"allow":["GET"]}}],"collection":[{"href":"https:\/\/twinpol.com\/de\/wp-json\/wp\/v2\/product"}],"about":[{"href":"https:\/\/twinpol.com\/de\/wp-json\/wp\/v2\/types\/product"}],"wp:featuredmedia":[{"embeddable":true,"href":"https:\/\/twinpol.com\/de\/wp-json\/wp\/v2\/media\/20195"}],"wp:attachment":[{"href":"https:\/\/twinpol.com\/de\/wp-json\/wp\/v2\/media?parent=20194"}],"wp:term":[{"taxonomy":"product_brand","embeddable":true,"href":"https:\/\/twinpol.com\/de\/wp-json\/wp\/v2\/product_brand?post=20194"},{"taxonomy":"product_cat","embeddable":true,"href":"https:\/\/twinpol.com\/de\/wp-json\/wp\/v2\/product_cat?post=20194"},{"taxonomy":"product_tag","embeddable":true,"href":"https:\/\/twinpol.com\/de\/wp-json\/wp\/v2\/product_tag?post=20194"}],"curies":[{"name":"wp","href":"https:\/\/api.w.org\/{rel}","templated":true}]}}