{"id":20268,"date":"2023-10-26T06:30:23","date_gmt":"2023-10-26T06:30:23","guid":{"rendered":"https:\/\/twinpol.com\/?post_type=product&#038;p=20268"},"modified":"2023-10-26T11:58:17","modified_gmt":"2023-10-26T11:58:17","slug":"lcd-screen-cleaning-liquid-100-ml-grapefruit-scent","status":"publish","type":"product","link":"https:\/\/twinpol.com\/de\/produkt\/lcd-siebdruck-reinigungsflussigkeit-100-ml-grapefruit-duft\/","title":{"rendered":"LCD-Bildschirmreinigungsfl\u00fcssigkeit, 100 ml, Grapefruit-Duft"},"content":{"rendered":"<p><html><br \/>\n<head><br \/>\n    <meta charset=\"UTF-8\"><br \/>\n    <meta name=\"viewport\" content=\"width=device-width, initial-scale=1.0\"><br \/>\n    <title>LCD-Bildschirm-Reinigungsfl\u00fcssigkeit<\/title><br \/>\n    <meta name=\"description\" content=\"Halten Sie Ihre Bildschirme kristallklar mit unserer LCD-Bildschirmreinigungsfl\u00fcssigkeit mit Grapefruit-Duft. Erfahren Sie mehr \u00fcber seine Vorteile und Eigenschaften.\"><br \/>\n<\/head><br \/>\n<body><\/p>\n<h1>LCD-Bildschirm-Reinigungsfl\u00fcssigkeit<\/h1>\n<div class=\"breadcrumbs\">\n  <a href=\"\/de\/\">Startseite<\/a> > <a href=\"\/de\/products\/\">Produkte<\/a> > <a href=\"\/de\/product-category\/screen\/\">Bildschirmreiniger<\/a> >\n<\/div>\n<h2>Halten Sie Ihre Bildschirme kristallklar<\/h2>\n<p>Wir stellen Ihnen unsere LCD-Bildschirmreinigungsfl\u00fcssigkeit vor, die perfekte L\u00f6sung, um die makellose Qualit\u00e4t Ihrer Bildschirme zu erhalten. Diese innovative Reinigungsformel wurde mit Blick auf Ihre Bequemlichkeit entwickelt und gew\u00e4hrleistet eine m\u00fchelose, streifenfreie Reinigung.<\/p>\n<h2>Erfrischender Grapefruit-Duft<\/h2>\n<p>Unsere LCD-Bildschirmreinigungsfl\u00fcssigkeit wurde speziell entwickelt, um Ihre Bildschirme kristallklar zu halten. Aber es geht nicht nur um saubere Bildschirme, sondern auch darum, Ihr sensorisches Erlebnis mit einem herrlichen Grapefruitduft zu verbessern, der nach jeder Reinigung nachklingt.<\/p>\n<h2>Vorteile<\/h2>\n<ul>\n<li>Mit Grapefruit-Duft f\u00fcr ein erfrischendes Reinigungserlebnis<\/li>\n<li>Effektive Reinigung, Entfernung von Staub, Fingerabdr\u00fccken und Schmutzflecken<\/li>\n<li>Sicher f\u00fcr alle LCD-Bildschirme, einschlie\u00dflich Smartphones, Tablets und Computermonitore<\/li>\n<li>Praktische 100 ml Kapazit\u00e4t f\u00fcr l\u00e4ngeren Gebrauch<\/li>\n<\/ul>\n<p><\/body><br \/>\n<\/html><\/p>","protected":false},"excerpt":{"rendered":"<p>LCD-Bildschirmreinigungsfl\u00fcssigkeit LCD-Bildschirmreinigungsfl\u00fcssigkeit Home &gt; Produkte &gt; Bildschirmreiniger &gt; Halten Sie Ihre Bildschirme kristallklar<\/p>","protected":false},"featured_media":20265,"template":"","meta":[],"product_brand":[],"product_cat":[197],"product_tag":[],"class_list":{"0":"post-20268","1":"product","2":"type-product","3":"status-publish","4":"has-post-thumbnail","6":"product_cat-screen","8":"first","9":"instock","10":"shipping-taxable","11":"purchasable","12":"product-type-simple"},"yoast_head":"<!-- This site is optimized with the Yoast SEO plugin v27.3 - https:\/\/yoast.com\/product\/yoast-seo-wordpress\/ -->\n<title>LCD Screen cleaning liquid, 100 ml, grapefruit scent - TwinPol<\/title>\n<meta name=\"robots\" content=\"index, follow, max-snippet:-1, max-image-preview:large, max-video-preview:-1\" \/>\n<link rel=\"canonical\" href=\"https:\/\/twinpol.com\/de\/produkt\/lcd-siebdruck-reinigungsflussigkeit-100-ml-grapefruit-duft\/\" \/>\n<meta property=\"og:locale\" content=\"de_DE\" \/>\n<meta property=\"og:type\" content=\"article\" \/>\n<meta property=\"og:title\" content=\"LCD Screen cleaning liquid, 100 ml, grapefruit scent - TwinPol\" \/>\n<meta property=\"og:description\" content=\"LCD Screen Cleaning Liquid LCD Screen Cleaning Liquid Home &gt; Products &gt; Screen cleaners &gt; Keep Your Screens Crystal Clear\" \/>\n<meta property=\"og:url\" content=\"https:\/\/twinpol.com\/de\/produkt\/lcd-siebdruck-reinigungsflussigkeit-100-ml-grapefruit-duft\/\" \/>\n<meta property=\"og:site_name\" content=\"TwinPol\" \/>\n<meta property=\"article:modified_time\" content=\"2023-10-26T11:58:17+00:00\" \/>\n<meta property=\"og:image\" content=\"https:\/\/twinpol.com\/wp-content\/uploads\/2023\/03\/FR01080_100_G_Wizualizacja_www.png\" \/>\n\t<meta property=\"og:image:width\" content=\"800\" \/>\n\t<meta property=\"og:image:height\" content=\"800\" \/>\n\t<meta property=\"og:image:type\" content=\"image\/png\" \/>\n<meta name=\"twitter:card\" content=\"summary_large_image\" \/>\n<meta name=\"twitter:label1\" content=\"Gesch\u00e4tzte Lesezeit\" \/>\n\t<meta name=\"twitter:data1\" content=\"1\u00a0Minute\" \/>\n<script type=\"application\/ld+json\" class=\"yoast-schema-graph\">{\"@context\":\"https:\\\/\\\/schema.org\",\"@graph\":[{\"@type\":\"WebPage\",\"@id\":\"https:\\\/\\\/twinpol.com\\\/product\\\/lcd-screen-cleaning-liquid-100-ml-grapefruit-scent\\\/\",\"url\":\"https:\\\/\\\/twinpol.com\\\/product\\\/lcd-screen-cleaning-liquid-100-ml-grapefruit-scent\\\/\",\"name\":\"LCD Screen cleaning liquid, 100 ml, grapefruit scent - TwinPol\",\"isPartOf\":{\"@id\":\"https:\\\/\\\/twinpol.com\\\/#website\"},\"primaryImageOfPage\":{\"@id\":\"https:\\\/\\\/twinpol.com\\\/product\\\/lcd-screen-cleaning-liquid-100-ml-grapefruit-scent\\\/#primaryimage\"},\"image\":{\"@id\":\"https:\\\/\\\/twinpol.com\\\/product\\\/lcd-screen-cleaning-liquid-100-ml-grapefruit-scent\\\/#primaryimage\"},\"thumbnailUrl\":\"https:\\\/\\\/twinpol.com\\\/wp-content\\\/uploads\\\/2023\\\/03\\\/FR01080_100_G_Wizualizacja_www.png\",\"datePublished\":\"2023-10-26T06:30:23+00:00\",\"dateModified\":\"2023-10-26T11:58:17+00:00\",\"breadcrumb\":{\"@id\":\"https:\\\/\\\/twinpol.com\\\/product\\\/lcd-screen-cleaning-liquid-100-ml-grapefruit-scent\\\/#breadcrumb\"},\"inLanguage\":\"de\",\"potentialAction\":[{\"@type\":\"ReadAction\",\"target\":[\"https:\\\/\\\/twinpol.com\\\/product\\\/lcd-screen-cleaning-liquid-100-ml-grapefruit-scent\\\/\"]}]},{\"@type\":\"ImageObject\",\"inLanguage\":\"de\",\"@id\":\"https:\\\/\\\/twinpol.com\\\/product\\\/lcd-screen-cleaning-liquid-100-ml-grapefruit-scent\\\/#primaryimage\",\"url\":\"https:\\\/\\\/twinpol.com\\\/wp-content\\\/uploads\\\/2023\\\/03\\\/FR01080_100_G_Wizualizacja_www.png\",\"contentUrl\":\"https:\\\/\\\/twinpol.com\\\/wp-content\\\/uploads\\\/2023\\\/03\\\/FR01080_100_G_Wizualizacja_www.png\",\"width\":800,\"height\":800},{\"@type\":\"BreadcrumbList\",\"@id\":\"https:\\\/\\\/twinpol.com\\\/product\\\/lcd-screen-cleaning-liquid-100-ml-grapefruit-scent\\\/#breadcrumb\",\"itemListElement\":[{\"@type\":\"ListItem\",\"position\":1,\"name\":\"Home\",\"item\":\"https:\\\/\\\/twinpol.com\\\/\"},{\"@type\":\"ListItem\",\"position\":2,\"name\":\"Products\",\"item\":\"https:\\\/\\\/twinpol.com\\\/products\\\/\"},{\"@type\":\"ListItem\",\"position\":3,\"name\":\"LCD Screen cleaning liquid, 100 ml, grapefruit scent\"}]},{\"@type\":\"WebSite\",\"@id\":\"https:\\\/\\\/twinpol.com\\\/#website\",\"url\":\"https:\\\/\\\/twinpol.com\\\/\",\"name\":\"Twinpol\",\"description\":\"Cleaning Supplies\",\"publisher\":{\"@id\":\"https:\\\/\\\/twinpol.com\\\/#organization\"},\"potentialAction\":[{\"@type\":\"SearchAction\",\"target\":{\"@type\":\"EntryPoint\",\"urlTemplate\":\"https:\\\/\\\/twinpol.com\\\/?s={search_term_string}\"},\"query-input\":{\"@type\":\"PropertyValueSpecification\",\"valueRequired\":true,\"valueName\":\"search_term_string\"}}],\"inLanguage\":\"de\"},{\"@type\":\"Organization\",\"@id\":\"https:\\\/\\\/twinpol.com\\\/#organization\",\"name\":\"Twinpol\",\"url\":\"https:\\\/\\\/twinpol.com\\\/\",\"logo\":{\"@type\":\"ImageObject\",\"inLanguage\":\"de\",\"@id\":\"https:\\\/\\\/twinpol.com\\\/#\\\/schema\\\/logo\\\/image\\\/\",\"url\":\"https:\\\/\\\/twinpol.com\\\/wp-content\\\/uploads\\\/2022\\\/10\\\/cropped-favicon.png\",\"contentUrl\":\"https:\\\/\\\/twinpol.com\\\/wp-content\\\/uploads\\\/2022\\\/10\\\/cropped-favicon.png\",\"width\":512,\"height\":512,\"caption\":\"Twinpol\"},\"image\":{\"@id\":\"https:\\\/\\\/twinpol.com\\\/#\\\/schema\\\/logo\\\/image\\\/\"}}]}<\/script>\n<!-- \/ Yoast SEO plugin. -->","yoast_head_json":{"title":"LCD-Bildschirmreinigungsfl\u00fcssigkeit, 100 ml, Grapefruit-Duft - TwinPol","robots":{"index":"index","follow":"follow","max-snippet":"max-snippet:-1","max-image-preview":"max-image-preview:large","max-video-preview":"max-video-preview:-1"},"canonical":"https:\/\/twinpol.com\/de\/produkt\/lcd-siebdruck-reinigungsflussigkeit-100-ml-grapefruit-duft\/","og_locale":"de_DE","og_type":"article","og_title":"LCD Screen cleaning liquid, 100 ml, grapefruit scent - TwinPol","og_description":"LCD Screen Cleaning Liquid LCD Screen Cleaning Liquid Home > Products > Screen cleaners > Keep Your Screens Crystal Clear","og_url":"https:\/\/twinpol.com\/de\/produkt\/lcd-siebdruck-reinigungsflussigkeit-100-ml-grapefruit-duft\/","og_site_name":"TwinPol","article_modified_time":"2023-10-26T11:58:17+00:00","og_image":[{"width":800,"height":800,"url":"https:\/\/twinpol.com\/wp-content\/uploads\/2023\/03\/FR01080_100_G_Wizualizacja_www.png","type":"image\/png"}],"twitter_card":"summary_large_image","twitter_misc":{"Gesch\u00e4tzte Lesezeit":"1\u00a0Minute"},"schema":{"@context":"https:\/\/schema.org","@graph":[{"@type":"WebPage","@id":"https:\/\/twinpol.com\/product\/lcd-screen-cleaning-liquid-100-ml-grapefruit-scent\/","url":"https:\/\/twinpol.com\/product\/lcd-screen-cleaning-liquid-100-ml-grapefruit-scent\/","name":"LCD-Bildschirmreinigungsfl\u00fcssigkeit, 100 ml, Grapefruit-Duft - TwinPol","isPartOf":{"@id":"https:\/\/twinpol.com\/#website"},"primaryImageOfPage":{"@id":"https:\/\/twinpol.com\/product\/lcd-screen-cleaning-liquid-100-ml-grapefruit-scent\/#primaryimage"},"image":{"@id":"https:\/\/twinpol.com\/product\/lcd-screen-cleaning-liquid-100-ml-grapefruit-scent\/#primaryimage"},"thumbnailUrl":"https:\/\/twinpol.com\/wp-content\/uploads\/2023\/03\/FR01080_100_G_Wizualizacja_www.png","datePublished":"2023-10-26T06:30:23+00:00","dateModified":"2023-10-26T11:58:17+00:00","breadcrumb":{"@id":"https:\/\/twinpol.com\/product\/lcd-screen-cleaning-liquid-100-ml-grapefruit-scent\/#breadcrumb"},"inLanguage":"de","potentialAction":[{"@type":"ReadAction","target":["https:\/\/twinpol.com\/product\/lcd-screen-cleaning-liquid-100-ml-grapefruit-scent\/"]}]},{"@type":"ImageObject","inLanguage":"de","@id":"https:\/\/twinpol.com\/product\/lcd-screen-cleaning-liquid-100-ml-grapefruit-scent\/#primaryimage","url":"https:\/\/twinpol.com\/wp-content\/uploads\/2023\/03\/FR01080_100_G_Wizualizacja_www.png","contentUrl":"https:\/\/twinpol.com\/wp-content\/uploads\/2023\/03\/FR01080_100_G_Wizualizacja_www.png","width":800,"height":800},{"@type":"BreadcrumbList","@id":"https:\/\/twinpol.com\/product\/lcd-screen-cleaning-liquid-100-ml-grapefruit-scent\/#breadcrumb","itemListElement":[{"@type":"ListItem","position":1,"name":"Home","item":"https:\/\/twinpol.com\/"},{"@type":"ListItem","position":2,"name":"Products","item":"https:\/\/twinpol.com\/products\/"},{"@type":"ListItem","position":3,"name":"LCD Screen cleaning liquid, 100 ml, grapefruit scent"}]},{"@type":"WebSite","@id":"https:\/\/twinpol.com\/#website","url":"https:\/\/twinpol.com\/","name":"Twinpol","description":"Reinigungsmittel","publisher":{"@id":"https:\/\/twinpol.com\/#organization"},"potentialAction":[{"@type":"SearchAction","target":{"@type":"EntryPoint","urlTemplate":"https:\/\/twinpol.com\/?s={search_term_string}"},"query-input":{"@type":"PropertyValueSpecification","valueRequired":true,"valueName":"search_term_string"}}],"inLanguage":"de"},{"@type":"Organization","@id":"https:\/\/twinpol.com\/#organization","name":"Twinpol","url":"https:\/\/twinpol.com\/","logo":{"@type":"ImageObject","inLanguage":"de","@id":"https:\/\/twinpol.com\/#\/schema\/logo\/image\/","url":"https:\/\/twinpol.com\/wp-content\/uploads\/2022\/10\/cropped-favicon.png","contentUrl":"https:\/\/twinpol.com\/wp-content\/uploads\/2022\/10\/cropped-favicon.png","width":512,"height":512,"caption":"Twinpol"},"image":{"@id":"https:\/\/twinpol.com\/#\/schema\/logo\/image\/"}}]}},"_links":{"self":[{"href":"https:\/\/twinpol.com\/de\/wp-json\/wp\/v2\/product\/20268","targetHints":{"allow":["GET"]}}],"collection":[{"href":"https:\/\/twinpol.com\/de\/wp-json\/wp\/v2\/product"}],"about":[{"href":"https:\/\/twinpol.com\/de\/wp-json\/wp\/v2\/types\/product"}],"wp:featuredmedia":[{"embeddable":true,"href":"https:\/\/twinpol.com\/de\/wp-json\/wp\/v2\/media\/20265"}],"wp:attachment":[{"href":"https:\/\/twinpol.com\/de\/wp-json\/wp\/v2\/media?parent=20268"}],"wp:term":[{"taxonomy":"product_brand","embeddable":true,"href":"https:\/\/twinpol.com\/de\/wp-json\/wp\/v2\/product_brand?post=20268"},{"taxonomy":"product_cat","embeddable":true,"href":"https:\/\/twinpol.com\/de\/wp-json\/wp\/v2\/product_cat?post=20268"},{"taxonomy":"product_tag","embeddable":true,"href":"https:\/\/twinpol.com\/de\/wp-json\/wp\/v2\/product_tag?post=20268"}],"curies":[{"name":"wp","href":"https:\/\/api.w.org\/{rel}","templated":true}]}}