{"id":20270,"date":"2023-10-26T06:50:56","date_gmt":"2023-10-26T06:50:56","guid":{"rendered":"https:\/\/twinpol.com\/?post_type=product&#038;p=20270"},"modified":"2023-10-26T11:58:47","modified_gmt":"2023-10-26T11:58:47","slug":"lcd-screen-cleaning-liquid-100-ml-lemon-scent","status":"publish","type":"product","link":"https:\/\/twinpol.com\/de\/produkt\/lcd-siebreinigungs-flussigkeit-100-ml-zitronen-duft\/","title":{"rendered":"LCD-Bildschirmreinigungsfl\u00fcssigkeit, 100 ml, Zitronenduft"},"content":{"rendered":"<p><html><br \/>\n<head><br \/>\n    <title>LCD-Bildschirmreinigungsfl\u00fcssigkeit - kristallklare Bildschirme<\/title><br \/>\n<\/head><br \/>\n<body><\/p>\n<h1>LCD-Bildschirm-Reinigungsfl\u00fcssigkeit<\/h1>\n<div class=\"breadcrumbs\">\n  <a href=\"\/de\/\">Startseite<\/a> > <a href=\"\/de\/products\/\">Produkte<\/a> > <a href=\"\/de\/product-category\/screen\/\">Bildschirmreiniger<\/a> >\n<\/div>\n<h2>Jederzeit kristallklare Bildschirme<\/h2>\n<p>\n        Wir stellen Ihnen unsere LCD-Bildschirmreinigungsfl\u00fcssigkeit vor, die ultimative L\u00f6sung zur Erhaltung makelloser Bildschirme auf Ihren elektronischen Ger\u00e4ten. Wir wissen, wie wichtig ein kristallklares Display ist, und dieses Produkt wurde speziell f\u00fcr Ihre Bed\u00fcrfnisse entwickelt. Verabschieden Sie sich von Flecken, Fingerabdr\u00fccken und Staub, die Ihre Sicht behindern. Mit unserer Reinigungsfl\u00fcssigkeit werden Sie die Welt in atemberaubenden Details erleben.\n    <\/p>\n<h2>Entfesseln Sie die Kraft der Zitronenfrische<\/h2>\n<p>\n        Unsere LCD-Bildschirmreinigungsfl\u00fcssigkeit liefert nicht nur hervorragende Reinigungsergebnisse, sondern auch einen erfrischenden Zitronenduft. Mit unserem einzigartigen Zitronenduft wird Ihre Reinigungsroutine zu einem angenehmen und erfrischenden Erlebnis.\n    <\/p>\n<h2>Vorteile<\/h2>\n<ul>\n<li>Entfernt m\u00fchelos Fingerabdr\u00fccke, Flecken und Staub<\/li>\n<li>Sicher f\u00fcr alle LCD-Bildschirme, einschlie\u00dflich Fernsehger\u00e4te, Monitore, Laptops, Smartphones und mehr<\/li>\n<li>Hinterl\u00e4sst weder Streifen noch Flecken<\/li>\n<li>Zitronenduft<\/li>\n<\/ul>\n<p><\/html><\/p>","protected":false},"excerpt":{"rendered":"<p>LCD-Bildschirmreinigungsfl\u00fcssigkeit - Kristallklare Bildschirme LCD-Bildschirmreinigungsfl\u00fcssigkeit Home &gt; Produkte &gt; Bildschirmreiniger &gt; Kristall<\/p>","protected":false},"featured_media":20266,"template":"","meta":[],"product_brand":[],"product_cat":[197],"product_tag":[],"class_list":{"0":"post-20270","1":"product","2":"type-product","3":"status-publish","4":"has-post-thumbnail","6":"product_cat-screen","8":"first","9":"instock","10":"shipping-taxable","11":"purchasable","12":"product-type-simple"},"yoast_head":"<!-- This site is optimized with the Yoast SEO plugin v27.3 - https:\/\/yoast.com\/product\/yoast-seo-wordpress\/ -->\n<title>LCD Screen cleaning liquid, 100 ml, lemon scent - TwinPol<\/title>\n<meta name=\"robots\" content=\"index, follow, max-snippet:-1, max-image-preview:large, max-video-preview:-1\" \/>\n<link rel=\"canonical\" href=\"https:\/\/twinpol.com\/de\/produkt\/lcd-siebreinigungs-flussigkeit-100-ml-zitronen-duft\/\" \/>\n<meta property=\"og:locale\" content=\"de_DE\" \/>\n<meta property=\"og:type\" content=\"article\" \/>\n<meta property=\"og:title\" content=\"LCD Screen cleaning liquid, 100 ml, lemon scent - TwinPol\" \/>\n<meta property=\"og:description\" content=\"LCD Screen Cleaning Liquid &#8211; Crystal Clear Screens LCD Screen Cleaning Liquid Home &gt; Products &gt; Screen cleaners &gt; Crystal\" \/>\n<meta property=\"og:url\" content=\"https:\/\/twinpol.com\/de\/produkt\/lcd-siebreinigungs-flussigkeit-100-ml-zitronen-duft\/\" \/>\n<meta property=\"og:site_name\" content=\"TwinPol\" \/>\n<meta property=\"article:modified_time\" content=\"2023-10-26T11:58:47+00:00\" \/>\n<meta property=\"og:image\" content=\"https:\/\/twinpol.com\/wp-content\/uploads\/2023\/03\/FR01080_100_L_Wizualizacja_www.png\" \/>\n\t<meta property=\"og:image:width\" content=\"800\" \/>\n\t<meta property=\"og:image:height\" content=\"800\" \/>\n\t<meta property=\"og:image:type\" content=\"image\/png\" \/>\n<meta name=\"twitter:card\" content=\"summary_large_image\" \/>\n<meta name=\"twitter:label1\" content=\"Gesch\u00e4tzte Lesezeit\" \/>\n\t<meta name=\"twitter:data1\" content=\"1\u00a0Minute\" \/>\n<script type=\"application\/ld+json\" class=\"yoast-schema-graph\">{\"@context\":\"https:\\\/\\\/schema.org\",\"@graph\":[{\"@type\":\"WebPage\",\"@id\":\"https:\\\/\\\/twinpol.com\\\/product\\\/lcd-screen-cleaning-liquid-100-ml-lemon-scent\\\/\",\"url\":\"https:\\\/\\\/twinpol.com\\\/product\\\/lcd-screen-cleaning-liquid-100-ml-lemon-scent\\\/\",\"name\":\"LCD Screen cleaning liquid, 100 ml, lemon scent - TwinPol\",\"isPartOf\":{\"@id\":\"https:\\\/\\\/twinpol.com\\\/#website\"},\"primaryImageOfPage\":{\"@id\":\"https:\\\/\\\/twinpol.com\\\/product\\\/lcd-screen-cleaning-liquid-100-ml-lemon-scent\\\/#primaryimage\"},\"image\":{\"@id\":\"https:\\\/\\\/twinpol.com\\\/product\\\/lcd-screen-cleaning-liquid-100-ml-lemon-scent\\\/#primaryimage\"},\"thumbnailUrl\":\"https:\\\/\\\/twinpol.com\\\/wp-content\\\/uploads\\\/2023\\\/03\\\/FR01080_100_L_Wizualizacja_www.png\",\"datePublished\":\"2023-10-26T06:50:56+00:00\",\"dateModified\":\"2023-10-26T11:58:47+00:00\",\"breadcrumb\":{\"@id\":\"https:\\\/\\\/twinpol.com\\\/product\\\/lcd-screen-cleaning-liquid-100-ml-lemon-scent\\\/#breadcrumb\"},\"inLanguage\":\"de\",\"potentialAction\":[{\"@type\":\"ReadAction\",\"target\":[\"https:\\\/\\\/twinpol.com\\\/product\\\/lcd-screen-cleaning-liquid-100-ml-lemon-scent\\\/\"]}]},{\"@type\":\"ImageObject\",\"inLanguage\":\"de\",\"@id\":\"https:\\\/\\\/twinpol.com\\\/product\\\/lcd-screen-cleaning-liquid-100-ml-lemon-scent\\\/#primaryimage\",\"url\":\"https:\\\/\\\/twinpol.com\\\/wp-content\\\/uploads\\\/2023\\\/03\\\/FR01080_100_L_Wizualizacja_www.png\",\"contentUrl\":\"https:\\\/\\\/twinpol.com\\\/wp-content\\\/uploads\\\/2023\\\/03\\\/FR01080_100_L_Wizualizacja_www.png\",\"width\":800,\"height\":800},{\"@type\":\"BreadcrumbList\",\"@id\":\"https:\\\/\\\/twinpol.com\\\/product\\\/lcd-screen-cleaning-liquid-100-ml-lemon-scent\\\/#breadcrumb\",\"itemListElement\":[{\"@type\":\"ListItem\",\"position\":1,\"name\":\"Home\",\"item\":\"https:\\\/\\\/twinpol.com\\\/\"},{\"@type\":\"ListItem\",\"position\":2,\"name\":\"Products\",\"item\":\"https:\\\/\\\/twinpol.com\\\/products\\\/\"},{\"@type\":\"ListItem\",\"position\":3,\"name\":\"LCD Screen cleaning liquid, 100 ml, lemon scent\"}]},{\"@type\":\"WebSite\",\"@id\":\"https:\\\/\\\/twinpol.com\\\/#website\",\"url\":\"https:\\\/\\\/twinpol.com\\\/\",\"name\":\"Twinpol\",\"description\":\"Cleaning Supplies\",\"publisher\":{\"@id\":\"https:\\\/\\\/twinpol.com\\\/#organization\"},\"potentialAction\":[{\"@type\":\"SearchAction\",\"target\":{\"@type\":\"EntryPoint\",\"urlTemplate\":\"https:\\\/\\\/twinpol.com\\\/?s={search_term_string}\"},\"query-input\":{\"@type\":\"PropertyValueSpecification\",\"valueRequired\":true,\"valueName\":\"search_term_string\"}}],\"inLanguage\":\"de\"},{\"@type\":\"Organization\",\"@id\":\"https:\\\/\\\/twinpol.com\\\/#organization\",\"name\":\"Twinpol\",\"url\":\"https:\\\/\\\/twinpol.com\\\/\",\"logo\":{\"@type\":\"ImageObject\",\"inLanguage\":\"de\",\"@id\":\"https:\\\/\\\/twinpol.com\\\/#\\\/schema\\\/logo\\\/image\\\/\",\"url\":\"https:\\\/\\\/twinpol.com\\\/wp-content\\\/uploads\\\/2022\\\/10\\\/cropped-favicon.png\",\"contentUrl\":\"https:\\\/\\\/twinpol.com\\\/wp-content\\\/uploads\\\/2022\\\/10\\\/cropped-favicon.png\",\"width\":512,\"height\":512,\"caption\":\"Twinpol\"},\"image\":{\"@id\":\"https:\\\/\\\/twinpol.com\\\/#\\\/schema\\\/logo\\\/image\\\/\"}}]}<\/script>\n<!-- \/ Yoast SEO plugin. -->","yoast_head_json":{"title":"LCD-Bildschirmreinigungsfl\u00fcssigkeit, 100 ml, Zitronenduft - TwinPol","robots":{"index":"index","follow":"follow","max-snippet":"max-snippet:-1","max-image-preview":"max-image-preview:large","max-video-preview":"max-video-preview:-1"},"canonical":"https:\/\/twinpol.com\/de\/produkt\/lcd-siebreinigungs-flussigkeit-100-ml-zitronen-duft\/","og_locale":"de_DE","og_type":"article","og_title":"LCD Screen cleaning liquid, 100 ml, lemon scent - TwinPol","og_description":"LCD Screen Cleaning Liquid &#8211; Crystal Clear Screens LCD Screen Cleaning Liquid Home > Products > Screen cleaners > Crystal","og_url":"https:\/\/twinpol.com\/de\/produkt\/lcd-siebreinigungs-flussigkeit-100-ml-zitronen-duft\/","og_site_name":"TwinPol","article_modified_time":"2023-10-26T11:58:47+00:00","og_image":[{"width":800,"height":800,"url":"https:\/\/twinpol.com\/wp-content\/uploads\/2023\/03\/FR01080_100_L_Wizualizacja_www.png","type":"image\/png"}],"twitter_card":"summary_large_image","twitter_misc":{"Gesch\u00e4tzte Lesezeit":"1\u00a0Minute"},"schema":{"@context":"https:\/\/schema.org","@graph":[{"@type":"WebPage","@id":"https:\/\/twinpol.com\/product\/lcd-screen-cleaning-liquid-100-ml-lemon-scent\/","url":"https:\/\/twinpol.com\/product\/lcd-screen-cleaning-liquid-100-ml-lemon-scent\/","name":"LCD-Bildschirmreinigungsfl\u00fcssigkeit, 100 ml, Zitronenduft - TwinPol","isPartOf":{"@id":"https:\/\/twinpol.com\/#website"},"primaryImageOfPage":{"@id":"https:\/\/twinpol.com\/product\/lcd-screen-cleaning-liquid-100-ml-lemon-scent\/#primaryimage"},"image":{"@id":"https:\/\/twinpol.com\/product\/lcd-screen-cleaning-liquid-100-ml-lemon-scent\/#primaryimage"},"thumbnailUrl":"https:\/\/twinpol.com\/wp-content\/uploads\/2023\/03\/FR01080_100_L_Wizualizacja_www.png","datePublished":"2023-10-26T06:50:56+00:00","dateModified":"2023-10-26T11:58:47+00:00","breadcrumb":{"@id":"https:\/\/twinpol.com\/product\/lcd-screen-cleaning-liquid-100-ml-lemon-scent\/#breadcrumb"},"inLanguage":"de","potentialAction":[{"@type":"ReadAction","target":["https:\/\/twinpol.com\/product\/lcd-screen-cleaning-liquid-100-ml-lemon-scent\/"]}]},{"@type":"ImageObject","inLanguage":"de","@id":"https:\/\/twinpol.com\/product\/lcd-screen-cleaning-liquid-100-ml-lemon-scent\/#primaryimage","url":"https:\/\/twinpol.com\/wp-content\/uploads\/2023\/03\/FR01080_100_L_Wizualizacja_www.png","contentUrl":"https:\/\/twinpol.com\/wp-content\/uploads\/2023\/03\/FR01080_100_L_Wizualizacja_www.png","width":800,"height":800},{"@type":"BreadcrumbList","@id":"https:\/\/twinpol.com\/product\/lcd-screen-cleaning-liquid-100-ml-lemon-scent\/#breadcrumb","itemListElement":[{"@type":"ListItem","position":1,"name":"Home","item":"https:\/\/twinpol.com\/"},{"@type":"ListItem","position":2,"name":"Products","item":"https:\/\/twinpol.com\/products\/"},{"@type":"ListItem","position":3,"name":"LCD Screen cleaning liquid, 100 ml, lemon scent"}]},{"@type":"WebSite","@id":"https:\/\/twinpol.com\/#website","url":"https:\/\/twinpol.com\/","name":"Twinpol","description":"Reinigungsmittel","publisher":{"@id":"https:\/\/twinpol.com\/#organization"},"potentialAction":[{"@type":"SearchAction","target":{"@type":"EntryPoint","urlTemplate":"https:\/\/twinpol.com\/?s={search_term_string}"},"query-input":{"@type":"PropertyValueSpecification","valueRequired":true,"valueName":"search_term_string"}}],"inLanguage":"de"},{"@type":"Organization","@id":"https:\/\/twinpol.com\/#organization","name":"Twinpol","url":"https:\/\/twinpol.com\/","logo":{"@type":"ImageObject","inLanguage":"de","@id":"https:\/\/twinpol.com\/#\/schema\/logo\/image\/","url":"https:\/\/twinpol.com\/wp-content\/uploads\/2022\/10\/cropped-favicon.png","contentUrl":"https:\/\/twinpol.com\/wp-content\/uploads\/2022\/10\/cropped-favicon.png","width":512,"height":512,"caption":"Twinpol"},"image":{"@id":"https:\/\/twinpol.com\/#\/schema\/logo\/image\/"}}]}},"_links":{"self":[{"href":"https:\/\/twinpol.com\/de\/wp-json\/wp\/v2\/product\/20270","targetHints":{"allow":["GET"]}}],"collection":[{"href":"https:\/\/twinpol.com\/de\/wp-json\/wp\/v2\/product"}],"about":[{"href":"https:\/\/twinpol.com\/de\/wp-json\/wp\/v2\/types\/product"}],"wp:featuredmedia":[{"embeddable":true,"href":"https:\/\/twinpol.com\/de\/wp-json\/wp\/v2\/media\/20266"}],"wp:attachment":[{"href":"https:\/\/twinpol.com\/de\/wp-json\/wp\/v2\/media?parent=20270"}],"wp:term":[{"taxonomy":"product_brand","embeddable":true,"href":"https:\/\/twinpol.com\/de\/wp-json\/wp\/v2\/product_brand?post=20270"},{"taxonomy":"product_cat","embeddable":true,"href":"https:\/\/twinpol.com\/de\/wp-json\/wp\/v2\/product_cat?post=20270"},{"taxonomy":"product_tag","embeddable":true,"href":"https:\/\/twinpol.com\/de\/wp-json\/wp\/v2\/product_tag?post=20270"}],"curies":[{"name":"wp","href":"https:\/\/api.w.org\/{rel}","templated":true}]}}