{"id":20272,"date":"2023-10-26T07:04:53","date_gmt":"2023-10-26T07:04:53","guid":{"rendered":"https:\/\/twinpol.com\/?post_type=product&#038;p=20272"},"modified":"2023-10-26T11:59:16","modified_gmt":"2023-10-26T11:59:16","slug":"lcd-screen-cleaning-liquid-100-ml-vanilla-scent","status":"publish","type":"product","link":"https:\/\/twinpol.com\/de\/produkt\/lcd-siebreinigungs-flussigkeit-100-ml-vanille-duft\/","title":{"rendered":"LCD-Bildschirmreinigungsfl\u00fcssigkeit, 100 ml, Vanille-Duft"},"content":{"rendered":"<p><html><br \/>\n<head><br \/>\n    <title>LCD-Bildschirm-Reinigungsfl\u00fcssigkeit<\/title><br \/>\n<\/head><br \/>\n<body><\/p>\n<h1>LCD-Bildschirm-Reinigungsfl\u00fcssigkeit<\/h1>\n<div class=\"breadcrumbs\">\n  <a href=\"\/de\/\">Startseite<\/a> > <a href=\"\/de\/products\/\">Produkte<\/a> > <a href=\"\/de\/product-category\/screen\/\">Bildschirmreiniger<\/a> >\n<\/div>\n<h2>Effektive Bildschirmreinigung<\/h2>\n<p>Unsere LCD-Bildschirmreinigungsfl\u00fcssigkeit ist die beste L\u00f6sung, um Ihre Bildschirme kristallklar zu halten. Es wurde entwickelt, um Ihre elektronischen Ger\u00e4te mit einem streifenfreien Glanz zu versehen, egal ob Sie Ihr Smartphone, Tablet, Computermonitor oder Fernsehbildschirm reinigen.<\/p>\n<h2>Erfrischend nach Vanille duftend<\/h2>\n<p>Unsere LCD-Bildschirmreinigungsfl\u00fcssigkeit h\u00e4lt Ihre Bildschirme nicht nur tadellos sauber, sondern verleiht ihnen auch einen angenehmen und erfrischenden Vanilleduft. Verabschieden Sie sich von den scharfen chemischen Ger\u00fcchen herk\u00f6mmlicher Reinigungsprodukte. Ihre Bildschirme werden nicht nur sauber aussehen, sondern auch sauber riechen!<\/p>\n<h2>Vorteile<\/h2>\n<ul>\n<li>Hinterl\u00e4sst weder Streifen noch Flecken<\/li>\n<li>Sicher f\u00fcr alle Bildschirmtypen, einschlie\u00dflich LCD, LED, OLED und mehr<\/li>\n<li>100ml Inhalt<\/li>\n<li>Angenehmer Vanilleduft<\/li>\n<\/ul>\n<p><\/body><br \/>\n<\/html><\/p>","protected":false},"excerpt":{"rendered":"<p>LCD-Bildschirmreinigungsfl\u00fcssigkeit LCD-Bildschirmreinigungsfl\u00fcssigkeit Home &gt; Produkte &gt; Bildschirmreiniger &gt; Effektive Bildschirmreinigung Unser LCD<\/p>","protected":false},"featured_media":20263,"template":"","meta":[],"product_brand":[],"product_cat":[197],"product_tag":[],"class_list":{"0":"post-20272","1":"product","2":"type-product","3":"status-publish","4":"has-post-thumbnail","6":"product_cat-screen","8":"first","9":"instock","10":"shipping-taxable","11":"purchasable","12":"product-type-simple"},"yoast_head":"<!-- This site is optimized with the Yoast SEO plugin v27.3 - https:\/\/yoast.com\/product\/yoast-seo-wordpress\/ -->\n<title>LCD Screen cleaning liquid, 100 ml, vanilla scent - TwinPol<\/title>\n<meta name=\"robots\" content=\"index, follow, max-snippet:-1, max-image-preview:large, max-video-preview:-1\" \/>\n<link rel=\"canonical\" href=\"https:\/\/twinpol.com\/de\/produkt\/lcd-siebreinigungs-flussigkeit-100-ml-vanille-duft\/\" \/>\n<meta property=\"og:locale\" content=\"de_DE\" \/>\n<meta property=\"og:type\" content=\"article\" \/>\n<meta property=\"og:title\" content=\"LCD Screen cleaning liquid, 100 ml, vanilla scent - TwinPol\" \/>\n<meta property=\"og:description\" content=\"LCD Screen Cleaning Liquid LCD Screen Cleaning Liquid Home &gt; Products &gt; Screen cleaners &gt; Effective Screen Cleaning Our LCD\" \/>\n<meta property=\"og:url\" content=\"https:\/\/twinpol.com\/de\/produkt\/lcd-siebreinigungs-flussigkeit-100-ml-vanille-duft\/\" \/>\n<meta property=\"og:site_name\" content=\"TwinPol\" \/>\n<meta property=\"article:modified_time\" content=\"2023-10-26T11:59:16+00:00\" \/>\n<meta property=\"og:image\" content=\"https:\/\/twinpol.com\/wp-content\/uploads\/2023\/03\/FR01080_100_V_Wizualizacja_www.png\" \/>\n\t<meta property=\"og:image:width\" content=\"800\" \/>\n\t<meta property=\"og:image:height\" content=\"800\" \/>\n\t<meta property=\"og:image:type\" content=\"image\/png\" \/>\n<meta name=\"twitter:card\" content=\"summary_large_image\" \/>\n<meta name=\"twitter:label1\" content=\"Gesch\u00e4tzte Lesezeit\" \/>\n\t<meta name=\"twitter:data1\" content=\"1\u00a0Minute\" \/>\n<script type=\"application\/ld+json\" class=\"yoast-schema-graph\">{\"@context\":\"https:\\\/\\\/schema.org\",\"@graph\":[{\"@type\":\"WebPage\",\"@id\":\"https:\\\/\\\/twinpol.com\\\/product\\\/lcd-screen-cleaning-liquid-100-ml-vanilla-scent\\\/\",\"url\":\"https:\\\/\\\/twinpol.com\\\/product\\\/lcd-screen-cleaning-liquid-100-ml-vanilla-scent\\\/\",\"name\":\"LCD Screen cleaning liquid, 100 ml, vanilla scent - TwinPol\",\"isPartOf\":{\"@id\":\"https:\\\/\\\/twinpol.com\\\/#website\"},\"primaryImageOfPage\":{\"@id\":\"https:\\\/\\\/twinpol.com\\\/product\\\/lcd-screen-cleaning-liquid-100-ml-vanilla-scent\\\/#primaryimage\"},\"image\":{\"@id\":\"https:\\\/\\\/twinpol.com\\\/product\\\/lcd-screen-cleaning-liquid-100-ml-vanilla-scent\\\/#primaryimage\"},\"thumbnailUrl\":\"https:\\\/\\\/twinpol.com\\\/wp-content\\\/uploads\\\/2023\\\/03\\\/FR01080_100_V_Wizualizacja_www.png\",\"datePublished\":\"2023-10-26T07:04:53+00:00\",\"dateModified\":\"2023-10-26T11:59:16+00:00\",\"breadcrumb\":{\"@id\":\"https:\\\/\\\/twinpol.com\\\/product\\\/lcd-screen-cleaning-liquid-100-ml-vanilla-scent\\\/#breadcrumb\"},\"inLanguage\":\"de\",\"potentialAction\":[{\"@type\":\"ReadAction\",\"target\":[\"https:\\\/\\\/twinpol.com\\\/product\\\/lcd-screen-cleaning-liquid-100-ml-vanilla-scent\\\/\"]}]},{\"@type\":\"ImageObject\",\"inLanguage\":\"de\",\"@id\":\"https:\\\/\\\/twinpol.com\\\/product\\\/lcd-screen-cleaning-liquid-100-ml-vanilla-scent\\\/#primaryimage\",\"url\":\"https:\\\/\\\/twinpol.com\\\/wp-content\\\/uploads\\\/2023\\\/03\\\/FR01080_100_V_Wizualizacja_www.png\",\"contentUrl\":\"https:\\\/\\\/twinpol.com\\\/wp-content\\\/uploads\\\/2023\\\/03\\\/FR01080_100_V_Wizualizacja_www.png\",\"width\":800,\"height\":800},{\"@type\":\"BreadcrumbList\",\"@id\":\"https:\\\/\\\/twinpol.com\\\/product\\\/lcd-screen-cleaning-liquid-100-ml-vanilla-scent\\\/#breadcrumb\",\"itemListElement\":[{\"@type\":\"ListItem\",\"position\":1,\"name\":\"Home\",\"item\":\"https:\\\/\\\/twinpol.com\\\/\"},{\"@type\":\"ListItem\",\"position\":2,\"name\":\"Products\",\"item\":\"https:\\\/\\\/twinpol.com\\\/products\\\/\"},{\"@type\":\"ListItem\",\"position\":3,\"name\":\"LCD Screen cleaning liquid, 100 ml, vanilla scent\"}]},{\"@type\":\"WebSite\",\"@id\":\"https:\\\/\\\/twinpol.com\\\/#website\",\"url\":\"https:\\\/\\\/twinpol.com\\\/\",\"name\":\"Twinpol\",\"description\":\"Cleaning Supplies\",\"publisher\":{\"@id\":\"https:\\\/\\\/twinpol.com\\\/#organization\"},\"potentialAction\":[{\"@type\":\"SearchAction\",\"target\":{\"@type\":\"EntryPoint\",\"urlTemplate\":\"https:\\\/\\\/twinpol.com\\\/?s={search_term_string}\"},\"query-input\":{\"@type\":\"PropertyValueSpecification\",\"valueRequired\":true,\"valueName\":\"search_term_string\"}}],\"inLanguage\":\"de\"},{\"@type\":\"Organization\",\"@id\":\"https:\\\/\\\/twinpol.com\\\/#organization\",\"name\":\"Twinpol\",\"url\":\"https:\\\/\\\/twinpol.com\\\/\",\"logo\":{\"@type\":\"ImageObject\",\"inLanguage\":\"de\",\"@id\":\"https:\\\/\\\/twinpol.com\\\/#\\\/schema\\\/logo\\\/image\\\/\",\"url\":\"https:\\\/\\\/twinpol.com\\\/wp-content\\\/uploads\\\/2022\\\/10\\\/cropped-favicon.png\",\"contentUrl\":\"https:\\\/\\\/twinpol.com\\\/wp-content\\\/uploads\\\/2022\\\/10\\\/cropped-favicon.png\",\"width\":512,\"height\":512,\"caption\":\"Twinpol\"},\"image\":{\"@id\":\"https:\\\/\\\/twinpol.com\\\/#\\\/schema\\\/logo\\\/image\\\/\"}}]}<\/script>\n<!-- \/ Yoast SEO plugin. -->","yoast_head_json":{"title":"LCD-Bildschirmreinigungsfl\u00fcssigkeit, 100 ml, Vanille-Duft - TwinPol","robots":{"index":"index","follow":"follow","max-snippet":"max-snippet:-1","max-image-preview":"max-image-preview:large","max-video-preview":"max-video-preview:-1"},"canonical":"https:\/\/twinpol.com\/de\/produkt\/lcd-siebreinigungs-flussigkeit-100-ml-vanille-duft\/","og_locale":"de_DE","og_type":"article","og_title":"LCD Screen cleaning liquid, 100 ml, vanilla scent - TwinPol","og_description":"LCD Screen Cleaning Liquid LCD Screen Cleaning Liquid Home > Products > Screen cleaners > Effective Screen Cleaning Our LCD","og_url":"https:\/\/twinpol.com\/de\/produkt\/lcd-siebreinigungs-flussigkeit-100-ml-vanille-duft\/","og_site_name":"TwinPol","article_modified_time":"2023-10-26T11:59:16+00:00","og_image":[{"width":800,"height":800,"url":"https:\/\/twinpol.com\/wp-content\/uploads\/2023\/03\/FR01080_100_V_Wizualizacja_www.png","type":"image\/png"}],"twitter_card":"summary_large_image","twitter_misc":{"Gesch\u00e4tzte Lesezeit":"1\u00a0Minute"},"schema":{"@context":"https:\/\/schema.org","@graph":[{"@type":"WebPage","@id":"https:\/\/twinpol.com\/product\/lcd-screen-cleaning-liquid-100-ml-vanilla-scent\/","url":"https:\/\/twinpol.com\/product\/lcd-screen-cleaning-liquid-100-ml-vanilla-scent\/","name":"LCD-Bildschirmreinigungsfl\u00fcssigkeit, 100 ml, Vanille-Duft - TwinPol","isPartOf":{"@id":"https:\/\/twinpol.com\/#website"},"primaryImageOfPage":{"@id":"https:\/\/twinpol.com\/product\/lcd-screen-cleaning-liquid-100-ml-vanilla-scent\/#primaryimage"},"image":{"@id":"https:\/\/twinpol.com\/product\/lcd-screen-cleaning-liquid-100-ml-vanilla-scent\/#primaryimage"},"thumbnailUrl":"https:\/\/twinpol.com\/wp-content\/uploads\/2023\/03\/FR01080_100_V_Wizualizacja_www.png","datePublished":"2023-10-26T07:04:53+00:00","dateModified":"2023-10-26T11:59:16+00:00","breadcrumb":{"@id":"https:\/\/twinpol.com\/product\/lcd-screen-cleaning-liquid-100-ml-vanilla-scent\/#breadcrumb"},"inLanguage":"de","potentialAction":[{"@type":"ReadAction","target":["https:\/\/twinpol.com\/product\/lcd-screen-cleaning-liquid-100-ml-vanilla-scent\/"]}]},{"@type":"ImageObject","inLanguage":"de","@id":"https:\/\/twinpol.com\/product\/lcd-screen-cleaning-liquid-100-ml-vanilla-scent\/#primaryimage","url":"https:\/\/twinpol.com\/wp-content\/uploads\/2023\/03\/FR01080_100_V_Wizualizacja_www.png","contentUrl":"https:\/\/twinpol.com\/wp-content\/uploads\/2023\/03\/FR01080_100_V_Wizualizacja_www.png","width":800,"height":800},{"@type":"BreadcrumbList","@id":"https:\/\/twinpol.com\/product\/lcd-screen-cleaning-liquid-100-ml-vanilla-scent\/#breadcrumb","itemListElement":[{"@type":"ListItem","position":1,"name":"Home","item":"https:\/\/twinpol.com\/"},{"@type":"ListItem","position":2,"name":"Products","item":"https:\/\/twinpol.com\/products\/"},{"@type":"ListItem","position":3,"name":"LCD Screen cleaning liquid, 100 ml, vanilla scent"}]},{"@type":"WebSite","@id":"https:\/\/twinpol.com\/#website","url":"https:\/\/twinpol.com\/","name":"Twinpol","description":"Reinigungsmittel","publisher":{"@id":"https:\/\/twinpol.com\/#organization"},"potentialAction":[{"@type":"SearchAction","target":{"@type":"EntryPoint","urlTemplate":"https:\/\/twinpol.com\/?s={search_term_string}"},"query-input":{"@type":"PropertyValueSpecification","valueRequired":true,"valueName":"search_term_string"}}],"inLanguage":"de"},{"@type":"Organization","@id":"https:\/\/twinpol.com\/#organization","name":"Twinpol","url":"https:\/\/twinpol.com\/","logo":{"@type":"ImageObject","inLanguage":"de","@id":"https:\/\/twinpol.com\/#\/schema\/logo\/image\/","url":"https:\/\/twinpol.com\/wp-content\/uploads\/2022\/10\/cropped-favicon.png","contentUrl":"https:\/\/twinpol.com\/wp-content\/uploads\/2022\/10\/cropped-favicon.png","width":512,"height":512,"caption":"Twinpol"},"image":{"@id":"https:\/\/twinpol.com\/#\/schema\/logo\/image\/"}}]}},"_links":{"self":[{"href":"https:\/\/twinpol.com\/de\/wp-json\/wp\/v2\/product\/20272","targetHints":{"allow":["GET"]}}],"collection":[{"href":"https:\/\/twinpol.com\/de\/wp-json\/wp\/v2\/product"}],"about":[{"href":"https:\/\/twinpol.com\/de\/wp-json\/wp\/v2\/types\/product"}],"wp:featuredmedia":[{"embeddable":true,"href":"https:\/\/twinpol.com\/de\/wp-json\/wp\/v2\/media\/20263"}],"wp:attachment":[{"href":"https:\/\/twinpol.com\/de\/wp-json\/wp\/v2\/media?parent=20272"}],"wp:term":[{"taxonomy":"product_brand","embeddable":true,"href":"https:\/\/twinpol.com\/de\/wp-json\/wp\/v2\/product_brand?post=20272"},{"taxonomy":"product_cat","embeddable":true,"href":"https:\/\/twinpol.com\/de\/wp-json\/wp\/v2\/product_cat?post=20272"},{"taxonomy":"product_tag","embeddable":true,"href":"https:\/\/twinpol.com\/de\/wp-json\/wp\/v2\/product_tag?post=20272"}],"curies":[{"name":"wp","href":"https:\/\/api.w.org\/{rel}","templated":true}]}}