{"id":20285,"date":"2023-10-26T08:14:12","date_gmt":"2023-10-26T08:14:12","guid":{"rendered":"https:\/\/twinpol.com\/?post_type=product&#038;p=20285"},"modified":"2023-12-01T14:57:59","modified_gmt":"2023-12-01T14:57:59","slug":"lcd-screen-cleaning-wipes-100-pcs-vanilla-scent","status":"publish","type":"product","link":"https:\/\/twinpol.com\/de\/produkt\/lcd-siebreinigungstucher-100-pcs-vanille-duft\/","title":{"rendered":"LCD-Bildschirm-Reinigungst\u00fccher, 100 St\u00fcck, Vanille-Duft"},"content":{"rendered":"<p><html><br \/>\n<head><br \/>\n  <title>LCD-Bildschirmreinigungst\u00fccher - wischfeste Bildschirmreinigung<\/title><br \/>\n<\/head><br \/>\n<body><\/p>\n<h1>LCD-Bildschirm-Reinigungst\u00fccher<\/h1>\n<div class=\"breadcrumbs\">\n  <a href=\"\/de\/\">Startseite<\/a> > <a href=\"\/de\/products\/\">Produkte<\/a> > <a href=\"https:\/\/twinpol.com\/de\/home\/wipes\/\">Reinigungst\u00fccher<\/a> > <a href=\"\/de\/product-category\/screen-wet-wipes-cleaners\/\">Bildschirmreinigungst\u00fccher<\/a>\n<\/div>\n<h2>M\u00fchelose Bildschirmreinigung<\/h2>\n<p>\n    Halten Sie Ihre Bildschirme mit unseren LCD-Bildschirmreinigungst\u00fcchern makellos. Diese T\u00fccher wurden entwickelt, um eine m\u00fchelose und effektive Reinigungsl\u00f6sung zu bieten und sind ein Muss f\u00fcr jeden, der elektronische Ger\u00e4te besitzt. Ganz gleich, ob es sich um Ihr Smartphone, Tablet, Laptop oder Ihren Fernseher handelt, diese T\u00fccher bieten eine unvergleichliche Reinigungsleistung.\n  <\/p>\n<h2>Vanille duftend<\/h2>\n<p>\n    Unsere LCD-Bildschirmreinigungst\u00fccher sorgen nicht nur f\u00fcr kristallklare Bildschirme, sondern auch f\u00fcr eine angenehme Note. Mit ihrem angenehmen Vanilleduft wird der Reinigungsprozess zu einem sinnlichen Vergn\u00fcgen. Sie werden das subtile Aroma, das diese T\u00fccher hinterlassen, lieben.\n  <\/p>\n<h2>Vorteile<\/h2>\n<ul>\n<li>Fingerabdr\u00fccke und Schmutzflecken entfernen<\/li>\n<li>Schonend f\u00fcr Bildschirme <\/li>\n<li>Hinterl\u00e4sst weder R\u00fcckst\u00e4nde noch Flusen<\/li>\n<li>Vanille-Duft<\/li>\n<\/ul>\n<p><\/body><br \/>\n<\/html><\/p>","protected":false},"excerpt":{"rendered":"<p>LCD-Bildschirmreinigungst\u00fccher - wischfeste Bildschirmreinigung LCD-Bildschirmreinigungst\u00fccher Startseite &gt; Produkte &gt; Reinigungst\u00fccher &gt; Bildschirm<\/p>","protected":false},"featured_media":20286,"template":"","meta":[],"product_brand":[],"product_cat":[339,335],"product_tag":[],"class_list":{"0":"post-20285","1":"product","2":"type-product","3":"status-publish","4":"has-post-thumbnail","6":"product_cat-wipes","7":"product_cat-screen-wet-wipes-cleaners","9":"first","10":"instock","11":"shipping-taxable","12":"purchasable","13":"product-type-simple"},"yoast_head":"<!-- This site is optimized with the Yoast SEO plugin v27.4 - https:\/\/yoast.com\/product\/yoast-seo-wordpress\/ -->\n<title>LCD Screen cleaning wipes, 100 pcs, vanilla scent - TwinPol<\/title>\n<meta name=\"robots\" content=\"index, follow, max-snippet:-1, max-image-preview:large, max-video-preview:-1\" \/>\n<link rel=\"canonical\" href=\"https:\/\/twinpol.com\/de\/produkt\/lcd-siebreinigungstucher-100-pcs-vanille-duft\/\" \/>\n<meta property=\"og:locale\" content=\"de_DE\" \/>\n<meta property=\"og:type\" content=\"article\" \/>\n<meta property=\"og:title\" content=\"LCD Screen cleaning wipes, 100 pcs, vanilla scent - TwinPol\" \/>\n<meta property=\"og:description\" content=\"LCD Screen Cleaning Wipes &#8211; Smudge-Free Screen Cleaning LCD Screen Cleaning Wipes Home &gt; Products &gt; Cleaning wipes &gt; Screen\" \/>\n<meta property=\"og:url\" content=\"https:\/\/twinpol.com\/de\/produkt\/lcd-siebreinigungstucher-100-pcs-vanille-duft\/\" \/>\n<meta property=\"og:site_name\" content=\"TwinPol\" \/>\n<meta property=\"article:modified_time\" content=\"2023-12-01T14:57:59+00:00\" \/>\n<meta property=\"og:image\" content=\"https:\/\/twinpol.com\/wp-content\/uploads\/2023\/10\/RE00093_100_V_Wizualizacja_www.png\" \/>\n\t<meta property=\"og:image:width\" content=\"800\" \/>\n\t<meta property=\"og:image:height\" content=\"800\" \/>\n\t<meta property=\"og:image:type\" content=\"image\/png\" \/>\n<meta name=\"twitter:card\" content=\"summary_large_image\" \/>\n<meta name=\"twitter:label1\" content=\"Gesch\u00e4tzte Lesezeit\" \/>\n\t<meta name=\"twitter:data1\" content=\"1\u00a0Minute\" \/>\n<script type=\"application\/ld+json\" class=\"yoast-schema-graph\">{\"@context\":\"https:\\\/\\\/schema.org\",\"@graph\":[{\"@type\":\"WebPage\",\"@id\":\"https:\\\/\\\/twinpol.com\\\/product\\\/lcd-screen-cleaning-wipes-100-pcs-vanilla-scent\\\/\",\"url\":\"https:\\\/\\\/twinpol.com\\\/product\\\/lcd-screen-cleaning-wipes-100-pcs-vanilla-scent\\\/\",\"name\":\"LCD Screen cleaning wipes, 100 pcs, vanilla scent - TwinPol\",\"isPartOf\":{\"@id\":\"https:\\\/\\\/twinpol.com\\\/#website\"},\"primaryImageOfPage\":{\"@id\":\"https:\\\/\\\/twinpol.com\\\/product\\\/lcd-screen-cleaning-wipes-100-pcs-vanilla-scent\\\/#primaryimage\"},\"image\":{\"@id\":\"https:\\\/\\\/twinpol.com\\\/product\\\/lcd-screen-cleaning-wipes-100-pcs-vanilla-scent\\\/#primaryimage\"},\"thumbnailUrl\":\"https:\\\/\\\/twinpol.com\\\/wp-content\\\/uploads\\\/2023\\\/10\\\/RE00093_100_V_Wizualizacja_www.png\",\"datePublished\":\"2023-10-26T08:14:12+00:00\",\"dateModified\":\"2023-12-01T14:57:59+00:00\",\"breadcrumb\":{\"@id\":\"https:\\\/\\\/twinpol.com\\\/product\\\/lcd-screen-cleaning-wipes-100-pcs-vanilla-scent\\\/#breadcrumb\"},\"inLanguage\":\"de\",\"potentialAction\":[{\"@type\":\"ReadAction\",\"target\":[\"https:\\\/\\\/twinpol.com\\\/product\\\/lcd-screen-cleaning-wipes-100-pcs-vanilla-scent\\\/\"]}]},{\"@type\":\"ImageObject\",\"inLanguage\":\"de\",\"@id\":\"https:\\\/\\\/twinpol.com\\\/product\\\/lcd-screen-cleaning-wipes-100-pcs-vanilla-scent\\\/#primaryimage\",\"url\":\"https:\\\/\\\/twinpol.com\\\/wp-content\\\/uploads\\\/2023\\\/10\\\/RE00093_100_V_Wizualizacja_www.png\",\"contentUrl\":\"https:\\\/\\\/twinpol.com\\\/wp-content\\\/uploads\\\/2023\\\/10\\\/RE00093_100_V_Wizualizacja_www.png\",\"width\":800,\"height\":800},{\"@type\":\"BreadcrumbList\",\"@id\":\"https:\\\/\\\/twinpol.com\\\/product\\\/lcd-screen-cleaning-wipes-100-pcs-vanilla-scent\\\/#breadcrumb\",\"itemListElement\":[{\"@type\":\"ListItem\",\"position\":1,\"name\":\"Home\",\"item\":\"https:\\\/\\\/twinpol.com\\\/\"},{\"@type\":\"ListItem\",\"position\":2,\"name\":\"Products\",\"item\":\"https:\\\/\\\/twinpol.com\\\/products\\\/\"},{\"@type\":\"ListItem\",\"position\":3,\"name\":\"LCD Screen cleaning wipes, 100 pcs, vanilla scent\"}]},{\"@type\":\"WebSite\",\"@id\":\"https:\\\/\\\/twinpol.com\\\/#website\",\"url\":\"https:\\\/\\\/twinpol.com\\\/\",\"name\":\"Twinpol\",\"description\":\"Cleaning Supplies\",\"publisher\":{\"@id\":\"https:\\\/\\\/twinpol.com\\\/#organization\"},\"potentialAction\":[{\"@type\":\"SearchAction\",\"target\":{\"@type\":\"EntryPoint\",\"urlTemplate\":\"https:\\\/\\\/twinpol.com\\\/?s={search_term_string}\"},\"query-input\":{\"@type\":\"PropertyValueSpecification\",\"valueRequired\":true,\"valueName\":\"search_term_string\"}}],\"inLanguage\":\"de\"},{\"@type\":\"Organization\",\"@id\":\"https:\\\/\\\/twinpol.com\\\/#organization\",\"name\":\"Twinpol\",\"url\":\"https:\\\/\\\/twinpol.com\\\/\",\"logo\":{\"@type\":\"ImageObject\",\"inLanguage\":\"de\",\"@id\":\"https:\\\/\\\/twinpol.com\\\/#\\\/schema\\\/logo\\\/image\\\/\",\"url\":\"https:\\\/\\\/twinpol.com\\\/wp-content\\\/uploads\\\/2022\\\/10\\\/cropped-favicon.png\",\"contentUrl\":\"https:\\\/\\\/twinpol.com\\\/wp-content\\\/uploads\\\/2022\\\/10\\\/cropped-favicon.png\",\"width\":512,\"height\":512,\"caption\":\"Twinpol\"},\"image\":{\"@id\":\"https:\\\/\\\/twinpol.com\\\/#\\\/schema\\\/logo\\\/image\\\/\"}}]}<\/script>\n<!-- \/ Yoast SEO plugin. -->","yoast_head_json":{"title":"LCD-Bildschirmreinigungst\u00fccher, 100 St\u00fcck, Vanille-Duft - TwinPol","robots":{"index":"index","follow":"follow","max-snippet":"max-snippet:-1","max-image-preview":"max-image-preview:large","max-video-preview":"max-video-preview:-1"},"canonical":"https:\/\/twinpol.com\/de\/produkt\/lcd-siebreinigungstucher-100-pcs-vanille-duft\/","og_locale":"de_DE","og_type":"article","og_title":"LCD Screen cleaning wipes, 100 pcs, vanilla scent - TwinPol","og_description":"LCD Screen Cleaning Wipes &#8211; Smudge-Free Screen Cleaning LCD Screen Cleaning Wipes Home > Products > Cleaning wipes > Screen","og_url":"https:\/\/twinpol.com\/de\/produkt\/lcd-siebreinigungstucher-100-pcs-vanille-duft\/","og_site_name":"TwinPol","article_modified_time":"2023-12-01T14:57:59+00:00","og_image":[{"width":800,"height":800,"url":"https:\/\/twinpol.com\/wp-content\/uploads\/2023\/10\/RE00093_100_V_Wizualizacja_www.png","type":"image\/png"}],"twitter_card":"summary_large_image","twitter_misc":{"Gesch\u00e4tzte Lesezeit":"1\u00a0Minute"},"schema":{"@context":"https:\/\/schema.org","@graph":[{"@type":"WebPage","@id":"https:\/\/twinpol.com\/product\/lcd-screen-cleaning-wipes-100-pcs-vanilla-scent\/","url":"https:\/\/twinpol.com\/product\/lcd-screen-cleaning-wipes-100-pcs-vanilla-scent\/","name":"LCD-Bildschirmreinigungst\u00fccher, 100 St\u00fcck, Vanille-Duft - TwinPol","isPartOf":{"@id":"https:\/\/twinpol.com\/#website"},"primaryImageOfPage":{"@id":"https:\/\/twinpol.com\/product\/lcd-screen-cleaning-wipes-100-pcs-vanilla-scent\/#primaryimage"},"image":{"@id":"https:\/\/twinpol.com\/product\/lcd-screen-cleaning-wipes-100-pcs-vanilla-scent\/#primaryimage"},"thumbnailUrl":"https:\/\/twinpol.com\/wp-content\/uploads\/2023\/10\/RE00093_100_V_Wizualizacja_www.png","datePublished":"2023-10-26T08:14:12+00:00","dateModified":"2023-12-01T14:57:59+00:00","breadcrumb":{"@id":"https:\/\/twinpol.com\/product\/lcd-screen-cleaning-wipes-100-pcs-vanilla-scent\/#breadcrumb"},"inLanguage":"de","potentialAction":[{"@type":"ReadAction","target":["https:\/\/twinpol.com\/product\/lcd-screen-cleaning-wipes-100-pcs-vanilla-scent\/"]}]},{"@type":"ImageObject","inLanguage":"de","@id":"https:\/\/twinpol.com\/product\/lcd-screen-cleaning-wipes-100-pcs-vanilla-scent\/#primaryimage","url":"https:\/\/twinpol.com\/wp-content\/uploads\/2023\/10\/RE00093_100_V_Wizualizacja_www.png","contentUrl":"https:\/\/twinpol.com\/wp-content\/uploads\/2023\/10\/RE00093_100_V_Wizualizacja_www.png","width":800,"height":800},{"@type":"BreadcrumbList","@id":"https:\/\/twinpol.com\/product\/lcd-screen-cleaning-wipes-100-pcs-vanilla-scent\/#breadcrumb","itemListElement":[{"@type":"ListItem","position":1,"name":"Home","item":"https:\/\/twinpol.com\/"},{"@type":"ListItem","position":2,"name":"Products","item":"https:\/\/twinpol.com\/products\/"},{"@type":"ListItem","position":3,"name":"LCD Screen cleaning wipes, 100 pcs, vanilla scent"}]},{"@type":"WebSite","@id":"https:\/\/twinpol.com\/#website","url":"https:\/\/twinpol.com\/","name":"Twinpol","description":"Reinigungsmittel","publisher":{"@id":"https:\/\/twinpol.com\/#organization"},"potentialAction":[{"@type":"SearchAction","target":{"@type":"EntryPoint","urlTemplate":"https:\/\/twinpol.com\/?s={search_term_string}"},"query-input":{"@type":"PropertyValueSpecification","valueRequired":true,"valueName":"search_term_string"}}],"inLanguage":"de"},{"@type":"Organization","@id":"https:\/\/twinpol.com\/#organization","name":"Twinpol","url":"https:\/\/twinpol.com\/","logo":{"@type":"ImageObject","inLanguage":"de","@id":"https:\/\/twinpol.com\/#\/schema\/logo\/image\/","url":"https:\/\/twinpol.com\/wp-content\/uploads\/2022\/10\/cropped-favicon.png","contentUrl":"https:\/\/twinpol.com\/wp-content\/uploads\/2022\/10\/cropped-favicon.png","width":512,"height":512,"caption":"Twinpol"},"image":{"@id":"https:\/\/twinpol.com\/#\/schema\/logo\/image\/"}}]}},"_links":{"self":[{"href":"https:\/\/twinpol.com\/de\/wp-json\/wp\/v2\/product\/20285","targetHints":{"allow":["GET"]}}],"collection":[{"href":"https:\/\/twinpol.com\/de\/wp-json\/wp\/v2\/product"}],"about":[{"href":"https:\/\/twinpol.com\/de\/wp-json\/wp\/v2\/types\/product"}],"wp:featuredmedia":[{"embeddable":true,"href":"https:\/\/twinpol.com\/de\/wp-json\/wp\/v2\/media\/20286"}],"wp:attachment":[{"href":"https:\/\/twinpol.com\/de\/wp-json\/wp\/v2\/media?parent=20285"}],"wp:term":[{"taxonomy":"product_brand","embeddable":true,"href":"https:\/\/twinpol.com\/de\/wp-json\/wp\/v2\/product_brand?post=20285"},{"taxonomy":"product_cat","embeddable":true,"href":"https:\/\/twinpol.com\/de\/wp-json\/wp\/v2\/product_cat?post=20285"},{"taxonomy":"product_tag","embeddable":true,"href":"https:\/\/twinpol.com\/de\/wp-json\/wp\/v2\/product_tag?post=20285"}],"curies":[{"name":"wp","href":"https:\/\/api.w.org\/{rel}","templated":true}]}}