{"id":20292,"date":"2023-10-26T12:53:00","date_gmt":"2023-10-26T12:53:00","guid":{"rendered":"https:\/\/twinpol.com\/?post_type=product&#038;p=20292"},"modified":"2023-10-26T14:13:44","modified_gmt":"2023-10-26T14:13:44","slug":"lenses-cleaning-kit-2in1","status":"publish","type":"product","link":"https:\/\/twinpol.com\/de\/produkt\/linsen-reinigungs-kit-2in1\/","title":{"rendered":"Objektiv-Reinigungsset, 2in1"},"content":{"rendered":"<p><!DOCTYPE html><br \/>\n<html><br \/>\n<head><br \/>\n  <title>Objektiv-Reinigungsset 2in1 - Reinigung von Kamera-Objektiven<\/title><br \/>\n<\/head><br \/>\n<body><\/p>\n<h1>Reinigungsset f\u00fcr Objektive<\/h1>\n<div class=\"breadcrumbs\">\n  <a href=\"\/de\/\">Startseite<\/a> > <a href=\"https:\/\/twinpol.com\/de\/products\/\">Produkte<\/a> > <a href=\"\/de\/product-category\/glasses-lens-cleaners\/\">Brillen-\/Glasreiniger<\/a> >\n<\/div>\n<h2>Superior Lens Cleaning Solution<\/h2>\n<p>\n    Halten Sie Ihre Kameraobjektive mit unserem Lenses Cleaning Kit kristallklar. Dieses Kit besteht aus einer hochwertigen Reinigungsfl\u00fcssigkeit und zwei erstklassigen Mikrofasert\u00fcchern und wurde speziell f\u00fcr Kameras entwickelt. Verabschieden Sie sich von Flecken, Schmutz und Staub auf Ihren wertvollen Objektiven und stellen Sie sicher, dass Ihre Fotos und Videos immer scharf und klar sind.\n  <\/p>\n<h2>Vorteile<\/h2>\n<ul>\n<li>Entfernen Sie m\u00fchelos Flecken, Fingerabdr\u00fccke und Schmutz<\/li>\n<li>Sicher f\u00fcr alle Arten von Kameraobjektiven<\/li>\n<li>Vorbeugung von Kratzern und Pflege der Linsenbeschichtungen f\u00fcr lang anhaltende Leistung<\/li>\n<li>Tragbar und praktisch<\/li>\n<\/ul>\n<h2>Das Kit enth\u00e4lt:<\/h2>\n<ul>\n<li>Reinigungsfl\u00fcssigkeit f\u00fcr Linsen 100 ml<\/li>\n<li>2 Mikrofasert\u00fccher 20 x 10 cm<\/li>\n<\/ul>\n<p><\/body><br \/>\n<\/html><\/p>","protected":false},"excerpt":{"rendered":"<p>Objektivreinigungsset 2in1 - Kameraobjektivreinigung Objektivreinigungsset Home &gt; Produkte &gt; Brillen-\/Objektivreiniger &gt; Superior Objektive<\/p>","protected":false},"featured_media":20293,"template":"","meta":[],"product_brand":[],"product_cat":[337],"product_tag":[],"class_list":{"0":"post-20292","1":"product","2":"type-product","3":"status-publish","4":"has-post-thumbnail","6":"product_cat-glasses-lens-cleaners","8":"first","9":"instock","10":"shipping-taxable","11":"purchasable","12":"product-type-simple"},"yoast_head":"<!-- This site is optimized with the Yoast SEO plugin v27.3 - https:\/\/yoast.com\/product\/yoast-seo-wordpress\/ -->\n<title>Lenses cleaning kit, 2in1 - TwinPol<\/title>\n<meta name=\"robots\" content=\"index, follow, max-snippet:-1, max-image-preview:large, max-video-preview:-1\" \/>\n<link rel=\"canonical\" href=\"https:\/\/twinpol.com\/de\/produkt\/linsen-reinigungs-kit-2in1\/\" \/>\n<meta property=\"og:locale\" content=\"de_DE\" \/>\n<meta property=\"og:type\" content=\"article\" \/>\n<meta property=\"og:title\" content=\"Lenses cleaning kit, 2in1 - TwinPol\" \/>\n<meta property=\"og:description\" content=\"Lenses Cleaning Kit 2in1 &#8211; Camera Lens Cleaning Lenses Cleaning Kit Home &gt; Products &gt; Glasses\/lens cleaner &gt; Superior Lenses\" \/>\n<meta property=\"og:url\" content=\"https:\/\/twinpol.com\/de\/produkt\/linsen-reinigungs-kit-2in1\/\" \/>\n<meta property=\"og:site_name\" content=\"TwinPol\" \/>\n<meta property=\"article:modified_time\" content=\"2023-10-26T14:13:44+00:00\" \/>\n<meta property=\"og:image\" content=\"https:\/\/twinpol.com\/wp-content\/uploads\/2023\/10\/FR00120T_kit_box_Wizualizacja_high-800x800.png\" \/>\n\t<meta property=\"og:image:width\" content=\"800\" \/>\n\t<meta property=\"og:image:height\" content=\"800\" \/>\n\t<meta property=\"og:image:type\" content=\"image\/png\" \/>\n<meta name=\"twitter:card\" content=\"summary_large_image\" \/>\n<meta name=\"twitter:label1\" content=\"Gesch\u00e4tzte Lesezeit\" \/>\n\t<meta name=\"twitter:data1\" content=\"1\u00a0Minute\" \/>\n<script type=\"application\/ld+json\" class=\"yoast-schema-graph\">{\"@context\":\"https:\\\/\\\/schema.org\",\"@graph\":[{\"@type\":\"WebPage\",\"@id\":\"https:\\\/\\\/twinpol.com\\\/product\\\/lenses-cleaning-kit-2in1\\\/\",\"url\":\"https:\\\/\\\/twinpol.com\\\/product\\\/lenses-cleaning-kit-2in1\\\/\",\"name\":\"Lenses cleaning kit, 2in1 - TwinPol\",\"isPartOf\":{\"@id\":\"https:\\\/\\\/twinpol.com\\\/#website\"},\"primaryImageOfPage\":{\"@id\":\"https:\\\/\\\/twinpol.com\\\/product\\\/lenses-cleaning-kit-2in1\\\/#primaryimage\"},\"image\":{\"@id\":\"https:\\\/\\\/twinpol.com\\\/product\\\/lenses-cleaning-kit-2in1\\\/#primaryimage\"},\"thumbnailUrl\":\"https:\\\/\\\/twinpol.com\\\/wp-content\\\/uploads\\\/2023\\\/10\\\/FR00120T_kit_box_Wizualizacja_high.png\",\"datePublished\":\"2023-10-26T12:53:00+00:00\",\"dateModified\":\"2023-10-26T14:13:44+00:00\",\"breadcrumb\":{\"@id\":\"https:\\\/\\\/twinpol.com\\\/product\\\/lenses-cleaning-kit-2in1\\\/#breadcrumb\"},\"inLanguage\":\"de\",\"potentialAction\":[{\"@type\":\"ReadAction\",\"target\":[\"https:\\\/\\\/twinpol.com\\\/product\\\/lenses-cleaning-kit-2in1\\\/\"]}]},{\"@type\":\"ImageObject\",\"inLanguage\":\"de\",\"@id\":\"https:\\\/\\\/twinpol.com\\\/product\\\/lenses-cleaning-kit-2in1\\\/#primaryimage\",\"url\":\"https:\\\/\\\/twinpol.com\\\/wp-content\\\/uploads\\\/2023\\\/10\\\/FR00120T_kit_box_Wizualizacja_high.png\",\"contentUrl\":\"https:\\\/\\\/twinpol.com\\\/wp-content\\\/uploads\\\/2023\\\/10\\\/FR00120T_kit_box_Wizualizacja_high.png\",\"width\":1800,\"height\":1800},{\"@type\":\"BreadcrumbList\",\"@id\":\"https:\\\/\\\/twinpol.com\\\/product\\\/lenses-cleaning-kit-2in1\\\/#breadcrumb\",\"itemListElement\":[{\"@type\":\"ListItem\",\"position\":1,\"name\":\"Home\",\"item\":\"https:\\\/\\\/twinpol.com\\\/\"},{\"@type\":\"ListItem\",\"position\":2,\"name\":\"Products\",\"item\":\"https:\\\/\\\/twinpol.com\\\/products\\\/\"},{\"@type\":\"ListItem\",\"position\":3,\"name\":\"Lenses cleaning kit, 2in1\"}]},{\"@type\":\"WebSite\",\"@id\":\"https:\\\/\\\/twinpol.com\\\/#website\",\"url\":\"https:\\\/\\\/twinpol.com\\\/\",\"name\":\"Twinpol\",\"description\":\"Cleaning Supplies\",\"publisher\":{\"@id\":\"https:\\\/\\\/twinpol.com\\\/#organization\"},\"potentialAction\":[{\"@type\":\"SearchAction\",\"target\":{\"@type\":\"EntryPoint\",\"urlTemplate\":\"https:\\\/\\\/twinpol.com\\\/?s={search_term_string}\"},\"query-input\":{\"@type\":\"PropertyValueSpecification\",\"valueRequired\":true,\"valueName\":\"search_term_string\"}}],\"inLanguage\":\"de\"},{\"@type\":\"Organization\",\"@id\":\"https:\\\/\\\/twinpol.com\\\/#organization\",\"name\":\"Twinpol\",\"url\":\"https:\\\/\\\/twinpol.com\\\/\",\"logo\":{\"@type\":\"ImageObject\",\"inLanguage\":\"de\",\"@id\":\"https:\\\/\\\/twinpol.com\\\/#\\\/schema\\\/logo\\\/image\\\/\",\"url\":\"https:\\\/\\\/twinpol.com\\\/wp-content\\\/uploads\\\/2022\\\/10\\\/cropped-favicon.png\",\"contentUrl\":\"https:\\\/\\\/twinpol.com\\\/wp-content\\\/uploads\\\/2022\\\/10\\\/cropped-favicon.png\",\"width\":512,\"height\":512,\"caption\":\"Twinpol\"},\"image\":{\"@id\":\"https:\\\/\\\/twinpol.com\\\/#\\\/schema\\\/logo\\\/image\\\/\"}}]}<\/script>\n<!-- \/ Yoast SEO plugin. -->","yoast_head_json":{"title":"Reinigungsset f\u00fcr Objektive, 2in1 - TwinPol","robots":{"index":"index","follow":"follow","max-snippet":"max-snippet:-1","max-image-preview":"max-image-preview:large","max-video-preview":"max-video-preview:-1"},"canonical":"https:\/\/twinpol.com\/de\/produkt\/linsen-reinigungs-kit-2in1\/","og_locale":"de_DE","og_type":"article","og_title":"Lenses cleaning kit, 2in1 - TwinPol","og_description":"Lenses Cleaning Kit 2in1 &#8211; Camera Lens Cleaning Lenses Cleaning Kit Home > Products > Glasses\/lens cleaner > Superior Lenses","og_url":"https:\/\/twinpol.com\/de\/produkt\/linsen-reinigungs-kit-2in1\/","og_site_name":"TwinPol","article_modified_time":"2023-10-26T14:13:44+00:00","og_image":[{"width":800,"height":800,"url":"https:\/\/twinpol.com\/wp-content\/uploads\/2023\/10\/FR00120T_kit_box_Wizualizacja_high-800x800.png","type":"image\/png"}],"twitter_card":"summary_large_image","twitter_misc":{"Gesch\u00e4tzte Lesezeit":"1\u00a0Minute"},"schema":{"@context":"https:\/\/schema.org","@graph":[{"@type":"WebPage","@id":"https:\/\/twinpol.com\/product\/lenses-cleaning-kit-2in1\/","url":"https:\/\/twinpol.com\/product\/lenses-cleaning-kit-2in1\/","name":"Reinigungsset f\u00fcr Objektive, 2in1 - TwinPol","isPartOf":{"@id":"https:\/\/twinpol.com\/#website"},"primaryImageOfPage":{"@id":"https:\/\/twinpol.com\/product\/lenses-cleaning-kit-2in1\/#primaryimage"},"image":{"@id":"https:\/\/twinpol.com\/product\/lenses-cleaning-kit-2in1\/#primaryimage"},"thumbnailUrl":"https:\/\/twinpol.com\/wp-content\/uploads\/2023\/10\/FR00120T_kit_box_Wizualizacja_high.png","datePublished":"2023-10-26T12:53:00+00:00","dateModified":"2023-10-26T14:13:44+00:00","breadcrumb":{"@id":"https:\/\/twinpol.com\/product\/lenses-cleaning-kit-2in1\/#breadcrumb"},"inLanguage":"de","potentialAction":[{"@type":"ReadAction","target":["https:\/\/twinpol.com\/product\/lenses-cleaning-kit-2in1\/"]}]},{"@type":"ImageObject","inLanguage":"de","@id":"https:\/\/twinpol.com\/product\/lenses-cleaning-kit-2in1\/#primaryimage","url":"https:\/\/twinpol.com\/wp-content\/uploads\/2023\/10\/FR00120T_kit_box_Wizualizacja_high.png","contentUrl":"https:\/\/twinpol.com\/wp-content\/uploads\/2023\/10\/FR00120T_kit_box_Wizualizacja_high.png","width":1800,"height":1800},{"@type":"BreadcrumbList","@id":"https:\/\/twinpol.com\/product\/lenses-cleaning-kit-2in1\/#breadcrumb","itemListElement":[{"@type":"ListItem","position":1,"name":"Home","item":"https:\/\/twinpol.com\/"},{"@type":"ListItem","position":2,"name":"Products","item":"https:\/\/twinpol.com\/products\/"},{"@type":"ListItem","position":3,"name":"Lenses cleaning kit, 2in1"}]},{"@type":"WebSite","@id":"https:\/\/twinpol.com\/#website","url":"https:\/\/twinpol.com\/","name":"Twinpol","description":"Reinigungsmittel","publisher":{"@id":"https:\/\/twinpol.com\/#organization"},"potentialAction":[{"@type":"SearchAction","target":{"@type":"EntryPoint","urlTemplate":"https:\/\/twinpol.com\/?s={search_term_string}"},"query-input":{"@type":"PropertyValueSpecification","valueRequired":true,"valueName":"search_term_string"}}],"inLanguage":"de"},{"@type":"Organization","@id":"https:\/\/twinpol.com\/#organization","name":"Twinpol","url":"https:\/\/twinpol.com\/","logo":{"@type":"ImageObject","inLanguage":"de","@id":"https:\/\/twinpol.com\/#\/schema\/logo\/image\/","url":"https:\/\/twinpol.com\/wp-content\/uploads\/2022\/10\/cropped-favicon.png","contentUrl":"https:\/\/twinpol.com\/wp-content\/uploads\/2022\/10\/cropped-favicon.png","width":512,"height":512,"caption":"Twinpol"},"image":{"@id":"https:\/\/twinpol.com\/#\/schema\/logo\/image\/"}}]}},"_links":{"self":[{"href":"https:\/\/twinpol.com\/de\/wp-json\/wp\/v2\/product\/20292","targetHints":{"allow":["GET"]}}],"collection":[{"href":"https:\/\/twinpol.com\/de\/wp-json\/wp\/v2\/product"}],"about":[{"href":"https:\/\/twinpol.com\/de\/wp-json\/wp\/v2\/types\/product"}],"wp:featuredmedia":[{"embeddable":true,"href":"https:\/\/twinpol.com\/de\/wp-json\/wp\/v2\/media\/20293"}],"wp:attachment":[{"href":"https:\/\/twinpol.com\/de\/wp-json\/wp\/v2\/media?parent=20292"}],"wp:term":[{"taxonomy":"product_brand","embeddable":true,"href":"https:\/\/twinpol.com\/de\/wp-json\/wp\/v2\/product_brand?post=20292"},{"taxonomy":"product_cat","embeddable":true,"href":"https:\/\/twinpol.com\/de\/wp-json\/wp\/v2\/product_cat?post=20292"},{"taxonomy":"product_tag","embeddable":true,"href":"https:\/\/twinpol.com\/de\/wp-json\/wp\/v2\/product_tag?post=20292"}],"curies":[{"name":"wp","href":"https:\/\/api.w.org\/{rel}","templated":true}]}}