{"id":20340,"date":"2024-01-09T12:03:34","date_gmt":"2024-01-09T12:03:34","guid":{"rendered":"https:\/\/twinpol.com\/?post_type=product&#038;p=20340"},"modified":"2024-01-29T13:10:54","modified_gmt":"2024-01-29T13:10:54","slug":"bathroom-cleaner-2-refills","status":"publish","type":"product","link":"https:\/\/twinpol.com\/de\/produkt\/bad-reiniger-2-nachfullungen\/","title":{"rendered":"Badreiniger, 2 Nachf\u00fcllpackungen"},"content":{"rendered":"<h1>Badreiniger<\/h1>\n<div class=\"breadcrumbs\"><a href=\"\/de\/\">Startseite<\/a> &gt; <a href=\"\/de\/products\/\">Produkte<\/a> &gt; <a href=\"\/de\/product-category\/Bathroom\/\"> Badezimmer-Reiniger<\/a> &gt;<\/div>\n<p>Unser Badreiniger ist eine leistungsstarke und vielseitige Reinigungsl\u00f6sung, die m\u00fchelos die schlimmsten Verschmutzungen im Bad beseitigt. Das Produkt ist f\u00fcr verschiedene Badezimmerarmaturen geeignet, darunter Wasserh\u00e4hne, Duschk\u00f6pfe, Fliesen und Glasfl\u00e4chen. Erleben Sie eine konsistente und bemerkenswerte Kalkentfernung in Ihrem gesamten Badezimmer, vom Waschbecken bis zur Dusche. Die konzentrierte Formel stellt sicher, dass Sie genau die richtige Menge an Entkalkungsl\u00f6sung verwenden, um Verschwendung zu vermeiden und dennoch hervorragende Ergebnisse zu erzielen.<\/p>\n<h1><strong>Erweiterte Reinigungskraft<\/strong><\/h1>\n<p>Das Besondere an unserem Badreiniger ist sein wasserl\u00f6sliches Tablettenformat. Vorbei sind die Zeiten, in denen man verschiedene Reinigungsprodukte abmessen und mischen musste. Mit unseren innovativen Tabletten wird die Reinigung zum Kinderspiel. Geben Sie einfach eine Tablette in einen Beh\u00e4lter mit Wasser, beobachten Sie, wie sie zischt und sich aufl\u00f6st, und schon haben Sie eine wirksame Reinigungsl\u00f6sung, mit der Sie jeden Schmutz beseitigen k\u00f6nnen.<\/p>\n<h2>Vorteile<\/h2>\n<ul>\n<li>M\u00fchelose Reinigung<\/li>\n<li>Geeignet f\u00fcr eine breite Palette von Oberfl\u00e4chen<\/li>\n<li>Entwickelt, um durch fettige R\u00fcckst\u00e4nde zu schneiden<\/li>\n<li>Sorgt daf\u00fcr, dass Ihre Badoberfl\u00e4chen gl\u00e4nzen und wie neu aussehen.<\/li>\n<\/ul>","protected":false},"excerpt":{"rendered":"<p>Unser Badreiniger ist eine leistungsstarke und vielseitige Reinigungsl\u00f6sung, die m\u00fchelos die schlimmsten Verschmutzungen im Bad beseitigt. Das Produkt ist f\u00fcr verschiedene Badezimmerarmaturen geeignet, darunter Wasserh\u00e4hne, Duschk\u00f6pfe, Fliesen und Glasfl\u00e4chen.<\/p>","protected":false},"featured_media":20342,"template":"","meta":[],"product_brand":[],"product_cat":[320],"product_tag":[],"class_list":{"0":"post-20340","1":"product","2":"type-product","3":"status-publish","4":"has-post-thumbnail","6":"product_cat-bathroom","8":"first","9":"instock","10":"shipping-taxable","11":"product-type-simple"},"yoast_head":"<!-- This site is optimized with the Yoast SEO plugin v27.3 - https:\/\/yoast.com\/product\/yoast-seo-wordpress\/ -->\n<title>Bathroom cleaner, 2 refills - TwinPol<\/title>\n<meta name=\"robots\" content=\"index, follow, max-snippet:-1, max-image-preview:large, max-video-preview:-1\" \/>\n<link rel=\"canonical\" href=\"https:\/\/twinpol.com\/de\/produkt\/bad-reiniger-2-nachfullungen\/\" \/>\n<meta property=\"og:locale\" content=\"de_DE\" \/>\n<meta property=\"og:type\" content=\"article\" \/>\n<meta property=\"og:title\" content=\"Bathroom cleaner, 2 refills - TwinPol\" \/>\n<meta property=\"og:description\" content=\"Our Bathroom Cleaner is a powerful and versatile cleaning solution that effortlessly handles the toughest bathroom messes. Product is suitable for various bathroom fixtures, including faucets, showerheads, tiles, and glass surfaces.\" \/>\n<meta property=\"og:url\" content=\"https:\/\/twinpol.com\/de\/produkt\/bad-reiniger-2-nachfullungen\/\" \/>\n<meta property=\"og:site_name\" content=\"TwinPol\" \/>\n<meta property=\"article:modified_time\" content=\"2024-01-29T13:10:54+00:00\" \/>\n<meta property=\"og:image\" content=\"https:\/\/twinpol.com\/wp-content\/uploads\/2024\/01\/FR00176_ref_2_tab_www.png\" \/>\n\t<meta property=\"og:image:width\" content=\"800\" \/>\n\t<meta property=\"og:image:height\" content=\"800\" \/>\n\t<meta property=\"og:image:type\" content=\"image\/png\" \/>\n<meta name=\"twitter:card\" content=\"summary_large_image\" \/>\n<meta name=\"twitter:label1\" content=\"Gesch\u00e4tzte Lesezeit\" \/>\n\t<meta name=\"twitter:data1\" content=\"1\u00a0Minute\" \/>\n<script type=\"application\/ld+json\" class=\"yoast-schema-graph\">{\"@context\":\"https:\\\/\\\/schema.org\",\"@graph\":[{\"@type\":\"WebPage\",\"@id\":\"https:\\\/\\\/twinpol.com\\\/product\\\/bathroom-cleaner-2-refills\\\/\",\"url\":\"https:\\\/\\\/twinpol.com\\\/product\\\/bathroom-cleaner-2-refills\\\/\",\"name\":\"Bathroom cleaner, 2 refills - TwinPol\",\"isPartOf\":{\"@id\":\"https:\\\/\\\/twinpol.com\\\/#website\"},\"primaryImageOfPage\":{\"@id\":\"https:\\\/\\\/twinpol.com\\\/product\\\/bathroom-cleaner-2-refills\\\/#primaryimage\"},\"image\":{\"@id\":\"https:\\\/\\\/twinpol.com\\\/product\\\/bathroom-cleaner-2-refills\\\/#primaryimage\"},\"thumbnailUrl\":\"https:\\\/\\\/twinpol.com\\\/wp-content\\\/uploads\\\/2024\\\/01\\\/FR00176_ref_2_tab_www.png\",\"datePublished\":\"2024-01-09T12:03:34+00:00\",\"dateModified\":\"2024-01-29T13:10:54+00:00\",\"breadcrumb\":{\"@id\":\"https:\\\/\\\/twinpol.com\\\/product\\\/bathroom-cleaner-2-refills\\\/#breadcrumb\"},\"inLanguage\":\"de\",\"potentialAction\":[{\"@type\":\"ReadAction\",\"target\":[\"https:\\\/\\\/twinpol.com\\\/product\\\/bathroom-cleaner-2-refills\\\/\"]}]},{\"@type\":\"ImageObject\",\"inLanguage\":\"de\",\"@id\":\"https:\\\/\\\/twinpol.com\\\/product\\\/bathroom-cleaner-2-refills\\\/#primaryimage\",\"url\":\"https:\\\/\\\/twinpol.com\\\/wp-content\\\/uploads\\\/2024\\\/01\\\/FR00176_ref_2_tab_www.png\",\"contentUrl\":\"https:\\\/\\\/twinpol.com\\\/wp-content\\\/uploads\\\/2024\\\/01\\\/FR00176_ref_2_tab_www.png\",\"width\":800,\"height\":800},{\"@type\":\"BreadcrumbList\",\"@id\":\"https:\\\/\\\/twinpol.com\\\/product\\\/bathroom-cleaner-2-refills\\\/#breadcrumb\",\"itemListElement\":[{\"@type\":\"ListItem\",\"position\":1,\"name\":\"Home\",\"item\":\"https:\\\/\\\/twinpol.com\\\/\"},{\"@type\":\"ListItem\",\"position\":2,\"name\":\"Products\",\"item\":\"https:\\\/\\\/twinpol.com\\\/products\\\/\"},{\"@type\":\"ListItem\",\"position\":3,\"name\":\"Bathroom cleaner, 2 refills\"}]},{\"@type\":\"WebSite\",\"@id\":\"https:\\\/\\\/twinpol.com\\\/#website\",\"url\":\"https:\\\/\\\/twinpol.com\\\/\",\"name\":\"Twinpol\",\"description\":\"Cleaning Supplies\",\"publisher\":{\"@id\":\"https:\\\/\\\/twinpol.com\\\/#organization\"},\"potentialAction\":[{\"@type\":\"SearchAction\",\"target\":{\"@type\":\"EntryPoint\",\"urlTemplate\":\"https:\\\/\\\/twinpol.com\\\/?s={search_term_string}\"},\"query-input\":{\"@type\":\"PropertyValueSpecification\",\"valueRequired\":true,\"valueName\":\"search_term_string\"}}],\"inLanguage\":\"de\"},{\"@type\":\"Organization\",\"@id\":\"https:\\\/\\\/twinpol.com\\\/#organization\",\"name\":\"Twinpol\",\"url\":\"https:\\\/\\\/twinpol.com\\\/\",\"logo\":{\"@type\":\"ImageObject\",\"inLanguage\":\"de\",\"@id\":\"https:\\\/\\\/twinpol.com\\\/#\\\/schema\\\/logo\\\/image\\\/\",\"url\":\"https:\\\/\\\/twinpol.com\\\/wp-content\\\/uploads\\\/2022\\\/10\\\/cropped-favicon.png\",\"contentUrl\":\"https:\\\/\\\/twinpol.com\\\/wp-content\\\/uploads\\\/2022\\\/10\\\/cropped-favicon.png\",\"width\":512,\"height\":512,\"caption\":\"Twinpol\"},\"image\":{\"@id\":\"https:\\\/\\\/twinpol.com\\\/#\\\/schema\\\/logo\\\/image\\\/\"}}]}<\/script>\n<!-- \/ Yoast SEO plugin. -->","yoast_head_json":{"title":"Badreiniger, 2 Nachf\u00fcllpackungen - TwinPol","robots":{"index":"index","follow":"follow","max-snippet":"max-snippet:-1","max-image-preview":"max-image-preview:large","max-video-preview":"max-video-preview:-1"},"canonical":"https:\/\/twinpol.com\/de\/produkt\/bad-reiniger-2-nachfullungen\/","og_locale":"de_DE","og_type":"article","og_title":"Bathroom cleaner, 2 refills - TwinPol","og_description":"Our Bathroom Cleaner is a powerful and versatile cleaning solution that effortlessly handles the toughest bathroom messes. Product is suitable for various bathroom fixtures, including faucets, showerheads, tiles, and glass surfaces.","og_url":"https:\/\/twinpol.com\/de\/produkt\/bad-reiniger-2-nachfullungen\/","og_site_name":"TwinPol","article_modified_time":"2024-01-29T13:10:54+00:00","og_image":[{"width":800,"height":800,"url":"https:\/\/twinpol.com\/wp-content\/uploads\/2024\/01\/FR00176_ref_2_tab_www.png","type":"image\/png"}],"twitter_card":"summary_large_image","twitter_misc":{"Gesch\u00e4tzte Lesezeit":"1\u00a0Minute"},"schema":{"@context":"https:\/\/schema.org","@graph":[{"@type":"WebPage","@id":"https:\/\/twinpol.com\/product\/bathroom-cleaner-2-refills\/","url":"https:\/\/twinpol.com\/product\/bathroom-cleaner-2-refills\/","name":"Badreiniger, 2 Nachf\u00fcllpackungen - TwinPol","isPartOf":{"@id":"https:\/\/twinpol.com\/#website"},"primaryImageOfPage":{"@id":"https:\/\/twinpol.com\/product\/bathroom-cleaner-2-refills\/#primaryimage"},"image":{"@id":"https:\/\/twinpol.com\/product\/bathroom-cleaner-2-refills\/#primaryimage"},"thumbnailUrl":"https:\/\/twinpol.com\/wp-content\/uploads\/2024\/01\/FR00176_ref_2_tab_www.png","datePublished":"2024-01-09T12:03:34+00:00","dateModified":"2024-01-29T13:10:54+00:00","breadcrumb":{"@id":"https:\/\/twinpol.com\/product\/bathroom-cleaner-2-refills\/#breadcrumb"},"inLanguage":"de","potentialAction":[{"@type":"ReadAction","target":["https:\/\/twinpol.com\/product\/bathroom-cleaner-2-refills\/"]}]},{"@type":"ImageObject","inLanguage":"de","@id":"https:\/\/twinpol.com\/product\/bathroom-cleaner-2-refills\/#primaryimage","url":"https:\/\/twinpol.com\/wp-content\/uploads\/2024\/01\/FR00176_ref_2_tab_www.png","contentUrl":"https:\/\/twinpol.com\/wp-content\/uploads\/2024\/01\/FR00176_ref_2_tab_www.png","width":800,"height":800},{"@type":"BreadcrumbList","@id":"https:\/\/twinpol.com\/product\/bathroom-cleaner-2-refills\/#breadcrumb","itemListElement":[{"@type":"ListItem","position":1,"name":"Home","item":"https:\/\/twinpol.com\/"},{"@type":"ListItem","position":2,"name":"Products","item":"https:\/\/twinpol.com\/products\/"},{"@type":"ListItem","position":3,"name":"Bathroom cleaner, 2 refills"}]},{"@type":"WebSite","@id":"https:\/\/twinpol.com\/#website","url":"https:\/\/twinpol.com\/","name":"Twinpol","description":"Reinigungsmittel","publisher":{"@id":"https:\/\/twinpol.com\/#organization"},"potentialAction":[{"@type":"SearchAction","target":{"@type":"EntryPoint","urlTemplate":"https:\/\/twinpol.com\/?s={search_term_string}"},"query-input":{"@type":"PropertyValueSpecification","valueRequired":true,"valueName":"search_term_string"}}],"inLanguage":"de"},{"@type":"Organization","@id":"https:\/\/twinpol.com\/#organization","name":"Twinpol","url":"https:\/\/twinpol.com\/","logo":{"@type":"ImageObject","inLanguage":"de","@id":"https:\/\/twinpol.com\/#\/schema\/logo\/image\/","url":"https:\/\/twinpol.com\/wp-content\/uploads\/2022\/10\/cropped-favicon.png","contentUrl":"https:\/\/twinpol.com\/wp-content\/uploads\/2022\/10\/cropped-favicon.png","width":512,"height":512,"caption":"Twinpol"},"image":{"@id":"https:\/\/twinpol.com\/#\/schema\/logo\/image\/"}}]}},"_links":{"self":[{"href":"https:\/\/twinpol.com\/de\/wp-json\/wp\/v2\/product\/20340","targetHints":{"allow":["GET"]}}],"collection":[{"href":"https:\/\/twinpol.com\/de\/wp-json\/wp\/v2\/product"}],"about":[{"href":"https:\/\/twinpol.com\/de\/wp-json\/wp\/v2\/types\/product"}],"wp:featuredmedia":[{"embeddable":true,"href":"https:\/\/twinpol.com\/de\/wp-json\/wp\/v2\/media\/20342"}],"wp:attachment":[{"href":"https:\/\/twinpol.com\/de\/wp-json\/wp\/v2\/media?parent=20340"}],"wp:term":[{"taxonomy":"product_brand","embeddable":true,"href":"https:\/\/twinpol.com\/de\/wp-json\/wp\/v2\/product_brand?post=20340"},{"taxonomy":"product_cat","embeddable":true,"href":"https:\/\/twinpol.com\/de\/wp-json\/wp\/v2\/product_cat?post=20340"},{"taxonomy":"product_tag","embeddable":true,"href":"https:\/\/twinpol.com\/de\/wp-json\/wp\/v2\/product_tag?post=20340"}],"curies":[{"name":"wp","href":"https:\/\/api.w.org\/{rel}","templated":true}]}}