{"id":20363,"date":"2024-01-09T13:46:52","date_gmt":"2024-01-09T13:46:52","guid":{"rendered":"https:\/\/twinpol.com\/?post_type=product&#038;p=20363"},"modified":"2024-01-18T08:57:22","modified_gmt":"2024-01-18T08:57:22","slug":"shower-cleaner-bottle-2-refills","status":"publish","type":"product","link":"https:\/\/twinpol.com\/de\/produkt\/dusch-reinigungsmittel-flasche-2-nachfullungen\/","title":{"rendered":"Duschreiniger, Flasche + 2 Nachf\u00fcllpackungen"},"content":{"rendered":"<h1><strong>Leicht zu bedienende Spr\u00fchflasche<\/strong><\/h1>\n<div class=\"breadcrumbs\"><a href=\"\/de\/\">Startseite<\/a> &gt; <a href=\"\/de\/products\/\">Produkte<\/a> &gt; <a href=\"\/de\/product-category\/Bathroom\/\"> Badezimmer-Reiniger<\/a> &gt;<\/div>\n<p>Die mitgelieferte Spr\u00fchflasche ist f\u00fcr eine einfache Handhabung und pr\u00e4zise Anwendung konzipiert. F\u00fcllen Sie sie mit Wasser und setzen Sie eine der mitgelieferten Nachf\u00fcllpatronen ein, und schon sind Sie bereit, Verschmutzungen in der Dusche mit Pr\u00e4zision zu beseitigen. Das ergonomische Design sorgt f\u00fcr einen bequemen Griff und eine effektive Abdeckung, sodass keine Stelle unber\u00fchrt bleibt.<\/p>\n<h1><strong>Zwei Nachf\u00fcllpackungen f\u00fcr l\u00e4ngeren Gebrauch<\/strong><\/h1>\n<p>Wir wissen, wie wichtig es ist, das ganze Jahr \u00fcber eine saubere Dusche zu haben. Deshalb enth\u00e4lt unser Paket zwei Nachf\u00fcllkartuschen, die Ihnen einen erweiterten Vorrat an Reinigungskraft bieten. Mit diesem Paket geht Ihnen der Reiniger nicht so schnell aus, was Ihre Duschreinigungsroutine noch bequemer macht. Das spart nicht nur Geld, sondern sorgt auch daf\u00fcr, dass Ihre Duschfl\u00e4chen in einem tadellosen Zustand bleiben. Die konzentrierte Formel stellt sicher, dass Sie genau die richtige Menge an Reinigungsl\u00f6sung verwenden, um Verschwendung zu vermeiden und dennoch bemerkenswerte Ergebnisse zu erzielen. Das spart nicht nur Geld, sondern sorgt auch daf\u00fcr, dass Ihre Duschfl\u00e4chen in einem tadellosen Zustand bleiben.<\/p>\n<p>&nbsp;<\/p>\n<h2><strong>Vorteile:<\/strong><\/h2>\n<ul>\n<li>Unser Reiniger eignet sich f\u00fcr verschiedene Oberfl\u00e4chen in der Dusche und liefert stets hervorragende Reinigungsergebnisse.<\/li>\n<li>M\u00fchelose Reinigung<\/li>\n<li>Frische und belebende Erfahrung<\/li>\n<li>Vielseitige L\u00f6sung<\/li>\n<\/ul>\n<p>&nbsp;<\/p>","protected":false},"excerpt":{"rendered":"<p>Die konzentrierte Formel stellt sicher, dass Sie genau die richtige Menge an Reinigungsl\u00f6sung verwenden, um Verschwendung zu vermeiden und dennoch bemerkenswerte Ergebnisse zu erzielen.<\/p>","protected":false},"featured_media":20364,"template":"","meta":[],"product_brand":[],"product_cat":[320],"product_tag":[],"class_list":{"0":"post-20363","1":"product","2":"type-product","3":"status-publish","4":"has-post-thumbnail","6":"product_cat-bathroom","8":"first","9":"instock","10":"shipping-taxable","11":"product-type-simple"},"yoast_head":"<!-- This site is optimized with the Yoast SEO plugin v27.4 - https:\/\/yoast.com\/product\/yoast-seo-wordpress\/ -->\n<title>Shower cleaner, bottle + 2 refills - TwinPol<\/title>\n<meta name=\"robots\" content=\"index, follow, max-snippet:-1, max-image-preview:large, max-video-preview:-1\" \/>\n<link rel=\"canonical\" href=\"https:\/\/twinpol.com\/de\/produkt\/dusch-reinigungsmittel-flasche-2-nachfullungen\/\" \/>\n<meta property=\"og:locale\" content=\"de_DE\" \/>\n<meta property=\"og:type\" content=\"article\" \/>\n<meta property=\"og:title\" content=\"Shower cleaner, bottle + 2 refills - TwinPol\" \/>\n<meta property=\"og:description\" content=\"The concentrated formula ensures you use just the right amount of cleaning solution, preventing waste while still achieving remarkable results.\" \/>\n<meta property=\"og:url\" content=\"https:\/\/twinpol.com\/de\/produkt\/dusch-reinigungsmittel-flasche-2-nachfullungen\/\" \/>\n<meta property=\"og:site_name\" content=\"TwinPol\" \/>\n<meta property=\"article:modified_time\" content=\"2024-01-18T08:57:22+00:00\" \/>\n<meta property=\"og:image\" content=\"https:\/\/twinpol.com\/wp-content\/uploads\/2024\/01\/FR00202_KIT_BOT_2_REF_TAB_wizualizacja_www.png\" \/>\n\t<meta property=\"og:image:width\" content=\"800\" \/>\n\t<meta property=\"og:image:height\" content=\"800\" \/>\n\t<meta property=\"og:image:type\" content=\"image\/png\" \/>\n<meta name=\"twitter:card\" content=\"summary_large_image\" \/>\n<meta name=\"twitter:label1\" content=\"Gesch\u00e4tzte Lesezeit\" \/>\n\t<meta name=\"twitter:data1\" content=\"1\u00a0Minute\" \/>\n<script type=\"application\/ld+json\" class=\"yoast-schema-graph\">{\"@context\":\"https:\\\/\\\/schema.org\",\"@graph\":[{\"@type\":\"WebPage\",\"@id\":\"https:\\\/\\\/twinpol.com\\\/product\\\/shower-cleaner-bottle-2-refills\\\/\",\"url\":\"https:\\\/\\\/twinpol.com\\\/product\\\/shower-cleaner-bottle-2-refills\\\/\",\"name\":\"Shower cleaner, bottle + 2 refills - TwinPol\",\"isPartOf\":{\"@id\":\"https:\\\/\\\/twinpol.com\\\/#website\"},\"primaryImageOfPage\":{\"@id\":\"https:\\\/\\\/twinpol.com\\\/product\\\/shower-cleaner-bottle-2-refills\\\/#primaryimage\"},\"image\":{\"@id\":\"https:\\\/\\\/twinpol.com\\\/product\\\/shower-cleaner-bottle-2-refills\\\/#primaryimage\"},\"thumbnailUrl\":\"https:\\\/\\\/twinpol.com\\\/wp-content\\\/uploads\\\/2024\\\/01\\\/FR00202_KIT_BOT_2_REF_TAB_wizualizacja_www.png\",\"datePublished\":\"2024-01-09T13:46:52+00:00\",\"dateModified\":\"2024-01-18T08:57:22+00:00\",\"breadcrumb\":{\"@id\":\"https:\\\/\\\/twinpol.com\\\/product\\\/shower-cleaner-bottle-2-refills\\\/#breadcrumb\"},\"inLanguage\":\"de\",\"potentialAction\":[{\"@type\":\"ReadAction\",\"target\":[\"https:\\\/\\\/twinpol.com\\\/product\\\/shower-cleaner-bottle-2-refills\\\/\"]}]},{\"@type\":\"ImageObject\",\"inLanguage\":\"de\",\"@id\":\"https:\\\/\\\/twinpol.com\\\/product\\\/shower-cleaner-bottle-2-refills\\\/#primaryimage\",\"url\":\"https:\\\/\\\/twinpol.com\\\/wp-content\\\/uploads\\\/2024\\\/01\\\/FR00202_KIT_BOT_2_REF_TAB_wizualizacja_www.png\",\"contentUrl\":\"https:\\\/\\\/twinpol.com\\\/wp-content\\\/uploads\\\/2024\\\/01\\\/FR00202_KIT_BOT_2_REF_TAB_wizualizacja_www.png\",\"width\":800,\"height\":800},{\"@type\":\"BreadcrumbList\",\"@id\":\"https:\\\/\\\/twinpol.com\\\/product\\\/shower-cleaner-bottle-2-refills\\\/#breadcrumb\",\"itemListElement\":[{\"@type\":\"ListItem\",\"position\":1,\"name\":\"Home\",\"item\":\"https:\\\/\\\/twinpol.com\\\/\"},{\"@type\":\"ListItem\",\"position\":2,\"name\":\"Products\",\"item\":\"https:\\\/\\\/twinpol.com\\\/products\\\/\"},{\"@type\":\"ListItem\",\"position\":3,\"name\":\"Shower cleaner, bottle + 2 refills\"}]},{\"@type\":\"WebSite\",\"@id\":\"https:\\\/\\\/twinpol.com\\\/#website\",\"url\":\"https:\\\/\\\/twinpol.com\\\/\",\"name\":\"Twinpol\",\"description\":\"Cleaning Supplies\",\"publisher\":{\"@id\":\"https:\\\/\\\/twinpol.com\\\/#organization\"},\"potentialAction\":[{\"@type\":\"SearchAction\",\"target\":{\"@type\":\"EntryPoint\",\"urlTemplate\":\"https:\\\/\\\/twinpol.com\\\/?s={search_term_string}\"},\"query-input\":{\"@type\":\"PropertyValueSpecification\",\"valueRequired\":true,\"valueName\":\"search_term_string\"}}],\"inLanguage\":\"de\"},{\"@type\":\"Organization\",\"@id\":\"https:\\\/\\\/twinpol.com\\\/#organization\",\"name\":\"Twinpol\",\"url\":\"https:\\\/\\\/twinpol.com\\\/\",\"logo\":{\"@type\":\"ImageObject\",\"inLanguage\":\"de\",\"@id\":\"https:\\\/\\\/twinpol.com\\\/#\\\/schema\\\/logo\\\/image\\\/\",\"url\":\"https:\\\/\\\/twinpol.com\\\/wp-content\\\/uploads\\\/2022\\\/10\\\/cropped-favicon.png\",\"contentUrl\":\"https:\\\/\\\/twinpol.com\\\/wp-content\\\/uploads\\\/2022\\\/10\\\/cropped-favicon.png\",\"width\":512,\"height\":512,\"caption\":\"Twinpol\"},\"image\":{\"@id\":\"https:\\\/\\\/twinpol.com\\\/#\\\/schema\\\/logo\\\/image\\\/\"}}]}<\/script>\n<!-- \/ Yoast SEO plugin. -->","yoast_head_json":{"title":"Duschreiniger, Flasche + 2 Nachf\u00fcllpackungen - TwinPol","robots":{"index":"index","follow":"follow","max-snippet":"max-snippet:-1","max-image-preview":"max-image-preview:large","max-video-preview":"max-video-preview:-1"},"canonical":"https:\/\/twinpol.com\/de\/produkt\/dusch-reinigungsmittel-flasche-2-nachfullungen\/","og_locale":"de_DE","og_type":"article","og_title":"Shower cleaner, bottle + 2 refills - TwinPol","og_description":"The concentrated formula ensures you use just the right amount of cleaning solution, preventing waste while still achieving remarkable results.","og_url":"https:\/\/twinpol.com\/de\/produkt\/dusch-reinigungsmittel-flasche-2-nachfullungen\/","og_site_name":"TwinPol","article_modified_time":"2024-01-18T08:57:22+00:00","og_image":[{"width":800,"height":800,"url":"https:\/\/twinpol.com\/wp-content\/uploads\/2024\/01\/FR00202_KIT_BOT_2_REF_TAB_wizualizacja_www.png","type":"image\/png"}],"twitter_card":"summary_large_image","twitter_misc":{"Gesch\u00e4tzte Lesezeit":"1\u00a0Minute"},"schema":{"@context":"https:\/\/schema.org","@graph":[{"@type":"WebPage","@id":"https:\/\/twinpol.com\/product\/shower-cleaner-bottle-2-refills\/","url":"https:\/\/twinpol.com\/product\/shower-cleaner-bottle-2-refills\/","name":"Duschreiniger, Flasche + 2 Nachf\u00fcllpackungen - TwinPol","isPartOf":{"@id":"https:\/\/twinpol.com\/#website"},"primaryImageOfPage":{"@id":"https:\/\/twinpol.com\/product\/shower-cleaner-bottle-2-refills\/#primaryimage"},"image":{"@id":"https:\/\/twinpol.com\/product\/shower-cleaner-bottle-2-refills\/#primaryimage"},"thumbnailUrl":"https:\/\/twinpol.com\/wp-content\/uploads\/2024\/01\/FR00202_KIT_BOT_2_REF_TAB_wizualizacja_www.png","datePublished":"2024-01-09T13:46:52+00:00","dateModified":"2024-01-18T08:57:22+00:00","breadcrumb":{"@id":"https:\/\/twinpol.com\/product\/shower-cleaner-bottle-2-refills\/#breadcrumb"},"inLanguage":"de","potentialAction":[{"@type":"ReadAction","target":["https:\/\/twinpol.com\/product\/shower-cleaner-bottle-2-refills\/"]}]},{"@type":"ImageObject","inLanguage":"de","@id":"https:\/\/twinpol.com\/product\/shower-cleaner-bottle-2-refills\/#primaryimage","url":"https:\/\/twinpol.com\/wp-content\/uploads\/2024\/01\/FR00202_KIT_BOT_2_REF_TAB_wizualizacja_www.png","contentUrl":"https:\/\/twinpol.com\/wp-content\/uploads\/2024\/01\/FR00202_KIT_BOT_2_REF_TAB_wizualizacja_www.png","width":800,"height":800},{"@type":"BreadcrumbList","@id":"https:\/\/twinpol.com\/product\/shower-cleaner-bottle-2-refills\/#breadcrumb","itemListElement":[{"@type":"ListItem","position":1,"name":"Home","item":"https:\/\/twinpol.com\/"},{"@type":"ListItem","position":2,"name":"Products","item":"https:\/\/twinpol.com\/products\/"},{"@type":"ListItem","position":3,"name":"Shower cleaner, bottle + 2 refills"}]},{"@type":"WebSite","@id":"https:\/\/twinpol.com\/#website","url":"https:\/\/twinpol.com\/","name":"Twinpol","description":"Reinigungsmittel","publisher":{"@id":"https:\/\/twinpol.com\/#organization"},"potentialAction":[{"@type":"SearchAction","target":{"@type":"EntryPoint","urlTemplate":"https:\/\/twinpol.com\/?s={search_term_string}"},"query-input":{"@type":"PropertyValueSpecification","valueRequired":true,"valueName":"search_term_string"}}],"inLanguage":"de"},{"@type":"Organization","@id":"https:\/\/twinpol.com\/#organization","name":"Twinpol","url":"https:\/\/twinpol.com\/","logo":{"@type":"ImageObject","inLanguage":"de","@id":"https:\/\/twinpol.com\/#\/schema\/logo\/image\/","url":"https:\/\/twinpol.com\/wp-content\/uploads\/2022\/10\/cropped-favicon.png","contentUrl":"https:\/\/twinpol.com\/wp-content\/uploads\/2022\/10\/cropped-favicon.png","width":512,"height":512,"caption":"Twinpol"},"image":{"@id":"https:\/\/twinpol.com\/#\/schema\/logo\/image\/"}}]}},"_links":{"self":[{"href":"https:\/\/twinpol.com\/de\/wp-json\/wp\/v2\/product\/20363","targetHints":{"allow":["GET"]}}],"collection":[{"href":"https:\/\/twinpol.com\/de\/wp-json\/wp\/v2\/product"}],"about":[{"href":"https:\/\/twinpol.com\/de\/wp-json\/wp\/v2\/types\/product"}],"wp:featuredmedia":[{"embeddable":true,"href":"https:\/\/twinpol.com\/de\/wp-json\/wp\/v2\/media\/20364"}],"wp:attachment":[{"href":"https:\/\/twinpol.com\/de\/wp-json\/wp\/v2\/media?parent=20363"}],"wp:term":[{"taxonomy":"product_brand","embeddable":true,"href":"https:\/\/twinpol.com\/de\/wp-json\/wp\/v2\/product_brand?post=20363"},{"taxonomy":"product_cat","embeddable":true,"href":"https:\/\/twinpol.com\/de\/wp-json\/wp\/v2\/product_cat?post=20363"},{"taxonomy":"product_tag","embeddable":true,"href":"https:\/\/twinpol.com\/de\/wp-json\/wp\/v2\/product_tag?post=20363"}],"curies":[{"name":"wp","href":"https:\/\/api.w.org\/{rel}","templated":true}]}}