{"id":20376,"date":"2024-01-18T09:01:24","date_gmt":"2024-01-18T09:01:24","guid":{"rendered":"https:\/\/twinpol.com\/?post_type=product&#038;p=20376"},"modified":"2024-01-18T09:01:25","modified_gmt":"2024-01-18T09:01:25","slug":"eco-bathroom-cleaner-3-refills","status":"publish","type":"product","link":"https:\/\/twinpol.com\/de\/produkt\/oko-badezimmer-reiniger-3-nachfullungen\/","title":{"rendered":"ECO Badreiniger, 3 Nachf\u00fcllpackungen"},"content":{"rendered":"<h1>ECO-Badreiniger<\/h1>\n<div><\/div>\n<div class=\"breadcrumbs\"><a href=\"\/de\/\">Startseite<\/a> &gt; <a href=\"\/de\/products\/\">Produkte<\/a> &gt; <a href=\"\/de\/product-category\/Bathroom\/\"> Badezimmer-Reiniger<\/a> &gt;<\/div>\n<div><\/div>\n<h1><strong>\u00d6kologische Formel<\/strong><\/h1>\n<div>ECO Bathroom Cleaner ist ein revolution\u00e4res Produkt, das f\u00fcr die umweltfreundliche und effektive Reinigung von Badezimmern entwickelt wurde. Dieser innovative Reiniger liefert nicht nur hervorragende Ergebnisse, sondern steht auch im Einklang mit den Prinzipien eines nachhaltigen Lebensstils. Unser Reiniger ist so formuliert, dass er die Umwelt m\u00f6glichst wenig belastet. Seine Zusammensetzung basiert auf biokompatiblen Inhaltsstoffen, was ihn sicher f\u00fcr unseren Planeten macht.<\/div>\n<div><\/div>\n<h1><strong>Nachf\u00fcllungen<\/strong><\/h1>\n<p>Die verl\u00e4ngerte Lebensdauer einer Reinigerpackung in Verbindung mit der M\u00f6glichkeit, Patronen nachzuf\u00fcllen, f\u00fchrt zu langfristigen finanziellen Einsparungen. Das Set mit 3 Nachf\u00fcllpatronen erm\u00f6glicht die mehrfache Verwendung einer einzigen Packung, was die Kosteneffizienz f\u00f6rdert und die Abfallmenge reduziert. Die Formel des Reinigers ist frei von sch\u00e4dlichen Chemikalien und somit sicher f\u00fcr die Gesundheit der Benutzer.<\/p>\n<p>&nbsp;<\/p>\n<h2>Vorteile<\/h2>\n<ul>\n<li>Frei von sch\u00e4dlichen Chemikalien<\/li>\n<li>Umweltfreundliche Verpackung mit \u00e4sthetischem Touch<\/li>\n<li>Die verl\u00e4ngerte Lebensdauer einer Reinigungsmittelpackung<\/li>\n<li>Mit Blick auf minimale Umweltauswirkungen formuliert<\/li>\n<\/ul>\n<p>&nbsp;<\/p>","protected":false},"excerpt":{"rendered":"<p>ECO Bathroom Cleaner ist ein revolution\u00e4res Produkt, das f\u00fcr eine umweltfreundliche und effektive Badezimmerreinigung entwickelt wurde.<\/p>","protected":false},"featured_media":20381,"template":"","meta":[],"product_brand":[],"product_cat":[320],"product_tag":[],"class_list":{"0":"post-20376","1":"product","2":"type-product","3":"status-publish","4":"has-post-thumbnail","6":"product_cat-bathroom","8":"first","9":"instock","10":"shipping-taxable","11":"product-type-simple"},"yoast_head":"<!-- This site is optimized with the Yoast SEO plugin v27.4 - https:\/\/yoast.com\/product\/yoast-seo-wordpress\/ -->\n<title>ECO Bathroom cleaner, 3 refills - TwinPol<\/title>\n<meta name=\"robots\" content=\"index, follow, max-snippet:-1, max-image-preview:large, max-video-preview:-1\" \/>\n<link rel=\"canonical\" href=\"https:\/\/twinpol.com\/de\/produkt\/oko-badezimmer-reiniger-3-nachfullungen\/\" \/>\n<meta property=\"og:locale\" content=\"de_DE\" \/>\n<meta property=\"og:type\" content=\"article\" \/>\n<meta property=\"og:title\" content=\"ECO Bathroom cleaner, 3 refills - TwinPol\" \/>\n<meta property=\"og:description\" content=\"ECO Bathroom Cleaner is a revolutionary product designed for environmentally friendly and effective bathroom cleaning.\" \/>\n<meta property=\"og:url\" content=\"https:\/\/twinpol.com\/de\/produkt\/oko-badezimmer-reiniger-3-nachfullungen\/\" \/>\n<meta property=\"og:site_name\" content=\"TwinPol\" \/>\n<meta property=\"article:modified_time\" content=\"2024-01-18T09:01:25+00:00\" \/>\n<meta property=\"og:image\" content=\"https:\/\/twinpol.com\/wp-content\/uploads\/2024\/01\/SECO076_3_REF_TAB_wiz_www.png\" \/>\n\t<meta property=\"og:image:width\" content=\"800\" \/>\n\t<meta property=\"og:image:height\" content=\"800\" \/>\n\t<meta property=\"og:image:type\" content=\"image\/png\" \/>\n<meta name=\"twitter:card\" content=\"summary_large_image\" \/>\n<meta name=\"twitter:label1\" content=\"Gesch\u00e4tzte Lesezeit\" \/>\n\t<meta name=\"twitter:data1\" content=\"1\u00a0Minute\" \/>\n<script type=\"application\/ld+json\" class=\"yoast-schema-graph\">{\"@context\":\"https:\\\/\\\/schema.org\",\"@graph\":[{\"@type\":\"WebPage\",\"@id\":\"https:\\\/\\\/twinpol.com\\\/product\\\/eco-bathroom-cleaner-3-refills\\\/\",\"url\":\"https:\\\/\\\/twinpol.com\\\/product\\\/eco-bathroom-cleaner-3-refills\\\/\",\"name\":\"ECO Bathroom cleaner, 3 refills - TwinPol\",\"isPartOf\":{\"@id\":\"https:\\\/\\\/twinpol.com\\\/#website\"},\"primaryImageOfPage\":{\"@id\":\"https:\\\/\\\/twinpol.com\\\/product\\\/eco-bathroom-cleaner-3-refills\\\/#primaryimage\"},\"image\":{\"@id\":\"https:\\\/\\\/twinpol.com\\\/product\\\/eco-bathroom-cleaner-3-refills\\\/#primaryimage\"},\"thumbnailUrl\":\"https:\\\/\\\/twinpol.com\\\/wp-content\\\/uploads\\\/2024\\\/01\\\/SECO076_3_REF_TAB_wiz_www.png\",\"datePublished\":\"2024-01-18T09:01:24+00:00\",\"dateModified\":\"2024-01-18T09:01:25+00:00\",\"breadcrumb\":{\"@id\":\"https:\\\/\\\/twinpol.com\\\/product\\\/eco-bathroom-cleaner-3-refills\\\/#breadcrumb\"},\"inLanguage\":\"de\",\"potentialAction\":[{\"@type\":\"ReadAction\",\"target\":[\"https:\\\/\\\/twinpol.com\\\/product\\\/eco-bathroom-cleaner-3-refills\\\/\"]}]},{\"@type\":\"ImageObject\",\"inLanguage\":\"de\",\"@id\":\"https:\\\/\\\/twinpol.com\\\/product\\\/eco-bathroom-cleaner-3-refills\\\/#primaryimage\",\"url\":\"https:\\\/\\\/twinpol.com\\\/wp-content\\\/uploads\\\/2024\\\/01\\\/SECO076_3_REF_TAB_wiz_www.png\",\"contentUrl\":\"https:\\\/\\\/twinpol.com\\\/wp-content\\\/uploads\\\/2024\\\/01\\\/SECO076_3_REF_TAB_wiz_www.png\",\"width\":800,\"height\":800},{\"@type\":\"BreadcrumbList\",\"@id\":\"https:\\\/\\\/twinpol.com\\\/product\\\/eco-bathroom-cleaner-3-refills\\\/#breadcrumb\",\"itemListElement\":[{\"@type\":\"ListItem\",\"position\":1,\"name\":\"Home\",\"item\":\"https:\\\/\\\/twinpol.com\\\/\"},{\"@type\":\"ListItem\",\"position\":2,\"name\":\"Products\",\"item\":\"https:\\\/\\\/twinpol.com\\\/products\\\/\"},{\"@type\":\"ListItem\",\"position\":3,\"name\":\"ECO Bathroom cleaner, 3 refills\"}]},{\"@type\":\"WebSite\",\"@id\":\"https:\\\/\\\/twinpol.com\\\/#website\",\"url\":\"https:\\\/\\\/twinpol.com\\\/\",\"name\":\"Twinpol\",\"description\":\"Cleaning Supplies\",\"publisher\":{\"@id\":\"https:\\\/\\\/twinpol.com\\\/#organization\"},\"potentialAction\":[{\"@type\":\"SearchAction\",\"target\":{\"@type\":\"EntryPoint\",\"urlTemplate\":\"https:\\\/\\\/twinpol.com\\\/?s={search_term_string}\"},\"query-input\":{\"@type\":\"PropertyValueSpecification\",\"valueRequired\":true,\"valueName\":\"search_term_string\"}}],\"inLanguage\":\"de\"},{\"@type\":\"Organization\",\"@id\":\"https:\\\/\\\/twinpol.com\\\/#organization\",\"name\":\"Twinpol\",\"url\":\"https:\\\/\\\/twinpol.com\\\/\",\"logo\":{\"@type\":\"ImageObject\",\"inLanguage\":\"de\",\"@id\":\"https:\\\/\\\/twinpol.com\\\/#\\\/schema\\\/logo\\\/image\\\/\",\"url\":\"https:\\\/\\\/twinpol.com\\\/wp-content\\\/uploads\\\/2022\\\/10\\\/cropped-favicon.png\",\"contentUrl\":\"https:\\\/\\\/twinpol.com\\\/wp-content\\\/uploads\\\/2022\\\/10\\\/cropped-favicon.png\",\"width\":512,\"height\":512,\"caption\":\"Twinpol\"},\"image\":{\"@id\":\"https:\\\/\\\/twinpol.com\\\/#\\\/schema\\\/logo\\\/image\\\/\"}}]}<\/script>\n<!-- \/ Yoast SEO plugin. -->","yoast_head_json":{"title":"ECO Badreiniger, 3 Nachf\u00fcllungen - TwinPol","robots":{"index":"index","follow":"follow","max-snippet":"max-snippet:-1","max-image-preview":"max-image-preview:large","max-video-preview":"max-video-preview:-1"},"canonical":"https:\/\/twinpol.com\/de\/produkt\/oko-badezimmer-reiniger-3-nachfullungen\/","og_locale":"de_DE","og_type":"article","og_title":"ECO Bathroom cleaner, 3 refills - TwinPol","og_description":"ECO Bathroom Cleaner is a revolutionary product designed for environmentally friendly and effective bathroom cleaning.","og_url":"https:\/\/twinpol.com\/de\/produkt\/oko-badezimmer-reiniger-3-nachfullungen\/","og_site_name":"TwinPol","article_modified_time":"2024-01-18T09:01:25+00:00","og_image":[{"width":800,"height":800,"url":"https:\/\/twinpol.com\/wp-content\/uploads\/2024\/01\/SECO076_3_REF_TAB_wiz_www.png","type":"image\/png"}],"twitter_card":"summary_large_image","twitter_misc":{"Gesch\u00e4tzte Lesezeit":"1\u00a0Minute"},"schema":{"@context":"https:\/\/schema.org","@graph":[{"@type":"WebPage","@id":"https:\/\/twinpol.com\/product\/eco-bathroom-cleaner-3-refills\/","url":"https:\/\/twinpol.com\/product\/eco-bathroom-cleaner-3-refills\/","name":"ECO Badreiniger, 3 Nachf\u00fcllungen - TwinPol","isPartOf":{"@id":"https:\/\/twinpol.com\/#website"},"primaryImageOfPage":{"@id":"https:\/\/twinpol.com\/product\/eco-bathroom-cleaner-3-refills\/#primaryimage"},"image":{"@id":"https:\/\/twinpol.com\/product\/eco-bathroom-cleaner-3-refills\/#primaryimage"},"thumbnailUrl":"https:\/\/twinpol.com\/wp-content\/uploads\/2024\/01\/SECO076_3_REF_TAB_wiz_www.png","datePublished":"2024-01-18T09:01:24+00:00","dateModified":"2024-01-18T09:01:25+00:00","breadcrumb":{"@id":"https:\/\/twinpol.com\/product\/eco-bathroom-cleaner-3-refills\/#breadcrumb"},"inLanguage":"de","potentialAction":[{"@type":"ReadAction","target":["https:\/\/twinpol.com\/product\/eco-bathroom-cleaner-3-refills\/"]}]},{"@type":"ImageObject","inLanguage":"de","@id":"https:\/\/twinpol.com\/product\/eco-bathroom-cleaner-3-refills\/#primaryimage","url":"https:\/\/twinpol.com\/wp-content\/uploads\/2024\/01\/SECO076_3_REF_TAB_wiz_www.png","contentUrl":"https:\/\/twinpol.com\/wp-content\/uploads\/2024\/01\/SECO076_3_REF_TAB_wiz_www.png","width":800,"height":800},{"@type":"BreadcrumbList","@id":"https:\/\/twinpol.com\/product\/eco-bathroom-cleaner-3-refills\/#breadcrumb","itemListElement":[{"@type":"ListItem","position":1,"name":"Home","item":"https:\/\/twinpol.com\/"},{"@type":"ListItem","position":2,"name":"Products","item":"https:\/\/twinpol.com\/products\/"},{"@type":"ListItem","position":3,"name":"ECO Bathroom cleaner, 3 refills"}]},{"@type":"WebSite","@id":"https:\/\/twinpol.com\/#website","url":"https:\/\/twinpol.com\/","name":"Twinpol","description":"Reinigungsmittel","publisher":{"@id":"https:\/\/twinpol.com\/#organization"},"potentialAction":[{"@type":"SearchAction","target":{"@type":"EntryPoint","urlTemplate":"https:\/\/twinpol.com\/?s={search_term_string}"},"query-input":{"@type":"PropertyValueSpecification","valueRequired":true,"valueName":"search_term_string"}}],"inLanguage":"de"},{"@type":"Organization","@id":"https:\/\/twinpol.com\/#organization","name":"Twinpol","url":"https:\/\/twinpol.com\/","logo":{"@type":"ImageObject","inLanguage":"de","@id":"https:\/\/twinpol.com\/#\/schema\/logo\/image\/","url":"https:\/\/twinpol.com\/wp-content\/uploads\/2022\/10\/cropped-favicon.png","contentUrl":"https:\/\/twinpol.com\/wp-content\/uploads\/2022\/10\/cropped-favicon.png","width":512,"height":512,"caption":"Twinpol"},"image":{"@id":"https:\/\/twinpol.com\/#\/schema\/logo\/image\/"}}]}},"_links":{"self":[{"href":"https:\/\/twinpol.com\/de\/wp-json\/wp\/v2\/product\/20376","targetHints":{"allow":["GET"]}}],"collection":[{"href":"https:\/\/twinpol.com\/de\/wp-json\/wp\/v2\/product"}],"about":[{"href":"https:\/\/twinpol.com\/de\/wp-json\/wp\/v2\/types\/product"}],"wp:featuredmedia":[{"embeddable":true,"href":"https:\/\/twinpol.com\/de\/wp-json\/wp\/v2\/media\/20381"}],"wp:attachment":[{"href":"https:\/\/twinpol.com\/de\/wp-json\/wp\/v2\/media?parent=20376"}],"wp:term":[{"taxonomy":"product_brand","embeddable":true,"href":"https:\/\/twinpol.com\/de\/wp-json\/wp\/v2\/product_brand?post=20376"},{"taxonomy":"product_cat","embeddable":true,"href":"https:\/\/twinpol.com\/de\/wp-json\/wp\/v2\/product_cat?post=20376"},{"taxonomy":"product_tag","embeddable":true,"href":"https:\/\/twinpol.com\/de\/wp-json\/wp\/v2\/product_tag?post=20376"}],"curies":[{"name":"wp","href":"https:\/\/api.w.org\/{rel}","templated":true}]}}