{"id":20388,"date":"2024-01-18T09:20:03","date_gmt":"2024-01-18T09:20:03","guid":{"rendered":"https:\/\/twinpol.com\/?post_type=product&#038;p=20388"},"modified":"2024-01-18T09:20:04","modified_gmt":"2024-01-18T09:20:04","slug":"eco-kitchen-cleaner-kit-bottle-2-refills","status":"publish","type":"product","link":"https:\/\/twinpol.com\/de\/produkt\/oko-kuchenreiniger-kit-flasche-2-nachfullungen\/","title":{"rendered":"ECO K\u00fcchenreiniger-Set, Flasche + 2 Nachf\u00fcllpackungen"},"content":{"rendered":"<h2>Leistungsstark und sicher f\u00fcr die Umwelt<\/h2>\n<div class=\"breadcrumbs\"><a href=\"\/de\/\">Startseite<\/a> &gt; <a href=\"\/de\/products\/\">Produkte<\/a> &gt; <a href=\"\/de\/product-category\/kitchen\/\"> K\u00fcchenreiniger<\/a> &gt;<\/div>\n<p>Wenn Sie auf der Suche nach einem K\u00fcchenreiniger sind, der sowohl effektiv als auch umweltfreundlich ist, dann ist der ECO Kitchen Cleaner genau das Richtige f\u00fcr Sie. Dieses aus umweltfreundlichen Inhaltsstoffen hergestellte Produkt ist hart im Nehmen bei Fett und Schmutz, aber sanft zur Umwelt und zur Gesundheit Ihrer Familie. Im Gegensatz zu anderen Reinigungsprodukten, die scharfe Chemikalien enthalten, ist ECO Kitchen Cleaner vollst\u00e4ndig biologisch abbaubar und frei von giftigen Substanzen. Das bedeutet, dass Sie ihn mit ruhigem Gewissen verwenden k\u00f6nnen, weil Sie wissen, dass Sie Ihren Teil zum Schutz des Planeten und Ihrer Lieben beitragen.<\/p>\n<h2>Praktisches Volumen + Nachf\u00fcllpackungen<\/h2>\n<p>ECO Kitchen Cleaner ist nicht nur umweltfreundlich, sondern auch sehr praktisch. Das Produkt hat ein Volumen von 500 ml, was perfekt f\u00fcr die regelm\u00e4\u00dfige K\u00fcchenreinigung ist. Das bedeutet, dass Sie Ihre Reinigungsmittel nicht st\u00e4ndig nachf\u00fcllen m\u00fcssen, was Ihnen auf lange Sicht Zeit und Geld spart.<\/p>\n<h2>Vorteile<\/h2>\n<ul>\n<li>Kraftvolle und effektive Reinigungsformel<\/li>\n<li>Sicher f\u00fcr die Umwelt und Ihre Familie<\/li>\n<li>Vollst\u00e4ndig biologisch abbaubar und frei von toxischen Substanzen<\/li>\n<li>Praktisches Volumen von 500 ml<\/li>\n<li>Einfach zu bedienen<\/li>\n<\/ul>","protected":false},"excerpt":{"rendered":"<p>Leistungsstark und sicher f\u00fcr die Umwelt Home &gt; Produkte &gt; K\u00fcchenreiniger &gt; Wenn Sie einen K\u00fcchenreiniger suchen<\/p>","protected":false},"featured_media":20389,"template":"","meta":[],"product_brand":[],"product_cat":[327],"product_tag":[],"class_list":{"0":"post-20388","1":"product","2":"type-product","3":"status-publish","4":"has-post-thumbnail","6":"product_cat-kitchen","8":"first","9":"instock","10":"shipping-taxable","11":"product-type-simple"},"yoast_head":"<!-- This site is optimized with the Yoast SEO plugin v27.4 - https:\/\/yoast.com\/product\/yoast-seo-wordpress\/ -->\n<title>ECO Kitchen cleaner kit, bottle + 2 refills - TwinPol<\/title>\n<meta name=\"robots\" content=\"index, follow, max-snippet:-1, max-image-preview:large, max-video-preview:-1\" \/>\n<link rel=\"canonical\" href=\"https:\/\/twinpol.com\/de\/produkt\/oko-kuchenreiniger-kit-flasche-2-nachfullungen\/\" \/>\n<meta property=\"og:locale\" content=\"de_DE\" \/>\n<meta property=\"og:type\" content=\"article\" \/>\n<meta property=\"og:title\" content=\"ECO Kitchen cleaner kit, bottle + 2 refills - TwinPol\" \/>\n<meta property=\"og:description\" content=\"Powerful and Safe for the Environment Home &gt; Products &gt; Kitchen cleaners &gt; If you\u2019re looking for a kitchen cleaning\" \/>\n<meta property=\"og:url\" content=\"https:\/\/twinpol.com\/de\/produkt\/oko-kuchenreiniger-kit-flasche-2-nachfullungen\/\" \/>\n<meta property=\"og:site_name\" content=\"TwinPol\" \/>\n<meta property=\"article:modified_time\" content=\"2024-01-18T09:20:04+00:00\" \/>\n<meta property=\"og:image\" content=\"https:\/\/twinpol.com\/wp-content\/uploads\/2024\/01\/SECO079_KIT_BOT_2_REF_TAB_wiz_www.png\" \/>\n\t<meta property=\"og:image:width\" content=\"800\" \/>\n\t<meta property=\"og:image:height\" content=\"800\" \/>\n\t<meta property=\"og:image:type\" content=\"image\/png\" \/>\n<meta name=\"twitter:card\" content=\"summary_large_image\" \/>\n<meta name=\"twitter:label1\" content=\"Gesch\u00e4tzte Lesezeit\" \/>\n\t<meta name=\"twitter:data1\" content=\"1\u00a0Minute\" \/>\n<script type=\"application\/ld+json\" class=\"yoast-schema-graph\">{\"@context\":\"https:\\\/\\\/schema.org\",\"@graph\":[{\"@type\":\"WebPage\",\"@id\":\"https:\\\/\\\/twinpol.com\\\/product\\\/eco-kitchen-cleaner-kit-bottle-2-refills\\\/\",\"url\":\"https:\\\/\\\/twinpol.com\\\/product\\\/eco-kitchen-cleaner-kit-bottle-2-refills\\\/\",\"name\":\"ECO Kitchen cleaner kit, bottle + 2 refills - TwinPol\",\"isPartOf\":{\"@id\":\"https:\\\/\\\/twinpol.com\\\/#website\"},\"primaryImageOfPage\":{\"@id\":\"https:\\\/\\\/twinpol.com\\\/product\\\/eco-kitchen-cleaner-kit-bottle-2-refills\\\/#primaryimage\"},\"image\":{\"@id\":\"https:\\\/\\\/twinpol.com\\\/product\\\/eco-kitchen-cleaner-kit-bottle-2-refills\\\/#primaryimage\"},\"thumbnailUrl\":\"https:\\\/\\\/twinpol.com\\\/wp-content\\\/uploads\\\/2024\\\/01\\\/SECO079_KIT_BOT_2_REF_TAB_wiz_www.png\",\"datePublished\":\"2024-01-18T09:20:03+00:00\",\"dateModified\":\"2024-01-18T09:20:04+00:00\",\"breadcrumb\":{\"@id\":\"https:\\\/\\\/twinpol.com\\\/product\\\/eco-kitchen-cleaner-kit-bottle-2-refills\\\/#breadcrumb\"},\"inLanguage\":\"de\",\"potentialAction\":[{\"@type\":\"ReadAction\",\"target\":[\"https:\\\/\\\/twinpol.com\\\/product\\\/eco-kitchen-cleaner-kit-bottle-2-refills\\\/\"]}]},{\"@type\":\"ImageObject\",\"inLanguage\":\"de\",\"@id\":\"https:\\\/\\\/twinpol.com\\\/product\\\/eco-kitchen-cleaner-kit-bottle-2-refills\\\/#primaryimage\",\"url\":\"https:\\\/\\\/twinpol.com\\\/wp-content\\\/uploads\\\/2024\\\/01\\\/SECO079_KIT_BOT_2_REF_TAB_wiz_www.png\",\"contentUrl\":\"https:\\\/\\\/twinpol.com\\\/wp-content\\\/uploads\\\/2024\\\/01\\\/SECO079_KIT_BOT_2_REF_TAB_wiz_www.png\",\"width\":800,\"height\":800},{\"@type\":\"BreadcrumbList\",\"@id\":\"https:\\\/\\\/twinpol.com\\\/product\\\/eco-kitchen-cleaner-kit-bottle-2-refills\\\/#breadcrumb\",\"itemListElement\":[{\"@type\":\"ListItem\",\"position\":1,\"name\":\"Home\",\"item\":\"https:\\\/\\\/twinpol.com\\\/\"},{\"@type\":\"ListItem\",\"position\":2,\"name\":\"Products\",\"item\":\"https:\\\/\\\/twinpol.com\\\/products\\\/\"},{\"@type\":\"ListItem\",\"position\":3,\"name\":\"ECO Kitchen cleaner kit, bottle + 2 refills\"}]},{\"@type\":\"WebSite\",\"@id\":\"https:\\\/\\\/twinpol.com\\\/#website\",\"url\":\"https:\\\/\\\/twinpol.com\\\/\",\"name\":\"Twinpol\",\"description\":\"Cleaning Supplies\",\"publisher\":{\"@id\":\"https:\\\/\\\/twinpol.com\\\/#organization\"},\"potentialAction\":[{\"@type\":\"SearchAction\",\"target\":{\"@type\":\"EntryPoint\",\"urlTemplate\":\"https:\\\/\\\/twinpol.com\\\/?s={search_term_string}\"},\"query-input\":{\"@type\":\"PropertyValueSpecification\",\"valueRequired\":true,\"valueName\":\"search_term_string\"}}],\"inLanguage\":\"de\"},{\"@type\":\"Organization\",\"@id\":\"https:\\\/\\\/twinpol.com\\\/#organization\",\"name\":\"Twinpol\",\"url\":\"https:\\\/\\\/twinpol.com\\\/\",\"logo\":{\"@type\":\"ImageObject\",\"inLanguage\":\"de\",\"@id\":\"https:\\\/\\\/twinpol.com\\\/#\\\/schema\\\/logo\\\/image\\\/\",\"url\":\"https:\\\/\\\/twinpol.com\\\/wp-content\\\/uploads\\\/2022\\\/10\\\/cropped-favicon.png\",\"contentUrl\":\"https:\\\/\\\/twinpol.com\\\/wp-content\\\/uploads\\\/2022\\\/10\\\/cropped-favicon.png\",\"width\":512,\"height\":512,\"caption\":\"Twinpol\"},\"image\":{\"@id\":\"https:\\\/\\\/twinpol.com\\\/#\\\/schema\\\/logo\\\/image\\\/\"}}]}<\/script>\n<!-- \/ Yoast SEO plugin. -->","yoast_head_json":{"title":"ECO K\u00fcchenreiniger-Set, Flasche + 2 Nachf\u00fcllpackungen - TwinPol","robots":{"index":"index","follow":"follow","max-snippet":"max-snippet:-1","max-image-preview":"max-image-preview:large","max-video-preview":"max-video-preview:-1"},"canonical":"https:\/\/twinpol.com\/de\/produkt\/oko-kuchenreiniger-kit-flasche-2-nachfullungen\/","og_locale":"de_DE","og_type":"article","og_title":"ECO Kitchen cleaner kit, bottle + 2 refills - TwinPol","og_description":"Powerful and Safe for the Environment Home &gt; Products &gt; Kitchen cleaners &gt; If you\u2019re looking for a kitchen cleaning","og_url":"https:\/\/twinpol.com\/de\/produkt\/oko-kuchenreiniger-kit-flasche-2-nachfullungen\/","og_site_name":"TwinPol","article_modified_time":"2024-01-18T09:20:04+00:00","og_image":[{"width":800,"height":800,"url":"https:\/\/twinpol.com\/wp-content\/uploads\/2024\/01\/SECO079_KIT_BOT_2_REF_TAB_wiz_www.png","type":"image\/png"}],"twitter_card":"summary_large_image","twitter_misc":{"Gesch\u00e4tzte Lesezeit":"1\u00a0Minute"},"schema":{"@context":"https:\/\/schema.org","@graph":[{"@type":"WebPage","@id":"https:\/\/twinpol.com\/product\/eco-kitchen-cleaner-kit-bottle-2-refills\/","url":"https:\/\/twinpol.com\/product\/eco-kitchen-cleaner-kit-bottle-2-refills\/","name":"ECO K\u00fcchenreiniger-Set, Flasche + 2 Nachf\u00fcllpackungen - TwinPol","isPartOf":{"@id":"https:\/\/twinpol.com\/#website"},"primaryImageOfPage":{"@id":"https:\/\/twinpol.com\/product\/eco-kitchen-cleaner-kit-bottle-2-refills\/#primaryimage"},"image":{"@id":"https:\/\/twinpol.com\/product\/eco-kitchen-cleaner-kit-bottle-2-refills\/#primaryimage"},"thumbnailUrl":"https:\/\/twinpol.com\/wp-content\/uploads\/2024\/01\/SECO079_KIT_BOT_2_REF_TAB_wiz_www.png","datePublished":"2024-01-18T09:20:03+00:00","dateModified":"2024-01-18T09:20:04+00:00","breadcrumb":{"@id":"https:\/\/twinpol.com\/product\/eco-kitchen-cleaner-kit-bottle-2-refills\/#breadcrumb"},"inLanguage":"de","potentialAction":[{"@type":"ReadAction","target":["https:\/\/twinpol.com\/product\/eco-kitchen-cleaner-kit-bottle-2-refills\/"]}]},{"@type":"ImageObject","inLanguage":"de","@id":"https:\/\/twinpol.com\/product\/eco-kitchen-cleaner-kit-bottle-2-refills\/#primaryimage","url":"https:\/\/twinpol.com\/wp-content\/uploads\/2024\/01\/SECO079_KIT_BOT_2_REF_TAB_wiz_www.png","contentUrl":"https:\/\/twinpol.com\/wp-content\/uploads\/2024\/01\/SECO079_KIT_BOT_2_REF_TAB_wiz_www.png","width":800,"height":800},{"@type":"BreadcrumbList","@id":"https:\/\/twinpol.com\/product\/eco-kitchen-cleaner-kit-bottle-2-refills\/#breadcrumb","itemListElement":[{"@type":"ListItem","position":1,"name":"Home","item":"https:\/\/twinpol.com\/"},{"@type":"ListItem","position":2,"name":"Products","item":"https:\/\/twinpol.com\/products\/"},{"@type":"ListItem","position":3,"name":"ECO Kitchen cleaner kit, bottle + 2 refills"}]},{"@type":"WebSite","@id":"https:\/\/twinpol.com\/#website","url":"https:\/\/twinpol.com\/","name":"Twinpol","description":"Reinigungsmittel","publisher":{"@id":"https:\/\/twinpol.com\/#organization"},"potentialAction":[{"@type":"SearchAction","target":{"@type":"EntryPoint","urlTemplate":"https:\/\/twinpol.com\/?s={search_term_string}"},"query-input":{"@type":"PropertyValueSpecification","valueRequired":true,"valueName":"search_term_string"}}],"inLanguage":"de"},{"@type":"Organization","@id":"https:\/\/twinpol.com\/#organization","name":"Twinpol","url":"https:\/\/twinpol.com\/","logo":{"@type":"ImageObject","inLanguage":"de","@id":"https:\/\/twinpol.com\/#\/schema\/logo\/image\/","url":"https:\/\/twinpol.com\/wp-content\/uploads\/2022\/10\/cropped-favicon.png","contentUrl":"https:\/\/twinpol.com\/wp-content\/uploads\/2022\/10\/cropped-favicon.png","width":512,"height":512,"caption":"Twinpol"},"image":{"@id":"https:\/\/twinpol.com\/#\/schema\/logo\/image\/"}}]}},"_links":{"self":[{"href":"https:\/\/twinpol.com\/de\/wp-json\/wp\/v2\/product\/20388","targetHints":{"allow":["GET"]}}],"collection":[{"href":"https:\/\/twinpol.com\/de\/wp-json\/wp\/v2\/product"}],"about":[{"href":"https:\/\/twinpol.com\/de\/wp-json\/wp\/v2\/types\/product"}],"wp:featuredmedia":[{"embeddable":true,"href":"https:\/\/twinpol.com\/de\/wp-json\/wp\/v2\/media\/20389"}],"wp:attachment":[{"href":"https:\/\/twinpol.com\/de\/wp-json\/wp\/v2\/media?parent=20388"}],"wp:term":[{"taxonomy":"product_brand","embeddable":true,"href":"https:\/\/twinpol.com\/de\/wp-json\/wp\/v2\/product_brand?post=20388"},{"taxonomy":"product_cat","embeddable":true,"href":"https:\/\/twinpol.com\/de\/wp-json\/wp\/v2\/product_cat?post=20388"},{"taxonomy":"product_tag","embeddable":true,"href":"https:\/\/twinpol.com\/de\/wp-json\/wp\/v2\/product_tag?post=20388"}],"curies":[{"name":"wp","href":"https:\/\/api.w.org\/{rel}","templated":true}]}}