{"id":20401,"date":"2024-01-18T09:53:29","date_gmt":"2024-01-18T09:53:29","guid":{"rendered":"https:\/\/twinpol.com\/?post_type=product&#038;p=20401"},"modified":"2024-01-18T09:53:30","modified_gmt":"2024-01-18T09:53:30","slug":"eco-bathroom-and-fittings-descaling-cleaner-3-refills","status":"publish","type":"product","link":"https:\/\/twinpol.com\/de\/produkt\/oko-badezimmer-und-armaturen-entkalker-3-nachfullungen\/","title":{"rendered":"ECO Entkalker f\u00fcr Badezimmer und Armaturen, 3 Nachf\u00fcllpackungen"},"content":{"rendered":"<h1><strong>Au\u00dfergew\u00f6hnliche Reinigungsleistung<\/strong><\/h1>\n<div class=\"breadcrumbs\"><a href=\"https:\/\/twinpol.com\/de\/\">HOME<\/a>\u00a0&gt;\u00a0<a href=\"https:\/\/twinpol.com\/de\/products\/\">PRODUKTE<\/a>\u00a0&gt;\u00a0<a href=\"https:\/\/twinpol.com\/de\/product-category\/Bathroom\/\">BADREINIGER<\/a>\u00a0&gt;<\/div>\n<p>Unser Entkalker f\u00fcr Badezimmer und Armaturen wurde speziell entwickelt, um die hartn\u00e4ckigsten Seifenreste, Mineralablagerungen und R\u00fcckst\u00e4nde auf Ihren Duschfl\u00e4chen zu beseitigen. Verabschieden Sie sich von unansehnlichen Flecken und freuen Sie sich auf ein Badezimmer und Armaturen, die vor Sauberkeit gl\u00e4nzen. Die Reinigung Ihres Badezimmers und Ihrer Armaturen ist jetzt sowohl effizient als auch nachhaltig.<\/p>\n<h1><strong>Drei Nachf\u00fcllpackungen f\u00fcr l\u00e4ngeren Gebrauch<\/strong><\/h1>\n<p>Wir wissen, dass die Pflege Ihres Badezimmers und Ihrer Armaturen eine st\u00e4ndige Aufgabe ist. Aus diesem Grund enth\u00e4lt unser Paket drei Nachf\u00fcllkartuschen, die Ihnen einen erweiterten Vorrat an Reinigungskraft bieten. Mit diesem Paket geht Ihnen der Reiniger nicht so schnell aus, was Ihre Reinigungsroutine in der Dusche noch komfortabler macht. Erleben Sie konsistente und bemerkenswerte Reinigungsergebnisse in Ihrem gesamten Duschbereich, vom Boden bis zur Decke.<\/p>\n<h2>Vorteile:<\/h2>\n<ul>\n<li>Drei Nachf\u00fcllpatronen sorgen f\u00fcr einen kontinuierlichen Nachschub an Reinigungskraft<\/li>\n<li>Sparen Sie Geld, indem Sie Verschwendung vermeiden und gleichzeitig bemerkenswerte Ergebnisse erzielen<\/li>\n<li>Verj\u00fcngungskur f\u00fcr das Bad<\/li>\n<li>Badezimmer und Armaturen, die vor Sauberkeit gl\u00e4nzen<\/li>\n<\/ul>","protected":false},"excerpt":{"rendered":"<div class=\"woocommerce-product-details__short-description\">\n<p>Die Reinigung Ihres Badezimmers und Ihrer Armaturen ist jetzt sowohl effizient als auch nachhaltig.<\/p>\n<\/div>\n<div class=\"product_meta\"><\/div>","protected":false},"featured_media":20402,"template":"","meta":[],"product_brand":[],"product_cat":[320],"product_tag":[],"class_list":{"0":"post-20401","1":"product","2":"type-product","3":"status-publish","4":"has-post-thumbnail","6":"product_cat-bathroom","8":"first","9":"instock","10":"shipping-taxable","11":"product-type-simple"},"yoast_head":"<!-- This site is optimized with the Yoast SEO plugin v27.4 - https:\/\/yoast.com\/product\/yoast-seo-wordpress\/ -->\n<title>ECO Bathroom and fittings descaling cleaner, 3 refills - TwinPol<\/title>\n<meta name=\"robots\" content=\"index, follow, max-snippet:-1, max-image-preview:large, max-video-preview:-1\" \/>\n<link rel=\"canonical\" href=\"https:\/\/twinpol.com\/de\/produkt\/oko-badezimmer-und-armaturen-entkalker-3-nachfullungen\/\" \/>\n<meta property=\"og:locale\" content=\"de_DE\" \/>\n<meta property=\"og:type\" content=\"article\" \/>\n<meta property=\"og:title\" content=\"ECO Bathroom and fittings descaling cleaner, 3 refills - TwinPol\" \/>\n<meta property=\"og:description\" content=\"Cleaning your Bathroom and fittings is now both efficient and sustainable.\" \/>\n<meta property=\"og:url\" content=\"https:\/\/twinpol.com\/de\/produkt\/oko-badezimmer-und-armaturen-entkalker-3-nachfullungen\/\" \/>\n<meta property=\"og:site_name\" content=\"TwinPol\" \/>\n<meta property=\"article:modified_time\" content=\"2024-01-18T09:53:30+00:00\" \/>\n<meta property=\"og:image\" content=\"https:\/\/twinpol.com\/wp-content\/uploads\/2024\/01\/SECO203_3_REF_TAB_wiz_www.png\" \/>\n\t<meta property=\"og:image:width\" content=\"800\" \/>\n\t<meta property=\"og:image:height\" content=\"800\" \/>\n\t<meta property=\"og:image:type\" content=\"image\/png\" \/>\n<meta name=\"twitter:card\" content=\"summary_large_image\" \/>\n<meta name=\"twitter:label1\" content=\"Gesch\u00e4tzte Lesezeit\" \/>\n\t<meta name=\"twitter:data1\" content=\"1\u00a0Minute\" \/>\n<script type=\"application\/ld+json\" class=\"yoast-schema-graph\">{\"@context\":\"https:\\\/\\\/schema.org\",\"@graph\":[{\"@type\":\"WebPage\",\"@id\":\"https:\\\/\\\/twinpol.com\\\/product\\\/eco-bathroom-and-fittings-descaling-cleaner-3-refills\\\/\",\"url\":\"https:\\\/\\\/twinpol.com\\\/product\\\/eco-bathroom-and-fittings-descaling-cleaner-3-refills\\\/\",\"name\":\"ECO Bathroom and fittings descaling cleaner, 3 refills - TwinPol\",\"isPartOf\":{\"@id\":\"https:\\\/\\\/twinpol.com\\\/#website\"},\"primaryImageOfPage\":{\"@id\":\"https:\\\/\\\/twinpol.com\\\/product\\\/eco-bathroom-and-fittings-descaling-cleaner-3-refills\\\/#primaryimage\"},\"image\":{\"@id\":\"https:\\\/\\\/twinpol.com\\\/product\\\/eco-bathroom-and-fittings-descaling-cleaner-3-refills\\\/#primaryimage\"},\"thumbnailUrl\":\"https:\\\/\\\/twinpol.com\\\/wp-content\\\/uploads\\\/2024\\\/01\\\/SECO203_3_REF_TAB_wiz_www.png\",\"datePublished\":\"2024-01-18T09:53:29+00:00\",\"dateModified\":\"2024-01-18T09:53:30+00:00\",\"breadcrumb\":{\"@id\":\"https:\\\/\\\/twinpol.com\\\/product\\\/eco-bathroom-and-fittings-descaling-cleaner-3-refills\\\/#breadcrumb\"},\"inLanguage\":\"de\",\"potentialAction\":[{\"@type\":\"ReadAction\",\"target\":[\"https:\\\/\\\/twinpol.com\\\/product\\\/eco-bathroom-and-fittings-descaling-cleaner-3-refills\\\/\"]}]},{\"@type\":\"ImageObject\",\"inLanguage\":\"de\",\"@id\":\"https:\\\/\\\/twinpol.com\\\/product\\\/eco-bathroom-and-fittings-descaling-cleaner-3-refills\\\/#primaryimage\",\"url\":\"https:\\\/\\\/twinpol.com\\\/wp-content\\\/uploads\\\/2024\\\/01\\\/SECO203_3_REF_TAB_wiz_www.png\",\"contentUrl\":\"https:\\\/\\\/twinpol.com\\\/wp-content\\\/uploads\\\/2024\\\/01\\\/SECO203_3_REF_TAB_wiz_www.png\",\"width\":800,\"height\":800},{\"@type\":\"BreadcrumbList\",\"@id\":\"https:\\\/\\\/twinpol.com\\\/product\\\/eco-bathroom-and-fittings-descaling-cleaner-3-refills\\\/#breadcrumb\",\"itemListElement\":[{\"@type\":\"ListItem\",\"position\":1,\"name\":\"Home\",\"item\":\"https:\\\/\\\/twinpol.com\\\/\"},{\"@type\":\"ListItem\",\"position\":2,\"name\":\"Products\",\"item\":\"https:\\\/\\\/twinpol.com\\\/products\\\/\"},{\"@type\":\"ListItem\",\"position\":3,\"name\":\"ECO Bathroom and fittings descaling cleaner, 3 refills\"}]},{\"@type\":\"WebSite\",\"@id\":\"https:\\\/\\\/twinpol.com\\\/#website\",\"url\":\"https:\\\/\\\/twinpol.com\\\/\",\"name\":\"Twinpol\",\"description\":\"Cleaning Supplies\",\"publisher\":{\"@id\":\"https:\\\/\\\/twinpol.com\\\/#organization\"},\"potentialAction\":[{\"@type\":\"SearchAction\",\"target\":{\"@type\":\"EntryPoint\",\"urlTemplate\":\"https:\\\/\\\/twinpol.com\\\/?s={search_term_string}\"},\"query-input\":{\"@type\":\"PropertyValueSpecification\",\"valueRequired\":true,\"valueName\":\"search_term_string\"}}],\"inLanguage\":\"de\"},{\"@type\":\"Organization\",\"@id\":\"https:\\\/\\\/twinpol.com\\\/#organization\",\"name\":\"Twinpol\",\"url\":\"https:\\\/\\\/twinpol.com\\\/\",\"logo\":{\"@type\":\"ImageObject\",\"inLanguage\":\"de\",\"@id\":\"https:\\\/\\\/twinpol.com\\\/#\\\/schema\\\/logo\\\/image\\\/\",\"url\":\"https:\\\/\\\/twinpol.com\\\/wp-content\\\/uploads\\\/2022\\\/10\\\/cropped-favicon.png\",\"contentUrl\":\"https:\\\/\\\/twinpol.com\\\/wp-content\\\/uploads\\\/2022\\\/10\\\/cropped-favicon.png\",\"width\":512,\"height\":512,\"caption\":\"Twinpol\"},\"image\":{\"@id\":\"https:\\\/\\\/twinpol.com\\\/#\\\/schema\\\/logo\\\/image\\\/\"}}]}<\/script>\n<!-- \/ Yoast SEO plugin. -->","yoast_head_json":{"title":"ECO Entkalker f\u00fcr Badezimmer und Armaturen, 3 Nachf\u00fcllpackungen - TwinPol","robots":{"index":"index","follow":"follow","max-snippet":"max-snippet:-1","max-image-preview":"max-image-preview:large","max-video-preview":"max-video-preview:-1"},"canonical":"https:\/\/twinpol.com\/de\/produkt\/oko-badezimmer-und-armaturen-entkalker-3-nachfullungen\/","og_locale":"de_DE","og_type":"article","og_title":"ECO Bathroom and fittings descaling cleaner, 3 refills - TwinPol","og_description":"Cleaning your Bathroom and fittings is now both efficient and sustainable.","og_url":"https:\/\/twinpol.com\/de\/produkt\/oko-badezimmer-und-armaturen-entkalker-3-nachfullungen\/","og_site_name":"TwinPol","article_modified_time":"2024-01-18T09:53:30+00:00","og_image":[{"width":800,"height":800,"url":"https:\/\/twinpol.com\/wp-content\/uploads\/2024\/01\/SECO203_3_REF_TAB_wiz_www.png","type":"image\/png"}],"twitter_card":"summary_large_image","twitter_misc":{"Gesch\u00e4tzte Lesezeit":"1\u00a0Minute"},"schema":{"@context":"https:\/\/schema.org","@graph":[{"@type":"WebPage","@id":"https:\/\/twinpol.com\/product\/eco-bathroom-and-fittings-descaling-cleaner-3-refills\/","url":"https:\/\/twinpol.com\/product\/eco-bathroom-and-fittings-descaling-cleaner-3-refills\/","name":"ECO Entkalker f\u00fcr Badezimmer und Armaturen, 3 Nachf\u00fcllpackungen - TwinPol","isPartOf":{"@id":"https:\/\/twinpol.com\/#website"},"primaryImageOfPage":{"@id":"https:\/\/twinpol.com\/product\/eco-bathroom-and-fittings-descaling-cleaner-3-refills\/#primaryimage"},"image":{"@id":"https:\/\/twinpol.com\/product\/eco-bathroom-and-fittings-descaling-cleaner-3-refills\/#primaryimage"},"thumbnailUrl":"https:\/\/twinpol.com\/wp-content\/uploads\/2024\/01\/SECO203_3_REF_TAB_wiz_www.png","datePublished":"2024-01-18T09:53:29+00:00","dateModified":"2024-01-18T09:53:30+00:00","breadcrumb":{"@id":"https:\/\/twinpol.com\/product\/eco-bathroom-and-fittings-descaling-cleaner-3-refills\/#breadcrumb"},"inLanguage":"de","potentialAction":[{"@type":"ReadAction","target":["https:\/\/twinpol.com\/product\/eco-bathroom-and-fittings-descaling-cleaner-3-refills\/"]}]},{"@type":"ImageObject","inLanguage":"de","@id":"https:\/\/twinpol.com\/product\/eco-bathroom-and-fittings-descaling-cleaner-3-refills\/#primaryimage","url":"https:\/\/twinpol.com\/wp-content\/uploads\/2024\/01\/SECO203_3_REF_TAB_wiz_www.png","contentUrl":"https:\/\/twinpol.com\/wp-content\/uploads\/2024\/01\/SECO203_3_REF_TAB_wiz_www.png","width":800,"height":800},{"@type":"BreadcrumbList","@id":"https:\/\/twinpol.com\/product\/eco-bathroom-and-fittings-descaling-cleaner-3-refills\/#breadcrumb","itemListElement":[{"@type":"ListItem","position":1,"name":"Home","item":"https:\/\/twinpol.com\/"},{"@type":"ListItem","position":2,"name":"Products","item":"https:\/\/twinpol.com\/products\/"},{"@type":"ListItem","position":3,"name":"ECO Bathroom and fittings descaling cleaner, 3 refills"}]},{"@type":"WebSite","@id":"https:\/\/twinpol.com\/#website","url":"https:\/\/twinpol.com\/","name":"Twinpol","description":"Reinigungsmittel","publisher":{"@id":"https:\/\/twinpol.com\/#organization"},"potentialAction":[{"@type":"SearchAction","target":{"@type":"EntryPoint","urlTemplate":"https:\/\/twinpol.com\/?s={search_term_string}"},"query-input":{"@type":"PropertyValueSpecification","valueRequired":true,"valueName":"search_term_string"}}],"inLanguage":"de"},{"@type":"Organization","@id":"https:\/\/twinpol.com\/#organization","name":"Twinpol","url":"https:\/\/twinpol.com\/","logo":{"@type":"ImageObject","inLanguage":"de","@id":"https:\/\/twinpol.com\/#\/schema\/logo\/image\/","url":"https:\/\/twinpol.com\/wp-content\/uploads\/2022\/10\/cropped-favicon.png","contentUrl":"https:\/\/twinpol.com\/wp-content\/uploads\/2022\/10\/cropped-favicon.png","width":512,"height":512,"caption":"Twinpol"},"image":{"@id":"https:\/\/twinpol.com\/#\/schema\/logo\/image\/"}}]}},"_links":{"self":[{"href":"https:\/\/twinpol.com\/de\/wp-json\/wp\/v2\/product\/20401","targetHints":{"allow":["GET"]}}],"collection":[{"href":"https:\/\/twinpol.com\/de\/wp-json\/wp\/v2\/product"}],"about":[{"href":"https:\/\/twinpol.com\/de\/wp-json\/wp\/v2\/types\/product"}],"wp:featuredmedia":[{"embeddable":true,"href":"https:\/\/twinpol.com\/de\/wp-json\/wp\/v2\/media\/20402"}],"wp:attachment":[{"href":"https:\/\/twinpol.com\/de\/wp-json\/wp\/v2\/media?parent=20401"}],"wp:term":[{"taxonomy":"product_brand","embeddable":true,"href":"https:\/\/twinpol.com\/de\/wp-json\/wp\/v2\/product_brand?post=20401"},{"taxonomy":"product_cat","embeddable":true,"href":"https:\/\/twinpol.com\/de\/wp-json\/wp\/v2\/product_cat?post=20401"},{"taxonomy":"product_tag","embeddable":true,"href":"https:\/\/twinpol.com\/de\/wp-json\/wp\/v2\/product_tag?post=20401"}],"curies":[{"name":"wp","href":"https:\/\/api.w.org\/{rel}","templated":true}]}}