{"id":20406,"date":"2024-01-18T10:01:58","date_gmt":"2024-01-18T10:01:58","guid":{"rendered":"https:\/\/twinpol.com\/?post_type=product&#038;p=20406"},"modified":"2024-01-18T10:01:59","modified_gmt":"2024-01-18T10:01:59","slug":"eco-bathroom-and-fittings-descaling-cleaner-bottle-2-refills","status":"publish","type":"product","link":"https:\/\/twinpol.com\/de\/produkt\/oko-badezimmer-und-armaturen-entkalkungsreiniger-flasche-2-nachfullungen\/","title":{"rendered":"ECO Entkalker f\u00fcr Badezimmer und Armaturen, Flasche + 2 Nachf\u00fcllpackungen"},"content":{"rendered":"<h1><strong>Wirtschaftlich und umweltfreundlich<\/strong><\/h1>\n<div class=\"breadcrumbs\"><a href=\"https:\/\/twinpol.com\/de\/\">HOME<\/a>\u00a0&gt;\u00a0<a href=\"https:\/\/twinpol.com\/de\/products\/\">PRODUKTE<\/a>\u00a0&gt;\u00a0<a href=\"https:\/\/twinpol.com\/de\/product-category\/Bathroom\/\">BADREINIGER<\/a>\u00a0&gt;<\/div>\n<p>Unsere umweltbewusste Verpackung und die konzentrierte Formel reduzieren den Plastikm\u00fcll und machen dieses Produkt zu einer umweltfreundlichen Wahl. Wenn Sie unseren Entkalker verwenden, halten Sie nicht nur Ihre Badezimmerarmaturen sauber, sondern tragen auch zu einem saubereren Planeten bei. Erfreuen Sie sich an gl\u00e4nzenden und kalkfreien Badezimmerarmaturen, die die \u00c4sthetik Ihres Raumes unterstreichen.<\/p>\n<h1><strong>Effizienz in Bestform<\/strong><\/h1>\n<p>Die konzentrierte Formel stellt sicher, dass Sie genau die richtige Menge an Entkalkungsl\u00f6sung verwenden, um Verschwendung zu vermeiden und dennoch hervorragende Ergebnisse zu erzielen. Das spart nicht nur Geld, sondern hilft auch, dass Ihre Armaturen in einwandfreiem Zustand bleiben. Die konzentrierte Formel spart Geld, indem sie Verschwendung vermeidet und gleichzeitig hervorragende Ergebnisse bei der Kalkentfernung liefert, so dass Ihre Armaturen l\u00e4nger halten.<\/p>\n<p>&nbsp;<\/p>\n<h2><strong>Vorteile:<\/strong><\/h2>\n<ul>\n<li>Badarmaturen, die gl\u00e4nzen und kalkfrei bleiben<\/li>\n<li>Die zwei Nachf\u00fcllpatronen sorgen f\u00fcr einen kontinuierlichen Nachschub an Entkalkungskraft<\/li>\n<li>Imeskalationsfreier, gl\u00e4nzender und luxuri\u00f6ser Badezimmerbereich<\/li>\n<li>Erweiterte Versorgung<\/li>\n<\/ul>","protected":false},"excerpt":{"rendered":"<p>Genie\u00dfen Sie Badezimmerarmaturen, die brillant gl\u00e4nzen und kalkfrei bleiben und die \u00c4sthetik Ihres Raumes erh\u00f6hen.<\/p>","protected":false},"featured_media":20407,"template":"","meta":[],"product_brand":[],"product_cat":[320],"product_tag":[],"class_list":{"0":"post-20406","1":"product","2":"type-product","3":"status-publish","4":"has-post-thumbnail","6":"product_cat-bathroom","8":"first","9":"instock","10":"shipping-taxable","11":"product-type-simple"},"yoast_head":"<!-- This site is optimized with the Yoast SEO plugin v27.4 - https:\/\/yoast.com\/product\/yoast-seo-wordpress\/ -->\n<title>ECO Bathroom and fittings descaling cleaner, bottle + 2 refills - TwinPol<\/title>\n<meta name=\"robots\" content=\"index, follow, max-snippet:-1, max-image-preview:large, max-video-preview:-1\" \/>\n<link rel=\"canonical\" href=\"https:\/\/twinpol.com\/de\/produkt\/oko-badezimmer-und-armaturen-entkalkungsreiniger-flasche-2-nachfullungen\/\" \/>\n<meta property=\"og:locale\" content=\"de_DE\" \/>\n<meta property=\"og:type\" content=\"article\" \/>\n<meta property=\"og:title\" content=\"ECO Bathroom and fittings descaling cleaner, bottle + 2 refills - TwinPol\" \/>\n<meta property=\"og:description\" content=\"Enjoy bathroom fixtures that shine with brilliance and remain limescale-free, elevating the aesthetics of your space.\" \/>\n<meta property=\"og:url\" content=\"https:\/\/twinpol.com\/de\/produkt\/oko-badezimmer-und-armaturen-entkalkungsreiniger-flasche-2-nachfullungen\/\" \/>\n<meta property=\"og:site_name\" content=\"TwinPol\" \/>\n<meta property=\"article:modified_time\" content=\"2024-01-18T10:01:59+00:00\" \/>\n<meta property=\"og:image\" content=\"https:\/\/twinpol.com\/wp-content\/uploads\/2024\/01\/SECO204_KIT_BOT_2_REF_TAB_wiz_www.png\" \/>\n\t<meta property=\"og:image:width\" content=\"800\" \/>\n\t<meta property=\"og:image:height\" content=\"800\" \/>\n\t<meta property=\"og:image:type\" content=\"image\/png\" \/>\n<meta name=\"twitter:card\" content=\"summary_large_image\" \/>\n<meta name=\"twitter:label1\" content=\"Gesch\u00e4tzte Lesezeit\" \/>\n\t<meta name=\"twitter:data1\" content=\"1\u00a0Minute\" \/>\n<script type=\"application\/ld+json\" class=\"yoast-schema-graph\">{\"@context\":\"https:\\\/\\\/schema.org\",\"@graph\":[{\"@type\":\"WebPage\",\"@id\":\"https:\\\/\\\/twinpol.com\\\/product\\\/eco-bathroom-and-fittings-descaling-cleaner-bottle-2-refills\\\/\",\"url\":\"https:\\\/\\\/twinpol.com\\\/product\\\/eco-bathroom-and-fittings-descaling-cleaner-bottle-2-refills\\\/\",\"name\":\"ECO Bathroom and fittings descaling cleaner, bottle + 2 refills - TwinPol\",\"isPartOf\":{\"@id\":\"https:\\\/\\\/twinpol.com\\\/#website\"},\"primaryImageOfPage\":{\"@id\":\"https:\\\/\\\/twinpol.com\\\/product\\\/eco-bathroom-and-fittings-descaling-cleaner-bottle-2-refills\\\/#primaryimage\"},\"image\":{\"@id\":\"https:\\\/\\\/twinpol.com\\\/product\\\/eco-bathroom-and-fittings-descaling-cleaner-bottle-2-refills\\\/#primaryimage\"},\"thumbnailUrl\":\"https:\\\/\\\/twinpol.com\\\/wp-content\\\/uploads\\\/2024\\\/01\\\/SECO204_KIT_BOT_2_REF_TAB_wiz_www.png\",\"datePublished\":\"2024-01-18T10:01:58+00:00\",\"dateModified\":\"2024-01-18T10:01:59+00:00\",\"breadcrumb\":{\"@id\":\"https:\\\/\\\/twinpol.com\\\/product\\\/eco-bathroom-and-fittings-descaling-cleaner-bottle-2-refills\\\/#breadcrumb\"},\"inLanguage\":\"de\",\"potentialAction\":[{\"@type\":\"ReadAction\",\"target\":[\"https:\\\/\\\/twinpol.com\\\/product\\\/eco-bathroom-and-fittings-descaling-cleaner-bottle-2-refills\\\/\"]}]},{\"@type\":\"ImageObject\",\"inLanguage\":\"de\",\"@id\":\"https:\\\/\\\/twinpol.com\\\/product\\\/eco-bathroom-and-fittings-descaling-cleaner-bottle-2-refills\\\/#primaryimage\",\"url\":\"https:\\\/\\\/twinpol.com\\\/wp-content\\\/uploads\\\/2024\\\/01\\\/SECO204_KIT_BOT_2_REF_TAB_wiz_www.png\",\"contentUrl\":\"https:\\\/\\\/twinpol.com\\\/wp-content\\\/uploads\\\/2024\\\/01\\\/SECO204_KIT_BOT_2_REF_TAB_wiz_www.png\",\"width\":800,\"height\":800},{\"@type\":\"BreadcrumbList\",\"@id\":\"https:\\\/\\\/twinpol.com\\\/product\\\/eco-bathroom-and-fittings-descaling-cleaner-bottle-2-refills\\\/#breadcrumb\",\"itemListElement\":[{\"@type\":\"ListItem\",\"position\":1,\"name\":\"Home\",\"item\":\"https:\\\/\\\/twinpol.com\\\/\"},{\"@type\":\"ListItem\",\"position\":2,\"name\":\"Products\",\"item\":\"https:\\\/\\\/twinpol.com\\\/products\\\/\"},{\"@type\":\"ListItem\",\"position\":3,\"name\":\"ECO Bathroom and fittings descaling cleaner, bottle + 2 refills\"}]},{\"@type\":\"WebSite\",\"@id\":\"https:\\\/\\\/twinpol.com\\\/#website\",\"url\":\"https:\\\/\\\/twinpol.com\\\/\",\"name\":\"Twinpol\",\"description\":\"Cleaning Supplies\",\"publisher\":{\"@id\":\"https:\\\/\\\/twinpol.com\\\/#organization\"},\"potentialAction\":[{\"@type\":\"SearchAction\",\"target\":{\"@type\":\"EntryPoint\",\"urlTemplate\":\"https:\\\/\\\/twinpol.com\\\/?s={search_term_string}\"},\"query-input\":{\"@type\":\"PropertyValueSpecification\",\"valueRequired\":true,\"valueName\":\"search_term_string\"}}],\"inLanguage\":\"de\"},{\"@type\":\"Organization\",\"@id\":\"https:\\\/\\\/twinpol.com\\\/#organization\",\"name\":\"Twinpol\",\"url\":\"https:\\\/\\\/twinpol.com\\\/\",\"logo\":{\"@type\":\"ImageObject\",\"inLanguage\":\"de\",\"@id\":\"https:\\\/\\\/twinpol.com\\\/#\\\/schema\\\/logo\\\/image\\\/\",\"url\":\"https:\\\/\\\/twinpol.com\\\/wp-content\\\/uploads\\\/2022\\\/10\\\/cropped-favicon.png\",\"contentUrl\":\"https:\\\/\\\/twinpol.com\\\/wp-content\\\/uploads\\\/2022\\\/10\\\/cropped-favicon.png\",\"width\":512,\"height\":512,\"caption\":\"Twinpol\"},\"image\":{\"@id\":\"https:\\\/\\\/twinpol.com\\\/#\\\/schema\\\/logo\\\/image\\\/\"}}]}<\/script>\n<!-- \/ Yoast SEO plugin. -->","yoast_head_json":{"title":"ECO Entkalker f\u00fcr Badezimmer und Armaturen, Flasche + 2 Nachf\u00fcllpackungen - TwinPol","robots":{"index":"index","follow":"follow","max-snippet":"max-snippet:-1","max-image-preview":"max-image-preview:large","max-video-preview":"max-video-preview:-1"},"canonical":"https:\/\/twinpol.com\/de\/produkt\/oko-badezimmer-und-armaturen-entkalkungsreiniger-flasche-2-nachfullungen\/","og_locale":"de_DE","og_type":"article","og_title":"ECO Bathroom and fittings descaling cleaner, bottle + 2 refills - TwinPol","og_description":"Enjoy bathroom fixtures that shine with brilliance and remain limescale-free, elevating the aesthetics of your space.","og_url":"https:\/\/twinpol.com\/de\/produkt\/oko-badezimmer-und-armaturen-entkalkungsreiniger-flasche-2-nachfullungen\/","og_site_name":"TwinPol","article_modified_time":"2024-01-18T10:01:59+00:00","og_image":[{"width":800,"height":800,"url":"https:\/\/twinpol.com\/wp-content\/uploads\/2024\/01\/SECO204_KIT_BOT_2_REF_TAB_wiz_www.png","type":"image\/png"}],"twitter_card":"summary_large_image","twitter_misc":{"Gesch\u00e4tzte Lesezeit":"1\u00a0Minute"},"schema":{"@context":"https:\/\/schema.org","@graph":[{"@type":"WebPage","@id":"https:\/\/twinpol.com\/product\/eco-bathroom-and-fittings-descaling-cleaner-bottle-2-refills\/","url":"https:\/\/twinpol.com\/product\/eco-bathroom-and-fittings-descaling-cleaner-bottle-2-refills\/","name":"ECO Entkalker f\u00fcr Badezimmer und Armaturen, Flasche + 2 Nachf\u00fcllpackungen - TwinPol","isPartOf":{"@id":"https:\/\/twinpol.com\/#website"},"primaryImageOfPage":{"@id":"https:\/\/twinpol.com\/product\/eco-bathroom-and-fittings-descaling-cleaner-bottle-2-refills\/#primaryimage"},"image":{"@id":"https:\/\/twinpol.com\/product\/eco-bathroom-and-fittings-descaling-cleaner-bottle-2-refills\/#primaryimage"},"thumbnailUrl":"https:\/\/twinpol.com\/wp-content\/uploads\/2024\/01\/SECO204_KIT_BOT_2_REF_TAB_wiz_www.png","datePublished":"2024-01-18T10:01:58+00:00","dateModified":"2024-01-18T10:01:59+00:00","breadcrumb":{"@id":"https:\/\/twinpol.com\/product\/eco-bathroom-and-fittings-descaling-cleaner-bottle-2-refills\/#breadcrumb"},"inLanguage":"de","potentialAction":[{"@type":"ReadAction","target":["https:\/\/twinpol.com\/product\/eco-bathroom-and-fittings-descaling-cleaner-bottle-2-refills\/"]}]},{"@type":"ImageObject","inLanguage":"de","@id":"https:\/\/twinpol.com\/product\/eco-bathroom-and-fittings-descaling-cleaner-bottle-2-refills\/#primaryimage","url":"https:\/\/twinpol.com\/wp-content\/uploads\/2024\/01\/SECO204_KIT_BOT_2_REF_TAB_wiz_www.png","contentUrl":"https:\/\/twinpol.com\/wp-content\/uploads\/2024\/01\/SECO204_KIT_BOT_2_REF_TAB_wiz_www.png","width":800,"height":800},{"@type":"BreadcrumbList","@id":"https:\/\/twinpol.com\/product\/eco-bathroom-and-fittings-descaling-cleaner-bottle-2-refills\/#breadcrumb","itemListElement":[{"@type":"ListItem","position":1,"name":"Home","item":"https:\/\/twinpol.com\/"},{"@type":"ListItem","position":2,"name":"Products","item":"https:\/\/twinpol.com\/products\/"},{"@type":"ListItem","position":3,"name":"ECO Bathroom and fittings descaling cleaner, bottle + 2 refills"}]},{"@type":"WebSite","@id":"https:\/\/twinpol.com\/#website","url":"https:\/\/twinpol.com\/","name":"Twinpol","description":"Reinigungsmittel","publisher":{"@id":"https:\/\/twinpol.com\/#organization"},"potentialAction":[{"@type":"SearchAction","target":{"@type":"EntryPoint","urlTemplate":"https:\/\/twinpol.com\/?s={search_term_string}"},"query-input":{"@type":"PropertyValueSpecification","valueRequired":true,"valueName":"search_term_string"}}],"inLanguage":"de"},{"@type":"Organization","@id":"https:\/\/twinpol.com\/#organization","name":"Twinpol","url":"https:\/\/twinpol.com\/","logo":{"@type":"ImageObject","inLanguage":"de","@id":"https:\/\/twinpol.com\/#\/schema\/logo\/image\/","url":"https:\/\/twinpol.com\/wp-content\/uploads\/2022\/10\/cropped-favicon.png","contentUrl":"https:\/\/twinpol.com\/wp-content\/uploads\/2022\/10\/cropped-favicon.png","width":512,"height":512,"caption":"Twinpol"},"image":{"@id":"https:\/\/twinpol.com\/#\/schema\/logo\/image\/"}}]}},"_links":{"self":[{"href":"https:\/\/twinpol.com\/de\/wp-json\/wp\/v2\/product\/20406","targetHints":{"allow":["GET"]}}],"collection":[{"href":"https:\/\/twinpol.com\/de\/wp-json\/wp\/v2\/product"}],"about":[{"href":"https:\/\/twinpol.com\/de\/wp-json\/wp\/v2\/types\/product"}],"wp:featuredmedia":[{"embeddable":true,"href":"https:\/\/twinpol.com\/de\/wp-json\/wp\/v2\/media\/20407"}],"wp:attachment":[{"href":"https:\/\/twinpol.com\/de\/wp-json\/wp\/v2\/media?parent=20406"}],"wp:term":[{"taxonomy":"product_brand","embeddable":true,"href":"https:\/\/twinpol.com\/de\/wp-json\/wp\/v2\/product_brand?post=20406"},{"taxonomy":"product_cat","embeddable":true,"href":"https:\/\/twinpol.com\/de\/wp-json\/wp\/v2\/product_cat?post=20406"},{"taxonomy":"product_tag","embeddable":true,"href":"https:\/\/twinpol.com\/de\/wp-json\/wp\/v2\/product_tag?post=20406"}],"curies":[{"name":"wp","href":"https:\/\/api.w.org\/{rel}","templated":true}]}}