{"id":20418,"date":"2024-01-30T09:36:27","date_gmt":"2024-01-30T09:36:27","guid":{"rendered":"https:\/\/twinpol.com\/?post_type=product&#038;p=20418"},"modified":"2024-03-04T08:21:25","modified_gmt":"2024-03-04T08:21:25","slug":"eco-dishwasher-cleaning-tablets-20-pcs","status":"publish","type":"product","link":"https:\/\/twinpol.com\/de\/produkt\/oko-geschirrspuler-reinigungstabletten-20-stuck\/","title":{"rendered":"ECO Geschirrsp\u00fcler-Reinigungstabletten, 20 St\u00fcck"},"content":{"rendered":"<div>\n<h1><strong>ECO von seiner besten Seite<\/strong><\/h1>\n<\/div>\n<div><\/div>\n<div class=\"breadcrumbs\"><a href=\"https:\/\/twinpol.com\/de\/\">HOME<\/a>\u00a0&gt;\u00a0<a href=\"https:\/\/twinpol.com\/de\/products\/\">PRODUKTE<\/a>\u00a0&gt;\u00a0<a href=\"https:\/\/twinpol.com\/de\/product-category\/dishwasher\/\">Reinigung und Pflege von Geschirrsp\u00fclern<br \/>\n<\/a>\u00a0&gt;<\/div>\n<div><\/div>\n<p>Wir stellen unsere fortschrittlichen Geschirrsp\u00fcler-Reinigungstabletten vor, ein Set mit 20 hochwirksamen Tabletten, die sorgf\u00e4ltig zusammengestellt wurden, um Ihren Geschirrsp\u00fcler in optimalem Zustand zu halten. Jede Tablette enth\u00e4lt eine leistungsstarke Mischung aus Reinigungsmitteln, die Fett, Kalk und hartn\u00e4ckige Speisereste abbauen und eine gr\u00fcndliche und hygienische Reinigung gew\u00e4hrleisten. Unsere Reinigungstabletten f\u00fcr Geschirrsp\u00fcler bieten eine m\u00fchelose L\u00f6sung, um die Sauberkeit und Leistung Ihres Ger\u00e4ts zu erhalten. Die spezielle Formel wirkt auch an versteckten Stellen des Geschirrsp\u00fclers, z. B. an den Spr\u00fcharmen und Filtern, und beseitigt Schmutz und Ger\u00fcche. Bei regelm\u00e4\u00dfiger Anwendung wird Verstopfungen vorgebeugt und die Effizienz Ihres Geschirrsp\u00fclers erhalten, so dass das Geschirr bei jedem Sp\u00fclgang blitzsauber ist.<\/p>\n<h1>Leistungsstarke Reinigung<\/h1>\n<p>Legen Sie einfach eine Tablette in das Sp\u00fclmittelfach eines leeren Geschirrsp\u00fclers und lassen Sie einen Hei\u00dfwasserzyklus laufen. Beobachten Sie, wie sich die Tablette aufl\u00f6st und ihre kraftvollen Reinigungsmittel freisetzt, um Ablagerungen zu bek\u00e4mpfen und Ihren Geschirrsp\u00fcler erfrischt und bereit f\u00fcr die n\u00e4chste Ladung zu machen. Erleben Sie den Komfort und die Wirksamkeit unserer Geschirrsp\u00fcler-Reinigungstabletten - die ideale L\u00f6sung f\u00fcr einen makellosen, geruchsfreien Geschirrsp\u00fcler und gleichbleibend tadellose Sp\u00fclergebnisse.<\/p>\n<h2><strong>Vorteile:<\/strong><\/h2>\n<ul>\n<li><span style=\"font-weight: 400;\">entfernen <\/span><b>z\u00e4h <\/b><span style=\"font-weight: 400;\">Flecken<\/span><\/li>\n<li><b>Kristallklare<\/b><span style=\"font-weight: 400;\"> Ergebnisse<\/span><\/li>\n<li><span style=\"font-weight: 400;\">Langlebig<\/span><b> Gl\u00e4nzen<\/b><\/li>\n<li><b>Sch\u00fctzt Glaswaren <\/b><span style=\"font-weight: 400;\">und Utensilien<\/span><\/li>\n<\/ul>\n<p>&nbsp;<\/p>","protected":false},"excerpt":{"rendered":"<p>ECO at Its Best HOME &gt; PRODUKTE &gt; Reinigungs- und Pflegemittel f\u00fcr Geschirrsp\u00fcler &gt; Wir stellen unsere fortschrittlichen Geschirrsp\u00fcler-Reinigungstabletten vor, ein Set mit 20 hochwirksamen<\/p>","protected":false},"featured_media":20419,"template":"","meta":[],"product_brand":[],"product_cat":[324],"product_tag":[],"class_list":{"0":"post-20418","1":"product","2":"type-product","3":"status-publish","4":"has-post-thumbnail","6":"product_cat-dishwasher","8":"first","9":"instock","10":"shipping-taxable","11":"product-type-simple"},"yoast_head":"<!-- This site is optimized with the Yoast SEO plugin v27.4 - https:\/\/yoast.com\/product\/yoast-seo-wordpress\/ -->\n<title>ECO Dishwasher cleaning tablets, 20 pcs - TwinPol<\/title>\n<meta name=\"robots\" content=\"index, follow, max-snippet:-1, max-image-preview:large, max-video-preview:-1\" \/>\n<link rel=\"canonical\" href=\"https:\/\/twinpol.com\/de\/produkt\/oko-geschirrspuler-reinigungstabletten-20-stuck\/\" \/>\n<meta property=\"og:locale\" content=\"de_DE\" \/>\n<meta property=\"og:type\" content=\"article\" \/>\n<meta property=\"og:title\" content=\"ECO Dishwasher cleaning tablets, 20 pcs - TwinPol\" \/>\n<meta property=\"og:description\" content=\"ECO at Its Best HOME\u00a0&gt;\u00a0PRODUCTS\u00a0&gt;\u00a0Dishwasher cleaners and care \u00a0&gt; Introducing our advanced Dishwasher Cleaning Tablets, a set of 20 highly\" \/>\n<meta property=\"og:url\" content=\"https:\/\/twinpol.com\/de\/produkt\/oko-geschirrspuler-reinigungstabletten-20-stuck\/\" \/>\n<meta property=\"og:site_name\" content=\"TwinPol\" \/>\n<meta property=\"article:modified_time\" content=\"2024-03-04T08:21:25+00:00\" \/>\n<meta property=\"og:image\" content=\"https:\/\/twinpol.com\/wp-content\/uploads\/2024\/01\/SECO206_20_16g_amz_wiz_HIGH-800x800.png\" \/>\n\t<meta property=\"og:image:width\" content=\"800\" \/>\n\t<meta property=\"og:image:height\" content=\"800\" \/>\n\t<meta property=\"og:image:type\" content=\"image\/png\" \/>\n<meta name=\"twitter:card\" content=\"summary_large_image\" \/>\n<meta name=\"twitter:label1\" content=\"Gesch\u00e4tzte Lesezeit\" \/>\n\t<meta name=\"twitter:data1\" content=\"1\u00a0Minute\" \/>\n<script type=\"application\/ld+json\" class=\"yoast-schema-graph\">{\"@context\":\"https:\\\/\\\/schema.org\",\"@graph\":[{\"@type\":\"WebPage\",\"@id\":\"https:\\\/\\\/twinpol.com\\\/product\\\/eco-dishwasher-cleaning-tablets-20-pcs\\\/\",\"url\":\"https:\\\/\\\/twinpol.com\\\/product\\\/eco-dishwasher-cleaning-tablets-20-pcs\\\/\",\"name\":\"ECO Dishwasher cleaning tablets, 20 pcs - TwinPol\",\"isPartOf\":{\"@id\":\"https:\\\/\\\/twinpol.com\\\/#website\"},\"primaryImageOfPage\":{\"@id\":\"https:\\\/\\\/twinpol.com\\\/product\\\/eco-dishwasher-cleaning-tablets-20-pcs\\\/#primaryimage\"},\"image\":{\"@id\":\"https:\\\/\\\/twinpol.com\\\/product\\\/eco-dishwasher-cleaning-tablets-20-pcs\\\/#primaryimage\"},\"thumbnailUrl\":\"https:\\\/\\\/twinpol.com\\\/wp-content\\\/uploads\\\/2024\\\/01\\\/SECO206_20_16g_amz_wiz_HIGH.png\",\"datePublished\":\"2024-01-30T09:36:27+00:00\",\"dateModified\":\"2024-03-04T08:21:25+00:00\",\"breadcrumb\":{\"@id\":\"https:\\\/\\\/twinpol.com\\\/product\\\/eco-dishwasher-cleaning-tablets-20-pcs\\\/#breadcrumb\"},\"inLanguage\":\"de\",\"potentialAction\":[{\"@type\":\"ReadAction\",\"target\":[\"https:\\\/\\\/twinpol.com\\\/product\\\/eco-dishwasher-cleaning-tablets-20-pcs\\\/\"]}]},{\"@type\":\"ImageObject\",\"inLanguage\":\"de\",\"@id\":\"https:\\\/\\\/twinpol.com\\\/product\\\/eco-dishwasher-cleaning-tablets-20-pcs\\\/#primaryimage\",\"url\":\"https:\\\/\\\/twinpol.com\\\/wp-content\\\/uploads\\\/2024\\\/01\\\/SECO206_20_16g_amz_wiz_HIGH.png\",\"contentUrl\":\"https:\\\/\\\/twinpol.com\\\/wp-content\\\/uploads\\\/2024\\\/01\\\/SECO206_20_16g_amz_wiz_HIGH.png\",\"width\":1800,\"height\":1800},{\"@type\":\"BreadcrumbList\",\"@id\":\"https:\\\/\\\/twinpol.com\\\/product\\\/eco-dishwasher-cleaning-tablets-20-pcs\\\/#breadcrumb\",\"itemListElement\":[{\"@type\":\"ListItem\",\"position\":1,\"name\":\"Home\",\"item\":\"https:\\\/\\\/twinpol.com\\\/\"},{\"@type\":\"ListItem\",\"position\":2,\"name\":\"Products\",\"item\":\"https:\\\/\\\/twinpol.com\\\/products\\\/\"},{\"@type\":\"ListItem\",\"position\":3,\"name\":\"ECO Dishwasher cleaning tablets, 20 pcs\"}]},{\"@type\":\"WebSite\",\"@id\":\"https:\\\/\\\/twinpol.com\\\/#website\",\"url\":\"https:\\\/\\\/twinpol.com\\\/\",\"name\":\"Twinpol\",\"description\":\"Cleaning Supplies\",\"publisher\":{\"@id\":\"https:\\\/\\\/twinpol.com\\\/#organization\"},\"potentialAction\":[{\"@type\":\"SearchAction\",\"target\":{\"@type\":\"EntryPoint\",\"urlTemplate\":\"https:\\\/\\\/twinpol.com\\\/?s={search_term_string}\"},\"query-input\":{\"@type\":\"PropertyValueSpecification\",\"valueRequired\":true,\"valueName\":\"search_term_string\"}}],\"inLanguage\":\"de\"},{\"@type\":\"Organization\",\"@id\":\"https:\\\/\\\/twinpol.com\\\/#organization\",\"name\":\"Twinpol\",\"url\":\"https:\\\/\\\/twinpol.com\\\/\",\"logo\":{\"@type\":\"ImageObject\",\"inLanguage\":\"de\",\"@id\":\"https:\\\/\\\/twinpol.com\\\/#\\\/schema\\\/logo\\\/image\\\/\",\"url\":\"https:\\\/\\\/twinpol.com\\\/wp-content\\\/uploads\\\/2022\\\/10\\\/cropped-favicon.png\",\"contentUrl\":\"https:\\\/\\\/twinpol.com\\\/wp-content\\\/uploads\\\/2022\\\/10\\\/cropped-favicon.png\",\"width\":512,\"height\":512,\"caption\":\"Twinpol\"},\"image\":{\"@id\":\"https:\\\/\\\/twinpol.com\\\/#\\\/schema\\\/logo\\\/image\\\/\"}}]}<\/script>\n<!-- \/ Yoast SEO plugin. -->","yoast_head_json":{"title":"ECO Geschirrsp\u00fcler-Reinigungstabletten, 20 St\u00fcck - TwinPol","robots":{"index":"index","follow":"follow","max-snippet":"max-snippet:-1","max-image-preview":"max-image-preview:large","max-video-preview":"max-video-preview:-1"},"canonical":"https:\/\/twinpol.com\/de\/produkt\/oko-geschirrspuler-reinigungstabletten-20-stuck\/","og_locale":"de_DE","og_type":"article","og_title":"ECO Dishwasher cleaning tablets, 20 pcs - TwinPol","og_description":"ECO at Its Best HOME\u00a0&gt;\u00a0PRODUCTS\u00a0&gt;\u00a0Dishwasher cleaners and care \u00a0&gt; Introducing our advanced Dishwasher Cleaning Tablets, a set of 20 highly","og_url":"https:\/\/twinpol.com\/de\/produkt\/oko-geschirrspuler-reinigungstabletten-20-stuck\/","og_site_name":"TwinPol","article_modified_time":"2024-03-04T08:21:25+00:00","og_image":[{"width":800,"height":800,"url":"https:\/\/twinpol.com\/wp-content\/uploads\/2024\/01\/SECO206_20_16g_amz_wiz_HIGH-800x800.png","type":"image\/png"}],"twitter_card":"summary_large_image","twitter_misc":{"Gesch\u00e4tzte Lesezeit":"1\u00a0Minute"},"schema":{"@context":"https:\/\/schema.org","@graph":[{"@type":"WebPage","@id":"https:\/\/twinpol.com\/product\/eco-dishwasher-cleaning-tablets-20-pcs\/","url":"https:\/\/twinpol.com\/product\/eco-dishwasher-cleaning-tablets-20-pcs\/","name":"ECO Geschirrsp\u00fcler-Reinigungstabletten, 20 St\u00fcck - TwinPol","isPartOf":{"@id":"https:\/\/twinpol.com\/#website"},"primaryImageOfPage":{"@id":"https:\/\/twinpol.com\/product\/eco-dishwasher-cleaning-tablets-20-pcs\/#primaryimage"},"image":{"@id":"https:\/\/twinpol.com\/product\/eco-dishwasher-cleaning-tablets-20-pcs\/#primaryimage"},"thumbnailUrl":"https:\/\/twinpol.com\/wp-content\/uploads\/2024\/01\/SECO206_20_16g_amz_wiz_HIGH.png","datePublished":"2024-01-30T09:36:27+00:00","dateModified":"2024-03-04T08:21:25+00:00","breadcrumb":{"@id":"https:\/\/twinpol.com\/product\/eco-dishwasher-cleaning-tablets-20-pcs\/#breadcrumb"},"inLanguage":"de","potentialAction":[{"@type":"ReadAction","target":["https:\/\/twinpol.com\/product\/eco-dishwasher-cleaning-tablets-20-pcs\/"]}]},{"@type":"ImageObject","inLanguage":"de","@id":"https:\/\/twinpol.com\/product\/eco-dishwasher-cleaning-tablets-20-pcs\/#primaryimage","url":"https:\/\/twinpol.com\/wp-content\/uploads\/2024\/01\/SECO206_20_16g_amz_wiz_HIGH.png","contentUrl":"https:\/\/twinpol.com\/wp-content\/uploads\/2024\/01\/SECO206_20_16g_amz_wiz_HIGH.png","width":1800,"height":1800},{"@type":"BreadcrumbList","@id":"https:\/\/twinpol.com\/product\/eco-dishwasher-cleaning-tablets-20-pcs\/#breadcrumb","itemListElement":[{"@type":"ListItem","position":1,"name":"Home","item":"https:\/\/twinpol.com\/"},{"@type":"ListItem","position":2,"name":"Products","item":"https:\/\/twinpol.com\/products\/"},{"@type":"ListItem","position":3,"name":"ECO Dishwasher cleaning tablets, 20 pcs"}]},{"@type":"WebSite","@id":"https:\/\/twinpol.com\/#website","url":"https:\/\/twinpol.com\/","name":"Twinpol","description":"Reinigungsmittel","publisher":{"@id":"https:\/\/twinpol.com\/#organization"},"potentialAction":[{"@type":"SearchAction","target":{"@type":"EntryPoint","urlTemplate":"https:\/\/twinpol.com\/?s={search_term_string}"},"query-input":{"@type":"PropertyValueSpecification","valueRequired":true,"valueName":"search_term_string"}}],"inLanguage":"de"},{"@type":"Organization","@id":"https:\/\/twinpol.com\/#organization","name":"Twinpol","url":"https:\/\/twinpol.com\/","logo":{"@type":"ImageObject","inLanguage":"de","@id":"https:\/\/twinpol.com\/#\/schema\/logo\/image\/","url":"https:\/\/twinpol.com\/wp-content\/uploads\/2022\/10\/cropped-favicon.png","contentUrl":"https:\/\/twinpol.com\/wp-content\/uploads\/2022\/10\/cropped-favicon.png","width":512,"height":512,"caption":"Twinpol"},"image":{"@id":"https:\/\/twinpol.com\/#\/schema\/logo\/image\/"}}]}},"_links":{"self":[{"href":"https:\/\/twinpol.com\/de\/wp-json\/wp\/v2\/product\/20418","targetHints":{"allow":["GET"]}}],"collection":[{"href":"https:\/\/twinpol.com\/de\/wp-json\/wp\/v2\/product"}],"about":[{"href":"https:\/\/twinpol.com\/de\/wp-json\/wp\/v2\/types\/product"}],"wp:featuredmedia":[{"embeddable":true,"href":"https:\/\/twinpol.com\/de\/wp-json\/wp\/v2\/media\/20419"}],"wp:attachment":[{"href":"https:\/\/twinpol.com\/de\/wp-json\/wp\/v2\/media?parent=20418"}],"wp:term":[{"taxonomy":"product_brand","embeddable":true,"href":"https:\/\/twinpol.com\/de\/wp-json\/wp\/v2\/product_brand?post=20418"},{"taxonomy":"product_cat","embeddable":true,"href":"https:\/\/twinpol.com\/de\/wp-json\/wp\/v2\/product_cat?post=20418"},{"taxonomy":"product_tag","embeddable":true,"href":"https:\/\/twinpol.com\/de\/wp-json\/wp\/v2\/product_tag?post=20418"}],"curies":[{"name":"wp","href":"https:\/\/api.w.org\/{rel}","templated":true}]}}