{"id":20422,"date":"2024-01-30T09:40:42","date_gmt":"2024-01-30T09:40:42","guid":{"rendered":"https:\/\/twinpol.com\/?post_type=product&#038;p=20422"},"modified":"2024-01-30T09:40:43","modified_gmt":"2024-01-30T09:40:43","slug":"eco-dishwasher-cleaning-tablets-4-pcs","status":"publish","type":"product","link":"https:\/\/twinpol.com\/de\/produkt\/oko-geschirrspuler-reinigungstabletten-4-stuck\/","title":{"rendered":"ECO Geschirrsp\u00fcler-Reinigungstabletten, 4 St\u00fcck"},"content":{"rendered":"<div>\n<h1>Leistungsstarke Reinigung<\/h1>\n<h1><a style=\"font-size: 16px;\" href=\"https:\/\/twinpol.com\/de\/\">HOME<\/a><span style=\"color: #333333; font-size: 16px;\">\u00a0&gt;\u00a0<\/span><a style=\"font-size: 16px;\" href=\"https:\/\/twinpol.com\/de\/products\/\">PRODUKTE<\/a><span style=\"color: #333333; font-size: 16px;\">\u00a0&gt;\u00a0<\/span><a style=\"font-size: 16px;\" href=\"https:\/\/twinpol.com\/de\/product-category\/dishwasher\/\">Reinigung und Pflege von Geschirrsp\u00fclern<\/a><\/h1>\n<\/div>\n<div class=\"breadcrumbs\">\u00a0&gt;<\/div>\n<div><\/div>\n<div>\n<p>Legen Sie einfach eine Tablette in das Sp\u00fclmittelfach eines leeren Geschirrsp\u00fclers und lassen Sie einen Hei\u00dfwasserzyklus laufen. Beobachten Sie, wie sich die Tablette aufl\u00f6st und ihre kraftvollen Reinigungsmittel freisetzt, um Ablagerungen zu bek\u00e4mpfen und Ihren Geschirrsp\u00fcler erfrischt und bereit f\u00fcr die n\u00e4chste Ladung zu machen. Erleben Sie den Komfort und die Wirksamkeit unserer Geschirrsp\u00fcler-Reinigungstabletten - die ideale L\u00f6sung f\u00fcr einen makellosen, geruchsfreien Geschirrsp\u00fcler und gleichbleibend tadellose Sp\u00fclergebnisse.<\/p>\n<\/div>\n<h1><strong>ECO von seiner besten Seite<\/strong><\/h1>\n<p>Wir stellen unsere fortschrittlichen Geschirrsp\u00fcler-Reinigungstabletten vor, ein Set mit 4 hochwirksamen Tabletten, die sorgf\u00e4ltig hergestellt wurden, um Ihren Geschirrsp\u00fcler in optimalem Zustand zu halten. Jede Tablette enth\u00e4lt eine leistungsstarke Mischung aus Reinigungsmitteln, die Fett, Kalk und hartn\u00e4ckige Speisereste abbauen und eine gr\u00fcndliche und hygienische Reinigung gew\u00e4hrleisten. Unsere Reinigungstabletten f\u00fcr Geschirrsp\u00fcler bieten eine m\u00fchelose L\u00f6sung, um die Sauberkeit und Leistung Ihres Ger\u00e4ts zu erhalten. Die spezielle Formel wirkt auch an versteckten Stellen des Geschirrsp\u00fclers, z. B. an den Spr\u00fcharmen und Filtern, und beseitigt Schmutz und Ger\u00fcche. Bei regelm\u00e4\u00dfiger Anwendung wird Verstopfungen vorgebeugt und die Effizienz Ihres Geschirrsp\u00fclers erhalten, so dass das Geschirr bei jedem Sp\u00fclgang blitzsauber ist.<\/p>\n<p>&nbsp;<\/p>\n<h2><strong>Vorteile:<\/strong><\/h2>\n<ul>\n<li><span style=\"font-weight: 400;\">entfernen <\/span><b>z\u00e4h <\/b><span style=\"font-weight: 400;\">Flecken<\/span><\/li>\n<li><b>Kristallklare<\/b><span style=\"font-weight: 400;\"> Ergebnisse<\/span><\/li>\n<li><span style=\"font-weight: 400;\">Langlebig<\/span><b> Gl\u00e4nzen<\/b><\/li>\n<li><b>Sch\u00fctzt Glaswaren <\/b><span style=\"font-weight: 400;\">und Utensilien<\/span><\/li>\n<\/ul>\n<p>&nbsp;<\/p>","protected":false},"excerpt":{"rendered":"<p>Kraftvolle Reinigung HOME &gt; PRODUKTE &gt; Reinigungs- und Pflegemittel f\u00fcr Geschirrsp\u00fcler &gt; Zur Anwendung einfach eine Tablette in das Sp\u00fclmittelfach eines leeren Geschirrsp\u00fclers geben.<\/p>","protected":false},"featured_media":20423,"template":"","meta":[],"product_brand":[],"product_cat":[324],"product_tag":[],"class_list":{"0":"post-20422","1":"product","2":"type-product","3":"status-publish","4":"has-post-thumbnail","6":"product_cat-dishwasher","8":"first","9":"instock","10":"shipping-taxable","11":"product-type-simple"},"yoast_head":"<!-- This site is optimized with the Yoast SEO plugin v27.3 - https:\/\/yoast.com\/product\/yoast-seo-wordpress\/ -->\n<title>ECO Dishwasher cleaning tablets, 4 pcs - TwinPol<\/title>\n<meta name=\"robots\" content=\"index, follow, max-snippet:-1, max-image-preview:large, max-video-preview:-1\" \/>\n<link rel=\"canonical\" href=\"https:\/\/twinpol.com\/de\/produkt\/oko-geschirrspuler-reinigungstabletten-4-stuck\/\" \/>\n<meta property=\"og:locale\" content=\"de_DE\" \/>\n<meta property=\"og:type\" content=\"article\" \/>\n<meta property=\"og:title\" content=\"ECO Dishwasher cleaning tablets, 4 pcs - TwinPol\" \/>\n<meta property=\"og:description\" content=\"Powerful Cleaning HOME\u00a0&gt;\u00a0PRODUCTS\u00a0&gt;\u00a0Dishwasher cleaners and care \u00a0&gt; To use, simply place one tablet in the detergent compartment of an empty\" \/>\n<meta property=\"og:url\" content=\"https:\/\/twinpol.com\/de\/produkt\/oko-geschirrspuler-reinigungstabletten-4-stuck\/\" \/>\n<meta property=\"og:site_name\" content=\"TwinPol\" \/>\n<meta property=\"article:modified_time\" content=\"2024-01-30T09:40:43+00:00\" \/>\n<meta property=\"og:image\" content=\"https:\/\/twinpol.com\/wp-content\/uploads\/2024\/01\/SECO206_4_16g_amz_wiz_HIGH-1-800x800.png\" \/>\n\t<meta property=\"og:image:width\" content=\"800\" \/>\n\t<meta property=\"og:image:height\" content=\"800\" \/>\n\t<meta property=\"og:image:type\" content=\"image\/png\" \/>\n<meta name=\"twitter:card\" content=\"summary_large_image\" \/>\n<meta name=\"twitter:label1\" content=\"Gesch\u00e4tzte Lesezeit\" \/>\n\t<meta name=\"twitter:data1\" content=\"1\u00a0Minute\" \/>\n<script type=\"application\/ld+json\" class=\"yoast-schema-graph\">{\"@context\":\"https:\\\/\\\/schema.org\",\"@graph\":[{\"@type\":\"WebPage\",\"@id\":\"https:\\\/\\\/twinpol.com\\\/product\\\/eco-dishwasher-cleaning-tablets-4-pcs\\\/\",\"url\":\"https:\\\/\\\/twinpol.com\\\/product\\\/eco-dishwasher-cleaning-tablets-4-pcs\\\/\",\"name\":\"ECO Dishwasher cleaning tablets, 4 pcs - TwinPol\",\"isPartOf\":{\"@id\":\"https:\\\/\\\/twinpol.com\\\/#website\"},\"primaryImageOfPage\":{\"@id\":\"https:\\\/\\\/twinpol.com\\\/product\\\/eco-dishwasher-cleaning-tablets-4-pcs\\\/#primaryimage\"},\"image\":{\"@id\":\"https:\\\/\\\/twinpol.com\\\/product\\\/eco-dishwasher-cleaning-tablets-4-pcs\\\/#primaryimage\"},\"thumbnailUrl\":\"https:\\\/\\\/twinpol.com\\\/wp-content\\\/uploads\\\/2024\\\/01\\\/SECO206_4_16g_amz_wiz_HIGH-1.png\",\"datePublished\":\"2024-01-30T09:40:42+00:00\",\"dateModified\":\"2024-01-30T09:40:43+00:00\",\"breadcrumb\":{\"@id\":\"https:\\\/\\\/twinpol.com\\\/product\\\/eco-dishwasher-cleaning-tablets-4-pcs\\\/#breadcrumb\"},\"inLanguage\":\"de\",\"potentialAction\":[{\"@type\":\"ReadAction\",\"target\":[\"https:\\\/\\\/twinpol.com\\\/product\\\/eco-dishwasher-cleaning-tablets-4-pcs\\\/\"]}]},{\"@type\":\"ImageObject\",\"inLanguage\":\"de\",\"@id\":\"https:\\\/\\\/twinpol.com\\\/product\\\/eco-dishwasher-cleaning-tablets-4-pcs\\\/#primaryimage\",\"url\":\"https:\\\/\\\/twinpol.com\\\/wp-content\\\/uploads\\\/2024\\\/01\\\/SECO206_4_16g_amz_wiz_HIGH-1.png\",\"contentUrl\":\"https:\\\/\\\/twinpol.com\\\/wp-content\\\/uploads\\\/2024\\\/01\\\/SECO206_4_16g_amz_wiz_HIGH-1.png\",\"width\":1800,\"height\":1800},{\"@type\":\"BreadcrumbList\",\"@id\":\"https:\\\/\\\/twinpol.com\\\/product\\\/eco-dishwasher-cleaning-tablets-4-pcs\\\/#breadcrumb\",\"itemListElement\":[{\"@type\":\"ListItem\",\"position\":1,\"name\":\"Home\",\"item\":\"https:\\\/\\\/twinpol.com\\\/\"},{\"@type\":\"ListItem\",\"position\":2,\"name\":\"Products\",\"item\":\"https:\\\/\\\/twinpol.com\\\/products\\\/\"},{\"@type\":\"ListItem\",\"position\":3,\"name\":\"ECO Dishwasher cleaning tablets, 4 pcs\"}]},{\"@type\":\"WebSite\",\"@id\":\"https:\\\/\\\/twinpol.com\\\/#website\",\"url\":\"https:\\\/\\\/twinpol.com\\\/\",\"name\":\"Twinpol\",\"description\":\"Cleaning Supplies\",\"publisher\":{\"@id\":\"https:\\\/\\\/twinpol.com\\\/#organization\"},\"potentialAction\":[{\"@type\":\"SearchAction\",\"target\":{\"@type\":\"EntryPoint\",\"urlTemplate\":\"https:\\\/\\\/twinpol.com\\\/?s={search_term_string}\"},\"query-input\":{\"@type\":\"PropertyValueSpecification\",\"valueRequired\":true,\"valueName\":\"search_term_string\"}}],\"inLanguage\":\"de\"},{\"@type\":\"Organization\",\"@id\":\"https:\\\/\\\/twinpol.com\\\/#organization\",\"name\":\"Twinpol\",\"url\":\"https:\\\/\\\/twinpol.com\\\/\",\"logo\":{\"@type\":\"ImageObject\",\"inLanguage\":\"de\",\"@id\":\"https:\\\/\\\/twinpol.com\\\/#\\\/schema\\\/logo\\\/image\\\/\",\"url\":\"https:\\\/\\\/twinpol.com\\\/wp-content\\\/uploads\\\/2022\\\/10\\\/cropped-favicon.png\",\"contentUrl\":\"https:\\\/\\\/twinpol.com\\\/wp-content\\\/uploads\\\/2022\\\/10\\\/cropped-favicon.png\",\"width\":512,\"height\":512,\"caption\":\"Twinpol\"},\"image\":{\"@id\":\"https:\\\/\\\/twinpol.com\\\/#\\\/schema\\\/logo\\\/image\\\/\"}}]}<\/script>\n<!-- \/ Yoast SEO plugin. -->","yoast_head_json":{"title":"ECO Geschirrsp\u00fcler-Reinigungstabletten, 4 St\u00fcck - TwinPol","robots":{"index":"index","follow":"follow","max-snippet":"max-snippet:-1","max-image-preview":"max-image-preview:large","max-video-preview":"max-video-preview:-1"},"canonical":"https:\/\/twinpol.com\/de\/produkt\/oko-geschirrspuler-reinigungstabletten-4-stuck\/","og_locale":"de_DE","og_type":"article","og_title":"ECO Dishwasher cleaning tablets, 4 pcs - TwinPol","og_description":"Powerful Cleaning HOME\u00a0&gt;\u00a0PRODUCTS\u00a0&gt;\u00a0Dishwasher cleaners and care \u00a0&gt; To use, simply place one tablet in the detergent compartment of an empty","og_url":"https:\/\/twinpol.com\/de\/produkt\/oko-geschirrspuler-reinigungstabletten-4-stuck\/","og_site_name":"TwinPol","article_modified_time":"2024-01-30T09:40:43+00:00","og_image":[{"width":800,"height":800,"url":"https:\/\/twinpol.com\/wp-content\/uploads\/2024\/01\/SECO206_4_16g_amz_wiz_HIGH-1-800x800.png","type":"image\/png"}],"twitter_card":"summary_large_image","twitter_misc":{"Gesch\u00e4tzte Lesezeit":"1\u00a0Minute"},"schema":{"@context":"https:\/\/schema.org","@graph":[{"@type":"WebPage","@id":"https:\/\/twinpol.com\/product\/eco-dishwasher-cleaning-tablets-4-pcs\/","url":"https:\/\/twinpol.com\/product\/eco-dishwasher-cleaning-tablets-4-pcs\/","name":"ECO Geschirrsp\u00fcler-Reinigungstabletten, 4 St\u00fcck - TwinPol","isPartOf":{"@id":"https:\/\/twinpol.com\/#website"},"primaryImageOfPage":{"@id":"https:\/\/twinpol.com\/product\/eco-dishwasher-cleaning-tablets-4-pcs\/#primaryimage"},"image":{"@id":"https:\/\/twinpol.com\/product\/eco-dishwasher-cleaning-tablets-4-pcs\/#primaryimage"},"thumbnailUrl":"https:\/\/twinpol.com\/wp-content\/uploads\/2024\/01\/SECO206_4_16g_amz_wiz_HIGH-1.png","datePublished":"2024-01-30T09:40:42+00:00","dateModified":"2024-01-30T09:40:43+00:00","breadcrumb":{"@id":"https:\/\/twinpol.com\/product\/eco-dishwasher-cleaning-tablets-4-pcs\/#breadcrumb"},"inLanguage":"de","potentialAction":[{"@type":"ReadAction","target":["https:\/\/twinpol.com\/product\/eco-dishwasher-cleaning-tablets-4-pcs\/"]}]},{"@type":"ImageObject","inLanguage":"de","@id":"https:\/\/twinpol.com\/product\/eco-dishwasher-cleaning-tablets-4-pcs\/#primaryimage","url":"https:\/\/twinpol.com\/wp-content\/uploads\/2024\/01\/SECO206_4_16g_amz_wiz_HIGH-1.png","contentUrl":"https:\/\/twinpol.com\/wp-content\/uploads\/2024\/01\/SECO206_4_16g_amz_wiz_HIGH-1.png","width":1800,"height":1800},{"@type":"BreadcrumbList","@id":"https:\/\/twinpol.com\/product\/eco-dishwasher-cleaning-tablets-4-pcs\/#breadcrumb","itemListElement":[{"@type":"ListItem","position":1,"name":"Home","item":"https:\/\/twinpol.com\/"},{"@type":"ListItem","position":2,"name":"Products","item":"https:\/\/twinpol.com\/products\/"},{"@type":"ListItem","position":3,"name":"ECO Dishwasher cleaning tablets, 4 pcs"}]},{"@type":"WebSite","@id":"https:\/\/twinpol.com\/#website","url":"https:\/\/twinpol.com\/","name":"Twinpol","description":"Reinigungsmittel","publisher":{"@id":"https:\/\/twinpol.com\/#organization"},"potentialAction":[{"@type":"SearchAction","target":{"@type":"EntryPoint","urlTemplate":"https:\/\/twinpol.com\/?s={search_term_string}"},"query-input":{"@type":"PropertyValueSpecification","valueRequired":true,"valueName":"search_term_string"}}],"inLanguage":"de"},{"@type":"Organization","@id":"https:\/\/twinpol.com\/#organization","name":"Twinpol","url":"https:\/\/twinpol.com\/","logo":{"@type":"ImageObject","inLanguage":"de","@id":"https:\/\/twinpol.com\/#\/schema\/logo\/image\/","url":"https:\/\/twinpol.com\/wp-content\/uploads\/2022\/10\/cropped-favicon.png","contentUrl":"https:\/\/twinpol.com\/wp-content\/uploads\/2022\/10\/cropped-favicon.png","width":512,"height":512,"caption":"Twinpol"},"image":{"@id":"https:\/\/twinpol.com\/#\/schema\/logo\/image\/"}}]}},"_links":{"self":[{"href":"https:\/\/twinpol.com\/de\/wp-json\/wp\/v2\/product\/20422","targetHints":{"allow":["GET"]}}],"collection":[{"href":"https:\/\/twinpol.com\/de\/wp-json\/wp\/v2\/product"}],"about":[{"href":"https:\/\/twinpol.com\/de\/wp-json\/wp\/v2\/types\/product"}],"wp:featuredmedia":[{"embeddable":true,"href":"https:\/\/twinpol.com\/de\/wp-json\/wp\/v2\/media\/20423"}],"wp:attachment":[{"href":"https:\/\/twinpol.com\/de\/wp-json\/wp\/v2\/media?parent=20422"}],"wp:term":[{"taxonomy":"product_brand","embeddable":true,"href":"https:\/\/twinpol.com\/de\/wp-json\/wp\/v2\/product_brand?post=20422"},{"taxonomy":"product_cat","embeddable":true,"href":"https:\/\/twinpol.com\/de\/wp-json\/wp\/v2\/product_cat?post=20422"},{"taxonomy":"product_tag","embeddable":true,"href":"https:\/\/twinpol.com\/de\/wp-json\/wp\/v2\/product_tag?post=20422"}],"curies":[{"name":"wp","href":"https:\/\/api.w.org\/{rel}","templated":true}]}}