{"id":20426,"date":"2024-01-30T09:45:19","date_gmt":"2024-01-30T09:45:19","guid":{"rendered":"https:\/\/twinpol.com\/?post_type=product&#038;p=20426"},"modified":"2024-01-30T09:45:20","modified_gmt":"2024-01-30T09:45:20","slug":"eco-washing-machine-cleaning-tablets-12-pcs","status":"publish","type":"product","link":"https:\/\/twinpol.com\/de\/produkt\/oko-waschmaschinen-reinigungstabletten-12-stuck\/","title":{"rendered":"ECO Waschmaschinen-Reinigungstabletten, 12 St\u00fcck"},"content":{"rendered":"<div>\n<h1><strong>Effizienz in Bestform<\/strong><\/h1>\n<\/div>\n<div><\/div>\n<div class=\"breadcrumbs\"><a href=\"https:\/\/twinpol.com\/de\/\">HOME<\/a>\u00a0&gt;\u00a0<a href=\"https:\/\/twinpol.com\/de\/products\/\">PRODUKTE<\/a>\u00a0&gt;\u00a0<a href=\"https:\/\/twinpol.com\/de\/product-category\/wasching-machine-cleaner\/\">Waschmaschinenreiniger und Pflege<\/a>\u00a0&gt;<\/div>\n<div><\/div>\n<p>Wir stellen unsere innovativen Waschmaschinen-Reinigungstabletten vor, eine Packung mit 4 leistungsstarken Tabletten, die Ihr Ger\u00e4t wieder auf Vordermann bringen. Jede Tablette enth\u00e4lt eine wirksame Mischung von Reinigungsmitteln, die sorgf\u00e4ltig formuliert wurden, um Schmutz, Seifenreste und unangenehme Ger\u00fcche aus Ihrer Waschmaschine zu entfernen. Unsere Reinigungstabletten f\u00fcr Waschmaschinen machen die Aufrechterhaltung von Hygiene und Frische in den inneren Komponenten Ihres Ger\u00e4ts m\u00fchelos und effektiv. Die spezielle Formel zielt auf Bakterien und Pilze ab, die sich in schwer zug\u00e4nglichen Bereichen ansammeln k\u00f6nnen, und beseitigt sie, so dass die Sauberkeit bei jedem Waschgang gew\u00e4hrleistet ist.<\/p>\n<h1>Erstklassige Waschergebnisse<\/h1>\n<p>Die Anwendung ist einfach: Geben Sie einfach eine Tablette in die Trommel Ihrer Waschmaschine und lassen Sie einen Waschgang bei h\u00f6chster Temperatur laufen, wobei Sie die Empfehlungen des Herstellers beachten. Die regelm\u00e4\u00dfige Anwendung unserer Tabletten erh\u00e4lt die Effizienz Ihrer Waschmaschine, verl\u00e4ngert ihre Lebensdauer und garantiert erstklassige Waschergebnisse.<\/p>\n<p>Lassen Sie Ihre Waschmaschine mit unseren Waschmaschinen-Reinigungstabletten auf Hochtouren laufen - eine einfache und effektive L\u00f6sung, um Sauberkeit und Hygiene in Ihrem Ger\u00e4t zu erhalten.<\/p>\n<h2><strong>Vorteile:<\/strong><\/h2>\n<ul>\n<li><span style=\"font-weight: 400;\">Unterh\u00e4lt <\/span><b>Leistung der Maschine<\/b><\/li>\n<li><b>Effiziente <\/b><span style=\"font-weight: 400;\">Reinigung<\/span><\/li>\n<li><span style=\"font-weight: 400;\">Langlebig<\/span><b> Gl\u00e4nzen<\/b><\/li>\n<li><b>Kosteng\u00fcnstig <\/b><span style=\"font-weight: 400;\">Wartung<\/span><\/li>\n<\/ul>\n<p>&nbsp;<\/p>\n<p>&nbsp;<\/p>","protected":false},"excerpt":{"rendered":"<p>Effizienz auf h\u00f6chstem Niveau HOME &gt; PRODUKTE &gt; Waschmaschinenreiniger und -pflege &gt; Wir stellen unsere innovativen Waschmaschinenreinigungstabletten vor, eine 4er-Packung<\/p>","protected":false},"featured_media":20427,"template":"","meta":[],"product_brand":[],"product_cat":[329],"product_tag":[],"class_list":{"0":"post-20426","1":"product","2":"type-product","3":"status-publish","4":"has-post-thumbnail","6":"product_cat-wasching-machine-cleaner","8":"first","9":"instock","10":"shipping-taxable","11":"product-type-simple"},"yoast_head":"<!-- This site is optimized with the Yoast SEO plugin v27.4 - https:\/\/yoast.com\/product\/yoast-seo-wordpress\/ -->\n<title>ECO Washing machine cleaning tablets, 12 pcs - TwinPol<\/title>\n<meta name=\"robots\" content=\"index, follow, max-snippet:-1, max-image-preview:large, max-video-preview:-1\" \/>\n<link rel=\"canonical\" href=\"https:\/\/twinpol.com\/de\/produkt\/oko-waschmaschinen-reinigungstabletten-12-stuck\/\" \/>\n<meta property=\"og:locale\" content=\"de_DE\" \/>\n<meta property=\"og:type\" content=\"article\" \/>\n<meta property=\"og:title\" content=\"ECO Washing machine cleaning tablets, 12 pcs - TwinPol\" \/>\n<meta property=\"og:description\" content=\"Efficiency at Its Best HOME\u00a0&gt;\u00a0PRODUCTS\u00a0&gt;\u00a0Washing machine cleaner and care\u00a0&gt; Introducing our cutting-edge Washing Machine Cleaning Tablets, a pack of 4\" \/>\n<meta property=\"og:url\" content=\"https:\/\/twinpol.com\/de\/produkt\/oko-waschmaschinen-reinigungstabletten-12-stuck\/\" \/>\n<meta property=\"og:site_name\" content=\"TwinPol\" \/>\n<meta property=\"article:modified_time\" content=\"2024-01-30T09:45:20+00:00\" \/>\n<meta property=\"og:image\" content=\"https:\/\/twinpol.com\/wp-content\/uploads\/2024\/01\/SECO205_12_16g_amz_wiz_HIGH-800x800.png\" \/>\n\t<meta property=\"og:image:width\" content=\"800\" \/>\n\t<meta property=\"og:image:height\" content=\"800\" \/>\n\t<meta property=\"og:image:type\" content=\"image\/png\" \/>\n<meta name=\"twitter:card\" content=\"summary_large_image\" \/>\n<meta name=\"twitter:label1\" content=\"Gesch\u00e4tzte Lesezeit\" \/>\n\t<meta name=\"twitter:data1\" content=\"1\u00a0Minute\" \/>\n<script type=\"application\/ld+json\" class=\"yoast-schema-graph\">{\"@context\":\"https:\\\/\\\/schema.org\",\"@graph\":[{\"@type\":\"WebPage\",\"@id\":\"https:\\\/\\\/twinpol.com\\\/product\\\/eco-washing-machine-cleaning-tablets-12-pcs\\\/\",\"url\":\"https:\\\/\\\/twinpol.com\\\/product\\\/eco-washing-machine-cleaning-tablets-12-pcs\\\/\",\"name\":\"ECO Washing machine cleaning tablets, 12 pcs - TwinPol\",\"isPartOf\":{\"@id\":\"https:\\\/\\\/twinpol.com\\\/#website\"},\"primaryImageOfPage\":{\"@id\":\"https:\\\/\\\/twinpol.com\\\/product\\\/eco-washing-machine-cleaning-tablets-12-pcs\\\/#primaryimage\"},\"image\":{\"@id\":\"https:\\\/\\\/twinpol.com\\\/product\\\/eco-washing-machine-cleaning-tablets-12-pcs\\\/#primaryimage\"},\"thumbnailUrl\":\"https:\\\/\\\/twinpol.com\\\/wp-content\\\/uploads\\\/2024\\\/01\\\/SECO205_12_16g_amz_wiz_HIGH.png\",\"datePublished\":\"2024-01-30T09:45:19+00:00\",\"dateModified\":\"2024-01-30T09:45:20+00:00\",\"breadcrumb\":{\"@id\":\"https:\\\/\\\/twinpol.com\\\/product\\\/eco-washing-machine-cleaning-tablets-12-pcs\\\/#breadcrumb\"},\"inLanguage\":\"de\",\"potentialAction\":[{\"@type\":\"ReadAction\",\"target\":[\"https:\\\/\\\/twinpol.com\\\/product\\\/eco-washing-machine-cleaning-tablets-12-pcs\\\/\"]}]},{\"@type\":\"ImageObject\",\"inLanguage\":\"de\",\"@id\":\"https:\\\/\\\/twinpol.com\\\/product\\\/eco-washing-machine-cleaning-tablets-12-pcs\\\/#primaryimage\",\"url\":\"https:\\\/\\\/twinpol.com\\\/wp-content\\\/uploads\\\/2024\\\/01\\\/SECO205_12_16g_amz_wiz_HIGH.png\",\"contentUrl\":\"https:\\\/\\\/twinpol.com\\\/wp-content\\\/uploads\\\/2024\\\/01\\\/SECO205_12_16g_amz_wiz_HIGH.png\",\"width\":1800,\"height\":1800},{\"@type\":\"BreadcrumbList\",\"@id\":\"https:\\\/\\\/twinpol.com\\\/product\\\/eco-washing-machine-cleaning-tablets-12-pcs\\\/#breadcrumb\",\"itemListElement\":[{\"@type\":\"ListItem\",\"position\":1,\"name\":\"Home\",\"item\":\"https:\\\/\\\/twinpol.com\\\/\"},{\"@type\":\"ListItem\",\"position\":2,\"name\":\"Products\",\"item\":\"https:\\\/\\\/twinpol.com\\\/products\\\/\"},{\"@type\":\"ListItem\",\"position\":3,\"name\":\"ECO Washing machine cleaning tablets, 12 pcs\"}]},{\"@type\":\"WebSite\",\"@id\":\"https:\\\/\\\/twinpol.com\\\/#website\",\"url\":\"https:\\\/\\\/twinpol.com\\\/\",\"name\":\"Twinpol\",\"description\":\"Cleaning Supplies\",\"publisher\":{\"@id\":\"https:\\\/\\\/twinpol.com\\\/#organization\"},\"potentialAction\":[{\"@type\":\"SearchAction\",\"target\":{\"@type\":\"EntryPoint\",\"urlTemplate\":\"https:\\\/\\\/twinpol.com\\\/?s={search_term_string}\"},\"query-input\":{\"@type\":\"PropertyValueSpecification\",\"valueRequired\":true,\"valueName\":\"search_term_string\"}}],\"inLanguage\":\"de\"},{\"@type\":\"Organization\",\"@id\":\"https:\\\/\\\/twinpol.com\\\/#organization\",\"name\":\"Twinpol\",\"url\":\"https:\\\/\\\/twinpol.com\\\/\",\"logo\":{\"@type\":\"ImageObject\",\"inLanguage\":\"de\",\"@id\":\"https:\\\/\\\/twinpol.com\\\/#\\\/schema\\\/logo\\\/image\\\/\",\"url\":\"https:\\\/\\\/twinpol.com\\\/wp-content\\\/uploads\\\/2022\\\/10\\\/cropped-favicon.png\",\"contentUrl\":\"https:\\\/\\\/twinpol.com\\\/wp-content\\\/uploads\\\/2022\\\/10\\\/cropped-favicon.png\",\"width\":512,\"height\":512,\"caption\":\"Twinpol\"},\"image\":{\"@id\":\"https:\\\/\\\/twinpol.com\\\/#\\\/schema\\\/logo\\\/image\\\/\"}}]}<\/script>\n<!-- \/ Yoast SEO plugin. -->","yoast_head_json":{"title":"ECO Waschmaschinen-Reinigungstabletten, 12 St\u00fcck - TwinPol","robots":{"index":"index","follow":"follow","max-snippet":"max-snippet:-1","max-image-preview":"max-image-preview:large","max-video-preview":"max-video-preview:-1"},"canonical":"https:\/\/twinpol.com\/de\/produkt\/oko-waschmaschinen-reinigungstabletten-12-stuck\/","og_locale":"de_DE","og_type":"article","og_title":"ECO Washing machine cleaning tablets, 12 pcs - TwinPol","og_description":"Efficiency at Its Best HOME\u00a0&gt;\u00a0PRODUCTS\u00a0&gt;\u00a0Washing machine cleaner and care\u00a0&gt; Introducing our cutting-edge Washing Machine Cleaning Tablets, a pack of 4","og_url":"https:\/\/twinpol.com\/de\/produkt\/oko-waschmaschinen-reinigungstabletten-12-stuck\/","og_site_name":"TwinPol","article_modified_time":"2024-01-30T09:45:20+00:00","og_image":[{"width":800,"height":800,"url":"https:\/\/twinpol.com\/wp-content\/uploads\/2024\/01\/SECO205_12_16g_amz_wiz_HIGH-800x800.png","type":"image\/png"}],"twitter_card":"summary_large_image","twitter_misc":{"Gesch\u00e4tzte Lesezeit":"1\u00a0Minute"},"schema":{"@context":"https:\/\/schema.org","@graph":[{"@type":"WebPage","@id":"https:\/\/twinpol.com\/product\/eco-washing-machine-cleaning-tablets-12-pcs\/","url":"https:\/\/twinpol.com\/product\/eco-washing-machine-cleaning-tablets-12-pcs\/","name":"ECO Waschmaschinen-Reinigungstabletten, 12 St\u00fcck - TwinPol","isPartOf":{"@id":"https:\/\/twinpol.com\/#website"},"primaryImageOfPage":{"@id":"https:\/\/twinpol.com\/product\/eco-washing-machine-cleaning-tablets-12-pcs\/#primaryimage"},"image":{"@id":"https:\/\/twinpol.com\/product\/eco-washing-machine-cleaning-tablets-12-pcs\/#primaryimage"},"thumbnailUrl":"https:\/\/twinpol.com\/wp-content\/uploads\/2024\/01\/SECO205_12_16g_amz_wiz_HIGH.png","datePublished":"2024-01-30T09:45:19+00:00","dateModified":"2024-01-30T09:45:20+00:00","breadcrumb":{"@id":"https:\/\/twinpol.com\/product\/eco-washing-machine-cleaning-tablets-12-pcs\/#breadcrumb"},"inLanguage":"de","potentialAction":[{"@type":"ReadAction","target":["https:\/\/twinpol.com\/product\/eco-washing-machine-cleaning-tablets-12-pcs\/"]}]},{"@type":"ImageObject","inLanguage":"de","@id":"https:\/\/twinpol.com\/product\/eco-washing-machine-cleaning-tablets-12-pcs\/#primaryimage","url":"https:\/\/twinpol.com\/wp-content\/uploads\/2024\/01\/SECO205_12_16g_amz_wiz_HIGH.png","contentUrl":"https:\/\/twinpol.com\/wp-content\/uploads\/2024\/01\/SECO205_12_16g_amz_wiz_HIGH.png","width":1800,"height":1800},{"@type":"BreadcrumbList","@id":"https:\/\/twinpol.com\/product\/eco-washing-machine-cleaning-tablets-12-pcs\/#breadcrumb","itemListElement":[{"@type":"ListItem","position":1,"name":"Home","item":"https:\/\/twinpol.com\/"},{"@type":"ListItem","position":2,"name":"Products","item":"https:\/\/twinpol.com\/products\/"},{"@type":"ListItem","position":3,"name":"ECO Washing machine cleaning tablets, 12 pcs"}]},{"@type":"WebSite","@id":"https:\/\/twinpol.com\/#website","url":"https:\/\/twinpol.com\/","name":"Twinpol","description":"Reinigungsmittel","publisher":{"@id":"https:\/\/twinpol.com\/#organization"},"potentialAction":[{"@type":"SearchAction","target":{"@type":"EntryPoint","urlTemplate":"https:\/\/twinpol.com\/?s={search_term_string}"},"query-input":{"@type":"PropertyValueSpecification","valueRequired":true,"valueName":"search_term_string"}}],"inLanguage":"de"},{"@type":"Organization","@id":"https:\/\/twinpol.com\/#organization","name":"Twinpol","url":"https:\/\/twinpol.com\/","logo":{"@type":"ImageObject","inLanguage":"de","@id":"https:\/\/twinpol.com\/#\/schema\/logo\/image\/","url":"https:\/\/twinpol.com\/wp-content\/uploads\/2022\/10\/cropped-favicon.png","contentUrl":"https:\/\/twinpol.com\/wp-content\/uploads\/2022\/10\/cropped-favicon.png","width":512,"height":512,"caption":"Twinpol"},"image":{"@id":"https:\/\/twinpol.com\/#\/schema\/logo\/image\/"}}]}},"_links":{"self":[{"href":"https:\/\/twinpol.com\/de\/wp-json\/wp\/v2\/product\/20426","targetHints":{"allow":["GET"]}}],"collection":[{"href":"https:\/\/twinpol.com\/de\/wp-json\/wp\/v2\/product"}],"about":[{"href":"https:\/\/twinpol.com\/de\/wp-json\/wp\/v2\/types\/product"}],"wp:featuredmedia":[{"embeddable":true,"href":"https:\/\/twinpol.com\/de\/wp-json\/wp\/v2\/media\/20427"}],"wp:attachment":[{"href":"https:\/\/twinpol.com\/de\/wp-json\/wp\/v2\/media?parent=20426"}],"wp:term":[{"taxonomy":"product_brand","embeddable":true,"href":"https:\/\/twinpol.com\/de\/wp-json\/wp\/v2\/product_brand?post=20426"},{"taxonomy":"product_cat","embeddable":true,"href":"https:\/\/twinpol.com\/de\/wp-json\/wp\/v2\/product_cat?post=20426"},{"taxonomy":"product_tag","embeddable":true,"href":"https:\/\/twinpol.com\/de\/wp-json\/wp\/v2\/product_tag?post=20426"}],"curies":[{"name":"wp","href":"https:\/\/api.w.org\/{rel}","templated":true}]}}