{"id":20431,"date":"2024-02-06T08:13:18","date_gmt":"2024-02-06T08:13:18","guid":{"rendered":"https:\/\/twinpol.com\/?post_type=product&#038;p=20431"},"modified":"2024-05-27T13:46:48","modified_gmt":"2024-05-27T13:46:48","slug":"eco-screen-cleaning-kit-3in1","status":"publish","type":"product","link":"https:\/\/twinpol.com\/de\/produkt\/oko-siebdruck-reinigungsset-3in1\/","title":{"rendered":"ECO Bildschirmreinigungsset 4in1"},"content":{"rendered":"<h1>Halten Sie Ihre Bildschirme kristallklar<\/h1>\n<div class=\"breadcrumbs\"><a href=\"\/de\/\">Startseite<\/a> &gt; <a href=\"\/de\/products\/\">Produkte<\/a> &gt; <a href=\"\/de\/product-category\/eco-products\/\">ECO-Produkte<\/a> &gt;<a href=\"\/de\/product-category\/screen\/\">Bildschirmreiniger<\/a> &gt;<\/div>\n<h2>Effektive Bildschirmreinigung auf umweltfreundliche Weise<\/h2>\n<p>Wir stellen unser ECO LCD Screen Cleaning Kit vor, ein Muss f\u00fcr die Erhaltung der Klarheit und Langlebigkeit Ihrer elektronischen Bildschirme. Dieses Produkt ist nicht nur effektiv, sondern auch umweltfreundlich. Wir haben dieses Kit sorgf\u00e4ltig zusammengestellt, um sicherzustellen, dass Ihre Bildschirme sauber und klar bleiben und gleichzeitig Ihren \u00f6kologischen Fu\u00dfabdruck minimieren.<\/p>\n<h2>Bringen Sie Ihre Bildschirme zum Gl\u00e4nzen<\/h2>\n<p>Verbessern Sie Ihr Seherlebnis und sichern Sie die Langlebigkeit Ihrer Bildschirme mit dem ECO LCD Screen Cleaning Kit. Es ist die ideale Wahl f\u00fcr alle, die sich sowohl um ihre Bildschirme als auch um die Umwelt sorgen.<\/p>\n<h2>Vorteile<\/h2>\n<ul>\n<li>Entfernt effizient Fingerabdr\u00fccke, Flecken und Staub<\/li>\n<li>Sicher f\u00fcr LCD-, LED-, OLED-, Plasma- und andere Bildschirme<\/li>\n<li>Umweltfreundlich<\/li>\n<li>Langlebig und kosteng\u00fcnstig<\/li>\n<\/ul>\n<h2>Das Kit enth\u00e4lt:<\/h2>\n<ul>\n<li>Reinigungsfl\u00fcssigkeit 250 ml<\/li>\n<li>Mikrofasertuch 20 x 20 cm<\/li>\n<li>Mikrofasertuch 30 x 30 cm<\/li>\n<li>Tastaturb\u00fcrste<\/li>\n<\/ul>\n<p>&nbsp;<\/p>","protected":false},"excerpt":{"rendered":"<p>Halten Sie Ihre Bildschirme kristallklar Startseite &gt; Produkte &gt; ECO-Produkte &gt;Bildschirmreiniger &gt; Effektive Bildschirmreinigung auf umweltfreundliche Weise Einf\u00fchrung<\/p>","protected":false},"featured_media":20590,"template":"","meta":[],"product_brand":[],"product_cat":[197],"product_tag":[],"class_list":{"0":"post-20431","1":"product","2":"type-product","3":"status-publish","4":"has-post-thumbnail","6":"product_cat-screen","8":"first","9":"instock","10":"shipping-taxable","11":"product-type-simple"},"yoast_head":"<!-- This site is optimized with the Yoast SEO plugin v27.3 - https:\/\/yoast.com\/product\/yoast-seo-wordpress\/ -->\n<title>ECO Screen cleaning kit 4in1 - TwinPol<\/title>\n<meta name=\"robots\" content=\"index, follow, max-snippet:-1, max-image-preview:large, max-video-preview:-1\" \/>\n<link rel=\"canonical\" href=\"https:\/\/twinpol.com\/de\/produkt\/oko-siebdruck-reinigungsset-3in1\/\" \/>\n<meta property=\"og:locale\" content=\"de_DE\" \/>\n<meta property=\"og:type\" content=\"article\" \/>\n<meta property=\"og:title\" content=\"ECO Screen cleaning kit 4in1 - TwinPol\" \/>\n<meta property=\"og:description\" content=\"Keep Your Screens Crystal Clear Home &gt; Products &gt; ECO products &gt;Screen cleaners &gt; Effective Screen Cleaning Made Eco-Friendly Introducing\" \/>\n<meta property=\"og:url\" content=\"https:\/\/twinpol.com\/de\/produkt\/oko-siebdruck-reinigungsset-3in1\/\" \/>\n<meta property=\"og:site_name\" content=\"TwinPol\" \/>\n<meta property=\"article:modified_time\" content=\"2024-05-27T13:46:48+00:00\" \/>\n<meta property=\"og:image\" content=\"https:\/\/twinpol.com\/wp-content\/uploads\/2024\/02\/SECO014_kit_amz_de_wiz_HIGH-800x800.png\" \/>\n\t<meta property=\"og:image:width\" content=\"800\" \/>\n\t<meta property=\"og:image:height\" content=\"800\" \/>\n\t<meta property=\"og:image:type\" content=\"image\/png\" \/>\n<meta name=\"twitter:card\" content=\"summary_large_image\" \/>\n<meta name=\"twitter:label1\" content=\"Gesch\u00e4tzte Lesezeit\" \/>\n\t<meta name=\"twitter:data1\" content=\"1\u00a0Minute\" \/>\n<script type=\"application\/ld+json\" class=\"yoast-schema-graph\">{\"@context\":\"https:\\\/\\\/schema.org\",\"@graph\":[{\"@type\":\"WebPage\",\"@id\":\"https:\\\/\\\/twinpol.com\\\/product\\\/eco-screen-cleaning-kit-3in1\\\/\",\"url\":\"https:\\\/\\\/twinpol.com\\\/product\\\/eco-screen-cleaning-kit-3in1\\\/\",\"name\":\"ECO Screen cleaning kit 4in1 - TwinPol\",\"isPartOf\":{\"@id\":\"https:\\\/\\\/twinpol.com\\\/#website\"},\"primaryImageOfPage\":{\"@id\":\"https:\\\/\\\/twinpol.com\\\/product\\\/eco-screen-cleaning-kit-3in1\\\/#primaryimage\"},\"image\":{\"@id\":\"https:\\\/\\\/twinpol.com\\\/product\\\/eco-screen-cleaning-kit-3in1\\\/#primaryimage\"},\"thumbnailUrl\":\"https:\\\/\\\/twinpol.com\\\/wp-content\\\/uploads\\\/2024\\\/02\\\/SECO014_kit_amz_de_wiz_HIGH.png\",\"datePublished\":\"2024-02-06T08:13:18+00:00\",\"dateModified\":\"2024-05-27T13:46:48+00:00\",\"breadcrumb\":{\"@id\":\"https:\\\/\\\/twinpol.com\\\/product\\\/eco-screen-cleaning-kit-3in1\\\/#breadcrumb\"},\"inLanguage\":\"de\",\"potentialAction\":[{\"@type\":\"ReadAction\",\"target\":[\"https:\\\/\\\/twinpol.com\\\/product\\\/eco-screen-cleaning-kit-3in1\\\/\"]}]},{\"@type\":\"ImageObject\",\"inLanguage\":\"de\",\"@id\":\"https:\\\/\\\/twinpol.com\\\/product\\\/eco-screen-cleaning-kit-3in1\\\/#primaryimage\",\"url\":\"https:\\\/\\\/twinpol.com\\\/wp-content\\\/uploads\\\/2024\\\/02\\\/SECO014_kit_amz_de_wiz_HIGH.png\",\"contentUrl\":\"https:\\\/\\\/twinpol.com\\\/wp-content\\\/uploads\\\/2024\\\/02\\\/SECO014_kit_amz_de_wiz_HIGH.png\",\"width\":1800,\"height\":1800},{\"@type\":\"BreadcrumbList\",\"@id\":\"https:\\\/\\\/twinpol.com\\\/product\\\/eco-screen-cleaning-kit-3in1\\\/#breadcrumb\",\"itemListElement\":[{\"@type\":\"ListItem\",\"position\":1,\"name\":\"Home\",\"item\":\"https:\\\/\\\/twinpol.com\\\/\"},{\"@type\":\"ListItem\",\"position\":2,\"name\":\"Products\",\"item\":\"https:\\\/\\\/twinpol.com\\\/products\\\/\"},{\"@type\":\"ListItem\",\"position\":3,\"name\":\"ECO Screen cleaning kit 4in1\"}]},{\"@type\":\"WebSite\",\"@id\":\"https:\\\/\\\/twinpol.com\\\/#website\",\"url\":\"https:\\\/\\\/twinpol.com\\\/\",\"name\":\"Twinpol\",\"description\":\"Cleaning Supplies\",\"publisher\":{\"@id\":\"https:\\\/\\\/twinpol.com\\\/#organization\"},\"potentialAction\":[{\"@type\":\"SearchAction\",\"target\":{\"@type\":\"EntryPoint\",\"urlTemplate\":\"https:\\\/\\\/twinpol.com\\\/?s={search_term_string}\"},\"query-input\":{\"@type\":\"PropertyValueSpecification\",\"valueRequired\":true,\"valueName\":\"search_term_string\"}}],\"inLanguage\":\"de\"},{\"@type\":\"Organization\",\"@id\":\"https:\\\/\\\/twinpol.com\\\/#organization\",\"name\":\"Twinpol\",\"url\":\"https:\\\/\\\/twinpol.com\\\/\",\"logo\":{\"@type\":\"ImageObject\",\"inLanguage\":\"de\",\"@id\":\"https:\\\/\\\/twinpol.com\\\/#\\\/schema\\\/logo\\\/image\\\/\",\"url\":\"https:\\\/\\\/twinpol.com\\\/wp-content\\\/uploads\\\/2022\\\/10\\\/cropped-favicon.png\",\"contentUrl\":\"https:\\\/\\\/twinpol.com\\\/wp-content\\\/uploads\\\/2022\\\/10\\\/cropped-favicon.png\",\"width\":512,\"height\":512,\"caption\":\"Twinpol\"},\"image\":{\"@id\":\"https:\\\/\\\/twinpol.com\\\/#\\\/schema\\\/logo\\\/image\\\/\"}}]}<\/script>\n<!-- \/ Yoast SEO plugin. -->","yoast_head_json":{"title":"ECO Bildschirmreinigungsset 4in1 - TwinPol","robots":{"index":"index","follow":"follow","max-snippet":"max-snippet:-1","max-image-preview":"max-image-preview:large","max-video-preview":"max-video-preview:-1"},"canonical":"https:\/\/twinpol.com\/de\/produkt\/oko-siebdruck-reinigungsset-3in1\/","og_locale":"de_DE","og_type":"article","og_title":"ECO Screen cleaning kit 4in1 - TwinPol","og_description":"Keep Your Screens Crystal Clear Home &gt; Products &gt; ECO products &gt;Screen cleaners &gt; Effective Screen Cleaning Made Eco-Friendly Introducing","og_url":"https:\/\/twinpol.com\/de\/produkt\/oko-siebdruck-reinigungsset-3in1\/","og_site_name":"TwinPol","article_modified_time":"2024-05-27T13:46:48+00:00","og_image":[{"width":800,"height":800,"url":"https:\/\/twinpol.com\/wp-content\/uploads\/2024\/02\/SECO014_kit_amz_de_wiz_HIGH-800x800.png","type":"image\/png"}],"twitter_card":"summary_large_image","twitter_misc":{"Gesch\u00e4tzte Lesezeit":"1\u00a0Minute"},"schema":{"@context":"https:\/\/schema.org","@graph":[{"@type":"WebPage","@id":"https:\/\/twinpol.com\/product\/eco-screen-cleaning-kit-3in1\/","url":"https:\/\/twinpol.com\/product\/eco-screen-cleaning-kit-3in1\/","name":"ECO Bildschirmreinigungsset 4in1 - TwinPol","isPartOf":{"@id":"https:\/\/twinpol.com\/#website"},"primaryImageOfPage":{"@id":"https:\/\/twinpol.com\/product\/eco-screen-cleaning-kit-3in1\/#primaryimage"},"image":{"@id":"https:\/\/twinpol.com\/product\/eco-screen-cleaning-kit-3in1\/#primaryimage"},"thumbnailUrl":"https:\/\/twinpol.com\/wp-content\/uploads\/2024\/02\/SECO014_kit_amz_de_wiz_HIGH.png","datePublished":"2024-02-06T08:13:18+00:00","dateModified":"2024-05-27T13:46:48+00:00","breadcrumb":{"@id":"https:\/\/twinpol.com\/product\/eco-screen-cleaning-kit-3in1\/#breadcrumb"},"inLanguage":"de","potentialAction":[{"@type":"ReadAction","target":["https:\/\/twinpol.com\/product\/eco-screen-cleaning-kit-3in1\/"]}]},{"@type":"ImageObject","inLanguage":"de","@id":"https:\/\/twinpol.com\/product\/eco-screen-cleaning-kit-3in1\/#primaryimage","url":"https:\/\/twinpol.com\/wp-content\/uploads\/2024\/02\/SECO014_kit_amz_de_wiz_HIGH.png","contentUrl":"https:\/\/twinpol.com\/wp-content\/uploads\/2024\/02\/SECO014_kit_amz_de_wiz_HIGH.png","width":1800,"height":1800},{"@type":"BreadcrumbList","@id":"https:\/\/twinpol.com\/product\/eco-screen-cleaning-kit-3in1\/#breadcrumb","itemListElement":[{"@type":"ListItem","position":1,"name":"Home","item":"https:\/\/twinpol.com\/"},{"@type":"ListItem","position":2,"name":"Products","item":"https:\/\/twinpol.com\/products\/"},{"@type":"ListItem","position":3,"name":"ECO Screen cleaning kit 4in1"}]},{"@type":"WebSite","@id":"https:\/\/twinpol.com\/#website","url":"https:\/\/twinpol.com\/","name":"Twinpol","description":"Reinigungsmittel","publisher":{"@id":"https:\/\/twinpol.com\/#organization"},"potentialAction":[{"@type":"SearchAction","target":{"@type":"EntryPoint","urlTemplate":"https:\/\/twinpol.com\/?s={search_term_string}"},"query-input":{"@type":"PropertyValueSpecification","valueRequired":true,"valueName":"search_term_string"}}],"inLanguage":"de"},{"@type":"Organization","@id":"https:\/\/twinpol.com\/#organization","name":"Twinpol","url":"https:\/\/twinpol.com\/","logo":{"@type":"ImageObject","inLanguage":"de","@id":"https:\/\/twinpol.com\/#\/schema\/logo\/image\/","url":"https:\/\/twinpol.com\/wp-content\/uploads\/2022\/10\/cropped-favicon.png","contentUrl":"https:\/\/twinpol.com\/wp-content\/uploads\/2022\/10\/cropped-favicon.png","width":512,"height":512,"caption":"Twinpol"},"image":{"@id":"https:\/\/twinpol.com\/#\/schema\/logo\/image\/"}}]}},"_links":{"self":[{"href":"https:\/\/twinpol.com\/de\/wp-json\/wp\/v2\/product\/20431","targetHints":{"allow":["GET"]}}],"collection":[{"href":"https:\/\/twinpol.com\/de\/wp-json\/wp\/v2\/product"}],"about":[{"href":"https:\/\/twinpol.com\/de\/wp-json\/wp\/v2\/types\/product"}],"wp:featuredmedia":[{"embeddable":true,"href":"https:\/\/twinpol.com\/de\/wp-json\/wp\/v2\/media\/20590"}],"wp:attachment":[{"href":"https:\/\/twinpol.com\/de\/wp-json\/wp\/v2\/media?parent=20431"}],"wp:term":[{"taxonomy":"product_brand","embeddable":true,"href":"https:\/\/twinpol.com\/de\/wp-json\/wp\/v2\/product_brand?post=20431"},{"taxonomy":"product_cat","embeddable":true,"href":"https:\/\/twinpol.com\/de\/wp-json\/wp\/v2\/product_cat?post=20431"},{"taxonomy":"product_tag","embeddable":true,"href":"https:\/\/twinpol.com\/de\/wp-json\/wp\/v2\/product_tag?post=20431"}],"curies":[{"name":"wp","href":"https:\/\/api.w.org\/{rel}","templated":true}]}}