{"id":20539,"date":"2024-04-23T14:00:52","date_gmt":"2024-04-23T14:00:52","guid":{"rendered":"https:\/\/twinpol.com\/?post_type=product&#038;p=20539"},"modified":"2024-04-23T14:00:53","modified_gmt":"2024-04-23T14:00:53","slug":"dishwasher-powder-1000-g","status":"publish","type":"product","link":"https:\/\/twinpol.com\/de\/produkt\/dishwasher-powder-1000-g\/","title":{"rendered":"Geschirrsp\u00fclmittel Pulver, 1000 g"},"content":{"rendered":"<h1>Effizienz im besten Sinne<\/h1>\n<p>Sp\u00fclmaschinenpulver ist ein leistungsstarkes Reinigungsmittel, das gegen hartn\u00e4ckige Speisereste und Flecken auf Ihrem Geschirr wirkt und bei jedem Sp\u00fclgang eine gr\u00fcndliche Reinigung gew\u00e4hrleistet. Dieses konzentrierte Pulver baut Fett, St\u00e4rke und Proteine effizient ab und hinterl\u00e4sst strahlend sauberes Geschirr ohne Flecken oder Streifen. Seine fortschrittliche Formel hilft auch dabei, Kalk- und Mineralablagerungen zu verhindern, die die Effizienz und Lebensdauer Ihres Geschirrsp\u00fclers beeintr\u00e4chtigen k\u00f6nnen.<\/p>\n<h1>Sch\u00fctzen Sie Ihren Geschirrsp\u00fcler<\/h1>\n<p>Das Geschirrsp\u00fclmittel ist ideal f\u00fcr den Einsatz in privaten und gewerblichen Einrichtungen und ist mit allen Arten von Geschirrsp\u00fclern kompatibel. Es ist umweltfreundlich und enth\u00e4lt keine Phosphate oder scharfen Chemikalien, die die Gew\u00e4sser verschmutzen k\u00f6nnen. Dar\u00fcber hinaus ist das Pulver so konzipiert, dass es sich leicht dosieren l\u00e4sst, so dass Sie die Menge je nach Wasserh\u00e4rte und Beladungsmenge anpassen k\u00f6nnen, was dazu beitr\u00e4gt, den Abfall zu minimieren und die Reinigungswirkung zu optimieren.<\/p>\n<p>&nbsp;<\/p>\n<h3>Vorteile<\/h3>\n<ul>\n<li style=\"font-weight: 400;\" aria-level=\"1\"><b>Wirksam<\/b><span style=\"font-weight: 400;\"> in hartem Wasser<\/span><\/li>\n<li style=\"font-weight: 400;\" aria-level=\"1\"><b>Leistungsstarke <\/b><span style=\"font-weight: 400;\">Reinigung<\/span><\/li>\n<li style=\"font-weight: 400;\" aria-level=\"1\"><span style=\"font-weight: 400;\">Einstellbar<\/span><b> Dosierung<\/b><\/li>\n<li style=\"font-weight: 400;\" aria-level=\"1\"><b>Verhindert <\/b><span>Wasserflecken und Schlierenbildung<\/span><\/li>\n<\/ul>\n<p>&nbsp;<\/p>\n<p>&nbsp;<\/p>\n<p>&nbsp;<\/p>","protected":false},"excerpt":{"rendered":"<p>Effizienz auf h\u00f6chstem Niveau Geschirrsp\u00fclmittel ist ein leistungsstarkes Reinigungsmittel, das f\u00fcr die Beseitigung von hartn\u00e4ckigen Lebensmittelr\u00fcckst\u00e4nden und Flecken auf<\/p>","protected":false},"featured_media":20540,"template":"","meta":[],"product_brand":[],"product_cat":[324],"product_tag":[],"class_list":{"0":"post-20539","1":"product","2":"type-product","3":"status-publish","4":"has-post-thumbnail","6":"product_cat-dishwasher","8":"first","9":"instock","10":"shipping-taxable","11":"product-type-simple"},"yoast_head":"<!-- This site is optimized with the Yoast SEO plugin v27.4 - https:\/\/yoast.com\/product\/yoast-seo-wordpress\/ -->\n<title>Dishwasher Powder, 1000 g - TwinPol<\/title>\n<meta name=\"robots\" content=\"index, follow, max-snippet:-1, max-image-preview:large, max-video-preview:-1\" \/>\n<link rel=\"canonical\" href=\"https:\/\/twinpol.com\/de\/produkt\/dishwasher-powder-1000-g\/\" \/>\n<meta property=\"og:locale\" content=\"de_DE\" \/>\n<meta property=\"og:type\" content=\"article\" \/>\n<meta property=\"og:title\" content=\"Dishwasher Powder, 1000 g - TwinPol\" \/>\n<meta property=\"og:description\" content=\"Efficiency as it best Dishwasher Powder is a powerful cleaning agent formulated to tackle tough food residues and stains on\" \/>\n<meta property=\"og:url\" content=\"https:\/\/twinpol.com\/de\/produkt\/dishwasher-powder-1000-g\/\" \/>\n<meta property=\"og:site_name\" content=\"TwinPol\" \/>\n<meta property=\"article:modified_time\" content=\"2024-04-23T14:00:53+00:00\" \/>\n<meta property=\"og:image\" content=\"https:\/\/twinpol.com\/wp-content\/uploads\/2024\/04\/FR00122_1000_amz_de_HIGH-3.png\" \/>\n\t<meta property=\"og:image:width\" content=\"1800\" \/>\n\t<meta property=\"og:image:height\" content=\"1800\" \/>\n\t<meta property=\"og:image:type\" content=\"image\/png\" \/>\n<meta name=\"twitter:card\" content=\"summary_large_image\" \/>\n<meta name=\"twitter:label1\" content=\"Gesch\u00e4tzte Lesezeit\" \/>\n\t<meta name=\"twitter:data1\" content=\"1\u00a0Minute\" \/>\n<script type=\"application\/ld+json\" class=\"yoast-schema-graph\">{\"@context\":\"https:\\\/\\\/schema.org\",\"@graph\":[{\"@type\":\"WebPage\",\"@id\":\"https:\\\/\\\/twinpol.com\\\/product\\\/dishwasher-powder-1000-g\\\/\",\"url\":\"https:\\\/\\\/twinpol.com\\\/product\\\/dishwasher-powder-1000-g\\\/\",\"name\":\"Dishwasher Powder, 1000 g - TwinPol\",\"isPartOf\":{\"@id\":\"https:\\\/\\\/twinpol.com\\\/#website\"},\"primaryImageOfPage\":{\"@id\":\"https:\\\/\\\/twinpol.com\\\/product\\\/dishwasher-powder-1000-g\\\/#primaryimage\"},\"image\":{\"@id\":\"https:\\\/\\\/twinpol.com\\\/product\\\/dishwasher-powder-1000-g\\\/#primaryimage\"},\"thumbnailUrl\":\"https:\\\/\\\/twinpol.com\\\/wp-content\\\/uploads\\\/2024\\\/04\\\/FR00122_1000_amz_de_HIGH-3.png\",\"datePublished\":\"2024-04-23T14:00:52+00:00\",\"dateModified\":\"2024-04-23T14:00:53+00:00\",\"breadcrumb\":{\"@id\":\"https:\\\/\\\/twinpol.com\\\/product\\\/dishwasher-powder-1000-g\\\/#breadcrumb\"},\"inLanguage\":\"de\",\"potentialAction\":[{\"@type\":\"ReadAction\",\"target\":[\"https:\\\/\\\/twinpol.com\\\/product\\\/dishwasher-powder-1000-g\\\/\"]}]},{\"@type\":\"ImageObject\",\"inLanguage\":\"de\",\"@id\":\"https:\\\/\\\/twinpol.com\\\/product\\\/dishwasher-powder-1000-g\\\/#primaryimage\",\"url\":\"https:\\\/\\\/twinpol.com\\\/wp-content\\\/uploads\\\/2024\\\/04\\\/FR00122_1000_amz_de_HIGH-3.png\",\"contentUrl\":\"https:\\\/\\\/twinpol.com\\\/wp-content\\\/uploads\\\/2024\\\/04\\\/FR00122_1000_amz_de_HIGH-3.png\",\"width\":1800,\"height\":1800},{\"@type\":\"BreadcrumbList\",\"@id\":\"https:\\\/\\\/twinpol.com\\\/product\\\/dishwasher-powder-1000-g\\\/#breadcrumb\",\"itemListElement\":[{\"@type\":\"ListItem\",\"position\":1,\"name\":\"Home\",\"item\":\"https:\\\/\\\/twinpol.com\\\/\"},{\"@type\":\"ListItem\",\"position\":2,\"name\":\"Products\",\"item\":\"https:\\\/\\\/twinpol.com\\\/products\\\/\"},{\"@type\":\"ListItem\",\"position\":3,\"name\":\"Dishwasher Powder, 1000 g\"}]},{\"@type\":\"WebSite\",\"@id\":\"https:\\\/\\\/twinpol.com\\\/#website\",\"url\":\"https:\\\/\\\/twinpol.com\\\/\",\"name\":\"Twinpol\",\"description\":\"Cleaning Supplies\",\"publisher\":{\"@id\":\"https:\\\/\\\/twinpol.com\\\/#organization\"},\"potentialAction\":[{\"@type\":\"SearchAction\",\"target\":{\"@type\":\"EntryPoint\",\"urlTemplate\":\"https:\\\/\\\/twinpol.com\\\/?s={search_term_string}\"},\"query-input\":{\"@type\":\"PropertyValueSpecification\",\"valueRequired\":true,\"valueName\":\"search_term_string\"}}],\"inLanguage\":\"de\"},{\"@type\":\"Organization\",\"@id\":\"https:\\\/\\\/twinpol.com\\\/#organization\",\"name\":\"Twinpol\",\"url\":\"https:\\\/\\\/twinpol.com\\\/\",\"logo\":{\"@type\":\"ImageObject\",\"inLanguage\":\"de\",\"@id\":\"https:\\\/\\\/twinpol.com\\\/#\\\/schema\\\/logo\\\/image\\\/\",\"url\":\"https:\\\/\\\/twinpol.com\\\/wp-content\\\/uploads\\\/2022\\\/10\\\/cropped-favicon.png\",\"contentUrl\":\"https:\\\/\\\/twinpol.com\\\/wp-content\\\/uploads\\\/2022\\\/10\\\/cropped-favicon.png\",\"width\":512,\"height\":512,\"caption\":\"Twinpol\"},\"image\":{\"@id\":\"https:\\\/\\\/twinpol.com\\\/#\\\/schema\\\/logo\\\/image\\\/\"}}]}<\/script>\n<!-- \/ Yoast SEO plugin. -->","yoast_head_json":{"title":"Geschirrsp\u00fclmittel Pulver, 1000 g - TwinPol","robots":{"index":"index","follow":"follow","max-snippet":"max-snippet:-1","max-image-preview":"max-image-preview:large","max-video-preview":"max-video-preview:-1"},"canonical":"https:\/\/twinpol.com\/de\/produkt\/dishwasher-powder-1000-g\/","og_locale":"de_DE","og_type":"article","og_title":"Dishwasher Powder, 1000 g - TwinPol","og_description":"Efficiency as it best Dishwasher Powder is a powerful cleaning agent formulated to tackle tough food residues and stains on","og_url":"https:\/\/twinpol.com\/de\/produkt\/dishwasher-powder-1000-g\/","og_site_name":"TwinPol","article_modified_time":"2024-04-23T14:00:53+00:00","og_image":[{"width":1800,"height":1800,"url":"https:\/\/twinpol.com\/wp-content\/uploads\/2024\/04\/FR00122_1000_amz_de_HIGH-3.png","type":"image\/png"}],"twitter_card":"summary_large_image","twitter_misc":{"Gesch\u00e4tzte Lesezeit":"1\u00a0Minute"},"schema":{"@context":"https:\/\/schema.org","@graph":[{"@type":"WebPage","@id":"https:\/\/twinpol.com\/product\/dishwasher-powder-1000-g\/","url":"https:\/\/twinpol.com\/product\/dishwasher-powder-1000-g\/","name":"Geschirrsp\u00fclmittel Pulver, 1000 g - TwinPol","isPartOf":{"@id":"https:\/\/twinpol.com\/#website"},"primaryImageOfPage":{"@id":"https:\/\/twinpol.com\/product\/dishwasher-powder-1000-g\/#primaryimage"},"image":{"@id":"https:\/\/twinpol.com\/product\/dishwasher-powder-1000-g\/#primaryimage"},"thumbnailUrl":"https:\/\/twinpol.com\/wp-content\/uploads\/2024\/04\/FR00122_1000_amz_de_HIGH-3.png","datePublished":"2024-04-23T14:00:52+00:00","dateModified":"2024-04-23T14:00:53+00:00","breadcrumb":{"@id":"https:\/\/twinpol.com\/product\/dishwasher-powder-1000-g\/#breadcrumb"},"inLanguage":"de","potentialAction":[{"@type":"ReadAction","target":["https:\/\/twinpol.com\/product\/dishwasher-powder-1000-g\/"]}]},{"@type":"ImageObject","inLanguage":"de","@id":"https:\/\/twinpol.com\/product\/dishwasher-powder-1000-g\/#primaryimage","url":"https:\/\/twinpol.com\/wp-content\/uploads\/2024\/04\/FR00122_1000_amz_de_HIGH-3.png","contentUrl":"https:\/\/twinpol.com\/wp-content\/uploads\/2024\/04\/FR00122_1000_amz_de_HIGH-3.png","width":1800,"height":1800},{"@type":"BreadcrumbList","@id":"https:\/\/twinpol.com\/product\/dishwasher-powder-1000-g\/#breadcrumb","itemListElement":[{"@type":"ListItem","position":1,"name":"Home","item":"https:\/\/twinpol.com\/"},{"@type":"ListItem","position":2,"name":"Products","item":"https:\/\/twinpol.com\/products\/"},{"@type":"ListItem","position":3,"name":"Dishwasher Powder, 1000 g"}]},{"@type":"WebSite","@id":"https:\/\/twinpol.com\/#website","url":"https:\/\/twinpol.com\/","name":"Twinpol","description":"Reinigungsmittel","publisher":{"@id":"https:\/\/twinpol.com\/#organization"},"potentialAction":[{"@type":"SearchAction","target":{"@type":"EntryPoint","urlTemplate":"https:\/\/twinpol.com\/?s={search_term_string}"},"query-input":{"@type":"PropertyValueSpecification","valueRequired":true,"valueName":"search_term_string"}}],"inLanguage":"de"},{"@type":"Organization","@id":"https:\/\/twinpol.com\/#organization","name":"Twinpol","url":"https:\/\/twinpol.com\/","logo":{"@type":"ImageObject","inLanguage":"de","@id":"https:\/\/twinpol.com\/#\/schema\/logo\/image\/","url":"https:\/\/twinpol.com\/wp-content\/uploads\/2022\/10\/cropped-favicon.png","contentUrl":"https:\/\/twinpol.com\/wp-content\/uploads\/2022\/10\/cropped-favicon.png","width":512,"height":512,"caption":"Twinpol"},"image":{"@id":"https:\/\/twinpol.com\/#\/schema\/logo\/image\/"}}]}},"_links":{"self":[{"href":"https:\/\/twinpol.com\/de\/wp-json\/wp\/v2\/product\/20539","targetHints":{"allow":["GET"]}}],"collection":[{"href":"https:\/\/twinpol.com\/de\/wp-json\/wp\/v2\/product"}],"about":[{"href":"https:\/\/twinpol.com\/de\/wp-json\/wp\/v2\/types\/product"}],"wp:featuredmedia":[{"embeddable":true,"href":"https:\/\/twinpol.com\/de\/wp-json\/wp\/v2\/media\/20540"}],"wp:attachment":[{"href":"https:\/\/twinpol.com\/de\/wp-json\/wp\/v2\/media?parent=20539"}],"wp:term":[{"taxonomy":"product_brand","embeddable":true,"href":"https:\/\/twinpol.com\/de\/wp-json\/wp\/v2\/product_brand?post=20539"},{"taxonomy":"product_cat","embeddable":true,"href":"https:\/\/twinpol.com\/de\/wp-json\/wp\/v2\/product_cat?post=20539"},{"taxonomy":"product_tag","embeddable":true,"href":"https:\/\/twinpol.com\/de\/wp-json\/wp\/v2\/product_tag?post=20539"}],"curies":[{"name":"wp","href":"https:\/\/api.w.org\/{rel}","templated":true}]}}