{"id":20638,"date":"2024-08-07T05:51:43","date_gmt":"2024-08-07T05:51:43","guid":{"rendered":"https:\/\/twinpol.com\/?post_type=product&#038;p=20638"},"modified":"2024-08-07T05:51:43","modified_gmt":"2024-08-07T05:51:43","slug":"dishwasher-rinse-aid-500-ml-2","status":"publish","type":"product","link":"https:\/\/twinpol.com\/de\/produkt\/dishwasher-rinse-aid-500-ml-2\/","title":{"rendered":"Klarsp\u00fcler f\u00fcr Geschirrsp\u00fcler, 500 ml"},"content":{"rendered":"<p>&nbsp;<\/p>\n<h1>Klarsp\u00fcler f\u00fcr Geschirrsp\u00fcler<\/h1>\n<div class=\"breadcrumbs\"><a href=\"\/de\/\">Startseite<\/a> &gt; <a href=\"\/de\/products\/\">Produkte<\/a> &gt; <a href=\"\/de\/product-category\/dishwasher\/\"> Pflege in der Sp\u00fclmaschine<\/a> &gt;<\/div>\n<h2>Jedes Mal blitzsauberes Geschirr<\/h2>\n<p>Stellen Sie sicher, dass Ihr Geschirr mit unserem Geschirrsp\u00fclmittel blitzsauber aus der Sp\u00fclmaschine kommt. Unsere einzigartige Formel sorgt daf\u00fcr, dass Ihr Geschirr streifenfrei bleibt und wie neu aussieht. Verabschieden Sie sich von tr\u00fcben Gl\u00e4sern und stumpfem Besteck und freuen Sie sich \u00fcber blitzsauberes Geschirr - jedes Mal.<\/p>\n<h2>Einfach zu benutzen<\/h2>\n<p>Unser Klarsp\u00fcler f\u00fcr Geschirrsp\u00fcler ist unglaublich einfach zu verwenden. Geben Sie ihn einfach in den Klarsp\u00fclerspender Ihres Geschirrsp\u00fclers und lassen Sie ihn seine Arbeit tun. Unser Klarsp\u00fcler ist f\u00fcr alle Arten von Geschirrsp\u00fclern geeignet, sodass Sie sich keine Gedanken \u00fcber die Kompatibilit\u00e4t machen m\u00fcssen.<\/p>\n<h2>Vorteile<\/h2>\n<ul>\n<li>Hinterl\u00e4sst streifenfreies Geschirr<\/li>\n<li>Hilft, tr\u00fcbe Gl\u00e4ser und stumpfes Besteck zu vermeiden<\/li>\n<li>Einfach zu bedienen<\/li>\n<li>Geeignet f\u00fcr alle Arten von Geschirrsp\u00fclern<\/li>\n<\/ul>\n<p>&nbsp;<\/p>","protected":false},"excerpt":{"rendered":"<p>&nbsp; Klarsp\u00fcler f\u00fcr die Sp\u00fclmaschine Home &gt; Produkte &gt; Pflege f\u00fcr die Sp\u00fclmaschine &gt; Jedes Mal strahlend sauberes Geschirr<\/p>","protected":false},"featured_media":20639,"template":"","meta":[],"product_brand":[],"product_cat":[324],"product_tag":[],"class_list":{"0":"post-20638","1":"product","2":"type-product","3":"status-publish","4":"has-post-thumbnail","6":"product_cat-dishwasher","8":"first","9":"instock","10":"shipping-taxable","11":"purchasable","12":"product-type-simple"},"yoast_head":"<!-- This site is optimized with the Yoast SEO plugin v27.4 - https:\/\/yoast.com\/product\/yoast-seo-wordpress\/ -->\n<title>Dishwasher rinse aid, 500 ml - TwinPol<\/title>\n<meta name=\"robots\" content=\"index, follow, max-snippet:-1, max-image-preview:large, max-video-preview:-1\" \/>\n<link rel=\"canonical\" href=\"https:\/\/twinpol.com\/de\/produkt\/dishwasher-rinse-aid-500-ml-2\/\" \/>\n<meta property=\"og:locale\" content=\"de_DE\" \/>\n<meta property=\"og:type\" content=\"article\" \/>\n<meta property=\"og:title\" content=\"Dishwasher rinse aid, 500 ml - TwinPol\" \/>\n<meta property=\"og:description\" content=\"&nbsp; Dishwasher Rinse Aid Home &gt; Products &gt; Dishwasher care &gt; Sparkling Clean Dishes Every Time Make sure your dishes\" \/>\n<meta property=\"og:url\" content=\"https:\/\/twinpol.com\/de\/produkt\/dishwasher-rinse-aid-500-ml-2\/\" \/>\n<meta property=\"og:site_name\" content=\"TwinPol\" \/>\n<meta property=\"og:image\" content=\"https:\/\/twinpol.com\/wp-content\/uploads\/2024\/08\/FR00019_500_amz_de_HIGH-1.png\" \/>\n\t<meta property=\"og:image:width\" content=\"1800\" \/>\n\t<meta property=\"og:image:height\" content=\"1800\" \/>\n\t<meta property=\"og:image:type\" content=\"image\/png\" \/>\n<meta name=\"twitter:card\" content=\"summary_large_image\" \/>\n<meta name=\"twitter:label1\" content=\"Gesch\u00e4tzte Lesezeit\" \/>\n\t<meta name=\"twitter:data1\" content=\"1\u00a0Minute\" \/>\n<script type=\"application\/ld+json\" class=\"yoast-schema-graph\">{\"@context\":\"https:\\\/\\\/schema.org\",\"@graph\":[{\"@type\":\"WebPage\",\"@id\":\"https:\\\/\\\/twinpol.com\\\/product\\\/dishwasher-rinse-aid-500-ml-2\\\/\",\"url\":\"https:\\\/\\\/twinpol.com\\\/product\\\/dishwasher-rinse-aid-500-ml-2\\\/\",\"name\":\"Dishwasher rinse aid, 500 ml - TwinPol\",\"isPartOf\":{\"@id\":\"https:\\\/\\\/twinpol.com\\\/#website\"},\"primaryImageOfPage\":{\"@id\":\"https:\\\/\\\/twinpol.com\\\/product\\\/dishwasher-rinse-aid-500-ml-2\\\/#primaryimage\"},\"image\":{\"@id\":\"https:\\\/\\\/twinpol.com\\\/product\\\/dishwasher-rinse-aid-500-ml-2\\\/#primaryimage\"},\"thumbnailUrl\":\"https:\\\/\\\/twinpol.com\\\/wp-content\\\/uploads\\\/2024\\\/08\\\/FR00019_500_amz_de_HIGH-1.png\",\"datePublished\":\"2024-08-07T05:51:43+00:00\",\"breadcrumb\":{\"@id\":\"https:\\\/\\\/twinpol.com\\\/product\\\/dishwasher-rinse-aid-500-ml-2\\\/#breadcrumb\"},\"inLanguage\":\"de\",\"potentialAction\":[{\"@type\":\"ReadAction\",\"target\":[\"https:\\\/\\\/twinpol.com\\\/product\\\/dishwasher-rinse-aid-500-ml-2\\\/\"]}]},{\"@type\":\"ImageObject\",\"inLanguage\":\"de\",\"@id\":\"https:\\\/\\\/twinpol.com\\\/product\\\/dishwasher-rinse-aid-500-ml-2\\\/#primaryimage\",\"url\":\"https:\\\/\\\/twinpol.com\\\/wp-content\\\/uploads\\\/2024\\\/08\\\/FR00019_500_amz_de_HIGH-1.png\",\"contentUrl\":\"https:\\\/\\\/twinpol.com\\\/wp-content\\\/uploads\\\/2024\\\/08\\\/FR00019_500_amz_de_HIGH-1.png\",\"width\":1800,\"height\":1800},{\"@type\":\"BreadcrumbList\",\"@id\":\"https:\\\/\\\/twinpol.com\\\/product\\\/dishwasher-rinse-aid-500-ml-2\\\/#breadcrumb\",\"itemListElement\":[{\"@type\":\"ListItem\",\"position\":1,\"name\":\"Home\",\"item\":\"https:\\\/\\\/twinpol.com\\\/\"},{\"@type\":\"ListItem\",\"position\":2,\"name\":\"Products\",\"item\":\"https:\\\/\\\/twinpol.com\\\/products\\\/\"},{\"@type\":\"ListItem\",\"position\":3,\"name\":\"Dishwasher rinse aid, 500 ml\"}]},{\"@type\":\"WebSite\",\"@id\":\"https:\\\/\\\/twinpol.com\\\/#website\",\"url\":\"https:\\\/\\\/twinpol.com\\\/\",\"name\":\"Twinpol\",\"description\":\"Cleaning Supplies\",\"publisher\":{\"@id\":\"https:\\\/\\\/twinpol.com\\\/#organization\"},\"potentialAction\":[{\"@type\":\"SearchAction\",\"target\":{\"@type\":\"EntryPoint\",\"urlTemplate\":\"https:\\\/\\\/twinpol.com\\\/?s={search_term_string}\"},\"query-input\":{\"@type\":\"PropertyValueSpecification\",\"valueRequired\":true,\"valueName\":\"search_term_string\"}}],\"inLanguage\":\"de\"},{\"@type\":\"Organization\",\"@id\":\"https:\\\/\\\/twinpol.com\\\/#organization\",\"name\":\"Twinpol\",\"url\":\"https:\\\/\\\/twinpol.com\\\/\",\"logo\":{\"@type\":\"ImageObject\",\"inLanguage\":\"de\",\"@id\":\"https:\\\/\\\/twinpol.com\\\/#\\\/schema\\\/logo\\\/image\\\/\",\"url\":\"https:\\\/\\\/twinpol.com\\\/wp-content\\\/uploads\\\/2022\\\/10\\\/cropped-favicon.png\",\"contentUrl\":\"https:\\\/\\\/twinpol.com\\\/wp-content\\\/uploads\\\/2022\\\/10\\\/cropped-favicon.png\",\"width\":512,\"height\":512,\"caption\":\"Twinpol\"},\"image\":{\"@id\":\"https:\\\/\\\/twinpol.com\\\/#\\\/schema\\\/logo\\\/image\\\/\"}}]}<\/script>\n<!-- \/ Yoast SEO plugin. -->","yoast_head_json":{"title":"Klarsp\u00fcler f\u00fcr Geschirrsp\u00fcler, 500 ml - TwinPol","robots":{"index":"index","follow":"follow","max-snippet":"max-snippet:-1","max-image-preview":"max-image-preview:large","max-video-preview":"max-video-preview:-1"},"canonical":"https:\/\/twinpol.com\/de\/produkt\/dishwasher-rinse-aid-500-ml-2\/","og_locale":"de_DE","og_type":"article","og_title":"Dishwasher rinse aid, 500 ml - TwinPol","og_description":"&nbsp; Dishwasher Rinse Aid Home &gt; Products &gt; Dishwasher care &gt; Sparkling Clean Dishes Every Time Make sure your dishes","og_url":"https:\/\/twinpol.com\/de\/produkt\/dishwasher-rinse-aid-500-ml-2\/","og_site_name":"TwinPol","og_image":[{"width":1800,"height":1800,"url":"https:\/\/twinpol.com\/wp-content\/uploads\/2024\/08\/FR00019_500_amz_de_HIGH-1.png","type":"image\/png"}],"twitter_card":"summary_large_image","twitter_misc":{"Gesch\u00e4tzte Lesezeit":"1\u00a0Minute"},"schema":{"@context":"https:\/\/schema.org","@graph":[{"@type":"WebPage","@id":"https:\/\/twinpol.com\/product\/dishwasher-rinse-aid-500-ml-2\/","url":"https:\/\/twinpol.com\/product\/dishwasher-rinse-aid-500-ml-2\/","name":"Klarsp\u00fcler f\u00fcr Geschirrsp\u00fcler, 500 ml - TwinPol","isPartOf":{"@id":"https:\/\/twinpol.com\/#website"},"primaryImageOfPage":{"@id":"https:\/\/twinpol.com\/product\/dishwasher-rinse-aid-500-ml-2\/#primaryimage"},"image":{"@id":"https:\/\/twinpol.com\/product\/dishwasher-rinse-aid-500-ml-2\/#primaryimage"},"thumbnailUrl":"https:\/\/twinpol.com\/wp-content\/uploads\/2024\/08\/FR00019_500_amz_de_HIGH-1.png","datePublished":"2024-08-07T05:51:43+00:00","breadcrumb":{"@id":"https:\/\/twinpol.com\/product\/dishwasher-rinse-aid-500-ml-2\/#breadcrumb"},"inLanguage":"de","potentialAction":[{"@type":"ReadAction","target":["https:\/\/twinpol.com\/product\/dishwasher-rinse-aid-500-ml-2\/"]}]},{"@type":"ImageObject","inLanguage":"de","@id":"https:\/\/twinpol.com\/product\/dishwasher-rinse-aid-500-ml-2\/#primaryimage","url":"https:\/\/twinpol.com\/wp-content\/uploads\/2024\/08\/FR00019_500_amz_de_HIGH-1.png","contentUrl":"https:\/\/twinpol.com\/wp-content\/uploads\/2024\/08\/FR00019_500_amz_de_HIGH-1.png","width":1800,"height":1800},{"@type":"BreadcrumbList","@id":"https:\/\/twinpol.com\/product\/dishwasher-rinse-aid-500-ml-2\/#breadcrumb","itemListElement":[{"@type":"ListItem","position":1,"name":"Home","item":"https:\/\/twinpol.com\/"},{"@type":"ListItem","position":2,"name":"Products","item":"https:\/\/twinpol.com\/products\/"},{"@type":"ListItem","position":3,"name":"Dishwasher rinse aid, 500 ml"}]},{"@type":"WebSite","@id":"https:\/\/twinpol.com\/#website","url":"https:\/\/twinpol.com\/","name":"Twinpol","description":"Reinigungsmittel","publisher":{"@id":"https:\/\/twinpol.com\/#organization"},"potentialAction":[{"@type":"SearchAction","target":{"@type":"EntryPoint","urlTemplate":"https:\/\/twinpol.com\/?s={search_term_string}"},"query-input":{"@type":"PropertyValueSpecification","valueRequired":true,"valueName":"search_term_string"}}],"inLanguage":"de"},{"@type":"Organization","@id":"https:\/\/twinpol.com\/#organization","name":"Twinpol","url":"https:\/\/twinpol.com\/","logo":{"@type":"ImageObject","inLanguage":"de","@id":"https:\/\/twinpol.com\/#\/schema\/logo\/image\/","url":"https:\/\/twinpol.com\/wp-content\/uploads\/2022\/10\/cropped-favicon.png","contentUrl":"https:\/\/twinpol.com\/wp-content\/uploads\/2022\/10\/cropped-favicon.png","width":512,"height":512,"caption":"Twinpol"},"image":{"@id":"https:\/\/twinpol.com\/#\/schema\/logo\/image\/"}}]}},"_links":{"self":[{"href":"https:\/\/twinpol.com\/de\/wp-json\/wp\/v2\/product\/20638","targetHints":{"allow":["GET"]}}],"collection":[{"href":"https:\/\/twinpol.com\/de\/wp-json\/wp\/v2\/product"}],"about":[{"href":"https:\/\/twinpol.com\/de\/wp-json\/wp\/v2\/types\/product"}],"wp:featuredmedia":[{"embeddable":true,"href":"https:\/\/twinpol.com\/de\/wp-json\/wp\/v2\/media\/20639"}],"wp:attachment":[{"href":"https:\/\/twinpol.com\/de\/wp-json\/wp\/v2\/media?parent=20638"}],"wp:term":[{"taxonomy":"product_brand","embeddable":true,"href":"https:\/\/twinpol.com\/de\/wp-json\/wp\/v2\/product_brand?post=20638"},{"taxonomy":"product_cat","embeddable":true,"href":"https:\/\/twinpol.com\/de\/wp-json\/wp\/v2\/product_cat?post=20638"},{"taxonomy":"product_tag","embeddable":true,"href":"https:\/\/twinpol.com\/de\/wp-json\/wp\/v2\/product_tag?post=20638"}],"curies":[{"name":"wp","href":"https:\/\/api.w.org\/{rel}","templated":true}]}}