{"id":20737,"date":"2024-09-30T13:02:21","date_gmt":"2024-09-30T13:02:21","guid":{"rendered":"https:\/\/twinpol.com\/?post_type=product&#038;p=20737"},"modified":"2024-09-30T13:14:33","modified_gmt":"2024-09-30T13:14:33","slug":"car-interior-cleaning-kit","status":"publish","type":"product","link":"https:\/\/twinpol.com\/de\/produkt\/auto-innenraum-reinigungsset\/","title":{"rendered":"Auto-Innenreinigungsset"},"content":{"rendered":"<div class=\"breadcrumbs\">\n<h1>Auto-Innenreinigungsset<\/h1>\n<\/div>\n<p>Das Frischer Car Interior Cleaning Kit ist die ultimative L\u00f6sung, um den Innenraum Ihres Fahrzeugs makellos und frisch zu halten. Dieses umfassende Set enth\u00e4lt eine Vielzahl von hochwertigen Werkzeugen und Produkten, die f\u00fcr jede Oberfl\u00e4che im Innenraum Ihres Fahrzeugs geeignet sind, vom Armaturenbrett bis zu den Polstern. Mit speziellen Reinigungsl\u00f6sungen f\u00fcr Leder, Stoff und Kunststoff sowie B\u00fcrsten, Mikrofasert\u00fcchern und Reinigungswerkzeugen k\u00f6nnen Sie Staub, Schmutz und Flecken selbst an den schwer zug\u00e4nglichen Stellen m\u00fchelos entfernen. Ganz gleich, ob Sie die Sitze, Teppiche oder L\u00fcftungs\u00f6ffnungen reinigen m\u00fcssen, dieses Set sorgt daf\u00fcr, dass jeder Teil Ihres Innenraums wie neu aussieht und riecht.<\/p>\n<p>&nbsp;<\/p>\n<p>Das Frischer Auto-Innenreinigungsset ist einfach zu handhaben und f\u00fcr alle Fahrzeugtypen geeignet. Es eignet sich sowohl f\u00fcr Gelegenheitsautobesitzer als auch f\u00fcr Autoliebhaber. Die Reinigungsprodukte sind sanft, aber effektiv, so dass sie empfindliche Oberfl\u00e4chen nicht besch\u00e4digen, w\u00e4hrend die ergonomischen Werkzeuge eine pr\u00e4zise Reinigung ohne Anstrengung erm\u00f6glichen. Mit diesem vielseitigen Set, das sich ideal f\u00fcr die regelm\u00e4\u00dfige Pflege oder eine gr\u00fcndliche Reinigung eignet, sieht der Innenraum Ihres Fahrzeugs immer professionell und gut gepflegt aus.<\/p>\n<p>&nbsp;<\/p>\n<p><strong>Das Set enth\u00e4lt:<\/strong><\/p>\n<ul>\n<li style=\"list-style-type: none;\">\n<ul>\n<li>Auto-Innenreiniger, 500 ml<\/li>\n<li>Mikrofasertuch 30 x 30 cm<\/li>\n<li>Holzb\u00fcrste<\/li>\n<\/ul>\n<\/li>\n<\/ul>\n<p>&nbsp;<\/p>","protected":false},"excerpt":{"rendered":"<p>Das Frischer Car Interior Cleaning Kit ist die ultimative L\u00f6sung, um den Innenraum Ihres Fahrzeugs makellos und frisch zu halten.<\/p>","protected":false},"featured_media":20738,"template":"","meta":[],"product_brand":[],"product_cat":[421],"product_tag":[],"class_list":{"0":"post-20737","1":"product","2":"type-product","3":"status-publish","4":"has-post-thumbnail","6":"product_cat-car-cleaner","8":"first","9":"instock","10":"shipping-taxable","11":"product-type-simple"},"yoast_head":"<!-- This site is optimized with the Yoast SEO plugin v27.4 - https:\/\/yoast.com\/product\/yoast-seo-wordpress\/ -->\n<title>Car Interior Cleaning Kit - TwinPol<\/title>\n<meta name=\"robots\" content=\"index, follow, max-snippet:-1, max-image-preview:large, max-video-preview:-1\" \/>\n<link rel=\"canonical\" href=\"https:\/\/twinpol.com\/de\/produkt\/auto-innenraum-reinigungsset\/\" \/>\n<meta property=\"og:locale\" content=\"de_DE\" \/>\n<meta property=\"og:type\" content=\"article\" \/>\n<meta property=\"og:title\" content=\"Car Interior Cleaning Kit - TwinPol\" \/>\n<meta property=\"og:description\" content=\"Frischer Car Interior Cleaning Kit is the ultimate solution for keeping your vehicle&#039;s interior spotless and fresh.\" \/>\n<meta property=\"og:url\" content=\"https:\/\/twinpol.com\/de\/produkt\/auto-innenraum-reinigungsset\/\" \/>\n<meta property=\"og:site_name\" content=\"TwinPol\" \/>\n<meta property=\"article:modified_time\" content=\"2024-09-30T13:14:33+00:00\" \/>\n<meta property=\"og:image\" content=\"https:\/\/twinpol.com\/wp-content\/uploads\/2024\/09\/FR00138_KIT_AMZ_wiz_HIGH-3-800x800.png\" \/>\n\t<meta property=\"og:image:width\" content=\"800\" \/>\n\t<meta property=\"og:image:height\" content=\"800\" \/>\n\t<meta property=\"og:image:type\" content=\"image\/png\" \/>\n<meta name=\"twitter:card\" content=\"summary_large_image\" \/>\n<meta name=\"twitter:label1\" content=\"Gesch\u00e4tzte Lesezeit\" \/>\n\t<meta name=\"twitter:data1\" content=\"2\u00a0Minuten\" \/>\n<script type=\"application\/ld+json\" class=\"yoast-schema-graph\">{\"@context\":\"https:\\\/\\\/schema.org\",\"@graph\":[{\"@type\":\"WebPage\",\"@id\":\"https:\\\/\\\/twinpol.com\\\/product\\\/car-interior-cleaning-kit\\\/\",\"url\":\"https:\\\/\\\/twinpol.com\\\/product\\\/car-interior-cleaning-kit\\\/\",\"name\":\"Car Interior Cleaning Kit - TwinPol\",\"isPartOf\":{\"@id\":\"https:\\\/\\\/twinpol.com\\\/#website\"},\"primaryImageOfPage\":{\"@id\":\"https:\\\/\\\/twinpol.com\\\/product\\\/car-interior-cleaning-kit\\\/#primaryimage\"},\"image\":{\"@id\":\"https:\\\/\\\/twinpol.com\\\/product\\\/car-interior-cleaning-kit\\\/#primaryimage\"},\"thumbnailUrl\":\"https:\\\/\\\/twinpol.com\\\/wp-content\\\/uploads\\\/2024\\\/09\\\/FR00138_KIT_AMZ_wiz_HIGH-3.png\",\"datePublished\":\"2024-09-30T13:02:21+00:00\",\"dateModified\":\"2024-09-30T13:14:33+00:00\",\"breadcrumb\":{\"@id\":\"https:\\\/\\\/twinpol.com\\\/product\\\/car-interior-cleaning-kit\\\/#breadcrumb\"},\"inLanguage\":\"de\",\"potentialAction\":[{\"@type\":\"ReadAction\",\"target\":[\"https:\\\/\\\/twinpol.com\\\/product\\\/car-interior-cleaning-kit\\\/\"]}]},{\"@type\":\"ImageObject\",\"inLanguage\":\"de\",\"@id\":\"https:\\\/\\\/twinpol.com\\\/product\\\/car-interior-cleaning-kit\\\/#primaryimage\",\"url\":\"https:\\\/\\\/twinpol.com\\\/wp-content\\\/uploads\\\/2024\\\/09\\\/FR00138_KIT_AMZ_wiz_HIGH-3.png\",\"contentUrl\":\"https:\\\/\\\/twinpol.com\\\/wp-content\\\/uploads\\\/2024\\\/09\\\/FR00138_KIT_AMZ_wiz_HIGH-3.png\",\"width\":1800,\"height\":1800},{\"@type\":\"BreadcrumbList\",\"@id\":\"https:\\\/\\\/twinpol.com\\\/product\\\/car-interior-cleaning-kit\\\/#breadcrumb\",\"itemListElement\":[{\"@type\":\"ListItem\",\"position\":1,\"name\":\"Home\",\"item\":\"https:\\\/\\\/twinpol.com\\\/\"},{\"@type\":\"ListItem\",\"position\":2,\"name\":\"Products\",\"item\":\"https:\\\/\\\/twinpol.com\\\/products\\\/\"},{\"@type\":\"ListItem\",\"position\":3,\"name\":\"Car Interior Cleaning Kit\"}]},{\"@type\":\"WebSite\",\"@id\":\"https:\\\/\\\/twinpol.com\\\/#website\",\"url\":\"https:\\\/\\\/twinpol.com\\\/\",\"name\":\"Twinpol\",\"description\":\"Cleaning Supplies\",\"publisher\":{\"@id\":\"https:\\\/\\\/twinpol.com\\\/#organization\"},\"potentialAction\":[{\"@type\":\"SearchAction\",\"target\":{\"@type\":\"EntryPoint\",\"urlTemplate\":\"https:\\\/\\\/twinpol.com\\\/?s={search_term_string}\"},\"query-input\":{\"@type\":\"PropertyValueSpecification\",\"valueRequired\":true,\"valueName\":\"search_term_string\"}}],\"inLanguage\":\"de\"},{\"@type\":\"Organization\",\"@id\":\"https:\\\/\\\/twinpol.com\\\/#organization\",\"name\":\"Twinpol\",\"url\":\"https:\\\/\\\/twinpol.com\\\/\",\"logo\":{\"@type\":\"ImageObject\",\"inLanguage\":\"de\",\"@id\":\"https:\\\/\\\/twinpol.com\\\/#\\\/schema\\\/logo\\\/image\\\/\",\"url\":\"https:\\\/\\\/twinpol.com\\\/wp-content\\\/uploads\\\/2022\\\/10\\\/cropped-favicon.png\",\"contentUrl\":\"https:\\\/\\\/twinpol.com\\\/wp-content\\\/uploads\\\/2022\\\/10\\\/cropped-favicon.png\",\"width\":512,\"height\":512,\"caption\":\"Twinpol\"},\"image\":{\"@id\":\"https:\\\/\\\/twinpol.com\\\/#\\\/schema\\\/logo\\\/image\\\/\"}}]}<\/script>\n<!-- \/ Yoast SEO plugin. -->","yoast_head_json":{"title":"Auto-Innenreinigungsset - TwinPol","robots":{"index":"index","follow":"follow","max-snippet":"max-snippet:-1","max-image-preview":"max-image-preview:large","max-video-preview":"max-video-preview:-1"},"canonical":"https:\/\/twinpol.com\/de\/produkt\/auto-innenraum-reinigungsset\/","og_locale":"de_DE","og_type":"article","og_title":"Car Interior Cleaning Kit - TwinPol","og_description":"Frischer Car Interior Cleaning Kit is the ultimate solution for keeping your vehicle's interior spotless and fresh.","og_url":"https:\/\/twinpol.com\/de\/produkt\/auto-innenraum-reinigungsset\/","og_site_name":"TwinPol","article_modified_time":"2024-09-30T13:14:33+00:00","og_image":[{"width":800,"height":800,"url":"https:\/\/twinpol.com\/wp-content\/uploads\/2024\/09\/FR00138_KIT_AMZ_wiz_HIGH-3-800x800.png","type":"image\/png"}],"twitter_card":"summary_large_image","twitter_misc":{"Gesch\u00e4tzte Lesezeit":"2\u00a0Minuten"},"schema":{"@context":"https:\/\/schema.org","@graph":[{"@type":"WebPage","@id":"https:\/\/twinpol.com\/product\/car-interior-cleaning-kit\/","url":"https:\/\/twinpol.com\/product\/car-interior-cleaning-kit\/","name":"Auto-Innenreinigungsset - TwinPol","isPartOf":{"@id":"https:\/\/twinpol.com\/#website"},"primaryImageOfPage":{"@id":"https:\/\/twinpol.com\/product\/car-interior-cleaning-kit\/#primaryimage"},"image":{"@id":"https:\/\/twinpol.com\/product\/car-interior-cleaning-kit\/#primaryimage"},"thumbnailUrl":"https:\/\/twinpol.com\/wp-content\/uploads\/2024\/09\/FR00138_KIT_AMZ_wiz_HIGH-3.png","datePublished":"2024-09-30T13:02:21+00:00","dateModified":"2024-09-30T13:14:33+00:00","breadcrumb":{"@id":"https:\/\/twinpol.com\/product\/car-interior-cleaning-kit\/#breadcrumb"},"inLanguage":"de","potentialAction":[{"@type":"ReadAction","target":["https:\/\/twinpol.com\/product\/car-interior-cleaning-kit\/"]}]},{"@type":"ImageObject","inLanguage":"de","@id":"https:\/\/twinpol.com\/product\/car-interior-cleaning-kit\/#primaryimage","url":"https:\/\/twinpol.com\/wp-content\/uploads\/2024\/09\/FR00138_KIT_AMZ_wiz_HIGH-3.png","contentUrl":"https:\/\/twinpol.com\/wp-content\/uploads\/2024\/09\/FR00138_KIT_AMZ_wiz_HIGH-3.png","width":1800,"height":1800},{"@type":"BreadcrumbList","@id":"https:\/\/twinpol.com\/product\/car-interior-cleaning-kit\/#breadcrumb","itemListElement":[{"@type":"ListItem","position":1,"name":"Home","item":"https:\/\/twinpol.com\/"},{"@type":"ListItem","position":2,"name":"Products","item":"https:\/\/twinpol.com\/products\/"},{"@type":"ListItem","position":3,"name":"Car Interior Cleaning Kit"}]},{"@type":"WebSite","@id":"https:\/\/twinpol.com\/#website","url":"https:\/\/twinpol.com\/","name":"Twinpol","description":"Reinigungsmittel","publisher":{"@id":"https:\/\/twinpol.com\/#organization"},"potentialAction":[{"@type":"SearchAction","target":{"@type":"EntryPoint","urlTemplate":"https:\/\/twinpol.com\/?s={search_term_string}"},"query-input":{"@type":"PropertyValueSpecification","valueRequired":true,"valueName":"search_term_string"}}],"inLanguage":"de"},{"@type":"Organization","@id":"https:\/\/twinpol.com\/#organization","name":"Twinpol","url":"https:\/\/twinpol.com\/","logo":{"@type":"ImageObject","inLanguage":"de","@id":"https:\/\/twinpol.com\/#\/schema\/logo\/image\/","url":"https:\/\/twinpol.com\/wp-content\/uploads\/2022\/10\/cropped-favicon.png","contentUrl":"https:\/\/twinpol.com\/wp-content\/uploads\/2022\/10\/cropped-favicon.png","width":512,"height":512,"caption":"Twinpol"},"image":{"@id":"https:\/\/twinpol.com\/#\/schema\/logo\/image\/"}}]}},"_links":{"self":[{"href":"https:\/\/twinpol.com\/de\/wp-json\/wp\/v2\/product\/20737","targetHints":{"allow":["GET"]}}],"collection":[{"href":"https:\/\/twinpol.com\/de\/wp-json\/wp\/v2\/product"}],"about":[{"href":"https:\/\/twinpol.com\/de\/wp-json\/wp\/v2\/types\/product"}],"wp:featuredmedia":[{"embeddable":true,"href":"https:\/\/twinpol.com\/de\/wp-json\/wp\/v2\/media\/20738"}],"wp:attachment":[{"href":"https:\/\/twinpol.com\/de\/wp-json\/wp\/v2\/media?parent=20737"}],"wp:term":[{"taxonomy":"product_brand","embeddable":true,"href":"https:\/\/twinpol.com\/de\/wp-json\/wp\/v2\/product_brand?post=20737"},{"taxonomy":"product_cat","embeddable":true,"href":"https:\/\/twinpol.com\/de\/wp-json\/wp\/v2\/product_cat?post=20737"},{"taxonomy":"product_tag","embeddable":true,"href":"https:\/\/twinpol.com\/de\/wp-json\/wp\/v2\/product_tag?post=20737"}],"curies":[{"name":"wp","href":"https:\/\/api.w.org\/{rel}","templated":true}]}}