{"id":21435,"date":"2026-04-16T10:22:41","date_gmt":"2026-04-16T10:22:41","guid":{"rendered":"https:\/\/twinpol.com\/product\/srodek-do-czyszczenia-systemow-mlecznych-1-l\/"},"modified":"2026-04-16T10:57:28","modified_gmt":"2026-04-16T10:57:28","slug":"srodek-do-czyszczenia-systemow-mlecznych-1-l","status":"publish","type":"product","link":"https:\/\/twinpol.com\/de\/produkt\/srodek-do-czyszczenia-systemow-mlecznych-1-l\/","title":{"rendered":"\u015arodek do czyszczenia system\u00f3w mlecznych, 1 L"},"content":{"rendered":"<div style=\"margin: 30px 0;padding: 25px;background: #fafafa;border-radius: 12px;border: 1px solid #e8e8e8\">\n<h3 style=\"color: #c4153a;margin-bottom: 8px;font-size: 18px\">Sk\u0142adniki<\/h3>\n<p style=\"font-size: 13px;color: #666;margin-bottom: 15px;line-height: 1.5\">\nSk\u0142ad zgodny z rozporz\u0105dzeniem (WE) nr 648\/2004 Parlamentu Europejskiego i Rady Europy z dnia 31.03.2004r. w sprawie detergent\u00f3w z p\u00f3\u017aniejszymi zmianami.\n<\/p>\n<hr style=\"border: none;border-top: 1px solid #ddd;margin: 15px 0\">\n<table style=\"width: 100%;border-collapse: collapse;margin-bottom: 15px\">\n<tr>\n<td style=\"padding: 8px 12px;border: 1px solid #ddd;font-weight: bold;width: 40%;background: #f0f0f0\">Producent \/ Dostawca<\/td>\n<td style=\"padding: 8px 12px;border: 1px solid #ddd;text-align: center\"><strong>Twinpol Sp. z o.o.<\/strong><br \/>Aleja Lipowa 48<br \/>87-126 Obrowo<br \/>Polska<\/td>\n<\/tr>\n<tr>\n<td style=\"padding: 8px 12px;border: 1px solid #ddd;font-weight: bold;background: #f0f0f0\">Nazwa produktu<\/td>\n<td style=\"padding: 8px 12px;border: 1px solid #ddd;text-align: center\"><strong>\u015arodek do czyszczenia system\u00f3w mlecznych, 1 L<\/strong><\/td>\n<\/tr>\n<\/table>\n<h4 style=\"color: #c4153a;margin: 20px 0 10px;font-size: 15px\">Oznaczenie sk\u0142adnik\u00f3w<\/h4>\n<ul style=\"padding-left: 25px;line-height: 1.8\">\n<li>&lt;5 % niejonowe \u015brodki powierzchniowo czynne<\/li>\n<li>\u015arodki konserwuj\u0105ce (methylchloroisothiazolinone, methylisothiazolinone, 2-bromo-2- nitropropane-1,3-diol)<\/li>\n<li>barwnik<\/li>\n<\/ul>\n<\/div>\n<div style=\"margin-top: 20px;padding: 15px;background: #f8f8f8;border-radius: 8px;border-left: 4px solid #2d5f2d\">\n<strong>\ud83d\udcc4 Documentation<\/strong><br \/>\n<a href=\"https:\/\/twinpol.com\/wp-content\/uploads\/2026\/04\/SDS_ODCZA01.pdf\" target=\"_blank\" rel=\"noopener\" style=\"display: inline-block;margin-top: 8px;padding: 8px 16px;background: #2d5f2d;color: #fff;text-decoration: none;border-radius: 4px;font-size: 14px\">\u2b07 Download Safety Data Sheet (SDS)<\/a>\n<\/div>","protected":false},"excerpt":{"rendered":"<p>\u015arodek do czyszczenia system\u00f3w mlecznych, 1 L<\/p>","protected":false},"featured_media":0,"template":"","meta":[],"product_brand":[591],"product_cat":[20],"product_tag":[],"class_list":{"0":"post-21435","1":"product","2":"type-product","3":"status-publish","5":"product_brand-hillman","6":"product_cat-default","8":"first","9":"instock","10":"downloadable","11":"shipping-taxable","12":"product-type-simple"},"yoast_head":"<!-- This site is optimized with the Yoast SEO plugin v27.4 - https:\/\/yoast.com\/product\/yoast-seo-wordpress\/ -->\n<title>\u015arodek do czyszczenia system\u00f3w mlecznych, 1 L - TwinPol<\/title>\n<meta name=\"robots\" content=\"index, follow, max-snippet:-1, max-image-preview:large, max-video-preview:-1\" \/>\n<link rel=\"canonical\" href=\"https:\/\/twinpol.com\/de\/produkt\/srodek-do-czyszczenia-systemow-mlecznych-1-l\/\" \/>\n<meta property=\"og:locale\" content=\"de_DE\" \/>\n<meta property=\"og:type\" content=\"article\" \/>\n<meta property=\"og:title\" content=\"\u015arodek do czyszczenia system\u00f3w mlecznych, 1 L - TwinPol\" \/>\n<meta property=\"og:description\" content=\"\u015arodek do czyszczenia system\u00f3w mlecznych, 1 L\" \/>\n<meta property=\"og:url\" content=\"https:\/\/twinpol.com\/de\/produkt\/srodek-do-czyszczenia-systemow-mlecznych-1-l\/\" \/>\n<meta property=\"og:site_name\" content=\"TwinPol\" \/>\n<meta property=\"article:modified_time\" content=\"2026-04-16T10:57:28+00:00\" \/>\n<meta name=\"twitter:card\" content=\"summary_large_image\" \/>\n<script type=\"application\/ld+json\" class=\"yoast-schema-graph\">{\"@context\":\"https:\\\/\\\/schema.org\",\"@graph\":[{\"@type\":\"WebPage\",\"@id\":\"https:\\\/\\\/twinpol.com\\\/product\\\/srodek-do-czyszczenia-systemow-mlecznych-1-l\\\/\",\"url\":\"https:\\\/\\\/twinpol.com\\\/product\\\/srodek-do-czyszczenia-systemow-mlecznych-1-l\\\/\",\"name\":\"\u015arodek do czyszczenia system\u00f3w mlecznych, 1 L - TwinPol\",\"isPartOf\":{\"@id\":\"https:\\\/\\\/twinpol.com\\\/#website\"},\"datePublished\":\"2026-04-16T10:22:41+00:00\",\"dateModified\":\"2026-04-16T10:57:28+00:00\",\"breadcrumb\":{\"@id\":\"https:\\\/\\\/twinpol.com\\\/product\\\/srodek-do-czyszczenia-systemow-mlecznych-1-l\\\/#breadcrumb\"},\"inLanguage\":\"de\",\"potentialAction\":[{\"@type\":\"ReadAction\",\"target\":[\"https:\\\/\\\/twinpol.com\\\/product\\\/srodek-do-czyszczenia-systemow-mlecznych-1-l\\\/\"]}]},{\"@type\":\"BreadcrumbList\",\"@id\":\"https:\\\/\\\/twinpol.com\\\/product\\\/srodek-do-czyszczenia-systemow-mlecznych-1-l\\\/#breadcrumb\",\"itemListElement\":[{\"@type\":\"ListItem\",\"position\":1,\"name\":\"Home\",\"item\":\"https:\\\/\\\/twinpol.com\\\/\"},{\"@type\":\"ListItem\",\"position\":2,\"name\":\"Products\",\"item\":\"https:\\\/\\\/twinpol.com\\\/products\\\/\"},{\"@type\":\"ListItem\",\"position\":3,\"name\":\"\u015arodek do czyszczenia system\u00f3w mlecznych, 1 L\"}]},{\"@type\":\"WebSite\",\"@id\":\"https:\\\/\\\/twinpol.com\\\/#website\",\"url\":\"https:\\\/\\\/twinpol.com\\\/\",\"name\":\"Twinpol\",\"description\":\"Cleaning Supplies\",\"publisher\":{\"@id\":\"https:\\\/\\\/twinpol.com\\\/#organization\"},\"potentialAction\":[{\"@type\":\"SearchAction\",\"target\":{\"@type\":\"EntryPoint\",\"urlTemplate\":\"https:\\\/\\\/twinpol.com\\\/?s={search_term_string}\"},\"query-input\":{\"@type\":\"PropertyValueSpecification\",\"valueRequired\":true,\"valueName\":\"search_term_string\"}}],\"inLanguage\":\"de\"},{\"@type\":\"Organization\",\"@id\":\"https:\\\/\\\/twinpol.com\\\/#organization\",\"name\":\"Twinpol\",\"url\":\"https:\\\/\\\/twinpol.com\\\/\",\"logo\":{\"@type\":\"ImageObject\",\"inLanguage\":\"de\",\"@id\":\"https:\\\/\\\/twinpol.com\\\/#\\\/schema\\\/logo\\\/image\\\/\",\"url\":\"https:\\\/\\\/twinpol.com\\\/wp-content\\\/uploads\\\/2022\\\/10\\\/cropped-favicon.png\",\"contentUrl\":\"https:\\\/\\\/twinpol.com\\\/wp-content\\\/uploads\\\/2022\\\/10\\\/cropped-favicon.png\",\"width\":512,\"height\":512,\"caption\":\"Twinpol\"},\"image\":{\"@id\":\"https:\\\/\\\/twinpol.com\\\/#\\\/schema\\\/logo\\\/image\\\/\"}}]}<\/script>\n<!-- \/ Yoast SEO plugin. -->","yoast_head_json":{"title":"\u015arodek do czyszczenia system\u00f3w mlecznych, 1 L - TwinPol","robots":{"index":"index","follow":"follow","max-snippet":"max-snippet:-1","max-image-preview":"max-image-preview:large","max-video-preview":"max-video-preview:-1"},"canonical":"https:\/\/twinpol.com\/de\/produkt\/srodek-do-czyszczenia-systemow-mlecznych-1-l\/","og_locale":"de_DE","og_type":"article","og_title":"\u015arodek do czyszczenia system\u00f3w mlecznych, 1 L - TwinPol","og_description":"\u015arodek do czyszczenia system\u00f3w mlecznych, 1 L","og_url":"https:\/\/twinpol.com\/de\/produkt\/srodek-do-czyszczenia-systemow-mlecznych-1-l\/","og_site_name":"TwinPol","article_modified_time":"2026-04-16T10:57:28+00:00","twitter_card":"summary_large_image","schema":{"@context":"https:\/\/schema.org","@graph":[{"@type":"WebPage","@id":"https:\/\/twinpol.com\/product\/srodek-do-czyszczenia-systemow-mlecznych-1-l\/","url":"https:\/\/twinpol.com\/product\/srodek-do-czyszczenia-systemow-mlecznych-1-l\/","name":"\u015arodek do czyszczenia system\u00f3w mlecznych, 1 L - TwinPol","isPartOf":{"@id":"https:\/\/twinpol.com\/#website"},"datePublished":"2026-04-16T10:22:41+00:00","dateModified":"2026-04-16T10:57:28+00:00","breadcrumb":{"@id":"https:\/\/twinpol.com\/product\/srodek-do-czyszczenia-systemow-mlecznych-1-l\/#breadcrumb"},"inLanguage":"de","potentialAction":[{"@type":"ReadAction","target":["https:\/\/twinpol.com\/product\/srodek-do-czyszczenia-systemow-mlecznych-1-l\/"]}]},{"@type":"BreadcrumbList","@id":"https:\/\/twinpol.com\/product\/srodek-do-czyszczenia-systemow-mlecznych-1-l\/#breadcrumb","itemListElement":[{"@type":"ListItem","position":1,"name":"Home","item":"https:\/\/twinpol.com\/"},{"@type":"ListItem","position":2,"name":"Products","item":"https:\/\/twinpol.com\/products\/"},{"@type":"ListItem","position":3,"name":"\u015arodek do czyszczenia system\u00f3w mlecznych, 1 L"}]},{"@type":"WebSite","@id":"https:\/\/twinpol.com\/#website","url":"https:\/\/twinpol.com\/","name":"Twinpol","description":"Reinigungsmittel","publisher":{"@id":"https:\/\/twinpol.com\/#organization"},"potentialAction":[{"@type":"SearchAction","target":{"@type":"EntryPoint","urlTemplate":"https:\/\/twinpol.com\/?s={search_term_string}"},"query-input":{"@type":"PropertyValueSpecification","valueRequired":true,"valueName":"search_term_string"}}],"inLanguage":"de"},{"@type":"Organization","@id":"https:\/\/twinpol.com\/#organization","name":"Twinpol","url":"https:\/\/twinpol.com\/","logo":{"@type":"ImageObject","inLanguage":"de","@id":"https:\/\/twinpol.com\/#\/schema\/logo\/image\/","url":"https:\/\/twinpol.com\/wp-content\/uploads\/2022\/10\/cropped-favicon.png","contentUrl":"https:\/\/twinpol.com\/wp-content\/uploads\/2022\/10\/cropped-favicon.png","width":512,"height":512,"caption":"Twinpol"},"image":{"@id":"https:\/\/twinpol.com\/#\/schema\/logo\/image\/"}}]}},"_links":{"self":[{"href":"https:\/\/twinpol.com\/de\/wp-json\/wp\/v2\/product\/21435","targetHints":{"allow":["GET"]}}],"collection":[{"href":"https:\/\/twinpol.com\/de\/wp-json\/wp\/v2\/product"}],"about":[{"href":"https:\/\/twinpol.com\/de\/wp-json\/wp\/v2\/types\/product"}],"wp:attachment":[{"href":"https:\/\/twinpol.com\/de\/wp-json\/wp\/v2\/media?parent=21435"}],"wp:term":[{"taxonomy":"product_brand","embeddable":true,"href":"https:\/\/twinpol.com\/de\/wp-json\/wp\/v2\/product_brand?post=21435"},{"taxonomy":"product_cat","embeddable":true,"href":"https:\/\/twinpol.com\/de\/wp-json\/wp\/v2\/product_cat?post=21435"},{"taxonomy":"product_tag","embeddable":true,"href":"https:\/\/twinpol.com\/de\/wp-json\/wp\/v2\/product_tag?post=21435"}],"curies":[{"name":"wp","href":"https:\/\/api.w.org\/{rel}","templated":true}]}}