{"id":22075,"date":"2026-04-29T07:21:47","date_gmt":"2026-04-29T07:21:47","guid":{"rendered":"https:\/\/twinpol.com\/product\/cleanfix-2096607\/"},"modified":"2026-04-29T07:57:07","modified_gmt":"2026-04-29T07:57:07","slug":"cleanfix-2096607","status":"publish","type":"product","link":"https:\/\/twinpol.com\/de\/produkt\/cleanfix-2096607\/","title":{"rendered":"Zestaw do czyszczenia fug i spoin, 1000 ml"},"content":{"rendered":"<p><a href=\"https:\/\/twinpol.com\/wp-content\/uploads\/2026\/04\/KCH-2096607-Zestaw-do-czyszczenia-fug-i-spoin-1000-ml.pdf\" target=\"_blank\" rel=\"noopener\" style=\"display:inline-block;padding:10px 20px;background:#2d5f2d;color:#fff;text-decoration:none;border-radius:6px;font-weight:500\">&#128196; Pobierz kart\u0119 charakterystyki (SDS) [PDF]<\/a><\/p>\n<h3>Sk\u0142adniki INCI<\/h3>\n<p>Aqua, Phosphoric Acid, Nitric Acid, C12-14 Pareth-7<\/p>\n<h3>Sk\u0142ad wg etykiety (648\/2004)<\/h3>\n<p>&lt;5 % niejonowe \u015brodki powierzchniowo czynne Wymagania dotycz\u0105ce zamkni\u0119\u0107 zabezpieczonych przed otwarciem przez dzieci oraz wyczuwalne dotykiem ostrze\u017cenia Opakowanie musi by\u0107 wyposa\u017cone w wyczuwalne dotykiem ostrze\u017cenie o niebezpiecze\u0144stwie dla niewidomych. Opakowanie musi by\u0107 wyposa\u017cone w zamkni\u0119cie zabezpieczone przed otwarciem przez dzieci.<\/p>\n<h3>Sk\u0142ad (Sekcja 3 SDS)<\/h3>\n<p>\u2022 kwas fosforowy(V) \u2026 % (CAS 7664-38-2) \u2014 &lt;15<br \/>\u2022 Kwas azotowy (V) (CAS 7697-37-2) \u2014 &lt;3<br \/>\u2022 Alkohole, C12-14, etoksylowane (CAS 68439-50-9) \u2014 1-3<br \/>\u2022 NDS (CAS 7664) \u2014 1 mg\/m\u00b3<br \/>\u2022 NDSCh \u2014 2 mg\/m\u00b3<br \/>\u2022 NDS (CAS 7697) \u2014 1,4 mg\/m\u00b3<br \/>\u2022 OEL 8 godzin (CAS 7664) \u2014 1 mg\/m\u00b3<br \/>\u2022 OEL 15 minut \u2014 2 mg\/m\u00b3<br \/>\u2022 OEL 15 minut (CAS 7697) \u2014 2,6 mg\/m\u00b3<\/p>\n","protected":false},"excerpt":{"rendered":"<p><strong>Pojemno\u015b\u0107:<\/strong> 1000 ml &middot; <strong>Kod:<\/strong> 2096607<\/p>","protected":false},"featured_media":22193,"template":"","meta":[],"product_brand":[595],"product_cat":[20],"product_tag":[],"class_list":{"0":"post-22075","1":"product","2":"type-product","3":"status-publish","4":"has-post-thumbnail","6":"product_brand-cleanfix","7":"product_cat-default","9":"first","10":"instock","11":"shipping-taxable","12":"product-type-simple"},"yoast_head":"<!-- This site is optimized with the Yoast SEO plugin v27.5 - https:\/\/yoast.com\/product\/yoast-seo-wordpress\/ -->\n<title>Zestaw do czyszczenia fug i spoin, 1000 ml - TwinPol<\/title>\n<meta name=\"robots\" content=\"index, follow, max-snippet:-1, max-image-preview:large, max-video-preview:-1\" \/>\n<link rel=\"canonical\" href=\"https:\/\/twinpol.com\/de\/produkt\/cleanfix-2096607\/\" \/>\n<meta property=\"og:locale\" content=\"de_DE\" \/>\n<meta property=\"og:type\" content=\"article\" \/>\n<meta property=\"og:title\" content=\"Zestaw do czyszczenia fug i spoin, 1000 ml - TwinPol\" \/>\n<meta property=\"og:description\" content=\"Pojemno\u015b\u0107: 1000 ml &middot; Kod: 2096607\" \/>\n<meta property=\"og:url\" content=\"https:\/\/twinpol.com\/de\/produkt\/cleanfix-2096607\/\" \/>\n<meta property=\"og:site_name\" content=\"TwinPol\" \/>\n<meta property=\"article:modified_time\" content=\"2026-04-29T07:57:07+00:00\" \/>\n<meta name=\"twitter:card\" content=\"summary_large_image\" \/>\n<meta name=\"twitter:label1\" content=\"Gesch\u00e4tzte Lesezeit\" \/>\n\t<meta name=\"twitter:data1\" content=\"1\u00a0Minute\" \/>\n<script type=\"application\/ld+json\" class=\"yoast-schema-graph\">{\"@context\":\"https:\\\/\\\/schema.org\",\"@graph\":[{\"@type\":\"WebPage\",\"@id\":\"https:\\\/\\\/twinpol.com\\\/product\\\/cleanfix-2096607\\\/\",\"url\":\"https:\\\/\\\/twinpol.com\\\/product\\\/cleanfix-2096607\\\/\",\"name\":\"Zestaw do czyszczenia fug i spoin, 1000 ml - TwinPol\",\"isPartOf\":{\"@id\":\"https:\\\/\\\/twinpol.com\\\/#website\"},\"primaryImageOfPage\":{\"@id\":\"https:\\\/\\\/twinpol.com\\\/product\\\/cleanfix-2096607\\\/#primaryimage\"},\"image\":{\"@id\":\"https:\\\/\\\/twinpol.com\\\/product\\\/cleanfix-2096607\\\/#primaryimage\"},\"thumbnailUrl\":\"https:\\\/\\\/twinpol.com\\\/wp-content\\\/uploads\\\/2026\\\/04\\\/fr00218_kit_cleanfix_2096607_otwarty.png\",\"datePublished\":\"2026-04-29T07:21:47+00:00\",\"dateModified\":\"2026-04-29T07:57:07+00:00\",\"breadcrumb\":{\"@id\":\"https:\\\/\\\/twinpol.com\\\/product\\\/cleanfix-2096607\\\/#breadcrumb\"},\"inLanguage\":\"de\",\"potentialAction\":[{\"@type\":\"ReadAction\",\"target\":[\"https:\\\/\\\/twinpol.com\\\/product\\\/cleanfix-2096607\\\/\"]}]},{\"@type\":\"ImageObject\",\"inLanguage\":\"de\",\"@id\":\"https:\\\/\\\/twinpol.com\\\/product\\\/cleanfix-2096607\\\/#primaryimage\",\"url\":\"https:\\\/\\\/twinpol.com\\\/wp-content\\\/uploads\\\/2026\\\/04\\\/fr00218_kit_cleanfix_2096607_otwarty.png\",\"contentUrl\":\"https:\\\/\\\/twinpol.com\\\/wp-content\\\/uploads\\\/2026\\\/04\\\/fr00218_kit_cleanfix_2096607_otwarty.png\",\"width\":2000,\"height\":2000,\"caption\":\"Zestaw do czyszczenia fug i spoin, 1000 ml (2096607)\"},{\"@type\":\"BreadcrumbList\",\"@id\":\"https:\\\/\\\/twinpol.com\\\/product\\\/cleanfix-2096607\\\/#breadcrumb\",\"itemListElement\":[{\"@type\":\"ListItem\",\"position\":1,\"name\":\"Home\",\"item\":\"https:\\\/\\\/twinpol.com\\\/\"},{\"@type\":\"ListItem\",\"position\":2,\"name\":\"Products\",\"item\":\"https:\\\/\\\/twinpol.com\\\/products\\\/\"},{\"@type\":\"ListItem\",\"position\":3,\"name\":\"Zestaw do czyszczenia fug i spoin, 1000 ml\"}]},{\"@type\":\"WebSite\",\"@id\":\"https:\\\/\\\/twinpol.com\\\/#website\",\"url\":\"https:\\\/\\\/twinpol.com\\\/\",\"name\":\"Twinpol\",\"description\":\"Cleaning Supplies\",\"publisher\":{\"@id\":\"https:\\\/\\\/twinpol.com\\\/#organization\"},\"potentialAction\":[{\"@type\":\"SearchAction\",\"target\":{\"@type\":\"EntryPoint\",\"urlTemplate\":\"https:\\\/\\\/twinpol.com\\\/?s={search_term_string}\"},\"query-input\":{\"@type\":\"PropertyValueSpecification\",\"valueRequired\":true,\"valueName\":\"search_term_string\"}}],\"inLanguage\":\"de\"},{\"@type\":\"Organization\",\"@id\":\"https:\\\/\\\/twinpol.com\\\/#organization\",\"name\":\"Twinpol\",\"url\":\"https:\\\/\\\/twinpol.com\\\/\",\"logo\":{\"@type\":\"ImageObject\",\"inLanguage\":\"de\",\"@id\":\"https:\\\/\\\/twinpol.com\\\/#\\\/schema\\\/logo\\\/image\\\/\",\"url\":\"https:\\\/\\\/twinpol.com\\\/wp-content\\\/uploads\\\/2022\\\/10\\\/cropped-favicon.png\",\"contentUrl\":\"https:\\\/\\\/twinpol.com\\\/wp-content\\\/uploads\\\/2022\\\/10\\\/cropped-favicon.png\",\"width\":512,\"height\":512,\"caption\":\"Twinpol\"},\"image\":{\"@id\":\"https:\\\/\\\/twinpol.com\\\/#\\\/schema\\\/logo\\\/image\\\/\"}}]}<\/script>\n<!-- \/ Yoast SEO plugin. -->","yoast_head_json":{"title":"Zestaw do czyszczenia fug i spoin, 1000 ml - TwinPol","robots":{"index":"index","follow":"follow","max-snippet":"max-snippet:-1","max-image-preview":"max-image-preview:large","max-video-preview":"max-video-preview:-1"},"canonical":"https:\/\/twinpol.com\/de\/produkt\/cleanfix-2096607\/","og_locale":"de_DE","og_type":"article","og_title":"Zestaw do czyszczenia fug i spoin, 1000 ml - TwinPol","og_description":"Pojemno\u015b\u0107: 1000 ml &middot; Kod: 2096607","og_url":"https:\/\/twinpol.com\/de\/produkt\/cleanfix-2096607\/","og_site_name":"TwinPol","article_modified_time":"2026-04-29T07:57:07+00:00","twitter_card":"summary_large_image","twitter_misc":{"Gesch\u00e4tzte Lesezeit":"1\u00a0Minute"},"schema":{"@context":"https:\/\/schema.org","@graph":[{"@type":"WebPage","@id":"https:\/\/twinpol.com\/product\/cleanfix-2096607\/","url":"https:\/\/twinpol.com\/product\/cleanfix-2096607\/","name":"Zestaw do czyszczenia fug i spoin, 1000 ml - TwinPol","isPartOf":{"@id":"https:\/\/twinpol.com\/#website"},"primaryImageOfPage":{"@id":"https:\/\/twinpol.com\/product\/cleanfix-2096607\/#primaryimage"},"image":{"@id":"https:\/\/twinpol.com\/product\/cleanfix-2096607\/#primaryimage"},"thumbnailUrl":"https:\/\/twinpol.com\/wp-content\/uploads\/2026\/04\/fr00218_kit_cleanfix_2096607_otwarty.png","datePublished":"2026-04-29T07:21:47+00:00","dateModified":"2026-04-29T07:57:07+00:00","breadcrumb":{"@id":"https:\/\/twinpol.com\/product\/cleanfix-2096607\/#breadcrumb"},"inLanguage":"de","potentialAction":[{"@type":"ReadAction","target":["https:\/\/twinpol.com\/product\/cleanfix-2096607\/"]}]},{"@type":"ImageObject","inLanguage":"de","@id":"https:\/\/twinpol.com\/product\/cleanfix-2096607\/#primaryimage","url":"https:\/\/twinpol.com\/wp-content\/uploads\/2026\/04\/fr00218_kit_cleanfix_2096607_otwarty.png","contentUrl":"https:\/\/twinpol.com\/wp-content\/uploads\/2026\/04\/fr00218_kit_cleanfix_2096607_otwarty.png","width":2000,"height":2000,"caption":"Zestaw do czyszczenia fug i spoin, 1000 ml (2096607)"},{"@type":"BreadcrumbList","@id":"https:\/\/twinpol.com\/product\/cleanfix-2096607\/#breadcrumb","itemListElement":[{"@type":"ListItem","position":1,"name":"Home","item":"https:\/\/twinpol.com\/"},{"@type":"ListItem","position":2,"name":"Products","item":"https:\/\/twinpol.com\/products\/"},{"@type":"ListItem","position":3,"name":"Zestaw do czyszczenia fug i spoin, 1000 ml"}]},{"@type":"WebSite","@id":"https:\/\/twinpol.com\/#website","url":"https:\/\/twinpol.com\/","name":"Twinpol","description":"Reinigungsmittel","publisher":{"@id":"https:\/\/twinpol.com\/#organization"},"potentialAction":[{"@type":"SearchAction","target":{"@type":"EntryPoint","urlTemplate":"https:\/\/twinpol.com\/?s={search_term_string}"},"query-input":{"@type":"PropertyValueSpecification","valueRequired":true,"valueName":"search_term_string"}}],"inLanguage":"de"},{"@type":"Organization","@id":"https:\/\/twinpol.com\/#organization","name":"Twinpol","url":"https:\/\/twinpol.com\/","logo":{"@type":"ImageObject","inLanguage":"de","@id":"https:\/\/twinpol.com\/#\/schema\/logo\/image\/","url":"https:\/\/twinpol.com\/wp-content\/uploads\/2022\/10\/cropped-favicon.png","contentUrl":"https:\/\/twinpol.com\/wp-content\/uploads\/2022\/10\/cropped-favicon.png","width":512,"height":512,"caption":"Twinpol"},"image":{"@id":"https:\/\/twinpol.com\/#\/schema\/logo\/image\/"}}]}},"_links":{"self":[{"href":"https:\/\/twinpol.com\/de\/wp-json\/wp\/v2\/product\/22075","targetHints":{"allow":["GET"]}}],"collection":[{"href":"https:\/\/twinpol.com\/de\/wp-json\/wp\/v2\/product"}],"about":[{"href":"https:\/\/twinpol.com\/de\/wp-json\/wp\/v2\/types\/product"}],"wp:featuredmedia":[{"embeddable":true,"href":"https:\/\/twinpol.com\/de\/wp-json\/wp\/v2\/media\/22193"}],"wp:attachment":[{"href":"https:\/\/twinpol.com\/de\/wp-json\/wp\/v2\/media?parent=22075"}],"wp:term":[{"taxonomy":"product_brand","embeddable":true,"href":"https:\/\/twinpol.com\/de\/wp-json\/wp\/v2\/product_brand?post=22075"},{"taxonomy":"product_cat","embeddable":true,"href":"https:\/\/twinpol.com\/de\/wp-json\/wp\/v2\/product_cat?post=22075"},{"taxonomy":"product_tag","embeddable":true,"href":"https:\/\/twinpol.com\/de\/wp-json\/wp\/v2\/product_tag?post=22075"}],"curies":[{"name":"wp","href":"https:\/\/api.w.org\/{rel}","templated":true}]}}