{"id":22300,"date":"2026-04-29T09:51:43","date_gmt":"2026-04-29T09:51:43","guid":{"rendered":"https:\/\/twinpol.com\/product\/koenic-kcl-g007-int\/"},"modified":"2026-04-29T09:57:37","modified_gmt":"2026-04-29T09:57:37","slug":"koenic-kcl-g007-int","status":"publish","type":"product","link":"https:\/\/twinpol.com\/de\/produkt\/koenic-kcl-g007-int\/","title":{"rendered":"EKO Tabletki do czyszczenia szyb, 3 szt + butelka"},"content":{"rendered":"<p><a href=\"https:\/\/twinpol.com\/wp-content\/uploads\/2026\/04\/KCH-KCL-G007-INT-EKO-Tabletki-do-czyszczenia-szyb-3-szt-butelka.pdf\" target=\"_blank\" rel=\"noopener\" style=\"display:inline-block;padding:10px 20px;background:#2d5f2d;color:#fff;text-decoration:none;border-radius:6px;font-weight:500\">&#128196; Pobierz kart&#281; charakterystyki (SDS) [PDF]<\/a><\/p>\n<h3>Sk\u0142adniki INCI<\/h3>\n<p>Citric Acid, Sodium Carbonate, Sodium C12-14 Alkyl Sulfate, Sodium C14-16 Olefin Sulfonate, Bronopol<\/p>\n<h3>Sk\u0142ad wg etykiety (648\/2004)<\/h3>\n<p>5-&lt;15 % anionowe \u015brodki powierzchniowo czynne, \u015arodki konserwuj\u0105ce (2-bromo-2-nitropropane-1,3-diol)<\/p>\n<h3>Sk\u0142ad (Sekcja 3 SDS)<\/h3>\n<p>\u2022 Kwas cytrynowy jednowodny (CAS 5949-29-1) \u2014 10-40<br \/>\u2022 W\u0119glan sodu (CAS 497-19-8) \u2014 \u226425<br \/>\u2022 Kwas siarkowy, mono-C12-C14 estry alkilowe, s\u00f3l sodowa (CAS 85586-07-8) \u2014 1-5<br \/>\u2022 Kwasy sulfonowe, C14-16-hydroksy alken i C14-16-alken, sole sodowe (CAS 68439-57-6) \u2014 1-5<\/p>\n","protected":false},"excerpt":{"rendered":"<p><strong>Pojemno\u015b\u0107:<\/strong> 3 szt &middot; <strong>Kod:<\/strong> KCL-G007-INT<\/p>","protected":false},"featured_media":0,"template":"","meta":[],"product_brand":[597],"product_cat":[20],"product_tag":[],"class_list":{"0":"post-22300","1":"product","2":"type-product","3":"status-publish","5":"product_brand-koenic","6":"product_cat-default","8":"first","9":"instock","10":"shipping-taxable","11":"product-type-simple"},"yoast_head":"<!-- This site is optimized with the Yoast SEO plugin v27.5 - https:\/\/yoast.com\/product\/yoast-seo-wordpress\/ -->\n<title>EKO Tabletki do czyszczenia szyb, 3 szt + butelka - TwinPol<\/title>\n<meta name=\"robots\" content=\"index, follow, max-snippet:-1, max-image-preview:large, max-video-preview:-1\" \/>\n<link rel=\"canonical\" href=\"https:\/\/twinpol.com\/de\/produkt\/koenic-kcl-g007-int\/\" \/>\n<meta property=\"og:locale\" content=\"de_DE\" \/>\n<meta property=\"og:type\" content=\"article\" \/>\n<meta property=\"og:title\" content=\"EKO Tabletki do czyszczenia szyb, 3 szt + butelka - TwinPol\" \/>\n<meta property=\"og:description\" content=\"Pojemno\u015b\u0107: 3 szt &middot; Kod: KCL-G007-INT\" \/>\n<meta property=\"og:url\" content=\"https:\/\/twinpol.com\/de\/produkt\/koenic-kcl-g007-int\/\" \/>\n<meta property=\"og:site_name\" content=\"TwinPol\" \/>\n<meta property=\"article:modified_time\" content=\"2026-04-29T09:57:37+00:00\" \/>\n<meta name=\"twitter:card\" content=\"summary_large_image\" \/>\n<script type=\"application\/ld+json\" class=\"yoast-schema-graph\">{\"@context\":\"https:\\\/\\\/schema.org\",\"@graph\":[{\"@type\":\"WebPage\",\"@id\":\"https:\\\/\\\/twinpol.com\\\/product\\\/koenic-kcl-g007-int\\\/\",\"url\":\"https:\\\/\\\/twinpol.com\\\/product\\\/koenic-kcl-g007-int\\\/\",\"name\":\"EKO Tabletki do czyszczenia szyb, 3 szt + butelka - TwinPol\",\"isPartOf\":{\"@id\":\"https:\\\/\\\/twinpol.com\\\/#website\"},\"datePublished\":\"2026-04-29T09:51:43+00:00\",\"dateModified\":\"2026-04-29T09:57:37+00:00\",\"breadcrumb\":{\"@id\":\"https:\\\/\\\/twinpol.com\\\/product\\\/koenic-kcl-g007-int\\\/#breadcrumb\"},\"inLanguage\":\"de\",\"potentialAction\":[{\"@type\":\"ReadAction\",\"target\":[\"https:\\\/\\\/twinpol.com\\\/product\\\/koenic-kcl-g007-int\\\/\"]}]},{\"@type\":\"BreadcrumbList\",\"@id\":\"https:\\\/\\\/twinpol.com\\\/product\\\/koenic-kcl-g007-int\\\/#breadcrumb\",\"itemListElement\":[{\"@type\":\"ListItem\",\"position\":1,\"name\":\"Home\",\"item\":\"https:\\\/\\\/twinpol.com\\\/\"},{\"@type\":\"ListItem\",\"position\":2,\"name\":\"Products\",\"item\":\"https:\\\/\\\/twinpol.com\\\/products\\\/\"},{\"@type\":\"ListItem\",\"position\":3,\"name\":\"EKO Tabletki do czyszczenia szyb, 3 szt + butelka\"}]},{\"@type\":\"WebSite\",\"@id\":\"https:\\\/\\\/twinpol.com\\\/#website\",\"url\":\"https:\\\/\\\/twinpol.com\\\/\",\"name\":\"Twinpol\",\"description\":\"Cleaning Supplies\",\"publisher\":{\"@id\":\"https:\\\/\\\/twinpol.com\\\/#organization\"},\"potentialAction\":[{\"@type\":\"SearchAction\",\"target\":{\"@type\":\"EntryPoint\",\"urlTemplate\":\"https:\\\/\\\/twinpol.com\\\/?s={search_term_string}\"},\"query-input\":{\"@type\":\"PropertyValueSpecification\",\"valueRequired\":true,\"valueName\":\"search_term_string\"}}],\"inLanguage\":\"de\"},{\"@type\":\"Organization\",\"@id\":\"https:\\\/\\\/twinpol.com\\\/#organization\",\"name\":\"Twinpol\",\"url\":\"https:\\\/\\\/twinpol.com\\\/\",\"logo\":{\"@type\":\"ImageObject\",\"inLanguage\":\"de\",\"@id\":\"https:\\\/\\\/twinpol.com\\\/#\\\/schema\\\/logo\\\/image\\\/\",\"url\":\"https:\\\/\\\/twinpol.com\\\/wp-content\\\/uploads\\\/2022\\\/10\\\/cropped-favicon.png\",\"contentUrl\":\"https:\\\/\\\/twinpol.com\\\/wp-content\\\/uploads\\\/2022\\\/10\\\/cropped-favicon.png\",\"width\":512,\"height\":512,\"caption\":\"Twinpol\"},\"image\":{\"@id\":\"https:\\\/\\\/twinpol.com\\\/#\\\/schema\\\/logo\\\/image\\\/\"}}]}<\/script>\n<!-- \/ Yoast SEO plugin. -->","yoast_head_json":{"title":"EKO Tabletki do czyszczenia szyb, 3 szt + butelka - TwinPol","robots":{"index":"index","follow":"follow","max-snippet":"max-snippet:-1","max-image-preview":"max-image-preview:large","max-video-preview":"max-video-preview:-1"},"canonical":"https:\/\/twinpol.com\/de\/produkt\/koenic-kcl-g007-int\/","og_locale":"de_DE","og_type":"article","og_title":"EKO Tabletki do czyszczenia szyb, 3 szt + butelka - TwinPol","og_description":"Pojemno\u015b\u0107: 3 szt &middot; Kod: KCL-G007-INT","og_url":"https:\/\/twinpol.com\/de\/produkt\/koenic-kcl-g007-int\/","og_site_name":"TwinPol","article_modified_time":"2026-04-29T09:57:37+00:00","twitter_card":"summary_large_image","schema":{"@context":"https:\/\/schema.org","@graph":[{"@type":"WebPage","@id":"https:\/\/twinpol.com\/product\/koenic-kcl-g007-int\/","url":"https:\/\/twinpol.com\/product\/koenic-kcl-g007-int\/","name":"EKO Tabletki do czyszczenia szyb, 3 szt + butelka - TwinPol","isPartOf":{"@id":"https:\/\/twinpol.com\/#website"},"datePublished":"2026-04-29T09:51:43+00:00","dateModified":"2026-04-29T09:57:37+00:00","breadcrumb":{"@id":"https:\/\/twinpol.com\/product\/koenic-kcl-g007-int\/#breadcrumb"},"inLanguage":"de","potentialAction":[{"@type":"ReadAction","target":["https:\/\/twinpol.com\/product\/koenic-kcl-g007-int\/"]}]},{"@type":"BreadcrumbList","@id":"https:\/\/twinpol.com\/product\/koenic-kcl-g007-int\/#breadcrumb","itemListElement":[{"@type":"ListItem","position":1,"name":"Home","item":"https:\/\/twinpol.com\/"},{"@type":"ListItem","position":2,"name":"Products","item":"https:\/\/twinpol.com\/products\/"},{"@type":"ListItem","position":3,"name":"EKO Tabletki do czyszczenia szyb, 3 szt + butelka"}]},{"@type":"WebSite","@id":"https:\/\/twinpol.com\/#website","url":"https:\/\/twinpol.com\/","name":"Twinpol","description":"Reinigungsmittel","publisher":{"@id":"https:\/\/twinpol.com\/#organization"},"potentialAction":[{"@type":"SearchAction","target":{"@type":"EntryPoint","urlTemplate":"https:\/\/twinpol.com\/?s={search_term_string}"},"query-input":{"@type":"PropertyValueSpecification","valueRequired":true,"valueName":"search_term_string"}}],"inLanguage":"de"},{"@type":"Organization","@id":"https:\/\/twinpol.com\/#organization","name":"Twinpol","url":"https:\/\/twinpol.com\/","logo":{"@type":"ImageObject","inLanguage":"de","@id":"https:\/\/twinpol.com\/#\/schema\/logo\/image\/","url":"https:\/\/twinpol.com\/wp-content\/uploads\/2022\/10\/cropped-favicon.png","contentUrl":"https:\/\/twinpol.com\/wp-content\/uploads\/2022\/10\/cropped-favicon.png","width":512,"height":512,"caption":"Twinpol"},"image":{"@id":"https:\/\/twinpol.com\/#\/schema\/logo\/image\/"}}]}},"_links":{"self":[{"href":"https:\/\/twinpol.com\/de\/wp-json\/wp\/v2\/product\/22300","targetHints":{"allow":["GET"]}}],"collection":[{"href":"https:\/\/twinpol.com\/de\/wp-json\/wp\/v2\/product"}],"about":[{"href":"https:\/\/twinpol.com\/de\/wp-json\/wp\/v2\/types\/product"}],"wp:attachment":[{"href":"https:\/\/twinpol.com\/de\/wp-json\/wp\/v2\/media?parent=22300"}],"wp:term":[{"taxonomy":"product_brand","embeddable":true,"href":"https:\/\/twinpol.com\/de\/wp-json\/wp\/v2\/product_brand?post=22300"},{"taxonomy":"product_cat","embeddable":true,"href":"https:\/\/twinpol.com\/de\/wp-json\/wp\/v2\/product_cat?post=22300"},{"taxonomy":"product_tag","embeddable":true,"href":"https:\/\/twinpol.com\/de\/wp-json\/wp\/v2\/product_tag?post=22300"}],"curies":[{"name":"wp","href":"https:\/\/api.w.org\/{rel}","templated":true}]}}