{"id":22413,"date":"2026-04-29T13:09:38","date_gmt":"2026-04-29T13:09:38","guid":{"rendered":"https:\/\/twinpol.com\/product\/purenest-fr00229-90-purenest\/"},"modified":"2026-04-29T13:09:40","modified_gmt":"2026-04-29T13:09:40","slug":"purenest-fr00229-90-purenest","status":"publish","type":"product","link":"https:\/\/twinpol.com\/de\/produkt\/purenest-fr00229-90-purenest\/","title":{"rendered":"Tabletki do czyszczenia butelek, 90 szt"},"content":{"rendered":"<p><a href=\"https:\/\/twinpol.com\/wp-content\/uploads\/2026\/04\/KCH-FR00229_90_amz_de-FRISCHER-PROFESSIONAL-Tabletki-do-czyszczenia-butelek-90-szt-purenest.pdf\" target=\"_blank\" rel=\"noopener\" style=\"display:inline-block;padding:10px 20px;background:#2d5f2d;color:#fff;text-decoration:none;border-radius:6px;font-weight:500\">&#128196; Pobierz kart&#281; charakterystyki (SDS) [PDF]<\/a><\/p>\n<h3>Sk\u0142adniki INCI<\/h3>\n<p>Sodium Percarbonate, Citric Acid, Sodium Carbonate<\/p>\n<h3>Sk\u0142ad wg etykiety (648\/2004)<\/h3>\n<p>&lt;5 % niejonowe \u015brodki powierzchniowo czynne Wymagania dotycz\u0105ce zamkni\u0119\u0107 zabezpieczonych przed otwarciem przez dzieci oraz wyczuwalne dotykiem ostrze\u017cenia Opakowanie musi by\u0107 wyposa\u017cone w wyczuwalne dotykiem ostrze\u017cenie o niebezpiecze\u0144stwie dla niewidomych.<\/p>\n<h3>Sk\u0142ad (Sekcja 3 SDS)<\/h3>\n<p>\u2022 nadw\u0119glan sodu (komponent z nadtlenkiem wodoru (2:3)) (CAS 15630-89-4) \u2014 25-30<br \/>\u2022 Kwas cytrynowy (CAS 5949-29-1) \u2014 &lt;10<br \/>\u2022 W\u0119glan sodu (CAS 497-19-8) \u2014 &lt;10<\/p>\n","protected":false},"excerpt":{"rendered":"<p><strong>Pojemno\u015b\u0107:<\/strong> 90 szt &middot; <strong>Kod:<\/strong> FR00229_90_PureNest<\/p>","protected":false},"featured_media":0,"template":"","meta":[],"product_brand":[600],"product_cat":[20],"product_tag":[],"class_list":{"0":"post-22413","1":"product","2":"type-product","3":"status-publish","5":"product_brand-purenest","6":"product_cat-default","8":"first","9":"instock","10":"shipping-taxable","11":"product-type-simple"},"yoast_head":"<!-- This site is optimized with the Yoast SEO plugin v27.5 - https:\/\/yoast.com\/product\/yoast-seo-wordpress\/ -->\n<title>Tabletki do czyszczenia butelek, 90 szt - TwinPol<\/title>\n<meta name=\"robots\" content=\"index, follow, max-snippet:-1, max-image-preview:large, max-video-preview:-1\" \/>\n<link rel=\"canonical\" href=\"https:\/\/twinpol.com\/de\/produkt\/purenest-fr00229-90-purenest\/\" \/>\n<meta property=\"og:locale\" content=\"de_DE\" \/>\n<meta property=\"og:type\" content=\"article\" \/>\n<meta property=\"og:title\" content=\"Tabletki do czyszczenia butelek, 90 szt - TwinPol\" \/>\n<meta property=\"og:description\" content=\"Pojemno\u015b\u0107: 90 szt &middot; Kod: FR00229_90_PureNest\" \/>\n<meta property=\"og:url\" content=\"https:\/\/twinpol.com\/de\/produkt\/purenest-fr00229-90-purenest\/\" \/>\n<meta property=\"og:site_name\" content=\"TwinPol\" \/>\n<meta property=\"article:modified_time\" content=\"2026-04-29T13:09:40+00:00\" \/>\n<meta name=\"twitter:card\" content=\"summary_large_image\" \/>\n<script type=\"application\/ld+json\" class=\"yoast-schema-graph\">{\"@context\":\"https:\\\/\\\/schema.org\",\"@graph\":[{\"@type\":\"WebPage\",\"@id\":\"https:\\\/\\\/twinpol.com\\\/product\\\/purenest-fr00229-90-purenest\\\/\",\"url\":\"https:\\\/\\\/twinpol.com\\\/product\\\/purenest-fr00229-90-purenest\\\/\",\"name\":\"Tabletki do czyszczenia butelek, 90 szt - TwinPol\",\"isPartOf\":{\"@id\":\"https:\\\/\\\/twinpol.com\\\/#website\"},\"datePublished\":\"2026-04-29T13:09:38+00:00\",\"dateModified\":\"2026-04-29T13:09:40+00:00\",\"breadcrumb\":{\"@id\":\"https:\\\/\\\/twinpol.com\\\/product\\\/purenest-fr00229-90-purenest\\\/#breadcrumb\"},\"inLanguage\":\"de\",\"potentialAction\":[{\"@type\":\"ReadAction\",\"target\":[\"https:\\\/\\\/twinpol.com\\\/product\\\/purenest-fr00229-90-purenest\\\/\"]}]},{\"@type\":\"BreadcrumbList\",\"@id\":\"https:\\\/\\\/twinpol.com\\\/product\\\/purenest-fr00229-90-purenest\\\/#breadcrumb\",\"itemListElement\":[{\"@type\":\"ListItem\",\"position\":1,\"name\":\"Home\",\"item\":\"https:\\\/\\\/twinpol.com\\\/\"},{\"@type\":\"ListItem\",\"position\":2,\"name\":\"Products\",\"item\":\"https:\\\/\\\/twinpol.com\\\/products\\\/\"},{\"@type\":\"ListItem\",\"position\":3,\"name\":\"Tabletki do czyszczenia butelek, 90 szt\"}]},{\"@type\":\"WebSite\",\"@id\":\"https:\\\/\\\/twinpol.com\\\/#website\",\"url\":\"https:\\\/\\\/twinpol.com\\\/\",\"name\":\"Twinpol\",\"description\":\"Cleaning Supplies\",\"publisher\":{\"@id\":\"https:\\\/\\\/twinpol.com\\\/#organization\"},\"potentialAction\":[{\"@type\":\"SearchAction\",\"target\":{\"@type\":\"EntryPoint\",\"urlTemplate\":\"https:\\\/\\\/twinpol.com\\\/?s={search_term_string}\"},\"query-input\":{\"@type\":\"PropertyValueSpecification\",\"valueRequired\":true,\"valueName\":\"search_term_string\"}}],\"inLanguage\":\"de\"},{\"@type\":\"Organization\",\"@id\":\"https:\\\/\\\/twinpol.com\\\/#organization\",\"name\":\"Twinpol\",\"url\":\"https:\\\/\\\/twinpol.com\\\/\",\"logo\":{\"@type\":\"ImageObject\",\"inLanguage\":\"de\",\"@id\":\"https:\\\/\\\/twinpol.com\\\/#\\\/schema\\\/logo\\\/image\\\/\",\"url\":\"https:\\\/\\\/twinpol.com\\\/wp-content\\\/uploads\\\/2022\\\/10\\\/cropped-favicon.png\",\"contentUrl\":\"https:\\\/\\\/twinpol.com\\\/wp-content\\\/uploads\\\/2022\\\/10\\\/cropped-favicon.png\",\"width\":512,\"height\":512,\"caption\":\"Twinpol\"},\"image\":{\"@id\":\"https:\\\/\\\/twinpol.com\\\/#\\\/schema\\\/logo\\\/image\\\/\"}}]}<\/script>\n<!-- \/ Yoast SEO plugin. -->","yoast_head_json":{"title":"Tabletki do czyszczenia butelek, 90 szt - TwinPol","robots":{"index":"index","follow":"follow","max-snippet":"max-snippet:-1","max-image-preview":"max-image-preview:large","max-video-preview":"max-video-preview:-1"},"canonical":"https:\/\/twinpol.com\/de\/produkt\/purenest-fr00229-90-purenest\/","og_locale":"de_DE","og_type":"article","og_title":"Tabletki do czyszczenia butelek, 90 szt - TwinPol","og_description":"Pojemno\u015b\u0107: 90 szt &middot; Kod: FR00229_90_PureNest","og_url":"https:\/\/twinpol.com\/de\/produkt\/purenest-fr00229-90-purenest\/","og_site_name":"TwinPol","article_modified_time":"2026-04-29T13:09:40+00:00","twitter_card":"summary_large_image","schema":{"@context":"https:\/\/schema.org","@graph":[{"@type":"WebPage","@id":"https:\/\/twinpol.com\/product\/purenest-fr00229-90-purenest\/","url":"https:\/\/twinpol.com\/product\/purenest-fr00229-90-purenest\/","name":"Tabletki do czyszczenia butelek, 90 szt - TwinPol","isPartOf":{"@id":"https:\/\/twinpol.com\/#website"},"datePublished":"2026-04-29T13:09:38+00:00","dateModified":"2026-04-29T13:09:40+00:00","breadcrumb":{"@id":"https:\/\/twinpol.com\/product\/purenest-fr00229-90-purenest\/#breadcrumb"},"inLanguage":"de","potentialAction":[{"@type":"ReadAction","target":["https:\/\/twinpol.com\/product\/purenest-fr00229-90-purenest\/"]}]},{"@type":"BreadcrumbList","@id":"https:\/\/twinpol.com\/product\/purenest-fr00229-90-purenest\/#breadcrumb","itemListElement":[{"@type":"ListItem","position":1,"name":"Home","item":"https:\/\/twinpol.com\/"},{"@type":"ListItem","position":2,"name":"Products","item":"https:\/\/twinpol.com\/products\/"},{"@type":"ListItem","position":3,"name":"Tabletki do czyszczenia butelek, 90 szt"}]},{"@type":"WebSite","@id":"https:\/\/twinpol.com\/#website","url":"https:\/\/twinpol.com\/","name":"Twinpol","description":"Reinigungsmittel","publisher":{"@id":"https:\/\/twinpol.com\/#organization"},"potentialAction":[{"@type":"SearchAction","target":{"@type":"EntryPoint","urlTemplate":"https:\/\/twinpol.com\/?s={search_term_string}"},"query-input":{"@type":"PropertyValueSpecification","valueRequired":true,"valueName":"search_term_string"}}],"inLanguage":"de"},{"@type":"Organization","@id":"https:\/\/twinpol.com\/#organization","name":"Twinpol","url":"https:\/\/twinpol.com\/","logo":{"@type":"ImageObject","inLanguage":"de","@id":"https:\/\/twinpol.com\/#\/schema\/logo\/image\/","url":"https:\/\/twinpol.com\/wp-content\/uploads\/2022\/10\/cropped-favicon.png","contentUrl":"https:\/\/twinpol.com\/wp-content\/uploads\/2022\/10\/cropped-favicon.png","width":512,"height":512,"caption":"Twinpol"},"image":{"@id":"https:\/\/twinpol.com\/#\/schema\/logo\/image\/"}}]}},"_links":{"self":[{"href":"https:\/\/twinpol.com\/de\/wp-json\/wp\/v2\/product\/22413","targetHints":{"allow":["GET"]}}],"collection":[{"href":"https:\/\/twinpol.com\/de\/wp-json\/wp\/v2\/product"}],"about":[{"href":"https:\/\/twinpol.com\/de\/wp-json\/wp\/v2\/types\/product"}],"wp:attachment":[{"href":"https:\/\/twinpol.com\/de\/wp-json\/wp\/v2\/media?parent=22413"}],"wp:term":[{"taxonomy":"product_brand","embeddable":true,"href":"https:\/\/twinpol.com\/de\/wp-json\/wp\/v2\/product_brand?post=22413"},{"taxonomy":"product_cat","embeddable":true,"href":"https:\/\/twinpol.com\/de\/wp-json\/wp\/v2\/product_cat?post=22413"},{"taxonomy":"product_tag","embeddable":true,"href":"https:\/\/twinpol.com\/de\/wp-json\/wp\/v2\/product_tag?post=22413"}],"curies":[{"name":"wp","href":"https:\/\/api.w.org\/{rel}","templated":true}]}}