{"id":8813,"date":"2022-10-05T11:39:26","date_gmt":"2022-10-05T11:39:26","guid":{"rendered":"https:\/\/twinpol.mysites.io\/?post_type=product&#038;p=8813"},"modified":"2023-10-26T12:17:24","modified_gmt":"2023-10-26T12:17:24","slug":"fluid-for-lcd-led-oled-plasma-smartphone-tablet-notebook-screens","status":"publish","type":"product","link":"https:\/\/twinpol.com\/de\/produkt\/fluid-for-lcd-led-oled-plasma-smartphone-tablet-notebook-screens\/","title":{"rendered":"LCD-Bildschirmreinigungsfl\u00fcssigkeit, 500 ml"},"content":{"rendered":"<p><html><br \/>\n<head><br \/>\n\t<meta charset=\"UTF-8\"><br \/>\n\t<title>LCD-Bildschirm-Reinigungsfl\u00fcssigkeit - Hochwertig und wirkungsvoll<\/title><br \/>\n\t<meta name=\"description\" content=\"Mit unserer hochwertigen und effektiven Bildschirmreinigungsfl\u00fcssigkeit werden Ihre Bildschirme blitzblank. Perfekt zum Entfernen von Flecken, Fingerabdr\u00fccken und anderen Verschmutzungen von allen Arten von Bildschirmen.\"><br \/>\n<\/head><br \/>\n<body><\/p>\n<h1>LCD-Bildschirm-Reinigungsfl\u00fcssigkeit<\/h1>\n<div class=\"breadcrumbs\">\n  <a href=\"\/de\/\">Startseite<\/a> > <a href=\"\/de\/products\/\">Produkte<\/a> > <a href=\"\/de\/product-category\/screen\/\">Bildschirmreiniger<\/a> >\n<\/div>\n<h2>Hochwertige und wirksame LCD-Bildschirmreinigungsfl\u00fcssigkeit<\/h2>\n<p>Wenn Sie auf der Suche nach einer zuverl\u00e4ssigen und effektiven L\u00f6sung f\u00fcr die Bildschirmreinigung sind, sind Sie bei unserer Bildschirmreinigungsfl\u00fcssigkeit genau richtig. Unser Produkt wurde speziell entwickelt, um Schmutz, Flecken und Fingerabdr\u00fccke von allen Arten von Bildschirmen zu entfernen, einschlie\u00dflich LCD, LED, OLED und Plasma. Mit unserer LCD-Bildschirmreinigungsfl\u00fcssigkeit k\u00f6nnen Sie kristallklare Bildschirme ohne Schlieren oder R\u00fcckst\u00e4nde genie\u00dfen.<\/p>\n<h2>Sicher und einfach zu bedienen<\/h2>\n<p>Unsere LCD-Bildschirmreinigungsfl\u00fcssigkeit ist sicher und einfach in der Anwendung und damit die perfekte Wahl f\u00fcr den Gebrauch zu Hause und im B\u00fcro. Spr\u00fchen Sie einfach eine kleine Menge der Fl\u00fcssigkeit auf ein Mikrofasertuch und wischen Sie Ihren Bildschirm vorsichtig ab, bis er sauber ist. Unsere Formel ist so sanft, dass sie f\u00fcr alle Arten von Bildschirmen geeignet ist, und dennoch stark genug, um auch den st\u00e4rksten Schmutz zu entfernen. Au\u00dferdem ist unsere LCD-Bildschirmreinigungsfl\u00fcssigkeit alkoholfrei, was bedeutet, dass sie Ihre Bildschirme nicht besch\u00e4digt oder austrocknet.<\/p>\n<h2>Vorteile<\/h2>\n<ul>\n<li>Hochwertige und effektive Bildschirmreinigungsl\u00f6sung<\/li>\n<li>Entfernt Schmutz, Flecken und Fingerabdr\u00fccke von allen Arten von Bildschirmen<\/li>\n<li>Hinterl\u00e4sst keine Schlieren oder R\u00fcckst\u00e4nde<\/li>\n<li>Sicher und einfach in der Anwendung<\/li>\n<li>Sanfte Formel, die Ihre Bildschirme nicht besch\u00e4digt oder austrocknet<\/li>\n<li>Alkoholfrei<\/li>\n<\/ul>\n<p><\/body><br \/>\n<\/html><\/p>","protected":false},"excerpt":{"rendered":"<p><strong>Andere verf\u00fcgbare Kapazit\u00e4ten:<\/strong> 100ml\/250ml\/500ml<\/p>","protected":false},"featured_media":10045,"template":"","meta":[],"product_brand":[],"product_cat":[197],"product_tag":[],"class_list":{"0":"post-8813","1":"product","2":"type-product","3":"status-publish","4":"has-post-thumbnail","6":"product_cat-screen","8":"first","9":"instock","10":"shipping-taxable","11":"purchasable","12":"product-type-simple"},"yoast_head":"<!-- This site is optimized with the Yoast SEO plugin v27.4 - https:\/\/yoast.com\/product\/yoast-seo-wordpress\/ -->\n<title>LCD Screen cleaning liquid, 500 ml - TwinPol<\/title>\n<meta name=\"robots\" content=\"index, follow, max-snippet:-1, max-image-preview:large, max-video-preview:-1\" \/>\n<link rel=\"canonical\" href=\"https:\/\/twinpol.com\/de\/produkt\/fluid-for-lcd-led-oled-plasma-smartphone-tablet-notebook-screens\/\" \/>\n<meta property=\"og:locale\" content=\"de_DE\" \/>\n<meta property=\"og:type\" content=\"article\" \/>\n<meta property=\"og:title\" content=\"LCD Screen cleaning liquid, 500 ml - TwinPol\" \/>\n<meta property=\"og:description\" content=\"Other Available Capacities: 100ml\/250ml\/500ml\" \/>\n<meta property=\"og:url\" content=\"https:\/\/twinpol.com\/de\/produkt\/fluid-for-lcd-led-oled-plasma-smartphone-tablet-notebook-screens\/\" \/>\n<meta property=\"og:site_name\" content=\"TwinPol\" \/>\n<meta property=\"article:modified_time\" content=\"2023-10-26T12:17:24+00:00\" \/>\n<meta property=\"og:image\" content=\"https:\/\/twinpol.com\/wp-content\/uploads\/2022\/10\/FR02585T_Wizualizacja_www.png\" \/>\n\t<meta property=\"og:image:width\" content=\"800\" \/>\n\t<meta property=\"og:image:height\" content=\"800\" \/>\n\t<meta property=\"og:image:type\" content=\"image\/png\" \/>\n<meta name=\"twitter:card\" content=\"summary_large_image\" \/>\n<meta name=\"twitter:label1\" content=\"Gesch\u00e4tzte Lesezeit\" \/>\n\t<meta name=\"twitter:data1\" content=\"1\u00a0Minute\" \/>\n<script type=\"application\/ld+json\" class=\"yoast-schema-graph\">{\"@context\":\"https:\\\/\\\/schema.org\",\"@graph\":[{\"@type\":\"WebPage\",\"@id\":\"https:\\\/\\\/twinpol.com\\\/product\\\/fluid-for-lcd-led-oled-plasma-smartphone-tablet-notebook-screens\\\/\",\"url\":\"https:\\\/\\\/twinpol.com\\\/product\\\/fluid-for-lcd-led-oled-plasma-smartphone-tablet-notebook-screens\\\/\",\"name\":\"LCD Screen cleaning liquid, 500 ml - TwinPol\",\"isPartOf\":{\"@id\":\"https:\\\/\\\/twinpol.com\\\/#website\"},\"primaryImageOfPage\":{\"@id\":\"https:\\\/\\\/twinpol.com\\\/product\\\/fluid-for-lcd-led-oled-plasma-smartphone-tablet-notebook-screens\\\/#primaryimage\"},\"image\":{\"@id\":\"https:\\\/\\\/twinpol.com\\\/product\\\/fluid-for-lcd-led-oled-plasma-smartphone-tablet-notebook-screens\\\/#primaryimage\"},\"thumbnailUrl\":\"https:\\\/\\\/twinpol.com\\\/wp-content\\\/uploads\\\/2022\\\/10\\\/FR02585T_Wizualizacja_www.png\",\"datePublished\":\"2022-10-05T11:39:26+00:00\",\"dateModified\":\"2023-10-26T12:17:24+00:00\",\"breadcrumb\":{\"@id\":\"https:\\\/\\\/twinpol.com\\\/product\\\/fluid-for-lcd-led-oled-plasma-smartphone-tablet-notebook-screens\\\/#breadcrumb\"},\"inLanguage\":\"de\",\"potentialAction\":[{\"@type\":\"ReadAction\",\"target\":[\"https:\\\/\\\/twinpol.com\\\/product\\\/fluid-for-lcd-led-oled-plasma-smartphone-tablet-notebook-screens\\\/\"]}]},{\"@type\":\"ImageObject\",\"inLanguage\":\"de\",\"@id\":\"https:\\\/\\\/twinpol.com\\\/product\\\/fluid-for-lcd-led-oled-plasma-smartphone-tablet-notebook-screens\\\/#primaryimage\",\"url\":\"https:\\\/\\\/twinpol.com\\\/wp-content\\\/uploads\\\/2022\\\/10\\\/FR02585T_Wizualizacja_www.png\",\"contentUrl\":\"https:\\\/\\\/twinpol.com\\\/wp-content\\\/uploads\\\/2022\\\/10\\\/FR02585T_Wizualizacja_www.png\",\"width\":800,\"height\":800},{\"@type\":\"BreadcrumbList\",\"@id\":\"https:\\\/\\\/twinpol.com\\\/product\\\/fluid-for-lcd-led-oled-plasma-smartphone-tablet-notebook-screens\\\/#breadcrumb\",\"itemListElement\":[{\"@type\":\"ListItem\",\"position\":1,\"name\":\"Home\",\"item\":\"https:\\\/\\\/twinpol.com\\\/\"},{\"@type\":\"ListItem\",\"position\":2,\"name\":\"Products\",\"item\":\"https:\\\/\\\/twinpol.com\\\/products\\\/\"},{\"@type\":\"ListItem\",\"position\":3,\"name\":\"LCD Screen cleaning liquid, 500 ml\"}]},{\"@type\":\"WebSite\",\"@id\":\"https:\\\/\\\/twinpol.com\\\/#website\",\"url\":\"https:\\\/\\\/twinpol.com\\\/\",\"name\":\"Twinpol\",\"description\":\"Cleaning Supplies\",\"publisher\":{\"@id\":\"https:\\\/\\\/twinpol.com\\\/#organization\"},\"potentialAction\":[{\"@type\":\"SearchAction\",\"target\":{\"@type\":\"EntryPoint\",\"urlTemplate\":\"https:\\\/\\\/twinpol.com\\\/?s={search_term_string}\"},\"query-input\":{\"@type\":\"PropertyValueSpecification\",\"valueRequired\":true,\"valueName\":\"search_term_string\"}}],\"inLanguage\":\"de\"},{\"@type\":\"Organization\",\"@id\":\"https:\\\/\\\/twinpol.com\\\/#organization\",\"name\":\"Twinpol\",\"url\":\"https:\\\/\\\/twinpol.com\\\/\",\"logo\":{\"@type\":\"ImageObject\",\"inLanguage\":\"de\",\"@id\":\"https:\\\/\\\/twinpol.com\\\/#\\\/schema\\\/logo\\\/image\\\/\",\"url\":\"https:\\\/\\\/twinpol.com\\\/wp-content\\\/uploads\\\/2022\\\/10\\\/cropped-favicon.png\",\"contentUrl\":\"https:\\\/\\\/twinpol.com\\\/wp-content\\\/uploads\\\/2022\\\/10\\\/cropped-favicon.png\",\"width\":512,\"height\":512,\"caption\":\"Twinpol\"},\"image\":{\"@id\":\"https:\\\/\\\/twinpol.com\\\/#\\\/schema\\\/logo\\\/image\\\/\"}}]}<\/script>\n<!-- \/ Yoast SEO plugin. -->","yoast_head_json":{"title":"LCD-Bildschirmreinigungsfl\u00fcssigkeit, 500 ml - TwinPol","robots":{"index":"index","follow":"follow","max-snippet":"max-snippet:-1","max-image-preview":"max-image-preview:large","max-video-preview":"max-video-preview:-1"},"canonical":"https:\/\/twinpol.com\/de\/produkt\/fluid-for-lcd-led-oled-plasma-smartphone-tablet-notebook-screens\/","og_locale":"de_DE","og_type":"article","og_title":"LCD Screen cleaning liquid, 500 ml - TwinPol","og_description":"Other Available Capacities: 100ml\/250ml\/500ml","og_url":"https:\/\/twinpol.com\/de\/produkt\/fluid-for-lcd-led-oled-plasma-smartphone-tablet-notebook-screens\/","og_site_name":"TwinPol","article_modified_time":"2023-10-26T12:17:24+00:00","og_image":[{"width":800,"height":800,"url":"https:\/\/twinpol.com\/wp-content\/uploads\/2022\/10\/FR02585T_Wizualizacja_www.png","type":"image\/png"}],"twitter_card":"summary_large_image","twitter_misc":{"Gesch\u00e4tzte Lesezeit":"1\u00a0Minute"},"schema":{"@context":"https:\/\/schema.org","@graph":[{"@type":"WebPage","@id":"https:\/\/twinpol.com\/product\/fluid-for-lcd-led-oled-plasma-smartphone-tablet-notebook-screens\/","url":"https:\/\/twinpol.com\/product\/fluid-for-lcd-led-oled-plasma-smartphone-tablet-notebook-screens\/","name":"LCD-Bildschirmreinigungsfl\u00fcssigkeit, 500 ml - TwinPol","isPartOf":{"@id":"https:\/\/twinpol.com\/#website"},"primaryImageOfPage":{"@id":"https:\/\/twinpol.com\/product\/fluid-for-lcd-led-oled-plasma-smartphone-tablet-notebook-screens\/#primaryimage"},"image":{"@id":"https:\/\/twinpol.com\/product\/fluid-for-lcd-led-oled-plasma-smartphone-tablet-notebook-screens\/#primaryimage"},"thumbnailUrl":"https:\/\/twinpol.com\/wp-content\/uploads\/2022\/10\/FR02585T_Wizualizacja_www.png","datePublished":"2022-10-05T11:39:26+00:00","dateModified":"2023-10-26T12:17:24+00:00","breadcrumb":{"@id":"https:\/\/twinpol.com\/product\/fluid-for-lcd-led-oled-plasma-smartphone-tablet-notebook-screens\/#breadcrumb"},"inLanguage":"de","potentialAction":[{"@type":"ReadAction","target":["https:\/\/twinpol.com\/product\/fluid-for-lcd-led-oled-plasma-smartphone-tablet-notebook-screens\/"]}]},{"@type":"ImageObject","inLanguage":"de","@id":"https:\/\/twinpol.com\/product\/fluid-for-lcd-led-oled-plasma-smartphone-tablet-notebook-screens\/#primaryimage","url":"https:\/\/twinpol.com\/wp-content\/uploads\/2022\/10\/FR02585T_Wizualizacja_www.png","contentUrl":"https:\/\/twinpol.com\/wp-content\/uploads\/2022\/10\/FR02585T_Wizualizacja_www.png","width":800,"height":800},{"@type":"BreadcrumbList","@id":"https:\/\/twinpol.com\/product\/fluid-for-lcd-led-oled-plasma-smartphone-tablet-notebook-screens\/#breadcrumb","itemListElement":[{"@type":"ListItem","position":1,"name":"Home","item":"https:\/\/twinpol.com\/"},{"@type":"ListItem","position":2,"name":"Products","item":"https:\/\/twinpol.com\/products\/"},{"@type":"ListItem","position":3,"name":"LCD Screen cleaning liquid, 500 ml"}]},{"@type":"WebSite","@id":"https:\/\/twinpol.com\/#website","url":"https:\/\/twinpol.com\/","name":"Twinpol","description":"Reinigungsmittel","publisher":{"@id":"https:\/\/twinpol.com\/#organization"},"potentialAction":[{"@type":"SearchAction","target":{"@type":"EntryPoint","urlTemplate":"https:\/\/twinpol.com\/?s={search_term_string}"},"query-input":{"@type":"PropertyValueSpecification","valueRequired":true,"valueName":"search_term_string"}}],"inLanguage":"de"},{"@type":"Organization","@id":"https:\/\/twinpol.com\/#organization","name":"Twinpol","url":"https:\/\/twinpol.com\/","logo":{"@type":"ImageObject","inLanguage":"de","@id":"https:\/\/twinpol.com\/#\/schema\/logo\/image\/","url":"https:\/\/twinpol.com\/wp-content\/uploads\/2022\/10\/cropped-favicon.png","contentUrl":"https:\/\/twinpol.com\/wp-content\/uploads\/2022\/10\/cropped-favicon.png","width":512,"height":512,"caption":"Twinpol"},"image":{"@id":"https:\/\/twinpol.com\/#\/schema\/logo\/image\/"}}]}},"_links":{"self":[{"href":"https:\/\/twinpol.com\/de\/wp-json\/wp\/v2\/product\/8813","targetHints":{"allow":["GET"]}}],"collection":[{"href":"https:\/\/twinpol.com\/de\/wp-json\/wp\/v2\/product"}],"about":[{"href":"https:\/\/twinpol.com\/de\/wp-json\/wp\/v2\/types\/product"}],"wp:featuredmedia":[{"embeddable":true,"href":"https:\/\/twinpol.com\/de\/wp-json\/wp\/v2\/media\/10045"}],"wp:attachment":[{"href":"https:\/\/twinpol.com\/de\/wp-json\/wp\/v2\/media?parent=8813"}],"wp:term":[{"taxonomy":"product_brand","embeddable":true,"href":"https:\/\/twinpol.com\/de\/wp-json\/wp\/v2\/product_brand?post=8813"},{"taxonomy":"product_cat","embeddable":true,"href":"https:\/\/twinpol.com\/de\/wp-json\/wp\/v2\/product_cat?post=8813"},{"taxonomy":"product_tag","embeddable":true,"href":"https:\/\/twinpol.com\/de\/wp-json\/wp\/v2\/product_tag?post=8813"}],"curies":[{"name":"wp","href":"https:\/\/api.w.org\/{rel}","templated":true}]}}