{"id":9111,"date":"2022-10-25T14:39:57","date_gmt":"2022-10-25T14:39:57","guid":{"rendered":"https:\/\/twinpol.mysites.io\/?post_type=product&#038;p=9111"},"modified":"2023-04-27T06:49:05","modified_gmt":"2023-04-27T06:49:05","slug":"microwave-care-and-cleaning-liquid-250ml","status":"publish","type":"product","link":"https:\/\/twinpol.com\/de\/produkt\/mikrowellen-pflege-und-reinigungsflussigkeit-250ml\/","title":{"rendered":"Pflege- und Reinigungsfl\u00fcssigkeit f\u00fcr die Mikrowelle, 250 ml"},"content":{"rendered":"<p><html><br \/>\n<head><br \/>\n\t<title>Mikrowellen-Reinigungsfl\u00fcssigkeit - kraftvoll und effektiv | My Store<\/title><br \/>\n\t<meta name=\"description\" content=\"Mit unserer kraftvollen und effektiven Reinigungsfl\u00fcssigkeit wird Ihre Mikrowelle blitzsauber. Verabschieden Sie sich in nur wenigen Minuten von hartn\u00e4ckigen Flecken und Fett!\"><br \/>\n<\/head><br \/>\n<body><\/p>\n<h1> Mikrowellen-Reinigungsfl\u00fcssigkeit - kraftvoll und effektiv <\/h1>\n<div class=\"breadcrumbs\">\n  <a href=\"\/de\/\">Startseite<\/a> > <a href=\"\/de\/products\/\">Produkte<\/a> > <a href=\"\/de\/product-category\/kitchen\/\"> K\u00fcche<\/a> >\n<\/div>\n<h2> Verabschieden Sie sich von hartn\u00e4ckigen Flecken <\/h2>\n<p>\t\tDie Reinigung Ihrer Mikrowelle kann eine schwierige Aufgabe sein, vor allem, wenn sich hartn\u00e4ckige Flecken und Fett nicht entfernen lassen. Unsere Mikrowellen-Reinigungsfl\u00fcssigkeit wurde speziell entwickelt, um selbst die hartn\u00e4ckigsten Flecken m\u00fchelos zu entfernen. Tragen Sie einfach eine kleine Menge der Fl\u00fcssigkeit auf die Innenseite Ihrer Mikrowelle auf, lassen Sie sie ein paar Minuten einwirken und wischen Sie den Schmutz mit einem feuchten Tuch ab. So einfach geht's!\n\t<\/p>\n<p><h2> Schnell und einfach zu bedienen <\/h2>\n<p>\t\tUnsere Mikrowellen-Reinigungsfl\u00fcssigkeit ist nicht nur kraftvoll, sondern auch schnell und einfach in der Anwendung. In nur wenigen Minuten sieht Ihre Mikrowelle wieder aus wie neu. Und dank seiner kompakten Gr\u00f6\u00dfe l\u00e4sst es sich leicht in Ihrem Putzmittelschrank verstauen. Verabschieden Sie sich von schmutzigen, zeitaufw\u00e4ndigen Reinigungsmethoden f\u00fcr die Mikrowelle und begr\u00fc\u00dfen Sie eine m\u00fchelose Reinigungserfahrung!\n\t<\/p>\n<h2> Vorteile<\/h2>\n<ul>\n<li> Leistungsstark und effektiv <\/li>\n<li> Entfernt hartn\u00e4ckige Flecken und Fette <\/li>\n<li> Schnell und einfach zu bedienen <\/li>\n<li> Problemloses Reinigungserlebnis <\/li>\n<\/ul>\n<p><\/body><br \/>\n<\/html><\/p>","protected":false},"excerpt":{"rendered":"<p>Mikrowellen-Reinigungsfl\u00fcssigkeit - kraftvoll und effektiv | My Store Mikrowellen-Reinigungsfl\u00fcssigkeit - kraftvoll und effektiv Home &gt; Produkte<\/p>","protected":false},"featured_media":9509,"template":"","meta":[],"product_brand":[],"product_cat":[327],"product_tag":[],"class_list":{"0":"post-9111","1":"product","2":"type-product","3":"status-publish","4":"has-post-thumbnail","6":"product_cat-kitchen","8":"first","9":"instock","10":"shipping-taxable","11":"purchasable","12":"product-type-simple"},"yoast_head":"<!-- This site is optimized with the Yoast SEO plugin v27.4 - https:\/\/yoast.com\/product\/yoast-seo-wordpress\/ -->\n<title>Microwave care and cleaning liquid, 250 ml - TwinPol<\/title>\n<meta name=\"robots\" content=\"index, follow, max-snippet:-1, max-image-preview:large, max-video-preview:-1\" \/>\n<link rel=\"canonical\" href=\"https:\/\/twinpol.com\/de\/produkt\/mikrowellen-pflege-und-reinigungsflussigkeit-250ml\/\" \/>\n<meta property=\"og:locale\" content=\"de_DE\" \/>\n<meta property=\"og:type\" content=\"article\" \/>\n<meta property=\"og:title\" content=\"Microwave care and cleaning liquid, 250 ml - TwinPol\" \/>\n<meta property=\"og:description\" content=\"Microwave Cleaning Liquid &#8211; Powerful and Effective | My Store Microwave Cleaning Liquid &#8211; Powerful and Effective Home &gt; Products\" \/>\n<meta property=\"og:url\" content=\"https:\/\/twinpol.com\/de\/produkt\/mikrowellen-pflege-und-reinigungsflussigkeit-250ml\/\" \/>\n<meta property=\"og:site_name\" content=\"TwinPol\" \/>\n<meta property=\"article:modified_time\" content=\"2023-04-27T06:49:05+00:00\" \/>\n<meta property=\"og:image\" content=\"https:\/\/twinpol.com\/wp-content\/uploads\/2022\/11\/FR00001.png\" \/>\n\t<meta property=\"og:image:width\" content=\"1200\" \/>\n\t<meta property=\"og:image:height\" content=\"1200\" \/>\n\t<meta property=\"og:image:type\" content=\"image\/png\" \/>\n<meta name=\"twitter:card\" content=\"summary_large_image\" \/>\n<meta name=\"twitter:label1\" content=\"Gesch\u00e4tzte Lesezeit\" \/>\n\t<meta name=\"twitter:data1\" content=\"1\u00a0Minute\" \/>\n<script type=\"application\/ld+json\" class=\"yoast-schema-graph\">{\"@context\":\"https:\\\/\\\/schema.org\",\"@graph\":[{\"@type\":\"WebPage\",\"@id\":\"https:\\\/\\\/twinpol.com\\\/de\\\/produkt\\\/microwave-care-and-cleaning-liquid-250ml\\\/\",\"url\":\"https:\\\/\\\/twinpol.com\\\/de\\\/produkt\\\/microwave-care-and-cleaning-liquid-250ml\\\/\",\"name\":\"Microwave care and cleaning liquid, 250 ml - TwinPol\",\"isPartOf\":{\"@id\":\"https:\\\/\\\/twinpol.com\\\/#website\"},\"primaryImageOfPage\":{\"@id\":\"https:\\\/\\\/twinpol.com\\\/de\\\/produkt\\\/microwave-care-and-cleaning-liquid-250ml\\\/#primaryimage\"},\"image\":{\"@id\":\"https:\\\/\\\/twinpol.com\\\/de\\\/produkt\\\/microwave-care-and-cleaning-liquid-250ml\\\/#primaryimage\"},\"thumbnailUrl\":\"https:\\\/\\\/twinpol.com\\\/wp-content\\\/uploads\\\/2022\\\/11\\\/FR00001.png\",\"datePublished\":\"2022-10-25T14:39:57+00:00\",\"dateModified\":\"2023-04-27T06:49:05+00:00\",\"breadcrumb\":{\"@id\":\"https:\\\/\\\/twinpol.com\\\/de\\\/produkt\\\/microwave-care-and-cleaning-liquid-250ml\\\/#breadcrumb\"},\"inLanguage\":\"de\",\"potentialAction\":[{\"@type\":\"ReadAction\",\"target\":[\"https:\\\/\\\/twinpol.com\\\/de\\\/produkt\\\/microwave-care-and-cleaning-liquid-250ml\\\/\"]}]},{\"@type\":\"ImageObject\",\"inLanguage\":\"de\",\"@id\":\"https:\\\/\\\/twinpol.com\\\/de\\\/produkt\\\/microwave-care-and-cleaning-liquid-250ml\\\/#primaryimage\",\"url\":\"https:\\\/\\\/twinpol.com\\\/wp-content\\\/uploads\\\/2022\\\/11\\\/FR00001.png\",\"contentUrl\":\"https:\\\/\\\/twinpol.com\\\/wp-content\\\/uploads\\\/2022\\\/11\\\/FR00001.png\",\"width\":1200,\"height\":1200},{\"@type\":\"BreadcrumbList\",\"@id\":\"https:\\\/\\\/twinpol.com\\\/de\\\/produkt\\\/microwave-care-and-cleaning-liquid-250ml\\\/#breadcrumb\",\"itemListElement\":[{\"@type\":\"ListItem\",\"position\":1,\"name\":\"Home\",\"item\":\"https:\\\/\\\/twinpol.com\\\/\"},{\"@type\":\"ListItem\",\"position\":2,\"name\":\"Products\",\"item\":\"https:\\\/\\\/twinpol.com\\\/products\\\/\"},{\"@type\":\"ListItem\",\"position\":3,\"name\":\"Microwave care and cleaning liquid, 250 ml\"}]},{\"@type\":\"WebSite\",\"@id\":\"https:\\\/\\\/twinpol.com\\\/#website\",\"url\":\"https:\\\/\\\/twinpol.com\\\/\",\"name\":\"Twinpol\",\"description\":\"Cleaning Supplies\",\"publisher\":{\"@id\":\"https:\\\/\\\/twinpol.com\\\/#organization\"},\"potentialAction\":[{\"@type\":\"SearchAction\",\"target\":{\"@type\":\"EntryPoint\",\"urlTemplate\":\"https:\\\/\\\/twinpol.com\\\/?s={search_term_string}\"},\"query-input\":{\"@type\":\"PropertyValueSpecification\",\"valueRequired\":true,\"valueName\":\"search_term_string\"}}],\"inLanguage\":\"de\"},{\"@type\":\"Organization\",\"@id\":\"https:\\\/\\\/twinpol.com\\\/#organization\",\"name\":\"Twinpol\",\"url\":\"https:\\\/\\\/twinpol.com\\\/\",\"logo\":{\"@type\":\"ImageObject\",\"inLanguage\":\"de\",\"@id\":\"https:\\\/\\\/twinpol.com\\\/#\\\/schema\\\/logo\\\/image\\\/\",\"url\":\"https:\\\/\\\/twinpol.com\\\/wp-content\\\/uploads\\\/2022\\\/10\\\/cropped-favicon.png\",\"contentUrl\":\"https:\\\/\\\/twinpol.com\\\/wp-content\\\/uploads\\\/2022\\\/10\\\/cropped-favicon.png\",\"width\":512,\"height\":512,\"caption\":\"Twinpol\"},\"image\":{\"@id\":\"https:\\\/\\\/twinpol.com\\\/#\\\/schema\\\/logo\\\/image\\\/\"}}]}<\/script>\n<!-- \/ Yoast SEO plugin. -->","yoast_head_json":{"title":"Pflege- und Reinigungsfl\u00fcssigkeit f\u00fcr die Mikrowelle, 250 ml - TwinPol","robots":{"index":"index","follow":"follow","max-snippet":"max-snippet:-1","max-image-preview":"max-image-preview:large","max-video-preview":"max-video-preview:-1"},"canonical":"https:\/\/twinpol.com\/de\/produkt\/mikrowellen-pflege-und-reinigungsflussigkeit-250ml\/","og_locale":"de_DE","og_type":"article","og_title":"Microwave care and cleaning liquid, 250 ml - TwinPol","og_description":"Microwave Cleaning Liquid &#8211; Powerful and Effective | My Store Microwave Cleaning Liquid &#8211; Powerful and Effective Home > Products","og_url":"https:\/\/twinpol.com\/de\/produkt\/mikrowellen-pflege-und-reinigungsflussigkeit-250ml\/","og_site_name":"TwinPol","article_modified_time":"2023-04-27T06:49:05+00:00","og_image":[{"width":1200,"height":1200,"url":"https:\/\/twinpol.com\/wp-content\/uploads\/2022\/11\/FR00001.png","type":"image\/png"}],"twitter_card":"summary_large_image","twitter_misc":{"Gesch\u00e4tzte Lesezeit":"1\u00a0Minute"},"schema":{"@context":"https:\/\/schema.org","@graph":[{"@type":"WebPage","@id":"https:\/\/twinpol.com\/de\/produkt\/microwave-care-and-cleaning-liquid-250ml\/","url":"https:\/\/twinpol.com\/de\/produkt\/microwave-care-and-cleaning-liquid-250ml\/","name":"Pflege- und Reinigungsfl\u00fcssigkeit f\u00fcr die Mikrowelle, 250 ml - TwinPol","isPartOf":{"@id":"https:\/\/twinpol.com\/#website"},"primaryImageOfPage":{"@id":"https:\/\/twinpol.com\/de\/produkt\/microwave-care-and-cleaning-liquid-250ml\/#primaryimage"},"image":{"@id":"https:\/\/twinpol.com\/de\/produkt\/microwave-care-and-cleaning-liquid-250ml\/#primaryimage"},"thumbnailUrl":"https:\/\/twinpol.com\/wp-content\/uploads\/2022\/11\/FR00001.png","datePublished":"2022-10-25T14:39:57+00:00","dateModified":"2023-04-27T06:49:05+00:00","breadcrumb":{"@id":"https:\/\/twinpol.com\/de\/produkt\/microwave-care-and-cleaning-liquid-250ml\/#breadcrumb"},"inLanguage":"de","potentialAction":[{"@type":"ReadAction","target":["https:\/\/twinpol.com\/de\/produkt\/microwave-care-and-cleaning-liquid-250ml\/"]}]},{"@type":"ImageObject","inLanguage":"de","@id":"https:\/\/twinpol.com\/de\/produkt\/microwave-care-and-cleaning-liquid-250ml\/#primaryimage","url":"https:\/\/twinpol.com\/wp-content\/uploads\/2022\/11\/FR00001.png","contentUrl":"https:\/\/twinpol.com\/wp-content\/uploads\/2022\/11\/FR00001.png","width":1200,"height":1200},{"@type":"BreadcrumbList","@id":"https:\/\/twinpol.com\/de\/produkt\/microwave-care-and-cleaning-liquid-250ml\/#breadcrumb","itemListElement":[{"@type":"ListItem","position":1,"name":"Home","item":"https:\/\/twinpol.com\/"},{"@type":"ListItem","position":2,"name":"Products","item":"https:\/\/twinpol.com\/products\/"},{"@type":"ListItem","position":3,"name":"Microwave care and cleaning liquid, 250 ml"}]},{"@type":"WebSite","@id":"https:\/\/twinpol.com\/#website","url":"https:\/\/twinpol.com\/","name":"Twinpol","description":"Reinigungsmittel","publisher":{"@id":"https:\/\/twinpol.com\/#organization"},"potentialAction":[{"@type":"SearchAction","target":{"@type":"EntryPoint","urlTemplate":"https:\/\/twinpol.com\/?s={search_term_string}"},"query-input":{"@type":"PropertyValueSpecification","valueRequired":true,"valueName":"search_term_string"}}],"inLanguage":"de"},{"@type":"Organization","@id":"https:\/\/twinpol.com\/#organization","name":"Twinpol","url":"https:\/\/twinpol.com\/","logo":{"@type":"ImageObject","inLanguage":"de","@id":"https:\/\/twinpol.com\/#\/schema\/logo\/image\/","url":"https:\/\/twinpol.com\/wp-content\/uploads\/2022\/10\/cropped-favicon.png","contentUrl":"https:\/\/twinpol.com\/wp-content\/uploads\/2022\/10\/cropped-favicon.png","width":512,"height":512,"caption":"Twinpol"},"image":{"@id":"https:\/\/twinpol.com\/#\/schema\/logo\/image\/"}}]}},"_links":{"self":[{"href":"https:\/\/twinpol.com\/de\/wp-json\/wp\/v2\/product\/9111","targetHints":{"allow":["GET"]}}],"collection":[{"href":"https:\/\/twinpol.com\/de\/wp-json\/wp\/v2\/product"}],"about":[{"href":"https:\/\/twinpol.com\/de\/wp-json\/wp\/v2\/types\/product"}],"wp:featuredmedia":[{"embeddable":true,"href":"https:\/\/twinpol.com\/de\/wp-json\/wp\/v2\/media\/9509"}],"wp:attachment":[{"href":"https:\/\/twinpol.com\/de\/wp-json\/wp\/v2\/media?parent=9111"}],"wp:term":[{"taxonomy":"product_brand","embeddable":true,"href":"https:\/\/twinpol.com\/de\/wp-json\/wp\/v2\/product_brand?post=9111"},{"taxonomy":"product_cat","embeddable":true,"href":"https:\/\/twinpol.com\/de\/wp-json\/wp\/v2\/product_cat?post=9111"},{"taxonomy":"product_tag","embeddable":true,"href":"https:\/\/twinpol.com\/de\/wp-json\/wp\/v2\/product_tag?post=9111"}],"curies":[{"name":"wp","href":"https:\/\/api.w.org\/{rel}","templated":true}]}}