{"id":9113,"date":"2022-10-25T20:06:56","date_gmt":"2022-10-25T20:06:56","guid":{"rendered":"https:\/\/twinpol.mysites.io\/?post_type=product&#038;p=9113"},"modified":"2023-12-04T10:56:45","modified_gmt":"2023-12-04T10:56:45","slug":"degreaser-for-kitchen-gas-electric-induction-cooker-deep-fryers-etc-250-ml","status":"publish","type":"product","link":"https:\/\/twinpol.com\/de\/produkt\/fettloser-fur-kuchen-gas-elektro-induktionsherd-tiefkuhltruhen-etc-250-ml\/","title":{"rendered":"Entfetter f\u00fcr die K\u00fcche, 250 ml"},"content":{"rendered":"<p><html lang=\"en\"><br \/>\n<head><br \/>\n  <meta charset=\"UTF-8\"><br \/>\n  <meta name=\"viewport\" content=\"width=device-width, initial-scale=1.0\"><br \/>\n  <meta name=\"description\" content=\"Kraftvoller und effektiver Entfetter - entfernt hartn\u00e4ckigen Schmutz und Verunreinigungen.\"><br \/>\n  <title>Degreaser - Leistungsstarke und effektive Reinigungsl\u00f6sung<\/title><br \/>\n<\/head><br \/>\n<body><\/p>\n<h1>Entfetter f\u00fcr die K\u00fcche<\/h1>\n<div class=\"breadcrumbs\">\n  <a href=\"\/de\/\">Startseite<\/a> > <a href=\"\/de\/products\/\">Produkte<\/a> > <a href=\"\/de\/product-category\/kitchen\/\"> K\u00fcche<\/a> > <a href=\"https:\/\/twinpol.com\/de\/home\/degreasers\/\">Entfettungsmittel<\/a>\n<\/div>\n<h2>Effektive Reinigungskraft<\/h2>\n<p>Unser Entfetter ist die perfekte L\u00f6sung f\u00fcr die Entfernung von hartn\u00e4ckigem Schmutz und Dreck auf allen Oberfl\u00e4chen. Seine kraftvolle Formel wurde speziell entwickelt, um selbst die hartn\u00e4ckigsten Fett- und \u00d6lflecken zu durchdringen und aufzul\u00f6sen, sodass Ihre Oberfl\u00e4chen makellos und gl\u00e4nzend aussehen.<\/p>\n<h2>Sicher und einfach zu bedienen<\/h2>\n<p>Unser Entfetter ist sicher und leicht zu verwenden. Tragen Sie einfach eine kleine Menge der Fl\u00fcssigkeit auf die zu reinigende Oberfl\u00e4che auf, lassen Sie sie ein paar Minuten einwirken und wischen Sie sie dann mit einem feuchten Tuch ab. So einfach ist das! <\/p>\n<h2>Vorteile<\/h2>\n<ul>\n<li>Leistungsstarke und effektive Reinigungsl\u00f6sung<\/li>\n<li>Entfernt hartn\u00e4ckigen Schmutz und Dreck<\/li>\n<li>Sicher und einfach in der Anwendung<\/li>\n<li>Geeignet f\u00fcr den Einsatz auf allen Oberfl\u00e4chen<\/li>\n<\/ul>\n<p><\/body><br \/>\n<\/html><\/p>","protected":false},"excerpt":{"rendered":"<p>Entfetter - Leistungsstarke und effektive Reinigungsl\u00f6sung Entfetter f\u00fcr die K\u00fcche Home &gt; Produkte &gt; K\u00fcche &gt; Entfetter Leistungsstarke Reinigung<\/p>","protected":false},"featured_media":9510,"template":"","meta":[],"product_brand":[],"product_cat":[322,327],"product_tag":[],"class_list":{"0":"post-9113","1":"product","2":"type-product","3":"status-publish","4":"has-post-thumbnail","6":"product_cat-degreasers","7":"product_cat-kitchen","9":"first","10":"instock","11":"shipping-taxable","12":"purchasable","13":"product-type-simple"},"yoast_head":"<!-- This site is optimized with the Yoast SEO plugin v27.3 - https:\/\/yoast.com\/product\/yoast-seo-wordpress\/ -->\n<title>Degreaser for kitchen, 250 ml - TwinPol<\/title>\n<meta name=\"robots\" content=\"index, follow, max-snippet:-1, max-image-preview:large, max-video-preview:-1\" \/>\n<link rel=\"canonical\" href=\"https:\/\/twinpol.com\/de\/produkt\/fettloser-fur-kuchen-gas-elektro-induktionsherd-tiefkuhltruhen-etc-250-ml\/\" \/>\n<meta property=\"og:locale\" content=\"de_DE\" \/>\n<meta property=\"og:type\" content=\"article\" \/>\n<meta property=\"og:title\" content=\"Degreaser for kitchen, 250 ml - TwinPol\" \/>\n<meta property=\"og:description\" content=\"Degreaser &#8211; Powerful and Effective Cleaning Solution Degreaser for kitchen Home &gt; Products &gt; Kitchen &gt; Degreasers Effective Cleaning Power\" \/>\n<meta property=\"og:url\" content=\"https:\/\/twinpol.com\/de\/produkt\/fettloser-fur-kuchen-gas-elektro-induktionsherd-tiefkuhltruhen-etc-250-ml\/\" \/>\n<meta property=\"og:site_name\" content=\"TwinPol\" \/>\n<meta property=\"article:modified_time\" content=\"2023-12-04T10:56:45+00:00\" \/>\n<meta property=\"og:image\" content=\"https:\/\/twinpol.com\/wp-content\/uploads\/2022\/11\/FR00002.png\" \/>\n\t<meta property=\"og:image:width\" content=\"1200\" \/>\n\t<meta property=\"og:image:height\" content=\"1200\" \/>\n\t<meta property=\"og:image:type\" content=\"image\/png\" \/>\n<meta name=\"twitter:card\" content=\"summary_large_image\" \/>\n<meta name=\"twitter:label1\" content=\"Gesch\u00e4tzte Lesezeit\" \/>\n\t<meta name=\"twitter:data1\" content=\"1\u00a0Minute\" \/>\n<script type=\"application\/ld+json\" class=\"yoast-schema-graph\">{\"@context\":\"https:\\\/\\\/schema.org\",\"@graph\":[{\"@type\":\"WebPage\",\"@id\":\"https:\\\/\\\/twinpol.com\\\/product\\\/degreaser-for-kitchen-gas-electric-induction-cooker-deep-fryers-etc-250-ml\\\/\",\"url\":\"https:\\\/\\\/twinpol.com\\\/product\\\/degreaser-for-kitchen-gas-electric-induction-cooker-deep-fryers-etc-250-ml\\\/\",\"name\":\"Degreaser for kitchen, 250 ml - TwinPol\",\"isPartOf\":{\"@id\":\"https:\\\/\\\/twinpol.com\\\/#website\"},\"primaryImageOfPage\":{\"@id\":\"https:\\\/\\\/twinpol.com\\\/product\\\/degreaser-for-kitchen-gas-electric-induction-cooker-deep-fryers-etc-250-ml\\\/#primaryimage\"},\"image\":{\"@id\":\"https:\\\/\\\/twinpol.com\\\/product\\\/degreaser-for-kitchen-gas-electric-induction-cooker-deep-fryers-etc-250-ml\\\/#primaryimage\"},\"thumbnailUrl\":\"https:\\\/\\\/twinpol.com\\\/wp-content\\\/uploads\\\/2022\\\/11\\\/FR00002.png\",\"datePublished\":\"2022-10-25T20:06:56+00:00\",\"dateModified\":\"2023-12-04T10:56:45+00:00\",\"breadcrumb\":{\"@id\":\"https:\\\/\\\/twinpol.com\\\/product\\\/degreaser-for-kitchen-gas-electric-induction-cooker-deep-fryers-etc-250-ml\\\/#breadcrumb\"},\"inLanguage\":\"de\",\"potentialAction\":[{\"@type\":\"ReadAction\",\"target\":[\"https:\\\/\\\/twinpol.com\\\/product\\\/degreaser-for-kitchen-gas-electric-induction-cooker-deep-fryers-etc-250-ml\\\/\"]}]},{\"@type\":\"ImageObject\",\"inLanguage\":\"de\",\"@id\":\"https:\\\/\\\/twinpol.com\\\/product\\\/degreaser-for-kitchen-gas-electric-induction-cooker-deep-fryers-etc-250-ml\\\/#primaryimage\",\"url\":\"https:\\\/\\\/twinpol.com\\\/wp-content\\\/uploads\\\/2022\\\/11\\\/FR00002.png\",\"contentUrl\":\"https:\\\/\\\/twinpol.com\\\/wp-content\\\/uploads\\\/2022\\\/11\\\/FR00002.png\",\"width\":1200,\"height\":1200},{\"@type\":\"BreadcrumbList\",\"@id\":\"https:\\\/\\\/twinpol.com\\\/product\\\/degreaser-for-kitchen-gas-electric-induction-cooker-deep-fryers-etc-250-ml\\\/#breadcrumb\",\"itemListElement\":[{\"@type\":\"ListItem\",\"position\":1,\"name\":\"Home\",\"item\":\"https:\\\/\\\/twinpol.com\\\/\"},{\"@type\":\"ListItem\",\"position\":2,\"name\":\"Products\",\"item\":\"https:\\\/\\\/twinpol.com\\\/products\\\/\"},{\"@type\":\"ListItem\",\"position\":3,\"name\":\"Degreaser for kitchen, 250 ml\"}]},{\"@type\":\"WebSite\",\"@id\":\"https:\\\/\\\/twinpol.com\\\/#website\",\"url\":\"https:\\\/\\\/twinpol.com\\\/\",\"name\":\"Twinpol\",\"description\":\"Cleaning Supplies\",\"publisher\":{\"@id\":\"https:\\\/\\\/twinpol.com\\\/#organization\"},\"potentialAction\":[{\"@type\":\"SearchAction\",\"target\":{\"@type\":\"EntryPoint\",\"urlTemplate\":\"https:\\\/\\\/twinpol.com\\\/?s={search_term_string}\"},\"query-input\":{\"@type\":\"PropertyValueSpecification\",\"valueRequired\":true,\"valueName\":\"search_term_string\"}}],\"inLanguage\":\"de\"},{\"@type\":\"Organization\",\"@id\":\"https:\\\/\\\/twinpol.com\\\/#organization\",\"name\":\"Twinpol\",\"url\":\"https:\\\/\\\/twinpol.com\\\/\",\"logo\":{\"@type\":\"ImageObject\",\"inLanguage\":\"de\",\"@id\":\"https:\\\/\\\/twinpol.com\\\/#\\\/schema\\\/logo\\\/image\\\/\",\"url\":\"https:\\\/\\\/twinpol.com\\\/wp-content\\\/uploads\\\/2022\\\/10\\\/cropped-favicon.png\",\"contentUrl\":\"https:\\\/\\\/twinpol.com\\\/wp-content\\\/uploads\\\/2022\\\/10\\\/cropped-favicon.png\",\"width\":512,\"height\":512,\"caption\":\"Twinpol\"},\"image\":{\"@id\":\"https:\\\/\\\/twinpol.com\\\/#\\\/schema\\\/logo\\\/image\\\/\"}}]}<\/script>\n<!-- \/ Yoast SEO plugin. -->","yoast_head_json":{"title":"Entfetter f\u00fcr die K\u00fcche, 250 ml - TwinPol","robots":{"index":"index","follow":"follow","max-snippet":"max-snippet:-1","max-image-preview":"max-image-preview:large","max-video-preview":"max-video-preview:-1"},"canonical":"https:\/\/twinpol.com\/de\/produkt\/fettloser-fur-kuchen-gas-elektro-induktionsherd-tiefkuhltruhen-etc-250-ml\/","og_locale":"de_DE","og_type":"article","og_title":"Degreaser for kitchen, 250 ml - TwinPol","og_description":"Degreaser &#8211; Powerful and Effective Cleaning Solution Degreaser for kitchen Home > Products > Kitchen > Degreasers Effective Cleaning Power","og_url":"https:\/\/twinpol.com\/de\/produkt\/fettloser-fur-kuchen-gas-elektro-induktionsherd-tiefkuhltruhen-etc-250-ml\/","og_site_name":"TwinPol","article_modified_time":"2023-12-04T10:56:45+00:00","og_image":[{"width":1200,"height":1200,"url":"https:\/\/twinpol.com\/wp-content\/uploads\/2022\/11\/FR00002.png","type":"image\/png"}],"twitter_card":"summary_large_image","twitter_misc":{"Gesch\u00e4tzte Lesezeit":"1\u00a0Minute"},"schema":{"@context":"https:\/\/schema.org","@graph":[{"@type":"WebPage","@id":"https:\/\/twinpol.com\/product\/degreaser-for-kitchen-gas-electric-induction-cooker-deep-fryers-etc-250-ml\/","url":"https:\/\/twinpol.com\/product\/degreaser-for-kitchen-gas-electric-induction-cooker-deep-fryers-etc-250-ml\/","name":"Entfetter f\u00fcr die K\u00fcche, 250 ml - TwinPol","isPartOf":{"@id":"https:\/\/twinpol.com\/#website"},"primaryImageOfPage":{"@id":"https:\/\/twinpol.com\/product\/degreaser-for-kitchen-gas-electric-induction-cooker-deep-fryers-etc-250-ml\/#primaryimage"},"image":{"@id":"https:\/\/twinpol.com\/product\/degreaser-for-kitchen-gas-electric-induction-cooker-deep-fryers-etc-250-ml\/#primaryimage"},"thumbnailUrl":"https:\/\/twinpol.com\/wp-content\/uploads\/2022\/11\/FR00002.png","datePublished":"2022-10-25T20:06:56+00:00","dateModified":"2023-12-04T10:56:45+00:00","breadcrumb":{"@id":"https:\/\/twinpol.com\/product\/degreaser-for-kitchen-gas-electric-induction-cooker-deep-fryers-etc-250-ml\/#breadcrumb"},"inLanguage":"de","potentialAction":[{"@type":"ReadAction","target":["https:\/\/twinpol.com\/product\/degreaser-for-kitchen-gas-electric-induction-cooker-deep-fryers-etc-250-ml\/"]}]},{"@type":"ImageObject","inLanguage":"de","@id":"https:\/\/twinpol.com\/product\/degreaser-for-kitchen-gas-electric-induction-cooker-deep-fryers-etc-250-ml\/#primaryimage","url":"https:\/\/twinpol.com\/wp-content\/uploads\/2022\/11\/FR00002.png","contentUrl":"https:\/\/twinpol.com\/wp-content\/uploads\/2022\/11\/FR00002.png","width":1200,"height":1200},{"@type":"BreadcrumbList","@id":"https:\/\/twinpol.com\/product\/degreaser-for-kitchen-gas-electric-induction-cooker-deep-fryers-etc-250-ml\/#breadcrumb","itemListElement":[{"@type":"ListItem","position":1,"name":"Home","item":"https:\/\/twinpol.com\/"},{"@type":"ListItem","position":2,"name":"Products","item":"https:\/\/twinpol.com\/products\/"},{"@type":"ListItem","position":3,"name":"Degreaser for kitchen, 250 ml"}]},{"@type":"WebSite","@id":"https:\/\/twinpol.com\/#website","url":"https:\/\/twinpol.com\/","name":"Twinpol","description":"Reinigungsmittel","publisher":{"@id":"https:\/\/twinpol.com\/#organization"},"potentialAction":[{"@type":"SearchAction","target":{"@type":"EntryPoint","urlTemplate":"https:\/\/twinpol.com\/?s={search_term_string}"},"query-input":{"@type":"PropertyValueSpecification","valueRequired":true,"valueName":"search_term_string"}}],"inLanguage":"de"},{"@type":"Organization","@id":"https:\/\/twinpol.com\/#organization","name":"Twinpol","url":"https:\/\/twinpol.com\/","logo":{"@type":"ImageObject","inLanguage":"de","@id":"https:\/\/twinpol.com\/#\/schema\/logo\/image\/","url":"https:\/\/twinpol.com\/wp-content\/uploads\/2022\/10\/cropped-favicon.png","contentUrl":"https:\/\/twinpol.com\/wp-content\/uploads\/2022\/10\/cropped-favicon.png","width":512,"height":512,"caption":"Twinpol"},"image":{"@id":"https:\/\/twinpol.com\/#\/schema\/logo\/image\/"}}]}},"_links":{"self":[{"href":"https:\/\/twinpol.com\/de\/wp-json\/wp\/v2\/product\/9113","targetHints":{"allow":["GET"]}}],"collection":[{"href":"https:\/\/twinpol.com\/de\/wp-json\/wp\/v2\/product"}],"about":[{"href":"https:\/\/twinpol.com\/de\/wp-json\/wp\/v2\/types\/product"}],"wp:featuredmedia":[{"embeddable":true,"href":"https:\/\/twinpol.com\/de\/wp-json\/wp\/v2\/media\/9510"}],"wp:attachment":[{"href":"https:\/\/twinpol.com\/de\/wp-json\/wp\/v2\/media?parent=9113"}],"wp:term":[{"taxonomy":"product_brand","embeddable":true,"href":"https:\/\/twinpol.com\/de\/wp-json\/wp\/v2\/product_brand?post=9113"},{"taxonomy":"product_cat","embeddable":true,"href":"https:\/\/twinpol.com\/de\/wp-json\/wp\/v2\/product_cat?post=9113"},{"taxonomy":"product_tag","embeddable":true,"href":"https:\/\/twinpol.com\/de\/wp-json\/wp\/v2\/product_tag?post=9113"}],"curies":[{"name":"wp","href":"https:\/\/api.w.org\/{rel}","templated":true}]}}