{"id":9149,"date":"2022-11-02T14:25:49","date_gmt":"2022-11-02T14:25:49","guid":{"rendered":"https:\/\/twinpol.mysites.io\/?post_type=product&#038;p=9149"},"modified":"2023-10-26T12:28:24","modified_gmt":"2023-10-26T12:28:24","slug":"mobile-screen-cleaning-kit-2in1-100-ml","status":"publish","type":"product","link":"https:\/\/twinpol.com\/de\/produkt\/reinigungs-set-fur-lcd-oled-led-tablet-smartphones-plasma-bildschirme-2in1-100-ml-flussigkeit\/","title":{"rendered":"Handy-Bildschirmreinigungsset 2in1"},"content":{"rendered":"<p><html lang=\"en\"><br \/>\n<head><br \/>\n\t<meta charset=\"UTF-8\"><br \/>\n\t<title>Handy-Display-Reinigungsset - Halten Sie Ihr Handy sauber und aufger\u00e4umt<\/title><br \/>\n\t<meta name=\"description\" content=\"Holen Sie sich das beste Handy-Reinigungsset, um Ihr Telefon sauber und ordentlich zu halten. Mit unseren intuitiven und effektiven Reinigungswerkzeugen wird Ihr Handy immer optimal aussehen und funktionieren.\"><br \/>\n<\/head><br \/>\n<body><\/p>\n<h1>Handy-Bildschirmreinigungsset<\/h1>\n<div class=\"breadcrumbs\">\n  <a href=\"\/de\/\">Startseite<\/a> > <a href=\"\/de\/products\/\">Produkte<\/a> > <a href=\"\/de\/product-category\/screen\/\">Bildschirmreiniger<\/a> >\n<\/div>\n<h2>Intuitive und wirksame Reinigungswerkzeuge<\/h2>\n<p>Halten Sie Ihr Handy mit unserem Handy-Display-Reinigungsset sauber und aufger\u00e4umt. Unser Kit enth\u00e4lt alles, was Sie brauchen, um Schmutz, Fingerabdr\u00fccke und Flecken auf dem Bildschirm Ihres Telefons effektiv zu entfernen. Das Kit enth\u00e4lt ein Mikrofasertuch und eine Reinigungsfl\u00fcssigkeit.<\/p>\n<h2>Bequem und einfach zu bedienen<\/h2>\n<p>Unser Handy-Display-Reinigungsset ist praktisch und einfach in der Anwendung. Das Mikrofasertuch ist weich und sanft zum Bildschirm Ihres Handys, w\u00e4hrend die Reinigungsl\u00f6sung sicher und effektiv ist.<\/p>\n<h2>Vorteile<\/h2>\n<ul>\n<li>Entfernt wirkungsvoll Schmutz, Fingerabdr\u00fccke und Flecken<\/li>\n<li>Weiches und sanftes Mikrofasertuch zerkratzt nicht den Bildschirm Ihres Telefons<\/li>\n<li>Sichere und wirksame Reinigungsfl\u00fcssigkeit<\/li>\n<li>Bequem und einfach zu bedienen<\/li>\n<\/ul>\n<h2>Das Kit enth\u00e4lt:<\/h2>\n<ul>\n<li>Mobile Bildschirmreinigungsfl\u00fcssigkeit 100 ml<\/li>\n<li>Mikrofasertuch 20 x 20 cm<\/li>\n<\/ul>\n<p><\/body><br \/>\n<\/html><\/p>","protected":false},"excerpt":{"rendered":"<p>Mobile Screen Cleaning Kit - Halten Sie Ihr Telefon sauber und ordentlich Mobile Screen Cleaning Kit Home &gt; Produkte &gt; Screen<\/p>","protected":false},"featured_media":19972,"template":"","meta":[],"product_brand":[],"product_cat":[197],"product_tag":[],"class_list":{"0":"post-9149","1":"product","2":"type-product","3":"status-publish","4":"has-post-thumbnail","6":"product_cat-screen","8":"first","9":"instock","10":"shipping-taxable","11":"purchasable","12":"product-type-simple"},"yoast_head":"<!-- This site is optimized with the Yoast SEO plugin v27.3 - https:\/\/yoast.com\/product\/yoast-seo-wordpress\/ -->\n<title>Mobile screen cleaning kit 2in1 - TwinPol<\/title>\n<meta name=\"robots\" content=\"index, follow, max-snippet:-1, max-image-preview:large, max-video-preview:-1\" \/>\n<link rel=\"canonical\" href=\"https:\/\/twinpol.com\/de\/produkt\/reinigungs-set-fur-lcd-oled-led-tablet-smartphones-plasma-bildschirme-2in1-100-ml-flussigkeit\/\" \/>\n<meta property=\"og:locale\" content=\"de_DE\" \/>\n<meta property=\"og:type\" content=\"article\" \/>\n<meta property=\"og:title\" content=\"Mobile screen cleaning kit 2in1 - TwinPol\" \/>\n<meta property=\"og:description\" content=\"Mobile Screen Cleaning Kit &#8211; Keep Your Phone Clean and Tidy Mobile Screen Cleaning Kit Home &gt; Products &gt; Screen\" \/>\n<meta property=\"og:url\" content=\"https:\/\/twinpol.com\/de\/produkt\/reinigungs-set-fur-lcd-oled-led-tablet-smartphones-plasma-bildschirme-2in1-100-ml-flussigkeit\/\" \/>\n<meta property=\"og:site_name\" content=\"TwinPol\" \/>\n<meta property=\"article:modified_time\" content=\"2023-10-26T12:28:24+00:00\" \/>\n<meta property=\"og:image\" content=\"https:\/\/twinpol.com\/wp-content\/uploads\/2022\/11\/FR01867T_kit_box_Wizualizacja_high-800x800.png\" \/>\n\t<meta property=\"og:image:width\" content=\"800\" \/>\n\t<meta property=\"og:image:height\" content=\"800\" \/>\n\t<meta property=\"og:image:type\" content=\"image\/png\" \/>\n<meta name=\"twitter:card\" content=\"summary_large_image\" \/>\n<meta name=\"twitter:label1\" content=\"Gesch\u00e4tzte Lesezeit\" \/>\n\t<meta name=\"twitter:data1\" content=\"1\u00a0Minute\" \/>\n<script type=\"application\/ld+json\" class=\"yoast-schema-graph\">{\"@context\":\"https:\\\/\\\/schema.org\",\"@graph\":[{\"@type\":\"WebPage\",\"@id\":\"https:\\\/\\\/twinpol.com\\\/product\\\/mobile-screen-cleaning-kit-2in1-100-ml\\\/\",\"url\":\"https:\\\/\\\/twinpol.com\\\/product\\\/mobile-screen-cleaning-kit-2in1-100-ml\\\/\",\"name\":\"Mobile screen cleaning kit 2in1 - TwinPol\",\"isPartOf\":{\"@id\":\"https:\\\/\\\/twinpol.com\\\/#website\"},\"primaryImageOfPage\":{\"@id\":\"https:\\\/\\\/twinpol.com\\\/product\\\/mobile-screen-cleaning-kit-2in1-100-ml\\\/#primaryimage\"},\"image\":{\"@id\":\"https:\\\/\\\/twinpol.com\\\/product\\\/mobile-screen-cleaning-kit-2in1-100-ml\\\/#primaryimage\"},\"thumbnailUrl\":\"https:\\\/\\\/twinpol.com\\\/wp-content\\\/uploads\\\/2022\\\/11\\\/FR01867T_kit_box_Wizualizacja_high.png\",\"datePublished\":\"2022-11-02T14:25:49+00:00\",\"dateModified\":\"2023-10-26T12:28:24+00:00\",\"breadcrumb\":{\"@id\":\"https:\\\/\\\/twinpol.com\\\/product\\\/mobile-screen-cleaning-kit-2in1-100-ml\\\/#breadcrumb\"},\"inLanguage\":\"de\",\"potentialAction\":[{\"@type\":\"ReadAction\",\"target\":[\"https:\\\/\\\/twinpol.com\\\/product\\\/mobile-screen-cleaning-kit-2in1-100-ml\\\/\"]}]},{\"@type\":\"ImageObject\",\"inLanguage\":\"de\",\"@id\":\"https:\\\/\\\/twinpol.com\\\/product\\\/mobile-screen-cleaning-kit-2in1-100-ml\\\/#primaryimage\",\"url\":\"https:\\\/\\\/twinpol.com\\\/wp-content\\\/uploads\\\/2022\\\/11\\\/FR01867T_kit_box_Wizualizacja_high.png\",\"contentUrl\":\"https:\\\/\\\/twinpol.com\\\/wp-content\\\/uploads\\\/2022\\\/11\\\/FR01867T_kit_box_Wizualizacja_high.png\",\"width\":1800,\"height\":1800},{\"@type\":\"BreadcrumbList\",\"@id\":\"https:\\\/\\\/twinpol.com\\\/product\\\/mobile-screen-cleaning-kit-2in1-100-ml\\\/#breadcrumb\",\"itemListElement\":[{\"@type\":\"ListItem\",\"position\":1,\"name\":\"Home\",\"item\":\"https:\\\/\\\/twinpol.com\\\/\"},{\"@type\":\"ListItem\",\"position\":2,\"name\":\"Products\",\"item\":\"https:\\\/\\\/twinpol.com\\\/products\\\/\"},{\"@type\":\"ListItem\",\"position\":3,\"name\":\"Mobile screen cleaning kit 2in1\"}]},{\"@type\":\"WebSite\",\"@id\":\"https:\\\/\\\/twinpol.com\\\/#website\",\"url\":\"https:\\\/\\\/twinpol.com\\\/\",\"name\":\"Twinpol\",\"description\":\"Cleaning Supplies\",\"publisher\":{\"@id\":\"https:\\\/\\\/twinpol.com\\\/#organization\"},\"potentialAction\":[{\"@type\":\"SearchAction\",\"target\":{\"@type\":\"EntryPoint\",\"urlTemplate\":\"https:\\\/\\\/twinpol.com\\\/?s={search_term_string}\"},\"query-input\":{\"@type\":\"PropertyValueSpecification\",\"valueRequired\":true,\"valueName\":\"search_term_string\"}}],\"inLanguage\":\"de\"},{\"@type\":\"Organization\",\"@id\":\"https:\\\/\\\/twinpol.com\\\/#organization\",\"name\":\"Twinpol\",\"url\":\"https:\\\/\\\/twinpol.com\\\/\",\"logo\":{\"@type\":\"ImageObject\",\"inLanguage\":\"de\",\"@id\":\"https:\\\/\\\/twinpol.com\\\/#\\\/schema\\\/logo\\\/image\\\/\",\"url\":\"https:\\\/\\\/twinpol.com\\\/wp-content\\\/uploads\\\/2022\\\/10\\\/cropped-favicon.png\",\"contentUrl\":\"https:\\\/\\\/twinpol.com\\\/wp-content\\\/uploads\\\/2022\\\/10\\\/cropped-favicon.png\",\"width\":512,\"height\":512,\"caption\":\"Twinpol\"},\"image\":{\"@id\":\"https:\\\/\\\/twinpol.com\\\/#\\\/schema\\\/logo\\\/image\\\/\"}}]}<\/script>\n<!-- \/ Yoast SEO plugin. -->","yoast_head_json":{"title":"Handy-Bildschirmreinigungsset 2in1 - TwinPol","robots":{"index":"index","follow":"follow","max-snippet":"max-snippet:-1","max-image-preview":"max-image-preview:large","max-video-preview":"max-video-preview:-1"},"canonical":"https:\/\/twinpol.com\/de\/produkt\/reinigungs-set-fur-lcd-oled-led-tablet-smartphones-plasma-bildschirme-2in1-100-ml-flussigkeit\/","og_locale":"de_DE","og_type":"article","og_title":"Mobile screen cleaning kit 2in1 - TwinPol","og_description":"Mobile Screen Cleaning Kit &#8211; Keep Your Phone Clean and Tidy Mobile Screen Cleaning Kit Home > Products > Screen","og_url":"https:\/\/twinpol.com\/de\/produkt\/reinigungs-set-fur-lcd-oled-led-tablet-smartphones-plasma-bildschirme-2in1-100-ml-flussigkeit\/","og_site_name":"TwinPol","article_modified_time":"2023-10-26T12:28:24+00:00","og_image":[{"width":800,"height":800,"url":"https:\/\/twinpol.com\/wp-content\/uploads\/2022\/11\/FR01867T_kit_box_Wizualizacja_high-800x800.png","type":"image\/png"}],"twitter_card":"summary_large_image","twitter_misc":{"Gesch\u00e4tzte Lesezeit":"1\u00a0Minute"},"schema":{"@context":"https:\/\/schema.org","@graph":[{"@type":"WebPage","@id":"https:\/\/twinpol.com\/product\/mobile-screen-cleaning-kit-2in1-100-ml\/","url":"https:\/\/twinpol.com\/product\/mobile-screen-cleaning-kit-2in1-100-ml\/","name":"Handy-Bildschirmreinigungsset 2in1 - TwinPol","isPartOf":{"@id":"https:\/\/twinpol.com\/#website"},"primaryImageOfPage":{"@id":"https:\/\/twinpol.com\/product\/mobile-screen-cleaning-kit-2in1-100-ml\/#primaryimage"},"image":{"@id":"https:\/\/twinpol.com\/product\/mobile-screen-cleaning-kit-2in1-100-ml\/#primaryimage"},"thumbnailUrl":"https:\/\/twinpol.com\/wp-content\/uploads\/2022\/11\/FR01867T_kit_box_Wizualizacja_high.png","datePublished":"2022-11-02T14:25:49+00:00","dateModified":"2023-10-26T12:28:24+00:00","breadcrumb":{"@id":"https:\/\/twinpol.com\/product\/mobile-screen-cleaning-kit-2in1-100-ml\/#breadcrumb"},"inLanguage":"de","potentialAction":[{"@type":"ReadAction","target":["https:\/\/twinpol.com\/product\/mobile-screen-cleaning-kit-2in1-100-ml\/"]}]},{"@type":"ImageObject","inLanguage":"de","@id":"https:\/\/twinpol.com\/product\/mobile-screen-cleaning-kit-2in1-100-ml\/#primaryimage","url":"https:\/\/twinpol.com\/wp-content\/uploads\/2022\/11\/FR01867T_kit_box_Wizualizacja_high.png","contentUrl":"https:\/\/twinpol.com\/wp-content\/uploads\/2022\/11\/FR01867T_kit_box_Wizualizacja_high.png","width":1800,"height":1800},{"@type":"BreadcrumbList","@id":"https:\/\/twinpol.com\/product\/mobile-screen-cleaning-kit-2in1-100-ml\/#breadcrumb","itemListElement":[{"@type":"ListItem","position":1,"name":"Home","item":"https:\/\/twinpol.com\/"},{"@type":"ListItem","position":2,"name":"Products","item":"https:\/\/twinpol.com\/products\/"},{"@type":"ListItem","position":3,"name":"Mobile screen cleaning kit 2in1"}]},{"@type":"WebSite","@id":"https:\/\/twinpol.com\/#website","url":"https:\/\/twinpol.com\/","name":"Twinpol","description":"Reinigungsmittel","publisher":{"@id":"https:\/\/twinpol.com\/#organization"},"potentialAction":[{"@type":"SearchAction","target":{"@type":"EntryPoint","urlTemplate":"https:\/\/twinpol.com\/?s={search_term_string}"},"query-input":{"@type":"PropertyValueSpecification","valueRequired":true,"valueName":"search_term_string"}}],"inLanguage":"de"},{"@type":"Organization","@id":"https:\/\/twinpol.com\/#organization","name":"Twinpol","url":"https:\/\/twinpol.com\/","logo":{"@type":"ImageObject","inLanguage":"de","@id":"https:\/\/twinpol.com\/#\/schema\/logo\/image\/","url":"https:\/\/twinpol.com\/wp-content\/uploads\/2022\/10\/cropped-favicon.png","contentUrl":"https:\/\/twinpol.com\/wp-content\/uploads\/2022\/10\/cropped-favicon.png","width":512,"height":512,"caption":"Twinpol"},"image":{"@id":"https:\/\/twinpol.com\/#\/schema\/logo\/image\/"}}]}},"_links":{"self":[{"href":"https:\/\/twinpol.com\/de\/wp-json\/wp\/v2\/product\/9149","targetHints":{"allow":["GET"]}}],"collection":[{"href":"https:\/\/twinpol.com\/de\/wp-json\/wp\/v2\/product"}],"about":[{"href":"https:\/\/twinpol.com\/de\/wp-json\/wp\/v2\/types\/product"}],"wp:featuredmedia":[{"embeddable":true,"href":"https:\/\/twinpol.com\/de\/wp-json\/wp\/v2\/media\/19972"}],"wp:attachment":[{"href":"https:\/\/twinpol.com\/de\/wp-json\/wp\/v2\/media?parent=9149"}],"wp:term":[{"taxonomy":"product_brand","embeddable":true,"href":"https:\/\/twinpol.com\/de\/wp-json\/wp\/v2\/product_brand?post=9149"},{"taxonomy":"product_cat","embeddable":true,"href":"https:\/\/twinpol.com\/de\/wp-json\/wp\/v2\/product_cat?post=9149"},{"taxonomy":"product_tag","embeddable":true,"href":"https:\/\/twinpol.com\/de\/wp-json\/wp\/v2\/product_tag?post=9149"}],"curies":[{"name":"wp","href":"https:\/\/api.w.org\/{rel}","templated":true}]}}