{"id":9155,"date":"2022-11-02T14:38:44","date_gmt":"2022-11-02T14:38:44","guid":{"rendered":"https:\/\/twinpol.mysites.io\/?post_type=product&#038;p=9155"},"modified":"2023-10-26T12:32:01","modified_gmt":"2023-10-26T12:32:01","slug":"screen-cleaning-kit-4-in-1","status":"publish","type":"product","link":"https:\/\/twinpol.com\/de\/produkt\/tv-cleaning-set-for-lcd-led-oled-tablet-plasma-tv-screens-4in1-250-ml-fluid-30-ml-fluid-microfiber-30x30-cm-microfiber-20x20-cm\/","title":{"rendered":"Bildschirmreinigungsset 4in1"},"content":{"rendered":"<p><html><br \/>\n<head><br \/>\n\t<title>4 in 1 Reinigungsset<\/title><br \/>\n\t<meta name=\"description\" content=\"Halten Sie Ihre Bildschirme sauber mit unserem 4-in-1-Reinigungsset, bestehend aus 250 ml und 30 ml Reinigungsfl\u00fcssigkeit und zwei Mikrofasert\u00fcchern.\"><br \/>\n<\/head><br \/>\n<body><\/p>\n<h1>4 in 1 Reinigungsset<\/h1>\n<div class=\"breadcrumbs\">\n  <a href=\"\/de\/\">Startseite<\/a> > <a href=\"\/de\/products\/\">Produkte<\/a> > <a href=\"\/de\/product-category\/screen\/\">Bildschirmreiniger<\/a> >\n<\/div>\n<h2>Freie Sicht auf Ihre Bildschirme<\/h2>\n<p>Unser 4-in-1-Reinigungsset ist die perfekte L\u00f6sung, um Ihre Bildschirme kristallklar zu halten. Ganz gleich, ob Sie einen Laptop, einen Fernseher oder ein Smartphone verwenden, mit unserem Kit werden Ihre Bildschirme flecken- und schlierenfrei.<\/p>\n<h2>Eine komplette Reinigungsl\u00f6sung<\/h2>\n<p>Unser Kit enth\u00e4lt zwei Reinigungsfl\u00fcssigkeiten - eine 250-ml-Flasche f\u00fcr zu Hause oder das B\u00fcro und eine 30-ml-Flasche f\u00fcr unterwegs. Beide Formeln sind sicher f\u00fcr alle Arten von Bildschirmen, einschlie\u00dflich LCD, LED, OLED und Plasma. Das Kit enth\u00e4lt au\u00dferdem zwei Mikrofasert\u00fccher, die sanft zu Ihren Bildschirmen sind und keine Kratzer oder Fusseln hinterlassen.<\/p>\n<h2>Vorteile<\/h2>\n<ul>\n<li>Reinigt und sch\u00fctzt Ihre Bildschirme<\/li>\n<li>Sichere Verwendung auf allen Arten von Bildschirmen<\/li>\n<li>Zwei hochwertige Mikrofasert\u00fccher inklusive<\/li>\n<li>Zwei Reinigungsfl\u00fcssigkeiten in praktischen Gr\u00f6\u00dfen<\/li>\n<li>Einfach zu bedienen und hochwirksam<\/li>\n<\/ul>\n<h2>Das Kit enth\u00e4lt:<\/h2>\n<ul>\n<li>Bildschirmreinigungsfl\u00fcssigkeit 250 ml<\/li>\n<li>Bildschirmreinigungsfl\u00fcssigkeit 30 ml<\/li>\n<li>Mikrofasertuch 20 x 20 cm<\/li>\n<li>Mikrofasertuch 30 x 30 cm<\/li>\n<\/ul>\n<p><\/body><br \/>\n<\/html><\/p>","protected":false},"excerpt":{"rendered":"<p>4-in-1-Reinigungsset 4-in-1-Reinigungsset Startseite &gt; Produkte &gt; Bildschirmreiniger &gt; Klare Sicht bewahren<\/p>","protected":false},"featured_media":9156,"template":"","meta":[],"product_brand":[],"product_cat":[197],"product_tag":[],"class_list":{"0":"post-9155","1":"product","2":"type-product","3":"status-publish","4":"has-post-thumbnail","6":"product_cat-screen","8":"first","9":"instock","10":"shipping-taxable","11":"purchasable","12":"product-type-simple"},"yoast_head":"<!-- This site is optimized with the Yoast SEO plugin v27.3 - https:\/\/yoast.com\/product\/yoast-seo-wordpress\/ -->\n<title>Screen cleaning kit 4in1 - TwinPol<\/title>\n<meta name=\"robots\" content=\"index, follow, max-snippet:-1, max-image-preview:large, max-video-preview:-1\" \/>\n<link rel=\"canonical\" href=\"https:\/\/twinpol.com\/de\/produkt\/tv-cleaning-set-for-lcd-led-oled-tablet-plasma-tv-screens-4in1-250-ml-fluid-30-ml-fluid-microfiber-30x30-cm-microfiber-20x20-cm\/\" \/>\n<meta property=\"og:locale\" content=\"de_DE\" \/>\n<meta property=\"og:type\" content=\"article\" \/>\n<meta property=\"og:title\" content=\"Screen cleaning kit 4in1 - TwinPol\" \/>\n<meta property=\"og:description\" content=\"4 in 1 Cleaning Kit 4 in 1 Cleaning Kit Home &gt; Products &gt; Screen cleaners &gt; Maintain a Clear\" \/>\n<meta property=\"og:url\" content=\"https:\/\/twinpol.com\/de\/produkt\/tv-cleaning-set-for-lcd-led-oled-tablet-plasma-tv-screens-4in1-250-ml-fluid-30-ml-fluid-microfiber-30x30-cm-microfiber-20x20-cm\/\" \/>\n<meta property=\"og:site_name\" content=\"TwinPol\" \/>\n<meta property=\"article:modified_time\" content=\"2023-10-26T12:32:01+00:00\" \/>\n<meta property=\"og:image\" content=\"https:\/\/twinpol.com\/wp-content\/uploads\/2022\/11\/TV-Cleaning-Set-for-LCD-LED-OLED-Tablet-Plasma-TV-screens-4in1-250-ml-fluid-30-ML-fluid-microfiber-30x30-cm-microfiber-20x20-cm-box.png\" \/>\n\t<meta property=\"og:image:width\" content=\"2000\" \/>\n\t<meta property=\"og:image:height\" content=\"2000\" \/>\n\t<meta property=\"og:image:type\" content=\"image\/png\" \/>\n<meta name=\"twitter:card\" content=\"summary_large_image\" \/>\n<meta name=\"twitter:label1\" content=\"Gesch\u00e4tzte Lesezeit\" \/>\n\t<meta name=\"twitter:data1\" content=\"1\u00a0Minute\" \/>\n<script type=\"application\/ld+json\" class=\"yoast-schema-graph\">{\"@context\":\"https:\\\/\\\/schema.org\",\"@graph\":[{\"@type\":\"WebPage\",\"@id\":\"https:\\\/\\\/twinpol.com\\\/product\\\/screen-cleaning-kit-4-in-1\\\/\",\"url\":\"https:\\\/\\\/twinpol.com\\\/product\\\/screen-cleaning-kit-4-in-1\\\/\",\"name\":\"Screen cleaning kit 4in1 - TwinPol\",\"isPartOf\":{\"@id\":\"https:\\\/\\\/twinpol.com\\\/#website\"},\"primaryImageOfPage\":{\"@id\":\"https:\\\/\\\/twinpol.com\\\/product\\\/screen-cleaning-kit-4-in-1\\\/#primaryimage\"},\"image\":{\"@id\":\"https:\\\/\\\/twinpol.com\\\/product\\\/screen-cleaning-kit-4-in-1\\\/#primaryimage\"},\"thumbnailUrl\":\"https:\\\/\\\/twinpol.com\\\/wp-content\\\/uploads\\\/2022\\\/11\\\/TV-Cleaning-Set-for-LCD-LED-OLED-Tablet-Plasma-TV-screens-4in1-250-ml-fluid-30-ML-fluid-microfiber-30x30-cm-microfiber-20x20-cm-box.png\",\"datePublished\":\"2022-11-02T14:38:44+00:00\",\"dateModified\":\"2023-10-26T12:32:01+00:00\",\"breadcrumb\":{\"@id\":\"https:\\\/\\\/twinpol.com\\\/product\\\/screen-cleaning-kit-4-in-1\\\/#breadcrumb\"},\"inLanguage\":\"de\",\"potentialAction\":[{\"@type\":\"ReadAction\",\"target\":[\"https:\\\/\\\/twinpol.com\\\/product\\\/screen-cleaning-kit-4-in-1\\\/\"]}]},{\"@type\":\"ImageObject\",\"inLanguage\":\"de\",\"@id\":\"https:\\\/\\\/twinpol.com\\\/product\\\/screen-cleaning-kit-4-in-1\\\/#primaryimage\",\"url\":\"https:\\\/\\\/twinpol.com\\\/wp-content\\\/uploads\\\/2022\\\/11\\\/TV-Cleaning-Set-for-LCD-LED-OLED-Tablet-Plasma-TV-screens-4in1-250-ml-fluid-30-ML-fluid-microfiber-30x30-cm-microfiber-20x20-cm-box.png\",\"contentUrl\":\"https:\\\/\\\/twinpol.com\\\/wp-content\\\/uploads\\\/2022\\\/11\\\/TV-Cleaning-Set-for-LCD-LED-OLED-Tablet-Plasma-TV-screens-4in1-250-ml-fluid-30-ML-fluid-microfiber-30x30-cm-microfiber-20x20-cm-box.png\",\"width\":2000,\"height\":2000},{\"@type\":\"BreadcrumbList\",\"@id\":\"https:\\\/\\\/twinpol.com\\\/product\\\/screen-cleaning-kit-4-in-1\\\/#breadcrumb\",\"itemListElement\":[{\"@type\":\"ListItem\",\"position\":1,\"name\":\"Home\",\"item\":\"https:\\\/\\\/twinpol.com\\\/\"},{\"@type\":\"ListItem\",\"position\":2,\"name\":\"Products\",\"item\":\"https:\\\/\\\/twinpol.com\\\/products\\\/\"},{\"@type\":\"ListItem\",\"position\":3,\"name\":\"Screen cleaning kit 4in1\"}]},{\"@type\":\"WebSite\",\"@id\":\"https:\\\/\\\/twinpol.com\\\/#website\",\"url\":\"https:\\\/\\\/twinpol.com\\\/\",\"name\":\"Twinpol\",\"description\":\"Cleaning Supplies\",\"publisher\":{\"@id\":\"https:\\\/\\\/twinpol.com\\\/#organization\"},\"potentialAction\":[{\"@type\":\"SearchAction\",\"target\":{\"@type\":\"EntryPoint\",\"urlTemplate\":\"https:\\\/\\\/twinpol.com\\\/?s={search_term_string}\"},\"query-input\":{\"@type\":\"PropertyValueSpecification\",\"valueRequired\":true,\"valueName\":\"search_term_string\"}}],\"inLanguage\":\"de\"},{\"@type\":\"Organization\",\"@id\":\"https:\\\/\\\/twinpol.com\\\/#organization\",\"name\":\"Twinpol\",\"url\":\"https:\\\/\\\/twinpol.com\\\/\",\"logo\":{\"@type\":\"ImageObject\",\"inLanguage\":\"de\",\"@id\":\"https:\\\/\\\/twinpol.com\\\/#\\\/schema\\\/logo\\\/image\\\/\",\"url\":\"https:\\\/\\\/twinpol.com\\\/wp-content\\\/uploads\\\/2022\\\/10\\\/cropped-favicon.png\",\"contentUrl\":\"https:\\\/\\\/twinpol.com\\\/wp-content\\\/uploads\\\/2022\\\/10\\\/cropped-favicon.png\",\"width\":512,\"height\":512,\"caption\":\"Twinpol\"},\"image\":{\"@id\":\"https:\\\/\\\/twinpol.com\\\/#\\\/schema\\\/logo\\\/image\\\/\"}}]}<\/script>\n<!-- \/ Yoast SEO plugin. -->","yoast_head_json":{"title":"Bildschirmreinigungsset 4in1 - TwinPol","robots":{"index":"index","follow":"follow","max-snippet":"max-snippet:-1","max-image-preview":"max-image-preview:large","max-video-preview":"max-video-preview:-1"},"canonical":"https:\/\/twinpol.com\/de\/produkt\/tv-cleaning-set-for-lcd-led-oled-tablet-plasma-tv-screens-4in1-250-ml-fluid-30-ml-fluid-microfiber-30x30-cm-microfiber-20x20-cm\/","og_locale":"de_DE","og_type":"article","og_title":"Screen cleaning kit 4in1 - TwinPol","og_description":"4 in 1 Cleaning Kit 4 in 1 Cleaning Kit Home > Products > Screen cleaners > Maintain a Clear","og_url":"https:\/\/twinpol.com\/de\/produkt\/tv-cleaning-set-for-lcd-led-oled-tablet-plasma-tv-screens-4in1-250-ml-fluid-30-ml-fluid-microfiber-30x30-cm-microfiber-20x20-cm\/","og_site_name":"TwinPol","article_modified_time":"2023-10-26T12:32:01+00:00","og_image":[{"width":2000,"height":2000,"url":"https:\/\/twinpol.com\/wp-content\/uploads\/2022\/11\/TV-Cleaning-Set-for-LCD-LED-OLED-Tablet-Plasma-TV-screens-4in1-250-ml-fluid-30-ML-fluid-microfiber-30x30-cm-microfiber-20x20-cm-box.png","type":"image\/png"}],"twitter_card":"summary_large_image","twitter_misc":{"Gesch\u00e4tzte Lesezeit":"1\u00a0Minute"},"schema":{"@context":"https:\/\/schema.org","@graph":[{"@type":"WebPage","@id":"https:\/\/twinpol.com\/product\/screen-cleaning-kit-4-in-1\/","url":"https:\/\/twinpol.com\/product\/screen-cleaning-kit-4-in-1\/","name":"Bildschirmreinigungsset 4in1 - TwinPol","isPartOf":{"@id":"https:\/\/twinpol.com\/#website"},"primaryImageOfPage":{"@id":"https:\/\/twinpol.com\/product\/screen-cleaning-kit-4-in-1\/#primaryimage"},"image":{"@id":"https:\/\/twinpol.com\/product\/screen-cleaning-kit-4-in-1\/#primaryimage"},"thumbnailUrl":"https:\/\/twinpol.com\/wp-content\/uploads\/2022\/11\/TV-Cleaning-Set-for-LCD-LED-OLED-Tablet-Plasma-TV-screens-4in1-250-ml-fluid-30-ML-fluid-microfiber-30x30-cm-microfiber-20x20-cm-box.png","datePublished":"2022-11-02T14:38:44+00:00","dateModified":"2023-10-26T12:32:01+00:00","breadcrumb":{"@id":"https:\/\/twinpol.com\/product\/screen-cleaning-kit-4-in-1\/#breadcrumb"},"inLanguage":"de","potentialAction":[{"@type":"ReadAction","target":["https:\/\/twinpol.com\/product\/screen-cleaning-kit-4-in-1\/"]}]},{"@type":"ImageObject","inLanguage":"de","@id":"https:\/\/twinpol.com\/product\/screen-cleaning-kit-4-in-1\/#primaryimage","url":"https:\/\/twinpol.com\/wp-content\/uploads\/2022\/11\/TV-Cleaning-Set-for-LCD-LED-OLED-Tablet-Plasma-TV-screens-4in1-250-ml-fluid-30-ML-fluid-microfiber-30x30-cm-microfiber-20x20-cm-box.png","contentUrl":"https:\/\/twinpol.com\/wp-content\/uploads\/2022\/11\/TV-Cleaning-Set-for-LCD-LED-OLED-Tablet-Plasma-TV-screens-4in1-250-ml-fluid-30-ML-fluid-microfiber-30x30-cm-microfiber-20x20-cm-box.png","width":2000,"height":2000},{"@type":"BreadcrumbList","@id":"https:\/\/twinpol.com\/product\/screen-cleaning-kit-4-in-1\/#breadcrumb","itemListElement":[{"@type":"ListItem","position":1,"name":"Home","item":"https:\/\/twinpol.com\/"},{"@type":"ListItem","position":2,"name":"Products","item":"https:\/\/twinpol.com\/products\/"},{"@type":"ListItem","position":3,"name":"Screen cleaning kit 4in1"}]},{"@type":"WebSite","@id":"https:\/\/twinpol.com\/#website","url":"https:\/\/twinpol.com\/","name":"Twinpol","description":"Reinigungsmittel","publisher":{"@id":"https:\/\/twinpol.com\/#organization"},"potentialAction":[{"@type":"SearchAction","target":{"@type":"EntryPoint","urlTemplate":"https:\/\/twinpol.com\/?s={search_term_string}"},"query-input":{"@type":"PropertyValueSpecification","valueRequired":true,"valueName":"search_term_string"}}],"inLanguage":"de"},{"@type":"Organization","@id":"https:\/\/twinpol.com\/#organization","name":"Twinpol","url":"https:\/\/twinpol.com\/","logo":{"@type":"ImageObject","inLanguage":"de","@id":"https:\/\/twinpol.com\/#\/schema\/logo\/image\/","url":"https:\/\/twinpol.com\/wp-content\/uploads\/2022\/10\/cropped-favicon.png","contentUrl":"https:\/\/twinpol.com\/wp-content\/uploads\/2022\/10\/cropped-favicon.png","width":512,"height":512,"caption":"Twinpol"},"image":{"@id":"https:\/\/twinpol.com\/#\/schema\/logo\/image\/"}}]}},"_links":{"self":[{"href":"https:\/\/twinpol.com\/de\/wp-json\/wp\/v2\/product\/9155","targetHints":{"allow":["GET"]}}],"collection":[{"href":"https:\/\/twinpol.com\/de\/wp-json\/wp\/v2\/product"}],"about":[{"href":"https:\/\/twinpol.com\/de\/wp-json\/wp\/v2\/types\/product"}],"wp:featuredmedia":[{"embeddable":true,"href":"https:\/\/twinpol.com\/de\/wp-json\/wp\/v2\/media\/9156"}],"wp:attachment":[{"href":"https:\/\/twinpol.com\/de\/wp-json\/wp\/v2\/media?parent=9155"}],"wp:term":[{"taxonomy":"product_brand","embeddable":true,"href":"https:\/\/twinpol.com\/de\/wp-json\/wp\/v2\/product_brand?post=9155"},{"taxonomy":"product_cat","embeddable":true,"href":"https:\/\/twinpol.com\/de\/wp-json\/wp\/v2\/product_cat?post=9155"},{"taxonomy":"product_tag","embeddable":true,"href":"https:\/\/twinpol.com\/de\/wp-json\/wp\/v2\/product_tag?post=9155"}],"curies":[{"name":"wp","href":"https:\/\/api.w.org\/{rel}","templated":true}]}}