{"id":9165,"date":"2022-11-02T19:17:02","date_gmt":"2022-11-02T19:17:02","guid":{"rendered":"https:\/\/twinpol.mysites.io\/?post_type=product&#038;p=9165"},"modified":"2023-10-26T12:22:48","modified_gmt":"2023-10-26T12:22:48","slug":"office-cleaning-wipes-100-pcs","status":"publish","type":"product","link":"https:\/\/twinpol.com\/de\/produkt\/wet-wipes-for-office-100-pcs-big-size-13-x-15\/","title":{"rendered":"B\u00fcroreinigungst\u00fccher, 100 St\u00fcck"},"content":{"rendered":"<p><html><br \/>\n<head><br \/>\n\t<title>B\u00fcro-Reinigungst\u00fccher<\/title><br \/>\n\t<meta charset=\"UTF-8\"><br \/>\n\t<meta name=\"description\" content=\"Mit diesen hochwertigen Reinigungst\u00fcchern k\u00f6nnen Sie Ihr B\u00fcro effizient reinigen.\"><br \/>\n<\/head><br \/>\n<body><\/p>\n<h1>B\u00fcro-Reinigungst\u00fccher<\/h1>\n<div class=\"breadcrumbs\">\n  <a href=\"\/de\/\">Startseite<\/a> > <a href=\"\/de\/products\/\">Produkte<\/a> > <a href=\"\/de\/product-category\/office-equipment-workstation-cleaner\/\">B\u00fcroreinigung<\/a> > <a href=\"https:\/\/twinpol.com\/de\/home\/wipes\/\">Reinigungst\u00fccher<\/a> >\n<\/div>\n<h2>Effiziente Reinigung<\/h2>\n<p>Halten Sie Ihren Arbeitsplatz mit diesen hochwertigen B\u00fcroreinigungst\u00fcchern sauber und aufger\u00e4umt. Die T\u00fccher sind speziell f\u00fcr die Reinigung und Desinfektion Ihrer B\u00fcroger\u00e4te, einschlie\u00dflich Computerbildschirme, Tastaturen und Telefone, konzipiert. Mit diesen T\u00fcchern k\u00f6nnen Sie Staub, Schmutz und Keime beseitigen und so eine hygienische Umgebung f\u00fcr Sie und Ihre Kollegen schaffen.<\/p>\n<h2>Einfach zu benutzen<\/h2>\n<p>Diese Reinigungst\u00fccher f\u00fcr das B\u00fcro sind so konzipiert, dass sie einfach zu benutzen sind. Die T\u00fccher werden in einer gro\u00dfen Tube geliefert, aus der man sie bei Bedarf leicht entnehmen kann. Nehmen Sie einfach ein Tuch und schon sind Sie bereit f\u00fcr die Reinigung. Die T\u00fccher sind au\u00dferdem bereits angefeuchtet, sodass Sie kein Wasser oder Reinigungsmittel hinzuf\u00fcgen m\u00fcssen. Das spart Zeit und M\u00fche und macht es Ihnen leicht, Ihr B\u00fcro sauber und aufger\u00e4umt zu halten.<\/p>\n<h2>Vorteile<\/h2>\n<ul>\n<li>Reinigt und desinfiziert effizient B\u00fcroger\u00e4te<\/li>\n<li>Beseitigt Staub, Schmutz und Keime<\/li>\n<li>Leicht zu verwendende, vorbefeuchtete T\u00fccher<\/li>\n<li>Kommt in einer gro\u00dfen Tube f\u00fcr bequeme Dosierung<\/li>\n<\/ul>\n<p><\/body><br \/>\n<\/html><\/p>","protected":false},"excerpt":{"rendered":"<p>B\u00fcroreinigungst\u00fccher B\u00fcroreinigungst\u00fccher Home &gt; Produkte &gt; B\u00fcroreiniger &gt; Reinigungst\u00fccher &gt; Effiziente Reinigung Halten Sie Ihre<\/p>","protected":false},"featured_media":9166,"template":"","meta":[],"product_brand":[],"product_cat":[339,334],"product_tag":[],"class_list":{"0":"post-9165","1":"product","2":"type-product","3":"status-publish","4":"has-post-thumbnail","6":"product_cat-wipes","7":"product_cat-office-equipment-workstation-cleaner","9":"first","10":"instock","11":"shipping-taxable","12":"purchasable","13":"product-type-simple"},"yoast_head":"<!-- This site is optimized with the Yoast SEO plugin v27.4 - https:\/\/yoast.com\/product\/yoast-seo-wordpress\/ -->\n<title>Office cleaning wipes, 100 pcs - TwinPol<\/title>\n<meta name=\"robots\" content=\"index, follow, max-snippet:-1, max-image-preview:large, max-video-preview:-1\" \/>\n<link rel=\"canonical\" href=\"https:\/\/twinpol.com\/de\/produkt\/wet-wipes-for-office-100-pcs-big-size-13-x-15\/\" \/>\n<meta property=\"og:locale\" content=\"de_DE\" \/>\n<meta property=\"og:type\" content=\"article\" \/>\n<meta property=\"og:title\" content=\"Office cleaning wipes, 100 pcs - TwinPol\" \/>\n<meta property=\"og:description\" content=\"Office Cleaning Wipes Office Cleaning Wipes Home &gt; Products &gt; Office cleaner &gt; Cleaning wipes &gt; Efficient Cleaning Keep your\" \/>\n<meta property=\"og:url\" content=\"https:\/\/twinpol.com\/de\/produkt\/wet-wipes-for-office-100-pcs-big-size-13-x-15\/\" \/>\n<meta property=\"og:site_name\" content=\"TwinPol\" \/>\n<meta property=\"article:modified_time\" content=\"2023-10-26T12:22:48+00:00\" \/>\n<meta property=\"og:image\" content=\"https:\/\/twinpol.com\/wp-content\/uploads\/2022\/11\/Wet-wipes-for-office-100-pcs-big-size-13-x-15.png\" \/>\n\t<meta property=\"og:image:width\" content=\"2000\" \/>\n\t<meta property=\"og:image:height\" content=\"2000\" \/>\n\t<meta property=\"og:image:type\" content=\"image\/png\" \/>\n<meta name=\"twitter:card\" content=\"summary_large_image\" \/>\n<meta name=\"twitter:label1\" content=\"Gesch\u00e4tzte Lesezeit\" \/>\n\t<meta name=\"twitter:data1\" content=\"1\u00a0Minute\" \/>\n<script type=\"application\/ld+json\" class=\"yoast-schema-graph\">{\"@context\":\"https:\\\/\\\/schema.org\",\"@graph\":[{\"@type\":\"WebPage\",\"@id\":\"https:\\\/\\\/twinpol.com\\\/product\\\/office-cleaning-wipes-100-pcs\\\/\",\"url\":\"https:\\\/\\\/twinpol.com\\\/product\\\/office-cleaning-wipes-100-pcs\\\/\",\"name\":\"Office cleaning wipes, 100 pcs - TwinPol\",\"isPartOf\":{\"@id\":\"https:\\\/\\\/twinpol.com\\\/#website\"},\"primaryImageOfPage\":{\"@id\":\"https:\\\/\\\/twinpol.com\\\/product\\\/office-cleaning-wipes-100-pcs\\\/#primaryimage\"},\"image\":{\"@id\":\"https:\\\/\\\/twinpol.com\\\/product\\\/office-cleaning-wipes-100-pcs\\\/#primaryimage\"},\"thumbnailUrl\":\"https:\\\/\\\/twinpol.com\\\/wp-content\\\/uploads\\\/2022\\\/11\\\/Wet-wipes-for-office-100-pcs-big-size-13-x-15.png\",\"datePublished\":\"2022-11-02T19:17:02+00:00\",\"dateModified\":\"2023-10-26T12:22:48+00:00\",\"breadcrumb\":{\"@id\":\"https:\\\/\\\/twinpol.com\\\/product\\\/office-cleaning-wipes-100-pcs\\\/#breadcrumb\"},\"inLanguage\":\"de\",\"potentialAction\":[{\"@type\":\"ReadAction\",\"target\":[\"https:\\\/\\\/twinpol.com\\\/product\\\/office-cleaning-wipes-100-pcs\\\/\"]}]},{\"@type\":\"ImageObject\",\"inLanguage\":\"de\",\"@id\":\"https:\\\/\\\/twinpol.com\\\/product\\\/office-cleaning-wipes-100-pcs\\\/#primaryimage\",\"url\":\"https:\\\/\\\/twinpol.com\\\/wp-content\\\/uploads\\\/2022\\\/11\\\/Wet-wipes-for-office-100-pcs-big-size-13-x-15.png\",\"contentUrl\":\"https:\\\/\\\/twinpol.com\\\/wp-content\\\/uploads\\\/2022\\\/11\\\/Wet-wipes-for-office-100-pcs-big-size-13-x-15.png\",\"width\":2000,\"height\":2000},{\"@type\":\"BreadcrumbList\",\"@id\":\"https:\\\/\\\/twinpol.com\\\/product\\\/office-cleaning-wipes-100-pcs\\\/#breadcrumb\",\"itemListElement\":[{\"@type\":\"ListItem\",\"position\":1,\"name\":\"Home\",\"item\":\"https:\\\/\\\/twinpol.com\\\/\"},{\"@type\":\"ListItem\",\"position\":2,\"name\":\"Products\",\"item\":\"https:\\\/\\\/twinpol.com\\\/products\\\/\"},{\"@type\":\"ListItem\",\"position\":3,\"name\":\"Office cleaning wipes, 100 pcs\"}]},{\"@type\":\"WebSite\",\"@id\":\"https:\\\/\\\/twinpol.com\\\/#website\",\"url\":\"https:\\\/\\\/twinpol.com\\\/\",\"name\":\"Twinpol\",\"description\":\"Cleaning Supplies\",\"publisher\":{\"@id\":\"https:\\\/\\\/twinpol.com\\\/#organization\"},\"potentialAction\":[{\"@type\":\"SearchAction\",\"target\":{\"@type\":\"EntryPoint\",\"urlTemplate\":\"https:\\\/\\\/twinpol.com\\\/?s={search_term_string}\"},\"query-input\":{\"@type\":\"PropertyValueSpecification\",\"valueRequired\":true,\"valueName\":\"search_term_string\"}}],\"inLanguage\":\"de\"},{\"@type\":\"Organization\",\"@id\":\"https:\\\/\\\/twinpol.com\\\/#organization\",\"name\":\"Twinpol\",\"url\":\"https:\\\/\\\/twinpol.com\\\/\",\"logo\":{\"@type\":\"ImageObject\",\"inLanguage\":\"de\",\"@id\":\"https:\\\/\\\/twinpol.com\\\/#\\\/schema\\\/logo\\\/image\\\/\",\"url\":\"https:\\\/\\\/twinpol.com\\\/wp-content\\\/uploads\\\/2022\\\/10\\\/cropped-favicon.png\",\"contentUrl\":\"https:\\\/\\\/twinpol.com\\\/wp-content\\\/uploads\\\/2022\\\/10\\\/cropped-favicon.png\",\"width\":512,\"height\":512,\"caption\":\"Twinpol\"},\"image\":{\"@id\":\"https:\\\/\\\/twinpol.com\\\/#\\\/schema\\\/logo\\\/image\\\/\"}}]}<\/script>\n<!-- \/ Yoast SEO plugin. -->","yoast_head_json":{"title":"B\u00fcro-Reinigungst\u00fccher, 100 St\u00fcck - TwinPol","robots":{"index":"index","follow":"follow","max-snippet":"max-snippet:-1","max-image-preview":"max-image-preview:large","max-video-preview":"max-video-preview:-1"},"canonical":"https:\/\/twinpol.com\/de\/produkt\/wet-wipes-for-office-100-pcs-big-size-13-x-15\/","og_locale":"de_DE","og_type":"article","og_title":"Office cleaning wipes, 100 pcs - TwinPol","og_description":"Office Cleaning Wipes Office Cleaning Wipes Home > Products > Office cleaner > Cleaning wipes > Efficient Cleaning Keep your","og_url":"https:\/\/twinpol.com\/de\/produkt\/wet-wipes-for-office-100-pcs-big-size-13-x-15\/","og_site_name":"TwinPol","article_modified_time":"2023-10-26T12:22:48+00:00","og_image":[{"width":2000,"height":2000,"url":"https:\/\/twinpol.com\/wp-content\/uploads\/2022\/11\/Wet-wipes-for-office-100-pcs-big-size-13-x-15.png","type":"image\/png"}],"twitter_card":"summary_large_image","twitter_misc":{"Gesch\u00e4tzte Lesezeit":"1\u00a0Minute"},"schema":{"@context":"https:\/\/schema.org","@graph":[{"@type":"WebPage","@id":"https:\/\/twinpol.com\/product\/office-cleaning-wipes-100-pcs\/","url":"https:\/\/twinpol.com\/product\/office-cleaning-wipes-100-pcs\/","name":"B\u00fcro-Reinigungst\u00fccher, 100 St\u00fcck - TwinPol","isPartOf":{"@id":"https:\/\/twinpol.com\/#website"},"primaryImageOfPage":{"@id":"https:\/\/twinpol.com\/product\/office-cleaning-wipes-100-pcs\/#primaryimage"},"image":{"@id":"https:\/\/twinpol.com\/product\/office-cleaning-wipes-100-pcs\/#primaryimage"},"thumbnailUrl":"https:\/\/twinpol.com\/wp-content\/uploads\/2022\/11\/Wet-wipes-for-office-100-pcs-big-size-13-x-15.png","datePublished":"2022-11-02T19:17:02+00:00","dateModified":"2023-10-26T12:22:48+00:00","breadcrumb":{"@id":"https:\/\/twinpol.com\/product\/office-cleaning-wipes-100-pcs\/#breadcrumb"},"inLanguage":"de","potentialAction":[{"@type":"ReadAction","target":["https:\/\/twinpol.com\/product\/office-cleaning-wipes-100-pcs\/"]}]},{"@type":"ImageObject","inLanguage":"de","@id":"https:\/\/twinpol.com\/product\/office-cleaning-wipes-100-pcs\/#primaryimage","url":"https:\/\/twinpol.com\/wp-content\/uploads\/2022\/11\/Wet-wipes-for-office-100-pcs-big-size-13-x-15.png","contentUrl":"https:\/\/twinpol.com\/wp-content\/uploads\/2022\/11\/Wet-wipes-for-office-100-pcs-big-size-13-x-15.png","width":2000,"height":2000},{"@type":"BreadcrumbList","@id":"https:\/\/twinpol.com\/product\/office-cleaning-wipes-100-pcs\/#breadcrumb","itemListElement":[{"@type":"ListItem","position":1,"name":"Home","item":"https:\/\/twinpol.com\/"},{"@type":"ListItem","position":2,"name":"Products","item":"https:\/\/twinpol.com\/products\/"},{"@type":"ListItem","position":3,"name":"Office cleaning wipes, 100 pcs"}]},{"@type":"WebSite","@id":"https:\/\/twinpol.com\/#website","url":"https:\/\/twinpol.com\/","name":"Twinpol","description":"Reinigungsmittel","publisher":{"@id":"https:\/\/twinpol.com\/#organization"},"potentialAction":[{"@type":"SearchAction","target":{"@type":"EntryPoint","urlTemplate":"https:\/\/twinpol.com\/?s={search_term_string}"},"query-input":{"@type":"PropertyValueSpecification","valueRequired":true,"valueName":"search_term_string"}}],"inLanguage":"de"},{"@type":"Organization","@id":"https:\/\/twinpol.com\/#organization","name":"Twinpol","url":"https:\/\/twinpol.com\/","logo":{"@type":"ImageObject","inLanguage":"de","@id":"https:\/\/twinpol.com\/#\/schema\/logo\/image\/","url":"https:\/\/twinpol.com\/wp-content\/uploads\/2022\/10\/cropped-favicon.png","contentUrl":"https:\/\/twinpol.com\/wp-content\/uploads\/2022\/10\/cropped-favicon.png","width":512,"height":512,"caption":"Twinpol"},"image":{"@id":"https:\/\/twinpol.com\/#\/schema\/logo\/image\/"}}]}},"_links":{"self":[{"href":"https:\/\/twinpol.com\/de\/wp-json\/wp\/v2\/product\/9165","targetHints":{"allow":["GET"]}}],"collection":[{"href":"https:\/\/twinpol.com\/de\/wp-json\/wp\/v2\/product"}],"about":[{"href":"https:\/\/twinpol.com\/de\/wp-json\/wp\/v2\/types\/product"}],"wp:featuredmedia":[{"embeddable":true,"href":"https:\/\/twinpol.com\/de\/wp-json\/wp\/v2\/media\/9166"}],"wp:attachment":[{"href":"https:\/\/twinpol.com\/de\/wp-json\/wp\/v2\/media?parent=9165"}],"wp:term":[{"taxonomy":"product_brand","embeddable":true,"href":"https:\/\/twinpol.com\/de\/wp-json\/wp\/v2\/product_brand?post=9165"},{"taxonomy":"product_cat","embeddable":true,"href":"https:\/\/twinpol.com\/de\/wp-json\/wp\/v2\/product_cat?post=9165"},{"taxonomy":"product_tag","embeddable":true,"href":"https:\/\/twinpol.com\/de\/wp-json\/wp\/v2\/product_tag?post=9165"}],"curies":[{"name":"wp","href":"https:\/\/api.w.org\/{rel}","templated":true}]}}