{"id":9170,"date":"2022-11-02T21:21:17","date_gmt":"2022-11-02T21:21:17","guid":{"rendered":"https:\/\/twinpol.mysites.io\/?post_type=product&#038;p=9170"},"modified":"2023-08-17T10:27:02","modified_gmt":"2023-08-17T10:27:02","slug":"microwave-care-and-cleaning-liquid-500ml","status":"publish","type":"product","link":"https:\/\/twinpol.com\/de\/produkt\/mikrowellen-pflege-und-reinigungsflussigkeit-500ml\/","title":{"rendered":"Pflege- und Reinigungsfl\u00fcssigkeit f\u00fcr die Mikrowelle, 500 ml"},"content":{"rendered":"<p><html><br \/>\n<head><br \/>\n\t<title>Mikrowellen-Reinigungsfl\u00fcssigkeit<\/title><br \/>\n\t<meta name=\"description\" content=\"MicroClean ist eine leistungsstarke Reinigungsfl\u00fcssigkeit, die hartn\u00e4ckige Flecken und Ger\u00fcche aus Ihrer Mikrowelle m\u00fchelos entfernt. Halten Sie Ihre Mikrowelle sauber und frisch mit MicroClean.\"><br \/>\n<\/head><br \/>\n<body><\/p>\n<h1>Mikrowellen-Reinigungsfl\u00fcssigkeit<\/h1>\n<div class=\"breadcrumbs\">\n  <a href=\"\/de\/\">Startseite<\/a> > <a href=\"\/de\/products\/\">Produkte<\/a> > <a href=\"\/de\/product-category\/kitchen\/\"> K\u00fcche<\/a> >\n<\/div>\n<h2>Effektive Reinigungsl\u00f6sung f\u00fcr Mikrowellen<\/h2>\n<p>Unsere Mikrowellen-Reinigungsfl\u00fcssigkeit ist eine hochwirksame Reinigungsfl\u00fcssigkeit, die speziell entwickelt wurde, um hartn\u00e4ckige Flecken und unangenehme Ger\u00fcche aus Ihrer Mikrowelle zu entfernen. Die leistungsstarken Reinigungsmittel dringen tief in die Mikrowelle ein, um selbst den hartn\u00e4ckigsten Schmutz und das meiste Fett aufzul\u00f6sen und Ihre Mikrowelle sauber und frisch zu machen.<\/p>\n<h2>Einfach zu benutzen<\/h2>\n<p>MicroClean ist unglaublich einfach zu verwenden. Spr\u00fchen Sie die Fl\u00fcssigkeit einfach auf das Innere Ihrer Mikrowelle und lassen Sie sie ein paar Minuten einwirken. Die leistungsstarke Formel beginnt dann mit ihrer Arbeit, indem sie alle Spuren von Schmutz, Dreck und Fett abbaut und aufl\u00f6st. Zum Schluss wischen Sie das Innere Ihrer Mikrowelle mit einem Tuch sauber.<\/p>\n<h2>Vorteile<\/h2>\n<ul>\n<li>Entfernt hartn\u00e4ckige Flecken und Ger\u00fcche<\/li>\n<li>Leistungsstarke Reinigungsmittel dringen tief in die Mikrowelle ein<\/li>\n<li>Hinterl\u00e4sst Ihre Mikrowelle sauber und frisch<\/li>\n<li>Einfache Anwendung - einfach spr\u00fchen, warten und abwischen<\/li>\n<li>Sicher f\u00fcr die Verwendung auf allen Mikrowellenoberfl\u00e4chen<\/li>\n<\/ul>\n<p><\/body><br \/>\n<\/html><\/p>","protected":false},"excerpt":{"rendered":"<p>Reinigungsfl\u00fcssigkeit f\u00fcr die Mikrowelle Reinigungsfl\u00fcssigkeit f\u00fcr die Mikrowelle Home &gt; Produkte &gt; K\u00fcche &gt; Effektive Reinigungsl\u00f6sung f\u00fcr die Mikrowelle Unsere Reinigungsfl\u00fcssigkeit f\u00fcr die Mikrowelle<\/p>","protected":false},"featured_media":9509,"template":"","meta":[],"product_brand":[],"product_cat":[327],"product_tag":[],"class_list":{"0":"post-9170","1":"product","2":"type-product","3":"status-publish","4":"has-post-thumbnail","6":"product_cat-kitchen","8":"first","9":"instock","10":"shipping-taxable","11":"purchasable","12":"product-type-simple"},"yoast_head":"<!-- This site is optimized with the Yoast SEO plugin v27.4 - https:\/\/yoast.com\/product\/yoast-seo-wordpress\/ -->\n<title>Microwave care and cleaning liquid, 500 ml - TwinPol<\/title>\n<meta name=\"robots\" content=\"index, follow, max-snippet:-1, max-image-preview:large, max-video-preview:-1\" \/>\n<link rel=\"canonical\" href=\"https:\/\/twinpol.com\/de\/produkt\/mikrowellen-pflege-und-reinigungsflussigkeit-500ml\/\" \/>\n<meta property=\"og:locale\" content=\"de_DE\" \/>\n<meta property=\"og:type\" content=\"article\" \/>\n<meta property=\"og:title\" content=\"Microwave care and cleaning liquid, 500 ml - TwinPol\" \/>\n<meta property=\"og:description\" content=\"Microwave Cleaning Liquid Microwave Cleaning Liquid Home &gt; Products &gt; Kitchen &gt; Effective Microwave Cleaning Solution Our microwave cleaning liquid\" \/>\n<meta property=\"og:url\" content=\"https:\/\/twinpol.com\/de\/produkt\/mikrowellen-pflege-und-reinigungsflussigkeit-500ml\/\" \/>\n<meta property=\"og:site_name\" content=\"TwinPol\" \/>\n<meta property=\"article:modified_time\" content=\"2023-08-17T10:27:02+00:00\" \/>\n<meta property=\"og:image\" content=\"https:\/\/twinpol.com\/wp-content\/uploads\/2022\/11\/FR00001.png\" \/>\n\t<meta property=\"og:image:width\" content=\"1200\" \/>\n\t<meta property=\"og:image:height\" content=\"1200\" \/>\n\t<meta property=\"og:image:type\" content=\"image\/png\" \/>\n<meta name=\"twitter:card\" content=\"summary_large_image\" \/>\n<meta name=\"twitter:label1\" content=\"Gesch\u00e4tzte Lesezeit\" \/>\n\t<meta name=\"twitter:data1\" content=\"1\u00a0Minute\" \/>\n<script type=\"application\/ld+json\" class=\"yoast-schema-graph\">{\"@context\":\"https:\\\/\\\/schema.org\",\"@graph\":[{\"@type\":\"WebPage\",\"@id\":\"https:\\\/\\\/twinpol.com\\\/product\\\/microwave-care-and-cleaning-liquid-500ml\\\/\",\"url\":\"https:\\\/\\\/twinpol.com\\\/product\\\/microwave-care-and-cleaning-liquid-500ml\\\/\",\"name\":\"Microwave care and cleaning liquid, 500 ml - TwinPol\",\"isPartOf\":{\"@id\":\"https:\\\/\\\/twinpol.com\\\/#website\"},\"primaryImageOfPage\":{\"@id\":\"https:\\\/\\\/twinpol.com\\\/product\\\/microwave-care-and-cleaning-liquid-500ml\\\/#primaryimage\"},\"image\":{\"@id\":\"https:\\\/\\\/twinpol.com\\\/product\\\/microwave-care-and-cleaning-liquid-500ml\\\/#primaryimage\"},\"thumbnailUrl\":\"https:\\\/\\\/twinpol.com\\\/wp-content\\\/uploads\\\/2022\\\/11\\\/FR00001.png\",\"datePublished\":\"2022-11-02T21:21:17+00:00\",\"dateModified\":\"2023-08-17T10:27:02+00:00\",\"breadcrumb\":{\"@id\":\"https:\\\/\\\/twinpol.com\\\/product\\\/microwave-care-and-cleaning-liquid-500ml\\\/#breadcrumb\"},\"inLanguage\":\"de\",\"potentialAction\":[{\"@type\":\"ReadAction\",\"target\":[\"https:\\\/\\\/twinpol.com\\\/product\\\/microwave-care-and-cleaning-liquid-500ml\\\/\"]}]},{\"@type\":\"ImageObject\",\"inLanguage\":\"de\",\"@id\":\"https:\\\/\\\/twinpol.com\\\/product\\\/microwave-care-and-cleaning-liquid-500ml\\\/#primaryimage\",\"url\":\"https:\\\/\\\/twinpol.com\\\/wp-content\\\/uploads\\\/2022\\\/11\\\/FR00001.png\",\"contentUrl\":\"https:\\\/\\\/twinpol.com\\\/wp-content\\\/uploads\\\/2022\\\/11\\\/FR00001.png\",\"width\":1200,\"height\":1200},{\"@type\":\"BreadcrumbList\",\"@id\":\"https:\\\/\\\/twinpol.com\\\/product\\\/microwave-care-and-cleaning-liquid-500ml\\\/#breadcrumb\",\"itemListElement\":[{\"@type\":\"ListItem\",\"position\":1,\"name\":\"Home\",\"item\":\"https:\\\/\\\/twinpol.com\\\/\"},{\"@type\":\"ListItem\",\"position\":2,\"name\":\"Products\",\"item\":\"https:\\\/\\\/twinpol.com\\\/products\\\/\"},{\"@type\":\"ListItem\",\"position\":3,\"name\":\"Microwave care and cleaning liquid, 500 ml\"}]},{\"@type\":\"WebSite\",\"@id\":\"https:\\\/\\\/twinpol.com\\\/#website\",\"url\":\"https:\\\/\\\/twinpol.com\\\/\",\"name\":\"Twinpol\",\"description\":\"Cleaning Supplies\",\"publisher\":{\"@id\":\"https:\\\/\\\/twinpol.com\\\/#organization\"},\"potentialAction\":[{\"@type\":\"SearchAction\",\"target\":{\"@type\":\"EntryPoint\",\"urlTemplate\":\"https:\\\/\\\/twinpol.com\\\/?s={search_term_string}\"},\"query-input\":{\"@type\":\"PropertyValueSpecification\",\"valueRequired\":true,\"valueName\":\"search_term_string\"}}],\"inLanguage\":\"de\"},{\"@type\":\"Organization\",\"@id\":\"https:\\\/\\\/twinpol.com\\\/#organization\",\"name\":\"Twinpol\",\"url\":\"https:\\\/\\\/twinpol.com\\\/\",\"logo\":{\"@type\":\"ImageObject\",\"inLanguage\":\"de\",\"@id\":\"https:\\\/\\\/twinpol.com\\\/#\\\/schema\\\/logo\\\/image\\\/\",\"url\":\"https:\\\/\\\/twinpol.com\\\/wp-content\\\/uploads\\\/2022\\\/10\\\/cropped-favicon.png\",\"contentUrl\":\"https:\\\/\\\/twinpol.com\\\/wp-content\\\/uploads\\\/2022\\\/10\\\/cropped-favicon.png\",\"width\":512,\"height\":512,\"caption\":\"Twinpol\"},\"image\":{\"@id\":\"https:\\\/\\\/twinpol.com\\\/#\\\/schema\\\/logo\\\/image\\\/\"}}]}<\/script>\n<!-- \/ Yoast SEO plugin. -->","yoast_head_json":{"title":"Pflege- und Reinigungsfl\u00fcssigkeit f\u00fcr die Mikrowelle, 500 ml - TwinPol","robots":{"index":"index","follow":"follow","max-snippet":"max-snippet:-1","max-image-preview":"max-image-preview:large","max-video-preview":"max-video-preview:-1"},"canonical":"https:\/\/twinpol.com\/de\/produkt\/mikrowellen-pflege-und-reinigungsflussigkeit-500ml\/","og_locale":"de_DE","og_type":"article","og_title":"Microwave care and cleaning liquid, 500 ml - TwinPol","og_description":"Microwave Cleaning Liquid Microwave Cleaning Liquid Home > Products > Kitchen > Effective Microwave Cleaning Solution Our microwave cleaning liquid","og_url":"https:\/\/twinpol.com\/de\/produkt\/mikrowellen-pflege-und-reinigungsflussigkeit-500ml\/","og_site_name":"TwinPol","article_modified_time":"2023-08-17T10:27:02+00:00","og_image":[{"width":1200,"height":1200,"url":"https:\/\/twinpol.com\/wp-content\/uploads\/2022\/11\/FR00001.png","type":"image\/png"}],"twitter_card":"summary_large_image","twitter_misc":{"Gesch\u00e4tzte Lesezeit":"1\u00a0Minute"},"schema":{"@context":"https:\/\/schema.org","@graph":[{"@type":"WebPage","@id":"https:\/\/twinpol.com\/product\/microwave-care-and-cleaning-liquid-500ml\/","url":"https:\/\/twinpol.com\/product\/microwave-care-and-cleaning-liquid-500ml\/","name":"Pflege- und Reinigungsfl\u00fcssigkeit f\u00fcr die Mikrowelle, 500 ml - TwinPol","isPartOf":{"@id":"https:\/\/twinpol.com\/#website"},"primaryImageOfPage":{"@id":"https:\/\/twinpol.com\/product\/microwave-care-and-cleaning-liquid-500ml\/#primaryimage"},"image":{"@id":"https:\/\/twinpol.com\/product\/microwave-care-and-cleaning-liquid-500ml\/#primaryimage"},"thumbnailUrl":"https:\/\/twinpol.com\/wp-content\/uploads\/2022\/11\/FR00001.png","datePublished":"2022-11-02T21:21:17+00:00","dateModified":"2023-08-17T10:27:02+00:00","breadcrumb":{"@id":"https:\/\/twinpol.com\/product\/microwave-care-and-cleaning-liquid-500ml\/#breadcrumb"},"inLanguage":"de","potentialAction":[{"@type":"ReadAction","target":["https:\/\/twinpol.com\/product\/microwave-care-and-cleaning-liquid-500ml\/"]}]},{"@type":"ImageObject","inLanguage":"de","@id":"https:\/\/twinpol.com\/product\/microwave-care-and-cleaning-liquid-500ml\/#primaryimage","url":"https:\/\/twinpol.com\/wp-content\/uploads\/2022\/11\/FR00001.png","contentUrl":"https:\/\/twinpol.com\/wp-content\/uploads\/2022\/11\/FR00001.png","width":1200,"height":1200},{"@type":"BreadcrumbList","@id":"https:\/\/twinpol.com\/product\/microwave-care-and-cleaning-liquid-500ml\/#breadcrumb","itemListElement":[{"@type":"ListItem","position":1,"name":"Home","item":"https:\/\/twinpol.com\/"},{"@type":"ListItem","position":2,"name":"Products","item":"https:\/\/twinpol.com\/products\/"},{"@type":"ListItem","position":3,"name":"Microwave care and cleaning liquid, 500 ml"}]},{"@type":"WebSite","@id":"https:\/\/twinpol.com\/#website","url":"https:\/\/twinpol.com\/","name":"Twinpol","description":"Reinigungsmittel","publisher":{"@id":"https:\/\/twinpol.com\/#organization"},"potentialAction":[{"@type":"SearchAction","target":{"@type":"EntryPoint","urlTemplate":"https:\/\/twinpol.com\/?s={search_term_string}"},"query-input":{"@type":"PropertyValueSpecification","valueRequired":true,"valueName":"search_term_string"}}],"inLanguage":"de"},{"@type":"Organization","@id":"https:\/\/twinpol.com\/#organization","name":"Twinpol","url":"https:\/\/twinpol.com\/","logo":{"@type":"ImageObject","inLanguage":"de","@id":"https:\/\/twinpol.com\/#\/schema\/logo\/image\/","url":"https:\/\/twinpol.com\/wp-content\/uploads\/2022\/10\/cropped-favicon.png","contentUrl":"https:\/\/twinpol.com\/wp-content\/uploads\/2022\/10\/cropped-favicon.png","width":512,"height":512,"caption":"Twinpol"},"image":{"@id":"https:\/\/twinpol.com\/#\/schema\/logo\/image\/"}}]}},"_links":{"self":[{"href":"https:\/\/twinpol.com\/de\/wp-json\/wp\/v2\/product\/9170","targetHints":{"allow":["GET"]}}],"collection":[{"href":"https:\/\/twinpol.com\/de\/wp-json\/wp\/v2\/product"}],"about":[{"href":"https:\/\/twinpol.com\/de\/wp-json\/wp\/v2\/types\/product"}],"wp:featuredmedia":[{"embeddable":true,"href":"https:\/\/twinpol.com\/de\/wp-json\/wp\/v2\/media\/9509"}],"wp:attachment":[{"href":"https:\/\/twinpol.com\/de\/wp-json\/wp\/v2\/media?parent=9170"}],"wp:term":[{"taxonomy":"product_brand","embeddable":true,"href":"https:\/\/twinpol.com\/de\/wp-json\/wp\/v2\/product_brand?post=9170"},{"taxonomy":"product_cat","embeddable":true,"href":"https:\/\/twinpol.com\/de\/wp-json\/wp\/v2\/product_cat?post=9170"},{"taxonomy":"product_tag","embeddable":true,"href":"https:\/\/twinpol.com\/de\/wp-json\/wp\/v2\/product_tag?post=9170"}],"curies":[{"name":"wp","href":"https:\/\/api.w.org\/{rel}","templated":true}]}}