{"id":9173,"date":"2022-11-02T21:39:06","date_gmt":"2022-11-02T21:39:06","guid":{"rendered":"https:\/\/twinpol.mysites.io\/?post_type=product&#038;p=9173"},"modified":"2023-12-04T10:57:13","modified_gmt":"2023-12-04T10:57:13","slug":"degreaser-for-kitchen-gas-electric-induction-cooker-deep-fryers-etc-500-ml","status":"publish","type":"product","link":"https:\/\/twinpol.com\/de\/produkt\/fettloser-fur-kuchen-gas-elektro-induktionsherd-tiefkuhltruhen-etc-500-ml\/","title":{"rendered":"Entfetter f\u00fcr die K\u00fcche, 500 ml"},"content":{"rendered":"<p><html><br \/>\n  <head><br \/>\n    <title>Entfetter - Effektive L\u00f6sung f\u00fcr hartn\u00e4ckige Flecken<\/title><br \/>\n    <meta name=\"description\" content=\"Sie suchen einen leistungsstarken fl\u00fcssigen Entfetter, um hartn\u00e4ckige Flecken und Schmutz loszuwerden? Dann ist unser hochwertiges Produkt genau das Richtige f\u00fcr Sie, denn es reinigt selbst den hartn\u00e4ckigsten Dreck.\"><br \/>\n  <\/head><br \/>\n  <body><\/p>\n<h1>Entfetter f\u00fcr die K\u00fcche<\/h1>\n<div class=\"breadcrumbs\">\n  <a href=\"\/de\/\">Startseite<\/a> > <a href=\"\/de\/products\/\">Produkte<\/a> > <a href=\"\/de\/product-category\/kitchen\/\"> K\u00fcche<\/a> > <a href=\"https:\/\/twinpol.com\/de\/home\/degreasers\/\">Entfettungsmittel<\/a>\n<\/div>\n<h2>Leistungsstarke L\u00f6sung f\u00fcr hartn\u00e4ckige Verschmutzungen<\/h2>\n<p>Unser Entfetter ist ein leistungsstarker und zuverl\u00e4ssiger Reiniger, der hartn\u00e4ckiges Fett und Flecken von einer Vielzahl von Oberfl\u00e4chen entfernt. Seine schnell wirkende Formel ist so konzipiert, dass sie Fett und Schmutz schnell und effektiv aufl\u00f6st und Ihre Oberfl\u00e4chen makellos und gl\u00e4nzend macht.<\/p>\n<h2>Sicher und einfach zu bedienen<\/h2>\n<p>Unser Entfetter ist nicht nur leistungsstark, sondern auch sicher in der Anwendung. Unsere Formel ist nicht korrosiv und besch\u00e4digt die Oberfl\u00e4chen nicht. Au\u00dferdem macht die einfache Spr\u00fch- und Wischmethode die Reinigung zu einem Kinderspiel.<\/p>\n<h2>Vorteile<\/h2>\n<ul>\n<li>Entfernt wirkungsvoll hartn\u00e4ckiges Fett, \u00d6l und Schmutz<\/li>\n<li>Schnell wirkende Formel spart Zeit und M\u00fche<\/li>\n<li>Nicht korrosiv und sicher in der Anwendung auf den meisten Oberfl\u00e4chen<\/li>\n<li>Leicht aufzutragen mit einer einfachen Spr\u00fch- und Wischmethode<\/li>\n<\/ul>\n<p>  <\/body><br \/>\n<\/html><\/p>","protected":false},"excerpt":{"rendered":"<p>Entfetter - Wirksame L\u00f6sung f\u00fcr hartn\u00e4ckige Flecken Entfetter f\u00fcr die K\u00fcche Home &gt; Produkte &gt; K\u00fcche &gt; Entfetter Wirksame L\u00f6sung f\u00fcr<\/p>","protected":false},"featured_media":9510,"template":"","meta":[],"product_brand":[],"product_cat":[322,327],"product_tag":[],"class_list":{"0":"post-9173","1":"product","2":"type-product","3":"status-publish","4":"has-post-thumbnail","6":"product_cat-degreasers","7":"product_cat-kitchen","9":"first","10":"instock","11":"shipping-taxable","12":"purchasable","13":"product-type-simple"},"yoast_head":"<!-- This site is optimized with the Yoast SEO plugin v27.3 - https:\/\/yoast.com\/product\/yoast-seo-wordpress\/ -->\n<title>Degreaser for kitchen, 500 ml - TwinPol<\/title>\n<meta name=\"robots\" content=\"index, follow, max-snippet:-1, max-image-preview:large, max-video-preview:-1\" \/>\n<link rel=\"canonical\" href=\"https:\/\/twinpol.com\/de\/produkt\/fettloser-fur-kuchen-gas-elektro-induktionsherd-tiefkuhltruhen-etc-500-ml\/\" \/>\n<meta property=\"og:locale\" content=\"de_DE\" \/>\n<meta property=\"og:type\" content=\"article\" \/>\n<meta property=\"og:title\" content=\"Degreaser for kitchen, 500 ml - TwinPol\" \/>\n<meta property=\"og:description\" content=\"Degreaser &#8211; Effective Solution for Tough Stains Degreaser for kitchen Home &gt; Products &gt; Kitchen &gt; Degreasers Powerful Solution for\" \/>\n<meta property=\"og:url\" content=\"https:\/\/twinpol.com\/de\/produkt\/fettloser-fur-kuchen-gas-elektro-induktionsherd-tiefkuhltruhen-etc-500-ml\/\" \/>\n<meta property=\"og:site_name\" content=\"TwinPol\" \/>\n<meta property=\"article:modified_time\" content=\"2023-12-04T10:57:13+00:00\" \/>\n<meta property=\"og:image\" content=\"https:\/\/twinpol.com\/wp-content\/uploads\/2022\/11\/FR00002.png\" \/>\n\t<meta property=\"og:image:width\" content=\"1200\" \/>\n\t<meta property=\"og:image:height\" content=\"1200\" \/>\n\t<meta property=\"og:image:type\" content=\"image\/png\" \/>\n<meta name=\"twitter:card\" content=\"summary_large_image\" \/>\n<meta name=\"twitter:label1\" content=\"Gesch\u00e4tzte Lesezeit\" \/>\n\t<meta name=\"twitter:data1\" content=\"1\u00a0Minute\" \/>\n<script type=\"application\/ld+json\" class=\"yoast-schema-graph\">{\"@context\":\"https:\\\/\\\/schema.org\",\"@graph\":[{\"@type\":\"WebPage\",\"@id\":\"https:\\\/\\\/twinpol.com\\\/product\\\/degreaser-for-kitchen-gas-electric-induction-cooker-deep-fryers-etc-500-ml\\\/\",\"url\":\"https:\\\/\\\/twinpol.com\\\/product\\\/degreaser-for-kitchen-gas-electric-induction-cooker-deep-fryers-etc-500-ml\\\/\",\"name\":\"Degreaser for kitchen, 500 ml - TwinPol\",\"isPartOf\":{\"@id\":\"https:\\\/\\\/twinpol.com\\\/#website\"},\"primaryImageOfPage\":{\"@id\":\"https:\\\/\\\/twinpol.com\\\/product\\\/degreaser-for-kitchen-gas-electric-induction-cooker-deep-fryers-etc-500-ml\\\/#primaryimage\"},\"image\":{\"@id\":\"https:\\\/\\\/twinpol.com\\\/product\\\/degreaser-for-kitchen-gas-electric-induction-cooker-deep-fryers-etc-500-ml\\\/#primaryimage\"},\"thumbnailUrl\":\"https:\\\/\\\/twinpol.com\\\/wp-content\\\/uploads\\\/2022\\\/11\\\/FR00002.png\",\"datePublished\":\"2022-11-02T21:39:06+00:00\",\"dateModified\":\"2023-12-04T10:57:13+00:00\",\"breadcrumb\":{\"@id\":\"https:\\\/\\\/twinpol.com\\\/product\\\/degreaser-for-kitchen-gas-electric-induction-cooker-deep-fryers-etc-500-ml\\\/#breadcrumb\"},\"inLanguage\":\"de\",\"potentialAction\":[{\"@type\":\"ReadAction\",\"target\":[\"https:\\\/\\\/twinpol.com\\\/product\\\/degreaser-for-kitchen-gas-electric-induction-cooker-deep-fryers-etc-500-ml\\\/\"]}]},{\"@type\":\"ImageObject\",\"inLanguage\":\"de\",\"@id\":\"https:\\\/\\\/twinpol.com\\\/product\\\/degreaser-for-kitchen-gas-electric-induction-cooker-deep-fryers-etc-500-ml\\\/#primaryimage\",\"url\":\"https:\\\/\\\/twinpol.com\\\/wp-content\\\/uploads\\\/2022\\\/11\\\/FR00002.png\",\"contentUrl\":\"https:\\\/\\\/twinpol.com\\\/wp-content\\\/uploads\\\/2022\\\/11\\\/FR00002.png\",\"width\":1200,\"height\":1200},{\"@type\":\"BreadcrumbList\",\"@id\":\"https:\\\/\\\/twinpol.com\\\/product\\\/degreaser-for-kitchen-gas-electric-induction-cooker-deep-fryers-etc-500-ml\\\/#breadcrumb\",\"itemListElement\":[{\"@type\":\"ListItem\",\"position\":1,\"name\":\"Home\",\"item\":\"https:\\\/\\\/twinpol.com\\\/\"},{\"@type\":\"ListItem\",\"position\":2,\"name\":\"Products\",\"item\":\"https:\\\/\\\/twinpol.com\\\/products\\\/\"},{\"@type\":\"ListItem\",\"position\":3,\"name\":\"Degreaser for kitchen, 500 ml\"}]},{\"@type\":\"WebSite\",\"@id\":\"https:\\\/\\\/twinpol.com\\\/#website\",\"url\":\"https:\\\/\\\/twinpol.com\\\/\",\"name\":\"Twinpol\",\"description\":\"Cleaning Supplies\",\"publisher\":{\"@id\":\"https:\\\/\\\/twinpol.com\\\/#organization\"},\"potentialAction\":[{\"@type\":\"SearchAction\",\"target\":{\"@type\":\"EntryPoint\",\"urlTemplate\":\"https:\\\/\\\/twinpol.com\\\/?s={search_term_string}\"},\"query-input\":{\"@type\":\"PropertyValueSpecification\",\"valueRequired\":true,\"valueName\":\"search_term_string\"}}],\"inLanguage\":\"de\"},{\"@type\":\"Organization\",\"@id\":\"https:\\\/\\\/twinpol.com\\\/#organization\",\"name\":\"Twinpol\",\"url\":\"https:\\\/\\\/twinpol.com\\\/\",\"logo\":{\"@type\":\"ImageObject\",\"inLanguage\":\"de\",\"@id\":\"https:\\\/\\\/twinpol.com\\\/#\\\/schema\\\/logo\\\/image\\\/\",\"url\":\"https:\\\/\\\/twinpol.com\\\/wp-content\\\/uploads\\\/2022\\\/10\\\/cropped-favicon.png\",\"contentUrl\":\"https:\\\/\\\/twinpol.com\\\/wp-content\\\/uploads\\\/2022\\\/10\\\/cropped-favicon.png\",\"width\":512,\"height\":512,\"caption\":\"Twinpol\"},\"image\":{\"@id\":\"https:\\\/\\\/twinpol.com\\\/#\\\/schema\\\/logo\\\/image\\\/\"}}]}<\/script>\n<!-- \/ Yoast SEO plugin. -->","yoast_head_json":{"title":"Entfetter f\u00fcr die K\u00fcche, 500 ml - TwinPol","robots":{"index":"index","follow":"follow","max-snippet":"max-snippet:-1","max-image-preview":"max-image-preview:large","max-video-preview":"max-video-preview:-1"},"canonical":"https:\/\/twinpol.com\/de\/produkt\/fettloser-fur-kuchen-gas-elektro-induktionsherd-tiefkuhltruhen-etc-500-ml\/","og_locale":"de_DE","og_type":"article","og_title":"Degreaser for kitchen, 500 ml - TwinPol","og_description":"Degreaser &#8211; Effective Solution for Tough Stains Degreaser for kitchen Home > Products > Kitchen > Degreasers Powerful Solution for","og_url":"https:\/\/twinpol.com\/de\/produkt\/fettloser-fur-kuchen-gas-elektro-induktionsherd-tiefkuhltruhen-etc-500-ml\/","og_site_name":"TwinPol","article_modified_time":"2023-12-04T10:57:13+00:00","og_image":[{"width":1200,"height":1200,"url":"https:\/\/twinpol.com\/wp-content\/uploads\/2022\/11\/FR00002.png","type":"image\/png"}],"twitter_card":"summary_large_image","twitter_misc":{"Gesch\u00e4tzte Lesezeit":"1\u00a0Minute"},"schema":{"@context":"https:\/\/schema.org","@graph":[{"@type":"WebPage","@id":"https:\/\/twinpol.com\/product\/degreaser-for-kitchen-gas-electric-induction-cooker-deep-fryers-etc-500-ml\/","url":"https:\/\/twinpol.com\/product\/degreaser-for-kitchen-gas-electric-induction-cooker-deep-fryers-etc-500-ml\/","name":"Entfetter f\u00fcr die K\u00fcche, 500 ml - TwinPol","isPartOf":{"@id":"https:\/\/twinpol.com\/#website"},"primaryImageOfPage":{"@id":"https:\/\/twinpol.com\/product\/degreaser-for-kitchen-gas-electric-induction-cooker-deep-fryers-etc-500-ml\/#primaryimage"},"image":{"@id":"https:\/\/twinpol.com\/product\/degreaser-for-kitchen-gas-electric-induction-cooker-deep-fryers-etc-500-ml\/#primaryimage"},"thumbnailUrl":"https:\/\/twinpol.com\/wp-content\/uploads\/2022\/11\/FR00002.png","datePublished":"2022-11-02T21:39:06+00:00","dateModified":"2023-12-04T10:57:13+00:00","breadcrumb":{"@id":"https:\/\/twinpol.com\/product\/degreaser-for-kitchen-gas-electric-induction-cooker-deep-fryers-etc-500-ml\/#breadcrumb"},"inLanguage":"de","potentialAction":[{"@type":"ReadAction","target":["https:\/\/twinpol.com\/product\/degreaser-for-kitchen-gas-electric-induction-cooker-deep-fryers-etc-500-ml\/"]}]},{"@type":"ImageObject","inLanguage":"de","@id":"https:\/\/twinpol.com\/product\/degreaser-for-kitchen-gas-electric-induction-cooker-deep-fryers-etc-500-ml\/#primaryimage","url":"https:\/\/twinpol.com\/wp-content\/uploads\/2022\/11\/FR00002.png","contentUrl":"https:\/\/twinpol.com\/wp-content\/uploads\/2022\/11\/FR00002.png","width":1200,"height":1200},{"@type":"BreadcrumbList","@id":"https:\/\/twinpol.com\/product\/degreaser-for-kitchen-gas-electric-induction-cooker-deep-fryers-etc-500-ml\/#breadcrumb","itemListElement":[{"@type":"ListItem","position":1,"name":"Home","item":"https:\/\/twinpol.com\/"},{"@type":"ListItem","position":2,"name":"Products","item":"https:\/\/twinpol.com\/products\/"},{"@type":"ListItem","position":3,"name":"Degreaser for kitchen, 500 ml"}]},{"@type":"WebSite","@id":"https:\/\/twinpol.com\/#website","url":"https:\/\/twinpol.com\/","name":"Twinpol","description":"Reinigungsmittel","publisher":{"@id":"https:\/\/twinpol.com\/#organization"},"potentialAction":[{"@type":"SearchAction","target":{"@type":"EntryPoint","urlTemplate":"https:\/\/twinpol.com\/?s={search_term_string}"},"query-input":{"@type":"PropertyValueSpecification","valueRequired":true,"valueName":"search_term_string"}}],"inLanguage":"de"},{"@type":"Organization","@id":"https:\/\/twinpol.com\/#organization","name":"Twinpol","url":"https:\/\/twinpol.com\/","logo":{"@type":"ImageObject","inLanguage":"de","@id":"https:\/\/twinpol.com\/#\/schema\/logo\/image\/","url":"https:\/\/twinpol.com\/wp-content\/uploads\/2022\/10\/cropped-favicon.png","contentUrl":"https:\/\/twinpol.com\/wp-content\/uploads\/2022\/10\/cropped-favicon.png","width":512,"height":512,"caption":"Twinpol"},"image":{"@id":"https:\/\/twinpol.com\/#\/schema\/logo\/image\/"}}]}},"_links":{"self":[{"href":"https:\/\/twinpol.com\/de\/wp-json\/wp\/v2\/product\/9173","targetHints":{"allow":["GET"]}}],"collection":[{"href":"https:\/\/twinpol.com\/de\/wp-json\/wp\/v2\/product"}],"about":[{"href":"https:\/\/twinpol.com\/de\/wp-json\/wp\/v2\/types\/product"}],"wp:featuredmedia":[{"embeddable":true,"href":"https:\/\/twinpol.com\/de\/wp-json\/wp\/v2\/media\/9510"}],"wp:attachment":[{"href":"https:\/\/twinpol.com\/de\/wp-json\/wp\/v2\/media?parent=9173"}],"wp:term":[{"taxonomy":"product_brand","embeddable":true,"href":"https:\/\/twinpol.com\/de\/wp-json\/wp\/v2\/product_brand?post=9173"},{"taxonomy":"product_cat","embeddable":true,"href":"https:\/\/twinpol.com\/de\/wp-json\/wp\/v2\/product_cat?post=9173"},{"taxonomy":"product_tag","embeddable":true,"href":"https:\/\/twinpol.com\/de\/wp-json\/wp\/v2\/product_tag?post=9173"}],"curies":[{"name":"wp","href":"https:\/\/api.w.org\/{rel}","templated":true}]}}