{"id":9189,"date":"2022-11-03T07:52:40","date_gmt":"2022-11-03T07:52:40","guid":{"rendered":"https:\/\/twinpol.mysites.io\/?post_type=product&#038;p=9189"},"modified":"2023-04-27T08:48:07","modified_gmt":"2023-04-27T08:48:07","slug":"fireplace-cleaning-liquid-250-ml","status":"publish","type":"product","link":"https:\/\/twinpol.com\/de\/produkt\/kamin-reinigungsflussigkeit-250-ml\/","title":{"rendered":"Kaminscheiben-Reinigungsmittel, 250 ml"},"content":{"rendered":"<p><html><br \/>\n<head><br \/>\n\t<meta charset=\"UTF-8\"><br \/>\n\t<title>Kaminofen-Glasreinigungsfl\u00fcssigkeit - kraftvoll und wirkungsvoll<\/title><br \/>\n\t<meta name=\"description\" content=\"Unsere Kaminscheiben-Reinigungsfl\u00fcssigkeit ist eine kraftvolle und effektive L\u00f6sung f\u00fcr die Reinigung Ihrer Kaminscheiben.\"><br \/>\n<\/head><br \/>\n<body><\/p>\n<h1>Kaminglas-Reinigungsfl\u00fcssigkeit<\/h1>\n<div class=\"breadcrumbs\">\n  <a href=\"\/de\/\">Startseite<\/a> > <a href=\"\/de\/products\/\">Produkte<\/a> > <a href=\"\/de\/product-category\/fireplace-cleaning\/\">Pflege des Kamins<\/a> >\n<\/div>\n<h2>Kraftvoller und effektiver Kaminscheibenreiniger<\/h2>\n<p>Wenn Sie auf der Suche nach einer leistungsstarken und effektiven L\u00f6sung f\u00fcr die Reinigung Ihres Kaminglases sind, dann sind Sie bei unserer Reinigungsfl\u00fcssigkeit f\u00fcr Kaminglas genau richtig. Unser speziell formulierter Reiniger entfernt selbst die hartn\u00e4ckigsten Flecken und hinterl\u00e4sst Ihr Kaminglas strahlend sauber.<\/p>\n<p>Unser aus hochwertigen Inhaltsstoffen hergestellter Reiniger ist hart zu Schmutz und Dreck, aber sanft zu Ihrer Kaminverglasung. Ganz gleich, ob Sie einen holzbefeuerten Kamin oder einen Gaskamin haben, unsere Glasreinigungsfl\u00fcssigkeit f\u00fcr Kamine ist die perfekte Wahl, um Ihr Glas wie neu aussehen zu lassen.<\/p>\n<h2>Einfach zu benutzen<\/h2>\n<p>Unsere Kaminscheiben-Reinigungsfl\u00fcssigkeit ist unglaublich einfach zu verwenden. Spr\u00fchen Sie es einfach auf Ihre Kaminscheibe, lassen Sie es einige Minuten einwirken und wischen Sie es dann mit einem weichen Tuch ab. Unser Reiniger wirkt schnell, so dass Sie nicht stundenlang an Ihrer Kaminverglasung schrubben m\u00fcssen.<\/p>\n<h2>Vorteile<\/h2>\n<ul>\n<li>Leistungsstarke und wirksame Formel<\/li>\n<li>Entfernt selbst die hartn\u00e4ckigsten Flecken<\/li>\n<li>Schonend f\u00fcr Ihr Kaminglas<\/li>\n<li>Einfach zu bedienen<\/li>\n<li>Schnell wirkend<\/li>\n<\/ul>\n<\/section>\n<p>\t<\/main><br \/>\n<\/body><br \/>\n<\/html><\/p>","protected":false},"excerpt":{"rendered":"<p>Kaminscheiben-Reinigungsfl\u00fcssigkeit - Kraftvoll und effektiv Kaminscheiben-Reinigungsfl\u00fcssigkeit Home &gt; Produkte &gt; Kaminpflege &gt; Kraftvoll<\/p>","protected":false},"featured_media":9514,"template":"","meta":[],"product_brand":[],"product_cat":[345],"product_tag":[],"class_list":{"0":"post-9189","1":"product","2":"type-product","3":"status-publish","4":"has-post-thumbnail","6":"product_cat-fireplace-cleaning","8":"first","9":"instock","10":"shipping-taxable","11":"purchasable","12":"product-type-simple"},"yoast_head":"<!-- This site is optimized with the Yoast SEO plugin v27.4 - https:\/\/yoast.com\/product\/yoast-seo-wordpress\/ -->\n<title>Fireplace glass cleaning liquid, 250 ml - TwinPol<\/title>\n<meta name=\"robots\" content=\"index, follow, max-snippet:-1, max-image-preview:large, max-video-preview:-1\" \/>\n<link rel=\"canonical\" href=\"https:\/\/twinpol.com\/de\/produkt\/kamin-reinigungsflussigkeit-250-ml\/\" \/>\n<meta property=\"og:locale\" content=\"de_DE\" \/>\n<meta property=\"og:type\" content=\"article\" \/>\n<meta property=\"og:title\" content=\"Fireplace glass cleaning liquid, 250 ml - TwinPol\" \/>\n<meta property=\"og:description\" content=\"Fireplace Glass Cleaning Liquid &#8211; Powerful and Effective Fireplace Glass Cleaning Liquid Home &gt; Products &gt; Fireplace care &gt; Powerful\" \/>\n<meta property=\"og:url\" content=\"https:\/\/twinpol.com\/de\/produkt\/kamin-reinigungsflussigkeit-250-ml\/\" \/>\n<meta property=\"og:site_name\" content=\"TwinPol\" \/>\n<meta property=\"article:modified_time\" content=\"2023-04-27T08:48:07+00:00\" \/>\n<meta property=\"og:image\" content=\"https:\/\/twinpol.com\/wp-content\/uploads\/2022\/11\/FR00008-e1673872904124.png\" \/>\n\t<meta property=\"og:image:width\" content=\"1200\" \/>\n\t<meta property=\"og:image:height\" content=\"1200\" \/>\n\t<meta property=\"og:image:type\" content=\"image\/png\" \/>\n<meta name=\"twitter:card\" content=\"summary_large_image\" \/>\n<meta name=\"twitter:label1\" content=\"Gesch\u00e4tzte Lesezeit\" \/>\n\t<meta name=\"twitter:data1\" content=\"1\u00a0Minute\" \/>\n<script type=\"application\/ld+json\" class=\"yoast-schema-graph\">{\"@context\":\"https:\\\/\\\/schema.org\",\"@graph\":[{\"@type\":\"WebPage\",\"@id\":\"https:\\\/\\\/twinpol.com\\\/product\\\/fireplace-cleaning-liquid-250-ml\\\/\",\"url\":\"https:\\\/\\\/twinpol.com\\\/product\\\/fireplace-cleaning-liquid-250-ml\\\/\",\"name\":\"Fireplace glass cleaning liquid, 250 ml - TwinPol\",\"isPartOf\":{\"@id\":\"https:\\\/\\\/twinpol.com\\\/#website\"},\"primaryImageOfPage\":{\"@id\":\"https:\\\/\\\/twinpol.com\\\/product\\\/fireplace-cleaning-liquid-250-ml\\\/#primaryimage\"},\"image\":{\"@id\":\"https:\\\/\\\/twinpol.com\\\/product\\\/fireplace-cleaning-liquid-250-ml\\\/#primaryimage\"},\"thumbnailUrl\":\"https:\\\/\\\/twinpol.com\\\/wp-content\\\/uploads\\\/2022\\\/11\\\/FR00008-e1673872904124.png\",\"datePublished\":\"2022-11-03T07:52:40+00:00\",\"dateModified\":\"2023-04-27T08:48:07+00:00\",\"breadcrumb\":{\"@id\":\"https:\\\/\\\/twinpol.com\\\/product\\\/fireplace-cleaning-liquid-250-ml\\\/#breadcrumb\"},\"inLanguage\":\"de\",\"potentialAction\":[{\"@type\":\"ReadAction\",\"target\":[\"https:\\\/\\\/twinpol.com\\\/product\\\/fireplace-cleaning-liquid-250-ml\\\/\"]}]},{\"@type\":\"ImageObject\",\"inLanguage\":\"de\",\"@id\":\"https:\\\/\\\/twinpol.com\\\/product\\\/fireplace-cleaning-liquid-250-ml\\\/#primaryimage\",\"url\":\"https:\\\/\\\/twinpol.com\\\/wp-content\\\/uploads\\\/2022\\\/11\\\/FR00008-e1673872904124.png\",\"contentUrl\":\"https:\\\/\\\/twinpol.com\\\/wp-content\\\/uploads\\\/2022\\\/11\\\/FR00008-e1673872904124.png\",\"width\":1200,\"height\":1200},{\"@type\":\"BreadcrumbList\",\"@id\":\"https:\\\/\\\/twinpol.com\\\/product\\\/fireplace-cleaning-liquid-250-ml\\\/#breadcrumb\",\"itemListElement\":[{\"@type\":\"ListItem\",\"position\":1,\"name\":\"Home\",\"item\":\"https:\\\/\\\/twinpol.com\\\/\"},{\"@type\":\"ListItem\",\"position\":2,\"name\":\"Products\",\"item\":\"https:\\\/\\\/twinpol.com\\\/products\\\/\"},{\"@type\":\"ListItem\",\"position\":3,\"name\":\"Fireplace glass cleaning liquid, 250 ml\"}]},{\"@type\":\"WebSite\",\"@id\":\"https:\\\/\\\/twinpol.com\\\/#website\",\"url\":\"https:\\\/\\\/twinpol.com\\\/\",\"name\":\"Twinpol\",\"description\":\"Cleaning Supplies\",\"publisher\":{\"@id\":\"https:\\\/\\\/twinpol.com\\\/#organization\"},\"potentialAction\":[{\"@type\":\"SearchAction\",\"target\":{\"@type\":\"EntryPoint\",\"urlTemplate\":\"https:\\\/\\\/twinpol.com\\\/?s={search_term_string}\"},\"query-input\":{\"@type\":\"PropertyValueSpecification\",\"valueRequired\":true,\"valueName\":\"search_term_string\"}}],\"inLanguage\":\"de\"},{\"@type\":\"Organization\",\"@id\":\"https:\\\/\\\/twinpol.com\\\/#organization\",\"name\":\"Twinpol\",\"url\":\"https:\\\/\\\/twinpol.com\\\/\",\"logo\":{\"@type\":\"ImageObject\",\"inLanguage\":\"de\",\"@id\":\"https:\\\/\\\/twinpol.com\\\/#\\\/schema\\\/logo\\\/image\\\/\",\"url\":\"https:\\\/\\\/twinpol.com\\\/wp-content\\\/uploads\\\/2022\\\/10\\\/cropped-favicon.png\",\"contentUrl\":\"https:\\\/\\\/twinpol.com\\\/wp-content\\\/uploads\\\/2022\\\/10\\\/cropped-favicon.png\",\"width\":512,\"height\":512,\"caption\":\"Twinpol\"},\"image\":{\"@id\":\"https:\\\/\\\/twinpol.com\\\/#\\\/schema\\\/logo\\\/image\\\/\"}}]}<\/script>\n<!-- \/ Yoast SEO plugin. -->","yoast_head_json":{"title":"Kaminofen-Glasreinigungsfl\u00fcssigkeit, 250 ml - TwinPol","robots":{"index":"index","follow":"follow","max-snippet":"max-snippet:-1","max-image-preview":"max-image-preview:large","max-video-preview":"max-video-preview:-1"},"canonical":"https:\/\/twinpol.com\/de\/produkt\/kamin-reinigungsflussigkeit-250-ml\/","og_locale":"de_DE","og_type":"article","og_title":"Fireplace glass cleaning liquid, 250 ml - TwinPol","og_description":"Fireplace Glass Cleaning Liquid &#8211; Powerful and Effective Fireplace Glass Cleaning Liquid Home > Products > Fireplace care > Powerful","og_url":"https:\/\/twinpol.com\/de\/produkt\/kamin-reinigungsflussigkeit-250-ml\/","og_site_name":"TwinPol","article_modified_time":"2023-04-27T08:48:07+00:00","og_image":[{"width":1200,"height":1200,"url":"https:\/\/twinpol.com\/wp-content\/uploads\/2022\/11\/FR00008-e1673872904124.png","type":"image\/png"}],"twitter_card":"summary_large_image","twitter_misc":{"Gesch\u00e4tzte Lesezeit":"1\u00a0Minute"},"schema":{"@context":"https:\/\/schema.org","@graph":[{"@type":"WebPage","@id":"https:\/\/twinpol.com\/product\/fireplace-cleaning-liquid-250-ml\/","url":"https:\/\/twinpol.com\/product\/fireplace-cleaning-liquid-250-ml\/","name":"Kaminofen-Glasreinigungsfl\u00fcssigkeit, 250 ml - TwinPol","isPartOf":{"@id":"https:\/\/twinpol.com\/#website"},"primaryImageOfPage":{"@id":"https:\/\/twinpol.com\/product\/fireplace-cleaning-liquid-250-ml\/#primaryimage"},"image":{"@id":"https:\/\/twinpol.com\/product\/fireplace-cleaning-liquid-250-ml\/#primaryimage"},"thumbnailUrl":"https:\/\/twinpol.com\/wp-content\/uploads\/2022\/11\/FR00008-e1673872904124.png","datePublished":"2022-11-03T07:52:40+00:00","dateModified":"2023-04-27T08:48:07+00:00","breadcrumb":{"@id":"https:\/\/twinpol.com\/product\/fireplace-cleaning-liquid-250-ml\/#breadcrumb"},"inLanguage":"de","potentialAction":[{"@type":"ReadAction","target":["https:\/\/twinpol.com\/product\/fireplace-cleaning-liquid-250-ml\/"]}]},{"@type":"ImageObject","inLanguage":"de","@id":"https:\/\/twinpol.com\/product\/fireplace-cleaning-liquid-250-ml\/#primaryimage","url":"https:\/\/twinpol.com\/wp-content\/uploads\/2022\/11\/FR00008-e1673872904124.png","contentUrl":"https:\/\/twinpol.com\/wp-content\/uploads\/2022\/11\/FR00008-e1673872904124.png","width":1200,"height":1200},{"@type":"BreadcrumbList","@id":"https:\/\/twinpol.com\/product\/fireplace-cleaning-liquid-250-ml\/#breadcrumb","itemListElement":[{"@type":"ListItem","position":1,"name":"Home","item":"https:\/\/twinpol.com\/"},{"@type":"ListItem","position":2,"name":"Products","item":"https:\/\/twinpol.com\/products\/"},{"@type":"ListItem","position":3,"name":"Fireplace glass cleaning liquid, 250 ml"}]},{"@type":"WebSite","@id":"https:\/\/twinpol.com\/#website","url":"https:\/\/twinpol.com\/","name":"Twinpol","description":"Reinigungsmittel","publisher":{"@id":"https:\/\/twinpol.com\/#organization"},"potentialAction":[{"@type":"SearchAction","target":{"@type":"EntryPoint","urlTemplate":"https:\/\/twinpol.com\/?s={search_term_string}"},"query-input":{"@type":"PropertyValueSpecification","valueRequired":true,"valueName":"search_term_string"}}],"inLanguage":"de"},{"@type":"Organization","@id":"https:\/\/twinpol.com\/#organization","name":"Twinpol","url":"https:\/\/twinpol.com\/","logo":{"@type":"ImageObject","inLanguage":"de","@id":"https:\/\/twinpol.com\/#\/schema\/logo\/image\/","url":"https:\/\/twinpol.com\/wp-content\/uploads\/2022\/10\/cropped-favicon.png","contentUrl":"https:\/\/twinpol.com\/wp-content\/uploads\/2022\/10\/cropped-favicon.png","width":512,"height":512,"caption":"Twinpol"},"image":{"@id":"https:\/\/twinpol.com\/#\/schema\/logo\/image\/"}}]}},"_links":{"self":[{"href":"https:\/\/twinpol.com\/de\/wp-json\/wp\/v2\/product\/9189","targetHints":{"allow":["GET"]}}],"collection":[{"href":"https:\/\/twinpol.com\/de\/wp-json\/wp\/v2\/product"}],"about":[{"href":"https:\/\/twinpol.com\/de\/wp-json\/wp\/v2\/types\/product"}],"wp:featuredmedia":[{"embeddable":true,"href":"https:\/\/twinpol.com\/de\/wp-json\/wp\/v2\/media\/9514"}],"wp:attachment":[{"href":"https:\/\/twinpol.com\/de\/wp-json\/wp\/v2\/media?parent=9189"}],"wp:term":[{"taxonomy":"product_brand","embeddable":true,"href":"https:\/\/twinpol.com\/de\/wp-json\/wp\/v2\/product_brand?post=9189"},{"taxonomy":"product_cat","embeddable":true,"href":"https:\/\/twinpol.com\/de\/wp-json\/wp\/v2\/product_cat?post=9189"},{"taxonomy":"product_tag","embeddable":true,"href":"https:\/\/twinpol.com\/de\/wp-json\/wp\/v2\/product_tag?post=9189"}],"curies":[{"name":"wp","href":"https:\/\/api.w.org\/{rel}","templated":true}]}}