{"id":9192,"date":"2022-11-03T07:59:40","date_gmt":"2022-11-03T07:59:40","guid":{"rendered":"https:\/\/twinpol.mysites.io\/?post_type=product&#038;p=9192"},"modified":"2023-09-01T12:19:24","modified_gmt":"2023-09-01T12:19:24","slug":"stainless-steel-cleaning-liquid-250-ml","status":"publish","type":"product","link":"https:\/\/twinpol.com\/de\/produkt\/edelstahl-reinigungsflussigkeit-250-ml\/","title":{"rendered":"Edelstahl-Reinigungsfl\u00fcssigkeit, 250 ml"},"content":{"rendered":"<p><html><br \/>\n<head><br \/>\n\t<title>Reinigungsfl\u00fcssigkeit f\u00fcr Edelstahl - Produktname<\/title><br \/>\n\t<meta charset=\"UTF-8\"><br \/>\n\t<meta name=\"description\" content=\"Stainless Steel Cleaning Liquid ist eine kraftvolle und effektive Reinigungsl\u00f6sung f\u00fcr Ihre Edelstahloberfl\u00e4chen.\"><br \/>\n<\/head><br \/>\n<body><\/p>\n<h1>Reinigungsfl\u00fcssigkeit f\u00fcr rostfreien Stahl<\/h1>\n<div class=\"breadcrumbs\">\n  <a href=\"\/de\/\">Startseite<\/a> > <a href=\"\/de\/products\/\">Produkte<\/a> > <a href=\"\/de\/product-category\/bathroom\/\"> Badezimmer<\/a> ><a href=\"\/de\/product-category\/kitchen\/\"> K\u00fcche<\/a> >\n<\/div>\n<h2>Leistungsstarke Reinigungsformel<\/h2>\n<p>Unsere Edelstahlreinigungsfl\u00fcssigkeit ist eine hochwirksame L\u00f6sung zur Reinigung und zum Schutz Ihrer Edelstahloberfl\u00e4chen. Die einzigartige Formel enth\u00e4lt leistungsstarke Reinigungsmittel, die selbst die hartn\u00e4ckigsten Flecken und Verschmutzungen von Ihren Oberfl\u00e4chen entfernen. Das Produkt kann sicher auf allen Arten von Edelstahl verwendet werden und ist sanft genug, um die Oberfl\u00e4che nicht zu besch\u00e4digen oder zu zerkratzen.<\/p>\n<h2>Sch\u00fctzt und gl\u00e4nzt<\/h2>\n<p>Unsere Edelstahl-Reinigungsfl\u00fcssigkeit reinigt nicht nur Ihre Oberfl\u00e4chen, sondern sch\u00fctzt sie auch und bringt sie zum Gl\u00e4nzen. Die Formel enth\u00e4lt eine spezielle Mischung von Inhaltsstoffen, die eine Schutzschicht auf Ihrem Edelstahl bilden, die zuk\u00fcnftige Flecken und Schmutzablagerungen verhindert. Das Produkt hinterl\u00e4sst au\u00dferdem eine sch\u00f6ne, gl\u00e4nzende Oberfl\u00e4che, die wie neu aussieht.<\/p>\n<h2>Vorteile<\/h2>\n<ul>\n<li>Entfernt hartn\u00e4ckige Flecken und Verschmutzungen<\/li>\n<li>Sicher in der Anwendung auf allen Arten von rostfreiem Stahl<\/li>\n<li>Sanfte Formel, die die Oberfl\u00e4che nicht besch\u00e4digt oder zerkratzt<\/li>\n<li>Sch\u00fctzt Ihre Edelstahloberfl\u00e4chen vor zuk\u00fcnftigen Flecken und Schmutzablagerungen<\/li>\n<li>Hinterl\u00e4sst ein sch\u00f6nes, gl\u00e4nzendes Finish<\/li>\n<\/ul>\n<p><\/body><br \/>\n<\/html><\/p>","protected":false},"excerpt":{"rendered":"<p>Edelstahl-Reinigungsfl\u00fcssigkeit - Produktname Edelstahl-Reinigungsfl\u00fcssigkeit Home &gt; Produkte &gt; Bad &gt; K\u00fcche &gt; Leistungsstarke<\/p>","protected":false},"featured_media":20144,"template":"","meta":[],"product_brand":[],"product_cat":[320,327],"product_tag":[],"class_list":{"0":"post-9192","1":"product","2":"type-product","3":"status-publish","4":"has-post-thumbnail","6":"product_cat-bathroom","7":"product_cat-kitchen","9":"first","10":"instock","11":"shipping-taxable","12":"purchasable","13":"product-type-simple"},"yoast_head":"<!-- This site is optimized with the Yoast SEO plugin v27.4 - https:\/\/yoast.com\/product\/yoast-seo-wordpress\/ -->\n<title>Stainless steel cleaning liquid, 250 ml - TwinPol<\/title>\n<meta name=\"robots\" content=\"index, follow, max-snippet:-1, max-image-preview:large, max-video-preview:-1\" \/>\n<link rel=\"canonical\" href=\"https:\/\/twinpol.com\/de\/produkt\/edelstahl-reinigungsflussigkeit-250-ml\/\" \/>\n<meta property=\"og:locale\" content=\"de_DE\" \/>\n<meta property=\"og:type\" content=\"article\" \/>\n<meta property=\"og:title\" content=\"Stainless steel cleaning liquid, 250 ml - TwinPol\" \/>\n<meta property=\"og:description\" content=\"Stainless Steel Cleaning Liquid &#8211; Product Name Stainless Steel Cleaning Liquid Home &gt; Products &gt; Bathroom &gt; Kitchen &gt; Powerful\" \/>\n<meta property=\"og:url\" content=\"https:\/\/twinpol.com\/de\/produkt\/edelstahl-reinigungsflussigkeit-250-ml\/\" \/>\n<meta property=\"og:site_name\" content=\"TwinPol\" \/>\n<meta property=\"article:modified_time\" content=\"2023-09-01T12:19:24+00:00\" \/>\n<meta property=\"og:image\" content=\"https:\/\/twinpol.com\/wp-content\/uploads\/2022\/11\/FR00009_500_Wizualizacja_www.png\" \/>\n\t<meta property=\"og:image:width\" content=\"800\" \/>\n\t<meta property=\"og:image:height\" content=\"800\" \/>\n\t<meta property=\"og:image:type\" content=\"image\/png\" \/>\n<meta name=\"twitter:card\" content=\"summary_large_image\" \/>\n<meta name=\"twitter:label1\" content=\"Gesch\u00e4tzte Lesezeit\" \/>\n\t<meta name=\"twitter:data1\" content=\"1\u00a0Minute\" \/>\n<script type=\"application\/ld+json\" class=\"yoast-schema-graph\">{\"@context\":\"https:\\\/\\\/schema.org\",\"@graph\":[{\"@type\":\"WebPage\",\"@id\":\"https:\\\/\\\/twinpol.com\\\/product\\\/stainless-steel-cleaning-liquid-250-ml\\\/\",\"url\":\"https:\\\/\\\/twinpol.com\\\/product\\\/stainless-steel-cleaning-liquid-250-ml\\\/\",\"name\":\"Stainless steel cleaning liquid, 250 ml - TwinPol\",\"isPartOf\":{\"@id\":\"https:\\\/\\\/twinpol.com\\\/#website\"},\"primaryImageOfPage\":{\"@id\":\"https:\\\/\\\/twinpol.com\\\/product\\\/stainless-steel-cleaning-liquid-250-ml\\\/#primaryimage\"},\"image\":{\"@id\":\"https:\\\/\\\/twinpol.com\\\/product\\\/stainless-steel-cleaning-liquid-250-ml\\\/#primaryimage\"},\"thumbnailUrl\":\"https:\\\/\\\/twinpol.com\\\/wp-content\\\/uploads\\\/2022\\\/11\\\/FR00009_500_Wizualizacja_www.png\",\"datePublished\":\"2022-11-03T07:59:40+00:00\",\"dateModified\":\"2023-09-01T12:19:24+00:00\",\"breadcrumb\":{\"@id\":\"https:\\\/\\\/twinpol.com\\\/product\\\/stainless-steel-cleaning-liquid-250-ml\\\/#breadcrumb\"},\"inLanguage\":\"de\",\"potentialAction\":[{\"@type\":\"ReadAction\",\"target\":[\"https:\\\/\\\/twinpol.com\\\/product\\\/stainless-steel-cleaning-liquid-250-ml\\\/\"]}]},{\"@type\":\"ImageObject\",\"inLanguage\":\"de\",\"@id\":\"https:\\\/\\\/twinpol.com\\\/product\\\/stainless-steel-cleaning-liquid-250-ml\\\/#primaryimage\",\"url\":\"https:\\\/\\\/twinpol.com\\\/wp-content\\\/uploads\\\/2022\\\/11\\\/FR00009_500_Wizualizacja_www.png\",\"contentUrl\":\"https:\\\/\\\/twinpol.com\\\/wp-content\\\/uploads\\\/2022\\\/11\\\/FR00009_500_Wizualizacja_www.png\",\"width\":800,\"height\":800},{\"@type\":\"BreadcrumbList\",\"@id\":\"https:\\\/\\\/twinpol.com\\\/product\\\/stainless-steel-cleaning-liquid-250-ml\\\/#breadcrumb\",\"itemListElement\":[{\"@type\":\"ListItem\",\"position\":1,\"name\":\"Home\",\"item\":\"https:\\\/\\\/twinpol.com\\\/\"},{\"@type\":\"ListItem\",\"position\":2,\"name\":\"Products\",\"item\":\"https:\\\/\\\/twinpol.com\\\/products\\\/\"},{\"@type\":\"ListItem\",\"position\":3,\"name\":\"Stainless steel cleaning liquid, 250 ml\"}]},{\"@type\":\"WebSite\",\"@id\":\"https:\\\/\\\/twinpol.com\\\/#website\",\"url\":\"https:\\\/\\\/twinpol.com\\\/\",\"name\":\"Twinpol\",\"description\":\"Cleaning Supplies\",\"publisher\":{\"@id\":\"https:\\\/\\\/twinpol.com\\\/#organization\"},\"potentialAction\":[{\"@type\":\"SearchAction\",\"target\":{\"@type\":\"EntryPoint\",\"urlTemplate\":\"https:\\\/\\\/twinpol.com\\\/?s={search_term_string}\"},\"query-input\":{\"@type\":\"PropertyValueSpecification\",\"valueRequired\":true,\"valueName\":\"search_term_string\"}}],\"inLanguage\":\"de\"},{\"@type\":\"Organization\",\"@id\":\"https:\\\/\\\/twinpol.com\\\/#organization\",\"name\":\"Twinpol\",\"url\":\"https:\\\/\\\/twinpol.com\\\/\",\"logo\":{\"@type\":\"ImageObject\",\"inLanguage\":\"de\",\"@id\":\"https:\\\/\\\/twinpol.com\\\/#\\\/schema\\\/logo\\\/image\\\/\",\"url\":\"https:\\\/\\\/twinpol.com\\\/wp-content\\\/uploads\\\/2022\\\/10\\\/cropped-favicon.png\",\"contentUrl\":\"https:\\\/\\\/twinpol.com\\\/wp-content\\\/uploads\\\/2022\\\/10\\\/cropped-favicon.png\",\"width\":512,\"height\":512,\"caption\":\"Twinpol\"},\"image\":{\"@id\":\"https:\\\/\\\/twinpol.com\\\/#\\\/schema\\\/logo\\\/image\\\/\"}}]}<\/script>\n<!-- \/ Yoast SEO plugin. -->","yoast_head_json":{"title":"Reinigungsfl\u00fcssigkeit f\u00fcr Edelstahl, 250 ml - TwinPol","robots":{"index":"index","follow":"follow","max-snippet":"max-snippet:-1","max-image-preview":"max-image-preview:large","max-video-preview":"max-video-preview:-1"},"canonical":"https:\/\/twinpol.com\/de\/produkt\/edelstahl-reinigungsflussigkeit-250-ml\/","og_locale":"de_DE","og_type":"article","og_title":"Stainless steel cleaning liquid, 250 ml - TwinPol","og_description":"Stainless Steel Cleaning Liquid &#8211; Product Name Stainless Steel Cleaning Liquid Home > Products > Bathroom > Kitchen > Powerful","og_url":"https:\/\/twinpol.com\/de\/produkt\/edelstahl-reinigungsflussigkeit-250-ml\/","og_site_name":"TwinPol","article_modified_time":"2023-09-01T12:19:24+00:00","og_image":[{"width":800,"height":800,"url":"https:\/\/twinpol.com\/wp-content\/uploads\/2022\/11\/FR00009_500_Wizualizacja_www.png","type":"image\/png"}],"twitter_card":"summary_large_image","twitter_misc":{"Gesch\u00e4tzte Lesezeit":"1\u00a0Minute"},"schema":{"@context":"https:\/\/schema.org","@graph":[{"@type":"WebPage","@id":"https:\/\/twinpol.com\/product\/stainless-steel-cleaning-liquid-250-ml\/","url":"https:\/\/twinpol.com\/product\/stainless-steel-cleaning-liquid-250-ml\/","name":"Reinigungsfl\u00fcssigkeit f\u00fcr Edelstahl, 250 ml - TwinPol","isPartOf":{"@id":"https:\/\/twinpol.com\/#website"},"primaryImageOfPage":{"@id":"https:\/\/twinpol.com\/product\/stainless-steel-cleaning-liquid-250-ml\/#primaryimage"},"image":{"@id":"https:\/\/twinpol.com\/product\/stainless-steel-cleaning-liquid-250-ml\/#primaryimage"},"thumbnailUrl":"https:\/\/twinpol.com\/wp-content\/uploads\/2022\/11\/FR00009_500_Wizualizacja_www.png","datePublished":"2022-11-03T07:59:40+00:00","dateModified":"2023-09-01T12:19:24+00:00","breadcrumb":{"@id":"https:\/\/twinpol.com\/product\/stainless-steel-cleaning-liquid-250-ml\/#breadcrumb"},"inLanguage":"de","potentialAction":[{"@type":"ReadAction","target":["https:\/\/twinpol.com\/product\/stainless-steel-cleaning-liquid-250-ml\/"]}]},{"@type":"ImageObject","inLanguage":"de","@id":"https:\/\/twinpol.com\/product\/stainless-steel-cleaning-liquid-250-ml\/#primaryimage","url":"https:\/\/twinpol.com\/wp-content\/uploads\/2022\/11\/FR00009_500_Wizualizacja_www.png","contentUrl":"https:\/\/twinpol.com\/wp-content\/uploads\/2022\/11\/FR00009_500_Wizualizacja_www.png","width":800,"height":800},{"@type":"BreadcrumbList","@id":"https:\/\/twinpol.com\/product\/stainless-steel-cleaning-liquid-250-ml\/#breadcrumb","itemListElement":[{"@type":"ListItem","position":1,"name":"Home","item":"https:\/\/twinpol.com\/"},{"@type":"ListItem","position":2,"name":"Products","item":"https:\/\/twinpol.com\/products\/"},{"@type":"ListItem","position":3,"name":"Stainless steel cleaning liquid, 250 ml"}]},{"@type":"WebSite","@id":"https:\/\/twinpol.com\/#website","url":"https:\/\/twinpol.com\/","name":"Twinpol","description":"Reinigungsmittel","publisher":{"@id":"https:\/\/twinpol.com\/#organization"},"potentialAction":[{"@type":"SearchAction","target":{"@type":"EntryPoint","urlTemplate":"https:\/\/twinpol.com\/?s={search_term_string}"},"query-input":{"@type":"PropertyValueSpecification","valueRequired":true,"valueName":"search_term_string"}}],"inLanguage":"de"},{"@type":"Organization","@id":"https:\/\/twinpol.com\/#organization","name":"Twinpol","url":"https:\/\/twinpol.com\/","logo":{"@type":"ImageObject","inLanguage":"de","@id":"https:\/\/twinpol.com\/#\/schema\/logo\/image\/","url":"https:\/\/twinpol.com\/wp-content\/uploads\/2022\/10\/cropped-favicon.png","contentUrl":"https:\/\/twinpol.com\/wp-content\/uploads\/2022\/10\/cropped-favicon.png","width":512,"height":512,"caption":"Twinpol"},"image":{"@id":"https:\/\/twinpol.com\/#\/schema\/logo\/image\/"}}]}},"_links":{"self":[{"href":"https:\/\/twinpol.com\/de\/wp-json\/wp\/v2\/product\/9192","targetHints":{"allow":["GET"]}}],"collection":[{"href":"https:\/\/twinpol.com\/de\/wp-json\/wp\/v2\/product"}],"about":[{"href":"https:\/\/twinpol.com\/de\/wp-json\/wp\/v2\/types\/product"}],"wp:featuredmedia":[{"embeddable":true,"href":"https:\/\/twinpol.com\/de\/wp-json\/wp\/v2\/media\/20144"}],"wp:attachment":[{"href":"https:\/\/twinpol.com\/de\/wp-json\/wp\/v2\/media?parent=9192"}],"wp:term":[{"taxonomy":"product_brand","embeddable":true,"href":"https:\/\/twinpol.com\/de\/wp-json\/wp\/v2\/product_brand?post=9192"},{"taxonomy":"product_cat","embeddable":true,"href":"https:\/\/twinpol.com\/de\/wp-json\/wp\/v2\/product_cat?post=9192"},{"taxonomy":"product_tag","embeddable":true,"href":"https:\/\/twinpol.com\/de\/wp-json\/wp\/v2\/product_tag?post=9192"}],"curies":[{"name":"wp","href":"https:\/\/api.w.org\/{rel}","templated":true}]}}