{"id":9221,"date":"2022-11-03T22:50:16","date_gmt":"2022-11-03T22:50:16","guid":{"rendered":"https:\/\/twinpol.mysites.io\/?post_type=product&#038;p=9221"},"modified":"2023-09-01T06:31:52","modified_gmt":"2023-09-01T06:31:52","slug":"descaler-for-coffee-machines-concentrate-1000-ml","status":"publish","type":"product","link":"https:\/\/twinpol.com\/de\/produkt\/entkalker-fur-kaffeemaschinen-konzentrat-1000-ml\/","title":{"rendered":"Entkalker f\u00fcr Kaffeemaschinen, Konzentrat, 1000 ml"},"content":{"rendered":"<p><html><br \/>\n  <head><br \/>\n    <meta charset=\"UTF-8\"><br \/>\n    <title>Kaffeemaschinenentkalker - Effiziente Entkalkungsl\u00f6sung<\/title><br \/>\n    <meta name=\"description\" content=\"Halten Sie Ihre Kaffeemaschine mit unserer effizienten Entkalkungsl\u00f6sung in Topform. Einfach in der Anwendung, effektiv und sicher.\"><br \/>\n  <\/head><br \/>\n  <body><\/p>\n<h1>Kaffeemaschinen-Entkalker-Konzentrat<\/h1>\n<div class=\"breadcrumbs\">\n  <a href=\"\/de\/\">Startseite<\/a> > <a href=\"\/de\/products\/\">Produkte<\/a> > <a href=\"\/de\/product-category\/coffee-machine-cleaner\/\"> Kaffeemaschine<\/a> > <a href=\"\/de\/product-category\/descalers\/\"> Entkalker <\/a> >\n<\/div>\n<h2>Effiziente Entkalkungsl\u00f6sung<\/h2>\n<p>Halten Sie Ihre Kaffeemaschine mit unserer effizienten Entkalkungsl\u00f6sung in Topform. Unser Entkalker f\u00fcr Kaffeemaschinen entfernt effektiv Kalk, mineralische Ablagerungen und andere Verunreinigungen, die den Geschmack und die Leistung Ihrer Kaffeemaschine beeintr\u00e4chtigen k\u00f6nnen.<\/p>\n<h2>Einfach zu benutzen<\/h2>\n<p>Die Verwendung unseres Entkalkerkonzentrats f\u00fcr Kaffeemaschinen ist einfach. Verwenden Sie einfach 50 ml unseres Konzentrats pro 500 ml Wasser bei 40-50\u00b0C, lassen Sie die L\u00f6sung durch Ihre Kaffeemaschine laufen und lassen Sie sie 60 Minuten lang einwirken. Sp\u00fclen Sie gr\u00fcndlich mit Wasser nach und Ihre Kaffeemaschine ist wieder einsatzbereit.<\/p>\n<h2>Vorteile<\/h2>\n<ul>\n<li>Entfernt effektiv Kalk, mineralische Ablagerungen und andere Verunreinigungen<\/li>\n<li>Einfach zu bedienen und sicher<\/li>\n<li>Gro\u00dfes Format gew\u00e4hrleistet Mehrfachverwendung und gutes Preis-Leistungs-Verh\u00e4ltnis<\/li>\n<li>Verl\u00e4ngert die Lebensdauer und verbessert die Leistung Ihrer Kaffeemaschine<\/li>\n<\/ul>\n<p>  <\/body><br \/>\n<\/html><\/p>","protected":false},"excerpt":{"rendered":"<p>Kaffeemaschinenentkalker - Effiziente Entkalkungsl\u00f6sung Kaffeemaschinenentkalker-Konzentrat Home &gt; Produkte &gt; Kaffeemaschinen &gt; Entkalker &gt;<\/p>","protected":false},"featured_media":20048,"template":"","meta":[],"product_brand":[],"product_cat":[328,323],"product_tag":[],"class_list":{"0":"post-9221","1":"product","2":"type-product","3":"status-publish","4":"has-post-thumbnail","6":"product_cat-coffee-machine-cleaner","7":"product_cat-descalers","9":"first","10":"instock","11":"shipping-taxable","12":"purchasable","13":"product-type-simple"},"yoast_head":"<!-- This site is optimized with the Yoast SEO plugin v27.3 - https:\/\/yoast.com\/product\/yoast-seo-wordpress\/ -->\n<title>Coffee machine descaler, concentrate, 1000 ml - TwinPol<\/title>\n<meta name=\"robots\" content=\"index, follow, max-snippet:-1, max-image-preview:large, max-video-preview:-1\" \/>\n<link rel=\"canonical\" href=\"https:\/\/twinpol.com\/de\/produkt\/entkalker-fur-kaffeemaschinen-konzentrat-1000-ml\/\" \/>\n<meta property=\"og:locale\" content=\"de_DE\" \/>\n<meta property=\"og:type\" content=\"article\" \/>\n<meta property=\"og:title\" content=\"Coffee machine descaler, concentrate, 1000 ml - TwinPol\" \/>\n<meta property=\"og:description\" content=\"Coffee Machine Descaler &#8211; Efficient Descaling Solution Coffee Machine Descaler Concentrate Home &gt; Products &gt; Coffee Machine &gt; Descalers &gt;\" \/>\n<meta property=\"og:url\" content=\"https:\/\/twinpol.com\/de\/produkt\/entkalker-fur-kaffeemaschinen-konzentrat-1000-ml\/\" \/>\n<meta property=\"og:site_name\" content=\"TwinPol\" \/>\n<meta property=\"article:modified_time\" content=\"2023-09-01T06:31:52+00:00\" \/>\n<meta property=\"og:image\" content=\"https:\/\/twinpol.com\/wp-content\/uploads\/2022\/11\/FR00013_1000_Wizualizacja_www.png\" \/>\n\t<meta property=\"og:image:width\" content=\"800\" \/>\n\t<meta property=\"og:image:height\" content=\"800\" \/>\n\t<meta property=\"og:image:type\" content=\"image\/png\" \/>\n<meta name=\"twitter:card\" content=\"summary_large_image\" \/>\n<meta name=\"twitter:label1\" content=\"Gesch\u00e4tzte Lesezeit\" \/>\n\t<meta name=\"twitter:data1\" content=\"1\u00a0Minute\" \/>\n<script type=\"application\/ld+json\" class=\"yoast-schema-graph\">{\"@context\":\"https:\\\/\\\/schema.org\",\"@graph\":[{\"@type\":\"WebPage\",\"@id\":\"https:\\\/\\\/twinpol.com\\\/product\\\/descaler-for-coffee-machines-concentrate-1000-ml\\\/\",\"url\":\"https:\\\/\\\/twinpol.com\\\/product\\\/descaler-for-coffee-machines-concentrate-1000-ml\\\/\",\"name\":\"Coffee machine descaler, concentrate, 1000 ml - TwinPol\",\"isPartOf\":{\"@id\":\"https:\\\/\\\/twinpol.com\\\/#website\"},\"primaryImageOfPage\":{\"@id\":\"https:\\\/\\\/twinpol.com\\\/product\\\/descaler-for-coffee-machines-concentrate-1000-ml\\\/#primaryimage\"},\"image\":{\"@id\":\"https:\\\/\\\/twinpol.com\\\/product\\\/descaler-for-coffee-machines-concentrate-1000-ml\\\/#primaryimage\"},\"thumbnailUrl\":\"https:\\\/\\\/twinpol.com\\\/wp-content\\\/uploads\\\/2022\\\/11\\\/FR00013_1000_Wizualizacja_www.png\",\"datePublished\":\"2022-11-03T22:50:16+00:00\",\"dateModified\":\"2023-09-01T06:31:52+00:00\",\"breadcrumb\":{\"@id\":\"https:\\\/\\\/twinpol.com\\\/product\\\/descaler-for-coffee-machines-concentrate-1000-ml\\\/#breadcrumb\"},\"inLanguage\":\"de\",\"potentialAction\":[{\"@type\":\"ReadAction\",\"target\":[\"https:\\\/\\\/twinpol.com\\\/product\\\/descaler-for-coffee-machines-concentrate-1000-ml\\\/\"]}]},{\"@type\":\"ImageObject\",\"inLanguage\":\"de\",\"@id\":\"https:\\\/\\\/twinpol.com\\\/product\\\/descaler-for-coffee-machines-concentrate-1000-ml\\\/#primaryimage\",\"url\":\"https:\\\/\\\/twinpol.com\\\/wp-content\\\/uploads\\\/2022\\\/11\\\/FR00013_1000_Wizualizacja_www.png\",\"contentUrl\":\"https:\\\/\\\/twinpol.com\\\/wp-content\\\/uploads\\\/2022\\\/11\\\/FR00013_1000_Wizualizacja_www.png\",\"width\":800,\"height\":800},{\"@type\":\"BreadcrumbList\",\"@id\":\"https:\\\/\\\/twinpol.com\\\/product\\\/descaler-for-coffee-machines-concentrate-1000-ml\\\/#breadcrumb\",\"itemListElement\":[{\"@type\":\"ListItem\",\"position\":1,\"name\":\"Home\",\"item\":\"https:\\\/\\\/twinpol.com\\\/\"},{\"@type\":\"ListItem\",\"position\":2,\"name\":\"Products\",\"item\":\"https:\\\/\\\/twinpol.com\\\/products\\\/\"},{\"@type\":\"ListItem\",\"position\":3,\"name\":\"Coffee machine descaler, concentrate, 1000 ml\"}]},{\"@type\":\"WebSite\",\"@id\":\"https:\\\/\\\/twinpol.com\\\/#website\",\"url\":\"https:\\\/\\\/twinpol.com\\\/\",\"name\":\"Twinpol\",\"description\":\"Cleaning Supplies\",\"publisher\":{\"@id\":\"https:\\\/\\\/twinpol.com\\\/#organization\"},\"potentialAction\":[{\"@type\":\"SearchAction\",\"target\":{\"@type\":\"EntryPoint\",\"urlTemplate\":\"https:\\\/\\\/twinpol.com\\\/?s={search_term_string}\"},\"query-input\":{\"@type\":\"PropertyValueSpecification\",\"valueRequired\":true,\"valueName\":\"search_term_string\"}}],\"inLanguage\":\"de\"},{\"@type\":\"Organization\",\"@id\":\"https:\\\/\\\/twinpol.com\\\/#organization\",\"name\":\"Twinpol\",\"url\":\"https:\\\/\\\/twinpol.com\\\/\",\"logo\":{\"@type\":\"ImageObject\",\"inLanguage\":\"de\",\"@id\":\"https:\\\/\\\/twinpol.com\\\/#\\\/schema\\\/logo\\\/image\\\/\",\"url\":\"https:\\\/\\\/twinpol.com\\\/wp-content\\\/uploads\\\/2022\\\/10\\\/cropped-favicon.png\",\"contentUrl\":\"https:\\\/\\\/twinpol.com\\\/wp-content\\\/uploads\\\/2022\\\/10\\\/cropped-favicon.png\",\"width\":512,\"height\":512,\"caption\":\"Twinpol\"},\"image\":{\"@id\":\"https:\\\/\\\/twinpol.com\\\/#\\\/schema\\\/logo\\\/image\\\/\"}}]}<\/script>\n<!-- \/ Yoast SEO plugin. -->","yoast_head_json":{"title":"Entkalker f\u00fcr Kaffeemaschinen, Konzentrat, 1000 ml - TwinPol","robots":{"index":"index","follow":"follow","max-snippet":"max-snippet:-1","max-image-preview":"max-image-preview:large","max-video-preview":"max-video-preview:-1"},"canonical":"https:\/\/twinpol.com\/de\/produkt\/entkalker-fur-kaffeemaschinen-konzentrat-1000-ml\/","og_locale":"de_DE","og_type":"article","og_title":"Coffee machine descaler, concentrate, 1000 ml - TwinPol","og_description":"Coffee Machine Descaler &#8211; Efficient Descaling Solution Coffee Machine Descaler Concentrate Home > Products > Coffee Machine > Descalers >","og_url":"https:\/\/twinpol.com\/de\/produkt\/entkalker-fur-kaffeemaschinen-konzentrat-1000-ml\/","og_site_name":"TwinPol","article_modified_time":"2023-09-01T06:31:52+00:00","og_image":[{"width":800,"height":800,"url":"https:\/\/twinpol.com\/wp-content\/uploads\/2022\/11\/FR00013_1000_Wizualizacja_www.png","type":"image\/png"}],"twitter_card":"summary_large_image","twitter_misc":{"Gesch\u00e4tzte Lesezeit":"1\u00a0Minute"},"schema":{"@context":"https:\/\/schema.org","@graph":[{"@type":"WebPage","@id":"https:\/\/twinpol.com\/product\/descaler-for-coffee-machines-concentrate-1000-ml\/","url":"https:\/\/twinpol.com\/product\/descaler-for-coffee-machines-concentrate-1000-ml\/","name":"Entkalker f\u00fcr Kaffeemaschinen, Konzentrat, 1000 ml - TwinPol","isPartOf":{"@id":"https:\/\/twinpol.com\/#website"},"primaryImageOfPage":{"@id":"https:\/\/twinpol.com\/product\/descaler-for-coffee-machines-concentrate-1000-ml\/#primaryimage"},"image":{"@id":"https:\/\/twinpol.com\/product\/descaler-for-coffee-machines-concentrate-1000-ml\/#primaryimage"},"thumbnailUrl":"https:\/\/twinpol.com\/wp-content\/uploads\/2022\/11\/FR00013_1000_Wizualizacja_www.png","datePublished":"2022-11-03T22:50:16+00:00","dateModified":"2023-09-01T06:31:52+00:00","breadcrumb":{"@id":"https:\/\/twinpol.com\/product\/descaler-for-coffee-machines-concentrate-1000-ml\/#breadcrumb"},"inLanguage":"de","potentialAction":[{"@type":"ReadAction","target":["https:\/\/twinpol.com\/product\/descaler-for-coffee-machines-concentrate-1000-ml\/"]}]},{"@type":"ImageObject","inLanguage":"de","@id":"https:\/\/twinpol.com\/product\/descaler-for-coffee-machines-concentrate-1000-ml\/#primaryimage","url":"https:\/\/twinpol.com\/wp-content\/uploads\/2022\/11\/FR00013_1000_Wizualizacja_www.png","contentUrl":"https:\/\/twinpol.com\/wp-content\/uploads\/2022\/11\/FR00013_1000_Wizualizacja_www.png","width":800,"height":800},{"@type":"BreadcrumbList","@id":"https:\/\/twinpol.com\/product\/descaler-for-coffee-machines-concentrate-1000-ml\/#breadcrumb","itemListElement":[{"@type":"ListItem","position":1,"name":"Home","item":"https:\/\/twinpol.com\/"},{"@type":"ListItem","position":2,"name":"Products","item":"https:\/\/twinpol.com\/products\/"},{"@type":"ListItem","position":3,"name":"Coffee machine descaler, concentrate, 1000 ml"}]},{"@type":"WebSite","@id":"https:\/\/twinpol.com\/#website","url":"https:\/\/twinpol.com\/","name":"Twinpol","description":"Reinigungsmittel","publisher":{"@id":"https:\/\/twinpol.com\/#organization"},"potentialAction":[{"@type":"SearchAction","target":{"@type":"EntryPoint","urlTemplate":"https:\/\/twinpol.com\/?s={search_term_string}"},"query-input":{"@type":"PropertyValueSpecification","valueRequired":true,"valueName":"search_term_string"}}],"inLanguage":"de"},{"@type":"Organization","@id":"https:\/\/twinpol.com\/#organization","name":"Twinpol","url":"https:\/\/twinpol.com\/","logo":{"@type":"ImageObject","inLanguage":"de","@id":"https:\/\/twinpol.com\/#\/schema\/logo\/image\/","url":"https:\/\/twinpol.com\/wp-content\/uploads\/2022\/10\/cropped-favicon.png","contentUrl":"https:\/\/twinpol.com\/wp-content\/uploads\/2022\/10\/cropped-favicon.png","width":512,"height":512,"caption":"Twinpol"},"image":{"@id":"https:\/\/twinpol.com\/#\/schema\/logo\/image\/"}}]}},"_links":{"self":[{"href":"https:\/\/twinpol.com\/de\/wp-json\/wp\/v2\/product\/9221","targetHints":{"allow":["GET"]}}],"collection":[{"href":"https:\/\/twinpol.com\/de\/wp-json\/wp\/v2\/product"}],"about":[{"href":"https:\/\/twinpol.com\/de\/wp-json\/wp\/v2\/types\/product"}],"wp:featuredmedia":[{"embeddable":true,"href":"https:\/\/twinpol.com\/de\/wp-json\/wp\/v2\/media\/20048"}],"wp:attachment":[{"href":"https:\/\/twinpol.com\/de\/wp-json\/wp\/v2\/media?parent=9221"}],"wp:term":[{"taxonomy":"product_brand","embeddable":true,"href":"https:\/\/twinpol.com\/de\/wp-json\/wp\/v2\/product_brand?post=9221"},{"taxonomy":"product_cat","embeddable":true,"href":"https:\/\/twinpol.com\/de\/wp-json\/wp\/v2\/product_cat?post=9221"},{"taxonomy":"product_tag","embeddable":true,"href":"https:\/\/twinpol.com\/de\/wp-json\/wp\/v2\/product_tag?post=9221"}],"curies":[{"name":"wp","href":"https:\/\/api.w.org\/{rel}","templated":true}]}}