{"id":9223,"date":"2022-11-03T22:55:43","date_gmt":"2022-11-03T22:55:43","guid":{"rendered":"https:\/\/twinpol.mysites.io\/?post_type=product&#038;p=9223"},"modified":"2023-08-30T12:46:56","modified_gmt":"2023-08-30T12:46:56","slug":"glass-cleaning-concetrate-500-ml","status":"publish","type":"product","link":"https:\/\/twinpol.com\/de\/produkt\/glasreinigungs-konzetrat-500-ml\/","title":{"rendered":"Glasreiniger, Konzentrat, 500 ml"},"content":{"rendered":"<p><html><br \/>\n<head><br \/>\n\t<title>Glasreiniger-Konzentrat<\/title><br \/>\n\t<meta charset=\"UTF-8\"><br \/>\n\t<meta name=\"description\" content=\"Ein kraftvolles Glasreinigungskonzentrat, das Schmutz, Dreck und Fingerabdr\u00fccke wirksam entfernt.\"><br \/>\n\t<meta name=\"viewport\" content=\"width=device-width, initial-scale=1.0\"><br \/>\n<\/head><br \/>\n<body><\/p>\n<h1>Glasreiniger, Konzentrat<\/h1>\n<div class=\"breadcrumbs\">\n  <a href=\"\/de\/\">Startseite<\/a> > <a href=\"\/de\/products\/\">Produkte<\/a> > <a href=\"\/de\/product-category\/glass\/\">Glasreiniger<\/a> >\n<\/div>\n<h2>Effektive Glasreinigungsl\u00f6sung<\/h2>\n<p>Unser Glasreiniger-Konzentrat ist eine hochwirksame Reinigungsl\u00f6sung f\u00fcr alle Arten von Glasoberfl\u00e4chen. Ganz gleich, ob Sie Fenster, Spiegel oder Glasm\u00f6bel reinigen m\u00fcssen, unser Konzentrat erledigt die Aufgabe. Die Formel wurde speziell entwickelt, um Schmutz, Dreck und Schlieren von Glas zu entfernen und es strahlend sauber und klar zu machen.<\/p>\n<h2>Einfach zu benutzen<\/h2>\n<p>Um unser Glasreinigungskonzentrat zu verwenden, mischen Sie einen Teil Konzentrat mit zehn Teilen Wasser. Tragen Sie die L\u00f6sung mit einem sauberen Tuch oder Schwamm auf die Glasoberfl\u00e4che auf und wischen Sie sie mit einem trockenen Tuch oder Papierhandtuch ab. Bei stark verschmutzten Fl\u00e4chen lassen Sie die L\u00f6sung einige Minuten einwirken, bevor Sie sie abwischen. Vermeiden Sie die Anwendung auf hei\u00dfen Oberfl\u00e4chen oder in direktem Sonnenlicht.<\/p>\n<h2>Vorteile<\/h2>\n<ul>\n<li>Leistungsstarke Reinigungsformel zur Entfernung von Schmutz, Dreck und Fingerabdr\u00fccken<\/li>\n<li>Hinterl\u00e4sst Glasoberfl\u00e4chen blitzsauber und streifenfrei<\/li>\n<li>Einfach zu bedienen <\/li>\n<li>Trocknet schnell und r\u00fcckstandsfrei<\/li>\n<\/ul>\n<p><\/body><br \/>\n<\/html><\/p>","protected":false},"excerpt":{"rendered":"<p>Glasreiniger Konzentrat Glasreiniger, Konzentrat Home &gt; Produkte &gt; Glasreiniger &gt; Effektive Glasreinigungsl\u00f6sung Unser Glasreiniger<\/p>","protected":false},"featured_media":20088,"template":"","meta":[],"product_brand":[],"product_cat":[325],"product_tag":[],"class_list":{"0":"post-9223","1":"product","2":"type-product","3":"status-publish","4":"has-post-thumbnail","6":"product_cat-glass","8":"first","9":"instock","10":"shipping-taxable","11":"purchasable","12":"product-type-simple"},"yoast_head":"<!-- This site is optimized with the Yoast SEO plugin v27.3 - https:\/\/yoast.com\/product\/yoast-seo-wordpress\/ -->\n<title>Glass cleaner, concentrate, 500 ml - TwinPol<\/title>\n<meta name=\"robots\" content=\"index, follow, max-snippet:-1, max-image-preview:large, max-video-preview:-1\" \/>\n<link rel=\"canonical\" href=\"https:\/\/twinpol.com\/de\/produkt\/glasreinigungs-konzetrat-500-ml\/\" \/>\n<meta property=\"og:locale\" content=\"de_DE\" \/>\n<meta property=\"og:type\" content=\"article\" \/>\n<meta property=\"og:title\" content=\"Glass cleaner, concentrate, 500 ml - TwinPol\" \/>\n<meta property=\"og:description\" content=\"Glass Cleaner Concentrate Glass Cleaner, concentrate Home &gt; Products &gt; Glass cleaners &gt; Effective Glass Cleaning Solution Our glass cleaner\" \/>\n<meta property=\"og:url\" content=\"https:\/\/twinpol.com\/de\/produkt\/glasreinigungs-konzetrat-500-ml\/\" \/>\n<meta property=\"og:site_name\" content=\"TwinPol\" \/>\n<meta property=\"article:modified_time\" content=\"2023-08-30T12:46:56+00:00\" \/>\n<meta property=\"og:image\" content=\"https:\/\/twinpol.com\/wp-content\/uploads\/2022\/11\/FR00014_500_Wizualizacja_www.png\" \/>\n\t<meta property=\"og:image:width\" content=\"800\" \/>\n\t<meta property=\"og:image:height\" content=\"800\" \/>\n\t<meta property=\"og:image:type\" content=\"image\/png\" \/>\n<meta name=\"twitter:card\" content=\"summary_large_image\" \/>\n<meta name=\"twitter:label1\" content=\"Gesch\u00e4tzte Lesezeit\" \/>\n\t<meta name=\"twitter:data1\" content=\"1\u00a0Minute\" \/>\n<script type=\"application\/ld+json\" class=\"yoast-schema-graph\">{\"@context\":\"https:\\\/\\\/schema.org\",\"@graph\":[{\"@type\":\"WebPage\",\"@id\":\"https:\\\/\\\/twinpol.com\\\/product\\\/glass-cleaning-concetrate-500-ml\\\/\",\"url\":\"https:\\\/\\\/twinpol.com\\\/product\\\/glass-cleaning-concetrate-500-ml\\\/\",\"name\":\"Glass cleaner, concentrate, 500 ml - TwinPol\",\"isPartOf\":{\"@id\":\"https:\\\/\\\/twinpol.com\\\/#website\"},\"primaryImageOfPage\":{\"@id\":\"https:\\\/\\\/twinpol.com\\\/product\\\/glass-cleaning-concetrate-500-ml\\\/#primaryimage\"},\"image\":{\"@id\":\"https:\\\/\\\/twinpol.com\\\/product\\\/glass-cleaning-concetrate-500-ml\\\/#primaryimage\"},\"thumbnailUrl\":\"https:\\\/\\\/twinpol.com\\\/wp-content\\\/uploads\\\/2022\\\/11\\\/FR00014_500_Wizualizacja_www.png\",\"datePublished\":\"2022-11-03T22:55:43+00:00\",\"dateModified\":\"2023-08-30T12:46:56+00:00\",\"breadcrumb\":{\"@id\":\"https:\\\/\\\/twinpol.com\\\/product\\\/glass-cleaning-concetrate-500-ml\\\/#breadcrumb\"},\"inLanguage\":\"de\",\"potentialAction\":[{\"@type\":\"ReadAction\",\"target\":[\"https:\\\/\\\/twinpol.com\\\/product\\\/glass-cleaning-concetrate-500-ml\\\/\"]}]},{\"@type\":\"ImageObject\",\"inLanguage\":\"de\",\"@id\":\"https:\\\/\\\/twinpol.com\\\/product\\\/glass-cleaning-concetrate-500-ml\\\/#primaryimage\",\"url\":\"https:\\\/\\\/twinpol.com\\\/wp-content\\\/uploads\\\/2022\\\/11\\\/FR00014_500_Wizualizacja_www.png\",\"contentUrl\":\"https:\\\/\\\/twinpol.com\\\/wp-content\\\/uploads\\\/2022\\\/11\\\/FR00014_500_Wizualizacja_www.png\",\"width\":800,\"height\":800},{\"@type\":\"BreadcrumbList\",\"@id\":\"https:\\\/\\\/twinpol.com\\\/product\\\/glass-cleaning-concetrate-500-ml\\\/#breadcrumb\",\"itemListElement\":[{\"@type\":\"ListItem\",\"position\":1,\"name\":\"Home\",\"item\":\"https:\\\/\\\/twinpol.com\\\/\"},{\"@type\":\"ListItem\",\"position\":2,\"name\":\"Products\",\"item\":\"https:\\\/\\\/twinpol.com\\\/products\\\/\"},{\"@type\":\"ListItem\",\"position\":3,\"name\":\"Glass cleaner, concentrate, 500 ml\"}]},{\"@type\":\"WebSite\",\"@id\":\"https:\\\/\\\/twinpol.com\\\/#website\",\"url\":\"https:\\\/\\\/twinpol.com\\\/\",\"name\":\"Twinpol\",\"description\":\"Cleaning Supplies\",\"publisher\":{\"@id\":\"https:\\\/\\\/twinpol.com\\\/#organization\"},\"potentialAction\":[{\"@type\":\"SearchAction\",\"target\":{\"@type\":\"EntryPoint\",\"urlTemplate\":\"https:\\\/\\\/twinpol.com\\\/?s={search_term_string}\"},\"query-input\":{\"@type\":\"PropertyValueSpecification\",\"valueRequired\":true,\"valueName\":\"search_term_string\"}}],\"inLanguage\":\"de\"},{\"@type\":\"Organization\",\"@id\":\"https:\\\/\\\/twinpol.com\\\/#organization\",\"name\":\"Twinpol\",\"url\":\"https:\\\/\\\/twinpol.com\\\/\",\"logo\":{\"@type\":\"ImageObject\",\"inLanguage\":\"de\",\"@id\":\"https:\\\/\\\/twinpol.com\\\/#\\\/schema\\\/logo\\\/image\\\/\",\"url\":\"https:\\\/\\\/twinpol.com\\\/wp-content\\\/uploads\\\/2022\\\/10\\\/cropped-favicon.png\",\"contentUrl\":\"https:\\\/\\\/twinpol.com\\\/wp-content\\\/uploads\\\/2022\\\/10\\\/cropped-favicon.png\",\"width\":512,\"height\":512,\"caption\":\"Twinpol\"},\"image\":{\"@id\":\"https:\\\/\\\/twinpol.com\\\/#\\\/schema\\\/logo\\\/image\\\/\"}}]}<\/script>\n<!-- \/ Yoast SEO plugin. -->","yoast_head_json":{"title":"Glasreiniger, Konzentrat, 500 ml - TwinPol","robots":{"index":"index","follow":"follow","max-snippet":"max-snippet:-1","max-image-preview":"max-image-preview:large","max-video-preview":"max-video-preview:-1"},"canonical":"https:\/\/twinpol.com\/de\/produkt\/glasreinigungs-konzetrat-500-ml\/","og_locale":"de_DE","og_type":"article","og_title":"Glass cleaner, concentrate, 500 ml - TwinPol","og_description":"Glass Cleaner Concentrate Glass Cleaner, concentrate Home > Products > Glass cleaners > Effective Glass Cleaning Solution Our glass cleaner","og_url":"https:\/\/twinpol.com\/de\/produkt\/glasreinigungs-konzetrat-500-ml\/","og_site_name":"TwinPol","article_modified_time":"2023-08-30T12:46:56+00:00","og_image":[{"width":800,"height":800,"url":"https:\/\/twinpol.com\/wp-content\/uploads\/2022\/11\/FR00014_500_Wizualizacja_www.png","type":"image\/png"}],"twitter_card":"summary_large_image","twitter_misc":{"Gesch\u00e4tzte Lesezeit":"1\u00a0Minute"},"schema":{"@context":"https:\/\/schema.org","@graph":[{"@type":"WebPage","@id":"https:\/\/twinpol.com\/product\/glass-cleaning-concetrate-500-ml\/","url":"https:\/\/twinpol.com\/product\/glass-cleaning-concetrate-500-ml\/","name":"Glasreiniger, Konzentrat, 500 ml - TwinPol","isPartOf":{"@id":"https:\/\/twinpol.com\/#website"},"primaryImageOfPage":{"@id":"https:\/\/twinpol.com\/product\/glass-cleaning-concetrate-500-ml\/#primaryimage"},"image":{"@id":"https:\/\/twinpol.com\/product\/glass-cleaning-concetrate-500-ml\/#primaryimage"},"thumbnailUrl":"https:\/\/twinpol.com\/wp-content\/uploads\/2022\/11\/FR00014_500_Wizualizacja_www.png","datePublished":"2022-11-03T22:55:43+00:00","dateModified":"2023-08-30T12:46:56+00:00","breadcrumb":{"@id":"https:\/\/twinpol.com\/product\/glass-cleaning-concetrate-500-ml\/#breadcrumb"},"inLanguage":"de","potentialAction":[{"@type":"ReadAction","target":["https:\/\/twinpol.com\/product\/glass-cleaning-concetrate-500-ml\/"]}]},{"@type":"ImageObject","inLanguage":"de","@id":"https:\/\/twinpol.com\/product\/glass-cleaning-concetrate-500-ml\/#primaryimage","url":"https:\/\/twinpol.com\/wp-content\/uploads\/2022\/11\/FR00014_500_Wizualizacja_www.png","contentUrl":"https:\/\/twinpol.com\/wp-content\/uploads\/2022\/11\/FR00014_500_Wizualizacja_www.png","width":800,"height":800},{"@type":"BreadcrumbList","@id":"https:\/\/twinpol.com\/product\/glass-cleaning-concetrate-500-ml\/#breadcrumb","itemListElement":[{"@type":"ListItem","position":1,"name":"Home","item":"https:\/\/twinpol.com\/"},{"@type":"ListItem","position":2,"name":"Products","item":"https:\/\/twinpol.com\/products\/"},{"@type":"ListItem","position":3,"name":"Glass cleaner, concentrate, 500 ml"}]},{"@type":"WebSite","@id":"https:\/\/twinpol.com\/#website","url":"https:\/\/twinpol.com\/","name":"Twinpol","description":"Reinigungsmittel","publisher":{"@id":"https:\/\/twinpol.com\/#organization"},"potentialAction":[{"@type":"SearchAction","target":{"@type":"EntryPoint","urlTemplate":"https:\/\/twinpol.com\/?s={search_term_string}"},"query-input":{"@type":"PropertyValueSpecification","valueRequired":true,"valueName":"search_term_string"}}],"inLanguage":"de"},{"@type":"Organization","@id":"https:\/\/twinpol.com\/#organization","name":"Twinpol","url":"https:\/\/twinpol.com\/","logo":{"@type":"ImageObject","inLanguage":"de","@id":"https:\/\/twinpol.com\/#\/schema\/logo\/image\/","url":"https:\/\/twinpol.com\/wp-content\/uploads\/2022\/10\/cropped-favicon.png","contentUrl":"https:\/\/twinpol.com\/wp-content\/uploads\/2022\/10\/cropped-favicon.png","width":512,"height":512,"caption":"Twinpol"},"image":{"@id":"https:\/\/twinpol.com\/#\/schema\/logo\/image\/"}}]}},"_links":{"self":[{"href":"https:\/\/twinpol.com\/de\/wp-json\/wp\/v2\/product\/9223","targetHints":{"allow":["GET"]}}],"collection":[{"href":"https:\/\/twinpol.com\/de\/wp-json\/wp\/v2\/product"}],"about":[{"href":"https:\/\/twinpol.com\/de\/wp-json\/wp\/v2\/types\/product"}],"wp:featuredmedia":[{"embeddable":true,"href":"https:\/\/twinpol.com\/de\/wp-json\/wp\/v2\/media\/20088"}],"wp:attachment":[{"href":"https:\/\/twinpol.com\/de\/wp-json\/wp\/v2\/media?parent=9223"}],"wp:term":[{"taxonomy":"product_brand","embeddable":true,"href":"https:\/\/twinpol.com\/de\/wp-json\/wp\/v2\/product_brand?post=9223"},{"taxonomy":"product_cat","embeddable":true,"href":"https:\/\/twinpol.com\/de\/wp-json\/wp\/v2\/product_cat?post=9223"},{"taxonomy":"product_tag","embeddable":true,"href":"https:\/\/twinpol.com\/de\/wp-json\/wp\/v2\/product_tag?post=9223"}],"curies":[{"name":"wp","href":"https:\/\/api.w.org\/{rel}","templated":true}]}}