{"id":9225,"date":"2022-11-03T22:59:31","date_gmt":"2022-11-03T22:59:31","guid":{"rendered":"https:\/\/twinpol.mysites.io\/?post_type=product&#038;p=9225"},"modified":"2023-09-01T10:11:04","modified_gmt":"2023-09-01T10:11:04","slug":"iron-descaler-250ml","status":"publish","type":"product","link":"https:\/\/twinpol.com\/de\/produkt\/entkalker-fur-eisen-250ml\/","title":{"rendered":"Eisenentkalker, 250 ml"},"content":{"rendered":"<h1>Entkalker f\u00fcr B\u00fcgeleisen - wirksame L\u00f6sung f\u00fcr Ihre B\u00fcgelbed\u00fcrfnisse<\/h1>\n<div class=\"breadcrumbs\">\n  <a href=\"\/de\/\">Startseite<\/a> > <a href=\"\/de\/products\/\">Produkte<\/a> > <a href=\"\/de\/product-category\/iron-cleaner-and-care\/\">Pflege von B\u00fcgeleisen<\/a> > <a href=\"\/de\/product-category\/descalers\/\"> Entkalker <\/a> >\n<\/div>\n<h2>Leistungsstarke und sichere Formel<\/h2>\n<p>B\u00fcgeln ist eine wichtige Aufgabe im Haushalt, aber hartes Wasser kann Ihrem B\u00fcgeleisen zusetzen und zu verstopften Dampfd\u00fcsen, verminderter Leistung und sogar vorzeitigen Ausf\u00e4llen f\u00fchren. <b>Unser Eisenentkalker<\/b> wurde entwickelt, um diese Probleme zu l\u00f6sen, indem es wirksam Mineralablagerungen und Ablagerungen von der B\u00fcgelsohle und dem Beh\u00e4lter Ihres B\u00fcgeleisens entfernt. Die Formel ist sicher und ungiftig, so dass Sie sie bedenkenlos verwenden k\u00f6nnen.<\/p>\n<h2>Einfach zu benutzen<\/h2>\n<p>Die Verwendung unseres Eisenentkalkers k\u00f6nnte nicht einfacher sein. F\u00fcllen Sie einfach den Beh\u00e4lter Ihres B\u00fcgeleisens mit Wasser und f\u00fcgen Sie eine kleine Menge des Entkalkers hinzu. Schalten Sie das B\u00fcgeleisen ein und lassen Sie es aufheizen. Ziehen Sie dann den Stecker des B\u00fcgeleisens, lassen Sie es einige Minuten abk\u00fchlen und leeren Sie den Beh\u00e4lter. Sp\u00fclen Sie das B\u00fcgeleisen gr\u00fcndlich mit Wasser ab und wischen Sie es trocken. Das war's schon! Ihr B\u00fcgeleisen ist jetzt sauber und wieder einsatzbereit.<\/p>\n<h2>Vorteile der Verwendung von Eisenentkalker<\/h2>\n<ul>\n<li>Verbessert die Leistung des B\u00fcgeleisens und verl\u00e4ngert seine Lebensdauer<\/li>\n<li>Entfernt Mineralablagerungen, die die Dampfd\u00fcsen verstopfen und die Dampfleistung verringern<\/li>\n<li>Verhindert Flecken auf der Kleidung, die durch Mineralablagerungen verursacht werden<\/li>\n<li>Sichere und ungiftige Formel<\/li>\n<li>Einfach zu bedienen<\/li>\n<\/ul>","protected":false},"excerpt":{"rendered":"<p>Entkalker f\u00fcr B\u00fcgeleisen - eine wirksame L\u00f6sung f\u00fcr Ihre B\u00fcgelanforderungen Home &gt; Produkte &gt; B\u00fcgeleisenpflege &gt; Entkalker &gt; Leistungsstarke und<\/p>","protected":false},"featured_media":10025,"template":"","meta":[],"product_brand":[],"product_cat":[323,332],"product_tag":[],"class_list":{"0":"post-9225","1":"product","2":"type-product","3":"status-publish","4":"has-post-thumbnail","6":"product_cat-descalers","7":"product_cat-iron-cleaner-and-care","9":"first","10":"instock","11":"shipping-taxable","12":"purchasable","13":"product-type-simple"},"yoast_head":"<!-- This site is optimized with the Yoast SEO plugin v27.4 - https:\/\/yoast.com\/product\/yoast-seo-wordpress\/ -->\n<title>Iron descaler, 250 ml - TwinPol<\/title>\n<meta name=\"robots\" content=\"index, follow, max-snippet:-1, max-image-preview:large, max-video-preview:-1\" \/>\n<link rel=\"canonical\" href=\"https:\/\/twinpol.com\/de\/produkt\/entkalker-fur-eisen-250ml\/\" \/>\n<meta property=\"og:locale\" content=\"de_DE\" \/>\n<meta property=\"og:type\" content=\"article\" \/>\n<meta property=\"og:title\" content=\"Iron descaler, 250 ml - TwinPol\" \/>\n<meta property=\"og:description\" content=\"Iron Descaler &#8211; Effective Solution for Your Ironing Needs Home &gt; Products &gt; Iron care &gt; Descalers &gt; Powerful and\" \/>\n<meta property=\"og:url\" content=\"https:\/\/twinpol.com\/de\/produkt\/entkalker-fur-eisen-250ml\/\" \/>\n<meta property=\"og:site_name\" content=\"TwinPol\" \/>\n<meta property=\"article:modified_time\" content=\"2023-09-01T10:11:04+00:00\" \/>\n<meta property=\"og:image\" content=\"https:\/\/twinpol.com\/wp-content\/uploads\/2022\/11\/FR00015_Wizualizacja_www.png\" \/>\n\t<meta property=\"og:image:width\" content=\"800\" \/>\n\t<meta property=\"og:image:height\" content=\"800\" \/>\n\t<meta property=\"og:image:type\" content=\"image\/png\" \/>\n<meta name=\"twitter:card\" content=\"summary_large_image\" \/>\n<meta name=\"twitter:label1\" content=\"Gesch\u00e4tzte Lesezeit\" \/>\n\t<meta name=\"twitter:data1\" content=\"1\u00a0Minute\" \/>\n<script type=\"application\/ld+json\" class=\"yoast-schema-graph\">{\"@context\":\"https:\\\/\\\/schema.org\",\"@graph\":[{\"@type\":\"WebPage\",\"@id\":\"https:\\\/\\\/twinpol.com\\\/product\\\/iron-descaler-250ml\\\/\",\"url\":\"https:\\\/\\\/twinpol.com\\\/product\\\/iron-descaler-250ml\\\/\",\"name\":\"Iron descaler, 250 ml - TwinPol\",\"isPartOf\":{\"@id\":\"https:\\\/\\\/twinpol.com\\\/#website\"},\"primaryImageOfPage\":{\"@id\":\"https:\\\/\\\/twinpol.com\\\/product\\\/iron-descaler-250ml\\\/#primaryimage\"},\"image\":{\"@id\":\"https:\\\/\\\/twinpol.com\\\/product\\\/iron-descaler-250ml\\\/#primaryimage\"},\"thumbnailUrl\":\"https:\\\/\\\/twinpol.com\\\/wp-content\\\/uploads\\\/2022\\\/11\\\/FR00015_Wizualizacja_www.png\",\"datePublished\":\"2022-11-03T22:59:31+00:00\",\"dateModified\":\"2023-09-01T10:11:04+00:00\",\"breadcrumb\":{\"@id\":\"https:\\\/\\\/twinpol.com\\\/product\\\/iron-descaler-250ml\\\/#breadcrumb\"},\"inLanguage\":\"de\",\"potentialAction\":[{\"@type\":\"ReadAction\",\"target\":[\"https:\\\/\\\/twinpol.com\\\/product\\\/iron-descaler-250ml\\\/\"]}]},{\"@type\":\"ImageObject\",\"inLanguage\":\"de\",\"@id\":\"https:\\\/\\\/twinpol.com\\\/product\\\/iron-descaler-250ml\\\/#primaryimage\",\"url\":\"https:\\\/\\\/twinpol.com\\\/wp-content\\\/uploads\\\/2022\\\/11\\\/FR00015_Wizualizacja_www.png\",\"contentUrl\":\"https:\\\/\\\/twinpol.com\\\/wp-content\\\/uploads\\\/2022\\\/11\\\/FR00015_Wizualizacja_www.png\",\"width\":800,\"height\":800},{\"@type\":\"BreadcrumbList\",\"@id\":\"https:\\\/\\\/twinpol.com\\\/product\\\/iron-descaler-250ml\\\/#breadcrumb\",\"itemListElement\":[{\"@type\":\"ListItem\",\"position\":1,\"name\":\"Home\",\"item\":\"https:\\\/\\\/twinpol.com\\\/\"},{\"@type\":\"ListItem\",\"position\":2,\"name\":\"Products\",\"item\":\"https:\\\/\\\/twinpol.com\\\/products\\\/\"},{\"@type\":\"ListItem\",\"position\":3,\"name\":\"Iron descaler, 250 ml\"}]},{\"@type\":\"WebSite\",\"@id\":\"https:\\\/\\\/twinpol.com\\\/#website\",\"url\":\"https:\\\/\\\/twinpol.com\\\/\",\"name\":\"Twinpol\",\"description\":\"Cleaning Supplies\",\"publisher\":{\"@id\":\"https:\\\/\\\/twinpol.com\\\/#organization\"},\"potentialAction\":[{\"@type\":\"SearchAction\",\"target\":{\"@type\":\"EntryPoint\",\"urlTemplate\":\"https:\\\/\\\/twinpol.com\\\/?s={search_term_string}\"},\"query-input\":{\"@type\":\"PropertyValueSpecification\",\"valueRequired\":true,\"valueName\":\"search_term_string\"}}],\"inLanguage\":\"de\"},{\"@type\":\"Organization\",\"@id\":\"https:\\\/\\\/twinpol.com\\\/#organization\",\"name\":\"Twinpol\",\"url\":\"https:\\\/\\\/twinpol.com\\\/\",\"logo\":{\"@type\":\"ImageObject\",\"inLanguage\":\"de\",\"@id\":\"https:\\\/\\\/twinpol.com\\\/#\\\/schema\\\/logo\\\/image\\\/\",\"url\":\"https:\\\/\\\/twinpol.com\\\/wp-content\\\/uploads\\\/2022\\\/10\\\/cropped-favicon.png\",\"contentUrl\":\"https:\\\/\\\/twinpol.com\\\/wp-content\\\/uploads\\\/2022\\\/10\\\/cropped-favicon.png\",\"width\":512,\"height\":512,\"caption\":\"Twinpol\"},\"image\":{\"@id\":\"https:\\\/\\\/twinpol.com\\\/#\\\/schema\\\/logo\\\/image\\\/\"}}]}<\/script>\n<!-- \/ Yoast SEO plugin. -->","yoast_head_json":{"title":"Eisenentkalker, 250 ml - TwinPol","robots":{"index":"index","follow":"follow","max-snippet":"max-snippet:-1","max-image-preview":"max-image-preview:large","max-video-preview":"max-video-preview:-1"},"canonical":"https:\/\/twinpol.com\/de\/produkt\/entkalker-fur-eisen-250ml\/","og_locale":"de_DE","og_type":"article","og_title":"Iron descaler, 250 ml - TwinPol","og_description":"Iron Descaler &#8211; Effective Solution for Your Ironing Needs Home > Products > Iron care > Descalers > Powerful and","og_url":"https:\/\/twinpol.com\/de\/produkt\/entkalker-fur-eisen-250ml\/","og_site_name":"TwinPol","article_modified_time":"2023-09-01T10:11:04+00:00","og_image":[{"width":800,"height":800,"url":"https:\/\/twinpol.com\/wp-content\/uploads\/2022\/11\/FR00015_Wizualizacja_www.png","type":"image\/png"}],"twitter_card":"summary_large_image","twitter_misc":{"Gesch\u00e4tzte Lesezeit":"1\u00a0Minute"},"schema":{"@context":"https:\/\/schema.org","@graph":[{"@type":"WebPage","@id":"https:\/\/twinpol.com\/product\/iron-descaler-250ml\/","url":"https:\/\/twinpol.com\/product\/iron-descaler-250ml\/","name":"Eisenentkalker, 250 ml - TwinPol","isPartOf":{"@id":"https:\/\/twinpol.com\/#website"},"primaryImageOfPage":{"@id":"https:\/\/twinpol.com\/product\/iron-descaler-250ml\/#primaryimage"},"image":{"@id":"https:\/\/twinpol.com\/product\/iron-descaler-250ml\/#primaryimage"},"thumbnailUrl":"https:\/\/twinpol.com\/wp-content\/uploads\/2022\/11\/FR00015_Wizualizacja_www.png","datePublished":"2022-11-03T22:59:31+00:00","dateModified":"2023-09-01T10:11:04+00:00","breadcrumb":{"@id":"https:\/\/twinpol.com\/product\/iron-descaler-250ml\/#breadcrumb"},"inLanguage":"de","potentialAction":[{"@type":"ReadAction","target":["https:\/\/twinpol.com\/product\/iron-descaler-250ml\/"]}]},{"@type":"ImageObject","inLanguage":"de","@id":"https:\/\/twinpol.com\/product\/iron-descaler-250ml\/#primaryimage","url":"https:\/\/twinpol.com\/wp-content\/uploads\/2022\/11\/FR00015_Wizualizacja_www.png","contentUrl":"https:\/\/twinpol.com\/wp-content\/uploads\/2022\/11\/FR00015_Wizualizacja_www.png","width":800,"height":800},{"@type":"BreadcrumbList","@id":"https:\/\/twinpol.com\/product\/iron-descaler-250ml\/#breadcrumb","itemListElement":[{"@type":"ListItem","position":1,"name":"Home","item":"https:\/\/twinpol.com\/"},{"@type":"ListItem","position":2,"name":"Products","item":"https:\/\/twinpol.com\/products\/"},{"@type":"ListItem","position":3,"name":"Iron descaler, 250 ml"}]},{"@type":"WebSite","@id":"https:\/\/twinpol.com\/#website","url":"https:\/\/twinpol.com\/","name":"Twinpol","description":"Reinigungsmittel","publisher":{"@id":"https:\/\/twinpol.com\/#organization"},"potentialAction":[{"@type":"SearchAction","target":{"@type":"EntryPoint","urlTemplate":"https:\/\/twinpol.com\/?s={search_term_string}"},"query-input":{"@type":"PropertyValueSpecification","valueRequired":true,"valueName":"search_term_string"}}],"inLanguage":"de"},{"@type":"Organization","@id":"https:\/\/twinpol.com\/#organization","name":"Twinpol","url":"https:\/\/twinpol.com\/","logo":{"@type":"ImageObject","inLanguage":"de","@id":"https:\/\/twinpol.com\/#\/schema\/logo\/image\/","url":"https:\/\/twinpol.com\/wp-content\/uploads\/2022\/10\/cropped-favicon.png","contentUrl":"https:\/\/twinpol.com\/wp-content\/uploads\/2022\/10\/cropped-favicon.png","width":512,"height":512,"caption":"Twinpol"},"image":{"@id":"https:\/\/twinpol.com\/#\/schema\/logo\/image\/"}}]}},"_links":{"self":[{"href":"https:\/\/twinpol.com\/de\/wp-json\/wp\/v2\/product\/9225","targetHints":{"allow":["GET"]}}],"collection":[{"href":"https:\/\/twinpol.com\/de\/wp-json\/wp\/v2\/product"}],"about":[{"href":"https:\/\/twinpol.com\/de\/wp-json\/wp\/v2\/types\/product"}],"wp:featuredmedia":[{"embeddable":true,"href":"https:\/\/twinpol.com\/de\/wp-json\/wp\/v2\/media\/10025"}],"wp:attachment":[{"href":"https:\/\/twinpol.com\/de\/wp-json\/wp\/v2\/media?parent=9225"}],"wp:term":[{"taxonomy":"product_brand","embeddable":true,"href":"https:\/\/twinpol.com\/de\/wp-json\/wp\/v2\/product_brand?post=9225"},{"taxonomy":"product_cat","embeddable":true,"href":"https:\/\/twinpol.com\/de\/wp-json\/wp\/v2\/product_cat?post=9225"},{"taxonomy":"product_tag","embeddable":true,"href":"https:\/\/twinpol.com\/de\/wp-json\/wp\/v2\/product_tag?post=9225"}],"curies":[{"name":"wp","href":"https:\/\/api.w.org\/{rel}","templated":true}]}}