{"id":9234,"date":"2022-11-04T11:28:53","date_gmt":"2022-11-04T11:28:53","guid":{"rendered":"https:\/\/twinpol.mysites.io\/?post_type=product&#038;p=9234"},"modified":"2023-12-04T10:44:07","modified_gmt":"2023-12-04T10:44:07","slug":"carpet-cleaning-concentrate-500-ml","status":"publish","type":"product","link":"https:\/\/twinpol.com\/de\/produkt\/teppich-reinigungskonzentrat-500-ml\/","title":{"rendered":"Teppichreiniger, Konzentrat, 500 ml"},"content":{"rendered":"<p><html><br \/>\n<head><br \/>\n\t<meta charset=\"UTF-8\"><br \/>\n\t<title>Teppichreiniger-Konzentrat - wirksam und einfach in der Anwendung<\/title><br \/>\n\t<meta name=\"description\" content=\"Halten Sie Ihre Teppiche mit unserem wirksamen und einfach anzuwendenden Teppichreinigungskonzentrat sauber.\"><br \/>\n<\/head><br \/>\n<body><\/p>\n<h1>Teppichreiniger, Konzentrat<\/h1>\n<div class=\"breadcrumbs\">\n  <a href=\"\/de\/\">Startseite<\/a> > <a href=\"\/de\/products\/\">Produkte<\/a> > <a href=\"\/de\/product-category\/carpet\/\">Pflege des Teppichs<\/a> >\n<\/div>\n<h2>Effektive Reinigung f\u00fcr Ihre Teppiche<\/h2>\n<p>Unser Teppichreiniger ist die perfekte L\u00f6sung, um Ihre Teppiche sauber und sch\u00f6n zu halten. Mit seiner leistungsstarken Formel entfernt er schnell und einfach Schmutz, Flecken und Ger\u00fcche und hinterl\u00e4sst Ihre Teppiche frisch und sauber.<\/p>\n<h2>Einfach zu benutzen<\/h2>\n<p>Unser Teppichreiniger ist unglaublich einfach zu verwenden. Mischen Sie einfach ein Teil Konzentrat mit zehn Teilen Wasser und tragen Sie es mit einem Mopp oder Schwamm auf Ihre Teppiche auf. Die kraftvolle Formel dringt schnell tief in Ihre Teppiche ein, um Schmutz und Flecken zu entfernen, so dass Ihre Teppiche wie neu aussehen und riechen. Und da es sich um ein Konzentrat handelt, reicht eine kleine Menge aus, was es zu einer kosteng\u00fcnstigen Wahl f\u00fcr alle Ihre Teppichreinigungsanforderungen macht.<\/p>\n<h2>Vorteile<\/h2>\n<ul>\n<li>Effektive Reinigungsleistung<\/li>\n<li>Einfach zu bedienen<\/li>\n<li>Entfernt Schmutz, Flecken und Ger\u00fcche<\/li>\n<li>L\u00e4sst Teppiche wie neu aussehen und riechen<\/li>\n<\/ul>\n<p><\/body><br \/>\n<\/html><\/p>","protected":false},"excerpt":{"rendered":"<p>Teppichreiniger-Konzentrat - Wirksamer und einfach anzuwendender Teppichreiniger, Konzentrat Home &gt; Produkte &gt; Teppichpflege &gt; Wirksame<\/p>","protected":false},"featured_media":20154,"template":"","meta":[],"product_brand":[],"product_cat":[321],"product_tag":[],"class_list":{"0":"post-9234","1":"product","2":"type-product","3":"status-publish","4":"has-post-thumbnail","6":"product_cat-carpet","8":"first","9":"instock","10":"shipping-taxable","11":"purchasable","12":"product-type-simple"},"yoast_head":"<!-- This site is optimized with the Yoast SEO plugin v27.4 - https:\/\/yoast.com\/product\/yoast-seo-wordpress\/ -->\n<title>Carpet cleaner, concentrate, 500 ml - TwinPol<\/title>\n<meta name=\"robots\" content=\"index, follow, max-snippet:-1, max-image-preview:large, max-video-preview:-1\" \/>\n<link rel=\"canonical\" href=\"https:\/\/twinpol.com\/de\/produkt\/teppich-reinigungskonzentrat-500-ml\/\" \/>\n<meta property=\"og:locale\" content=\"de_DE\" \/>\n<meta property=\"og:type\" content=\"article\" \/>\n<meta property=\"og:title\" content=\"Carpet cleaner, concentrate, 500 ml - TwinPol\" \/>\n<meta property=\"og:description\" content=\"Carpet Cleaner Concentrate &#8211; Effective and Easy to Use Carpet Cleaner, concentrate Home &gt; Products &gt; Carpet care &gt; Effective\" \/>\n<meta property=\"og:url\" content=\"https:\/\/twinpol.com\/de\/produkt\/teppich-reinigungskonzentrat-500-ml\/\" \/>\n<meta property=\"og:site_name\" content=\"TwinPol\" \/>\n<meta property=\"article:modified_time\" content=\"2023-12-04T10:44:07+00:00\" \/>\n<meta property=\"og:image\" content=\"https:\/\/twinpol.com\/wp-content\/uploads\/2022\/11\/FR00090_500_Wizualizacja_www.png\" \/>\n\t<meta property=\"og:image:width\" content=\"800\" \/>\n\t<meta property=\"og:image:height\" content=\"800\" \/>\n\t<meta property=\"og:image:type\" content=\"image\/png\" \/>\n<meta name=\"twitter:card\" content=\"summary_large_image\" \/>\n<meta name=\"twitter:label1\" content=\"Gesch\u00e4tzte Lesezeit\" \/>\n\t<meta name=\"twitter:data1\" content=\"1\u00a0Minute\" \/>\n<script type=\"application\/ld+json\" class=\"yoast-schema-graph\">{\"@context\":\"https:\\\/\\\/schema.org\",\"@graph\":[{\"@type\":\"WebPage\",\"@id\":\"https:\\\/\\\/twinpol.com\\\/product\\\/carpet-cleaning-concentrate-500-ml\\\/\",\"url\":\"https:\\\/\\\/twinpol.com\\\/product\\\/carpet-cleaning-concentrate-500-ml\\\/\",\"name\":\"Carpet cleaner, concentrate, 500 ml - TwinPol\",\"isPartOf\":{\"@id\":\"https:\\\/\\\/twinpol.com\\\/#website\"},\"primaryImageOfPage\":{\"@id\":\"https:\\\/\\\/twinpol.com\\\/product\\\/carpet-cleaning-concentrate-500-ml\\\/#primaryimage\"},\"image\":{\"@id\":\"https:\\\/\\\/twinpol.com\\\/product\\\/carpet-cleaning-concentrate-500-ml\\\/#primaryimage\"},\"thumbnailUrl\":\"https:\\\/\\\/twinpol.com\\\/wp-content\\\/uploads\\\/2022\\\/11\\\/FR00090_500_Wizualizacja_www.png\",\"datePublished\":\"2022-11-04T11:28:53+00:00\",\"dateModified\":\"2023-12-04T10:44:07+00:00\",\"breadcrumb\":{\"@id\":\"https:\\\/\\\/twinpol.com\\\/product\\\/carpet-cleaning-concentrate-500-ml\\\/#breadcrumb\"},\"inLanguage\":\"de\",\"potentialAction\":[{\"@type\":\"ReadAction\",\"target\":[\"https:\\\/\\\/twinpol.com\\\/product\\\/carpet-cleaning-concentrate-500-ml\\\/\"]}]},{\"@type\":\"ImageObject\",\"inLanguage\":\"de\",\"@id\":\"https:\\\/\\\/twinpol.com\\\/product\\\/carpet-cleaning-concentrate-500-ml\\\/#primaryimage\",\"url\":\"https:\\\/\\\/twinpol.com\\\/wp-content\\\/uploads\\\/2022\\\/11\\\/FR00090_500_Wizualizacja_www.png\",\"contentUrl\":\"https:\\\/\\\/twinpol.com\\\/wp-content\\\/uploads\\\/2022\\\/11\\\/FR00090_500_Wizualizacja_www.png\",\"width\":800,\"height\":800},{\"@type\":\"BreadcrumbList\",\"@id\":\"https:\\\/\\\/twinpol.com\\\/product\\\/carpet-cleaning-concentrate-500-ml\\\/#breadcrumb\",\"itemListElement\":[{\"@type\":\"ListItem\",\"position\":1,\"name\":\"Home\",\"item\":\"https:\\\/\\\/twinpol.com\\\/\"},{\"@type\":\"ListItem\",\"position\":2,\"name\":\"Products\",\"item\":\"https:\\\/\\\/twinpol.com\\\/products\\\/\"},{\"@type\":\"ListItem\",\"position\":3,\"name\":\"Carpet cleaner, concentrate, 500 ml\"}]},{\"@type\":\"WebSite\",\"@id\":\"https:\\\/\\\/twinpol.com\\\/#website\",\"url\":\"https:\\\/\\\/twinpol.com\\\/\",\"name\":\"Twinpol\",\"description\":\"Cleaning Supplies\",\"publisher\":{\"@id\":\"https:\\\/\\\/twinpol.com\\\/#organization\"},\"potentialAction\":[{\"@type\":\"SearchAction\",\"target\":{\"@type\":\"EntryPoint\",\"urlTemplate\":\"https:\\\/\\\/twinpol.com\\\/?s={search_term_string}\"},\"query-input\":{\"@type\":\"PropertyValueSpecification\",\"valueRequired\":true,\"valueName\":\"search_term_string\"}}],\"inLanguage\":\"de\"},{\"@type\":\"Organization\",\"@id\":\"https:\\\/\\\/twinpol.com\\\/#organization\",\"name\":\"Twinpol\",\"url\":\"https:\\\/\\\/twinpol.com\\\/\",\"logo\":{\"@type\":\"ImageObject\",\"inLanguage\":\"de\",\"@id\":\"https:\\\/\\\/twinpol.com\\\/#\\\/schema\\\/logo\\\/image\\\/\",\"url\":\"https:\\\/\\\/twinpol.com\\\/wp-content\\\/uploads\\\/2022\\\/10\\\/cropped-favicon.png\",\"contentUrl\":\"https:\\\/\\\/twinpol.com\\\/wp-content\\\/uploads\\\/2022\\\/10\\\/cropped-favicon.png\",\"width\":512,\"height\":512,\"caption\":\"Twinpol\"},\"image\":{\"@id\":\"https:\\\/\\\/twinpol.com\\\/#\\\/schema\\\/logo\\\/image\\\/\"}}]}<\/script>\n<!-- \/ Yoast SEO plugin. -->","yoast_head_json":{"title":"Teppichreiniger, Konzentrat, 500 ml - TwinPol","robots":{"index":"index","follow":"follow","max-snippet":"max-snippet:-1","max-image-preview":"max-image-preview:large","max-video-preview":"max-video-preview:-1"},"canonical":"https:\/\/twinpol.com\/de\/produkt\/teppich-reinigungskonzentrat-500-ml\/","og_locale":"de_DE","og_type":"article","og_title":"Carpet cleaner, concentrate, 500 ml - TwinPol","og_description":"Carpet Cleaner Concentrate &#8211; Effective and Easy to Use Carpet Cleaner, concentrate Home > Products > Carpet care > Effective","og_url":"https:\/\/twinpol.com\/de\/produkt\/teppich-reinigungskonzentrat-500-ml\/","og_site_name":"TwinPol","article_modified_time":"2023-12-04T10:44:07+00:00","og_image":[{"width":800,"height":800,"url":"https:\/\/twinpol.com\/wp-content\/uploads\/2022\/11\/FR00090_500_Wizualizacja_www.png","type":"image\/png"}],"twitter_card":"summary_large_image","twitter_misc":{"Gesch\u00e4tzte Lesezeit":"1\u00a0Minute"},"schema":{"@context":"https:\/\/schema.org","@graph":[{"@type":"WebPage","@id":"https:\/\/twinpol.com\/product\/carpet-cleaning-concentrate-500-ml\/","url":"https:\/\/twinpol.com\/product\/carpet-cleaning-concentrate-500-ml\/","name":"Teppichreiniger, Konzentrat, 500 ml - TwinPol","isPartOf":{"@id":"https:\/\/twinpol.com\/#website"},"primaryImageOfPage":{"@id":"https:\/\/twinpol.com\/product\/carpet-cleaning-concentrate-500-ml\/#primaryimage"},"image":{"@id":"https:\/\/twinpol.com\/product\/carpet-cleaning-concentrate-500-ml\/#primaryimage"},"thumbnailUrl":"https:\/\/twinpol.com\/wp-content\/uploads\/2022\/11\/FR00090_500_Wizualizacja_www.png","datePublished":"2022-11-04T11:28:53+00:00","dateModified":"2023-12-04T10:44:07+00:00","breadcrumb":{"@id":"https:\/\/twinpol.com\/product\/carpet-cleaning-concentrate-500-ml\/#breadcrumb"},"inLanguage":"de","potentialAction":[{"@type":"ReadAction","target":["https:\/\/twinpol.com\/product\/carpet-cleaning-concentrate-500-ml\/"]}]},{"@type":"ImageObject","inLanguage":"de","@id":"https:\/\/twinpol.com\/product\/carpet-cleaning-concentrate-500-ml\/#primaryimage","url":"https:\/\/twinpol.com\/wp-content\/uploads\/2022\/11\/FR00090_500_Wizualizacja_www.png","contentUrl":"https:\/\/twinpol.com\/wp-content\/uploads\/2022\/11\/FR00090_500_Wizualizacja_www.png","width":800,"height":800},{"@type":"BreadcrumbList","@id":"https:\/\/twinpol.com\/product\/carpet-cleaning-concentrate-500-ml\/#breadcrumb","itemListElement":[{"@type":"ListItem","position":1,"name":"Home","item":"https:\/\/twinpol.com\/"},{"@type":"ListItem","position":2,"name":"Products","item":"https:\/\/twinpol.com\/products\/"},{"@type":"ListItem","position":3,"name":"Carpet cleaner, concentrate, 500 ml"}]},{"@type":"WebSite","@id":"https:\/\/twinpol.com\/#website","url":"https:\/\/twinpol.com\/","name":"Twinpol","description":"Reinigungsmittel","publisher":{"@id":"https:\/\/twinpol.com\/#organization"},"potentialAction":[{"@type":"SearchAction","target":{"@type":"EntryPoint","urlTemplate":"https:\/\/twinpol.com\/?s={search_term_string}"},"query-input":{"@type":"PropertyValueSpecification","valueRequired":true,"valueName":"search_term_string"}}],"inLanguage":"de"},{"@type":"Organization","@id":"https:\/\/twinpol.com\/#organization","name":"Twinpol","url":"https:\/\/twinpol.com\/","logo":{"@type":"ImageObject","inLanguage":"de","@id":"https:\/\/twinpol.com\/#\/schema\/logo\/image\/","url":"https:\/\/twinpol.com\/wp-content\/uploads\/2022\/10\/cropped-favicon.png","contentUrl":"https:\/\/twinpol.com\/wp-content\/uploads\/2022\/10\/cropped-favicon.png","width":512,"height":512,"caption":"Twinpol"},"image":{"@id":"https:\/\/twinpol.com\/#\/schema\/logo\/image\/"}}]}},"_links":{"self":[{"href":"https:\/\/twinpol.com\/de\/wp-json\/wp\/v2\/product\/9234","targetHints":{"allow":["GET"]}}],"collection":[{"href":"https:\/\/twinpol.com\/de\/wp-json\/wp\/v2\/product"}],"about":[{"href":"https:\/\/twinpol.com\/de\/wp-json\/wp\/v2\/types\/product"}],"wp:featuredmedia":[{"embeddable":true,"href":"https:\/\/twinpol.com\/de\/wp-json\/wp\/v2\/media\/20154"}],"wp:attachment":[{"href":"https:\/\/twinpol.com\/de\/wp-json\/wp\/v2\/media?parent=9234"}],"wp:term":[{"taxonomy":"product_brand","embeddable":true,"href":"https:\/\/twinpol.com\/de\/wp-json\/wp\/v2\/product_brand?post=9234"},{"taxonomy":"product_cat","embeddable":true,"href":"https:\/\/twinpol.com\/de\/wp-json\/wp\/v2\/product_cat?post=9234"},{"taxonomy":"product_tag","embeddable":true,"href":"https:\/\/twinpol.com\/de\/wp-json\/wp\/v2\/product_tag?post=9234"}],"curies":[{"name":"wp","href":"https:\/\/api.w.org\/{rel}","templated":true}]}}