{"id":9236,"date":"2022-11-04T11:54:11","date_gmt":"2022-11-04T11:54:11","guid":{"rendered":"https:\/\/twinpol.mysites.io\/?post_type=product&#038;p=9236"},"modified":"2023-12-04T10:58:10","modified_gmt":"2023-12-04T10:58:10","slug":"descaler-for-washing-machine-concentrate-250-ml","status":"publish","type":"product","link":"https:\/\/twinpol.com\/de\/produkt\/entkalker-fur-waschmaschinen-konzentrat-250-ml\/","title":{"rendered":"Entkalker f\u00fcr Waschmaschine, 250 ml"},"content":{"rendered":"<p><html><br \/>\n<head><br \/>\n\t<title>Waschmaschinenentkalker - wirksame L\u00f6sung f\u00fcr Ihre Waschmaschine<\/title><br \/>\n\t<meta name=\"description\" content=\"Sorgen Sie daf\u00fcr, dass Ihre Waschmaschine mit unserer wirksamen Entkalkungsl\u00f6sung einwandfrei funktioniert.\"><br \/>\n<\/head><br \/>\n<body><\/p>\n<h1>Waschmaschinenentkalker<\/h1>\n<div class=\"breadcrumbs\">\n  <a href=\"\/de\/\">Startseite<\/a> > <a href=\"\/de\/products\/\">Produkte<\/a> > <a href=\"\/de\/product-category\/wasching-machine-cleaner\/\">Waschmaschine<\/a> > <a href=\"\/de\/product-category\/descalers\/\"> Entkalker <\/a> >\n<\/div>\n<p>Wenn Sie Probleme mit Ihrer Waschmaschine haben, wie z. B. schlechte Leistung, seltsame Ger\u00e4usche oder schlechte Ger\u00fcche, ist es vielleicht an der Zeit, sie zu entkalken. <b>Unser Waschmaschinenentkalker<\/b> ist eine wirksame L\u00f6sung, damit Ihre Waschmaschine l\u00e4nger reibungslos funktioniert.<\/p>\n<h2>Wirksame und sichere L\u00f6sung<\/h2>\n<p><b>Unser Waschmaschinenentkalker<\/b> ist eine hochwirksame und sichere L\u00f6sung, um Kalkablagerungen in Ihrer Maschine zu verhindern. Es baut die Ablagerungen im harten Wasser ab, die Kalkablagerungen verursachen, und macht Ihre Waschmaschine sauber und frisch.<\/p>\n<h2>Einfach zu bedienen<\/h2>\n<p><b>Die Verwendung unseres Entkalkers ist einfach.<\/b> F\u00fcgen Sie einfach die empfohlene Menge zu Ihrem <b>das Waschmittelfach der Waschmaschine<\/b> und f\u00fchren eine <b>60\u00b0C<\/b> Programm ohne jegliche W\u00e4sche. Unsere Formel entfernt schnell und effektiv alle Ablagerungen und sorgt daf\u00fcr, dass Ihre Maschine reibungslos l\u00e4uft und frisch duftet.<\/p>\n<h2>Vorteile<\/h2>\n<ul>\n<li><b>Wirksame Formel zur Entfernung von Kalk und Mineralienablagerungen<\/b><\/li>\n<li><b>Verhindert k\u00fcnftige Ablagerungen<\/b><\/li>\n<li><b>Einfach zu bedienen<\/b><\/li>\n<li><b>Sorgt daf\u00fcr, dass Ihre Waschmaschine reibungslos l\u00e4uft und frisch duftet<\/b><\/li>\n<\/ul>\n<p>Die regelm\u00e4\u00dfige Verwendung unseres Waschmaschinenentkalkers hilft, Ihre Investition zu sch\u00fctzen, indem er die Lebensdauer Ihrer Waschmaschine verl\u00e4ngert. Er hilft, Kalkablagerungen zu verhindern, die Ihre Maschine besch\u00e4digen und ihre Effizienz mit der Zeit verringern k\u00f6nnen.<\/p>\n<p>Lassen Sie Ihre Waschmaschine nicht durch Kalkablagerungen besch\u00e4digen. Versuchen Sie <b>unser Waschmaschinenentkalker<\/b> und genie\u00dfen Sie l\u00e4nger eine saubere und frische Maschine!<\/p>\n<p>  <\/body><br \/>\n<\/html><\/p>","protected":false},"excerpt":{"rendered":"<p>Waschmaschinenentkalker - wirksame L\u00f6sung f\u00fcr Ihre Waschmaschine Waschmaschinenentkalker Home &gt; Produkte &gt; Waschmaschine &gt;<\/p>","protected":false},"featured_media":19885,"template":"","meta":[],"product_brand":[],"product_cat":[323,329],"product_tag":[],"class_list":{"0":"post-9236","1":"product","2":"type-product","3":"status-publish","4":"has-post-thumbnail","6":"product_cat-descalers","7":"product_cat-wasching-machine-cleaner","9":"first","10":"instock","11":"shipping-taxable","12":"purchasable","13":"product-type-simple"},"yoast_head":"<!-- This site is optimized with the Yoast SEO plugin v27.3 - https:\/\/yoast.com\/product\/yoast-seo-wordpress\/ -->\n<title>Descaler for washing machine, 250 ml - TwinPol<\/title>\n<meta name=\"robots\" content=\"index, follow, max-snippet:-1, max-image-preview:large, max-video-preview:-1\" \/>\n<link rel=\"canonical\" href=\"https:\/\/twinpol.com\/de\/produkt\/entkalker-fur-waschmaschinen-konzentrat-250-ml\/\" \/>\n<meta property=\"og:locale\" content=\"de_DE\" \/>\n<meta property=\"og:type\" content=\"article\" \/>\n<meta property=\"og:title\" content=\"Descaler for washing machine, 250 ml - TwinPol\" \/>\n<meta property=\"og:description\" content=\"Washing Machine Descaler &#8211; Effective Solution for Your Washing Machine Washing Machine Descaler Home &gt; Products &gt; Washing machine &gt;\" \/>\n<meta property=\"og:url\" content=\"https:\/\/twinpol.com\/de\/produkt\/entkalker-fur-waschmaschinen-konzentrat-250-ml\/\" \/>\n<meta property=\"og:site_name\" content=\"TwinPol\" \/>\n<meta property=\"article:modified_time\" content=\"2023-12-04T10:58:10+00:00\" \/>\n<meta property=\"og:image\" content=\"https:\/\/twinpol.com\/wp-content\/uploads\/2022\/11\/FR00084_500_Wizualizacja_www.png\" \/>\n\t<meta property=\"og:image:width\" content=\"800\" \/>\n\t<meta property=\"og:image:height\" content=\"800\" \/>\n\t<meta property=\"og:image:type\" content=\"image\/png\" \/>\n<meta name=\"twitter:card\" content=\"summary_large_image\" \/>\n<meta name=\"twitter:label1\" content=\"Gesch\u00e4tzte Lesezeit\" \/>\n\t<meta name=\"twitter:data1\" content=\"1\u00a0Minute\" \/>\n<script type=\"application\/ld+json\" class=\"yoast-schema-graph\">{\"@context\":\"https:\\\/\\\/schema.org\",\"@graph\":[{\"@type\":\"WebPage\",\"@id\":\"https:\\\/\\\/twinpol.com\\\/product\\\/descaler-for-washing-machine-concentrate-250-ml\\\/\",\"url\":\"https:\\\/\\\/twinpol.com\\\/product\\\/descaler-for-washing-machine-concentrate-250-ml\\\/\",\"name\":\"Descaler for washing machine, 250 ml - TwinPol\",\"isPartOf\":{\"@id\":\"https:\\\/\\\/twinpol.com\\\/#website\"},\"primaryImageOfPage\":{\"@id\":\"https:\\\/\\\/twinpol.com\\\/product\\\/descaler-for-washing-machine-concentrate-250-ml\\\/#primaryimage\"},\"image\":{\"@id\":\"https:\\\/\\\/twinpol.com\\\/product\\\/descaler-for-washing-machine-concentrate-250-ml\\\/#primaryimage\"},\"thumbnailUrl\":\"https:\\\/\\\/twinpol.com\\\/wp-content\\\/uploads\\\/2022\\\/11\\\/FR00084_500_Wizualizacja_www.png\",\"datePublished\":\"2022-11-04T11:54:11+00:00\",\"dateModified\":\"2023-12-04T10:58:10+00:00\",\"breadcrumb\":{\"@id\":\"https:\\\/\\\/twinpol.com\\\/product\\\/descaler-for-washing-machine-concentrate-250-ml\\\/#breadcrumb\"},\"inLanguage\":\"de\",\"potentialAction\":[{\"@type\":\"ReadAction\",\"target\":[\"https:\\\/\\\/twinpol.com\\\/product\\\/descaler-for-washing-machine-concentrate-250-ml\\\/\"]}]},{\"@type\":\"ImageObject\",\"inLanguage\":\"de\",\"@id\":\"https:\\\/\\\/twinpol.com\\\/product\\\/descaler-for-washing-machine-concentrate-250-ml\\\/#primaryimage\",\"url\":\"https:\\\/\\\/twinpol.com\\\/wp-content\\\/uploads\\\/2022\\\/11\\\/FR00084_500_Wizualizacja_www.png\",\"contentUrl\":\"https:\\\/\\\/twinpol.com\\\/wp-content\\\/uploads\\\/2022\\\/11\\\/FR00084_500_Wizualizacja_www.png\",\"width\":800,\"height\":800},{\"@type\":\"BreadcrumbList\",\"@id\":\"https:\\\/\\\/twinpol.com\\\/product\\\/descaler-for-washing-machine-concentrate-250-ml\\\/#breadcrumb\",\"itemListElement\":[{\"@type\":\"ListItem\",\"position\":1,\"name\":\"Home\",\"item\":\"https:\\\/\\\/twinpol.com\\\/\"},{\"@type\":\"ListItem\",\"position\":2,\"name\":\"Products\",\"item\":\"https:\\\/\\\/twinpol.com\\\/products\\\/\"},{\"@type\":\"ListItem\",\"position\":3,\"name\":\"Descaler for washing machine, 250 ml\"}]},{\"@type\":\"WebSite\",\"@id\":\"https:\\\/\\\/twinpol.com\\\/#website\",\"url\":\"https:\\\/\\\/twinpol.com\\\/\",\"name\":\"Twinpol\",\"description\":\"Cleaning Supplies\",\"publisher\":{\"@id\":\"https:\\\/\\\/twinpol.com\\\/#organization\"},\"potentialAction\":[{\"@type\":\"SearchAction\",\"target\":{\"@type\":\"EntryPoint\",\"urlTemplate\":\"https:\\\/\\\/twinpol.com\\\/?s={search_term_string}\"},\"query-input\":{\"@type\":\"PropertyValueSpecification\",\"valueRequired\":true,\"valueName\":\"search_term_string\"}}],\"inLanguage\":\"de\"},{\"@type\":\"Organization\",\"@id\":\"https:\\\/\\\/twinpol.com\\\/#organization\",\"name\":\"Twinpol\",\"url\":\"https:\\\/\\\/twinpol.com\\\/\",\"logo\":{\"@type\":\"ImageObject\",\"inLanguage\":\"de\",\"@id\":\"https:\\\/\\\/twinpol.com\\\/#\\\/schema\\\/logo\\\/image\\\/\",\"url\":\"https:\\\/\\\/twinpol.com\\\/wp-content\\\/uploads\\\/2022\\\/10\\\/cropped-favicon.png\",\"contentUrl\":\"https:\\\/\\\/twinpol.com\\\/wp-content\\\/uploads\\\/2022\\\/10\\\/cropped-favicon.png\",\"width\":512,\"height\":512,\"caption\":\"Twinpol\"},\"image\":{\"@id\":\"https:\\\/\\\/twinpol.com\\\/#\\\/schema\\\/logo\\\/image\\\/\"}}]}<\/script>\n<!-- \/ Yoast SEO plugin. -->","yoast_head_json":{"title":"Entkalker f\u00fcr Waschmaschine, 250 ml - TwinPol","robots":{"index":"index","follow":"follow","max-snippet":"max-snippet:-1","max-image-preview":"max-image-preview:large","max-video-preview":"max-video-preview:-1"},"canonical":"https:\/\/twinpol.com\/de\/produkt\/entkalker-fur-waschmaschinen-konzentrat-250-ml\/","og_locale":"de_DE","og_type":"article","og_title":"Descaler for washing machine, 250 ml - TwinPol","og_description":"Washing Machine Descaler &#8211; Effective Solution for Your Washing Machine Washing Machine Descaler Home > Products > Washing machine >","og_url":"https:\/\/twinpol.com\/de\/produkt\/entkalker-fur-waschmaschinen-konzentrat-250-ml\/","og_site_name":"TwinPol","article_modified_time":"2023-12-04T10:58:10+00:00","og_image":[{"width":800,"height":800,"url":"https:\/\/twinpol.com\/wp-content\/uploads\/2022\/11\/FR00084_500_Wizualizacja_www.png","type":"image\/png"}],"twitter_card":"summary_large_image","twitter_misc":{"Gesch\u00e4tzte Lesezeit":"1\u00a0Minute"},"schema":{"@context":"https:\/\/schema.org","@graph":[{"@type":"WebPage","@id":"https:\/\/twinpol.com\/product\/descaler-for-washing-machine-concentrate-250-ml\/","url":"https:\/\/twinpol.com\/product\/descaler-for-washing-machine-concentrate-250-ml\/","name":"Entkalker f\u00fcr Waschmaschine, 250 ml - TwinPol","isPartOf":{"@id":"https:\/\/twinpol.com\/#website"},"primaryImageOfPage":{"@id":"https:\/\/twinpol.com\/product\/descaler-for-washing-machine-concentrate-250-ml\/#primaryimage"},"image":{"@id":"https:\/\/twinpol.com\/product\/descaler-for-washing-machine-concentrate-250-ml\/#primaryimage"},"thumbnailUrl":"https:\/\/twinpol.com\/wp-content\/uploads\/2022\/11\/FR00084_500_Wizualizacja_www.png","datePublished":"2022-11-04T11:54:11+00:00","dateModified":"2023-12-04T10:58:10+00:00","breadcrumb":{"@id":"https:\/\/twinpol.com\/product\/descaler-for-washing-machine-concentrate-250-ml\/#breadcrumb"},"inLanguage":"de","potentialAction":[{"@type":"ReadAction","target":["https:\/\/twinpol.com\/product\/descaler-for-washing-machine-concentrate-250-ml\/"]}]},{"@type":"ImageObject","inLanguage":"de","@id":"https:\/\/twinpol.com\/product\/descaler-for-washing-machine-concentrate-250-ml\/#primaryimage","url":"https:\/\/twinpol.com\/wp-content\/uploads\/2022\/11\/FR00084_500_Wizualizacja_www.png","contentUrl":"https:\/\/twinpol.com\/wp-content\/uploads\/2022\/11\/FR00084_500_Wizualizacja_www.png","width":800,"height":800},{"@type":"BreadcrumbList","@id":"https:\/\/twinpol.com\/product\/descaler-for-washing-machine-concentrate-250-ml\/#breadcrumb","itemListElement":[{"@type":"ListItem","position":1,"name":"Home","item":"https:\/\/twinpol.com\/"},{"@type":"ListItem","position":2,"name":"Products","item":"https:\/\/twinpol.com\/products\/"},{"@type":"ListItem","position":3,"name":"Descaler for washing machine, 250 ml"}]},{"@type":"WebSite","@id":"https:\/\/twinpol.com\/#website","url":"https:\/\/twinpol.com\/","name":"Twinpol","description":"Reinigungsmittel","publisher":{"@id":"https:\/\/twinpol.com\/#organization"},"potentialAction":[{"@type":"SearchAction","target":{"@type":"EntryPoint","urlTemplate":"https:\/\/twinpol.com\/?s={search_term_string}"},"query-input":{"@type":"PropertyValueSpecification","valueRequired":true,"valueName":"search_term_string"}}],"inLanguage":"de"},{"@type":"Organization","@id":"https:\/\/twinpol.com\/#organization","name":"Twinpol","url":"https:\/\/twinpol.com\/","logo":{"@type":"ImageObject","inLanguage":"de","@id":"https:\/\/twinpol.com\/#\/schema\/logo\/image\/","url":"https:\/\/twinpol.com\/wp-content\/uploads\/2022\/10\/cropped-favicon.png","contentUrl":"https:\/\/twinpol.com\/wp-content\/uploads\/2022\/10\/cropped-favicon.png","width":512,"height":512,"caption":"Twinpol"},"image":{"@id":"https:\/\/twinpol.com\/#\/schema\/logo\/image\/"}}]}},"_links":{"self":[{"href":"https:\/\/twinpol.com\/de\/wp-json\/wp\/v2\/product\/9236","targetHints":{"allow":["GET"]}}],"collection":[{"href":"https:\/\/twinpol.com\/de\/wp-json\/wp\/v2\/product"}],"about":[{"href":"https:\/\/twinpol.com\/de\/wp-json\/wp\/v2\/types\/product"}],"wp:featuredmedia":[{"embeddable":true,"href":"https:\/\/twinpol.com\/de\/wp-json\/wp\/v2\/media\/19885"}],"wp:attachment":[{"href":"https:\/\/twinpol.com\/de\/wp-json\/wp\/v2\/media?parent=9236"}],"wp:term":[{"taxonomy":"product_brand","embeddable":true,"href":"https:\/\/twinpol.com\/de\/wp-json\/wp\/v2\/product_brand?post=9236"},{"taxonomy":"product_cat","embeddable":true,"href":"https:\/\/twinpol.com\/de\/wp-json\/wp\/v2\/product_cat?post=9236"},{"taxonomy":"product_tag","embeddable":true,"href":"https:\/\/twinpol.com\/de\/wp-json\/wp\/v2\/product_tag?post=9236"}],"curies":[{"name":"wp","href":"https:\/\/api.w.org\/{rel}","templated":true}]}}