{"id":9238,"date":"2022-11-04T12:03:01","date_gmt":"2022-11-04T12:03:01","guid":{"rendered":"https:\/\/twinpol.mysites.io\/?post_type=product&#038;p=9238"},"modified":"2023-12-04T10:47:41","modified_gmt":"2023-12-04T10:47:41","slug":"cleaning-tablets-for-coffee-machine-13g-10-pcs","status":"publish","type":"product","link":"https:\/\/twinpol.com\/de\/produkt\/reinigungs-tabletten-fur-kaffeemaschine-13g-10-stk\/","title":{"rendered":"Reinigungstabletten f\u00fcr Kaffeemaschinen, 10 St\u00fcck"},"content":{"rendered":"<p><html><br \/>\n  <head><br \/>\n    <title>Reinigungstabletten f\u00fcr Kaffeemaschinen<\/title><br \/>\n    <meta name=\"description\" content=\"Mit unseren Reinigungstabletten bleibt Ihre Kaffeemaschine sauber und l\u00e4uft reibungslos. Befreien Sie sich m\u00fchelos von Kaffee\u00f6len und R\u00fcckst\u00e4nden.\"><br \/>\n  <\/head><br \/>\n  <body><br \/>\n    <main><\/p>\n<h1>Reinigungstabletten f\u00fcr Kaffeemaschinen<\/h1>\n<div class=\"breadcrumbs\">\n  <a href=\"\/de\/\">Startseite<\/a> > <a href=\"\/de\/products\/\">Produkte<\/a> > <a href=\"\/de\/product-category\/coffee-machine-cleaner\/\"> Kaffeemaschine<\/a> > <a href=\"\/de\/product-category\/tablets\/\"> Reinigungstabletten<\/a> >\n<\/div>\n<h2>M\u00fchelose Reinigung f\u00fcr gro\u00dfartig schmeckenden Kaffee<\/h2>\n<p>Die regelm\u00e4\u00dfige Reinigung Ihrer Kaffeemaschine ist entscheidend, um das Beste aus Ihrem Kaffee herauszuholen. Unsere Reinigungstabletten bieten eine einfache, aber wirksame L\u00f6sung, um Ihre Maschine in Topform zu halten.<\/p>\n<h2>Bequem und kosteng\u00fcnstig<\/h2>\n<p>Die Verwendung unserer Reinigungstabletten ist eine bequeme und kosteng\u00fcnstige M\u00f6glichkeit, Ihre Kaffeemaschine zu pflegen. Anstatt teure Reinigungsl\u00f6sungen zu kaufen oder Ihre Maschine zu einem Profi zu bringen, k\u00f6nnen Sie Ihre Maschine einfach und kosteng\u00fcnstig zu Hause reinigen.<\/p>\n<h2>Wie zu verwenden:<\/h2>\n<p>Geben Sie einfach eine Tablette in den Wassertank Ihrer Kaffeemaschine und f\u00fchren Sie einen Reinigungszyklus durch. Anschlie\u00dfend gr\u00fcndlich mit Wasser aussp\u00fclen. F\u00fcr beste Ergebnisse empfehlen wir, Ihre Kaffeemaschine alle 3 Monate zu reinigen.<\/p>\n<h2>Vorteile:<\/h2>\n<ul>\n<li>Entfernt hartn\u00e4ckige Kaffee\u00f6le und R\u00fcckst\u00e4nde<\/li>\n<li>Verbessert den Geschmack und das Aroma Ihres Kaffees<\/li>\n<li>Verl\u00e4ngert die Lebensdauer Ihrer Kaffeemaschine<\/li>\n<li>Einfache und bequeme Anwendung<\/li>\n<li>Sicher f\u00fcr alle Arten von Kaffeemaschinen<\/li>\n<\/ul>\n<p>    <\/main><br \/>\n  <\/body><br \/>\n<\/html><\/p>","protected":false},"excerpt":{"rendered":"<p>Reinigungstabletten f\u00fcr Kaffeemaschine Reinigungstabletten f\u00fcr Kaffeemaschine Home &gt; Produkte &gt; Kaffeemaschine &gt; Reinigungstabletten &gt;<\/p>","protected":false},"featured_media":18309,"template":"","meta":[],"product_brand":[],"product_cat":[338,328],"product_tag":[],"class_list":{"0":"post-9238","1":"product","2":"type-product","3":"status-publish","4":"has-post-thumbnail","6":"product_cat-tablets","7":"product_cat-coffee-machine-cleaner","9":"first","10":"instock","11":"shipping-taxable","12":"purchasable","13":"product-type-simple"},"yoast_head":"<!-- This site is optimized with the Yoast SEO plugin v27.3 - https:\/\/yoast.com\/product\/yoast-seo-wordpress\/ -->\n<title>Cleaning tablets for coffee machines, 10 pcs - TwinPol<\/title>\n<meta name=\"robots\" content=\"index, follow, max-snippet:-1, max-image-preview:large, max-video-preview:-1\" \/>\n<link rel=\"canonical\" href=\"https:\/\/twinpol.com\/de\/produkt\/reinigungs-tabletten-fur-kaffeemaschine-13g-10-stk\/\" \/>\n<meta property=\"og:locale\" content=\"de_DE\" \/>\n<meta property=\"og:type\" content=\"article\" \/>\n<meta property=\"og:title\" content=\"Cleaning tablets for coffee machines, 10 pcs - TwinPol\" \/>\n<meta property=\"og:description\" content=\"Cleaning Tablets for Coffee Machine Cleaning Tablets for Coffee Machine Home &gt; Products &gt; Coffee machine &gt; Cleaning tablets &gt;\" \/>\n<meta property=\"og:url\" content=\"https:\/\/twinpol.com\/de\/produkt\/reinigungs-tabletten-fur-kaffeemaschine-13g-10-stk\/\" \/>\n<meta property=\"og:site_name\" content=\"TwinPol\" \/>\n<meta property=\"article:modified_time\" content=\"2023-12-04T10:47:41+00:00\" \/>\n<meta property=\"og:image\" content=\"https:\/\/twinpol.com\/wp-content\/uploads\/2022\/11\/FR00016_10_Wizualizacja_www.png\" \/>\n\t<meta property=\"og:image:width\" content=\"800\" \/>\n\t<meta property=\"og:image:height\" content=\"800\" \/>\n\t<meta property=\"og:image:type\" content=\"image\/png\" \/>\n<meta name=\"twitter:card\" content=\"summary_large_image\" \/>\n<meta name=\"twitter:label1\" content=\"Gesch\u00e4tzte Lesezeit\" \/>\n\t<meta name=\"twitter:data1\" content=\"1\u00a0Minute\" \/>\n<script type=\"application\/ld+json\" class=\"yoast-schema-graph\">{\"@context\":\"https:\\\/\\\/schema.org\",\"@graph\":[{\"@type\":\"WebPage\",\"@id\":\"https:\\\/\\\/twinpol.com\\\/product\\\/cleaning-tablets-for-coffee-machine-13g-10-pcs\\\/\",\"url\":\"https:\\\/\\\/twinpol.com\\\/product\\\/cleaning-tablets-for-coffee-machine-13g-10-pcs\\\/\",\"name\":\"Cleaning tablets for coffee machines, 10 pcs - TwinPol\",\"isPartOf\":{\"@id\":\"https:\\\/\\\/twinpol.com\\\/#website\"},\"primaryImageOfPage\":{\"@id\":\"https:\\\/\\\/twinpol.com\\\/product\\\/cleaning-tablets-for-coffee-machine-13g-10-pcs\\\/#primaryimage\"},\"image\":{\"@id\":\"https:\\\/\\\/twinpol.com\\\/product\\\/cleaning-tablets-for-coffee-machine-13g-10-pcs\\\/#primaryimage\"},\"thumbnailUrl\":\"https:\\\/\\\/twinpol.com\\\/wp-content\\\/uploads\\\/2022\\\/11\\\/FR00016_10_Wizualizacja_www.png\",\"datePublished\":\"2022-11-04T12:03:01+00:00\",\"dateModified\":\"2023-12-04T10:47:41+00:00\",\"breadcrumb\":{\"@id\":\"https:\\\/\\\/twinpol.com\\\/product\\\/cleaning-tablets-for-coffee-machine-13g-10-pcs\\\/#breadcrumb\"},\"inLanguage\":\"de\",\"potentialAction\":[{\"@type\":\"ReadAction\",\"target\":[\"https:\\\/\\\/twinpol.com\\\/product\\\/cleaning-tablets-for-coffee-machine-13g-10-pcs\\\/\"]}]},{\"@type\":\"ImageObject\",\"inLanguage\":\"de\",\"@id\":\"https:\\\/\\\/twinpol.com\\\/product\\\/cleaning-tablets-for-coffee-machine-13g-10-pcs\\\/#primaryimage\",\"url\":\"https:\\\/\\\/twinpol.com\\\/wp-content\\\/uploads\\\/2022\\\/11\\\/FR00016_10_Wizualizacja_www.png\",\"contentUrl\":\"https:\\\/\\\/twinpol.com\\\/wp-content\\\/uploads\\\/2022\\\/11\\\/FR00016_10_Wizualizacja_www.png\",\"width\":800,\"height\":800},{\"@type\":\"BreadcrumbList\",\"@id\":\"https:\\\/\\\/twinpol.com\\\/product\\\/cleaning-tablets-for-coffee-machine-13g-10-pcs\\\/#breadcrumb\",\"itemListElement\":[{\"@type\":\"ListItem\",\"position\":1,\"name\":\"Home\",\"item\":\"https:\\\/\\\/twinpol.com\\\/\"},{\"@type\":\"ListItem\",\"position\":2,\"name\":\"Products\",\"item\":\"https:\\\/\\\/twinpol.com\\\/products\\\/\"},{\"@type\":\"ListItem\",\"position\":3,\"name\":\"Cleaning tablets for coffee machines, 10 pcs\"}]},{\"@type\":\"WebSite\",\"@id\":\"https:\\\/\\\/twinpol.com\\\/#website\",\"url\":\"https:\\\/\\\/twinpol.com\\\/\",\"name\":\"Twinpol\",\"description\":\"Cleaning Supplies\",\"publisher\":{\"@id\":\"https:\\\/\\\/twinpol.com\\\/#organization\"},\"potentialAction\":[{\"@type\":\"SearchAction\",\"target\":{\"@type\":\"EntryPoint\",\"urlTemplate\":\"https:\\\/\\\/twinpol.com\\\/?s={search_term_string}\"},\"query-input\":{\"@type\":\"PropertyValueSpecification\",\"valueRequired\":true,\"valueName\":\"search_term_string\"}}],\"inLanguage\":\"de\"},{\"@type\":\"Organization\",\"@id\":\"https:\\\/\\\/twinpol.com\\\/#organization\",\"name\":\"Twinpol\",\"url\":\"https:\\\/\\\/twinpol.com\\\/\",\"logo\":{\"@type\":\"ImageObject\",\"inLanguage\":\"de\",\"@id\":\"https:\\\/\\\/twinpol.com\\\/#\\\/schema\\\/logo\\\/image\\\/\",\"url\":\"https:\\\/\\\/twinpol.com\\\/wp-content\\\/uploads\\\/2022\\\/10\\\/cropped-favicon.png\",\"contentUrl\":\"https:\\\/\\\/twinpol.com\\\/wp-content\\\/uploads\\\/2022\\\/10\\\/cropped-favicon.png\",\"width\":512,\"height\":512,\"caption\":\"Twinpol\"},\"image\":{\"@id\":\"https:\\\/\\\/twinpol.com\\\/#\\\/schema\\\/logo\\\/image\\\/\"}}]}<\/script>\n<!-- \/ Yoast SEO plugin. -->","yoast_head_json":{"title":"Reinigungstabletten f\u00fcr Kaffeemaschinen, 10 St\u00fcck - TwinPol","robots":{"index":"index","follow":"follow","max-snippet":"max-snippet:-1","max-image-preview":"max-image-preview:large","max-video-preview":"max-video-preview:-1"},"canonical":"https:\/\/twinpol.com\/de\/produkt\/reinigungs-tabletten-fur-kaffeemaschine-13g-10-stk\/","og_locale":"de_DE","og_type":"article","og_title":"Cleaning tablets for coffee machines, 10 pcs - TwinPol","og_description":"Cleaning Tablets for Coffee Machine Cleaning Tablets for Coffee Machine Home > Products > Coffee machine > Cleaning tablets >","og_url":"https:\/\/twinpol.com\/de\/produkt\/reinigungs-tabletten-fur-kaffeemaschine-13g-10-stk\/","og_site_name":"TwinPol","article_modified_time":"2023-12-04T10:47:41+00:00","og_image":[{"width":800,"height":800,"url":"https:\/\/twinpol.com\/wp-content\/uploads\/2022\/11\/FR00016_10_Wizualizacja_www.png","type":"image\/png"}],"twitter_card":"summary_large_image","twitter_misc":{"Gesch\u00e4tzte Lesezeit":"1\u00a0Minute"},"schema":{"@context":"https:\/\/schema.org","@graph":[{"@type":"WebPage","@id":"https:\/\/twinpol.com\/product\/cleaning-tablets-for-coffee-machine-13g-10-pcs\/","url":"https:\/\/twinpol.com\/product\/cleaning-tablets-for-coffee-machine-13g-10-pcs\/","name":"Reinigungstabletten f\u00fcr Kaffeemaschinen, 10 St\u00fcck - TwinPol","isPartOf":{"@id":"https:\/\/twinpol.com\/#website"},"primaryImageOfPage":{"@id":"https:\/\/twinpol.com\/product\/cleaning-tablets-for-coffee-machine-13g-10-pcs\/#primaryimage"},"image":{"@id":"https:\/\/twinpol.com\/product\/cleaning-tablets-for-coffee-machine-13g-10-pcs\/#primaryimage"},"thumbnailUrl":"https:\/\/twinpol.com\/wp-content\/uploads\/2022\/11\/FR00016_10_Wizualizacja_www.png","datePublished":"2022-11-04T12:03:01+00:00","dateModified":"2023-12-04T10:47:41+00:00","breadcrumb":{"@id":"https:\/\/twinpol.com\/product\/cleaning-tablets-for-coffee-machine-13g-10-pcs\/#breadcrumb"},"inLanguage":"de","potentialAction":[{"@type":"ReadAction","target":["https:\/\/twinpol.com\/product\/cleaning-tablets-for-coffee-machine-13g-10-pcs\/"]}]},{"@type":"ImageObject","inLanguage":"de","@id":"https:\/\/twinpol.com\/product\/cleaning-tablets-for-coffee-machine-13g-10-pcs\/#primaryimage","url":"https:\/\/twinpol.com\/wp-content\/uploads\/2022\/11\/FR00016_10_Wizualizacja_www.png","contentUrl":"https:\/\/twinpol.com\/wp-content\/uploads\/2022\/11\/FR00016_10_Wizualizacja_www.png","width":800,"height":800},{"@type":"BreadcrumbList","@id":"https:\/\/twinpol.com\/product\/cleaning-tablets-for-coffee-machine-13g-10-pcs\/#breadcrumb","itemListElement":[{"@type":"ListItem","position":1,"name":"Home","item":"https:\/\/twinpol.com\/"},{"@type":"ListItem","position":2,"name":"Products","item":"https:\/\/twinpol.com\/products\/"},{"@type":"ListItem","position":3,"name":"Cleaning tablets for coffee machines, 10 pcs"}]},{"@type":"WebSite","@id":"https:\/\/twinpol.com\/#website","url":"https:\/\/twinpol.com\/","name":"Twinpol","description":"Reinigungsmittel","publisher":{"@id":"https:\/\/twinpol.com\/#organization"},"potentialAction":[{"@type":"SearchAction","target":{"@type":"EntryPoint","urlTemplate":"https:\/\/twinpol.com\/?s={search_term_string}"},"query-input":{"@type":"PropertyValueSpecification","valueRequired":true,"valueName":"search_term_string"}}],"inLanguage":"de"},{"@type":"Organization","@id":"https:\/\/twinpol.com\/#organization","name":"Twinpol","url":"https:\/\/twinpol.com\/","logo":{"@type":"ImageObject","inLanguage":"de","@id":"https:\/\/twinpol.com\/#\/schema\/logo\/image\/","url":"https:\/\/twinpol.com\/wp-content\/uploads\/2022\/10\/cropped-favicon.png","contentUrl":"https:\/\/twinpol.com\/wp-content\/uploads\/2022\/10\/cropped-favicon.png","width":512,"height":512,"caption":"Twinpol"},"image":{"@id":"https:\/\/twinpol.com\/#\/schema\/logo\/image\/"}}]}},"_links":{"self":[{"href":"https:\/\/twinpol.com\/de\/wp-json\/wp\/v2\/product\/9238","targetHints":{"allow":["GET"]}}],"collection":[{"href":"https:\/\/twinpol.com\/de\/wp-json\/wp\/v2\/product"}],"about":[{"href":"https:\/\/twinpol.com\/de\/wp-json\/wp\/v2\/types\/product"}],"wp:featuredmedia":[{"embeddable":true,"href":"https:\/\/twinpol.com\/de\/wp-json\/wp\/v2\/media\/18309"}],"wp:attachment":[{"href":"https:\/\/twinpol.com\/de\/wp-json\/wp\/v2\/media?parent=9238"}],"wp:term":[{"taxonomy":"product_brand","embeddable":true,"href":"https:\/\/twinpol.com\/de\/wp-json\/wp\/v2\/product_brand?post=9238"},{"taxonomy":"product_cat","embeddable":true,"href":"https:\/\/twinpol.com\/de\/wp-json\/wp\/v2\/product_cat?post=9238"},{"taxonomy":"product_tag","embeddable":true,"href":"https:\/\/twinpol.com\/de\/wp-json\/wp\/v2\/product_tag?post=9238"}],"curies":[{"name":"wp","href":"https:\/\/api.w.org\/{rel}","templated":true}]}}