{"id":9242,"date":"2022-11-04T12:19:08","date_gmt":"2022-11-04T12:19:08","guid":{"rendered":"https:\/\/twinpol.mysites.io\/?post_type=product&#038;p=9242"},"modified":"2023-12-04T10:59:44","modified_gmt":"2023-12-04T10:59:44","slug":"descaling-tablets-for-coffee-machines-10-pcs","status":"publish","type":"product","link":"https:\/\/twinpol.com\/de\/produkt\/entkalker-tabletten-3g-10-stuck\/","title":{"rendered":"Entkalkungstabletten f\u00fcr Kaffeemaschinen, 10 St\u00fcck"},"content":{"rendered":"<p><html><br \/>\n<head><br \/>\n\t<title>Entkalkungstabletten f\u00fcr Kaffeemaschinen<\/title><br \/>\n\t<meta name=\"description\" content=\"Halten Sie Ihre Kaffeemaschine mit unseren Entkalkungstabletten in Topform. Beseitigen Sie Kalkablagerungen und genie\u00dfen Sie jedes Mal gro\u00dfartig schmeckenden Kaffee.\"><br \/>\n<\/head><br \/>\n<body><\/p>\n<h1>Entkalkungstabletten f\u00fcr Kaffeemaschinen<\/h1>\n<div class=\"breadcrumbs\">\n  <a href=\"\/de\/\">Startseite<\/a> > <a href=\"\/de\/products\/\">Produkte<\/a> > <a href=\"\/de\/product-category\/coffee-machine-cleaner\/\"> Kaffeemaschine<\/a> > <a href=\"\/de\/product-category\/tablets\/\"> Reinigungstabletten<\/a> > <a href=\"\/de\/product-category\/descalers\/\"> Entkalker <\/a> >\n<\/div>\n<h2>Damit Ihre Kaffeemaschine reibungslos funktioniert<\/h2>\n<p>Mit der Zeit k\u00f6nnen sich in Ihrer Kaffeemaschine mineralische Ablagerungen aus dem Wasser bilden und den Geschmack Ihres Kaffees beeintr\u00e4chtigen. Unsere Entkalkungstabletten wurden speziell entwickelt, um diese Ablagerungen zu entfernen und Ihre Maschine in Topform zu bringen. Bei regelm\u00e4\u00dfiger Anwendung k\u00f6nnen Sie jedes Mal einen gro\u00dfartig schmeckenden Kaffee genie\u00dfen.<\/p>\n<h2>Einfach zu benutzen<\/h2>\n<p>Unsere Entkalkungstabletten sind leicht zu verwenden. L\u00f6sen Sie die Tablette einfach in Wasser auf und lassen Sie die L\u00f6sung gem\u00e4\u00df den Anweisungen des Herstellers durch Ihre Kaffeemaschine laufen. Die Tabletten sind f\u00fcr alle Arten von Kaffeemaschinen geeignet und besch\u00e4digen die internen Komponenten nicht. <\/p>\n<h2>Vorteile<\/h2>\n<ul>\n<li>Beseitigt Kalkablagerungen<\/li>\n<li>Verbessert den Geschmack Ihres Kaffees<\/li>\n<li>Einfach zu bedienen<\/li>\n<li>Sicher f\u00fcr alle Arten von Kaffeemaschinen<\/li>\n<\/ul>\n<p><\/body><br \/>\n<\/html><\/p>","protected":false},"excerpt":{"rendered":"<p>Entkalkungstabletten f\u00fcr Kaffeemaschinen Entkalkungstabletten f\u00fcr Kaffeemaschinen Home &gt; Produkte &gt; Kaffeemaschinen &gt; Reinigungstabletten &gt;<\/p>","protected":false},"featured_media":9528,"template":"","meta":[],"product_brand":[],"product_cat":[338,328,323],"product_tag":[],"class_list":{"0":"post-9242","1":"product","2":"type-product","3":"status-publish","4":"has-post-thumbnail","6":"product_cat-tablets","7":"product_cat-coffee-machine-cleaner","8":"product_cat-descalers","10":"first","11":"instock","12":"shipping-taxable","13":"purchasable","14":"product-type-simple"},"yoast_head":"<!-- This site is optimized with the Yoast SEO plugin v27.3 - https:\/\/yoast.com\/product\/yoast-seo-wordpress\/ -->\n<title>Descaling tablets for coffe machines, 10 pcs - TwinPol<\/title>\n<meta name=\"robots\" content=\"index, follow, max-snippet:-1, max-image-preview:large, max-video-preview:-1\" \/>\n<link rel=\"canonical\" href=\"https:\/\/twinpol.com\/de\/produkt\/entkalker-tabletten-3g-10-stuck\/\" \/>\n<meta property=\"og:locale\" content=\"de_DE\" \/>\n<meta property=\"og:type\" content=\"article\" \/>\n<meta property=\"og:title\" content=\"Descaling tablets for coffe machines, 10 pcs - TwinPol\" \/>\n<meta property=\"og:description\" content=\"Descaling Tablets for Coffee Machine Descaling Tablets for Coffee Machine Home &gt; Products &gt; Coffe machine &gt; Cleaning tablets &gt;\" \/>\n<meta property=\"og:url\" content=\"https:\/\/twinpol.com\/de\/produkt\/entkalker-tabletten-3g-10-stuck\/\" \/>\n<meta property=\"og:site_name\" content=\"TwinPol\" \/>\n<meta property=\"article:modified_time\" content=\"2023-12-04T10:59:44+00:00\" \/>\n<meta property=\"og:image\" content=\"https:\/\/twinpol.com\/wp-content\/uploads\/2022\/11\/FR00017.png\" \/>\n\t<meta property=\"og:image:width\" content=\"1200\" \/>\n\t<meta property=\"og:image:height\" content=\"1200\" \/>\n\t<meta property=\"og:image:type\" content=\"image\/png\" \/>\n<meta name=\"twitter:card\" content=\"summary_large_image\" \/>\n<meta name=\"twitter:label1\" content=\"Gesch\u00e4tzte Lesezeit\" \/>\n\t<meta name=\"twitter:data1\" content=\"1\u00a0Minute\" \/>\n<script type=\"application\/ld+json\" class=\"yoast-schema-graph\">{\"@context\":\"https:\\\/\\\/schema.org\",\"@graph\":[{\"@type\":\"WebPage\",\"@id\":\"https:\\\/\\\/twinpol.com\\\/product\\\/descaling-tablets-for-coffee-machines-10-pcs\\\/\",\"url\":\"https:\\\/\\\/twinpol.com\\\/product\\\/descaling-tablets-for-coffee-machines-10-pcs\\\/\",\"name\":\"Descaling tablets for coffe machines, 10 pcs - TwinPol\",\"isPartOf\":{\"@id\":\"https:\\\/\\\/twinpol.com\\\/#website\"},\"primaryImageOfPage\":{\"@id\":\"https:\\\/\\\/twinpol.com\\\/product\\\/descaling-tablets-for-coffee-machines-10-pcs\\\/#primaryimage\"},\"image\":{\"@id\":\"https:\\\/\\\/twinpol.com\\\/product\\\/descaling-tablets-for-coffee-machines-10-pcs\\\/#primaryimage\"},\"thumbnailUrl\":\"https:\\\/\\\/twinpol.com\\\/wp-content\\\/uploads\\\/2022\\\/11\\\/FR00017.png\",\"datePublished\":\"2022-11-04T12:19:08+00:00\",\"dateModified\":\"2023-12-04T10:59:44+00:00\",\"breadcrumb\":{\"@id\":\"https:\\\/\\\/twinpol.com\\\/product\\\/descaling-tablets-for-coffee-machines-10-pcs\\\/#breadcrumb\"},\"inLanguage\":\"de\",\"potentialAction\":[{\"@type\":\"ReadAction\",\"target\":[\"https:\\\/\\\/twinpol.com\\\/product\\\/descaling-tablets-for-coffee-machines-10-pcs\\\/\"]}]},{\"@type\":\"ImageObject\",\"inLanguage\":\"de\",\"@id\":\"https:\\\/\\\/twinpol.com\\\/product\\\/descaling-tablets-for-coffee-machines-10-pcs\\\/#primaryimage\",\"url\":\"https:\\\/\\\/twinpol.com\\\/wp-content\\\/uploads\\\/2022\\\/11\\\/FR00017.png\",\"contentUrl\":\"https:\\\/\\\/twinpol.com\\\/wp-content\\\/uploads\\\/2022\\\/11\\\/FR00017.png\",\"width\":1200,\"height\":1200},{\"@type\":\"BreadcrumbList\",\"@id\":\"https:\\\/\\\/twinpol.com\\\/product\\\/descaling-tablets-for-coffee-machines-10-pcs\\\/#breadcrumb\",\"itemListElement\":[{\"@type\":\"ListItem\",\"position\":1,\"name\":\"Home\",\"item\":\"https:\\\/\\\/twinpol.com\\\/\"},{\"@type\":\"ListItem\",\"position\":2,\"name\":\"Products\",\"item\":\"https:\\\/\\\/twinpol.com\\\/products\\\/\"},{\"@type\":\"ListItem\",\"position\":3,\"name\":\"Descaling tablets for coffe machines, 10 pcs\"}]},{\"@type\":\"WebSite\",\"@id\":\"https:\\\/\\\/twinpol.com\\\/#website\",\"url\":\"https:\\\/\\\/twinpol.com\\\/\",\"name\":\"Twinpol\",\"description\":\"Cleaning Supplies\",\"publisher\":{\"@id\":\"https:\\\/\\\/twinpol.com\\\/#organization\"},\"potentialAction\":[{\"@type\":\"SearchAction\",\"target\":{\"@type\":\"EntryPoint\",\"urlTemplate\":\"https:\\\/\\\/twinpol.com\\\/?s={search_term_string}\"},\"query-input\":{\"@type\":\"PropertyValueSpecification\",\"valueRequired\":true,\"valueName\":\"search_term_string\"}}],\"inLanguage\":\"de\"},{\"@type\":\"Organization\",\"@id\":\"https:\\\/\\\/twinpol.com\\\/#organization\",\"name\":\"Twinpol\",\"url\":\"https:\\\/\\\/twinpol.com\\\/\",\"logo\":{\"@type\":\"ImageObject\",\"inLanguage\":\"de\",\"@id\":\"https:\\\/\\\/twinpol.com\\\/#\\\/schema\\\/logo\\\/image\\\/\",\"url\":\"https:\\\/\\\/twinpol.com\\\/wp-content\\\/uploads\\\/2022\\\/10\\\/cropped-favicon.png\",\"contentUrl\":\"https:\\\/\\\/twinpol.com\\\/wp-content\\\/uploads\\\/2022\\\/10\\\/cropped-favicon.png\",\"width\":512,\"height\":512,\"caption\":\"Twinpol\"},\"image\":{\"@id\":\"https:\\\/\\\/twinpol.com\\\/#\\\/schema\\\/logo\\\/image\\\/\"}}]}<\/script>\n<!-- \/ Yoast SEO plugin. -->","yoast_head_json":{"title":"Entkalkungstabletten f\u00fcr Kaffeemaschinen, 10 St\u00fcck - TwinPol","robots":{"index":"index","follow":"follow","max-snippet":"max-snippet:-1","max-image-preview":"max-image-preview:large","max-video-preview":"max-video-preview:-1"},"canonical":"https:\/\/twinpol.com\/de\/produkt\/entkalker-tabletten-3g-10-stuck\/","og_locale":"de_DE","og_type":"article","og_title":"Descaling tablets for coffe machines, 10 pcs - TwinPol","og_description":"Descaling Tablets for Coffee Machine Descaling Tablets for Coffee Machine Home > Products > Coffe machine > Cleaning tablets >","og_url":"https:\/\/twinpol.com\/de\/produkt\/entkalker-tabletten-3g-10-stuck\/","og_site_name":"TwinPol","article_modified_time":"2023-12-04T10:59:44+00:00","og_image":[{"width":1200,"height":1200,"url":"https:\/\/twinpol.com\/wp-content\/uploads\/2022\/11\/FR00017.png","type":"image\/png"}],"twitter_card":"summary_large_image","twitter_misc":{"Gesch\u00e4tzte Lesezeit":"1\u00a0Minute"},"schema":{"@context":"https:\/\/schema.org","@graph":[{"@type":"WebPage","@id":"https:\/\/twinpol.com\/product\/descaling-tablets-for-coffee-machines-10-pcs\/","url":"https:\/\/twinpol.com\/product\/descaling-tablets-for-coffee-machines-10-pcs\/","name":"Entkalkungstabletten f\u00fcr Kaffeemaschinen, 10 St\u00fcck - TwinPol","isPartOf":{"@id":"https:\/\/twinpol.com\/#website"},"primaryImageOfPage":{"@id":"https:\/\/twinpol.com\/product\/descaling-tablets-for-coffee-machines-10-pcs\/#primaryimage"},"image":{"@id":"https:\/\/twinpol.com\/product\/descaling-tablets-for-coffee-machines-10-pcs\/#primaryimage"},"thumbnailUrl":"https:\/\/twinpol.com\/wp-content\/uploads\/2022\/11\/FR00017.png","datePublished":"2022-11-04T12:19:08+00:00","dateModified":"2023-12-04T10:59:44+00:00","breadcrumb":{"@id":"https:\/\/twinpol.com\/product\/descaling-tablets-for-coffee-machines-10-pcs\/#breadcrumb"},"inLanguage":"de","potentialAction":[{"@type":"ReadAction","target":["https:\/\/twinpol.com\/product\/descaling-tablets-for-coffee-machines-10-pcs\/"]}]},{"@type":"ImageObject","inLanguage":"de","@id":"https:\/\/twinpol.com\/product\/descaling-tablets-for-coffee-machines-10-pcs\/#primaryimage","url":"https:\/\/twinpol.com\/wp-content\/uploads\/2022\/11\/FR00017.png","contentUrl":"https:\/\/twinpol.com\/wp-content\/uploads\/2022\/11\/FR00017.png","width":1200,"height":1200},{"@type":"BreadcrumbList","@id":"https:\/\/twinpol.com\/product\/descaling-tablets-for-coffee-machines-10-pcs\/#breadcrumb","itemListElement":[{"@type":"ListItem","position":1,"name":"Home","item":"https:\/\/twinpol.com\/"},{"@type":"ListItem","position":2,"name":"Products","item":"https:\/\/twinpol.com\/products\/"},{"@type":"ListItem","position":3,"name":"Descaling tablets for coffe machines, 10 pcs"}]},{"@type":"WebSite","@id":"https:\/\/twinpol.com\/#website","url":"https:\/\/twinpol.com\/","name":"Twinpol","description":"Reinigungsmittel","publisher":{"@id":"https:\/\/twinpol.com\/#organization"},"potentialAction":[{"@type":"SearchAction","target":{"@type":"EntryPoint","urlTemplate":"https:\/\/twinpol.com\/?s={search_term_string}"},"query-input":{"@type":"PropertyValueSpecification","valueRequired":true,"valueName":"search_term_string"}}],"inLanguage":"de"},{"@type":"Organization","@id":"https:\/\/twinpol.com\/#organization","name":"Twinpol","url":"https:\/\/twinpol.com\/","logo":{"@type":"ImageObject","inLanguage":"de","@id":"https:\/\/twinpol.com\/#\/schema\/logo\/image\/","url":"https:\/\/twinpol.com\/wp-content\/uploads\/2022\/10\/cropped-favicon.png","contentUrl":"https:\/\/twinpol.com\/wp-content\/uploads\/2022\/10\/cropped-favicon.png","width":512,"height":512,"caption":"Twinpol"},"image":{"@id":"https:\/\/twinpol.com\/#\/schema\/logo\/image\/"}}]}},"_links":{"self":[{"href":"https:\/\/twinpol.com\/de\/wp-json\/wp\/v2\/product\/9242","targetHints":{"allow":["GET"]}}],"collection":[{"href":"https:\/\/twinpol.com\/de\/wp-json\/wp\/v2\/product"}],"about":[{"href":"https:\/\/twinpol.com\/de\/wp-json\/wp\/v2\/types\/product"}],"wp:featuredmedia":[{"embeddable":true,"href":"https:\/\/twinpol.com\/de\/wp-json\/wp\/v2\/media\/9528"}],"wp:attachment":[{"href":"https:\/\/twinpol.com\/de\/wp-json\/wp\/v2\/media?parent=9242"}],"wp:term":[{"taxonomy":"product_brand","embeddable":true,"href":"https:\/\/twinpol.com\/de\/wp-json\/wp\/v2\/product_brand?post=9242"},{"taxonomy":"product_cat","embeddable":true,"href":"https:\/\/twinpol.com\/de\/wp-json\/wp\/v2\/product_cat?post=9242"},{"taxonomy":"product_tag","embeddable":true,"href":"https:\/\/twinpol.com\/de\/wp-json\/wp\/v2\/product_tag?post=9242"}],"curies":[{"name":"wp","href":"https:\/\/api.w.org\/{rel}","templated":true}]}}