{"id":9243,"date":"2022-11-04T12:27:17","date_gmt":"2022-11-04T12:27:17","guid":{"rendered":"https:\/\/twinpol.mysites.io\/?post_type=product&#038;p=9243"},"modified":"2023-09-01T06:58:19","modified_gmt":"2023-09-01T06:58:19","slug":"descaling-tablets-36-pcs","status":"publish","type":"product","link":"https:\/\/twinpol.com\/de\/produkt\/entkalkungstabletten-36-pcs-3g-dose\/","title":{"rendered":"Entkalkungstabletten, 36 St\u00fcck"},"content":{"rendered":"<p><html><br \/>\n<head><br \/>\n    <meta charset=\"UTF-8\"><br \/>\n    <meta name=\"viewport\" content=\"width=device-width, initial-scale=1.0\"><br \/>\n    <meta name=\"description\" content=\"Entkalkungstabletten - Halten Sie Ihre Kaffeemaschine in Topform\"><br \/>\n    <title>Entkalkungstabletten - 36 St\u00fcck<\/title><br \/>\n<\/head><br \/>\n<body><\/p>\n<h1>Entkalkungstabletten<\/h1>\n<div class=\"breadcrumbs\">\n  <a href=\"\/de\/\">Startseite<\/a> > <a href=\"\/de\/products\/\">Produkte<\/a> > <a href=\"\/de\/product-category\/coffee-machine-cleaner\/\"> Kaffeemaschine<\/a> > <a href=\"\/de\/product-category\/tablets\/\"> Reinigungstabletten<\/a> > <a href=\"\/de\/product-category\/descalers\/\"> Entkalker <\/a> >\n<\/div>\n<h2>Effektive Entfernung von Kalkablagerungen<\/h2>\n<p>\n            Sorgen Sie mit unseren Entkalkungstabletten f\u00fcr einen reibungslosen Betrieb Ihrer Kaffeemaschine. Verabschieden Sie sich von Kalkablagerungen, die den Geschmack und die Leistung Ihrer Kaffeemaschine beeintr\u00e4chtigen k\u00f6nnen. Unsere Tabletten wurden entwickelt, um Kalk und mineralische Ablagerungen effektiv zu entfernen, damit Ihr Kaffee immer optimal schmeckt.\n        <\/p>\n<h2>Verl\u00e4ngern Sie die Lebensdauer Ihrer Maschine<\/h2>\n<p>\n            Regelm\u00e4\u00dfiges Entkalken verbessert nicht nur den Geschmack Ihres Kaffees, sondern verl\u00e4ngert auch die Lebensdauer Ihrer Kaffeemaschine. Mit unseren Entkalkungstabletten beugen Sie Verstopfungen und Sch\u00e4den durch Kalkablagerungen vor und stellen sicher, dass Ihre Investition in eine hochwertige Kaffeemaschine jahrelang h\u00e4lt.\n        <\/p>\n<h2>Vorteile<\/h2>\n<ul>\n<li>Entfernt Kalkablagerungen und Mineralien.<\/li>\n<li>Verhindert Sch\u00e4den durch Kalkablagerungen.<\/li>\n<li>Sorgt daf\u00fcr, dass Ihr Kaffee immer optimal schmeckt.<\/li>\n<li>Einfach zu benutzen<\/li>\n<\/ul>\n<\/article>\n<p><\/body><br \/>\n<\/html><\/p>","protected":false},"excerpt":{"rendered":"<p>Entkalkungstabletten - 36 St\u00fcck Entkalkungstabletten Home &gt; Produkte &gt; Kaffeemaschine &gt; Reinigungstabletten &gt; Entkalker &gt; Effektiv<\/p>","protected":false},"featured_media":20068,"template":"","meta":[],"product_brand":[],"product_cat":[338,328,323],"product_tag":[],"class_list":{"0":"post-9243","1":"product","2":"type-product","3":"status-publish","4":"has-post-thumbnail","6":"product_cat-tablets","7":"product_cat-coffee-machine-cleaner","8":"product_cat-descalers","10":"first","11":"instock","12":"shipping-taxable","13":"purchasable","14":"product-type-simple"},"yoast_head":"<!-- This site is optimized with the Yoast SEO plugin v27.4 - https:\/\/yoast.com\/product\/yoast-seo-wordpress\/ -->\n<title>Descaling tablets, 36 pcs - TwinPol<\/title>\n<meta name=\"robots\" content=\"index, follow, max-snippet:-1, max-image-preview:large, max-video-preview:-1\" \/>\n<link rel=\"canonical\" href=\"https:\/\/twinpol.com\/de\/produkt\/entkalkungstabletten-36-pcs-3g-dose\/\" \/>\n<meta property=\"og:locale\" content=\"de_DE\" \/>\n<meta property=\"og:type\" content=\"article\" \/>\n<meta property=\"og:title\" content=\"Descaling tablets, 36 pcs - TwinPol\" \/>\n<meta property=\"og:description\" content=\"Descaling Tablets &#8211; 36 pcs Descaling Tablets Home &gt; Products &gt; Coffe machine &gt; Cleaning tablets &gt; Descalers &gt; Effective\" \/>\n<meta property=\"og:url\" content=\"https:\/\/twinpol.com\/de\/produkt\/entkalkungstabletten-36-pcs-3g-dose\/\" \/>\n<meta property=\"og:site_name\" content=\"TwinPol\" \/>\n<meta property=\"article:modified_time\" content=\"2023-09-01T06:58:19+00:00\" \/>\n<meta property=\"og:image\" content=\"https:\/\/twinpol.com\/wp-content\/uploads\/2022\/11\/FR00087_36_3_Wizualizacja_www-1.png\" \/>\n\t<meta property=\"og:image:width\" content=\"800\" \/>\n\t<meta property=\"og:image:height\" content=\"800\" \/>\n\t<meta property=\"og:image:type\" content=\"image\/png\" \/>\n<meta name=\"twitter:card\" content=\"summary_large_image\" \/>\n<meta name=\"twitter:label1\" content=\"Gesch\u00e4tzte Lesezeit\" \/>\n\t<meta name=\"twitter:data1\" content=\"1\u00a0Minute\" \/>\n<script type=\"application\/ld+json\" class=\"yoast-schema-graph\">{\"@context\":\"https:\\\/\\\/schema.org\",\"@graph\":[{\"@type\":\"WebPage\",\"@id\":\"https:\\\/\\\/twinpol.com\\\/product\\\/descaling-tablets-36-pcs\\\/\",\"url\":\"https:\\\/\\\/twinpol.com\\\/product\\\/descaling-tablets-36-pcs\\\/\",\"name\":\"Descaling tablets, 36 pcs - TwinPol\",\"isPartOf\":{\"@id\":\"https:\\\/\\\/twinpol.com\\\/#website\"},\"primaryImageOfPage\":{\"@id\":\"https:\\\/\\\/twinpol.com\\\/product\\\/descaling-tablets-36-pcs\\\/#primaryimage\"},\"image\":{\"@id\":\"https:\\\/\\\/twinpol.com\\\/product\\\/descaling-tablets-36-pcs\\\/#primaryimage\"},\"thumbnailUrl\":\"https:\\\/\\\/twinpol.com\\\/wp-content\\\/uploads\\\/2022\\\/11\\\/FR00087_36_3_Wizualizacja_www-1.png\",\"datePublished\":\"2022-11-04T12:27:17+00:00\",\"dateModified\":\"2023-09-01T06:58:19+00:00\",\"breadcrumb\":{\"@id\":\"https:\\\/\\\/twinpol.com\\\/product\\\/descaling-tablets-36-pcs\\\/#breadcrumb\"},\"inLanguage\":\"de\",\"potentialAction\":[{\"@type\":\"ReadAction\",\"target\":[\"https:\\\/\\\/twinpol.com\\\/product\\\/descaling-tablets-36-pcs\\\/\"]}]},{\"@type\":\"ImageObject\",\"inLanguage\":\"de\",\"@id\":\"https:\\\/\\\/twinpol.com\\\/product\\\/descaling-tablets-36-pcs\\\/#primaryimage\",\"url\":\"https:\\\/\\\/twinpol.com\\\/wp-content\\\/uploads\\\/2022\\\/11\\\/FR00087_36_3_Wizualizacja_www-1.png\",\"contentUrl\":\"https:\\\/\\\/twinpol.com\\\/wp-content\\\/uploads\\\/2022\\\/11\\\/FR00087_36_3_Wizualizacja_www-1.png\",\"width\":800,\"height\":800},{\"@type\":\"BreadcrumbList\",\"@id\":\"https:\\\/\\\/twinpol.com\\\/product\\\/descaling-tablets-36-pcs\\\/#breadcrumb\",\"itemListElement\":[{\"@type\":\"ListItem\",\"position\":1,\"name\":\"Home\",\"item\":\"https:\\\/\\\/twinpol.com\\\/\"},{\"@type\":\"ListItem\",\"position\":2,\"name\":\"Products\",\"item\":\"https:\\\/\\\/twinpol.com\\\/products\\\/\"},{\"@type\":\"ListItem\",\"position\":3,\"name\":\"Descaling tablets, 36 pcs\"}]},{\"@type\":\"WebSite\",\"@id\":\"https:\\\/\\\/twinpol.com\\\/#website\",\"url\":\"https:\\\/\\\/twinpol.com\\\/\",\"name\":\"Twinpol\",\"description\":\"Cleaning Supplies\",\"publisher\":{\"@id\":\"https:\\\/\\\/twinpol.com\\\/#organization\"},\"potentialAction\":[{\"@type\":\"SearchAction\",\"target\":{\"@type\":\"EntryPoint\",\"urlTemplate\":\"https:\\\/\\\/twinpol.com\\\/?s={search_term_string}\"},\"query-input\":{\"@type\":\"PropertyValueSpecification\",\"valueRequired\":true,\"valueName\":\"search_term_string\"}}],\"inLanguage\":\"de\"},{\"@type\":\"Organization\",\"@id\":\"https:\\\/\\\/twinpol.com\\\/#organization\",\"name\":\"Twinpol\",\"url\":\"https:\\\/\\\/twinpol.com\\\/\",\"logo\":{\"@type\":\"ImageObject\",\"inLanguage\":\"de\",\"@id\":\"https:\\\/\\\/twinpol.com\\\/#\\\/schema\\\/logo\\\/image\\\/\",\"url\":\"https:\\\/\\\/twinpol.com\\\/wp-content\\\/uploads\\\/2022\\\/10\\\/cropped-favicon.png\",\"contentUrl\":\"https:\\\/\\\/twinpol.com\\\/wp-content\\\/uploads\\\/2022\\\/10\\\/cropped-favicon.png\",\"width\":512,\"height\":512,\"caption\":\"Twinpol\"},\"image\":{\"@id\":\"https:\\\/\\\/twinpol.com\\\/#\\\/schema\\\/logo\\\/image\\\/\"}}]}<\/script>\n<!-- \/ Yoast SEO plugin. -->","yoast_head_json":{"title":"Entkalkungstabletten, 36 St\u00fcck - TwinPol","robots":{"index":"index","follow":"follow","max-snippet":"max-snippet:-1","max-image-preview":"max-image-preview:large","max-video-preview":"max-video-preview:-1"},"canonical":"https:\/\/twinpol.com\/de\/produkt\/entkalkungstabletten-36-pcs-3g-dose\/","og_locale":"de_DE","og_type":"article","og_title":"Descaling tablets, 36 pcs - TwinPol","og_description":"Descaling Tablets &#8211; 36 pcs Descaling Tablets Home > Products > Coffe machine > Cleaning tablets > Descalers > Effective","og_url":"https:\/\/twinpol.com\/de\/produkt\/entkalkungstabletten-36-pcs-3g-dose\/","og_site_name":"TwinPol","article_modified_time":"2023-09-01T06:58:19+00:00","og_image":[{"width":800,"height":800,"url":"https:\/\/twinpol.com\/wp-content\/uploads\/2022\/11\/FR00087_36_3_Wizualizacja_www-1.png","type":"image\/png"}],"twitter_card":"summary_large_image","twitter_misc":{"Gesch\u00e4tzte Lesezeit":"1\u00a0Minute"},"schema":{"@context":"https:\/\/schema.org","@graph":[{"@type":"WebPage","@id":"https:\/\/twinpol.com\/product\/descaling-tablets-36-pcs\/","url":"https:\/\/twinpol.com\/product\/descaling-tablets-36-pcs\/","name":"Entkalkungstabletten, 36 St\u00fcck - TwinPol","isPartOf":{"@id":"https:\/\/twinpol.com\/#website"},"primaryImageOfPage":{"@id":"https:\/\/twinpol.com\/product\/descaling-tablets-36-pcs\/#primaryimage"},"image":{"@id":"https:\/\/twinpol.com\/product\/descaling-tablets-36-pcs\/#primaryimage"},"thumbnailUrl":"https:\/\/twinpol.com\/wp-content\/uploads\/2022\/11\/FR00087_36_3_Wizualizacja_www-1.png","datePublished":"2022-11-04T12:27:17+00:00","dateModified":"2023-09-01T06:58:19+00:00","breadcrumb":{"@id":"https:\/\/twinpol.com\/product\/descaling-tablets-36-pcs\/#breadcrumb"},"inLanguage":"de","potentialAction":[{"@type":"ReadAction","target":["https:\/\/twinpol.com\/product\/descaling-tablets-36-pcs\/"]}]},{"@type":"ImageObject","inLanguage":"de","@id":"https:\/\/twinpol.com\/product\/descaling-tablets-36-pcs\/#primaryimage","url":"https:\/\/twinpol.com\/wp-content\/uploads\/2022\/11\/FR00087_36_3_Wizualizacja_www-1.png","contentUrl":"https:\/\/twinpol.com\/wp-content\/uploads\/2022\/11\/FR00087_36_3_Wizualizacja_www-1.png","width":800,"height":800},{"@type":"BreadcrumbList","@id":"https:\/\/twinpol.com\/product\/descaling-tablets-36-pcs\/#breadcrumb","itemListElement":[{"@type":"ListItem","position":1,"name":"Home","item":"https:\/\/twinpol.com\/"},{"@type":"ListItem","position":2,"name":"Products","item":"https:\/\/twinpol.com\/products\/"},{"@type":"ListItem","position":3,"name":"Descaling tablets, 36 pcs"}]},{"@type":"WebSite","@id":"https:\/\/twinpol.com\/#website","url":"https:\/\/twinpol.com\/","name":"Twinpol","description":"Reinigungsmittel","publisher":{"@id":"https:\/\/twinpol.com\/#organization"},"potentialAction":[{"@type":"SearchAction","target":{"@type":"EntryPoint","urlTemplate":"https:\/\/twinpol.com\/?s={search_term_string}"},"query-input":{"@type":"PropertyValueSpecification","valueRequired":true,"valueName":"search_term_string"}}],"inLanguage":"de"},{"@type":"Organization","@id":"https:\/\/twinpol.com\/#organization","name":"Twinpol","url":"https:\/\/twinpol.com\/","logo":{"@type":"ImageObject","inLanguage":"de","@id":"https:\/\/twinpol.com\/#\/schema\/logo\/image\/","url":"https:\/\/twinpol.com\/wp-content\/uploads\/2022\/10\/cropped-favicon.png","contentUrl":"https:\/\/twinpol.com\/wp-content\/uploads\/2022\/10\/cropped-favicon.png","width":512,"height":512,"caption":"Twinpol"},"image":{"@id":"https:\/\/twinpol.com\/#\/schema\/logo\/image\/"}}]}},"_links":{"self":[{"href":"https:\/\/twinpol.com\/de\/wp-json\/wp\/v2\/product\/9243","targetHints":{"allow":["GET"]}}],"collection":[{"href":"https:\/\/twinpol.com\/de\/wp-json\/wp\/v2\/product"}],"about":[{"href":"https:\/\/twinpol.com\/de\/wp-json\/wp\/v2\/types\/product"}],"wp:featuredmedia":[{"embeddable":true,"href":"https:\/\/twinpol.com\/de\/wp-json\/wp\/v2\/media\/20068"}],"wp:attachment":[{"href":"https:\/\/twinpol.com\/de\/wp-json\/wp\/v2\/media?parent=9243"}],"wp:term":[{"taxonomy":"product_brand","embeddable":true,"href":"https:\/\/twinpol.com\/de\/wp-json\/wp\/v2\/product_brand?post=9243"},{"taxonomy":"product_cat","embeddable":true,"href":"https:\/\/twinpol.com\/de\/wp-json\/wp\/v2\/product_cat?post=9243"},{"taxonomy":"product_tag","embeddable":true,"href":"https:\/\/twinpol.com\/de\/wp-json\/wp\/v2\/product_tag?post=9243"}],"curies":[{"name":"wp","href":"https:\/\/api.w.org\/{rel}","templated":true}]}}